{"id":829,"date":"2025-06-15T07:57:07","date_gmt":"2025-06-15T05:57:07","guid":{"rendered":"https:\/\/muzeumvac.hu\/?page_id=829"},"modified":"2026-01-12T16:30:26","modified_gmt":"2026-01-12T15:30:26","slug":"ovodasoknak","status":"publish","type":"page","link":"https:\/\/muzeumvac.hu\/en\/gyerekeknek\/ovodasoknak\/","title":{"rendered":"\u00d3vod\u00e1soknak"},"content":{"rendered":"<p>[et_pb_section fb_built=&#8221;1&#8243; _builder_version=&#8221;4.27.4&#8243; _module_preset=&#8221;default&#8221; global_colors_info=&#8221;{}&#8221;][et_pb_row _builder_version=&#8221;4.27.4&#8243; _module_preset=&#8221;default&#8221; global_colors_info=&#8221;{}&#8221;][et_pb_column type=&#8221;4_4&#8243; _builder_version=&#8221;4.27.4&#8243; _module_preset=&#8221;default&#8221; global_colors_info=&#8221;{}&#8221;][et_pb_heading title=&#8221;T\u00f6rt\u00e9nelmi programjaink&#8221; _builder_version=&#8221;4.27.4&#8243; _module_preset=&#8221;default&#8221; title_level=&#8221;h2&#8243; global_colors_info=&#8221;{}&#8221;][\/et_pb_heading][\/et_pb_column][\/et_pb_row][et_pb_row column_structure=&#8221;3_5,2_5&#8243; _builder_version=&#8221;4.27.4&#8243; _module_preset=&#8221;default&#8221; global_colors_info=&#8221;{}&#8221;][et_pb_column type=&#8221;3_5&#8243; _builder_version=&#8221;4.27.4&#8243; _module_preset=&#8221;default&#8221; global_colors_info=&#8221;{}&#8221;][et_pb_heading title=&#8221;\u00c1sk\u00e1l\u00f3d\u00f3k \u2013 R\u00e9g\u00e9szeti \u00e9lm\u00e9ny\u00e1sat\u00e1s&#8221; _builder_version=&#8221;4.27.4&#8243; _module_preset=&#8221;default&#8221; title_level=&#8221;h3&#8243; locked=&#8221;off&#8221; global_colors_info=&#8221;{}&#8221;][\/et_pb_heading][et_pb_text _builder_version=&#8221;4.27.4&#8243; _module_preset=&#8221;default&#8221; custom_padding=&#8221;||0px|||&#8221; locked=&#8221;off&#8221; global_colors_info=&#8221;{}&#8221;]<\/p>\n<p>Milyen egy val\u00f3di r\u00e9g\u00e9sz \u00e9lete? Milyen kincsek hevernek a l\u00e1bunk alatt? J\u00e1t\u00e9kokkal ismertetj\u00fck meg az \u00e1sat\u00e1s r\u00e9sztvev\u0151it, a felt\u00e1r\u00e1s l\u00e9p\u00e9seit \u00e9s magunk is r\u00e9szt vehet\u00fcnk izgalmas leletek megtal\u00e1l\u00e1s\u00e1ban.<\/p>\n<p><strong>Aj\u00e1nlott \u00e9letkor:<\/strong> \u00f3vod\u00e1s kort\u00f3l \u00e1ltal\u00e1nos iskola fels\u0151ig<\/p>\n<p><strong>Id\u0151tartam:<\/strong> 60 perc<\/p>\n<p><strong>L\u00e9tsz\u00e1m:<\/strong> k\u00e9rhet\u0151 min. 10 f\u0151t\u0151l<\/p>\n<p><strong>Helysz\u00edn:<\/strong> K\u00e9k H\u00e1z \u2022 Elef\u00e1ntos H\u00e1z<\/p>\n<p><strong>\u00c1ra:<\/strong> 700 Ft\/f\u0151 + di\u00e1k bel\u00e9p\u0151<\/p>\n<p>[\/et_pb_text][et_pb_button button_url=&#8221;https:\/\/docs.google.com\/forms\/d\/e\/1FAIpQLScLP7r6xL_lMQLWbHyi_Qa2j1e4I5eg5ZcDwLkDqwN0Th7NVQ\/viewform&#8221; url_new_window=&#8221;on&#8221; button_text=&#8221;Kapcsolatfelv\u00e9tel&#8221; _builder_version=&#8221;4.27.4&#8243; _module_preset=&#8221;default&#8221; locked=&#8221;off&#8221; global_colors_info=&#8221;{}&#8221;][\/et_pb_button][\/et_pb_column][et_pb_column type=&#8221;2_5&#8243; _builder_version=&#8221;4.27.4&#8243; _module_preset=&#8221;default&#8221; global_colors_info=&#8221;{}&#8221;][et_pb_image src=&#8221;https:\/\/muzeumvac.hu\/wp-content\/uploads\/2025\/05\/szolgaltatasaink-scaled.jpg&#8221; title_text=&#8221;Szolgaltatasaink&#8221; _builder_version=&#8221;4.27.4&#8243; _module_preset=&#8221;default&#8221; locked=&#8221;off&#8221; global_colors_info=&#8221;{}&#8221;][\/et_pb_image][\/et_pb_column][\/et_pb_row][et_pb_row _builder_version=&#8221;4.27.4&#8243; _module_preset=&#8221;default&#8221; global_colors_info=&#8221;{}&#8221;][et_pb_column type=&#8221;4_4&#8243; _builder_version=&#8221;4.27.4&#8243; _module_preset=&#8221;default&#8221; global_colors_info=&#8221;{}&#8221;][et_pb_divider color=&#8221;#B3B3B3&#8243; divider_style=&#8221;dotted&#8221; divider_position=&#8221;center&#8221; divider_weight=&#8221;4px&#8221; _builder_version=&#8221;4.27.4&#8243; _module_preset=&#8221;default&#8221; max_width=&#8221;100%&#8221; locked=&#8221;off&#8221; global_colors_info=&#8221;{}&#8221;][\/et_pb_divider][\/et_pb_column][\/et_pb_row][et_pb_row column_structure=&#8221;3_5,2_5&#8243; _builder_version=&#8221;4.27.4&#8243; _module_preset=&#8221;default&#8221; global_colors_info=&#8221;{}&#8221;][et_pb_column type=&#8221;3_5&#8243; _builder_version=&#8221;4.27.4&#8243; _module_preset=&#8221;default&#8221; global_colors_info=&#8221;{}&#8221;][et_pb_heading title=&#8221;Mesters\u00e9gem c\u00edmere&#8221; _builder_version=&#8221;4.27.4&#8243; _module_preset=&#8221;default&#8221; title_level=&#8221;h3&#8243; locked=&#8221;off&#8221; global_colors_info=&#8221;{}&#8221;][\/et_pb_heading][et_pb_text _builder_version=&#8221;4.27.4&#8243; _module_preset=&#8221;default&#8221; locked=&#8221;off&#8221; global_colors_info=&#8221;{}&#8221;]<\/p>\n<p><span style=\"font-weight: 400;\">A m\u00fazeum t\u00f6rt\u00e9neti \u00e9s n\u00e9prajzi t\u00e1rgyain kereszt\u00fcl ismerj\u00fck meg k\u00fcl\u00f6nleges mes\u00e9nket \u00e9s annak h\u0151seit,\u00a0 majd ki-ki megalkothatja saj\u00e1t rajzos \u201emesters\u00e9ge c\u00edmer\u00e9t\u201d.<\/span><\/p>\n<p><strong>Aj\u00e1nlott \u00e9letkor:<\/strong> \u00f3vod\u00e1s kort\u00f3l<\/p>\n<p><strong>Id\u0151tartam:<\/strong> 40 perc<\/p>\n<p><strong>L\u00e9tsz\u00e1m:<\/strong> k\u00e9rhet\u0151 min. 10 f\u0151t\u0151l<\/p>\n<p><strong>Helysz\u00edn:<\/strong> Memento Mori Ki\u00e1ll\u00edt\u00f3hely<\/p>\n<p><strong>\u00c1ra:<\/strong> 700 Ft\/f\u0151 + di\u00e1k bel\u00e9p\u0151<\/p>\n<p>[\/et_pb_text][et_pb_button button_url=&#8221;https:\/\/docs.google.com\/forms\/d\/e\/1FAIpQLScLP7r6xL_lMQLWbHyi_Qa2j1e4I5eg5ZcDwLkDqwN0Th7NVQ\/viewform&#8221; url_new_window=&#8221;on&#8221; button_text=&#8221;Kapcsolatfelv\u00e9tel&#8221; _builder_version=&#8221;4.27.4&#8243; _module_preset=&#8221;default&#8221; locked=&#8221;off&#8221; global_colors_info=&#8221;{}&#8221;][\/et_pb_button][\/et_pb_column][et_pb_column type=&#8221;2_5&#8243; _builder_version=&#8221;4.27.4&#8243; _module_preset=&#8221;default&#8221; global_colors_info=&#8221;{}&#8221;][et_pb_image src=&#8221;https:\/\/muzeumvac.hu\/wp-content\/uploads\/2026\/01\/Mestersegem-cimere.jpg&#8221; title_text=&#8221;Mesters\u00e9gem c\u00edmere&#8221; _builder_version=&#8221;4.27.4&#8243; _module_preset=&#8221;default&#8221; global_colors_info=&#8221;{}&#8221;][\/et_pb_image][\/et_pb_column][\/et_pb_row][et_pb_row _builder_version=&#8221;4.27.4&#8243; _module_preset=&#8221;default&#8221; global_colors_info=&#8221;{}&#8221;][et_pb_column type=&#8221;4_4&#8243; _builder_version=&#8221;4.27.4&#8243; _module_preset=&#8221;default&#8221; global_colors_info=&#8221;{}&#8221;][et_pb_divider color=&#8221;#B3B3B3&#8243; divider_style=&#8221;dotted&#8221; divider_position=&#8221;center&#8221; divider_weight=&#8221;4px&#8221; _builder_version=&#8221;4.27.4&#8243; _module_preset=&#8221;default&#8221; max_width=&#8221;100%&#8221; locked=&#8221;off&#8221; global_colors_info=&#8221;{}&#8221;][\/et_pb_divider][\/et_pb_column][\/et_pb_row][et_pb_row column_structure=&#8221;3_5,2_5&#8243; _builder_version=&#8221;4.27.4&#8243; _module_preset=&#8221;default&#8221; global_colors_info=&#8221;{}&#8221;][et_pb_column type=&#8221;3_5&#8243; _builder_version=&#8221;4.27.4&#8243; _module_preset=&#8221;default&#8221; global_colors_info=&#8221;{}&#8221;][et_pb_heading title=&#8221;Kincses V\u00e1c&#8221; _builder_version=&#8221;4.27.4&#8243; _module_preset=&#8221;default&#8221; title_level=&#8221;h3&#8243; locked=&#8221;off&#8221; global_colors_info=&#8221;{}&#8221;][\/et_pb_heading][et_pb_text _builder_version=&#8221;4.27.4&#8243; _module_preset=&#8221;default&#8221; locked=&#8221;off&#8221; global_colors_info=&#8221;{}&#8221;]<\/p>\n<p><span style=\"font-weight: 400;\">Mer\u00fclj\u00fcnk el egy\u00fctt a v\u00e1ci legend\u00e1k, mes\u00e9k titkaiban, mik\u00f6zben n\u00e9h\u00e1ny k\u00fcl\u00f6nleges t\u00e1rggyal is megismerked\u00fcnk. A programon k\u00fcl\u00f6nleges pr\u00f3b\u00e1kkal tal\u00e1lj\u00e1k szembe magukat az ifj\u00fa t\u00f6rt\u00e9nelmi kalandorok, melyeket teljes\u00edtve jutalom v\u00e1rja \u0151ket a t\u00f6rt\u00e9nelmi kaland v\u00e9g\u00e9n.<\/span><\/p>\n<p><strong>Aj\u00e1nlott \u00e9letkor:<\/strong> \u00f3vod\u00e1s kort\u00f3l<\/p>\n<p><strong>Id\u0151tartam:<\/strong> 40 perc<\/p>\n<p><strong>L\u00e9tsz\u00e1m:<\/strong> k\u00e9rhet\u0151 min. 10 f\u0151t\u0151l<\/p>\n<p><strong>Helysz\u00edn:<\/strong> K\u00e9k H\u00e1z \u2022 Elef\u00e1ntos H\u00e1z Ki\u00e1ll\u00edt\u00f3hely<\/p>\n<p><strong>\u00c1ra:<\/strong> 700 Ft\/f\u0151 + di\u00e1k bel\u00e9p\u0151<\/p>\n<p>[\/et_pb_text][et_pb_button button_url=&#8221;https:\/\/docs.google.com\/forms\/d\/e\/1FAIpQLScLP7r6xL_lMQLWbHyi_Qa2j1e4I5eg5ZcDwLkDqwN0Th7NVQ\/viewform&#8221; url_new_window=&#8221;on&#8221; button_text=&#8221;Kapcsolatfelv\u00e9tel&#8221; _builder_version=&#8221;4.27.4&#8243; _module_preset=&#8221;default&#8221; locked=&#8221;off&#8221; global_colors_info=&#8221;{}&#8221;][\/et_pb_button][\/et_pb_column][et_pb_column type=&#8221;2_5&#8243; _builder_version=&#8221;4.27.4&#8243; _module_preset=&#8221;default&#8221; global_colors_info=&#8221;{}&#8221;][et_pb_image src=&#8221;https:\/\/muzeumvac.hu\/wp-content\/uploads\/2025\/12\/Kincses-vac-1.jpg&#8221; title_text=&#8221;Kincses-vac&#8221; _builder_version=&#8221;4.27.4&#8243; _module_preset=&#8221;default&#8221; global_colors_info=&#8221;{}&#8221;][\/et_pb_image][\/et_pb_column][\/et_pb_row][et_pb_row _builder_version=&#8221;4.27.4&#8243; _module_preset=&#8221;default&#8221; global_colors_info=&#8221;{}&#8221;][et_pb_column type=&#8221;4_4&#8243; _builder_version=&#8221;4.27.4&#8243; _module_preset=&#8221;default&#8221; global_colors_info=&#8221;{}&#8221;][et_pb_divider color=&#8221;#B3B3B3&#8243; divider_style=&#8221;dotted&#8221; divider_position=&#8221;center&#8221; divider_weight=&#8221;4px&#8221; _builder_version=&#8221;4.27.4&#8243; _module_preset=&#8221;default&#8221; max_width=&#8221;100%&#8221; locked=&#8221;off&#8221; global_colors_info=&#8221;{}&#8221;][\/et_pb_divider][\/et_pb_column][\/et_pb_row][et_pb_row _builder_version=&#8221;4.27.4&#8243; _module_preset=&#8221;default&#8221; global_colors_info=&#8221;{}&#8221;][et_pb_column type=&#8221;4_4&#8243; _builder_version=&#8221;4.27.4&#8243; _module_preset=&#8221;default&#8221; global_colors_info=&#8221;{}&#8221;][et_pb_heading title=&#8221;M\u0171v\u00e9szeti programjaink&#8221; _builder_version=&#8221;4.27.4&#8243; _module_preset=&#8221;default&#8221; title_level=&#8221;h2&#8243; global_colors_info=&#8221;{}&#8221;][\/et_pb_heading][\/et_pb_column][\/et_pb_row][et_pb_row column_structure=&#8221;3_5,2_5&#8243; _builder_version=&#8221;4.27.4&#8243; _module_preset=&#8221;default&#8221; global_colors_info=&#8221;{}&#8221;][et_pb_column type=&#8221;3_5&#8243; _builder_version=&#8221;4.27.4&#8243; _module_preset=&#8221;default&#8221; global_colors_info=&#8221;{}&#8221;][et_pb_heading title=&#8221;Seg\u00edts Sajdiknak! \u2013 Alkot\u00f3 program&#8221; _builder_version=&#8221;4.27.4&#8243; _module_preset=&#8221;default&#8221; title_level=&#8221;h3&#8243; global_colors_info=&#8221;{}&#8221;][\/et_pb_heading][et_pb_text _builder_version=&#8221;4.27.4&#8243; _module_preset=&#8221;default&#8221; locked=&#8221;off&#8221; global_colors_info=&#8221;{}&#8221;]<\/p>\n<p><span style=\"font-weight: 400;\">Sajdik b\u00e1csi a h\u00edres meserajzol\u00f3 nagy bajban van! Egy izgalmas mes\u00e9hez kellene id\u0151re rajzokat k\u00e9sz\u00edtenie, de valami\u00e9rt \u00e9pp nincs szipork\u00e1z\u00f3 hangulatban. Csak a gyerekek seg\u00edthetnek neki, hogy id\u0151re elk\u00e9sz\u00fclj\u00f6n a csod\u00e1s illusztr\u00e1ci\u00f3kkal.<\/span><\/p>\n<p><strong>Aj\u00e1nlott \u00e9letkor:<\/strong> \u00f3vod\u00e1s kort\u00f3l \u00e1ltal\u00e1nos iskola als\u00f3ig (a program tartalma \u00e9letkoronk\u00e9nt v\u00e1ltozik)<\/p>\n<p><strong>Id\u0151tartam:<\/strong> 60 perc<\/p>\n<p><strong>L\u00e9tsz\u00e1m:<\/strong> k\u00e9rhet\u0151 min. 10 f\u0151t\u0151l<\/p>\n<p><strong>Helysz\u00edn:<\/strong> Pannonia H\u00e1z \u2022 Sajdik Gy\u0171jtem\u00e9ny \u00e9s Ki\u00e1ll\u00edt\u00f3hely<\/p>\n<p><strong>\u00c1ra:<\/strong> 1 000 Ft\/f\u0151 + di\u00e1k bel\u00e9p\u0151<\/p>\n<p>[\/et_pb_text][et_pb_button button_url=&#8221;https:\/\/docs.google.com\/forms\/d\/e\/1FAIpQLScLP7r6xL_lMQLWbHyi_Qa2j1e4I5eg5ZcDwLkDqwN0Th7NVQ\/viewform&#8221; url_new_window=&#8221;on&#8221; button_text=&#8221;Kapcsolatfelv\u00e9tel&#8221; _builder_version=&#8221;4.27.4&#8243; _module_preset=&#8221;default&#8221; locked=&#8221;off&#8221; global_colors_info=&#8221;{}&#8221;][\/et_pb_button][\/et_pb_column][et_pb_column type=&#8221;2_5&#8243; _builder_version=&#8221;4.27.4&#8243; _module_preset=&#8221;default&#8221; global_colors_info=&#8221;{}&#8221;][et_pb_image src=&#8221;https:\/\/muzeumvac.hu\/wp-content\/uploads\/2025\/09\/segits-sajdiknak-min.jpg&#8221; title_text=&#8221;Segits Sajdiknak&#8221; _builder_version=&#8221;4.27.4&#8243; _module_preset=&#8221;default&#8221; locked=&#8221;off&#8221; global_colors_info=&#8221;{}&#8221;][\/et_pb_image][\/et_pb_column][\/et_pb_row][et_pb_row _builder_version=&#8221;4.27.4&#8243; _module_preset=&#8221;default&#8221; global_colors_info=&#8221;{}&#8221;][et_pb_column type=&#8221;4_4&#8243; _builder_version=&#8221;4.27.4&#8243; _module_preset=&#8221;default&#8221; global_colors_info=&#8221;{}&#8221;][et_pb_divider color=&#8221;#B3B3B3&#8243; divider_style=&#8221;dotted&#8221; divider_position=&#8221;center&#8221; divider_weight=&#8221;4px&#8221; _builder_version=&#8221;4.27.4&#8243; _module_preset=&#8221;default&#8221; max_width=&#8221;100%&#8221; locked=&#8221;off&#8221; global_colors_info=&#8221;{}&#8221;][\/et_pb_divider][\/et_pb_column][\/et_pb_row][et_pb_row column_structure=&#8221;3_5,2_5&#8243; _builder_version=&#8221;4.27.4&#8243; _module_preset=&#8221;default&#8221; global_colors_info=&#8221;{}&#8221;][et_pb_column type=&#8221;3_5&#8243; _builder_version=&#8221;4.27.4&#8243; _module_preset=&#8221;default&#8221; global_colors_info=&#8221;{}&#8221;][et_pb_heading title=&#8221;KreaT\u00fara \u2013 Alkot\u00f3 program&#8221; _builder_version=&#8221;4.27.4&#8243; _module_preset=&#8221;default&#8221; title_level=&#8221;h3&#8243; locked=&#8221;off&#8221; global_colors_info=&#8221;{}&#8221;][\/et_pb_heading][et_pb_text _builder_version=&#8221;4.27.4&#8243; _module_preset=&#8221;default&#8221; locked=&#8221;off&#8221; global_colors_info=&#8221;{}&#8221;]<\/p>\n<p>Engedj\u00fck szabadon kreativit\u00e1sunk, \u00e9s pr\u00f3b\u00e1ljuk ki Sajdik Ferenc egyedi technik\u00e1j\u00e1t, melynek Gomb\u00f3c Art\u00far \u00e9s a Ho-Ho horg\u00e1szt is k\u00f6sz\u00f6nhetj\u00fck! Engedj\u00fck szabadon ceruz\u00e1nk, filctollunk \u00e9s pasztell kr\u00e9t\u00e1nk! Mer\u00fclj\u00fcnk el \u00e9s alkossunk egy\u00fctt Sajdik szertelen, vid\u00e1m vil\u00e1g\u00e1ban!<\/p>\n<p><strong>Aj\u00e1nlott \u00e9letkor:<\/strong> \u00f3vod\u00e1s kort\u00f3l k\u00f6z\u00e9piskol\u00e1ig (a program tartalma \u00e9letkoronk\u00e9nt v\u00e1ltozik)<\/p>\n<p><strong>Id\u0151tartam:<\/strong> 120 perc<\/p>\n<p><strong>L\u00e9tsz\u00e1m:<\/strong> k\u00e9rhet\u0151 min. 10 f\u0151t\u0151l<\/p>\n<p><strong>Helysz\u00edn:<\/strong> Pannonia H\u00e1z \u2022 Sajdik Gy\u0171jtem\u00e9ny \u00e9s Ki\u00e1ll\u00edt\u00f3hely<\/p>\n<p><strong>\u00c1ra:<\/strong> 1 000 Ft\/f\u0151 + di\u00e1k bel\u00e9p\u0151<\/p>\n<p>[\/et_pb_text][et_pb_button button_url=&#8221;https:\/\/docs.google.com\/forms\/d\/e\/1FAIpQLScLP7r6xL_lMQLWbHyi_Qa2j1e4I5eg5ZcDwLkDqwN0Th7NVQ\/viewform&#8221; url_new_window=&#8221;on&#8221; button_text=&#8221;Kapcsolatfelv\u00e9tel&#8221; _builder_version=&#8221;4.27.4&#8243; _module_preset=&#8221;default&#8221; locked=&#8221;off&#8221; global_colors_info=&#8221;{}&#8221;][\/et_pb_button][\/et_pb_column][et_pb_column type=&#8221;2_5&#8243; _builder_version=&#8221;4.27.4&#8243; _module_preset=&#8221;default&#8221; global_colors_info=&#8221;{}&#8221;][et_pb_image src=&#8221;https:\/\/muzeumvac.hu\/wp-content\/uploads\/2025\/09\/karikatura-az-eletunk-min.jpg&#8221; title_text=&#8221;karikatura-az-eletunk-min&#8221; _builder_version=&#8221;4.27.4&#8243; _module_preset=&#8221;default&#8221; global_colors_info=&#8221;{}&#8221;][\/et_pb_image][\/et_pb_column][\/et_pb_row][et_pb_row _builder_version=&#8221;4.27.4&#8243; _module_preset=&#8221;default&#8221; global_colors_info=&#8221;{}&#8221;][et_pb_column type=&#8221;4_4&#8243; _builder_version=&#8221;4.27.4&#8243; _module_preset=&#8221;default&#8221; global_colors_info=&#8221;{}&#8221;][et_pb_icon font_icon=&#8221;&#x23;||divi||400&#8243; url=&#8221;@ET-DC@eyJkeW5hbWljIjp0cnVlLCJjb250ZW50IjoicG9zdF9saW5rX3VybF9wYWdlIiwic2V0dGluZ3MiOnsicG9zdF9pZCI6IjE5NyJ9fQ==@&#8221; align=&#8221;right&#8221; _builder_version=&#8221;4.27.4&#8243; _dynamic_attributes=&#8221;url&#8221; _module_preset=&#8221;default&#8221; global_colors_info=&#8221;{}&#8221;][\/et_pb_icon][\/et_pb_column][\/et_pb_row][\/et_pb_section]<\/p>\n","protected":false},"excerpt":{"rendered":"<p>Milyen egy val\u00f3di r\u00e9g\u00e9sz \u00e9lete? Milyen kincsek hevernek a l\u00e1bunk alatt? J\u00e1t\u00e9kokkal ismertetj\u00fck meg az \u00e1sat\u00e1s r\u00e9sztvev\u0151it, a felt\u00e1r\u00e1s l\u00e9p\u00e9seit \u00e9s magunk is r\u00e9szt vehet\u00fcnk izgalmas leletek megtal\u00e1l\u00e1s\u00e1ban. Aj\u00e1nlott \u00e9letkor: [&hellip;]<\/p>\n","protected":false},"author":1,"featured_media":0,"parent":197,"menu_order":0,"comment_status":"closed","ping_status":"closed","template":"","meta":{"_et_pb_use_builder":"on","_et_pb_old_content":"","_et_gb_content_width":"","footnotes":""},"class_list":["post-829","page","type-page","status-publish","hentry"],"yoast_head":"<!-- This site is optimized with the Yoast SEO Premium plugin v27.3 (Yoast SEO v27.3) - https:\/\/yoast.com\/product\/yoast-seo-premium-wordpress\/ -->\n<title>\u00d3vod\u00e1soknak - TRAGOR IGN\u00c1C M\u00daZEUM \u2022 V\u00c1C<\/title>\n<meta name=\"description\" content=\"Egy m\u00fazeum, ezer \u00e9lm\u00e9ny!\" \/>\n<meta name=\"robots\" content=\"index, follow, max-snippet:-1, max-image-preview:large, max-video-preview:-1\" \/>\n<link rel=\"canonical\" href=\"https:\/\/muzeumvac.hu\/en\/gyerekeknek\/ovodasoknak\/\" \/>\n<meta property=\"og:locale\" content=\"en_GB\" \/>\n<meta property=\"og:type\" content=\"article\" \/>\n<meta property=\"og:title\" content=\"\u00d3vod\u00e1soknak\" \/>\n<meta property=\"og:description\" content=\"Egy m\u00fazeum, ezer \u00e9lm\u00e9ny!\" \/>\n<meta property=\"og:url\" content=\"https:\/\/muzeumvac.hu\/en\/gyerekeknek\/ovodasoknak\/\" \/>\n<meta property=\"og:site_name\" content=\"TRAGOR IGN\u00c1C M\u00daZEUM \u2022 V\u00c1C\" \/>\n<meta property=\"article:publisher\" content=\"https:\/\/www.facebook.com\/vac.tragorignacmuzeum\" \/>\n<meta property=\"article:modified_time\" content=\"2026-01-12T15:30:26+00:00\" \/>\n<meta name=\"twitter:card\" content=\"summary_large_image\" \/>\n<meta name=\"twitter:label1\" content=\"Estimated reading time\" \/>\n\t<meta name=\"twitter:data1\" content=\"3 minutes\" \/>\n<script type=\"application\/ld+json\" class=\"yoast-schema-graph\">{\"@context\":\"https:\\\/\\\/schema.org\",\"@graph\":[{\"@type\":\"WebPage\",\"@id\":\"https:\\\/\\\/muzeumvac.hu\\\/gyerekeknek\\\/ovodasoknak\\\/\",\"url\":\"https:\\\/\\\/muzeumvac.hu\\\/gyerekeknek\\\/ovodasoknak\\\/\",\"name\":\"\u00d3vod\u00e1soknak - TRAGOR IGN\u00c1C M\u00daZEUM \u2022 V\u00c1C\",\"isPartOf\":{\"@id\":\"https:\\\/\\\/muzeumvac.hu\\\/#website\"},\"datePublished\":\"2025-06-15T05:57:07+00:00\",\"dateModified\":\"2026-01-12T15:30:26+00:00\",\"description\":\"Egy m\u00fazeum, ezer \u00e9lm\u00e9ny!\",\"breadcrumb\":{\"@id\":\"https:\\\/\\\/muzeumvac.hu\\\/gyerekeknek\\\/ovodasoknak\\\/#breadcrumb\"},\"inLanguage\":\"en-GB\",\"potentialAction\":[{\"@type\":\"ReadAction\",\"target\":[\"https:\\\/\\\/muzeumvac.hu\\\/gyerekeknek\\\/ovodasoknak\\\/\"]}]},{\"@type\":\"BreadcrumbList\",\"@id\":\"https:\\\/\\\/muzeumvac.hu\\\/gyerekeknek\\\/ovodasoknak\\\/#breadcrumb\",\"itemListElement\":[{\"@type\":\"ListItem\",\"position\":1,\"name\":\"Kezd\u0151lap\",\"item\":\"https:\\\/\\\/muzeumvac.hu\\\/\"},{\"@type\":\"ListItem\",\"position\":2,\"name\":\"Gyerekeknek\",\"item\":\"https:\\\/\\\/muzeumvac.hu\\\/gyerekeknek\\\/\"},{\"@type\":\"ListItem\",\"position\":3,\"name\":\"\u00d3vod\u00e1soknak\"}]},{\"@type\":\"WebSite\",\"@id\":\"https:\\\/\\\/muzeumvac.hu\\\/#website\",\"url\":\"https:\\\/\\\/muzeumvac.hu\\\/\",\"name\":\"TRAGOR IGN\u00c1C M\u00daZEUM \u2022 V\u00c1C\",\"description\":\"Egy m\u00fazeum, ezer \u00e9lm\u00e9ny!\",\"publisher\":{\"@id\":\"https:\\\/\\\/muzeumvac.hu\\\/#organization\"},\"potentialAction\":[{\"@type\":\"SearchAction\",\"target\":{\"@type\":\"EntryPoint\",\"urlTemplate\":\"https:\\\/\\\/muzeumvac.hu\\\/?s={search_term_string}\"},\"query-input\":{\"@type\":\"PropertyValueSpecification\",\"valueRequired\":true,\"valueName\":\"search_term_string\"}}],\"inLanguage\":\"en-GB\"},{\"@type\":\"Organization\",\"@id\":\"https:\\\/\\\/muzeumvac.hu\\\/#organization\",\"name\":\"TRAGOR IGN\u00c1C M\u00daZEUM \u2022 V\u00c1C\",\"url\":\"https:\\\/\\\/muzeumvac.hu\\\/\",\"logo\":{\"@type\":\"ImageObject\",\"inLanguage\":\"en-GB\",\"@id\":\"https:\\\/\\\/muzeumvac.hu\\\/#\\\/schema\\\/logo\\\/image\\\/\",\"url\":\"https:\\\/\\\/muzeumvac.hu\\\/wp-content\\\/uploads\\\/2025\\\/07\\\/tragor_ignac_logo.png\",\"contentUrl\":\"https:\\\/\\\/muzeumvac.hu\\\/wp-content\\\/uploads\\\/2025\\\/07\\\/tragor_ignac_logo.png\",\"width\":161,\"height\":126,\"caption\":\"TRAGOR IGN\u00c1C M\u00daZEUM \u2022 V\u00c1C\"},\"image\":{\"@id\":\"https:\\\/\\\/muzeumvac.hu\\\/#\\\/schema\\\/logo\\\/image\\\/\"},\"sameAs\":[\"https:\\\/\\\/www.facebook.com\\\/vac.tragorignacmuzeum\",\"https:\\\/\\\/www.instagram.com\\\/tragormuzeum\",\"https:\\\/\\\/www.youtube.com\\\/@TragorIgncMzeum-vac\"]}]}<\/script>\n<!-- \/ Yoast SEO Premium plugin. -->","yoast_head_json":{"title":"\u00d3vod\u00e1soknak - TRAGOR IGN\u00c1C M\u00daZEUM \u2022 V\u00c1C","description":"One museum, a thousand experiences!","robots":{"index":"index","follow":"follow","max-snippet":"max-snippet:-1","max-image-preview":"max-image-preview:large","max-video-preview":"max-video-preview:-1"},"canonical":"https:\/\/muzeumvac.hu\/en\/gyerekeknek\/ovodasoknak\/","og_locale":"en_GB","og_type":"article","og_title":"\u00d3vod\u00e1soknak","og_description":"Egy m\u00fazeum, ezer \u00e9lm\u00e9ny!","og_url":"https:\/\/muzeumvac.hu\/en\/gyerekeknek\/ovodasoknak\/","og_site_name":"TRAGOR IGN\u00c1C M\u00daZEUM \u2022 V\u00c1C","article_publisher":"https:\/\/www.facebook.com\/vac.tragorignacmuzeum","article_modified_time":"2026-01-12T15:30:26+00:00","twitter_card":"summary_large_image","twitter_misc":{"Estimated reading time":"3 minutes"},"schema":{"@context":"https:\/\/schema.org","@graph":[{"@type":"WebPage","@id":"https:\/\/muzeumvac.hu\/gyerekeknek\/ovodasoknak\/","url":"https:\/\/muzeumvac.hu\/gyerekeknek\/ovodasoknak\/","name":"\u00d3vod\u00e1soknak - TRAGOR IGN\u00c1C M\u00daZEUM \u2022 V\u00c1C","isPartOf":{"@id":"https:\/\/muzeumvac.hu\/#website"},"datePublished":"2025-06-15T05:57:07+00:00","dateModified":"2026-01-12T15:30:26+00:00","description":"One museum, a thousand experiences!","breadcrumb":{"@id":"https:\/\/muzeumvac.hu\/gyerekeknek\/ovodasoknak\/#breadcrumb"},"inLanguage":"en-GB","potentialAction":[{"@type":"ReadAction","target":["https:\/\/muzeumvac.hu\/gyerekeknek\/ovodasoknak\/"]}]},{"@type":"BreadcrumbList","@id":"https:\/\/muzeumvac.hu\/gyerekeknek\/ovodasoknak\/#breadcrumb","itemListElement":[{"@type":"ListItem","position":1,"name":"Kezd\u0151lap","item":"https:\/\/muzeumvac.hu\/"},{"@type":"ListItem","position":2,"name":"Gyerekeknek","item":"https:\/\/muzeumvac.hu\/gyerekeknek\/"},{"@type":"ListItem","position":3,"name":"\u00d3vod\u00e1soknak"}]},{"@type":"WebSite","@id":"https:\/\/muzeumvac.hu\/#website","url":"https:\/\/muzeumvac.hu\/","name":"TRAGOR IGN\u00c1C M\u00daZEUM \u2022 V\u00c1C","description":"One museum, a thousand experiences!","publisher":{"@id":"https:\/\/muzeumvac.hu\/#organization"},"potentialAction":[{"@type":"SearchAction","target":{"@type":"EntryPoint","urlTemplate":"https:\/\/muzeumvac.hu\/?s={search_term_string}"},"query-input":{"@type":"PropertyValueSpecification","valueRequired":true,"valueName":"search_term_string"}}],"inLanguage":"en-GB"},{"@type":"Organization","@id":"https:\/\/muzeumvac.hu\/#organization","name":"TRAGOR IGN\u00c1C M\u00daZEUM \u2022 V\u00c1C","url":"https:\/\/muzeumvac.hu\/","logo":{"@type":"ImageObject","inLanguage":"en-GB","@id":"https:\/\/muzeumvac.hu\/#\/schema\/logo\/image\/","url":"https:\/\/muzeumvac.hu\/wp-content\/uploads\/2025\/07\/tragor_ignac_logo.png","contentUrl":"https:\/\/muzeumvac.hu\/wp-content\/uploads\/2025\/07\/tragor_ignac_logo.png","width":161,"height":126,"caption":"TRAGOR IGN\u00c1C M\u00daZEUM \u2022 V\u00c1C"},"image":{"@id":"https:\/\/muzeumvac.hu\/#\/schema\/logo\/image\/"},"sameAs":["https:\/\/www.facebook.com\/vac.tragorignacmuzeum","https:\/\/www.instagram.com\/tragormuzeum","https:\/\/www.youtube.com\/@TragorIgncMzeum-vac"]}]}},"_links":{"self":[{"href":"https:\/\/muzeumvac.hu\/en\/wp-json\/wp\/v2\/pages\/829","targetHints":{"allow":["GET"]}}],"collection":[{"href":"https:\/\/muzeumvac.hu\/en\/wp-json\/wp\/v2\/pages"}],"about":[{"href":"https:\/\/muzeumvac.hu\/en\/wp-json\/wp\/v2\/types\/page"}],"author":[{"embeddable":true,"href":"https:\/\/muzeumvac.hu\/en\/wp-json\/wp\/v2\/users\/1"}],"replies":[{"embeddable":true,"href":"https:\/\/muzeumvac.hu\/en\/wp-json\/wp\/v2\/comments?post=829"}],"version-history":[{"count":8,"href":"https:\/\/muzeumvac.hu\/en\/wp-json\/wp\/v2\/pages\/829\/revisions"}],"predecessor-version":[{"id":5301,"href":"https:\/\/muzeumvac.hu\/en\/wp-json\/wp\/v2\/pages\/829\/revisions\/5301"}],"up":[{"embeddable":true,"href":"https:\/\/muzeumvac.hu\/en\/wp-json\/wp\/v2\/pages\/197"}],"wp:attachment":[{"href":"https:\/\/muzeumvac.hu\/en\/wp-json\/wp\/v2\/media?parent=829"}],"curies":[{"name":"wp","href":"https:\/\/api.w.org\/{rel}","templated":true}]}}