{"id":734,"date":"2025-06-13T17:28:50","date_gmt":"2025-06-13T15:28:50","guid":{"rendered":"https:\/\/muzeumvac.hu\/?page_id=734"},"modified":"2025-07-07T00:20:31","modified_gmt":"2025-07-06T22:20:31","slug":"ars-memorandi-kapuk-a-multra","status":"publish","type":"page","link":"https:\/\/muzeumvac.hu\/en\/kiallitasok\/allando-kiallitasok\/ars-memorandi-kapuk-a-multra\/","title":{"rendered":"Ars memorandi - Gates to the past"},"content":{"rendered":"<p>[et_pb_section fb_built=&#8221;1&#8243; _builder_version=&#8221;4.27.4&#8243; _module_preset=&#8221;default&#8221; global_colors_info=&#8221;{}&#8221;][et_pb_row _builder_version=&#8221;4.27.4&#8243; _module_preset=&#8221;default&#8221; global_colors_info=&#8221;{}&#8221;][et_pb_column type=&#8221;4_4&#8243; _builder_version=&#8221;4.27.4&#8243; _module_preset=&#8221;default&#8221; global_colors_info=&#8221;{}&#8221;][et_pb_image src=&#8221;https:\/\/muzeumvac.hu\/wp-content\/uploads\/2025\/06\/kapuk-a-multra-plakat_1.jpg&#8221; title_text=&#8221;kapuk a multra-plakat_1&#8243; _builder_version=&#8221;4.27.4&#8243; _module_preset=&#8221;default&#8221; global_colors_info=&#8221;{}&#8221;][\/et_pb_image][\/et_pb_column][\/et_pb_row][et_pb_row column_structure=&#8221;2_5,3_5&#8243; _builder_version=&#8221;4.27.4&#8243; _module_preset=&#8221;default&#8221; global_colors_info=&#8221;{}&#8221;][et_pb_column type=&#8221;2_5&#8243; _builder_version=&#8221;4.27.4&#8243; _module_preset=&#8221;default&#8221; global_colors_info=&#8221;{}&#8221;][et_pb_heading title=&#8221;Ars Memorandi \u2013 Kapuk a m\u00faltra&#8221; _builder_version=&#8221;4.27.4&#8243; _module_preset=&#8221;default&#8221; title_level=&#8221;h2&#8243; custom_margin=&#8221;||1px|||&#8221; global_colors_info=&#8221;{}&#8221;][\/et_pb_heading][et_pb_text _builder_version=&#8221;4.27.4&#8243; _module_preset=&#8221;default&#8221; locked=&#8221;off&#8221; global_colors_info=&#8221;{}&#8221;]<\/p>\n<p>Memento Mori \u00e9s Ars Memorandi<br \/>V\u00e1c, M\u00e1rcius 15. t\u00e9r 19.<br \/>Bej\u00e1rat a kapualj fel\u00f6l.<\/p>\n<p>[\/et_pb_text][et_pb_text _builder_version=&#8221;4.27.4&#8243; _module_preset=&#8221;default&#8221; global_colors_info=&#8221;{}&#8221;]<\/p>\n<p><strong>A v\u00e1ci F\u0151t\u00e9ren l\u00e9v\u0151 Feh\u00e9rek temploma kript\u00e1j\u00e1b\u00f3l kiker\u00fclt lelet-egy\u00fcttes az 1990-es \u00e9vek egyik legnagyobb hazai tudom\u00e1nyos szenz\u00e1ci\u00f3ja volt. A leletanyagb\u00f3l rendezett ki\u00e1ll\u00edt\u00e1s nagy l\u00e1togatotts\u00e1gnak \u00f6rvend, mind a hazai, mind a k\u00fclf\u00f6ldi l\u00e1togat\u00f3k k\u00f6r\u00e9ben. A ki\u00e1ll\u00edt\u00e1s azonban a gazdag anyagnak csak egy sz\u0171k keresztmetszet\u00e9t mutatja be.<\/strong><\/p>\n<p>[\/et_pb_text][\/et_pb_column][et_pb_column type=&#8221;3_5&#8243; _builder_version=&#8221;4.27.4&#8243; _module_preset=&#8221;default&#8221; global_colors_info=&#8221;{}&#8221;][et_pb_text _builder_version=&#8221;4.27.4&#8243; _module_preset=&#8221;default&#8221; global_colors_info=&#8221;{}&#8221;]<\/p>\n<p>A Memento Mori ki\u00e1ll\u00edt\u00e1shoz kapcsol\u00f3d\u00f3, r\u00e9szben a domonkos kripta anyag\u00e1ra alapozott \u00faj \u00e1lland\u00f3 ki\u00e1ll\u00edt\u00e1sunk d\u00f6nt\u0151en a t\u00f6r\u00f6k h\u00f3dolts\u00e1got k\u00f6vet\u0151en \u00fajratelep\u00fcl\u0151, multikultur\u00e1lis v\u00e1ros \u00e9let\u00e9t mutatja be. A kriptaleletekb\u0151l rendezett t\u00e1rlatot is befogad\u00f3 18. sz\u00e1zadi f\u0151t\u00e9ri polg\u00e1rh\u00e1zban kialak\u00edtott t\u00e9rben l\u00e9trej\u00f6tt egy korszer\u0171 v\u00e1rost\u00f6rt\u00e9neti bemutat\u00f3.<\/p>\n<p>A ki\u00e1ll\u00edt\u00e1s a t\u00f6r\u00f6k ut\u00e1ni \u00fajratelep\u00edt\u00e9st\u0151l a 18. sz\u00e1zadi t\u00e1rsadalom \u00e9s int\u00e9zm\u00e9nyrendszer kialakul\u00e1s\u00e1ig, a barokk v\u00e1ros meg\u00e9p\u00fcl\u00e9s\u00e9ig, felvir\u00e1gz\u00e1s\u00e1ig mutatja be a telep\u00fcl\u00e9s t\u00f6rt\u00e9net\u00e9t &#8211; nem els\u0151sorban az esem\u00e9nyt\u00f6rt\u00e9netre, hanem a t\u00e1rsadalomra, az \u00e9letm\u00f3dra koncentr\u00e1l\u00f3 m\u00f3don.<\/p>\n<p>A ki\u00e1ll\u00edt\u00e1s sz\u00e1mos olyan t\u00e1rgyat, egy\u00fcttest mutat be, amely m\u00e9g soha nem ker\u00fclt a nagyk\u00f6z\u00f6ns\u00e9g el\u00e9. Ilyen p\u00e9ld\u00e1ul egy t\u00f6bb gener\u00e1ci\u00f3s 18. sz\u00e1zadi v\u00e1ci fazekasm\u0171hely hatalmas anyag\u00e1nak forma- \u00e9s mot\u00edvumkincse, n\u00e9h\u00e1ny k\u00f6zelm\u00faltban restaur\u00e1lt t\u00f6rt\u00e9neti m\u0171t\u00e1rgy, \u00e9s a kriptaleletek k\u00f6z\u00fcl is beker\u00fcl sz\u00e1mos m\u00e9g ismeretlen darab. A 18. sz\u00e1zadi v\u00e1rost\u00f6rt\u00e9netet bemutat\u00f3 fejezetet \u00e1tsz\u00f6vi a domonkosok kript\u00e1j\u00e1ba temetett v\u00e1ci polg\u00e1rok t\u00e1rgyi- \u00e9s dokumentum anyaga, \u00e9let\u00fck, tev\u00e9kenys\u00e9g\u00fck felvillant\u00e1sa. A v\u00e1ros \u00e9let\u00e9t a domonkos kript\u00e1ba eltemetett polg\u00e1rai p\u00e9ld\u00e1j\u00e1n, \u00e9letutakon, sorsokon \u00e1tsz\u0171rve mutatjuk be.<\/p>\n<p>Ki\u00e1ll\u00edt\u00e1sunk kaput nyit V\u00e1c m\u00faltj\u00e1nak egyik legfontosabb id\u0151szak\u00e1ra.<\/p>\n<p>[\/et_pb_text][\/et_pb_column][\/et_pb_row][et_pb_row _builder_version=&#8221;4.27.4&#8243; _module_preset=&#8221;default&#8221; hover_enabled=&#8221;0&#8243; global_colors_info=&#8221;{}&#8221; sticky_enabled=&#8221;0&#8243;][et_pb_column type=&#8221;4_4&#8243; _builder_version=&#8221;4.27.4&#8243; _module_preset=&#8221;default&#8221; global_colors_info=&#8221;{}&#8221;][et_pb_gallery gallery_ids=&#8221;83,77,80,84&#8243; _builder_version=&#8221;4.27.4&#8243; _module_preset=&#8221;default&#8221; hover_enabled=&#8221;0&#8243; global_colors_info=&#8221;{}&#8221; show_title_and_caption=&#8221;off&#8221; sticky_enabled=&#8221;0&#8243;][\/et_pb_gallery][\/et_pb_column][\/et_pb_row][et_pb_row _builder_version=&#8221;4.27.4&#8243; _module_preset=&#8221;default&#8221; global_colors_info=&#8221;{}&#8221;][et_pb_column type=&#8221;4_4&#8243; _builder_version=&#8221;4.27.4&#8243; _module_preset=&#8221;default&#8221; global_colors_info=&#8221;{}&#8221;][et_pb_icon font_icon=&#8221;&#x23;||divi||400&#8243; url=&#8221;@ET-DC@eyJkeW5hbWljIjp0cnVlLCJjb250ZW50IjoicG9zdF9saW5rX3VybF9wYWdlIiwic2V0dGluZ3MiOnsicG9zdF9pZCI6IjcyNyJ9fQ==@&#8221; align=&#8221;right&#8221; _builder_version=&#8221;4.27.4&#8243; _dynamic_attributes=&#8221;url&#8221; _module_preset=&#8221;default&#8221; global_colors_info=&#8221;{}&#8221;][\/et_pb_icon][\/et_pb_column][\/et_pb_row][\/et_pb_section]<\/p>\n","protected":false},"excerpt":{"rendered":"<p>Memento Mori \u00e9s Ars MemorandiV\u00e1c, M\u00e1rcius 15. t\u00e9r 19.Bej\u00e1rat a kapualj fel\u00f6l.A v\u00e1ci F\u0151t\u00e9ren l\u00e9v\u0151 Feh\u00e9rek temploma kript\u00e1j\u00e1b\u00f3l kiker\u00fclt lelet-egy\u00fcttes az 1990-es \u00e9vek egyik legnagyobb hazai tudom\u00e1nyos szenz\u00e1ci\u00f3ja volt. A [&hellip;]<\/p>\n","protected":false},"author":1,"featured_media":0,"parent":727,"menu_order":0,"comment_status":"closed","ping_status":"closed","template":"","meta":{"_et_pb_use_builder":"on","_et_pb_old_content":"","_et_gb_content_width":"","footnotes":""},"class_list":["post-734","page","type-page","status-publish","hentry"],"yoast_head":"<!-- This site is optimized with the Yoast SEO Premium plugin v27.3 (Yoast SEO v27.3) - https:\/\/yoast.com\/product\/yoast-seo-premium-wordpress\/ -->\n<title>Ars Memorandi \u2013 Kapuk a m\u00faltra - TRAGOR IGN\u00c1C M\u00daZEUM \u2022 V\u00c1C<\/title>\n<meta name=\"description\" content=\"Egy m\u00fazeum, ezer \u00e9lm\u00e9ny!\" \/>\n<meta name=\"robots\" content=\"index, follow, max-snippet:-1, max-image-preview:large, max-video-preview:-1\" \/>\n<link rel=\"canonical\" href=\"https:\/\/muzeumvac.hu\/en\/kiallitasok\/allando-kiallitasok\/ars-memorandi-kapuk-a-multra\/\" \/>\n<meta property=\"og:locale\" content=\"en_GB\" \/>\n<meta property=\"og:type\" content=\"article\" \/>\n<meta property=\"og:title\" content=\"Ars Memorandi \u2013 Kapuk a m\u00faltra\" \/>\n<meta property=\"og:description\" content=\"Egy m\u00fazeum, ezer \u00e9lm\u00e9ny!\" \/>\n<meta property=\"og:url\" content=\"https:\/\/muzeumvac.hu\/en\/kiallitasok\/allando-kiallitasok\/ars-memorandi-kapuk-a-multra\/\" \/>\n<meta property=\"og:site_name\" content=\"TRAGOR IGN\u00c1C M\u00daZEUM \u2022 V\u00c1C\" \/>\n<meta property=\"article:publisher\" content=\"https:\/\/www.facebook.com\/vac.tragorignacmuzeum\" \/>\n<meta property=\"article:modified_time\" content=\"2025-07-06T22:20:31+00:00\" \/>\n<meta name=\"twitter:card\" content=\"summary_large_image\" \/>\n<meta name=\"twitter:label1\" content=\"Estimated reading time\" \/>\n\t<meta name=\"twitter:data1\" content=\"4 minutes\" \/>\n<script type=\"application\/ld+json\" class=\"yoast-schema-graph\">{\"@context\":\"https:\\\/\\\/schema.org\",\"@graph\":[{\"@type\":\"WebPage\",\"@id\":\"https:\\\/\\\/muzeumvac.hu\\\/kiallitasok\\\/allando-kiallitasok\\\/ars-memorandi-kapuk-a-multra\\\/\",\"url\":\"https:\\\/\\\/muzeumvac.hu\\\/kiallitasok\\\/allando-kiallitasok\\\/ars-memorandi-kapuk-a-multra\\\/\",\"name\":\"Ars Memorandi \u2013 Kapuk a m\u00faltra - TRAGOR IGN\u00c1C M\u00daZEUM \u2022 V\u00c1C\",\"isPartOf\":{\"@id\":\"https:\\\/\\\/muzeumvac.hu\\\/#website\"},\"datePublished\":\"2025-06-13T15:28:50+00:00\",\"dateModified\":\"2025-07-06T22:20:31+00:00\",\"description\":\"Egy m\u00fazeum, ezer \u00e9lm\u00e9ny!\",\"breadcrumb\":{\"@id\":\"https:\\\/\\\/muzeumvac.hu\\\/kiallitasok\\\/allando-kiallitasok\\\/ars-memorandi-kapuk-a-multra\\\/#breadcrumb\"},\"inLanguage\":\"en-GB\",\"potentialAction\":[{\"@type\":\"ReadAction\",\"target\":[\"https:\\\/\\\/muzeumvac.hu\\\/kiallitasok\\\/allando-kiallitasok\\\/ars-memorandi-kapuk-a-multra\\\/\"]}]},{\"@type\":\"BreadcrumbList\",\"@id\":\"https:\\\/\\\/muzeumvac.hu\\\/kiallitasok\\\/allando-kiallitasok\\\/ars-memorandi-kapuk-a-multra\\\/#breadcrumb\",\"itemListElement\":[{\"@type\":\"ListItem\",\"position\":1,\"name\":\"Kezd\u0151lap\",\"item\":\"https:\\\/\\\/muzeumvac.hu\\\/\"},{\"@type\":\"ListItem\",\"position\":2,\"name\":\"Ki\u00e1ll\u00edt\u00e1sok\",\"item\":\"https:\\\/\\\/muzeumvac.hu\\\/kiallitasok\\\/\"},{\"@type\":\"ListItem\",\"position\":3,\"name\":\"\u00c1lland\u00f3 ki\u00e1ll\u00edt\u00e1sok\",\"item\":\"https:\\\/\\\/muzeumvac.hu\\\/kiallitasok\\\/allando-kiallitasok\\\/\"},{\"@type\":\"ListItem\",\"position\":4,\"name\":\"Ars Memorandi \u2013 Kapuk a m\u00faltra\"}]},{\"@type\":\"WebSite\",\"@id\":\"https:\\\/\\\/muzeumvac.hu\\\/#website\",\"url\":\"https:\\\/\\\/muzeumvac.hu\\\/\",\"name\":\"TRAGOR IGN\u00c1C M\u00daZEUM \u2022 V\u00c1C\",\"description\":\"Egy m\u00fazeum, ezer \u00e9lm\u00e9ny!\",\"publisher\":{\"@id\":\"https:\\\/\\\/muzeumvac.hu\\\/#organization\"},\"potentialAction\":[{\"@type\":\"SearchAction\",\"target\":{\"@type\":\"EntryPoint\",\"urlTemplate\":\"https:\\\/\\\/muzeumvac.hu\\\/?s={search_term_string}\"},\"query-input\":{\"@type\":\"PropertyValueSpecification\",\"valueRequired\":true,\"valueName\":\"search_term_string\"}}],\"inLanguage\":\"en-GB\"},{\"@type\":\"Organization\",\"@id\":\"https:\\\/\\\/muzeumvac.hu\\\/#organization\",\"name\":\"TRAGOR IGN\u00c1C M\u00daZEUM \u2022 V\u00c1C\",\"url\":\"https:\\\/\\\/muzeumvac.hu\\\/\",\"logo\":{\"@type\":\"ImageObject\",\"inLanguage\":\"en-GB\",\"@id\":\"https:\\\/\\\/muzeumvac.hu\\\/#\\\/schema\\\/logo\\\/image\\\/\",\"url\":\"https:\\\/\\\/muzeumvac.hu\\\/wp-content\\\/uploads\\\/2025\\\/07\\\/tragor_ignac_logo.png\",\"contentUrl\":\"https:\\\/\\\/muzeumvac.hu\\\/wp-content\\\/uploads\\\/2025\\\/07\\\/tragor_ignac_logo.png\",\"width\":161,\"height\":126,\"caption\":\"TRAGOR IGN\u00c1C M\u00daZEUM \u2022 V\u00c1C\"},\"image\":{\"@id\":\"https:\\\/\\\/muzeumvac.hu\\\/#\\\/schema\\\/logo\\\/image\\\/\"},\"sameAs\":[\"https:\\\/\\\/www.facebook.com\\\/vac.tragorignacmuzeum\",\"https:\\\/\\\/www.instagram.com\\\/tragormuzeum\",\"https:\\\/\\\/www.youtube.com\\\/@TragorIgncMzeum-vac\"]}]}<\/script>\n<!-- \/ Yoast SEO Premium plugin. -->","yoast_head_json":{"title":"Ars Memorandi \u2013 Kapuk a m\u00faltra - TRAGOR IGN\u00c1C M\u00daZEUM \u2022 V\u00c1C","description":"One museum, a thousand experiences!","robots":{"index":"index","follow":"follow","max-snippet":"max-snippet:-1","max-image-preview":"max-image-preview:large","max-video-preview":"max-video-preview:-1"},"canonical":"https:\/\/muzeumvac.hu\/en\/kiallitasok\/allando-kiallitasok\/ars-memorandi-kapuk-a-multra\/","og_locale":"en_GB","og_type":"article","og_title":"Ars Memorandi \u2013 Kapuk a m\u00faltra","og_description":"Egy m\u00fazeum, ezer \u00e9lm\u00e9ny!","og_url":"https:\/\/muzeumvac.hu\/en\/kiallitasok\/allando-kiallitasok\/ars-memorandi-kapuk-a-multra\/","og_site_name":"TRAGOR IGN\u00c1C M\u00daZEUM \u2022 V\u00c1C","article_publisher":"https:\/\/www.facebook.com\/vac.tragorignacmuzeum","article_modified_time":"2025-07-06T22:20:31+00:00","twitter_card":"summary_large_image","twitter_misc":{"Estimated reading time":"4 minutes"},"schema":{"@context":"https:\/\/schema.org","@graph":[{"@type":"WebPage","@id":"https:\/\/muzeumvac.hu\/kiallitasok\/allando-kiallitasok\/ars-memorandi-kapuk-a-multra\/","url":"https:\/\/muzeumvac.hu\/kiallitasok\/allando-kiallitasok\/ars-memorandi-kapuk-a-multra\/","name":"Ars Memorandi \u2013 Kapuk a m\u00faltra - TRAGOR IGN\u00c1C M\u00daZEUM \u2022 V\u00c1C","isPartOf":{"@id":"https:\/\/muzeumvac.hu\/#website"},"datePublished":"2025-06-13T15:28:50+00:00","dateModified":"2025-07-06T22:20:31+00:00","description":"One museum, a thousand experiences!","breadcrumb":{"@id":"https:\/\/muzeumvac.hu\/kiallitasok\/allando-kiallitasok\/ars-memorandi-kapuk-a-multra\/#breadcrumb"},"inLanguage":"en-GB","potentialAction":[{"@type":"ReadAction","target":["https:\/\/muzeumvac.hu\/kiallitasok\/allando-kiallitasok\/ars-memorandi-kapuk-a-multra\/"]}]},{"@type":"BreadcrumbList","@id":"https:\/\/muzeumvac.hu\/kiallitasok\/allando-kiallitasok\/ars-memorandi-kapuk-a-multra\/#breadcrumb","itemListElement":[{"@type":"ListItem","position":1,"name":"Kezd\u0151lap","item":"https:\/\/muzeumvac.hu\/"},{"@type":"ListItem","position":2,"name":"Ki\u00e1ll\u00edt\u00e1sok","item":"https:\/\/muzeumvac.hu\/kiallitasok\/"},{"@type":"ListItem","position":3,"name":"\u00c1lland\u00f3 ki\u00e1ll\u00edt\u00e1sok","item":"https:\/\/muzeumvac.hu\/kiallitasok\/allando-kiallitasok\/"},{"@type":"ListItem","position":4,"name":"Ars Memorandi \u2013 Kapuk a m\u00faltra"}]},{"@type":"WebSite","@id":"https:\/\/muzeumvac.hu\/#website","url":"https:\/\/muzeumvac.hu\/","name":"TRAGOR IGN\u00c1C M\u00daZEUM \u2022 V\u00c1C","description":"One museum, a thousand experiences!","publisher":{"@id":"https:\/\/muzeumvac.hu\/#organization"},"potentialAction":[{"@type":"SearchAction","target":{"@type":"EntryPoint","urlTemplate":"https:\/\/muzeumvac.hu\/?s={search_term_string}"},"query-input":{"@type":"PropertyValueSpecification","valueRequired":true,"valueName":"search_term_string"}}],"inLanguage":"en-GB"},{"@type":"Organization","@id":"https:\/\/muzeumvac.hu\/#organization","name":"TRAGOR IGN\u00c1C M\u00daZEUM \u2022 V\u00c1C","url":"https:\/\/muzeumvac.hu\/","logo":{"@type":"ImageObject","inLanguage":"en-GB","@id":"https:\/\/muzeumvac.hu\/#\/schema\/logo\/image\/","url":"https:\/\/muzeumvac.hu\/wp-content\/uploads\/2025\/07\/tragor_ignac_logo.png","contentUrl":"https:\/\/muzeumvac.hu\/wp-content\/uploads\/2025\/07\/tragor_ignac_logo.png","width":161,"height":126,"caption":"TRAGOR IGN\u00c1C M\u00daZEUM \u2022 V\u00c1C"},"image":{"@id":"https:\/\/muzeumvac.hu\/#\/schema\/logo\/image\/"},"sameAs":["https:\/\/www.facebook.com\/vac.tragorignacmuzeum","https:\/\/www.instagram.com\/tragormuzeum","https:\/\/www.youtube.com\/@TragorIgncMzeum-vac"]}]}},"_links":{"self":[{"href":"https:\/\/muzeumvac.hu\/en\/wp-json\/wp\/v2\/pages\/734","targetHints":{"allow":["GET"]}}],"collection":[{"href":"https:\/\/muzeumvac.hu\/en\/wp-json\/wp\/v2\/pages"}],"about":[{"href":"https:\/\/muzeumvac.hu\/en\/wp-json\/wp\/v2\/types\/page"}],"author":[{"embeddable":true,"href":"https:\/\/muzeumvac.hu\/en\/wp-json\/wp\/v2\/users\/1"}],"replies":[{"embeddable":true,"href":"https:\/\/muzeumvac.hu\/en\/wp-json\/wp\/v2\/comments?post=734"}],"version-history":[{"count":0,"href":"https:\/\/muzeumvac.hu\/en\/wp-json\/wp\/v2\/pages\/734\/revisions"}],"up":[{"embeddable":true,"href":"https:\/\/muzeumvac.hu\/en\/wp-json\/wp\/v2\/pages\/727"}],"wp:attachment":[{"href":"https:\/\/muzeumvac.hu\/en\/wp-json\/wp\/v2\/media?parent=734"}],"curies":[{"name":"wp","href":"https:\/\/api.w.org\/{rel}","templated":true}]}}