{"id":727,"date":"2025-06-13T17:17:48","date_gmt":"2025-06-13T15:17:48","guid":{"rendered":"https:\/\/muzeumvac.hu\/?page_id=727"},"modified":"2026-01-27T14:19:21","modified_gmt":"2026-01-27T13:19:21","slug":"allando-kiallitasok","status":"publish","type":"page","link":"https:\/\/muzeumvac.hu\/en\/kiallitasok\/allando-kiallitasok\/","title":{"rendered":"Permanent Exhibitions"},"content":{"rendered":"<p>[et_pb_section fb_built=&#8221;1&#8243; _builder_version=&#8221;4.27.4&#8243; _module_preset=&#8221;default&#8221; global_colors_info=&#8221;{}&#8221;][et_pb_row column_structure=&#8221;1_3,1_3,1_3&#8243; use_custom_gutter=&#8221;on&#8221; gutter_width=&#8221;2&#8243; make_equal=&#8221;on&#8221; _builder_version=&#8221;4.27.4&#8243; _dynamic_attributes=&#8221;link_option_url&#8221; _module_preset=&#8221;default&#8221; custom_margin=&#8221;12px||0px||false|false&#8221; custom_padding=&#8221;0px||||false|false&#8221; link_option_url=&#8221;@ET-DC@eyJkeW5hbWljIjp0cnVlLCJjb250ZW50IjoicG9zdF9saW5rX3VybF9wYWdlIiwic2V0dGluZ3MiOnsicG9zdF9pZCI6IjMwMDIifX0=@&#8221; global_colors_info=&#8221;{}&#8221;][et_pb_column type=&#8221;1_3&#8243; _builder_version=&#8221;4.27.4&#8243; _module_preset=&#8221;default&#8221; custom_padding=&#8221;||12px||false|false&#8221; border_width_all=&#8221;1px&#8221; border_color_all=&#8221;#d6d6d6&#8243; global_colors_info=&#8221;{}&#8221;][et_pb_blurb title=&#8221;Memento Mori&#8221; url=&#8221;@ET-DC@eyJkeW5hbWljIjp0cnVlLCJjb250ZW50IjoicG9zdF9saW5rX3VybF9wYWdlIiwic2V0dGluZ3MiOnsicG9zdF9pZCI6IjExMDMifX0=@&#8221; image=&#8221;https:\/\/muzeumvac.hu\/wp-content\/uploads\/2025\/05\/kiallitasok-es-kiallitohelyek.jpg&#8221; _builder_version=&#8221;4.27.4&#8243; _dynamic_attributes=&#8221;url&#8221; _module_preset=&#8221;default&#8221; custom_padding=&#8221;12px|12px|12px|12px|false|false&#8221; animation_style=&#8221;fade&#8221; border_color_all=&#8221;#d6d6d6&#8243; global_colors_info=&#8221;{}&#8221;]<\/p>\n<p>Memento Mori \u00e9s Ars Memorandi Ki\u00e1ll\u00edt\u00f3hely<br \/>V\u00e1c, M\u00e1rcius 15. t\u00e9r 19.<\/p>\n<p>Nyitvatart\u00e1s:<br \/>Kedd \u2013 vas\u00e1rnap: 10:00-18:00<br \/>h\u00e9tf\u0151: z\u00e1rva<br \/>Bel\u00e9p\u0151jeggyel l\u00e1togathat\u00f3.<\/p>\n<p>Felbecs\u00fclhetetlen \u00e9rt\u00e9k\u0171 kult\u00fart\u00f6rt\u00e9neti kincs ker\u00fclt napvil\u00e1gra 1994-ben V\u00e1con, amikor a Domonkos templom helyre\u00e1ll\u00edt\u00e1si munk\u00e1latai sor\u00e1n a templom alatti kripta t\u00f6bb, mint 150 \u00e9vvel ezel\u0151tt elfalazott lej\u00e1rat\u00e1ra bukkantak az \u00e9p\u00edt\u0151k.<\/p>\n<p>[\/et_pb_blurb][et_pb_button button_url=&#8221;@ET-DC@eyJkeW5hbWljIjp0cnVlLCJjb250ZW50IjoicG9zdF9saW5rX3VybF9wYWdlIiwic2V0dGluZ3MiOnsicG9zdF9pZCI6IjExMDMifX0=@&#8221; button_text=&#8221;Elovasom&#8221; _builder_version=&#8221;4.27.4&#8243; _dynamic_attributes=&#8221;button_url&#8221; _module_preset=&#8221;default&#8221; custom_margin=&#8221;|||12px|false|false&#8221; global_colors_info=&#8221;{}&#8221;][\/et_pb_button][\/et_pb_column][et_pb_column type=&#8221;1_3&#8243; _builder_version=&#8221;4.27.4&#8243; _dynamic_attributes=&#8221;link_option_url&#8221; _module_preset=&#8221;default&#8221; link_option_url=&#8221;@ET-DC@eyJkeW5hbWljIjp0cnVlLCJjb250ZW50IjoicG9zdF9saW5rX3VybF9wYWdlIiwic2V0dGluZ3MiOnsicG9zdF9pZCI6IjExMjYifX0=@&#8221; border_width_all=&#8221;1px&#8221; border_color_all=&#8221;#d6d6d6&#8243; global_colors_info=&#8221;{}&#8221;][et_pb_blurb title=&#8221;Ars Memorandi \u2013 Kapuk a m\u00faltra&#8221; image=&#8221;https:\/\/muzeumvac.hu\/wp-content\/uploads\/2025\/08\/allando-ars-memorandi.jpg&#8221; _builder_version=&#8221;4.27.4&#8243; _dynamic_attributes=&#8221;link_option_url&#8221; _module_preset=&#8221;default&#8221; image_icon_custom_padding=&#8221;||||false|false&#8221; custom_margin=&#8221;0px||0px||false|false&#8221; custom_padding=&#8221;12px|12px|12px|12px|false|false&#8221; animation_style=&#8221;fade&#8221; link_option_url=&#8221;@ET-DC@eyJkeW5hbWljIjp0cnVlLCJjb250ZW50IjoicG9zdF9saW5rX3VybF9wYWdlIiwic2V0dGluZ3MiOnsicG9zdF9pZCI6IjczNCJ9fQ==@&#8221; global_colors_info=&#8221;{}&#8221;]<\/p>\n<p>Memento Mori \u00e9s Ars Memorandi Ki\u00e1ll\u00edt\u00f3hely<br \/>V\u00e1c, M\u00e1rcius 15. t\u00e9r 19.<\/p>\n<p>Nyitvatart\u00e1s:<br \/>Kedd \u2013 vas\u00e1rnap: 10:00-18:00<br \/>h\u00e9tf\u0151: z\u00e1rva<br \/>Bel\u00e9p\u0151jeggyel l\u00e1togathat\u00f3.<\/p>\n<p><span class=\"a_GcMg font-feature-liga-off font-feature-clig-off font-feature-calt-off text-decoration-none text-strikethrough-none\">M\u00fazeumunk 2015 \u00f3ta v\u00e1rja a l\u00e1togat\u00f3kat \u00e1lland\u00f3 v\u00e1rost\u00f6rt\u00e9neti ki\u00e1ll\u00edt\u00e1s\u00e1ba. V\u00e1c t\u00f6rt\u00e9net\u00e9t, a t\u00f6r\u00f6k ki\u0171z\u00e9s\u00e9t\u0151l a 19. sz\u00e1zad elej\u00e9ig mutatja be, a v\u00e1ros m\u00faltj\u00e1nak egyik legfontosabb id\u0151szak\u00e1t.<\/span><span class=\"a_GcMg font-feature-liga-off font-feature-clig-off font-feature-calt-off text-decoration-none text-strikethrough-none white-space-prewrap\"> <\/span><\/p>\n<p>[\/et_pb_blurb][et_pb_button button_url=&#8221;@ET-DC@eyJkeW5hbWljIjp0cnVlLCJjb250ZW50IjoicG9zdF9saW5rX3VybF9wYWdlIiwic2V0dGluZ3MiOnsicG9zdF9pZCI6IjczNCJ9fQ==@&#8221; button_text=&#8221;Elolvasom&#8221; _builder_version=&#8221;4.27.4&#8243; _dynamic_attributes=&#8221;button_url&#8221; _module_preset=&#8221;default&#8221; custom_margin=&#8221;12px|||12px|false|false&#8221; custom_padding=&#8221;4px||||false|false&#8221; global_colors_info=&#8221;{}&#8221;][\/et_pb_button][\/et_pb_column][et_pb_column type=&#8221;1_3&#8243; _builder_version=&#8221;4.27.4&#8243; _module_preset=&#8221;default&#8221; custom_padding=&#8221;12px|12px|12px|12px|false|false&#8221; border_width_all=&#8221;1px&#8221; border_color_all=&#8221;#d6d6d6&#8243; global_colors_info=&#8221;{}&#8221;][et_pb_blurb title=&#8221;Sajdik Gy\u0171jtem\u00e9ny&#8221; url=&#8221;@ET-DC@eyJkeW5hbWljIjp0cnVlLCJjb250ZW50IjoicG9zdF9saW5rX3VybF9wYWdlIiwic2V0dGluZ3MiOnsicG9zdF9pZCI6IjEwNTgifX0=@&#8221; image=&#8221;https:\/\/muzeumvac.hu\/wp-content\/uploads\/2025\/05\/gyujtemenyek.jpg&#8221; _builder_version=&#8221;4.27.4&#8243; _dynamic_attributes=&#8221;url&#8221; _module_preset=&#8221;default&#8221; global_colors_info=&#8221;{}&#8221;]<\/p>\n<p>Pann\u00f3nia H\u00e1z \u2022 Sajdik Gy\u0171jtem\u00e9ny<br \/>V\u00e1c, K\u00f6zt\u00e1rsas\u00e1g \u00fat 19.<\/p>\n<p>Nyitvatart\u00e1s:<br \/>Szerda \u2013 vas\u00e1rnap: 10:00-18:00<br \/>h\u00e9tf\u0151, kedd: z\u00e1rva<br \/>Bel\u00e9p\u0151jeggyel l\u00e1togathat\u00f3, kiv\u00e9ve a T\u00fcnd\u00e9rkert ki\u00e1ll\u00edt\u00e1s.<br \/>A ki\u00e1ll\u00edt\u00e1s kutyabar\u00e1t.<\/p>\n<p>Sajdik Ferenc Kossuth- \u00e9s Munk\u00e1csy-d\u00edjas grafikus, karikaturista \u00e1lland\u00f3 ki\u00e1ll\u00edt\u00e1sa a v\u00e1ros 300 \u00e9ves Pann\u00f3nia H\u00e1zban v\u00e1rja a l\u00e1togat\u00f3kat.<\/p>\n<p>[\/et_pb_blurb][et_pb_button button_url=&#8221;@ET-DC@eyJkeW5hbWljIjp0cnVlLCJjb250ZW50IjoicG9zdF9saW5rX3VybF9wYWdlIiwic2V0dGluZ3MiOnsicG9zdF9pZCI6IjEwNTgifX0=@&#8221; button_text=&#8221;Elolvasom&#8221; button_alignment=&#8221;left&#8221; _builder_version=&#8221;4.27.4&#8243; _dynamic_attributes=&#8221;button_url&#8221; _module_preset=&#8221;default&#8221; global_colors_info=&#8221;{}&#8221;][\/et_pb_button][\/et_pb_column][\/et_pb_row][et_pb_row column_structure=&#8221;1_3,1_3,1_3&#8243; use_custom_gutter=&#8221;on&#8221; gutter_width=&#8221;2&#8243; make_equal=&#8221;on&#8221; _builder_version=&#8221;4.27.4&#8243; _module_preset=&#8221;default&#8221; border_color_all=&#8221;#d6d6d6&#8243; global_colors_info=&#8221;{}&#8221;][et_pb_column type=&#8221;1_3&#8243; _builder_version=&#8221;4.27.4&#8243; _module_preset=&#8221;default&#8221; custom_padding=&#8221;12px|12px|12px|12px|false|false&#8221; border_width_all=&#8221;1px&#8221; border_color_all=&#8221;#d6d6d6&#8243; global_colors_info=&#8221;{}&#8221;][et_pb_blurb title=&#8221;T\u00fcnd\u00e9rkert&#8221; url=&#8221;@ET-DC@eyJkeW5hbWljIjp0cnVlLCJjb250ZW50IjoicG9zdF9saW5rX3VybF9wYWdlIiwic2V0dGluZ3MiOnsicG9zdF9pZCI6IjEwNTIifX0=@&#8221; image=&#8221;https:\/\/muzeumvac.hu\/wp-content\/uploads\/2025\/08\/allando-kiallitasok-vertel-andrea-tunderkertben-negyzetes.jpg&#8221; _builder_version=&#8221;4.27.4&#8243; _dynamic_attributes=&#8221;url&#8221; _module_preset=&#8221;default&#8221; global_colors_info=&#8221;{}&#8221;]<\/p>\n<p>Pann\u00f3nia H\u00e1z \u2022 Sajdik Gy\u0171jtem\u00e9ny<br \/>V\u00e1c, K\u00f6zt\u00e1rsas\u00e1g \u00fat 19.<\/p>\n<p>Nyitvatart\u00e1s:<br \/>Szerda<span> \u2013 vas\u00e1rnap: 10:00-18:00<br \/>h<\/span><span>\u00e9tf\u0151, kedd: z\u00e1rva<\/span><br \/><span>Bel\u00e9p\u0151jeggyel l\u00e1togathat\u00f3, kiv\u00e9ve a T\u00fcnd\u00e9rkert ki\u00e1ll\u00edt\u00e1s. <\/span>Nyitvatart\u00e1si id\u0151ben, bel\u00e9p\u0151jegy n\u00e9k\u00fcl l\u00e1togathat\u00f3.<\/p>\n<p>Vertel Andrea g\u00f6di keramikusm\u0171v\u00e9sz 2013-ban aj\u00e1nd\u00e9kozta V\u00e1cnak a Pann\u00f3nia H\u00e1z udvar\u00e1ban kialak\u00edtott T\u00fcnd\u00e9rkertet.<\/p>\n<p>[\/et_pb_blurb][et_pb_button button_url=&#8221;@ET-DC@eyJkeW5hbWljIjp0cnVlLCJjb250ZW50IjoicG9zdF9saW5rX3VybF9wYWdlIiwic2V0dGluZ3MiOnsicG9zdF9pZCI6IjEwNTIifX0=@&#8221; button_text=&#8221;Elolvasom&#8221; _builder_version=&#8221;4.27.4&#8243; _dynamic_attributes=&#8221;button_url&#8221; _module_preset=&#8221;default&#8221; global_colors_info=&#8221;{}&#8221;][\/et_pb_button][\/et_pb_column][et_pb_column type=&#8221;1_3&#8243; _builder_version=&#8221;4.27.4&#8243; _module_preset=&#8221;default&#8221; custom_padding=&#8221;12px|12px|12px|12px|false|false&#8221; border_width_all=&#8221;1px&#8221; border_color_all=&#8221;#d6d6d6&#8243; global_colors_info=&#8221;{}&#8221;][et_pb_blurb title=&#8221;R\u00e9g\u00e9szeti ki\u00e1ll\u00edt\u00e1s&#8221; image=&#8221;https:\/\/muzeumvac.hu\/wp-content\/uploads\/2025\/06\/szent-mihaly-altemplom-epulet.jpg&#8221; _builder_version=&#8221;4.27.4&#8243; _module_preset=&#8221;default&#8221; global_colors_info=&#8221;{}&#8221;]<\/p>\n<p>Szent Mih\u00e1ly Altemplom<br \/>V\u00e1c, M\u00e1rcius 15. t\u00e9r k\u00f6zepe<\/p>\n<p>Nyitvatart\u00e1s:<br \/>Kedd \u2013 vas\u00e1rnap: 10:00-18:00<br \/>h\u00e9tf\u0151: z\u00e1rva<br \/>Bel\u00e9p\u0151jeggyel l\u00e1togathat\u00f3.<\/p>\n<p>Jegyv\u00e1s\u00e1rl\u00e1s a Memento Mori \u00e9s Ars Memorandi Ki\u00e1ll\u00edt\u00f3hely p\u00e9nzt\u00e1r\u00e1ban.<br \/>A ki\u00e1ll\u00edt\u00e1s \u00e1prilist\u00f3l okt\u00f3ber v\u00e9g\u00e9ig l\u00e1togathat\u00f3. A t\u00e9li id\u0151szakban z\u00e1rva, csak el\u0151zetes bejelent\u00e9ssel tekinthet\u0151 meg.<\/p>\n<p>[\/et_pb_blurb][et_pb_button button_url=&#8221;@ET-DC@eyJkeW5hbWljIjp0cnVlLCJjb250ZW50IjoicG9zdF9saW5rX3VybF9wYWdlIiwic2V0dGluZ3MiOnsicG9zdF9pZCI6IjExMzYifX0=@&#8221; button_text=&#8221;Elolvasom&#8221; _builder_version=&#8221;4.27.4&#8243; _dynamic_attributes=&#8221;button_url&#8221; _module_preset=&#8221;default&#8221; global_colors_info=&#8221;{}&#8221;][\/et_pb_button][\/et_pb_column][et_pb_column type=&#8221;1_3&#8243; _builder_version=&#8221;4.27.4&#8243; _module_preset=&#8221;default&#8221; custom_padding=&#8221;12px|12px|12px|12px|false|false&#8221; border_width_all=&#8221;1px&#8221; border_color_all=&#8221;#d6d6d6&#8243; global_colors_info=&#8221;{}&#8221;][et_pb_blurb title=&#8221;Vasba \u00f6nt\u00f6tt t\u00f6rt\u00e9nelem&#8221; url=&#8221;@ET-DC@eyJkeW5hbWljIjp0cnVlLCJjb250ZW50IjoicG9zdF9saW5rX3VybF9wYWdlIiwic2V0dGluZ3MiOnsicG9zdF9pZCI6IjEwNTgifX0=@&#8221; image=&#8221;https:\/\/muzeumvac.hu\/wp-content\/uploads\/2025\/08\/latogatas-vasba-ontott-tortenelem-kiallitas-min.jpg&#8221; _builder_version=&#8221;4.27.4&#8243; _dynamic_attributes=&#8221;url&#8221; _module_preset=&#8221;default&#8221; animation_style=&#8221;fade&#8221; global_colors_info=&#8221;{}&#8221;]<\/p>\n<div class=\"et_pb_blurb_description\">\n<p><span>Pann\u00f3nia H\u00e1z \u2022 Sajdik Gy\u0171jtem\u00e9ny<br \/><\/span><span>V\u00e1c, K\u00f6zt\u00e1rsas\u00e1g \u00fat 19.<\/span><\/p>\n<p><span>Nyitvatart\u00e1s:<br \/>Szerda \u2013 vas\u00e1rnap: 10:00-18:00<br \/>h\u00e9tf\u0151, kedd: z\u00e1rva<br \/>Bel\u00e9p\u0151jeggyel l\u00e1togathat\u00f3, kiv\u00e9ve a T\u00fcnd\u00e9rkert ki\u00e1ll\u00edt\u00e1s.<\/span><\/p>\n<p><span>Berczelly Attila \u00e1lland\u00f3 ki\u00e1ll\u00edt\u00e1sa. <\/span><span style=\"font-size: 14px;\">A mag\u00e1ngy\u0171jt\u0151t\u0151l a t\u00f6bb, mint 400 t\u00e1rgyat tartalmaz\u00f3 gy\u0171jtem\u00e9ny\u00e9t 2007-ben v\u00e1s\u00e1rolta meg V\u00e1c v\u00e1rosa. Az anyag, mely kor\u00e1bban m\u00e1r Zebeg\u00e9nyben is l\u00e1that\u00f3 volt.<\/span><\/p>\n<\/div>\n<p>[\/et_pb_blurb][et_pb_button button_url=&#8221;@ET-DC@eyJkeW5hbWljIjp0cnVlLCJjb250ZW50IjoicG9zdF9saW5rX3VybF9wYWdlIiwic2V0dGluZ3MiOnsicG9zdF9pZCI6IjEwNDUifX0=@&#8221; button_text=&#8221;Elolvasom&#8221; button_alignment=&#8221;left&#8221; _builder_version=&#8221;4.27.4&#8243; _dynamic_attributes=&#8221;button_url&#8221; _module_preset=&#8221;default&#8221; global_colors_info=&#8221;{}&#8221;][\/et_pb_button][\/et_pb_column][\/et_pb_row][et_pb_row _builder_version=&#8221;4.27.4&#8243; _module_preset=&#8221;default&#8221; global_colors_info=&#8221;{}&#8221;][et_pb_column type=&#8221;4_4&#8243; _builder_version=&#8221;4.27.4&#8243; _module_preset=&#8221;default&#8221; global_colors_info=&#8221;{}&#8221;][et_pb_icon font_icon=&#8221;&#x23;||divi||400&#8243; url=&#8221;@ET-DC@eyJkeW5hbWljIjp0cnVlLCJjb250ZW50IjoicG9zdF9saW5rX3VybF9wYWdlIiwic2V0dGluZ3MiOnsicG9zdF9pZCI6IjExMSJ9fQ==@&#8221; align=&#8221;right&#8221; _builder_version=&#8221;4.27.4&#8243; _dynamic_attributes=&#8221;url&#8221; _module_preset=&#8221;default&#8221; global_colors_info=&#8221;{}&#8221;][\/et_pb_icon][\/et_pb_column][\/et_pb_row][\/et_pb_section]<\/p>\n","protected":false},"excerpt":{"rendered":"<p>Memento Mori \u00e9s Ars Memorandi Ki\u00e1ll\u00edt\u00f3helyV\u00e1c, M\u00e1rcius 15. t\u00e9r 19. Nyitvatart\u00e1s:Kedd \u2013 vas\u00e1rnap: 10:00-18:00h\u00e9tf\u0151: z\u00e1rvaBel\u00e9p\u0151jeggyel l\u00e1togathat\u00f3. Felbecs\u00fclhetetlen \u00e9rt\u00e9k\u0171 kult\u00fart\u00f6rt\u00e9neti kincs ker\u00fclt napvil\u00e1gra 1994-ben V\u00e1con, amikor a Domonkos templom helyre\u00e1ll\u00edt\u00e1si munk\u00e1latai [&hellip;]<\/p>\n","protected":false},"author":1,"featured_media":0,"parent":111,"menu_order":0,"comment_status":"closed","ping_status":"closed","template":"","meta":{"_et_pb_use_builder":"on","_et_pb_old_content":"","_et_gb_content_width":"","footnotes":""},"class_list":["post-727","page","type-page","status-publish","hentry"],"yoast_head":"<!-- This site is optimized with the Yoast SEO Premium plugin v27.3 (Yoast SEO v27.3) - https:\/\/yoast.com\/product\/yoast-seo-premium-wordpress\/ -->\n<title>\u00c1lland\u00f3 ki\u00e1ll\u00edt\u00e1sok - TRAGOR IGN\u00c1C M\u00daZEUM \u2022 V\u00c1C<\/title>\n<meta name=\"description\" content=\"Egy m\u00fazeum, ezer \u00e9lm\u00e9ny!\" \/>\n<meta name=\"robots\" content=\"index, follow, max-snippet:-1, max-image-preview:large, max-video-preview:-1\" \/>\n<link rel=\"canonical\" href=\"https:\/\/muzeumvac.hu\/en\/kiallitasok\/allando-kiallitasok\/\" \/>\n<meta property=\"og:locale\" content=\"en_GB\" \/>\n<meta property=\"og:type\" content=\"article\" \/>\n<meta property=\"og:title\" content=\"\u00c1lland\u00f3 ki\u00e1ll\u00edt\u00e1sok\" \/>\n<meta property=\"og:description\" content=\"Egy m\u00fazeum, ezer \u00e9lm\u00e9ny!\" \/>\n<meta property=\"og:url\" content=\"https:\/\/muzeumvac.hu\/en\/kiallitasok\/allando-kiallitasok\/\" \/>\n<meta property=\"og:site_name\" content=\"TRAGOR IGN\u00c1C M\u00daZEUM \u2022 V\u00c1C\" \/>\n<meta property=\"article:publisher\" content=\"https:\/\/www.facebook.com\/vac.tragorignacmuzeum\" \/>\n<meta property=\"article:modified_time\" content=\"2026-01-27T13:19:21+00:00\" \/>\n<meta name=\"twitter:card\" content=\"summary_large_image\" \/>\n<meta name=\"twitter:label1\" content=\"Estimated reading time\" \/>\n\t<meta name=\"twitter:data1\" content=\"7 minutes\" \/>\n<script type=\"application\/ld+json\" class=\"yoast-schema-graph\">{\"@context\":\"https:\\\/\\\/schema.org\",\"@graph\":[{\"@type\":\"WebPage\",\"@id\":\"https:\\\/\\\/muzeumvac.hu\\\/kiallitasok\\\/allando-kiallitasok\\\/\",\"url\":\"https:\\\/\\\/muzeumvac.hu\\\/kiallitasok\\\/allando-kiallitasok\\\/\",\"name\":\"\u00c1lland\u00f3 ki\u00e1ll\u00edt\u00e1sok - TRAGOR IGN\u00c1C M\u00daZEUM \u2022 V\u00c1C\",\"isPartOf\":{\"@id\":\"https:\\\/\\\/muzeumvac.hu\\\/#website\"},\"datePublished\":\"2025-06-13T15:17:48+00:00\",\"dateModified\":\"2026-01-27T13:19:21+00:00\",\"description\":\"Egy m\u00fazeum, ezer \u00e9lm\u00e9ny!\",\"breadcrumb\":{\"@id\":\"https:\\\/\\\/muzeumvac.hu\\\/kiallitasok\\\/allando-kiallitasok\\\/#breadcrumb\"},\"inLanguage\":\"en-GB\",\"potentialAction\":[{\"@type\":\"ReadAction\",\"target\":[\"https:\\\/\\\/muzeumvac.hu\\\/kiallitasok\\\/allando-kiallitasok\\\/\"]}]},{\"@type\":\"BreadcrumbList\",\"@id\":\"https:\\\/\\\/muzeumvac.hu\\\/kiallitasok\\\/allando-kiallitasok\\\/#breadcrumb\",\"itemListElement\":[{\"@type\":\"ListItem\",\"position\":1,\"name\":\"Kezd\u0151lap\",\"item\":\"https:\\\/\\\/muzeumvac.hu\\\/\"},{\"@type\":\"ListItem\",\"position\":2,\"name\":\"Ki\u00e1ll\u00edt\u00e1sok\",\"item\":\"https:\\\/\\\/muzeumvac.hu\\\/kiallitasok\\\/\"},{\"@type\":\"ListItem\",\"position\":3,\"name\":\"\u00c1lland\u00f3 ki\u00e1ll\u00edt\u00e1sok\"}]},{\"@type\":\"WebSite\",\"@id\":\"https:\\\/\\\/muzeumvac.hu\\\/#website\",\"url\":\"https:\\\/\\\/muzeumvac.hu\\\/\",\"name\":\"TRAGOR IGN\u00c1C M\u00daZEUM \u2022 V\u00c1C\",\"description\":\"Egy m\u00fazeum, ezer \u00e9lm\u00e9ny!\",\"publisher\":{\"@id\":\"https:\\\/\\\/muzeumvac.hu\\\/#organization\"},\"potentialAction\":[{\"@type\":\"SearchAction\",\"target\":{\"@type\":\"EntryPoint\",\"urlTemplate\":\"https:\\\/\\\/muzeumvac.hu\\\/?s={search_term_string}\"},\"query-input\":{\"@type\":\"PropertyValueSpecification\",\"valueRequired\":true,\"valueName\":\"search_term_string\"}}],\"inLanguage\":\"en-GB\"},{\"@type\":\"Organization\",\"@id\":\"https:\\\/\\\/muzeumvac.hu\\\/#organization\",\"name\":\"TRAGOR IGN\u00c1C M\u00daZEUM \u2022 V\u00c1C\",\"url\":\"https:\\\/\\\/muzeumvac.hu\\\/\",\"logo\":{\"@type\":\"ImageObject\",\"inLanguage\":\"en-GB\",\"@id\":\"https:\\\/\\\/muzeumvac.hu\\\/#\\\/schema\\\/logo\\\/image\\\/\",\"url\":\"https:\\\/\\\/muzeumvac.hu\\\/wp-content\\\/uploads\\\/2025\\\/07\\\/tragor_ignac_logo.png\",\"contentUrl\":\"https:\\\/\\\/muzeumvac.hu\\\/wp-content\\\/uploads\\\/2025\\\/07\\\/tragor_ignac_logo.png\",\"width\":161,\"height\":126,\"caption\":\"TRAGOR IGN\u00c1C M\u00daZEUM \u2022 V\u00c1C\"},\"image\":{\"@id\":\"https:\\\/\\\/muzeumvac.hu\\\/#\\\/schema\\\/logo\\\/image\\\/\"},\"sameAs\":[\"https:\\\/\\\/www.facebook.com\\\/vac.tragorignacmuzeum\",\"https:\\\/\\\/www.instagram.com\\\/tragormuzeum\",\"https:\\\/\\\/www.youtube.com\\\/@TragorIgncMzeum-vac\"]}]}<\/script>\n<!-- \/ Yoast SEO Premium plugin. -->","yoast_head_json":{"title":"\u00c1lland\u00f3 ki\u00e1ll\u00edt\u00e1sok - TRAGOR IGN\u00c1C M\u00daZEUM \u2022 V\u00c1C","description":"One museum, a thousand experiences!","robots":{"index":"index","follow":"follow","max-snippet":"max-snippet:-1","max-image-preview":"max-image-preview:large","max-video-preview":"max-video-preview:-1"},"canonical":"https:\/\/muzeumvac.hu\/en\/kiallitasok\/allando-kiallitasok\/","og_locale":"en_GB","og_type":"article","og_title":"\u00c1lland\u00f3 ki\u00e1ll\u00edt\u00e1sok","og_description":"Egy m\u00fazeum, ezer \u00e9lm\u00e9ny!","og_url":"https:\/\/muzeumvac.hu\/en\/kiallitasok\/allando-kiallitasok\/","og_site_name":"TRAGOR IGN\u00c1C M\u00daZEUM \u2022 V\u00c1C","article_publisher":"https:\/\/www.facebook.com\/vac.tragorignacmuzeum","article_modified_time":"2026-01-27T13:19:21+00:00","twitter_card":"summary_large_image","twitter_misc":{"Estimated reading time":"7 minutes"},"schema":{"@context":"https:\/\/schema.org","@graph":[{"@type":"WebPage","@id":"https:\/\/muzeumvac.hu\/kiallitasok\/allando-kiallitasok\/","url":"https:\/\/muzeumvac.hu\/kiallitasok\/allando-kiallitasok\/","name":"\u00c1lland\u00f3 ki\u00e1ll\u00edt\u00e1sok - TRAGOR IGN\u00c1C M\u00daZEUM \u2022 V\u00c1C","isPartOf":{"@id":"https:\/\/muzeumvac.hu\/#website"},"datePublished":"2025-06-13T15:17:48+00:00","dateModified":"2026-01-27T13:19:21+00:00","description":"One museum, a thousand experiences!","breadcrumb":{"@id":"https:\/\/muzeumvac.hu\/kiallitasok\/allando-kiallitasok\/#breadcrumb"},"inLanguage":"en-GB","potentialAction":[{"@type":"ReadAction","target":["https:\/\/muzeumvac.hu\/kiallitasok\/allando-kiallitasok\/"]}]},{"@type":"BreadcrumbList","@id":"https:\/\/muzeumvac.hu\/kiallitasok\/allando-kiallitasok\/#breadcrumb","itemListElement":[{"@type":"ListItem","position":1,"name":"Kezd\u0151lap","item":"https:\/\/muzeumvac.hu\/"},{"@type":"ListItem","position":2,"name":"Ki\u00e1ll\u00edt\u00e1sok","item":"https:\/\/muzeumvac.hu\/kiallitasok\/"},{"@type":"ListItem","position":3,"name":"\u00c1lland\u00f3 ki\u00e1ll\u00edt\u00e1sok"}]},{"@type":"WebSite","@id":"https:\/\/muzeumvac.hu\/#website","url":"https:\/\/muzeumvac.hu\/","name":"TRAGOR IGN\u00c1C M\u00daZEUM \u2022 V\u00c1C","description":"One museum, a thousand experiences!","publisher":{"@id":"https:\/\/muzeumvac.hu\/#organization"},"potentialAction":[{"@type":"SearchAction","target":{"@type":"EntryPoint","urlTemplate":"https:\/\/muzeumvac.hu\/?s={search_term_string}"},"query-input":{"@type":"PropertyValueSpecification","valueRequired":true,"valueName":"search_term_string"}}],"inLanguage":"en-GB"},{"@type":"Organization","@id":"https:\/\/muzeumvac.hu\/#organization","name":"TRAGOR IGN\u00c1C M\u00daZEUM \u2022 V\u00c1C","url":"https:\/\/muzeumvac.hu\/","logo":{"@type":"ImageObject","inLanguage":"en-GB","@id":"https:\/\/muzeumvac.hu\/#\/schema\/logo\/image\/","url":"https:\/\/muzeumvac.hu\/wp-content\/uploads\/2025\/07\/tragor_ignac_logo.png","contentUrl":"https:\/\/muzeumvac.hu\/wp-content\/uploads\/2025\/07\/tragor_ignac_logo.png","width":161,"height":126,"caption":"TRAGOR IGN\u00c1C M\u00daZEUM \u2022 V\u00c1C"},"image":{"@id":"https:\/\/muzeumvac.hu\/#\/schema\/logo\/image\/"},"sameAs":["https:\/\/www.facebook.com\/vac.tragorignacmuzeum","https:\/\/www.instagram.com\/tragormuzeum","https:\/\/www.youtube.com\/@TragorIgncMzeum-vac"]}]}},"_links":{"self":[{"href":"https:\/\/muzeumvac.hu\/en\/wp-json\/wp\/v2\/pages\/727","targetHints":{"allow":["GET"]}}],"collection":[{"href":"https:\/\/muzeumvac.hu\/en\/wp-json\/wp\/v2\/pages"}],"about":[{"href":"https:\/\/muzeumvac.hu\/en\/wp-json\/wp\/v2\/types\/page"}],"author":[{"embeddable":true,"href":"https:\/\/muzeumvac.hu\/en\/wp-json\/wp\/v2\/users\/1"}],"replies":[{"embeddable":true,"href":"https:\/\/muzeumvac.hu\/en\/wp-json\/wp\/v2\/comments?post=727"}],"version-history":[{"count":1,"href":"https:\/\/muzeumvac.hu\/en\/wp-json\/wp\/v2\/pages\/727\/revisions"}],"predecessor-version":[{"id":5761,"href":"https:\/\/muzeumvac.hu\/en\/wp-json\/wp\/v2\/pages\/727\/revisions\/5761"}],"up":[{"embeddable":true,"href":"https:\/\/muzeumvac.hu\/en\/wp-json\/wp\/v2\/pages\/111"}],"wp:attachment":[{"href":"https:\/\/muzeumvac.hu\/en\/wp-json\/wp\/v2\/media?parent=727"}],"curies":[{"name":"wp","href":"https:\/\/api.w.org\/{rel}","templated":true}]}}