{"id":655,"date":"2025-06-12T20:20:40","date_gmt":"2025-06-12T18:20:40","guid":{"rendered":"https:\/\/muzeumvac.hu\/?page_id=655"},"modified":"2025-08-13T08:09:57","modified_gmt":"2025-08-13T06:09:57","slug":"korok-lakomai-tortenelmi-gasztroshow","status":"publish","type":"page","link":"https:\/\/muzeumvac.hu\/en\/korok-lakomai-tortenelmi-gasztroshow\/","title":{"rendered":"Korok lakom\u00e1i &#8211; T\u00f6rt\u00e9nelmi gasztroshow"},"content":{"rendered":"\n[et_pb_section fb_built=&#8221;1&#8243; _builder_version=&#8221;4.27.4&#8243; _module_preset=&#8221;default&#8221; global_colors_info=&#8221;{}&#8221;][et_pb_row _builder_version=&#8221;4.27.4&#8243; _module_preset=&#8221;default&#8221; global_colors_info=&#8221;{}&#8221;][et_pb_column type=&#8221;4_4&#8243; _builder_version=&#8221;4.27.4&#8243; _module_preset=&#8221;default&#8221; global_colors_info=&#8221;{}&#8221;][et_pb_image src=&#8221;https:\/\/muzeumvac.hu\/wp-content\/uploads\/2025\/06\/korok-lakomai-programkep.jpg&#8221; title_text=&#8221;korok-lakomai-programkep&#8221; align=&#8221;center&#8221; force_fullwidth=&#8221;on&#8221; _builder_version=&#8221;4.27.4&#8243; _module_preset=&#8221;default&#8221; global_colors_info=&#8221;{}&#8221;][\/et_pb_image][\/et_pb_column][\/et_pb_row][et_pb_row column_structure=&#8221;2_5,3_5&#8243; _builder_version=&#8221;4.27.4&#8243; _module_preset=&#8221;default&#8221; min_height=&#8221;1410.1px&#8221; custom_margin=&#8221;|auto|-22px|auto||&#8221; custom_padding=&#8221;4px||4px|||&#8221; global_colors_info=&#8221;{}&#8221;][et_pb_column type=&#8221;2_5&#8243; _builder_version=&#8221;4.27.4&#8243; _module_preset=&#8221;default&#8221; global_colors_info=&#8221;{}&#8221;][et_pb_heading title=&#8221;Korok lakom\u00e1i &#8211; T\u00f6rt\u00e9nelmi gasztroshow&#8221; _builder_version=&#8221;4.27.4&#8243; _module_preset=&#8221;default&#8221; global_colors_info=&#8221;{}&#8221;][\/et_pb_heading][et_pb_button button_url=&#8221;https:\/\/cooltix.hu\/event\/67bc21c2b3b0820c2f03c146&#8243; url_new_window=&#8221;on&#8221; button_text=&#8221;Jegyet veszek&#8221; _builder_version=&#8221;4.27.4&#8243; _module_preset=&#8221;default&#8221; global_colors_info=&#8221;{}&#8221;][\/et_pb_button][\/et_pb_column][et_pb_column type=&#8221;3_5&#8243; _builder_version=&#8221;4.27.4&#8243; _module_preset=&#8221;default&#8221; global_colors_info=&#8221;{}&#8221;][et_pb_text _builder_version=&#8221;4.27.4&#8243; _module_preset=&#8221;default&#8221; custom_margin=&#8221;||30px|||&#8221; global_colors_info=&#8221;{}&#8221;]<p>Gyere vel\u00fcnk egy gasztro-id\u0151utaz\u00e1sra, ahol v\u00e9gigkalauzolunk a k\u00f6z\u00e9pkor rusztikus \u00e9teleit\u0151l eg\u00e9szen a 19.sz\u00e1zad kifinomult \u00edzvil\u00e1g\u00e1ig.<\/p>\n<p>Az esem\u00e9nysorozat sor\u00e1n a k\u00f6z\u00e9pkort\u00f3l a 19. sz\u00e1zadig kalauzoljuk a r\u00e9sztvev\u0151ket:\u00a0a korszakra jellemz\u0151 autentikus fog\u00e1sokat, a Tragor Ign\u00e1c M\u00fazeum szakmai t\u00e1mogat\u00e1s\u00e1val \u00e9s a Farm \u00c9telm\u0171hely elhivatott csapat\u00e1val egy\u00fctt alkottuk meg.<\/p>[\/et_pb_text][et_pb_text _builder_version=&#8221;4.27.4&#8243; _module_preset=&#8221;default&#8221; global_colors_info=&#8221;{}&#8221;]<p>Koszt\u00fcm\u00f6s el\u0151ad\u00f3m\u0171v\u00e9szek: N\u00e9meth \u00c1d\u00e1m a Tragor Ign\u00e1c M\u00fazeum m\u00fazeumpedag\u00f3gusa \u00e9s Sz\u00e9kely N\u00f3ra.<\/p>\n<p>A vacsor\u00e1r\u00f3l a Farm \u00c9telm\u0171hely, a fog\u00e1sok zamat\u00e1val harmoniz\u00e1l\u00f3 borokr\u00f3l a Lingvay Pinc\u00e9szet gondoskodik.<\/p>\n<ul>\n<li>Id\u0151pont: m\u00e1jus 10. \u00e9s j\u00fanius 14. 18.00 &#8211; 21:00<\/li>\n<li>Helysz\u00edn: V\u00e1c, Adull\u00e1m K\u00e1v\u00e9z\u00f3<\/li>\n<li>C\u00edm: V\u00e1c, M\u00e1rcius 15. t\u00e9r 8.<\/li>\n<li>\u00c1ra: 27.500 Ft\/f\u0151, ami tartalmaz 4 fog\u00e1st, 4 poh\u00e1r hozz\u00e1 ill\u0151 bor koszt\u00fcm\u00f6s el\u0151ad\u00e1ssal<\/li>\n<li>Jegyv\u00e1s\u00e1rl\u00e1s hat\u00e1rid\u0151: J\u00fanius 14.<\/li>\n<\/ul>\n<p>A Korok lakom\u00e1i esem\u00e9nyt a Tragor Ign\u00e1c M\u00fazeum, a Farm \u00c9telm\u0171hely k\u00f6z\u00f6sen \u00e1lmodta meg \u00e9s val\u00f3s\u00edtja meg \u2013 m\u00faltid\u00e9z\u00e9s, \u00edzek \u00e9s \u00e9lm\u00e9nyek egy k\u00fcl\u00f6nleges est\u00e9n.<\/p>[\/et_pb_text][et_pb_text _builder_version=&#8221;4.27.4&#8243; _module_preset=&#8221;default&#8221; global_colors_info=&#8221;{}&#8221;]<p>Az est \u00e1llom\u00e1sai<\/p>\n<p><strong>K\u00d6Z\u00c9PKOR<br \/><\/strong><em>Dunai F\u00fcst\u00f6lt Halragu Leves<\/em><\/p>\n<p>A f\u00fcst\u00f6l\u00e9s, mint tart\u00f3s\u00edt\u00e1si elj\u00e1r\u00e1s, m\u00e1r a k\u00f6z\u00e9pkorban is n\u00e9pszer\u0171 volt, nem mell\u00e9kes, hogy az \u00edgy feldogozott hal extra \u00edz\u00e9lm\u00e9nyt ny\u00fajt a f\u0151z\u00e9s sor\u00e1n. Ez a tejsz\u00ednnel, p\u00f3r\u00e9hagym\u00e1val, met\u00e9l\u0151hagym\u00e1val k\u00e9sz\u00fclt \u00e9tel egy mai asztalon is meg\u00e1lln\u00e1 a hely\u00e9t. A k\u00f6z\u00e9pkorban m\u00e9g a v\u00e1ci hal\u00e1szok h\u00e1l\u00f3j\u00e1ban is megtal\u00e1lhat\u00f3 volt ez a ma m\u00e1r Skandin\u00e1vi\u00e1hoz k\u00f6t\u00f6tt hal. A nyers hal, mellett f\u00fcst\u00f6lt lazach\u00fast is haszn\u00e1lunk az elk\u00e9sz\u00edt\u00e9shez, mit egyf\u00e9le f\u0171szert, amit s\u00e1rga \u00e9s feh\u00e9rr\u00e9p\u00e1val tett\u00fck m\u00e9g gazdagabb\u00e1.<\/p>\n<p><strong>RENESZ\u00c1NSZ<\/strong><br \/><em>\u2018K\u00e1rp\u00e1ti S\u00e1fr\u00e1nyos&#8217; Sz\u00e1rnyas Ny\u00e1rs Szalonn\u00e1ba G\u00f6ngy\u00f6lve Term\u00e9szetes Kov\u00e1sszal K\u00e9sz\u00fclt Keny\u00e9rrel<\/em><\/p>\n<p>A renesz\u00e1nsz lakom\u00e1k elengedhetetlen fog\u00e1sai k\u00f6z\u00f6tt voltak a ny\u00e1rson k\u00e9sz\u00edtett \u00e9telek. Magyaros elk\u00e9sz\u00edt\u00e9si m\u00f3dnak sz\u00e1m\u00edtott a szalonn\u00e1val, hagym\u00e1val k\u00e9sz\u00edtett \u00e9tel, aminek eml\u00e9ket \u00e1ll\u00edtva k\u00e9sz\u00edtett\u00fck, ezt a ny\u00e1rsat, bacon szalonn\u00e1ba g\u00f6ngy\u00f6lt sz\u00e1rnyas h\u00fasb\u00f3l \u00e9s hagym\u00e1b\u00f3l. A f\u0171szerez\u00e9shez haszn\u00e1lt s\u00e1fr\u00e1ny, ma luxusf\u0171szernek sz\u00e1m\u00edt, viszont a k\u00f6z\u00e9pkorban a v\u00e1ci jobb\u00e1gytelkek jellemz\u0151 f\u0171szere volt \u00e9s az eg\u00e9sz orsz\u00e1gban nagy mennyis\u00e9gben termesztett\u00e9k. Saj\u00e1t fajt\u00e1kkal is b\u00fcszk\u00e9lkedhet\u00fcnk, amelyek k\u00f6z\u00f6tt az egyik a K\u00e1rp\u00e1ti s\u00e1fr\u00e1ny.<\/p>\n<p><strong>BAROKK<\/strong><br \/><em>V\u00f6r\u00f6sborban P\u00e1rolt Marha Poivrade M\u00e1rt\u00e1sban Zeller P\u00fcr\u00e9vel Vajban Futatott Bors\u00f3val \u00e9s R\u00e9p\u00e1val<\/em><\/p>\n<p>A \u201cPoivrade M\u00e1rt\u00e1s\u201d k\u00f6z\u00e9pkori eredet\u0171, de m\u00e9g a barokk korban sem vesz\u00edtett n\u00e9pszer\u0171s\u00e9g\u00e9b\u0151l. Ez a v\u00f6r\u00f6sbor alap\u00fa m\u00e1rt\u00e1s egyik el\u0151dje a klasszikus francia konyha alapm\u00e1rt\u00e1sai k\u00f6z\u00fcl az \u201cEspagnole\u201d-nak. Ahogy a neve is mutatja egy borsos, v\u00f6r\u00f6sbor alap\u00fa h\u00fasok jelleg\u00e9t j\u00f3l kieg\u00e9sz\u00edt\u0151 m\u00e1rt\u00e1s. Mivel M\u00e1ria Ter\u00e9zia kedvelte a francia konyh\u00e1t, a Poivrade M\u00e1rt\u00e1ssal t\u00e1lalt \u00e9telek biztosan megfordultak Migazzi p\u00fcsp\u00f6k asztal\u00e1n, amikor az uralkod\u00f3n\u0151 l\u00e1togat\u00e1st tett V\u00e1con 1764-ben.<\/p>\n<p><strong>19. SZ\u00c1ZAD<\/strong><br \/><em>Kossuth-Keny\u00e9r K\u00e1v\u00e9kr\u00e9mmel \u00e9s Kand\u00edrozott Di\u00f3val<\/em><\/p>\n<p>A Kossuth-keny\u00e9r, ami Palugyay Jakab Z\u00f6ld fogad\u00f3j\u00e1b\u00f3l indulhatott h\u00f3d\u00edt\u00f3 \u00fatj\u00e1ra. Kossuth Lajos j\u00f3 bar\u00e1tja volt a vend\u00e9gl\u0151snek, gyakran l\u00e1togatta a helyet, \u00edgy tal\u00e1n ez\u00e9rt is nevezhett\u00e9k el r\u00f3la ezt a kaka\u00f3s-di\u00f3s pisk\u00f3taszer\u0171 desszertet. Id\u0151vel egy\u00e9bk\u00e9nt olyannyira elh\u00edres\u00fclt, hogy a kor jellegzetes \u00e9dess\u00e9g\u00e9v\u00e9 v\u00e1lt, r\u00e1ad\u00e1sul m\u00e9g a Pilvaxban is felszolg\u00e1lt\u00e1k k\u00e1v\u00e9 mell\u00e9. Elk\u00e9pzelhet\u0151, hogy ezzel is kedveskedhettek V\u00e1con Kossuth Lajosnak az els\u0151 magyar vas\u00fatvonal megnyit\u00f3 \u00fcnneps\u00e9g\u00e9n 1846-ban.<\/p>[\/et_pb_text][\/et_pb_column][\/et_pb_row][et_pb_row _builder_version=&#8221;4.27.4&#8243; _module_preset=&#8221;default&#8221;][et_pb_column _builder_version=&#8221;4.27.4&#8243; _module_preset=&#8221;default&#8221; type=&#8221;4_4&#8243;][et_pb_icon _builder_version=&#8221;4.27.4&#8243; _module_preset=&#8221;default&#8221; font_icon=&#8221;&#x23;||divi||400&#8243; hover_enabled=&#8221;0&#8243; sticky_enabled=&#8221;0&#8243; align=&#8221;right&#8221; url=&#8221;@ET-DC@eyJkeW5hbWljIjp0cnVlLCJjb250ZW50IjoicG9zdF9saW5rX3VybF9wYWdlIiwic2V0dGluZ3MiOnsicG9zdF9pZCI6IjY4NCJ9fQ==@&#8221; _dynamic_attributes=&#8221;url&#8221;][\/et_pb_icon][\/et_pb_column][\/et_pb_row][\/et_pb_section]\n","protected":false},"excerpt":{"rendered":"<p>Gyere vel\u00fcnk egy gasztro-id\u0151utaz\u00e1sra, ahol v\u00e9gigkalauzolunk a k\u00f6z\u00e9pkor rusztikus \u00e9teleit\u0151l eg\u00e9szen a 19.sz\u00e1zad kifinomult \u00edzvil\u00e1g\u00e1ig. Az esem\u00e9nysorozat sor\u00e1n a k\u00f6z\u00e9pkort\u00f3l a 19. sz\u00e1zadig kalauzoljuk a r\u00e9sztvev\u0151ket:\u00a0a korszakra jellemz\u0151 autentikus fog\u00e1sokat, [&hellip;]<\/p>\n","protected":false},"author":1,"featured_media":0,"parent":0,"menu_order":0,"comment_status":"closed","ping_status":"closed","template":"","meta":{"_et_pb_use_builder":"on","_et_pb_old_content":"","_et_gb_content_width":"","footnotes":""},"class_list":["post-655","page","type-page","status-publish","hentry"],"yoast_head":"<!-- This site is optimized with the Yoast SEO Premium plugin v27.4 (Yoast SEO v27.4) - https:\/\/yoast.com\/product\/yoast-seo-premium-wordpress\/ -->\n<title>Korok lakom\u00e1i - T\u00f6rt\u00e9nelmi gasztroshow - TRAGOR IGN\u00c1C M\u00daZEUM \u2022 V\u00c1C<\/title>\n<meta name=\"description\" content=\"Egy m\u00fazeum, ezer \u00e9lm\u00e9ny!\" \/>\n<meta name=\"robots\" content=\"index, follow, max-snippet:-1, max-image-preview:large, max-video-preview:-1\" \/>\n<link rel=\"canonical\" href=\"https:\/\/muzeumvac.hu\/en\/korok-lakomai-tortenelmi-gasztroshow\/\" \/>\n<meta property=\"og:locale\" content=\"en_GB\" \/>\n<meta property=\"og:type\" content=\"article\" \/>\n<meta property=\"og:title\" content=\"Korok lakom\u00e1i - T\u00f6rt\u00e9nelmi gasztroshow\" \/>\n<meta property=\"og:description\" content=\"Egy m\u00fazeum, ezer \u00e9lm\u00e9ny!\" \/>\n<meta property=\"og:url\" content=\"https:\/\/muzeumvac.hu\/en\/korok-lakomai-tortenelmi-gasztroshow\/\" \/>\n<meta property=\"og:site_name\" content=\"TRAGOR IGN\u00c1C M\u00daZEUM \u2022 V\u00c1C\" \/>\n<meta property=\"article:publisher\" content=\"https:\/\/www.facebook.com\/vac.tragorignacmuzeum\" \/>\n<meta property=\"article:modified_time\" content=\"2025-08-13T06:09:57+00:00\" \/>\n<meta name=\"twitter:card\" content=\"summary_large_image\" \/>\n<meta name=\"twitter:label1\" content=\"Estimated reading time\" \/>\n\t<meta name=\"twitter:data1\" content=\"5 minutes\" \/>\n<script type=\"application\/ld+json\" class=\"yoast-schema-graph\">{\"@context\":\"https:\\\/\\\/schema.org\",\"@graph\":[{\"@type\":\"WebPage\",\"@id\":\"https:\\\/\\\/muzeumvac.hu\\\/korok-lakomai-tortenelmi-gasztroshow\\\/\",\"url\":\"https:\\\/\\\/muzeumvac.hu\\\/korok-lakomai-tortenelmi-gasztroshow\\\/\",\"name\":\"Korok lakom\u00e1i - T\u00f6rt\u00e9nelmi gasztroshow - TRAGOR IGN\u00c1C M\u00daZEUM \u2022 V\u00c1C\",\"isPartOf\":{\"@id\":\"https:\\\/\\\/muzeumvac.hu\\\/#website\"},\"datePublished\":\"2025-06-12T18:20:40+00:00\",\"dateModified\":\"2025-08-13T06:09:57+00:00\",\"description\":\"Egy m\u00fazeum, ezer \u00e9lm\u00e9ny!\",\"breadcrumb\":{\"@id\":\"https:\\\/\\\/muzeumvac.hu\\\/korok-lakomai-tortenelmi-gasztroshow\\\/#breadcrumb\"},\"inLanguage\":\"en-GB\",\"potentialAction\":[{\"@type\":\"ReadAction\",\"target\":[\"https:\\\/\\\/muzeumvac.hu\\\/korok-lakomai-tortenelmi-gasztroshow\\\/\"]}]},{\"@type\":\"BreadcrumbList\",\"@id\":\"https:\\\/\\\/muzeumvac.hu\\\/korok-lakomai-tortenelmi-gasztroshow\\\/#breadcrumb\",\"itemListElement\":[{\"@type\":\"ListItem\",\"position\":1,\"name\":\"Kezd\u0151lap\",\"item\":\"https:\\\/\\\/muzeumvac.hu\\\/\"},{\"@type\":\"ListItem\",\"position\":2,\"name\":\"Korok lakom\u00e1i &#8211; T\u00f6rt\u00e9nelmi gasztroshow\"}]},{\"@type\":\"WebSite\",\"@id\":\"https:\\\/\\\/muzeumvac.hu\\\/#website\",\"url\":\"https:\\\/\\\/muzeumvac.hu\\\/\",\"name\":\"TRAGOR IGN\u00c1C M\u00daZEUM \u2022 V\u00c1C\",\"description\":\"Egy m\u00fazeum, ezer \u00e9lm\u00e9ny!\",\"publisher\":{\"@id\":\"https:\\\/\\\/muzeumvac.hu\\\/#organization\"},\"potentialAction\":[{\"@type\":\"SearchAction\",\"target\":{\"@type\":\"EntryPoint\",\"urlTemplate\":\"https:\\\/\\\/muzeumvac.hu\\\/?s={search_term_string}\"},\"query-input\":{\"@type\":\"PropertyValueSpecification\",\"valueRequired\":true,\"valueName\":\"search_term_string\"}}],\"inLanguage\":\"en-GB\"},{\"@type\":\"Organization\",\"@id\":\"https:\\\/\\\/muzeumvac.hu\\\/#organization\",\"name\":\"TRAGOR IGN\u00c1C M\u00daZEUM \u2022 V\u00c1C\",\"url\":\"https:\\\/\\\/muzeumvac.hu\\\/\",\"logo\":{\"@type\":\"ImageObject\",\"inLanguage\":\"en-GB\",\"@id\":\"https:\\\/\\\/muzeumvac.hu\\\/#\\\/schema\\\/logo\\\/image\\\/\",\"url\":\"https:\\\/\\\/muzeumvac.hu\\\/wp-content\\\/uploads\\\/2025\\\/07\\\/tragor_ignac_logo.png\",\"contentUrl\":\"https:\\\/\\\/muzeumvac.hu\\\/wp-content\\\/uploads\\\/2025\\\/07\\\/tragor_ignac_logo.png\",\"width\":161,\"height\":126,\"caption\":\"TRAGOR IGN\u00c1C M\u00daZEUM \u2022 V\u00c1C\"},\"image\":{\"@id\":\"https:\\\/\\\/muzeumvac.hu\\\/#\\\/schema\\\/logo\\\/image\\\/\"},\"sameAs\":[\"https:\\\/\\\/www.facebook.com\\\/vac.tragorignacmuzeum\",\"https:\\\/\\\/www.instagram.com\\\/tragormuzeum\",\"https:\\\/\\\/www.youtube.com\\\/@TragorIgncMzeum-vac\"]}]}<\/script>\n<!-- \/ Yoast SEO Premium plugin. -->","yoast_head_json":{"title":"Korok lakom\u00e1i - T\u00f6rt\u00e9nelmi gasztroshow - TRAGOR IGN\u00c1C M\u00daZEUM \u2022 V\u00c1C","description":"One museum, a thousand experiences!","robots":{"index":"index","follow":"follow","max-snippet":"max-snippet:-1","max-image-preview":"max-image-preview:large","max-video-preview":"max-video-preview:-1"},"canonical":"https:\/\/muzeumvac.hu\/en\/korok-lakomai-tortenelmi-gasztroshow\/","og_locale":"en_GB","og_type":"article","og_title":"Korok lakom\u00e1i - T\u00f6rt\u00e9nelmi gasztroshow","og_description":"Egy m\u00fazeum, ezer \u00e9lm\u00e9ny!","og_url":"https:\/\/muzeumvac.hu\/en\/korok-lakomai-tortenelmi-gasztroshow\/","og_site_name":"TRAGOR IGN\u00c1C M\u00daZEUM \u2022 V\u00c1C","article_publisher":"https:\/\/www.facebook.com\/vac.tragorignacmuzeum","article_modified_time":"2025-08-13T06:09:57+00:00","twitter_card":"summary_large_image","twitter_misc":{"Estimated reading time":"5 minutes"},"schema":{"@context":"https:\/\/schema.org","@graph":[{"@type":"WebPage","@id":"https:\/\/muzeumvac.hu\/korok-lakomai-tortenelmi-gasztroshow\/","url":"https:\/\/muzeumvac.hu\/korok-lakomai-tortenelmi-gasztroshow\/","name":"Korok lakom\u00e1i - T\u00f6rt\u00e9nelmi gasztroshow - TRAGOR IGN\u00c1C M\u00daZEUM \u2022 V\u00c1C","isPartOf":{"@id":"https:\/\/muzeumvac.hu\/#website"},"datePublished":"2025-06-12T18:20:40+00:00","dateModified":"2025-08-13T06:09:57+00:00","description":"One museum, a thousand experiences!","breadcrumb":{"@id":"https:\/\/muzeumvac.hu\/korok-lakomai-tortenelmi-gasztroshow\/#breadcrumb"},"inLanguage":"en-GB","potentialAction":[{"@type":"ReadAction","target":["https:\/\/muzeumvac.hu\/korok-lakomai-tortenelmi-gasztroshow\/"]}]},{"@type":"BreadcrumbList","@id":"https:\/\/muzeumvac.hu\/korok-lakomai-tortenelmi-gasztroshow\/#breadcrumb","itemListElement":[{"@type":"ListItem","position":1,"name":"Kezd\u0151lap","item":"https:\/\/muzeumvac.hu\/"},{"@type":"ListItem","position":2,"name":"Korok lakom\u00e1i &#8211; T\u00f6rt\u00e9nelmi gasztroshow"}]},{"@type":"WebSite","@id":"https:\/\/muzeumvac.hu\/#website","url":"https:\/\/muzeumvac.hu\/","name":"TRAGOR IGN\u00c1C M\u00daZEUM \u2022 V\u00c1C","description":"One museum, a thousand experiences!","publisher":{"@id":"https:\/\/muzeumvac.hu\/#organization"},"potentialAction":[{"@type":"SearchAction","target":{"@type":"EntryPoint","urlTemplate":"https:\/\/muzeumvac.hu\/?s={search_term_string}"},"query-input":{"@type":"PropertyValueSpecification","valueRequired":true,"valueName":"search_term_string"}}],"inLanguage":"en-GB"},{"@type":"Organization","@id":"https:\/\/muzeumvac.hu\/#organization","name":"TRAGOR IGN\u00c1C M\u00daZEUM \u2022 V\u00c1C","url":"https:\/\/muzeumvac.hu\/","logo":{"@type":"ImageObject","inLanguage":"en-GB","@id":"https:\/\/muzeumvac.hu\/#\/schema\/logo\/image\/","url":"https:\/\/muzeumvac.hu\/wp-content\/uploads\/2025\/07\/tragor_ignac_logo.png","contentUrl":"https:\/\/muzeumvac.hu\/wp-content\/uploads\/2025\/07\/tragor_ignac_logo.png","width":161,"height":126,"caption":"TRAGOR IGN\u00c1C M\u00daZEUM \u2022 V\u00c1C"},"image":{"@id":"https:\/\/muzeumvac.hu\/#\/schema\/logo\/image\/"},"sameAs":["https:\/\/www.facebook.com\/vac.tragorignacmuzeum","https:\/\/www.instagram.com\/tragormuzeum","https:\/\/www.youtube.com\/@TragorIgncMzeum-vac"]}]}},"_links":{"self":[{"href":"https:\/\/muzeumvac.hu\/en\/wp-json\/wp\/v2\/pages\/655","targetHints":{"allow":["GET"]}}],"collection":[{"href":"https:\/\/muzeumvac.hu\/en\/wp-json\/wp\/v2\/pages"}],"about":[{"href":"https:\/\/muzeumvac.hu\/en\/wp-json\/wp\/v2\/types\/page"}],"author":[{"embeddable":true,"href":"https:\/\/muzeumvac.hu\/en\/wp-json\/wp\/v2\/users\/1"}],"replies":[{"embeddable":true,"href":"https:\/\/muzeumvac.hu\/en\/wp-json\/wp\/v2\/comments?post=655"}],"version-history":[{"count":0,"href":"https:\/\/muzeumvac.hu\/en\/wp-json\/wp\/v2\/pages\/655\/revisions"}],"wp:attachment":[{"href":"https:\/\/muzeumvac.hu\/en\/wp-json\/wp\/v2\/media?parent=655"}],"curies":[{"name":"wp","href":"https:\/\/api.w.org\/{rel}","templated":true}]}}