{"id":6458,"date":"2026-05-06T14:30:10","date_gmt":"2026-05-06T12:30:10","guid":{"rendered":"https:\/\/muzeumvac.hu\/?page_id=6458"},"modified":"2026-05-06T15:06:38","modified_gmt":"2026-05-06T13:06:38","slug":"emlekhelyek-napja-2026","status":"publish","type":"page","link":"https:\/\/muzeumvac.hu\/en\/emlekhelyek-napja-2026\/","title":{"rendered":"Eml\u00e9khelyek napja 2026."},"content":{"rendered":"<p>[et_pb_section fb_built=&#8221;1&#8243; _builder_version=&#8221;4.27.6&#8243; _module_preset=&#8221;default&#8221; global_colors_info=&#8221;{}&#8221;][et_pb_row _builder_version=&#8221;4.27.6&#8243; _module_preset=&#8221;default&#8221; global_colors_info=&#8221;{}&#8221;][et_pb_column type=&#8221;4_4&#8243; _builder_version=&#8221;4.27.6&#8243; _module_preset=&#8221;default&#8221; global_colors_info=&#8221;{}&#8221;][et_pb_heading title=&#8221;Eml\u00e9khelyek napja 2026&#8243; _builder_version=&#8221;4.27.6&#8243; _module_preset=&#8221;default&#8221; global_colors_info=&#8221;{}&#8221;][\/et_pb_heading][\/et_pb_column][\/et_pb_row][\/et_pb_section][et_pb_section fb_built=&#8221;1&#8243; _builder_version=&#8221;4.27.6&#8243; _module_preset=&#8221;default&#8221; global_colors_info=&#8221;{}&#8221;][et_pb_row _builder_version=&#8221;4.27.6&#8243; _module_preset=&#8221;default&#8221; global_colors_info=&#8221;{}&#8221;][et_pb_column type=&#8221;4_4&#8243; _builder_version=&#8221;4.27.6&#8243; _module_preset=&#8221;default&#8221; global_colors_info=&#8221;{}&#8221;][et_pb_image src=&#8221;https:\/\/muzeumvac.hu\/wp-content\/uploads\/2026\/05\/2026-Emlekhelyek_napja_POSZT.jpg&#8221; title_text=&#8221;2026-Emlekhelyek_napja_POSZT&#8221; _builder_version=&#8221;4.27.6&#8243; _module_preset=&#8221;default&#8221; global_colors_info=&#8221;{}&#8221;][\/et_pb_image][\/et_pb_column][\/et_pb_row][\/et_pb_section][et_pb_section fb_built=&#8221;1&#8243; _builder_version=&#8221;4.27.6&#8243; _module_preset=&#8221;default&#8221; global_colors_info=&#8221;{}&#8221;][et_pb_row _builder_version=&#8221;4.27.6&#8243; _module_preset=&#8221;default&#8221; global_colors_info=&#8221;{}&#8221;][et_pb_column type=&#8221;4_4&#8243; _builder_version=&#8221;4.27.6&#8243; _module_preset=&#8221;default&#8221; global_colors_info=&#8221;{}&#8221;][et_pb_text _builder_version=&#8221;4.27.6&#8243; _module_preset=&#8221;default&#8221; global_colors_info=&#8221;{}&#8221;]2026. M\u00c1JUS 9. SZOMBAT<br \/>\nEML\u00c9KHELYEK NAPJA &#8211; V\u00c1C<br \/>\nRabtemet\u0151, H\u00e9tk\u00e1polna \u00e9s Honv\u00e9deml\u00e9km\u0171 t\u00f6rt\u00e9nelmi eml\u00e9khely<\/p>\n<p>V\u00e1cott k\u00e9t t\u00f6rt\u00e9nelmi eml\u00e9khely tal\u00e1lhat\u00f3. A H\u00e9tk\u00e1polna \u00e9s Honv\u00e9deml\u00e9km\u0171 mell\u00e9 2022-ben a Nemzeti \u00d6r\u00f6ks\u00e9g Int\u00e9zet d\u00f6nt\u00e9se alapj\u00e1n a 2001-ben eml\u00e9kparkk\u00e1 nyilv\u00e1n\u00edtott de\u00e1kv\u00e1ri Rabtemet\u0151 is felker\u00fclt a list\u00e1ra.<\/p>\n<p>V\u00e1c is \u00f6r\u00f6mmel csatlakozik a Nemzeti \u00d6r\u00f6ks\u00e9g Int\u00e9zet \u00e1ltal meghirdetett Eml\u00e9khelyek napj\u00e1hoz. A m\u00e1jus 9-i programhoz id\u00e9n s\u00e9tat\u00e9rk\u00e9ppel k\u00e9sz\u00fcltek a szervez\u0151k, amely az esem\u00e9ny napj\u00e1n a Tragor Ign\u00e1c M\u00fazeum Memento Mori &#038; Ars Memorandi Ki\u00e1ll\u00edt\u00f3hely jegyp\u00e9nzt\u00e1r\u00e1ban (V\u00e1c, M\u00e1rcius 15. t\u00e9r 19.) k\u00e9rhet\u0151 vagy a m\u00fazeum weboldal\u00e1r\u00f3l online let\u00f6lthet\u0151.<\/p>\n<p>A t\u00e9rk\u00e9phez k\u00eds\u00e9r\u0151 lap is k\u00e9sz\u00fclt, amelyet, ha a l\u00e1togat\u00f3k helyesen kit\u00f6ltve bemutatj\u00e1k az esem\u00e9ny napj\u00e1n a m\u00fazeum jegyp\u00e9nzt\u00e1r\u00e1ban, azon a napon ingyen megtekinthetik a ki\u00e1ll\u00edt\u00e1s egyik ki\u00e1ll\u00edt\u00e1s\u00e1t.<\/p>\n<p>H\u00e9tk\u00e1polna \u00e9s Honv\u00e9deml\u00e9km\u0171 t\u00f6rt\u00e9nelmi eml\u00e9khely: az 1868-ban \u00e1ll\u00edtott eml\u00e9km\u0171 az els\u0151 honv\u00e9deml\u00e9km\u0171 volt az orsz\u00e1gban, amelyet a szabads\u00e1gharc \u00e9s a k\u00e9t v\u00e1ci csata eml\u00e9k\u00e9re emeltek. Az eml\u00e9km\u0171nek otthont ad\u00f3 H\u00e9tk\u00e1polna b\u00facs\u00faj\u00e1r\u00f3hely t\u00f6rt\u00e9nete m\u00e9g r\u00e9gebbi. Legend\u00e1ja eg\u00e9szen 1074-ig ny\u00falik vissza, \u00edgy szinte egyid\u0151s a v\u00e1ros t\u00f6rt\u00e9net\u00e9vel.<\/p>\n<p>1.\tT\u00e9rk\u00e9p\/k\u00eds\u00e9r\u0151 lap beszerezhet\u0151 a Tragor Ign\u00e1c M\u00fazeum Memento Mori &#038; Ars Memorandi Ki\u00e1ll\u00edt\u00f3hely jegyp\u00e9nzt\u00e1r\u00e1ban (V\u00e1c, M\u00e1rcius 15. t\u00e9r 19.) vagy let\u00f6lthet\u0151 a m\u00fazeum weboldal\u00e1r\u00f3l.<br \/>\n2.\tS\u00e9t\u00e1ljon \u00e1t V\u00e1con, l\u00e1togassa meg az eml\u00e9khelyeket \u00e9s t\u00f6ltse ki a k\u00eds\u00e9r\u0151 lapot!<br \/>\n3.\tA helyesen kit\u00f6lt\u00f6tt k\u00eds\u00e9r\u0151 lapot nyitvatart\u00e1si id\u0151ben mutassa be a m\u00fazeum jegyp\u00e9nzt\u00e1r\u00e1ban az esem\u00e9ny napj\u00e1n, \u00e9s l\u00e1togassa meg ingyen a m\u00fazeum egyik ki\u00e1ll\u00edt\u00e1s\u00e1t! <\/p>\n<p>* 2026. m\u00e1jus 9. szombat, legk\u00e9s\u0151bb a m\u00fazeum z\u00e1r\u00e1sa el\u0151tt f\u00e9l \u00f3r\u00e1val (17.30) k\u00e9t f\u0151 r\u00e9sz\u00e9re.<\/p>\n<p>K\u00eds\u00e9r\u0151 program<br \/>\nAz esem\u00e9ny napj\u00e1n a H\u00e9tk\u00e1polna templom 10-t\u0151l 12 \u00f3r\u00e1ig nyitva tart, \u00e9s v\u00e1rja a s\u00e9ta r\u00e9sztvev\u0151it is. Az \u00e9rdekl\u0151d\u0151knek Cs\u00e9pe Zolt\u00e1n mutatja be a kegyhely t\u00f6rt\u00e9net\u00e9t.<\/p>\n<p>Az esem\u00e9ny a Tragor Ign\u00e1c M\u00fazeum, V\u00e1c V\u00e1ros \u00d6nkorm\u00e1nyzata \u00e9s a v\u00e1ci H\u00e9tk\u00e1polna kegytemplom k\u00f6z\u00f6s programja.<\/p>\n<p>R\u00e9szletek a programr\u00f3l: https:\/\/emlekhelyeknapja.hu\/.<\/p>\n<p>Inform\u00e1ci\u00f3: info@varoshaza.vac.hu<\/p>\n<p>V\u00e1c V\u00e1ros \u00d6nkorm\u00e1nyzat<br \/>\nwww.vac.hu[\/et_pb_text][\/et_pb_column][\/et_pb_row][\/et_pb_section][et_pb_section fb_built=&#8221;1&#8243; _builder_version=&#8221;4.27.6&#8243; _module_preset=&#8221;default&#8221; global_colors_info=&#8221;{}&#8221;][et_pb_row column_structure=&#8221;1_2,1_2&#8243; _builder_version=&#8221;4.27.6&#8243; _module_preset=&#8221;default&#8221; global_colors_info=&#8221;{}&#8221;][et_pb_column type=&#8221;1_2&#8243; _builder_version=&#8221;4.27.6&#8243; _module_preset=&#8221;default&#8221; global_colors_info=&#8221;{}&#8221;][et_pb_button button_url=&#8221;https:\/\/muzeumvac.hu\/wp-content\/uploads\/2026\/05\/Emlekhelyek_Vac_2026_terkep_online.pdf&#8221; url_new_window=&#8221;on&#8221; button_text=&#8221;T\u00e9rk\u00e9p&#8221; button_alignment=&#8221;center&#8221; _builder_version=&#8221;4.27.6&#8243; _module_preset=&#8221;default&#8221; hover_enabled=&#8221;0&#8243; global_colors_info=&#8221;{}&#8221; sticky_enabled=&#8221;0&#8243;][\/et_pb_button][\/et_pb_column][et_pb_column type=&#8221;1_2&#8243; _builder_version=&#8221;4.27.6&#8243; _module_preset=&#8221;default&#8221; global_colors_info=&#8221;{}&#8221;][et_pb_button button_url=&#8221;https:\/\/muzeumvac.hu\/wp-content\/uploads\/2026\/05\/Emlekhelyek_Vac_2026_setalap_online.pdf&#8221; url_new_window=&#8221;on&#8221; button_text=&#8221;S\u00e9talap&#8221; button_alignment=&#8221;center&#8221; _builder_version=&#8221;4.27.6&#8243; _module_preset=&#8221;default&#8221; global_colors_info=&#8221;{}&#8221;][\/et_pb_button][\/et_pb_column][\/et_pb_row][\/et_pb_section]<\/p>\n","protected":false},"excerpt":{"rendered":"<p>2026. M\u00c1JUS 9. SZOMBAT EML\u00c9KHELYEK NAPJA &#8211; V\u00c1C Rabtemet\u0151, H\u00e9tk\u00e1polna \u00e9s Honv\u00e9deml\u00e9km\u0171 t\u00f6rt\u00e9nelmi eml\u00e9khely V\u00e1cott k\u00e9t t\u00f6rt\u00e9nelmi eml\u00e9khely tal\u00e1lhat\u00f3. A H\u00e9tk\u00e1polna \u00e9s Honv\u00e9deml\u00e9km\u0171 mell\u00e9 2022-ben a Nemzeti \u00d6r\u00f6ks\u00e9g Int\u00e9zet d\u00f6nt\u00e9se [&hellip;]<\/p>\n","protected":false},"author":1,"featured_media":0,"parent":0,"menu_order":0,"comment_status":"closed","ping_status":"closed","template":"","meta":{"_et_pb_use_builder":"on","_et_pb_old_content":"","_et_gb_content_width":"","footnotes":""},"class_list":["post-6458","page","type-page","status-publish","hentry"],"yoast_head":"<!-- This site is optimized with the Yoast SEO Premium plugin v27.4 (Yoast SEO v27.5) - https:\/\/yoast.com\/product\/yoast-seo-premium-wordpress\/ -->\n<title>Eml\u00e9khelyek napja 2026. - TRAGOR IGN\u00c1C M\u00daZEUM \u2022 V\u00c1C<\/title>\n<meta name=\"description\" content=\"Egy m\u00fazeum, ezer \u00e9lm\u00e9ny!\" \/>\n<meta name=\"robots\" content=\"index, follow, max-snippet:-1, max-image-preview:large, max-video-preview:-1\" \/>\n<link rel=\"canonical\" href=\"https:\/\/muzeumvac.hu\/en\/emlekhelyek-napja-2026\/\" \/>\n<meta property=\"og:locale\" content=\"en_GB\" \/>\n<meta property=\"og:type\" content=\"article\" \/>\n<meta property=\"og:title\" content=\"Eml\u00e9khelyek napja 2026.\" \/>\n<meta property=\"og:description\" content=\"Egy m\u00fazeum, ezer \u00e9lm\u00e9ny!\" \/>\n<meta property=\"og:url\" content=\"https:\/\/muzeumvac.hu\/en\/emlekhelyek-napja-2026\/\" \/>\n<meta property=\"og:site_name\" content=\"TRAGOR IGN\u00c1C M\u00daZEUM \u2022 V\u00c1C\" \/>\n<meta property=\"article:publisher\" content=\"https:\/\/www.facebook.com\/vac.tragorignacmuzeum\" \/>\n<meta property=\"article:modified_time\" content=\"2026-05-06T13:06:38+00:00\" \/>\n<meta name=\"twitter:card\" content=\"summary_large_image\" \/>\n<script type=\"application\/ld+json\" class=\"yoast-schema-graph\">{\"@context\":\"https:\\\/\\\/schema.org\",\"@graph\":[{\"@type\":\"WebPage\",\"@id\":\"https:\\\/\\\/muzeumvac.hu\\\/emlekhelyek-napja-2026\\\/\",\"url\":\"https:\\\/\\\/muzeumvac.hu\\\/emlekhelyek-napja-2026\\\/\",\"name\":\"Eml\u00e9khelyek napja 2026. - TRAGOR IGN\u00c1C M\u00daZEUM \u2022 V\u00c1C\",\"isPartOf\":{\"@id\":\"https:\\\/\\\/muzeumvac.hu\\\/#website\"},\"datePublished\":\"2026-05-06T12:30:10+00:00\",\"dateModified\":\"2026-05-06T13:06:38+00:00\",\"description\":\"Egy m\u00fazeum, ezer \u00e9lm\u00e9ny!\",\"breadcrumb\":{\"@id\":\"https:\\\/\\\/muzeumvac.hu\\\/emlekhelyek-napja-2026\\\/#breadcrumb\"},\"inLanguage\":\"en-GB\",\"potentialAction\":[{\"@type\":\"ReadAction\",\"target\":[\"https:\\\/\\\/muzeumvac.hu\\\/emlekhelyek-napja-2026\\\/\"]}]},{\"@type\":\"BreadcrumbList\",\"@id\":\"https:\\\/\\\/muzeumvac.hu\\\/emlekhelyek-napja-2026\\\/#breadcrumb\",\"itemListElement\":[{\"@type\":\"ListItem\",\"position\":1,\"name\":\"Kezd\u0151lap\",\"item\":\"https:\\\/\\\/muzeumvac.hu\\\/\"},{\"@type\":\"ListItem\",\"position\":2,\"name\":\"Eml\u00e9khelyek napja 2026.\"}]},{\"@type\":\"WebSite\",\"@id\":\"https:\\\/\\\/muzeumvac.hu\\\/#website\",\"url\":\"https:\\\/\\\/muzeumvac.hu\\\/\",\"name\":\"TRAGOR IGN\u00c1C M\u00daZEUM \u2022 V\u00c1C\",\"description\":\"Egy m\u00fazeum, ezer \u00e9lm\u00e9ny!\",\"publisher\":{\"@id\":\"https:\\\/\\\/muzeumvac.hu\\\/#organization\"},\"potentialAction\":[{\"@type\":\"SearchAction\",\"target\":{\"@type\":\"EntryPoint\",\"urlTemplate\":\"https:\\\/\\\/muzeumvac.hu\\\/?s={search_term_string}\"},\"query-input\":{\"@type\":\"PropertyValueSpecification\",\"valueRequired\":true,\"valueName\":\"search_term_string\"}}],\"inLanguage\":\"en-GB\"},{\"@type\":\"Organization\",\"@id\":\"https:\\\/\\\/muzeumvac.hu\\\/#organization\",\"name\":\"TRAGOR IGN\u00c1C M\u00daZEUM \u2022 V\u00c1C\",\"url\":\"https:\\\/\\\/muzeumvac.hu\\\/\",\"logo\":{\"@type\":\"ImageObject\",\"inLanguage\":\"en-GB\",\"@id\":\"https:\\\/\\\/muzeumvac.hu\\\/#\\\/schema\\\/logo\\\/image\\\/\",\"url\":\"https:\\\/\\\/muzeumvac.hu\\\/wp-content\\\/uploads\\\/2025\\\/07\\\/tragor_ignac_logo.png\",\"contentUrl\":\"https:\\\/\\\/muzeumvac.hu\\\/wp-content\\\/uploads\\\/2025\\\/07\\\/tragor_ignac_logo.png\",\"width\":161,\"height\":126,\"caption\":\"TRAGOR IGN\u00c1C M\u00daZEUM \u2022 V\u00c1C\"},\"image\":{\"@id\":\"https:\\\/\\\/muzeumvac.hu\\\/#\\\/schema\\\/logo\\\/image\\\/\"},\"sameAs\":[\"https:\\\/\\\/www.facebook.com\\\/vac.tragorignacmuzeum\",\"https:\\\/\\\/www.instagram.com\\\/tragormuzeum\",\"https:\\\/\\\/www.youtube.com\\\/@TragorIgncMzeum-vac\"]}]}<\/script>\n<!-- \/ Yoast SEO Premium plugin. -->","yoast_head_json":{"title":"Eml\u00e9khelyek napja 2026. - TRAGOR IGN\u00c1C M\u00daZEUM \u2022 V\u00c1C","description":"One museum, a thousand experiences!","robots":{"index":"index","follow":"follow","max-snippet":"max-snippet:-1","max-image-preview":"max-image-preview:large","max-video-preview":"max-video-preview:-1"},"canonical":"https:\/\/muzeumvac.hu\/en\/emlekhelyek-napja-2026\/","og_locale":"en_GB","og_type":"article","og_title":"Eml\u00e9khelyek napja 2026.","og_description":"Egy m\u00fazeum, ezer \u00e9lm\u00e9ny!","og_url":"https:\/\/muzeumvac.hu\/en\/emlekhelyek-napja-2026\/","og_site_name":"TRAGOR IGN\u00c1C M\u00daZEUM \u2022 V\u00c1C","article_publisher":"https:\/\/www.facebook.com\/vac.tragorignacmuzeum","article_modified_time":"2026-05-06T13:06:38+00:00","twitter_card":"summary_large_image","schema":{"@context":"https:\/\/schema.org","@graph":[{"@type":"WebPage","@id":"https:\/\/muzeumvac.hu\/emlekhelyek-napja-2026\/","url":"https:\/\/muzeumvac.hu\/emlekhelyek-napja-2026\/","name":"Eml\u00e9khelyek napja 2026. - TRAGOR IGN\u00c1C M\u00daZEUM \u2022 V\u00c1C","isPartOf":{"@id":"https:\/\/muzeumvac.hu\/#website"},"datePublished":"2026-05-06T12:30:10+00:00","dateModified":"2026-05-06T13:06:38+00:00","description":"One museum, a thousand experiences!","breadcrumb":{"@id":"https:\/\/muzeumvac.hu\/emlekhelyek-napja-2026\/#breadcrumb"},"inLanguage":"en-GB","potentialAction":[{"@type":"ReadAction","target":["https:\/\/muzeumvac.hu\/emlekhelyek-napja-2026\/"]}]},{"@type":"BreadcrumbList","@id":"https:\/\/muzeumvac.hu\/emlekhelyek-napja-2026\/#breadcrumb","itemListElement":[{"@type":"ListItem","position":1,"name":"Kezd\u0151lap","item":"https:\/\/muzeumvac.hu\/"},{"@type":"ListItem","position":2,"name":"Eml\u00e9khelyek napja 2026."}]},{"@type":"WebSite","@id":"https:\/\/muzeumvac.hu\/#website","url":"https:\/\/muzeumvac.hu\/","name":"TRAGOR IGN\u00c1C M\u00daZEUM \u2022 V\u00c1C","description":"One museum, a thousand experiences!","publisher":{"@id":"https:\/\/muzeumvac.hu\/#organization"},"potentialAction":[{"@type":"SearchAction","target":{"@type":"EntryPoint","urlTemplate":"https:\/\/muzeumvac.hu\/?s={search_term_string}"},"query-input":{"@type":"PropertyValueSpecification","valueRequired":true,"valueName":"search_term_string"}}],"inLanguage":"en-GB"},{"@type":"Organization","@id":"https:\/\/muzeumvac.hu\/#organization","name":"TRAGOR IGN\u00c1C M\u00daZEUM \u2022 V\u00c1C","url":"https:\/\/muzeumvac.hu\/","logo":{"@type":"ImageObject","inLanguage":"en-GB","@id":"https:\/\/muzeumvac.hu\/#\/schema\/logo\/image\/","url":"https:\/\/muzeumvac.hu\/wp-content\/uploads\/2025\/07\/tragor_ignac_logo.png","contentUrl":"https:\/\/muzeumvac.hu\/wp-content\/uploads\/2025\/07\/tragor_ignac_logo.png","width":161,"height":126,"caption":"TRAGOR IGN\u00c1C M\u00daZEUM \u2022 V\u00c1C"},"image":{"@id":"https:\/\/muzeumvac.hu\/#\/schema\/logo\/image\/"},"sameAs":["https:\/\/www.facebook.com\/vac.tragorignacmuzeum","https:\/\/www.instagram.com\/tragormuzeum","https:\/\/www.youtube.com\/@TragorIgncMzeum-vac"]}]}},"_links":{"self":[{"href":"https:\/\/muzeumvac.hu\/en\/wp-json\/wp\/v2\/pages\/6458","targetHints":{"allow":["GET"]}}],"collection":[{"href":"https:\/\/muzeumvac.hu\/en\/wp-json\/wp\/v2\/pages"}],"about":[{"href":"https:\/\/muzeumvac.hu\/en\/wp-json\/wp\/v2\/types\/page"}],"author":[{"embeddable":true,"href":"https:\/\/muzeumvac.hu\/en\/wp-json\/wp\/v2\/users\/1"}],"replies":[{"embeddable":true,"href":"https:\/\/muzeumvac.hu\/en\/wp-json\/wp\/v2\/comments?post=6458"}],"version-history":[{"count":4,"href":"https:\/\/muzeumvac.hu\/en\/wp-json\/wp\/v2\/pages\/6458\/revisions"}],"predecessor-version":[{"id":6482,"href":"https:\/\/muzeumvac.hu\/en\/wp-json\/wp\/v2\/pages\/6458\/revisions\/6482"}],"wp:attachment":[{"href":"https:\/\/muzeumvac.hu\/en\/wp-json\/wp\/v2\/media?parent=6458"}],"curies":[{"name":"wp","href":"https:\/\/api.w.org\/{rel}","templated":true}]}}