{"id":5710,"date":"2026-01-23T11:35:29","date_gmt":"2026-01-23T10:35:29","guid":{"rendered":"https:\/\/muzeumvac.hu\/?page_id=5710"},"modified":"2026-03-19T11:46:21","modified_gmt":"2026-03-19T10:46:21","slug":"vaci-akvarell-unnep","status":"publish","type":"page","link":"https:\/\/muzeumvac.hu\/en\/latogatas\/vaci-akvarell-unnep\/","title":{"rendered":"V\u00e1ci Akvarell \u00dcnnep"},"content":{"rendered":"<p>[et_pb_section fb_built=&#8221;1&#8243; _builder_version=&#8221;4.27.4&#8243; _module_preset=&#8221;default&#8221; global_colors_info=&#8221;{}&#8221;][et_pb_row column_structure=&#8221;1_3,1_3,1_3&#8243; _builder_version=&#8221;4.27.4&#8243; _module_preset=&#8221;default&#8221; global_colors_info=&#8221;{}&#8221;][et_pb_column type=&#8221;1_3&#8243; _builder_version=&#8221;4.27.4&#8243; _module_preset=&#8221;default&#8221; global_colors_info=&#8221;{}&#8221;][et_pb_image src=&#8221;https:\/\/muzeumvac.hu\/wp-content\/uploads\/2026\/01\/Akt-1-scaled.jpg&#8221; title_text=&#8221;Akt 1&#8243; _builder_version=&#8221;4.27.4&#8243; _module_preset=&#8221;default&#8221; global_colors_info=&#8221;{}&#8221;][\/et_pb_image][et_pb_text _builder_version=&#8221;4.27.4&#8243; _module_preset=&#8221;default&#8221; global_colors_info=&#8221;{}&#8221;]<\/p>\n<p><strong><\/strong><\/p>\n<p><strong>Kort\u00e1rs v\u00edzjelek \u2013 Akvarell vari\u00e1ci\u00f3k ki\u00e1ll\u00edt\u00e1s<\/strong><\/p>\n<p>[\/et_pb_text][et_pb_text _builder_version=&#8221;4.27.5&#8243; _module_preset=&#8221;default&#8221; global_colors_info=&#8221;{}&#8221;]<\/p>\n<p style=\"text-align: justify;\"><span style=\"font-weight: 400;\"><\/span><\/p>\n<p style=\"text-align: justify;\"><span style=\"font-weight: 400;\">A t\u00e1rlaton szerepl\u0151 orsz\u00e1gosan is elismert, V\u00e1con \u00e9s k\u00f6rny\u00e9k\u00e9n alkot\u00f3 akvarellist\u00e1k a technika teljes spektrum\u00e1t t\u00e1rj\u00e1k el\u00e9nk festm\u00e9nyeiken. A realizmus klasszikus sz\u00e9ps\u00e9g\u00e9t\u0151l az absztrakci\u00f3 elgondolkodtat\u00f3 formajegyein \u00e1t lehet\u0151s\u00e9g\u00fcnk ny\u00edlik, hogy tekintet\u00fcnket a k\u00fclvil\u00e1gt\u00f3l a bels\u0151 val\u00f3s\u00e1gunk fel\u00e9 ford\u00edtsuk.<\/span><\/p>\n<p style=\"text-align: justify;\">A ki\u00e1ll\u00edt\u00f3 m\u0171v\u00e9szek nevei:<\/p>\n<p style=\"text-align: justify;\">Adorj\u00e1n Attila<br \/>Balogh Gyula<br \/>Bodor Zolt\u00e1n<br \/>Chilf M\u00e1ria<br \/>Enzs\u00f6ly Kinga<br \/>Fuchs Lehel<br \/>Orr Andr\u00e1s<br \/>Orvos Andr\u00e1s<br \/>T\u00f3th Angelika<\/p>\n<p style=\"text-align: justify;\">\n<p style=\"text-align: justify;\">A megnyit\u00f3 d\u00e1tuma: 2026.03.21.<\/p>\n<p>[\/et_pb_text][et_pb_button button_url=&#8221;https:\/\/muzeumvac.hu\/esemenyek\/meghivo-kortars-vizjelek-akvarell-variaciok\/&#8221; url_new_window=&#8221;on&#8221; button_text=&#8221;B\u0151vebben&#8221; _builder_version=&#8221;4.27.5&#8243; _module_preset=&#8221;default&#8221; global_colors_info=&#8221;{}&#8221;][\/et_pb_button][\/et_pb_column][et_pb_column type=&#8221;1_3&#8243; _builder_version=&#8221;4.27.4&#8243; _module_preset=&#8221;default&#8221; global_colors_info=&#8221;{}&#8221;][et_pb_image src=&#8221;https:\/\/muzeumvac.hu\/wp-content\/uploads\/2026\/01\/akvarellfesztival2026_A4_FINAL-scaled.jpg&#8221; title_text=&#8221;akvarellfesztival2026_A4_FINAL&#8221; _builder_version=&#8221;4.27.5&#8243; _module_preset=&#8221;default&#8221; global_colors_info=&#8221;{}&#8221;][\/et_pb_image][et_pb_text _builder_version=&#8221;4.27.4&#8243; _module_preset=&#8221;default&#8221; global_colors_info=&#8221;{}&#8221;]<\/p>\n<p><b>V\u00e1c \u00e9s k\u00f6rny\u00e9ke metszetekben &#8211; Ny\u00edlt akvarell p\u00e1ly\u00e1zat \u00e9s ki\u00e1ll\u00edt\u00e1s<\/b><\/p>\n<p>[\/et_pb_text][et_pb_text _builder_version=&#8221;4.27.4&#8243; _module_preset=&#8221;default&#8221; global_colors_info=&#8221;{}&#8221;]<\/p>\n<p style=\"text-align: justify;\"><span style=\"font-weight: 400;\">A Mad\u00e1ch Imre M\u0171vel\u0151d\u00e9si K\u00f6zpont a Tragor Ign\u00e1c M\u00fazeum szakmai egy\u00fcttm\u0171k\u00f6d\u00e9s\u00e9vel akvarell festm\u00e9nyp\u00e1ly\u00e1zatot hirdet <\/span><b>\u201eV\u00e1c \u00e9s k\u00f6rny\u00e9ke metszetekben\u201d <\/b><span style=\"font-weight: 400;\">c\u00edmmel, amelyre v\u00e1rnak minden amat\u0151r alkot\u00f3t, aki akvarelljein kereszt\u00fcl szeretn\u00e9 megmutatni V\u00e1c \u00e9s k\u00f6rny\u00e9k\u00e9nek hangulat\u00e1t.<\/span><\/p>\n<p style=\"text-align: justify;\"><span style=\"font-weight: 400;\">A Mad\u00e1ch Imre M\u0171vel\u0151d\u00e9si K\u00f6zpontban megrendez\u00e9sre ker\u00fcl\u0151 <\/span><b>\u201eTavaszi sz\u00e9l vizet \u00e1raszt\u2026\u201d<\/b><b><br \/><\/b><span style=\"font-weight: 400;\"> c\u00edm\u0171 ki\u00e1ll\u00edt\u00e1s a szakmai zs\u0171ri \u00e1ltal kiv\u00e1lasztott m\u0171kedvel\u0151 alkot\u00f3k bemutatkoz\u00e1s\u00e1t szolg\u00e1lja. A t\u00e1rlat t\u00e9m\u00e1ja: V\u00e1c \u00e9s k\u00f6rny\u00e9ke akvarellen.<\/span><\/p>\n<p style=\"text-align: justify;\"><span style=\"font-weight: 400;\"><\/span><\/p>\n<p style=\"text-align: justify;\"><span style=\"font-weight: 400;\"><\/span><\/p>\n<p style=\"text-align: justify;\"><span style=\"font-weight: 400;\"><\/span><\/p>\n<p style=\"text-align: justify;\"><span style=\"font-weight: 400;\"><\/span><\/p>\n<p style=\"text-align: justify;\"><span style=\"font-weight: 400;\"><\/span><\/p>\n<p style=\"text-align: justify;\"><span style=\"font-weight: 400;\"><\/span><\/p>\n<p style=\"text-align: justify;\"><span style=\"font-weight: 400;\"><\/span><\/p>\n<p style=\"text-align: justify;\"><span style=\"font-weight: 400;\"><\/span><\/p>\n<p style=\"text-align: justify;\"><span style=\"font-weight: 400;\"><\/span><\/p>\n<p style=\"text-align: justify;\"><span style=\"font-weight: 400;\"><\/span><\/p>\n<p style=\"text-align: justify;\">\n<p>[\/et_pb_text][et_pb_button button_url=&#8221;https:\/\/muzeumvac.hu\/vac-es-kornyeke-metszetekbennyilt-akvarell-palyazat-es-kiallitas\/&#8221; url_new_window=&#8221;on&#8221; button_text=&#8221;B\u0151vebben&#8221; _builder_version=&#8221;4.27.4&#8243; _module_preset=&#8221;default&#8221; global_colors_info=&#8221;{}&#8221;][\/et_pb_button][\/et_pb_column][et_pb_column type=&#8221;1_3&#8243; _builder_version=&#8221;4.27.4&#8243; _module_preset=&#8221;default&#8221; global_colors_info=&#8221;{}&#8221;][et_pb_image src=&#8221;https:\/\/muzeumvac.hu\/wp-content\/uploads\/2026\/01\/Nevtelen-terv-scaled.jpg&#8221; title_text=&#8221;N\u00e9vtelen terv&#8221; _builder_version=&#8221;4.27.4&#8243; _module_preset=&#8221;default&#8221; min_height=&#8221;265.9px&#8221; custom_padding=&#8221;||0px|||&#8221; global_colors_info=&#8221;{}&#8221;][\/et_pb_image][et_pb_text _builder_version=&#8221;4.27.4&#8243; _module_preset=&#8221;default&#8221; global_colors_info=&#8221;{}&#8221;]<\/p>\n<p><strong><\/strong><\/p>\n<p><strong>Akvarell workshop<\/strong><\/p>\n<p>[\/et_pb_text][et_pb_text _builder_version=&#8221;4.27.5&#8243; _module_preset=&#8221;default&#8221; global_colors_info=&#8221;{}&#8221;]<\/p>\n<p style=\"text-align: justify;\"><span style=\"font-weight: 400;\">2026.05.02. 14:00-17:00<\/span><\/p>\n<p style=\"text-align: justify;\"><span style=\"font-weight: 400;\">T\u00f3th Angelika fest\u0151m\u0171v\u00e9sz vezet\u00e9s\u00e9vel a r\u00e9sztvev\u0151knek lehet\u0151s\u00e9g\u00fck ny\u00edlik elsaj\u00e1t\u00edtani az akvarell technik\u00e1j\u00e1t, \u00e9s elsaj\u00e1t\u00edtani az alapvet\u0151 technikai tud\u00e1st.<\/span><\/p>\n<p style=\"text-align: justify;\"><span style=\"font-weight: 400;\"><\/span><\/p>\n<p>[\/et_pb_text][et_pb_button button_url=&#8221;https:\/\/muzeumvac.hu\/esemenyek\/akvarell-festes-tegnap-es-ma-workshop-toth-angelika-festomuvesszel\/&#8221; url_new_window=&#8221;on&#8221; button_text=&#8221;B\u0151vebben&#8221; _builder_version=&#8221;4.27.5&#8243; _module_preset=&#8221;default&#8221; global_colors_info=&#8221;{}&#8221;][\/et_pb_button][et_pb_image src=&#8221;https:\/\/muzeumvac.hu\/wp-content\/uploads\/2026\/03\/04-Fuchs-Lehel-Vaci-Duna-part-2026-54&#215;40-cm_70x50cm-scaled.jpg&#8221; _builder_version=&#8221;4.27.6&#8243; _module_preset=&#8221;default&#8221; title_text=&#8221;04 Fuchs Lehel &#8211; V\u00e1ci Duna-part 2026 54&#215;40 cm_70x50cm&#8221; hover_enabled=&#8221;0&#8243; sticky_enabled=&#8221;0&#8243;][\/et_pb_image][et_pb_text _builder_version=&#8221;4.27.6&#8243; _module_preset=&#8221;default&#8221; hover_enabled=&#8221;0&#8243; global_colors_info=&#8221;{}&#8221; sticky_enabled=&#8221;0&#8243;]<\/p>\n<p style=\"text-align: justify;\"><strong>Kur\u00e1tori t\u00e1rlatvezet\u00e9s<\/strong><\/p>\n<p style=\"text-align: justify;\"><span style=\"font-weight: 400;\">2025.05.23. 16:00<\/span><\/p>\n<p style=\"text-align: justify;\"><span style=\"font-weight: 400;\">Szab\u00f3 Zs\u00f3fia m\u0171v\u00e9szett\u00f6rt\u00e9n\u00e9sz vet\u00edt\u00e9ssel kieg\u00e9sz\u00edtett kur\u00e1tori t\u00e1rlatvezet\u00e9s\u00e9ben az akvarell technika t\u00f6rt\u00e9net\u00e9nek f\u0151 \u00e1llom\u00e1sait, valamint annak kiemelked\u0151 k\u00e9pz\u0151m\u0171v\u00e9szeti alkot\u00e1sait mutatja be az \u00e9rdekl\u0151d\u0151knek.<\/span><\/p>\n<p style=\"text-align: justify;\"><span style=\"font-weight: 400;\"><\/span><\/p>\n<p>[\/et_pb_text][et_pb_button button_text=&#8221;B\u0151vebben&#8221; _builder_version=&#8221;4.27.6&#8243; _module_preset=&#8221;default&#8221; button_url=&#8221;https:\/\/muzeumvac.hu\/esemenyek\/kortars-vizjelek-akvarell-variaciok-kuratori-tarlatvezetes\/&#8221; url_new_window=&#8221;on&#8221; hover_enabled=&#8221;0&#8243; sticky_enabled=&#8221;0&#8243;][\/et_pb_button][\/et_pb_column][\/et_pb_row][\/et_pb_section]<\/p>\n","protected":false},"excerpt":{"rendered":"<p>Kort\u00e1rs v\u00edzjelek \u2013 Akvarell vari\u00e1ci\u00f3k ki\u00e1ll\u00edt\u00e1s A t\u00e1rlaton szerepl\u0151 orsz\u00e1gosan is elismert, V\u00e1con \u00e9s k\u00f6rny\u00e9k\u00e9n alkot\u00f3 akvarellist\u00e1k a technika teljes spektrum\u00e1t t\u00e1rj\u00e1k el\u00e9nk festm\u00e9nyeiken. A realizmus klasszikus sz\u00e9ps\u00e9g\u00e9t\u0151l az absztrakci\u00f3 [&hellip;]<\/p>\n","protected":false},"author":1,"featured_media":0,"parent":44,"menu_order":0,"comment_status":"closed","ping_status":"closed","template":"","meta":{"_et_pb_use_builder":"on","_et_pb_old_content":"","_et_gb_content_width":"","footnotes":""},"class_list":["post-5710","page","type-page","status-publish","hentry"],"yoast_head":"<!-- This site is optimized with the Yoast SEO Premium plugin v27.3 (Yoast SEO v27.3) - https:\/\/yoast.com\/product\/yoast-seo-premium-wordpress\/ -->\n<title>V\u00e1ci Akvarell \u00dcnnep - TRAGOR IGN\u00c1C M\u00daZEUM \u2022 V\u00c1C<\/title>\n<meta name=\"description\" content=\"Egy m\u00fazeum, ezer \u00e9lm\u00e9ny!\" \/>\n<meta name=\"robots\" content=\"index, follow, max-snippet:-1, max-image-preview:large, max-video-preview:-1\" \/>\n<link rel=\"canonical\" href=\"https:\/\/muzeumvac.hu\/en\/latogatas\/vaci-akvarell-unnep\/\" \/>\n<meta property=\"og:locale\" content=\"en_GB\" \/>\n<meta property=\"og:type\" content=\"article\" \/>\n<meta property=\"og:title\" content=\"V\u00e1ci Akvarell \u00dcnnep\" \/>\n<meta property=\"og:description\" content=\"Egy m\u00fazeum, ezer \u00e9lm\u00e9ny!\" \/>\n<meta property=\"og:url\" content=\"https:\/\/muzeumvac.hu\/en\/latogatas\/vaci-akvarell-unnep\/\" \/>\n<meta property=\"og:site_name\" content=\"TRAGOR IGN\u00c1C M\u00daZEUM \u2022 V\u00c1C\" \/>\n<meta property=\"article:publisher\" content=\"https:\/\/www.facebook.com\/vac.tragorignacmuzeum\" \/>\n<meta property=\"article:modified_time\" content=\"2026-03-19T10:46:21+00:00\" \/>\n<meta name=\"twitter:card\" content=\"summary_large_image\" \/>\n<meta name=\"twitter:label1\" content=\"Estimated reading time\" \/>\n\t<meta name=\"twitter:data1\" content=\"2 minutes\" \/>\n<script type=\"application\/ld+json\" class=\"yoast-schema-graph\">{\"@context\":\"https:\\\/\\\/schema.org\",\"@graph\":[{\"@type\":\"WebPage\",\"@id\":\"https:\\\/\\\/muzeumvac.hu\\\/latogatas\\\/vaci-akvarell-unnep\\\/\",\"url\":\"https:\\\/\\\/muzeumvac.hu\\\/latogatas\\\/vaci-akvarell-unnep\\\/\",\"name\":\"V\u00e1ci Akvarell \u00dcnnep - TRAGOR IGN\u00c1C M\u00daZEUM \u2022 V\u00c1C\",\"isPartOf\":{\"@id\":\"https:\\\/\\\/muzeumvac.hu\\\/#website\"},\"datePublished\":\"2026-01-23T10:35:29+00:00\",\"dateModified\":\"2026-03-19T10:46:21+00:00\",\"description\":\"Egy m\u00fazeum, ezer \u00e9lm\u00e9ny!\",\"breadcrumb\":{\"@id\":\"https:\\\/\\\/muzeumvac.hu\\\/latogatas\\\/vaci-akvarell-unnep\\\/#breadcrumb\"},\"inLanguage\":\"en-GB\",\"potentialAction\":[{\"@type\":\"ReadAction\",\"target\":[\"https:\\\/\\\/muzeumvac.hu\\\/latogatas\\\/vaci-akvarell-unnep\\\/\"]}]},{\"@type\":\"BreadcrumbList\",\"@id\":\"https:\\\/\\\/muzeumvac.hu\\\/latogatas\\\/vaci-akvarell-unnep\\\/#breadcrumb\",\"itemListElement\":[{\"@type\":\"ListItem\",\"position\":1,\"name\":\"Kezd\u0151lap\",\"item\":\"https:\\\/\\\/muzeumvac.hu\\\/\"},{\"@type\":\"ListItem\",\"position\":2,\"name\":\"L\u00e1togat\u00e1s\",\"item\":\"https:\\\/\\\/muzeumvac.hu\\\/latogatas\\\/\"},{\"@type\":\"ListItem\",\"position\":3,\"name\":\"V\u00e1ci Akvarell \u00dcnnep\"}]},{\"@type\":\"WebSite\",\"@id\":\"https:\\\/\\\/muzeumvac.hu\\\/#website\",\"url\":\"https:\\\/\\\/muzeumvac.hu\\\/\",\"name\":\"TRAGOR IGN\u00c1C M\u00daZEUM \u2022 V\u00c1C\",\"description\":\"Egy m\u00fazeum, ezer \u00e9lm\u00e9ny!\",\"publisher\":{\"@id\":\"https:\\\/\\\/muzeumvac.hu\\\/#organization\"},\"potentialAction\":[{\"@type\":\"SearchAction\",\"target\":{\"@type\":\"EntryPoint\",\"urlTemplate\":\"https:\\\/\\\/muzeumvac.hu\\\/?s={search_term_string}\"},\"query-input\":{\"@type\":\"PropertyValueSpecification\",\"valueRequired\":true,\"valueName\":\"search_term_string\"}}],\"inLanguage\":\"en-GB\"},{\"@type\":\"Organization\",\"@id\":\"https:\\\/\\\/muzeumvac.hu\\\/#organization\",\"name\":\"TRAGOR IGN\u00c1C M\u00daZEUM \u2022 V\u00c1C\",\"url\":\"https:\\\/\\\/muzeumvac.hu\\\/\",\"logo\":{\"@type\":\"ImageObject\",\"inLanguage\":\"en-GB\",\"@id\":\"https:\\\/\\\/muzeumvac.hu\\\/#\\\/schema\\\/logo\\\/image\\\/\",\"url\":\"https:\\\/\\\/muzeumvac.hu\\\/wp-content\\\/uploads\\\/2025\\\/07\\\/tragor_ignac_logo.png\",\"contentUrl\":\"https:\\\/\\\/muzeumvac.hu\\\/wp-content\\\/uploads\\\/2025\\\/07\\\/tragor_ignac_logo.png\",\"width\":161,\"height\":126,\"caption\":\"TRAGOR IGN\u00c1C M\u00daZEUM \u2022 V\u00c1C\"},\"image\":{\"@id\":\"https:\\\/\\\/muzeumvac.hu\\\/#\\\/schema\\\/logo\\\/image\\\/\"},\"sameAs\":[\"https:\\\/\\\/www.facebook.com\\\/vac.tragorignacmuzeum\",\"https:\\\/\\\/www.instagram.com\\\/tragormuzeum\",\"https:\\\/\\\/www.youtube.com\\\/@TragorIgncMzeum-vac\"]}]}<\/script>\n<!-- \/ Yoast SEO Premium plugin. -->","yoast_head_json":{"title":"V\u00e1ci Akvarell \u00dcnnep - TRAGOR IGN\u00c1C M\u00daZEUM \u2022 V\u00c1C","description":"One museum, a thousand experiences!","robots":{"index":"index","follow":"follow","max-snippet":"max-snippet:-1","max-image-preview":"max-image-preview:large","max-video-preview":"max-video-preview:-1"},"canonical":"https:\/\/muzeumvac.hu\/en\/latogatas\/vaci-akvarell-unnep\/","og_locale":"en_GB","og_type":"article","og_title":"V\u00e1ci Akvarell \u00dcnnep","og_description":"Egy m\u00fazeum, ezer \u00e9lm\u00e9ny!","og_url":"https:\/\/muzeumvac.hu\/en\/latogatas\/vaci-akvarell-unnep\/","og_site_name":"TRAGOR IGN\u00c1C M\u00daZEUM \u2022 V\u00c1C","article_publisher":"https:\/\/www.facebook.com\/vac.tragorignacmuzeum","article_modified_time":"2026-03-19T10:46:21+00:00","twitter_card":"summary_large_image","twitter_misc":{"Estimated reading time":"2 minutes"},"schema":{"@context":"https:\/\/schema.org","@graph":[{"@type":"WebPage","@id":"https:\/\/muzeumvac.hu\/latogatas\/vaci-akvarell-unnep\/","url":"https:\/\/muzeumvac.hu\/latogatas\/vaci-akvarell-unnep\/","name":"V\u00e1ci Akvarell \u00dcnnep - TRAGOR IGN\u00c1C M\u00daZEUM \u2022 V\u00c1C","isPartOf":{"@id":"https:\/\/muzeumvac.hu\/#website"},"datePublished":"2026-01-23T10:35:29+00:00","dateModified":"2026-03-19T10:46:21+00:00","description":"One museum, a thousand experiences!","breadcrumb":{"@id":"https:\/\/muzeumvac.hu\/latogatas\/vaci-akvarell-unnep\/#breadcrumb"},"inLanguage":"en-GB","potentialAction":[{"@type":"ReadAction","target":["https:\/\/muzeumvac.hu\/latogatas\/vaci-akvarell-unnep\/"]}]},{"@type":"BreadcrumbList","@id":"https:\/\/muzeumvac.hu\/latogatas\/vaci-akvarell-unnep\/#breadcrumb","itemListElement":[{"@type":"ListItem","position":1,"name":"Kezd\u0151lap","item":"https:\/\/muzeumvac.hu\/"},{"@type":"ListItem","position":2,"name":"L\u00e1togat\u00e1s","item":"https:\/\/muzeumvac.hu\/latogatas\/"},{"@type":"ListItem","position":3,"name":"V\u00e1ci Akvarell \u00dcnnep"}]},{"@type":"WebSite","@id":"https:\/\/muzeumvac.hu\/#website","url":"https:\/\/muzeumvac.hu\/","name":"TRAGOR IGN\u00c1C M\u00daZEUM \u2022 V\u00c1C","description":"One museum, a thousand experiences!","publisher":{"@id":"https:\/\/muzeumvac.hu\/#organization"},"potentialAction":[{"@type":"SearchAction","target":{"@type":"EntryPoint","urlTemplate":"https:\/\/muzeumvac.hu\/?s={search_term_string}"},"query-input":{"@type":"PropertyValueSpecification","valueRequired":true,"valueName":"search_term_string"}}],"inLanguage":"en-GB"},{"@type":"Organization","@id":"https:\/\/muzeumvac.hu\/#organization","name":"TRAGOR IGN\u00c1C M\u00daZEUM \u2022 V\u00c1C","url":"https:\/\/muzeumvac.hu\/","logo":{"@type":"ImageObject","inLanguage":"en-GB","@id":"https:\/\/muzeumvac.hu\/#\/schema\/logo\/image\/","url":"https:\/\/muzeumvac.hu\/wp-content\/uploads\/2025\/07\/tragor_ignac_logo.png","contentUrl":"https:\/\/muzeumvac.hu\/wp-content\/uploads\/2025\/07\/tragor_ignac_logo.png","width":161,"height":126,"caption":"TRAGOR IGN\u00c1C M\u00daZEUM \u2022 V\u00c1C"},"image":{"@id":"https:\/\/muzeumvac.hu\/#\/schema\/logo\/image\/"},"sameAs":["https:\/\/www.facebook.com\/vac.tragorignacmuzeum","https:\/\/www.instagram.com\/tragormuzeum","https:\/\/www.youtube.com\/@TragorIgncMzeum-vac"]}]}},"_links":{"self":[{"href":"https:\/\/muzeumvac.hu\/en\/wp-json\/wp\/v2\/pages\/5710","targetHints":{"allow":["GET"]}}],"collection":[{"href":"https:\/\/muzeumvac.hu\/en\/wp-json\/wp\/v2\/pages"}],"about":[{"href":"https:\/\/muzeumvac.hu\/en\/wp-json\/wp\/v2\/types\/page"}],"author":[{"embeddable":true,"href":"https:\/\/muzeumvac.hu\/en\/wp-json\/wp\/v2\/users\/1"}],"replies":[{"embeddable":true,"href":"https:\/\/muzeumvac.hu\/en\/wp-json\/wp\/v2\/comments?post=5710"}],"version-history":[{"count":24,"href":"https:\/\/muzeumvac.hu\/en\/wp-json\/wp\/v2\/pages\/5710\/revisions"}],"predecessor-version":[{"id":6103,"href":"https:\/\/muzeumvac.hu\/en\/wp-json\/wp\/v2\/pages\/5710\/revisions\/6103"}],"up":[{"embeddable":true,"href":"https:\/\/muzeumvac.hu\/en\/wp-json\/wp\/v2\/pages\/44"}],"wp:attachment":[{"href":"https:\/\/muzeumvac.hu\/en\/wp-json\/wp\/v2\/media?parent=5710"}],"curies":[{"name":"wp","href":"https:\/\/api.w.org\/{rel}","templated":true}]}}