{"id":5670,"date":"2013-11-25T14:48:00","date_gmt":"2013-11-25T13:48:00","guid":{"rendered":"https:\/\/muzeumvac.hu\/?page_id=5670"},"modified":"2026-01-15T14:50:26","modified_gmt":"2026-01-15T13:50:26","slug":"muzeumok-oszi-fesztivalja-2013","status":"publish","type":"page","link":"https:\/\/muzeumvac.hu\/en\/muzeumok-oszi-fesztivalja-2013\/","title":{"rendered":"M\u00fazeumok \u0151szi fesztiv\u00e1lja 2013"},"content":{"rendered":"<p>[et_pb_section fb_built=&#8221;1&#8243; theme_builder_area=&#8221;post_content&#8221; _builder_version=&#8221;4.27.4&#8243; _module_preset=&#8221;default&#8221;][et_pb_row _builder_version=&#8221;4.27.4&#8243; _module_preset=&#8221;default&#8221; theme_builder_area=&#8221;post_content&#8221;][et_pb_column _builder_version=&#8221;4.27.4&#8243; _module_preset=&#8221;default&#8221; type=&#8221;4_4&#8243; theme_builder_area=&#8221;post_content&#8221;][et_pb_text _builder_version=&#8221;4.27.4&#8243; _module_preset=&#8221;default&#8221; theme_builder_area=&#8221;post_content&#8221; hover_enabled=&#8221;0&#8243; sticky_enabled=&#8221;0&#8243;]<\/p>\n<p>M\u00fazeumok \u0151szi fesztiv\u00e1lja 2013<br \/>\u00a02013. november 25.<\/p>\n<p><strong>M\u00fazeumok \u0150szi Fesztiv\u00e1lja 2013.<\/strong><\/p>\n<p><strong>Szakmai besz\u00e1mol\u00f3 jelent\u00e9s<\/strong><\/p>\n<p>Okt\u00f3berben a M\u00fazeumok \u0150szi Fesztiv\u00e1lj\u00e1hoz kapcsol\u00f3d\u00f3an a v\u00e1ci Tragor Ign\u00e1c M\u00fazeumban a m\u00fazeumpedag\u00f3gi\u00e1\u00e9 volt a f\u0151szerep \u2013 \u00e9s noha kezdett\u0151l fogva csatlakoztunk ehhez az orsz\u00e1gos rendezv\u00e9nysorozathoz, m\u00e9g soha nem k\u00edn\u00e1ltunk ilyen b\u0151s\u00e9ges program-v\u00e1laszt\u00e9kot, mint az idei \u00e9vben.<\/p>\n<p>Els\u0151k\u00e9nt\u00a0<strong>T\u00e1rgydoktor rendel! &#8211; \u201eEgy m\u0171hely titkai\u201d\u00a0<\/strong>c\u00edmmel hirdett\u00fck meg foglalkoz\u00e1sunkat, mellyel t\u00f6bb c\u00e9lcsoportot is h\u00edvtunk \u00e9s v\u00e1rtunk a M\u00fazeum K\u00f6zponti Iroda\u00e9p\u00fclet\u00e9ben lev\u0151 restaur\u00e1torm\u0171helybe, ahol Hostyinszki Attila, f\u00e9m szakrestaur\u00e1tor kalauzolta a vend\u00e9geket. A rendhagy\u00f3 m\u0171helyfoglalkoz\u00e1s sor\u00e1n volt restaur\u00e1l\u00e1si bemutat\u00f3, gyors-szerviz hozott t\u00e1rgyak sz\u00e1m\u00e1ra \u00e9s a v\u00e1llalkoz\u00f3 kedv\u0171 r\u00e9sztvev\u0151k maguk is kipr\u00f3b\u00e1lhatt\u00e1k a restaur\u00e1tor \u00e9rdekes munk\u00e1j\u00e1t, illetve megismerkedhettek apr\u00f3bb, r\u00e9gi t\u00e1rgyak megsz\u00e9p\u00edt\u00e9s\u00e9vel-jav\u00edt\u00e1s\u00e1val kapcsolatos k\u00fcl\u00f6nb\u00f6z\u0151 h\u00e1zi praktik\u00e1kkal is.<\/p>\n<p>A 45 perces foglalkoz\u00e1sokat 2013. okt\u00f3ber 2-3-\u00e1n, 9.00-15.00 k\u00f6z\u00f6tt hirdett\u00fck meg el\u0151re bejelentkezett iskolai oszt\u00e1lyok sz\u00e1m\u00e1ra, okt\u00f3ber 4-\u00e9n, p\u00e9nteken pedig els\u0151sorban csal\u00e1dokat, feln\u0151tteket \u00e9s nyugd\u00edjasokat v\u00e1rtunk.<\/p>\n<p>A program els\u0151sorban az iskol\u00e1sok k\u00f6r\u00e9ben volt n\u00e9pszer\u0171, \u00e1ltal\u00e1nos- \u00e9s k\u00f6z\u00e9piskolai oszt\u00e1lyok egyar\u00e1nt ell\u00e1togattak a M\u00fazeum restaur\u00e1torm\u0171hely\u00e9be, m\u00edg az egy\u00e9ni l\u00e1togat\u00f3k a tapasztaltak szerint m\u00e9g b\u00e1tor\u00edt\u00e1sra szorulnak, ez\u00e9rt sz\u00e1mukra a j\u00f6v\u0151ben szeretn\u00e9nk majd jobban n\u00e9pszer\u0171s\u00edteni a M\u00fazeum restaur\u00e1torm\u0171hely\u00e9nek l\u00e9t\u00e9t \u00e9s a benne rejl\u0151 m\u00fazeumpedag\u00f3giai lehet\u0151s\u00e9geket.<\/p>\n<p>K\u00f6vetkez\u0151 programunk a\u00a0<strong>M\u00fazeumok d\u00e9lid\u0151ben \u2013 kult\u00farmorzsa, kult\u00far-korty, kultur\u00e1lis terefere\u00a0<\/strong>tematik\u00e1ban\u00a0<strong>\u201eKedvenc t\u00e1rgyam-kedvenc t\u00f6rt\u00e9netem\u201d\u00a0<\/strong>c\u00edmmel ker\u00fclt meghirdet\u00e9sre. Okt\u00f3ber 9-\u00e9n, szerd\u00e1n, 11.30-13.00 \u00f3ra k\u00f6z\u00f6tt nyugd\u00edjasokat \u00e9s sz\u00e9pkor\u00faakat fogadtunk K\u00f6zponti Iroda\u00e9p\u00fclet\u00fcnkben, ahol egy cs\u00e9sze tea mellett sok eml\u00e9k \u00e9s t\u00f6rt\u00e9net el\u0151ker\u00fclt a m\u00fazeumi \u00e9s a hozott t\u00e1rgyak kapcs\u00e1n. A j\u00f3l siker\u00fclt d\u00e9lut\u00e1n egy k\u00f6tetlen besz\u00e9lget\u00e9ssel v\u00e9gz\u0151d\u00f6tt, melynek rem\u00e9lhet\u0151leg lesz folytat\u00e1sa \u00e9s hamarosan \u00fajra vend\u00e9g\u00fcl l\u00e1thatjuk kedves nyugd\u00edjas r\u00e9sztvev\u0151inket.<\/p>\n<p><strong>A l\u00e1mp\u00e1s \u00e9n vagyok \u2013 tan\u00e1rok \u00e9jszak\u00e1ja\u00a0<\/strong>tematik\u00e1ban<strong>\u00a0\u201eM\u00fazeum \u00e9s ami m\u00f6g\u00f6tte van\u201d\u00a0<\/strong>c\u00edmmel h\u00edvtuk \u00e9s v\u00e1rtuk az \u00f3vodapedag\u00f3gusokat \u00e9s pedag\u00f3gusokat. A program 2013. okt\u00f3ber 11-\u00e9n, p\u00e9nteken, 15.00-18.00 \u00f3r\u00e1ig ker\u00fclt megrendez\u00e9sre, szint\u00e9n a M\u00fazeum K\u00f6zponti Iroda\u00e9p\u00fcletben.<strong>\u00a0<\/strong>A r\u00e9sztvev\u0151k megismerkedtek a M\u00fazeum \u00e9p\u00fclet\u00e9vel \u00e9s gy\u0171jtem\u00e9nyeivel, valamint a k\u00fcl\u00f6nb\u00f6z\u0151 koroszt\u00e1lyok sz\u00e1m\u00e1ra aj\u00e1nlott m\u00fazeumpedag\u00f3giai programokkal. K\u00fcl\u00f6n\u00f6sen hasznosnak bizonyult a kerekasztal besz\u00e9lget\u00e9s, ahol t\u00f6bb pedag\u00f3gus megosztotta m\u00fazeummal kapcsolatos k\u00edv\u00e1nalmait, ig\u00e9nyeit. Ezt k\u00f6vet\u0151en ig\u00e9ny szerint lehet\u0151s\u00e9g volt k\u00fcl\u00f6nb\u00f6z\u0151 ki\u00e1ll\u00edt\u00e1saink megtekint\u00e9s\u00e9re is. \u00c9s b\u00e1r nagyon j\u00f3 hangulatban telt a d\u00e9lut\u00e1n, ism\u00e9telten bebizonyosodott, hogy a pedag\u00f3gusokat el\u00e9g neh\u00e9z megmozgatni, ezen a ter\u00fcleten teh\u00e1t sz\u00fcks\u00e9ges egyre t\u00f6bb \u00faj, m\u00fazeumi \u00f6tletet mozg\u00f3s\u00edtanunk.<\/p>\n<p><strong>S\u00e9t\u00e1lj, gyalogolj, bring\u00e1zz vel\u00fcnk \u00e9s fedezd fel! Kultur\u00e1lis tereink m\u00e1sk\u00e9nt<\/strong><\/p>\n<ol start=\"2013\">\n<li>okt\u00f3ber 12-\u00e9n, szombaton, 10.00 \u00f3r\u00e1t\u00f3l rendhagy\u00f3 m\u00fazeumi s\u00e9t\u00e1n fogadtuk az \u00e9rdekl\u0151d\u0151ket. A r\u00e9sztvev\u0151 csal\u00e1dok, gyerekek, feln\u0151ttek, nyugd\u00edjasok a\u00a0<strong>\u201eSzentek, szobrok, t\u00f6rt\u00e9netek\u201d\u00a0<\/strong>c\u00edm\u0171 s\u00e9ta sor\u00e1n megismerkedtek a v\u00e1ros t\u00f6rt\u00e9net\u00e9vel, barokk szobrok mes\u00e9j\u00e9nek seg\u00edts\u00e9g\u00e9vel. A k\u00f6zel k\u00e9t \u00f3r\u00e1s s\u00e9ta k\u00f6tetlen hangv\u00e9tel\u00e9vel nagyon n\u00e9pszer\u0171 volt, a j\u00f3 hangulathoz pedig a sz\u00e9p \u0151szi id\u0151 is hozz\u00e1j\u00e1rult.<\/li>\n<\/ol>\n<p><strong>Csak itt, csak most \u2013 pinc\u00e9t\u0151l a padl\u00e1sig tematik\u00e1ban\u00a0<\/strong>szint\u00e9n iskolai oszt\u00e1lyok sz\u00e1m\u00e1ra<strong>\u00a0<\/strong>hirdett\u00fck meg a<strong>\u00a0\u201eRendhagy\u00f3 helyt\u00f6rt\u00e9net\u201d\u00a0<\/strong>m\u00fazeumpedag\u00f3giai foglalkoz\u00e1st. El\u0151zetes bejelentkez\u00e9s alapj\u00e1n k\u00e9t alkalommal, okt\u00f3ber 16-\u00e1n \u00e9s 17-\u00e9n 9.00-15.00 \u00f3r\u00e1ig j\u00f6hettek a jelentkez\u0151k, akik sz\u00e9p sz\u00e1mmal \u00e9ltek is a lehet\u0151s\u00e9ggel \u00e9s vettek r\u00e9szt a 45 perces foglalkoz\u00e1son, amelyen<strong>\u00a0<\/strong>legend\u00e1k \u00e9s anekdot\u00e1k, \u00e9rdekes t\u00e1rgyak, r\u00e9gi felv\u00e9telek seg\u00edts\u00e9g\u00e9vel, j\u00e1t\u00e9kos form\u00e1ban ismerkedt\u00fcnk meg V\u00e1c t\u00f6rt\u00e9net\u00e9vel. Ez a program bizonyult a legn\u00e9pszer\u0171bbnek az id\u00e9n, a foglalkoz\u00e1son 157 f\u0151 vett r\u00e9szt.<\/p>\n<p>Igaz\u00e1n rendhagy\u00f3nak sz\u00e1m\u00edtott a<strong>\u00a016+ m\u00fazeumi tal\u00e1lkoz\u00e1sok \u2013 Di\u00e1kok buli el\u0151tt t\u00e9m\u00e1ban \u201eHal\u00e1lt\u00e1nc \u2013 Memento Mori m\u00e1sk\u00e9pp\u201d\u00a0<\/strong>programunk, ahov\u00e1 els\u0151sorban a<strong>\u00a0<\/strong>v\u00e1ci Tragor Ign\u00e1c M\u00fazeumban m\u00e1r \u00f6nk\u00e9ntes szolg\u00e1latot teljes\u00edtett \u00e9s leend\u0151 \u00f6nk\u00e9ntes k\u00f6z\u00e9piskol\u00e1s fiatalokat v\u00e1rtuk, de sz\u00edvesen l\u00e1ttunk mindenkit, akit \u00e9rdekel a m\u00fazeumi \u00f6nk\u00e9ntess\u00e9g.<\/p>\n<p>Okt\u00f3ber 18-\u00e1n, p\u00e9nteken, 15.00-17.00 \u00f3r\u00e1ig a Memento Mori Ki\u00e1ll\u00edt\u00f3helyen ismerkedt\u00fcnk a ki\u00e1ll\u00edt\u00e1ssal \u2013 m\u00e1sk\u00e9pp:<strong>\u00a0<\/strong>el\u0151ad\u00e1sok, koncert, jelmezes t\u00e1rlatvezet\u00e9s keret\u00e9ben.<strong>\u00a0<\/strong>Sz\u00e1mos \u00e9rdekl\u0151d\u0151t vonzott a<strong>\u00a0\u201e<\/strong>M\u00fami\u00e1k a vil\u00e1gban \u00e9s V\u00e1cott\u201d c\u00edm\u0171 el\u0151ad\u00e1s, valamint a fiatal \u00e9s tehets\u00e9ges v\u00e1ci Weixelbaum Laura rendhagy\u00f3 koncertje, mely a Hal\u00e1lt\u00e1nc\/Totentanz c\u00edmet viselte.<\/p>\n<p>2013-ban a M\u00fazeumok \u0150szi Fesztiv\u00e1lj\u00e1n a v\u00e1ci Tragor Ign\u00e1c M\u00fazeumban teh\u00e1t mind\u00f6sszesen 321 f\u0151 vett r\u00e9szt, a legk\u00fcl\u00f6nb\u00f6z\u0151bb koroszt\u00e1lyb\u00f3l.<\/p>\n<p>\u00d6sszegz\u00e9s\u00fcl teh\u00e1t elmondhatjuk, hogy sz\u00e1munkra k\u00fcl\u00f6n\u00f6sen sikeresen z\u00e1rult az idei \u00e9v M\u00fazeumok \u0150szi Fesztiv\u00e1lja &#8211; \u00fagy \u00e9rezz\u00fck, siker\u00fclt teljes m\u00e9rt\u00e9kben megval\u00f3s\u00edtanunk a rendezv\u00e9ny mott\u00f3j\u00e1t \u2013 A M\u00fazeum legyen mindenki\u00e9!<\/p>\n<p>&nbsp;<\/p>\n<p>[\/et_pb_text][et_pb_gallery _builder_version=&#8221;4.27.4&#8243; _module_preset=&#8221;default&#8221; theme_builder_area=&#8221;post_content&#8221; gallery_ids=&#8221;5672,5673,5674,5675&#8243; hover_enabled=&#8221;0&#8243; sticky_enabled=&#8221;0&#8243;][\/et_pb_gallery][\/et_pb_column][\/et_pb_row][\/et_pb_section]<\/p>\n","protected":false},"excerpt":{"rendered":"<p>M\u00fazeumok \u0151szi fesztiv\u00e1lja 2013\u00a02013. november 25. M\u00fazeumok \u0150szi Fesztiv\u00e1lja 2013. Szakmai besz\u00e1mol\u00f3 jelent\u00e9s Okt\u00f3berben a M\u00fazeumok \u0150szi Fesztiv\u00e1lj\u00e1hoz kapcsol\u00f3d\u00f3an a v\u00e1ci Tragor Ign\u00e1c M\u00fazeumban a m\u00fazeumpedag\u00f3gi\u00e1\u00e9 volt a f\u0151szerep \u2013 [&hellip;]<\/p>\n","protected":false},"author":1,"featured_media":0,"parent":0,"menu_order":0,"comment_status":"closed","ping_status":"closed","template":"","meta":{"_et_pb_use_builder":"on","_et_pb_old_content":"","_et_gb_content_width":"","footnotes":""},"class_list":["post-5670","page","type-page","status-publish","hentry"],"yoast_head":"<!-- This site is optimized with the Yoast SEO Premium plugin v27.3 (Yoast SEO v27.3) - https:\/\/yoast.com\/product\/yoast-seo-premium-wordpress\/ -->\n<title>M\u00fazeumok \u0151szi fesztiv\u00e1lja 2013 - TRAGOR IGN\u00c1C M\u00daZEUM \u2022 V\u00c1C<\/title>\n<meta name=\"description\" content=\"Egy m\u00fazeum, ezer \u00e9lm\u00e9ny!\" \/>\n<meta name=\"robots\" content=\"index, follow, max-snippet:-1, max-image-preview:large, max-video-preview:-1\" \/>\n<link rel=\"canonical\" href=\"https:\/\/muzeumvac.hu\/en\/muzeumok-oszi-fesztivalja-2013\/\" \/>\n<meta property=\"og:locale\" content=\"en_GB\" \/>\n<meta property=\"og:type\" content=\"article\" \/>\n<meta property=\"og:title\" content=\"M\u00fazeumok \u0151szi fesztiv\u00e1lja 2013\" \/>\n<meta property=\"og:description\" content=\"Egy m\u00fazeum, ezer \u00e9lm\u00e9ny!\" \/>\n<meta property=\"og:url\" content=\"https:\/\/muzeumvac.hu\/en\/muzeumok-oszi-fesztivalja-2013\/\" \/>\n<meta property=\"og:site_name\" content=\"TRAGOR IGN\u00c1C M\u00daZEUM \u2022 V\u00c1C\" \/>\n<meta property=\"article:publisher\" content=\"https:\/\/www.facebook.com\/vac.tragorignacmuzeum\" \/>\n<meta property=\"article:modified_time\" content=\"2026-01-15T13:50:26+00:00\" \/>\n<meta name=\"twitter:card\" content=\"summary_large_image\" \/>\n<script type=\"application\/ld+json\" class=\"yoast-schema-graph\">{\"@context\":\"https:\\\/\\\/schema.org\",\"@graph\":[{\"@type\":\"WebPage\",\"@id\":\"https:\\\/\\\/muzeumvac.hu\\\/muzeumok-oszi-fesztivalja-2013\\\/\",\"url\":\"https:\\\/\\\/muzeumvac.hu\\\/muzeumok-oszi-fesztivalja-2013\\\/\",\"name\":\"M\u00fazeumok \u0151szi fesztiv\u00e1lja 2013 - TRAGOR IGN\u00c1C M\u00daZEUM \u2022 V\u00c1C\",\"isPartOf\":{\"@id\":\"https:\\\/\\\/muzeumvac.hu\\\/#website\"},\"datePublished\":\"2013-11-25T13:48:00+00:00\",\"dateModified\":\"2026-01-15T13:50:26+00:00\",\"description\":\"Egy m\u00fazeum, ezer \u00e9lm\u00e9ny!\",\"breadcrumb\":{\"@id\":\"https:\\\/\\\/muzeumvac.hu\\\/muzeumok-oszi-fesztivalja-2013\\\/#breadcrumb\"},\"inLanguage\":\"en-GB\",\"potentialAction\":[{\"@type\":\"ReadAction\",\"target\":[\"https:\\\/\\\/muzeumvac.hu\\\/muzeumok-oszi-fesztivalja-2013\\\/\"]}]},{\"@type\":\"BreadcrumbList\",\"@id\":\"https:\\\/\\\/muzeumvac.hu\\\/muzeumok-oszi-fesztivalja-2013\\\/#breadcrumb\",\"itemListElement\":[{\"@type\":\"ListItem\",\"position\":1,\"name\":\"Kezd\u0151lap\",\"item\":\"https:\\\/\\\/muzeumvac.hu\\\/\"},{\"@type\":\"ListItem\",\"position\":2,\"name\":\"M\u00fazeumok \u0151szi fesztiv\u00e1lja 2013\"}]},{\"@type\":\"WebSite\",\"@id\":\"https:\\\/\\\/muzeumvac.hu\\\/#website\",\"url\":\"https:\\\/\\\/muzeumvac.hu\\\/\",\"name\":\"TRAGOR IGN\u00c1C M\u00daZEUM \u2022 V\u00c1C\",\"description\":\"Egy m\u00fazeum, ezer \u00e9lm\u00e9ny!\",\"publisher\":{\"@id\":\"https:\\\/\\\/muzeumvac.hu\\\/#organization\"},\"potentialAction\":[{\"@type\":\"SearchAction\",\"target\":{\"@type\":\"EntryPoint\",\"urlTemplate\":\"https:\\\/\\\/muzeumvac.hu\\\/?s={search_term_string}\"},\"query-input\":{\"@type\":\"PropertyValueSpecification\",\"valueRequired\":true,\"valueName\":\"search_term_string\"}}],\"inLanguage\":\"en-GB\"},{\"@type\":\"Organization\",\"@id\":\"https:\\\/\\\/muzeumvac.hu\\\/#organization\",\"name\":\"TRAGOR IGN\u00c1C M\u00daZEUM \u2022 V\u00c1C\",\"url\":\"https:\\\/\\\/muzeumvac.hu\\\/\",\"logo\":{\"@type\":\"ImageObject\",\"inLanguage\":\"en-GB\",\"@id\":\"https:\\\/\\\/muzeumvac.hu\\\/#\\\/schema\\\/logo\\\/image\\\/\",\"url\":\"https:\\\/\\\/muzeumvac.hu\\\/wp-content\\\/uploads\\\/2025\\\/07\\\/tragor_ignac_logo.png\",\"contentUrl\":\"https:\\\/\\\/muzeumvac.hu\\\/wp-content\\\/uploads\\\/2025\\\/07\\\/tragor_ignac_logo.png\",\"width\":161,\"height\":126,\"caption\":\"TRAGOR IGN\u00c1C M\u00daZEUM \u2022 V\u00c1C\"},\"image\":{\"@id\":\"https:\\\/\\\/muzeumvac.hu\\\/#\\\/schema\\\/logo\\\/image\\\/\"},\"sameAs\":[\"https:\\\/\\\/www.facebook.com\\\/vac.tragorignacmuzeum\",\"https:\\\/\\\/www.instagram.com\\\/tragormuzeum\",\"https:\\\/\\\/www.youtube.com\\\/@TragorIgncMzeum-vac\"]}]}<\/script>\n<!-- \/ Yoast SEO Premium plugin. -->","yoast_head_json":{"title":"M\u00fazeumok \u0151szi fesztiv\u00e1lja 2013 - TRAGOR IGN\u00c1C M\u00daZEUM \u2022 V\u00c1C","description":"One museum, a thousand experiences!","robots":{"index":"index","follow":"follow","max-snippet":"max-snippet:-1","max-image-preview":"max-image-preview:large","max-video-preview":"max-video-preview:-1"},"canonical":"https:\/\/muzeumvac.hu\/en\/muzeumok-oszi-fesztivalja-2013\/","og_locale":"en_GB","og_type":"article","og_title":"M\u00fazeumok \u0151szi fesztiv\u00e1lja 2013","og_description":"Egy m\u00fazeum, ezer \u00e9lm\u00e9ny!","og_url":"https:\/\/muzeumvac.hu\/en\/muzeumok-oszi-fesztivalja-2013\/","og_site_name":"TRAGOR IGN\u00c1C M\u00daZEUM \u2022 V\u00c1C","article_publisher":"https:\/\/www.facebook.com\/vac.tragorignacmuzeum","article_modified_time":"2026-01-15T13:50:26+00:00","twitter_card":"summary_large_image","schema":{"@context":"https:\/\/schema.org","@graph":[{"@type":"WebPage","@id":"https:\/\/muzeumvac.hu\/muzeumok-oszi-fesztivalja-2013\/","url":"https:\/\/muzeumvac.hu\/muzeumok-oszi-fesztivalja-2013\/","name":"M\u00fazeumok \u0151szi fesztiv\u00e1lja 2013 - TRAGOR IGN\u00c1C M\u00daZEUM \u2022 V\u00c1C","isPartOf":{"@id":"https:\/\/muzeumvac.hu\/#website"},"datePublished":"2013-11-25T13:48:00+00:00","dateModified":"2026-01-15T13:50:26+00:00","description":"One museum, a thousand experiences!","breadcrumb":{"@id":"https:\/\/muzeumvac.hu\/muzeumok-oszi-fesztivalja-2013\/#breadcrumb"},"inLanguage":"en-GB","potentialAction":[{"@type":"ReadAction","target":["https:\/\/muzeumvac.hu\/muzeumok-oszi-fesztivalja-2013\/"]}]},{"@type":"BreadcrumbList","@id":"https:\/\/muzeumvac.hu\/muzeumok-oszi-fesztivalja-2013\/#breadcrumb","itemListElement":[{"@type":"ListItem","position":1,"name":"Kezd\u0151lap","item":"https:\/\/muzeumvac.hu\/"},{"@type":"ListItem","position":2,"name":"M\u00fazeumok \u0151szi fesztiv\u00e1lja 2013"}]},{"@type":"WebSite","@id":"https:\/\/muzeumvac.hu\/#website","url":"https:\/\/muzeumvac.hu\/","name":"TRAGOR IGN\u00c1C M\u00daZEUM \u2022 V\u00c1C","description":"One museum, a thousand experiences!","publisher":{"@id":"https:\/\/muzeumvac.hu\/#organization"},"potentialAction":[{"@type":"SearchAction","target":{"@type":"EntryPoint","urlTemplate":"https:\/\/muzeumvac.hu\/?s={search_term_string}"},"query-input":{"@type":"PropertyValueSpecification","valueRequired":true,"valueName":"search_term_string"}}],"inLanguage":"en-GB"},{"@type":"Organization","@id":"https:\/\/muzeumvac.hu\/#organization","name":"TRAGOR IGN\u00c1C M\u00daZEUM \u2022 V\u00c1C","url":"https:\/\/muzeumvac.hu\/","logo":{"@type":"ImageObject","inLanguage":"en-GB","@id":"https:\/\/muzeumvac.hu\/#\/schema\/logo\/image\/","url":"https:\/\/muzeumvac.hu\/wp-content\/uploads\/2025\/07\/tragor_ignac_logo.png","contentUrl":"https:\/\/muzeumvac.hu\/wp-content\/uploads\/2025\/07\/tragor_ignac_logo.png","width":161,"height":126,"caption":"TRAGOR IGN\u00c1C M\u00daZEUM \u2022 V\u00c1C"},"image":{"@id":"https:\/\/muzeumvac.hu\/#\/schema\/logo\/image\/"},"sameAs":["https:\/\/www.facebook.com\/vac.tragorignacmuzeum","https:\/\/www.instagram.com\/tragormuzeum","https:\/\/www.youtube.com\/@TragorIgncMzeum-vac"]}]}},"_links":{"self":[{"href":"https:\/\/muzeumvac.hu\/en\/wp-json\/wp\/v2\/pages\/5670","targetHints":{"allow":["GET"]}}],"collection":[{"href":"https:\/\/muzeumvac.hu\/en\/wp-json\/wp\/v2\/pages"}],"about":[{"href":"https:\/\/muzeumvac.hu\/en\/wp-json\/wp\/v2\/types\/page"}],"author":[{"embeddable":true,"href":"https:\/\/muzeumvac.hu\/en\/wp-json\/wp\/v2\/users\/1"}],"replies":[{"embeddable":true,"href":"https:\/\/muzeumvac.hu\/en\/wp-json\/wp\/v2\/comments?post=5670"}],"version-history":[{"count":2,"href":"https:\/\/muzeumvac.hu\/en\/wp-json\/wp\/v2\/pages\/5670\/revisions"}],"predecessor-version":[{"id":5676,"href":"https:\/\/muzeumvac.hu\/en\/wp-json\/wp\/v2\/pages\/5670\/revisions\/5676"}],"wp:attachment":[{"href":"https:\/\/muzeumvac.hu\/en\/wp-json\/wp\/v2\/media?parent=5670"}],"curies":[{"name":"wp","href":"https:\/\/api.w.org\/{rel}","templated":true}]}}