{"id":5658,"date":"2014-01-15T14:36:00","date_gmt":"2014-01-15T13:36:00","guid":{"rendered":"https:\/\/muzeumvac.hu\/?page_id=5658"},"modified":"2026-01-15T14:41:46","modified_gmt":"2026-01-15T13:41:46","slug":"szakmai-beszamolo-a-muzeum-2013-ban-elnyert-nka-palyazatahoz","status":"publish","type":"page","link":"https:\/\/muzeumvac.hu\/en\/szakmai-beszamolo-a-muzeum-2013-ban-elnyert-nka-palyazatahoz\/","title":{"rendered":"Szakmai besz\u00e1mol\u00f3 a M\u00fazeum 2013-ban elnyert NKA p\u00e1ly\u00e1zat\u00e1hoz"},"content":{"rendered":"<p>[et_pb_section fb_built=&#8221;1&#8243; theme_builder_area=&#8221;post_content&#8221; _builder_version=&#8221;4.27.4&#8243; _module_preset=&#8221;default&#8221;][et_pb_row _builder_version=&#8221;4.27.4&#8243; _module_preset=&#8221;default&#8221; theme_builder_area=&#8221;post_content&#8221;][et_pb_column _builder_version=&#8221;4.27.4&#8243; _module_preset=&#8221;default&#8221; type=&#8221;4_4&#8243; theme_builder_area=&#8221;post_content&#8221;][et_pb_text _builder_version=&#8221;4.27.4&#8243; _module_preset=&#8221;default&#8221; theme_builder_area=&#8221;post_content&#8221; hover_enabled=&#8221;0&#8243; sticky_enabled=&#8221;0&#8243;]<\/p>\n<p>Szakmai besz\u00e1mol\u00f3 a M\u00fazeum 2013-ban elnyert NKA p\u00e1ly\u00e1zat\u00e1hoz<br \/>\u00a02014. janu\u00e1r 15.<\/p>\n<p><strong>A p\u00e1ly\u00e1zat c\u00e9lja: A Tragor Ign\u00e1c M\u00fazeum \u00faj arculat\u00e1nak, int\u00e9zm\u00e9nyi im\u00e1zs\u00e1nak \u00e9s \u00f6n\u00e1ll\u00f3 honlapj\u00e1nak kialak\u00edt\u00e1sa.<\/strong><\/p>\n<p>A Tragor Ign\u00e1c M\u00fazeum a p\u00e1ly\u00e1zaton elnyert \u00f6sszegb\u0151l elk\u00e9sz\u00edttette\u00a0<strong>Arculati k\u00e9zik\u00f6nyv\u00e9t<\/strong>, mely az al\u00e1bbi elemeket tartalmazza:<\/p>\n<p>Az int\u00e9zm\u00e9ny log\u00f3j\u00e1t:<\/p>\n<p>Tartalmazza tov\u00e1bb\u00e1 a m\u00fazeum \u00e1ltal a tov\u00e1bbiakban haszn\u00e1land\u00f3 arculati sz\u00edneket \u00e9s bet\u0171t\u00edpusokat, a log\u00f3 haszn\u00e1lat\u00e1nak lehets\u00e9ges m\u00f3dozatait, a leend\u0151 m\u00fazeumi kiadv\u00e1nyok (k\u00f6tet, plak\u00e1t, megh\u00edv\u00f3, sz\u00f3r\u00f3anyag) egys\u00e9ges\u00a0oldalszerkeszt\u00e9si elveit \u00e9s n\u00e9vjegyk\u00e1rty\u00e1t. A tervez\u00e9s \u00e9s kivitelez\u00e9s az Arcus St\u00fadi\u00f3 munk\u00e1ja.<\/p>\n<p>A p\u00e1ly\u00e1zati hat\u00e1rid\u0151re elk\u00e9sz\u00fclt \u00e9s 2013. december 1-t\u0151l mindenki sz\u00e1m\u00e1ra el\u00e9rhet\u0151v\u00e9 v\u00e1lt nagy \u00f6r\u00f6m\u00fcnkre a\u00a0<strong>Tragor Ign\u00e1c M\u00fazeum honlapja<\/strong>:\u00a0<a href=\"https:\/\/muzeumvac.hu\/\">www.muzeumvac.hu<\/a>\u00a0c\u00edmen.<\/p>\n<p>A Google keres\u0151fel\u00fclet\u00e9n az int\u00e9zm\u00e9nyre keresve els\u0151 helyen adja ki a tal\u00e1latot.<\/p>\n<p>C\u00e9lunk az volt, hogy a m\u00fazeum arculat\u00e1hoz illeszked\u0151, l\u00e1tv\u00e1nyos, korszer\u0171, de k\u00f6nnyen kezelhet\u0151, ugyanakkor biztons\u00e1gos fel\u00fcletet kapjunk, amelyen megmutathatjuk a m\u00fazeum gy\u0171jtem\u00e9nyeit, ki\u00e1ll\u00edt\u00e1sait, egy\u00e9b programjainkat \u2013 \u00e9s fontos inform\u00e1ci\u00f3kat k\u00f6z\u00f6lj\u00fcnk az \u00e9rdekl\u0151d\u0151kkel.<\/p>\n<p>A weblap V\u00e1rady R\u00f3bert fest\u0151m\u0171v\u00e9sz Cyber-t\u00e9rben c\u00edm\u0171, 2008-as festm\u00e9ny\u00e9nek felhaszn\u00e1l\u00e1s\u00e1val k\u00e9sz\u00fclt, a k\u00e9p a m\u00fazeum gy\u0171jtem\u00e9ny\u00e9ben tal\u00e1lhat\u00f3. A l\u00e1tv\u00e1ny fontos eleme a men\u00fcsor alatt elhelyezked\u0151 k\u00e9pforgat\u00f3. A grafikai tervez\u00e9s az Arcus St\u00fadi\u00f3, a webfejleszt\u00e9s a DunaWeb kft. munk\u00e1ja. A honlap jelenleg magyar \u00e9s angol nyelven (statikus oldalak) el\u00e9rhet\u0151. A design v\u00edzszintes men\u00fcrendszerre k\u00e9sz\u00fclt. A honlap adatb\u00e1zis \u00e9s applik\u00e1ci\u00f3s h\u00e1tt\u00e9rrel, tov\u00e1bb\u00e1 adminisztr\u00e1ci\u00f3s h\u00e1tt\u00e9rrel rendelkezik. Az oldal k\u00e9tf\u00e9le t\u00edpus\u00fa al-oldalakat tartalmaz, a ritk\u00e1bb friss\u00edt\u00e9st ig\u00e9nyl\u0151 statikus al-oldalakat, illetve a folyamatosan friss\u00edthet\u0151 dinamikus al-oldalakat. A honlap-adminisztr\u00e1ci\u00f3t a m\u00fazeum munkat\u00e1rsai v\u00e9gzik.<\/p>\n<p><strong>Men\u00fcpontok \u00e9s funkci\u00f3k:<\/strong><\/p>\n<p><strong>F\u0151oldal\/Aktualit\u00e1sok<\/strong>: A kezd\u0151lapra mutat\u00f3 link, az adminisztr\u00e1ci\u00f3s fel\u00fcleten r\u00f6gz\u00edtett tartalmak gy\u0171jt\u0151oldala. El\u00e9rhet\u0151 a teljes men\u00fc-szerkezet. F\u0151 eleme az Aktualit\u00e1sok, ahol a bejegyz\u00e9sek id\u0151rendben k\u00f6vetik egym\u00e1st, a h\u00edrekhez fot\u00f3, vide\u00f3 is csatolhat\u00f3. Az aktualit\u00e1sokhoz programnapt\u00e1r csatlakozik, napt\u00e1r-dobozzal. Hosszabb haszn\u00e1lat eset\u00e9n h\u00edr-arch\u00edvumk\u00e9nt is m\u0171k\u00f6dik.<\/p>\n<p><strong>F\u0151oldal\/Aktualit\u00e1sok<\/strong><\/p>\n<p><strong>Programok:\u00a0<\/strong>A programok pont alatt \u2013 szint\u00e9n a programnapt\u00e1rhoz kapcsolva \u2013 \u00e9rhet\u0151ek el a m\u00fazeum programjai, esem\u00e9nyei: \u00faj id\u0151szaki ki\u00e1ll\u00edt\u00e1sok, rendezv\u00e9nyek.<\/p>\n<p><strong>Ki\u00e1ll\u00edt\u00e1sok:<\/strong>\u00a0Az \u00e1ltal\u00e1nos inform\u00e1ci\u00f3kat \u00e9s vide\u00f3 filmet tartalmaz\u00f3 oldal mellett k\u00fcl\u00f6n al-oldalon tal\u00e1lhat\u00f3k az \u00e1lland\u00f3 ki\u00e1ll\u00edt\u00e1sainkkal kapcsolatos inform\u00e1ci\u00f3k: a Memento Mori, a K\u00f6z\u00e9pkori Pince, a Szent Mih\u00e1ly Altemplom, tov\u00e1bb\u00e1 egy k\u00e9pes v\u00e1rost\u00f6rt\u00e9net, c\u00edmmel \u00e9s bevezet\u0151vel. A\u00a0<em>tov\u00e1bb<\/em>\u00a0gombra kattintva ny\u00edlik meg a teljes tartalom hosszabb sz\u00f6veggel, k\u00e9pekkel. Az id\u0151szaki ki\u00e1ll\u00edt\u00e1s pont alatt a G\u00f6r\u00f6g Templom Ki\u00e1ll\u00edt\u00f3teremben rendezett ki\u00e1ll\u00edt\u00e1sokkal kapcsolatos inform\u00e1ci\u00f3k kapnak helyet.<\/p>\n<p><strong>Ki\u00e1ll\u00edt\u00e1sok<\/strong><\/p>\n<p><strong>Ki\u00e1ll\u00edt\u00e1sok\/Memento Mori<\/strong><\/p>\n<p><strong>A M\u00fazeum:\u00a0<\/strong>A pont t\u00f6bb<strong>\u00a0<\/strong>alpontot tartalmaz. A m\u00fazeum\u00a0<strong>t\u00f6rt\u00e9net\u00e9t<\/strong>\u00a0\u00e9s\u00a0<strong>gy\u0171jtem\u00e9nyeit\u00a0<\/strong>1-1 hosszabb sz\u00f6veget \u00e9s sok k\u00e9pet tartalmaz\u00f3 statikus alpontban mutatjuk be. Itt tal\u00e1lhat\u00f3 a m\u00fazeum\u00a0<strong>munkat\u00e1rsait\u00a0<\/strong>\u00e9s el\u00e9rhet\u0151s\u00e9geiket tartalmaz\u00f3 alpont.<\/p>\n<p>A pont tartalmazza az int\u00e9zm\u00e9ny\u00a0<strong>m\u0171k\u00f6d\u00e9s\u00e9nek dokumentumait,\u00a0<\/strong>innen t\u00f6lthet\u0151 le pl. a kutat\u00e1si enged\u00e9ly-k\u00e9r\u0151 formanyomtatv\u00e1ny. Ide t\u00f6lthetik fel tov\u00e1bb\u00e1 a m\u00fazeum munkat\u00e1rsai a p\u00e1ly\u00e1zatokkal kapcsolatos dokumentumokat,\u00a0<strong>p\u00e1ly\u00e1zati besz\u00e1mol\u00f3kat<\/strong>.<\/p>\n<p><strong>M\u00fazeumpedag\u00f3gia:<\/strong>\u00a0A pont alatt \u00e9rhet\u0151k el m\u00fazeumpedag\u00f3giai c\u00e9ljaink \u00e9s t\u00f6rekv\u00e9seink, v\u00e1laszthat\u00f3 m\u00fazeumpedag\u00f3giai programjaink, tov\u00e1bb\u00e1 az \u00f6nk\u00e9ntes-programunkkal kapcsolatos inform\u00e1ci\u00f3k.<\/p>\n<p><strong>Inform\u00e1ci\u00f3k:<\/strong>\u00a0Itt tal\u00e1lhat\u00f3k a l\u00e1togat\u00f3kat, illetve a kutat\u00f3kat legink\u00e1bb \u00e9rdekl\u0151 inform\u00e1ci\u00f3k: ki\u00e1ll\u00edt\u00f3helyeink megk\u00f6zel\u00edthet\u0151s\u00e9ge, a ki\u00e1ll\u00edt\u00f3helyek nyitva tart\u00e1sa, bel\u00e9p\u0151jegyek \u00e9s kedvezm\u00e9nyek, megv\u00e1s\u00e1rolhat\u00f3 kiadv\u00e1nyaink, kutat\u00e1si lehet\u0151s\u00e9gek a m\u00fazeumban, illetve a gyakornoki programunkon val\u00f3 r\u00e9szv\u00e9tel lehet\u0151s\u00e9gei.<\/p>\n<p><strong>Inform\u00e1ci\u00f3k<\/strong><\/p>\n<p>A\u00a0<strong>Gal\u00e9ria<\/strong>\u00a0men\u00fcpont alatt az \u00e9rdekl\u0151d\u0151k v\u00e1logatott, k\u00fcl\u00f6nb\u00f6z\u0151 gal\u00e9ri\u00e1kba rendezett k\u00e9panyagokat tal\u00e1lhatnak kedvcsin\u00e1l\u00f3 gyan\u00e1nt a m\u00fazeum t\u00f6rt\u00e9net\u00e9r\u0151l, gy\u0171jtem\u00e9nyeir\u0151l, V\u00e1c v\u00e1ros t\u00f6rt\u00e9net\u00e9r\u0151l, m\u00fazeumi programokr\u00f3l. \u00a0A k\u00e9pek nagy\u00edthat\u00f3ak, de menteni csak linkk\u00e9nt, vagy kis form\u00e1tumban lehet.<\/p>\n<p><strong>Gal\u00e9ria<\/strong><\/p>\n<p>Mivel a m\u00fazeum f\u0151\u00e9p\u00fclete \u00e9s ki\u00e1ll\u00edt\u00f3helyei nem egy helyen tal\u00e1lhat\u00f3k, a l\u00e1togat\u00f3k jobb t\u00e1j\u00e9koztat\u00e1sa \u00e9rdek\u00e9ben mind az\u00a0<strong>El\u00e9rhet\u0151s\u00e9gek<\/strong>\u00a0men\u00fcpont alatt \u2013 ahol c\u00edmeink, email-c\u00edmeink \u00e9s telefonsz\u00e1maink tal\u00e1lhat\u00f3k \u2013 mind a jobb oldali f\u00fcgg\u0151leges\u00a0<strong>T\u00e9rk\u00e9p<\/strong>\u00a0men\u00fcpont alatt V\u00e1c v\u00e1ros t\u00e9rk\u00e9p\u00e9t tal\u00e1lja az \u00e9rdekl\u0151d\u0151, benne megjel\u00f6lve valamennyi, a m\u00fazeumhoz tartoz\u00f3 \u00e9p\u00fcletet.<\/p>\n<p><strong>El\u00e9rhet\u0151s\u00e9g\/T\u00e9rk\u00e9p<\/strong><\/p>\n<p>A honlaphoz tov\u00e1bb\u00e1\u00a0<strong>H\u00edrlev\u00e9l-k\u00fcld\u0151<\/strong>\u00a0szolg\u00e1ltat\u00e1s is csatlakozik. A tartalmak k\u00f6nnyebb el\u00e9rhet\u0151s\u00e9g\u00e9t az oldalon m\u0171k\u00f6d\u0151\u00a0<strong>keres\u0151funkci\u00f3<\/strong>\u00a0seg\u00edti.<\/p>\n<p>Napjainkban egy honlap nem m\u0171k\u00f6dhet\u00a0<strong>k\u00f6z\u00f6ss\u00e9gi m\u00e9dia funkci\u00f3k<\/strong>\u00a0n\u00e9lk\u00fcl. Az oldalr\u00f3l el\u00e9rhet\u0151 a Tragor Ign\u00e1c M\u00fazeum\u00a0<strong>facebook-profilja<\/strong>\u00a0is. Egyes tartalmak, pl. az Aktualit\u00e1sok megoszthat\u00f3ak a k\u00f6z\u00f6ss\u00e9gi port\u00e1lokon (facebook, iwiw, twitter, google+), de lehet\u0151s\u00e9g van emailen val\u00f3 tov\u00e1bbk\u00fcld\u00e9sre \u00e9s nyomtat\u00e1sra is.<\/p>\n<p>&nbsp;<\/p>\n<p>[\/et_pb_text][et_pb_gallery _builder_version=&#8221;4.27.4&#8243; _module_preset=&#8221;default&#8221; theme_builder_area=&#8221;post_content&#8221; gallery_ids=&#8221;5660,5661,5662,5663,5664,5665,5668&#8243; hover_enabled=&#8221;0&#8243; sticky_enabled=&#8221;0&#8243;][\/et_pb_gallery][\/et_pb_column][\/et_pb_row][\/et_pb_section]<\/p>\n","protected":false},"excerpt":{"rendered":"<p>Szakmai besz\u00e1mol\u00f3 a M\u00fazeum 2013-ban elnyert NKA p\u00e1ly\u00e1zat\u00e1hoz\u00a02014. janu\u00e1r 15. A p\u00e1ly\u00e1zat c\u00e9lja: A Tragor Ign\u00e1c M\u00fazeum \u00faj arculat\u00e1nak, int\u00e9zm\u00e9nyi im\u00e1zs\u00e1nak \u00e9s \u00f6n\u00e1ll\u00f3 honlapj\u00e1nak kialak\u00edt\u00e1sa. A Tragor Ign\u00e1c M\u00fazeum a [&hellip;]<\/p>\n","protected":false},"author":1,"featured_media":0,"parent":0,"menu_order":0,"comment_status":"closed","ping_status":"closed","template":"","meta":{"_et_pb_use_builder":"on","_et_pb_old_content":"","_et_gb_content_width":"","footnotes":""},"class_list":["post-5658","page","type-page","status-publish","hentry"],"yoast_head":"<!-- This site is optimized with the Yoast SEO Premium plugin v27.3 (Yoast SEO v27.3) - https:\/\/yoast.com\/product\/yoast-seo-premium-wordpress\/ -->\n<title>Szakmai besz\u00e1mol\u00f3 a M\u00fazeum 2013-ban elnyert NKA p\u00e1ly\u00e1zat\u00e1hoz - TRAGOR IGN\u00c1C M\u00daZEUM \u2022 V\u00c1C<\/title>\n<meta name=\"description\" content=\"Egy m\u00fazeum, ezer \u00e9lm\u00e9ny!\" \/>\n<meta name=\"robots\" content=\"index, follow, max-snippet:-1, max-image-preview:large, max-video-preview:-1\" \/>\n<link rel=\"canonical\" href=\"https:\/\/muzeumvac.hu\/en\/szakmai-beszamolo-a-muzeum-2013-ban-elnyert-nka-palyazatahoz\/\" \/>\n<meta property=\"og:locale\" content=\"en_GB\" \/>\n<meta property=\"og:type\" content=\"article\" \/>\n<meta property=\"og:title\" content=\"Szakmai besz\u00e1mol\u00f3 a M\u00fazeum 2013-ban elnyert NKA p\u00e1ly\u00e1zat\u00e1hoz\" \/>\n<meta property=\"og:description\" content=\"Egy m\u00fazeum, ezer \u00e9lm\u00e9ny!\" \/>\n<meta property=\"og:url\" content=\"https:\/\/muzeumvac.hu\/en\/szakmai-beszamolo-a-muzeum-2013-ban-elnyert-nka-palyazatahoz\/\" \/>\n<meta property=\"og:site_name\" content=\"TRAGOR IGN\u00c1C M\u00daZEUM \u2022 V\u00c1C\" \/>\n<meta property=\"article:publisher\" content=\"https:\/\/www.facebook.com\/vac.tragorignacmuzeum\" \/>\n<meta property=\"article:modified_time\" content=\"2026-01-15T13:41:46+00:00\" \/>\n<meta name=\"twitter:card\" content=\"summary_large_image\" \/>\n<script type=\"application\/ld+json\" class=\"yoast-schema-graph\">{\"@context\":\"https:\\\/\\\/schema.org\",\"@graph\":[{\"@type\":\"WebPage\",\"@id\":\"https:\\\/\\\/muzeumvac.hu\\\/szakmai-beszamolo-a-muzeum-2013-ban-elnyert-nka-palyazatahoz\\\/\",\"url\":\"https:\\\/\\\/muzeumvac.hu\\\/szakmai-beszamolo-a-muzeum-2013-ban-elnyert-nka-palyazatahoz\\\/\",\"name\":\"Szakmai besz\u00e1mol\u00f3 a M\u00fazeum 2013-ban elnyert NKA p\u00e1ly\u00e1zat\u00e1hoz - TRAGOR IGN\u00c1C M\u00daZEUM \u2022 V\u00c1C\",\"isPartOf\":{\"@id\":\"https:\\\/\\\/muzeumvac.hu\\\/#website\"},\"datePublished\":\"2014-01-15T13:36:00+00:00\",\"dateModified\":\"2026-01-15T13:41:46+00:00\",\"description\":\"Egy m\u00fazeum, ezer \u00e9lm\u00e9ny!\",\"breadcrumb\":{\"@id\":\"https:\\\/\\\/muzeumvac.hu\\\/szakmai-beszamolo-a-muzeum-2013-ban-elnyert-nka-palyazatahoz\\\/#breadcrumb\"},\"inLanguage\":\"en-GB\",\"potentialAction\":[{\"@type\":\"ReadAction\",\"target\":[\"https:\\\/\\\/muzeumvac.hu\\\/szakmai-beszamolo-a-muzeum-2013-ban-elnyert-nka-palyazatahoz\\\/\"]}]},{\"@type\":\"BreadcrumbList\",\"@id\":\"https:\\\/\\\/muzeumvac.hu\\\/szakmai-beszamolo-a-muzeum-2013-ban-elnyert-nka-palyazatahoz\\\/#breadcrumb\",\"itemListElement\":[{\"@type\":\"ListItem\",\"position\":1,\"name\":\"Kezd\u0151lap\",\"item\":\"https:\\\/\\\/muzeumvac.hu\\\/\"},{\"@type\":\"ListItem\",\"position\":2,\"name\":\"Szakmai besz\u00e1mol\u00f3 a M\u00fazeum 2013-ban elnyert NKA p\u00e1ly\u00e1zat\u00e1hoz\"}]},{\"@type\":\"WebSite\",\"@id\":\"https:\\\/\\\/muzeumvac.hu\\\/#website\",\"url\":\"https:\\\/\\\/muzeumvac.hu\\\/\",\"name\":\"TRAGOR IGN\u00c1C M\u00daZEUM \u2022 V\u00c1C\",\"description\":\"Egy m\u00fazeum, ezer \u00e9lm\u00e9ny!\",\"publisher\":{\"@id\":\"https:\\\/\\\/muzeumvac.hu\\\/#organization\"},\"potentialAction\":[{\"@type\":\"SearchAction\",\"target\":{\"@type\":\"EntryPoint\",\"urlTemplate\":\"https:\\\/\\\/muzeumvac.hu\\\/?s={search_term_string}\"},\"query-input\":{\"@type\":\"PropertyValueSpecification\",\"valueRequired\":true,\"valueName\":\"search_term_string\"}}],\"inLanguage\":\"en-GB\"},{\"@type\":\"Organization\",\"@id\":\"https:\\\/\\\/muzeumvac.hu\\\/#organization\",\"name\":\"TRAGOR IGN\u00c1C M\u00daZEUM \u2022 V\u00c1C\",\"url\":\"https:\\\/\\\/muzeumvac.hu\\\/\",\"logo\":{\"@type\":\"ImageObject\",\"inLanguage\":\"en-GB\",\"@id\":\"https:\\\/\\\/muzeumvac.hu\\\/#\\\/schema\\\/logo\\\/image\\\/\",\"url\":\"https:\\\/\\\/muzeumvac.hu\\\/wp-content\\\/uploads\\\/2025\\\/07\\\/tragor_ignac_logo.png\",\"contentUrl\":\"https:\\\/\\\/muzeumvac.hu\\\/wp-content\\\/uploads\\\/2025\\\/07\\\/tragor_ignac_logo.png\",\"width\":161,\"height\":126,\"caption\":\"TRAGOR IGN\u00c1C M\u00daZEUM \u2022 V\u00c1C\"},\"image\":{\"@id\":\"https:\\\/\\\/muzeumvac.hu\\\/#\\\/schema\\\/logo\\\/image\\\/\"},\"sameAs\":[\"https:\\\/\\\/www.facebook.com\\\/vac.tragorignacmuzeum\",\"https:\\\/\\\/www.instagram.com\\\/tragormuzeum\",\"https:\\\/\\\/www.youtube.com\\\/@TragorIgncMzeum-vac\"]}]}<\/script>\n<!-- \/ Yoast SEO Premium plugin. -->","yoast_head_json":{"title":"Szakmai besz\u00e1mol\u00f3 a M\u00fazeum 2013-ban elnyert NKA p\u00e1ly\u00e1zat\u00e1hoz - TRAGOR IGN\u00c1C M\u00daZEUM \u2022 V\u00c1C","description":"One museum, a thousand experiences!","robots":{"index":"index","follow":"follow","max-snippet":"max-snippet:-1","max-image-preview":"max-image-preview:large","max-video-preview":"max-video-preview:-1"},"canonical":"https:\/\/muzeumvac.hu\/en\/szakmai-beszamolo-a-muzeum-2013-ban-elnyert-nka-palyazatahoz\/","og_locale":"en_GB","og_type":"article","og_title":"Szakmai besz\u00e1mol\u00f3 a M\u00fazeum 2013-ban elnyert NKA p\u00e1ly\u00e1zat\u00e1hoz","og_description":"Egy m\u00fazeum, ezer \u00e9lm\u00e9ny!","og_url":"https:\/\/muzeumvac.hu\/en\/szakmai-beszamolo-a-muzeum-2013-ban-elnyert-nka-palyazatahoz\/","og_site_name":"TRAGOR IGN\u00c1C M\u00daZEUM \u2022 V\u00c1C","article_publisher":"https:\/\/www.facebook.com\/vac.tragorignacmuzeum","article_modified_time":"2026-01-15T13:41:46+00:00","twitter_card":"summary_large_image","schema":{"@context":"https:\/\/schema.org","@graph":[{"@type":"WebPage","@id":"https:\/\/muzeumvac.hu\/szakmai-beszamolo-a-muzeum-2013-ban-elnyert-nka-palyazatahoz\/","url":"https:\/\/muzeumvac.hu\/szakmai-beszamolo-a-muzeum-2013-ban-elnyert-nka-palyazatahoz\/","name":"Szakmai besz\u00e1mol\u00f3 a M\u00fazeum 2013-ban elnyert NKA p\u00e1ly\u00e1zat\u00e1hoz - TRAGOR IGN\u00c1C M\u00daZEUM \u2022 V\u00c1C","isPartOf":{"@id":"https:\/\/muzeumvac.hu\/#website"},"datePublished":"2014-01-15T13:36:00+00:00","dateModified":"2026-01-15T13:41:46+00:00","description":"One museum, a thousand experiences!","breadcrumb":{"@id":"https:\/\/muzeumvac.hu\/szakmai-beszamolo-a-muzeum-2013-ban-elnyert-nka-palyazatahoz\/#breadcrumb"},"inLanguage":"en-GB","potentialAction":[{"@type":"ReadAction","target":["https:\/\/muzeumvac.hu\/szakmai-beszamolo-a-muzeum-2013-ban-elnyert-nka-palyazatahoz\/"]}]},{"@type":"BreadcrumbList","@id":"https:\/\/muzeumvac.hu\/szakmai-beszamolo-a-muzeum-2013-ban-elnyert-nka-palyazatahoz\/#breadcrumb","itemListElement":[{"@type":"ListItem","position":1,"name":"Kezd\u0151lap","item":"https:\/\/muzeumvac.hu\/"},{"@type":"ListItem","position":2,"name":"Szakmai besz\u00e1mol\u00f3 a M\u00fazeum 2013-ban elnyert NKA p\u00e1ly\u00e1zat\u00e1hoz"}]},{"@type":"WebSite","@id":"https:\/\/muzeumvac.hu\/#website","url":"https:\/\/muzeumvac.hu\/","name":"TRAGOR IGN\u00c1C M\u00daZEUM \u2022 V\u00c1C","description":"One museum, a thousand experiences!","publisher":{"@id":"https:\/\/muzeumvac.hu\/#organization"},"potentialAction":[{"@type":"SearchAction","target":{"@type":"EntryPoint","urlTemplate":"https:\/\/muzeumvac.hu\/?s={search_term_string}"},"query-input":{"@type":"PropertyValueSpecification","valueRequired":true,"valueName":"search_term_string"}}],"inLanguage":"en-GB"},{"@type":"Organization","@id":"https:\/\/muzeumvac.hu\/#organization","name":"TRAGOR IGN\u00c1C M\u00daZEUM \u2022 V\u00c1C","url":"https:\/\/muzeumvac.hu\/","logo":{"@type":"ImageObject","inLanguage":"en-GB","@id":"https:\/\/muzeumvac.hu\/#\/schema\/logo\/image\/","url":"https:\/\/muzeumvac.hu\/wp-content\/uploads\/2025\/07\/tragor_ignac_logo.png","contentUrl":"https:\/\/muzeumvac.hu\/wp-content\/uploads\/2025\/07\/tragor_ignac_logo.png","width":161,"height":126,"caption":"TRAGOR IGN\u00c1C M\u00daZEUM \u2022 V\u00c1C"},"image":{"@id":"https:\/\/muzeumvac.hu\/#\/schema\/logo\/image\/"},"sameAs":["https:\/\/www.facebook.com\/vac.tragorignacmuzeum","https:\/\/www.instagram.com\/tragormuzeum","https:\/\/www.youtube.com\/@TragorIgncMzeum-vac"]}]}},"_links":{"self":[{"href":"https:\/\/muzeumvac.hu\/en\/wp-json\/wp\/v2\/pages\/5658","targetHints":{"allow":["GET"]}}],"collection":[{"href":"https:\/\/muzeumvac.hu\/en\/wp-json\/wp\/v2\/pages"}],"about":[{"href":"https:\/\/muzeumvac.hu\/en\/wp-json\/wp\/v2\/types\/page"}],"author":[{"embeddable":true,"href":"https:\/\/muzeumvac.hu\/en\/wp-json\/wp\/v2\/users\/1"}],"replies":[{"embeddable":true,"href":"https:\/\/muzeumvac.hu\/en\/wp-json\/wp\/v2\/comments?post=5658"}],"version-history":[{"count":2,"href":"https:\/\/muzeumvac.hu\/en\/wp-json\/wp\/v2\/pages\/5658\/revisions"}],"predecessor-version":[{"id":5669,"href":"https:\/\/muzeumvac.hu\/en\/wp-json\/wp\/v2\/pages\/5658\/revisions\/5669"}],"wp:attachment":[{"href":"https:\/\/muzeumvac.hu\/en\/wp-json\/wp\/v2\/media?parent=5658"}],"curies":[{"name":"wp","href":"https:\/\/api.w.org\/{rel}","templated":true}]}}