{"id":5645,"date":"2014-11-27T14:33:00","date_gmt":"2014-11-27T13:33:00","guid":{"rendered":"https:\/\/muzeumvac.hu\/?page_id=5645"},"modified":"2026-01-15T14:34:41","modified_gmt":"2026-01-15T13:34:41","slug":"szakmai-beszamolo-a-muzeum-2013-ban-elnyert-nka-palyazatahoz-gyujtemenyi-tevekenyseg","status":"publish","type":"page","link":"https:\/\/muzeumvac.hu\/en\/szakmai-beszamolo-a-muzeum-2013-ban-elnyert-nka-palyazatahoz-gyujtemenyi-tevekenyseg\/","title":{"rendered":"Szakmai besz\u00e1mol\u00f3 a M\u00fazeum 2013-ban elnyert NKA p\u00e1ly\u00e1zat\u00e1hoz, gy\u0171jtem\u00e9nyi tev\u00e9kenys\u00e9g"},"content":{"rendered":"<p>[et_pb_section fb_built=&#8221;1&#8243; theme_builder_area=&#8221;post_content&#8221; _builder_version=&#8221;4.27.4&#8243; _module_preset=&#8221;default&#8221;][et_pb_row _builder_version=&#8221;4.27.4&#8243; _module_preset=&#8221;default&#8221; theme_builder_area=&#8221;post_content&#8221;][et_pb_column _builder_version=&#8221;4.27.4&#8243; _module_preset=&#8221;default&#8221; type=&#8221;4_4&#8243; theme_builder_area=&#8221;post_content&#8221;][et_pb_text _builder_version=&#8221;4.27.4&#8243; _module_preset=&#8221;default&#8221; theme_builder_area=&#8221;post_content&#8221; hover_enabled=&#8221;0&#8243; sticky_enabled=&#8221;0&#8243;]<\/p>\n<p>Szakmai besz\u00e1mol\u00f3 a M\u00fazeum 2013-ban elnyert NKA p\u00e1ly\u00e1zat\u00e1hoz, gy\u0171jtem\u00e9nyi tev\u00e9kenys\u00e9g<br \/>\u00a02014. november 27.<\/p>\n<p><strong>A p\u00e1ly\u00e1zat c\u00e9lja: a Tragor Ign\u00e1c M\u00fazeum \u00e1llom\u00e1nyv\u00e9delmi m\u0171hely tev\u00e9kenys\u00e9g\u00e9hez sz\u00fcks\u00e9ges szakmai anyagok \u00e9s eszk\u00f6z\u00f6k beszerz\u00e9se.<br \/>P\u00e1ly\u00e1zati azonos\u00edt\u00f3: 3533\/00161<\/strong><\/p>\n<p><strong>Besz\u00e1mol\u00f3 a p\u00e1ly\u00e1zati p\u00e9nzb\u0151l beszerzett \u00a0anyagok, eszk\u00f6z\u00f6k felhaszn\u00e1l\u00e1s\u00e1r\u00f3l.<\/strong><\/p>\n<p>A sz\u00e1mukra meg\u00edt\u00e9lt forr\u00e1sok a k\u00f6vetkez\u0151 eszk\u00f6z\u00f6k beszerz\u00e9s\u00e9re voltak elegend\u0151ek:<\/p>\n<p>Dremel Fortiflex nagy teljes\u00edtm\u00e9ny\u0171 multifunkcion\u00e1lis szersz\u00e1m, sav\u00e1ll\u00f3 k\u00f6t\u00e9ny, c\u00e9rnakeszty\u0171, gumikeszty\u0171, sz\u00e1jmaszk, porv\u00e9d\u0151 maszk.<\/p>\n<p>&nbsp;<\/p>\n<p>A Dremel Fortiflex katal\u00f3gusk\u00e9pe, illetve a kisg\u00e9p az \u00e1llom\u00e1nyv\u00e9delmi m\u0171helyben<\/p>\n<p>\u00a0A csiszol\u00f3g\u00e9p feje<\/p>\n<p>A fent eml\u00edtett kisg\u00e9pet beszerz\u00e9se \u00f3ta folyamatosan haszn\u00e1ljuk, seg\u00edts\u00e9g\u00e9vel a megtiszt\u00edtott f\u00e9m t\u00e1rgyak mennyis\u00e9ge jelent\u0151sen megn\u00f6vekedett, a tavalyi 243 restaur\u00e1lt f\u00e9m t\u00e1rgy helyett m\u00e1r most 412 t\u00e1rgyn\u00e1l tartunk, \u00e9s b\u00edzunk benne, hogy ez a mennyis\u00e9g csak n\u00f6vekedni fog. A r\u00e9g\u00e9szeti gy\u0171jtem\u00e9ny \u00e9s az \u00faj \u00e1sat\u00e1sokb\u00f3l el\u0151ker\u00fclt f\u00e9m leletanyag ker\u00fclt feldolgoz\u00e1sra. A munkav\u00e9gz\u00e9s felt\u00e9teleit jelent\u0151sen jav\u00edtott\u00e1k a fent eml\u00edtett v\u00e9d\u0151eszk\u00f6z\u00f6k, seg\u00edts\u00e9g\u00fckkel komfortosabban, biztons\u00e1gosabban tudjuk a munk\u00e1nkat elv\u00e9gezni. Sajnos, ezek a v\u00e9d\u0151eszk\u00f6z\u00f6k fogy\u00f3 cikknek sz\u00e1m\u00edtanak, de rem\u00e9lj\u00fck, hogy j\u00f6v\u0151re is siker\u00fcl a sz\u00fcks\u00e9ges mennyis\u00e9get beszerezni.<\/p>\n<p>&nbsp;<\/p>\n<p>\u00a0\u00a0Munka k\u00f6zben<\/p>\n<p>Mint a fenti k\u00e9pek is tan\u00fas\u00edtj\u00e1k, nagy haszn\u00e1t vessz\u00fck a p\u00e1ly\u00e1zati p\u00e9nzenv\u00e1s\u00e1rolt csiszol\u00f3g\u00e9pnek. Mivel nem jutott birtokunkba a teljes ig\u00e9nyelt \u00f6sszeg, ez\u00e9rt az eredeti terveinkben szerepl\u0151 t\u00e1rgymennyis\u00e9gnek csak a 63%-\u00e1t tudtuk konzerv\u00e1lni, de rem\u00e9nyeink szerint j\u00f6v\u0151 \u00e9vben ez a mennyis\u00e9g emelked\u0151 tendenci\u00e1t fog mutatni.<\/p>\n<p>\u00a0Elk\u00e9sz\u00fclt t\u00e1rgyak<\/p>\n<p>V\u00e1c, 2014. november 04.<\/p>\n<p>&nbsp;<\/p>\n<p>Hostyinszki Attila restaur\u00e1tor<\/p>\n<p>Tragor Ign\u00e1c M\u00fazeum, V\u00e1c<\/p>\n<p>&nbsp;<\/p>\n<p>[\/et_pb_text][et_pb_gallery _builder_version=&#8221;4.27.4&#8243; _module_preset=&#8221;default&#8221; theme_builder_area=&#8221;post_content&#8221; gallery_ids=&#8221;5647,5648,5649,5650,5651,5652,5653,5654,5655&#8243; hover_enabled=&#8221;0&#8243; sticky_enabled=&#8221;0&#8243;][\/et_pb_gallery][\/et_pb_column][\/et_pb_row][\/et_pb_section]<\/p>\n","protected":false},"excerpt":{"rendered":"<p>Szakmai besz\u00e1mol\u00f3 a M\u00fazeum 2013-ban elnyert NKA p\u00e1ly\u00e1zat\u00e1hoz, gy\u0171jtem\u00e9nyi tev\u00e9kenys\u00e9g\u00a02014. november 27. A p\u00e1ly\u00e1zat c\u00e9lja: a Tragor Ign\u00e1c M\u00fazeum \u00e1llom\u00e1nyv\u00e9delmi m\u0171hely tev\u00e9kenys\u00e9g\u00e9hez sz\u00fcks\u00e9ges szakmai anyagok \u00e9s eszk\u00f6z\u00f6k beszerz\u00e9se.P\u00e1ly\u00e1zati azonos\u00edt\u00f3: 3533\/00161 [&hellip;]<\/p>\n","protected":false},"author":1,"featured_media":0,"parent":0,"menu_order":0,"comment_status":"closed","ping_status":"closed","template":"","meta":{"_et_pb_use_builder":"on","_et_pb_old_content":"","_et_gb_content_width":"","footnotes":""},"class_list":["post-5645","page","type-page","status-publish","hentry"],"yoast_head":"<!-- This site is optimized with the Yoast SEO Premium plugin v27.3 (Yoast SEO v27.3) - https:\/\/yoast.com\/product\/yoast-seo-premium-wordpress\/ -->\n<title>Szakmai besz\u00e1mol\u00f3 a M\u00fazeum 2013-ban elnyert NKA p\u00e1ly\u00e1zat\u00e1hoz, gy\u0171jtem\u00e9nyi tev\u00e9kenys\u00e9g - TRAGOR IGN\u00c1C M\u00daZEUM \u2022 V\u00c1C<\/title>\n<meta name=\"description\" content=\"Egy m\u00fazeum, ezer \u00e9lm\u00e9ny!\" \/>\n<meta name=\"robots\" content=\"index, follow, max-snippet:-1, max-image-preview:large, max-video-preview:-1\" \/>\n<link rel=\"canonical\" href=\"https:\/\/muzeumvac.hu\/en\/szakmai-beszamolo-a-muzeum-2013-ban-elnyert-nka-palyazatahoz-gyujtemenyi-tevekenyseg\/\" \/>\n<meta property=\"og:locale\" content=\"en_GB\" \/>\n<meta property=\"og:type\" content=\"article\" \/>\n<meta property=\"og:title\" content=\"Szakmai besz\u00e1mol\u00f3 a M\u00fazeum 2013-ban elnyert NKA p\u00e1ly\u00e1zat\u00e1hoz, gy\u0171jtem\u00e9nyi tev\u00e9kenys\u00e9g\" \/>\n<meta property=\"og:description\" content=\"Egy m\u00fazeum, ezer \u00e9lm\u00e9ny!\" \/>\n<meta property=\"og:url\" content=\"https:\/\/muzeumvac.hu\/en\/szakmai-beszamolo-a-muzeum-2013-ban-elnyert-nka-palyazatahoz-gyujtemenyi-tevekenyseg\/\" \/>\n<meta property=\"og:site_name\" content=\"TRAGOR IGN\u00c1C M\u00daZEUM \u2022 V\u00c1C\" \/>\n<meta property=\"article:publisher\" content=\"https:\/\/www.facebook.com\/vac.tragorignacmuzeum\" \/>\n<meta property=\"article:modified_time\" content=\"2026-01-15T13:34:41+00:00\" \/>\n<meta name=\"twitter:card\" content=\"summary_large_image\" \/>\n<script type=\"application\/ld+json\" class=\"yoast-schema-graph\">{\"@context\":\"https:\\\/\\\/schema.org\",\"@graph\":[{\"@type\":\"WebPage\",\"@id\":\"https:\\\/\\\/muzeumvac.hu\\\/szakmai-beszamolo-a-muzeum-2013-ban-elnyert-nka-palyazatahoz-gyujtemenyi-tevekenyseg\\\/\",\"url\":\"https:\\\/\\\/muzeumvac.hu\\\/szakmai-beszamolo-a-muzeum-2013-ban-elnyert-nka-palyazatahoz-gyujtemenyi-tevekenyseg\\\/\",\"name\":\"Szakmai besz\u00e1mol\u00f3 a M\u00fazeum 2013-ban elnyert NKA p\u00e1ly\u00e1zat\u00e1hoz, gy\u0171jtem\u00e9nyi tev\u00e9kenys\u00e9g - TRAGOR IGN\u00c1C M\u00daZEUM \u2022 V\u00c1C\",\"isPartOf\":{\"@id\":\"https:\\\/\\\/muzeumvac.hu\\\/#website\"},\"datePublished\":\"2014-11-27T13:33:00+00:00\",\"dateModified\":\"2026-01-15T13:34:41+00:00\",\"description\":\"Egy m\u00fazeum, ezer \u00e9lm\u00e9ny!\",\"breadcrumb\":{\"@id\":\"https:\\\/\\\/muzeumvac.hu\\\/szakmai-beszamolo-a-muzeum-2013-ban-elnyert-nka-palyazatahoz-gyujtemenyi-tevekenyseg\\\/#breadcrumb\"},\"inLanguage\":\"en-GB\",\"potentialAction\":[{\"@type\":\"ReadAction\",\"target\":[\"https:\\\/\\\/muzeumvac.hu\\\/szakmai-beszamolo-a-muzeum-2013-ban-elnyert-nka-palyazatahoz-gyujtemenyi-tevekenyseg\\\/\"]}]},{\"@type\":\"BreadcrumbList\",\"@id\":\"https:\\\/\\\/muzeumvac.hu\\\/szakmai-beszamolo-a-muzeum-2013-ban-elnyert-nka-palyazatahoz-gyujtemenyi-tevekenyseg\\\/#breadcrumb\",\"itemListElement\":[{\"@type\":\"ListItem\",\"position\":1,\"name\":\"Kezd\u0151lap\",\"item\":\"https:\\\/\\\/muzeumvac.hu\\\/\"},{\"@type\":\"ListItem\",\"position\":2,\"name\":\"Szakmai besz\u00e1mol\u00f3 a M\u00fazeum 2013-ban elnyert NKA p\u00e1ly\u00e1zat\u00e1hoz, gy\u0171jtem\u00e9nyi tev\u00e9kenys\u00e9g\"}]},{\"@type\":\"WebSite\",\"@id\":\"https:\\\/\\\/muzeumvac.hu\\\/#website\",\"url\":\"https:\\\/\\\/muzeumvac.hu\\\/\",\"name\":\"TRAGOR IGN\u00c1C M\u00daZEUM \u2022 V\u00c1C\",\"description\":\"Egy m\u00fazeum, ezer \u00e9lm\u00e9ny!\",\"publisher\":{\"@id\":\"https:\\\/\\\/muzeumvac.hu\\\/#organization\"},\"potentialAction\":[{\"@type\":\"SearchAction\",\"target\":{\"@type\":\"EntryPoint\",\"urlTemplate\":\"https:\\\/\\\/muzeumvac.hu\\\/?s={search_term_string}\"},\"query-input\":{\"@type\":\"PropertyValueSpecification\",\"valueRequired\":true,\"valueName\":\"search_term_string\"}}],\"inLanguage\":\"en-GB\"},{\"@type\":\"Organization\",\"@id\":\"https:\\\/\\\/muzeumvac.hu\\\/#organization\",\"name\":\"TRAGOR IGN\u00c1C M\u00daZEUM \u2022 V\u00c1C\",\"url\":\"https:\\\/\\\/muzeumvac.hu\\\/\",\"logo\":{\"@type\":\"ImageObject\",\"inLanguage\":\"en-GB\",\"@id\":\"https:\\\/\\\/muzeumvac.hu\\\/#\\\/schema\\\/logo\\\/image\\\/\",\"url\":\"https:\\\/\\\/muzeumvac.hu\\\/wp-content\\\/uploads\\\/2025\\\/07\\\/tragor_ignac_logo.png\",\"contentUrl\":\"https:\\\/\\\/muzeumvac.hu\\\/wp-content\\\/uploads\\\/2025\\\/07\\\/tragor_ignac_logo.png\",\"width\":161,\"height\":126,\"caption\":\"TRAGOR IGN\u00c1C M\u00daZEUM \u2022 V\u00c1C\"},\"image\":{\"@id\":\"https:\\\/\\\/muzeumvac.hu\\\/#\\\/schema\\\/logo\\\/image\\\/\"},\"sameAs\":[\"https:\\\/\\\/www.facebook.com\\\/vac.tragorignacmuzeum\",\"https:\\\/\\\/www.instagram.com\\\/tragormuzeum\",\"https:\\\/\\\/www.youtube.com\\\/@TragorIgncMzeum-vac\"]}]}<\/script>\n<!-- \/ Yoast SEO Premium plugin. -->","yoast_head_json":{"title":"Szakmai besz\u00e1mol\u00f3 a M\u00fazeum 2013-ban elnyert NKA p\u00e1ly\u00e1zat\u00e1hoz, gy\u0171jtem\u00e9nyi tev\u00e9kenys\u00e9g - TRAGOR IGN\u00c1C M\u00daZEUM \u2022 V\u00c1C","description":"One museum, a thousand experiences!","robots":{"index":"index","follow":"follow","max-snippet":"max-snippet:-1","max-image-preview":"max-image-preview:large","max-video-preview":"max-video-preview:-1"},"canonical":"https:\/\/muzeumvac.hu\/en\/szakmai-beszamolo-a-muzeum-2013-ban-elnyert-nka-palyazatahoz-gyujtemenyi-tevekenyseg\/","og_locale":"en_GB","og_type":"article","og_title":"Szakmai besz\u00e1mol\u00f3 a M\u00fazeum 2013-ban elnyert NKA p\u00e1ly\u00e1zat\u00e1hoz, gy\u0171jtem\u00e9nyi tev\u00e9kenys\u00e9g","og_description":"Egy m\u00fazeum, ezer \u00e9lm\u00e9ny!","og_url":"https:\/\/muzeumvac.hu\/en\/szakmai-beszamolo-a-muzeum-2013-ban-elnyert-nka-palyazatahoz-gyujtemenyi-tevekenyseg\/","og_site_name":"TRAGOR IGN\u00c1C M\u00daZEUM \u2022 V\u00c1C","article_publisher":"https:\/\/www.facebook.com\/vac.tragorignacmuzeum","article_modified_time":"2026-01-15T13:34:41+00:00","twitter_card":"summary_large_image","schema":{"@context":"https:\/\/schema.org","@graph":[{"@type":"WebPage","@id":"https:\/\/muzeumvac.hu\/szakmai-beszamolo-a-muzeum-2013-ban-elnyert-nka-palyazatahoz-gyujtemenyi-tevekenyseg\/","url":"https:\/\/muzeumvac.hu\/szakmai-beszamolo-a-muzeum-2013-ban-elnyert-nka-palyazatahoz-gyujtemenyi-tevekenyseg\/","name":"Szakmai besz\u00e1mol\u00f3 a M\u00fazeum 2013-ban elnyert NKA p\u00e1ly\u00e1zat\u00e1hoz, gy\u0171jtem\u00e9nyi tev\u00e9kenys\u00e9g - TRAGOR IGN\u00c1C M\u00daZEUM \u2022 V\u00c1C","isPartOf":{"@id":"https:\/\/muzeumvac.hu\/#website"},"datePublished":"2014-11-27T13:33:00+00:00","dateModified":"2026-01-15T13:34:41+00:00","description":"One museum, a thousand experiences!","breadcrumb":{"@id":"https:\/\/muzeumvac.hu\/szakmai-beszamolo-a-muzeum-2013-ban-elnyert-nka-palyazatahoz-gyujtemenyi-tevekenyseg\/#breadcrumb"},"inLanguage":"en-GB","potentialAction":[{"@type":"ReadAction","target":["https:\/\/muzeumvac.hu\/szakmai-beszamolo-a-muzeum-2013-ban-elnyert-nka-palyazatahoz-gyujtemenyi-tevekenyseg\/"]}]},{"@type":"BreadcrumbList","@id":"https:\/\/muzeumvac.hu\/szakmai-beszamolo-a-muzeum-2013-ban-elnyert-nka-palyazatahoz-gyujtemenyi-tevekenyseg\/#breadcrumb","itemListElement":[{"@type":"ListItem","position":1,"name":"Kezd\u0151lap","item":"https:\/\/muzeumvac.hu\/"},{"@type":"ListItem","position":2,"name":"Szakmai besz\u00e1mol\u00f3 a M\u00fazeum 2013-ban elnyert NKA p\u00e1ly\u00e1zat\u00e1hoz, gy\u0171jtem\u00e9nyi tev\u00e9kenys\u00e9g"}]},{"@type":"WebSite","@id":"https:\/\/muzeumvac.hu\/#website","url":"https:\/\/muzeumvac.hu\/","name":"TRAGOR IGN\u00c1C M\u00daZEUM \u2022 V\u00c1C","description":"One museum, a thousand experiences!","publisher":{"@id":"https:\/\/muzeumvac.hu\/#organization"},"potentialAction":[{"@type":"SearchAction","target":{"@type":"EntryPoint","urlTemplate":"https:\/\/muzeumvac.hu\/?s={search_term_string}"},"query-input":{"@type":"PropertyValueSpecification","valueRequired":true,"valueName":"search_term_string"}}],"inLanguage":"en-GB"},{"@type":"Organization","@id":"https:\/\/muzeumvac.hu\/#organization","name":"TRAGOR IGN\u00c1C M\u00daZEUM \u2022 V\u00c1C","url":"https:\/\/muzeumvac.hu\/","logo":{"@type":"ImageObject","inLanguage":"en-GB","@id":"https:\/\/muzeumvac.hu\/#\/schema\/logo\/image\/","url":"https:\/\/muzeumvac.hu\/wp-content\/uploads\/2025\/07\/tragor_ignac_logo.png","contentUrl":"https:\/\/muzeumvac.hu\/wp-content\/uploads\/2025\/07\/tragor_ignac_logo.png","width":161,"height":126,"caption":"TRAGOR IGN\u00c1C M\u00daZEUM \u2022 V\u00c1C"},"image":{"@id":"https:\/\/muzeumvac.hu\/#\/schema\/logo\/image\/"},"sameAs":["https:\/\/www.facebook.com\/vac.tragorignacmuzeum","https:\/\/www.instagram.com\/tragormuzeum","https:\/\/www.youtube.com\/@TragorIgncMzeum-vac"]}]}},"_links":{"self":[{"href":"https:\/\/muzeumvac.hu\/en\/wp-json\/wp\/v2\/pages\/5645","targetHints":{"allow":["GET"]}}],"collection":[{"href":"https:\/\/muzeumvac.hu\/en\/wp-json\/wp\/v2\/pages"}],"about":[{"href":"https:\/\/muzeumvac.hu\/en\/wp-json\/wp\/v2\/types\/page"}],"author":[{"embeddable":true,"href":"https:\/\/muzeumvac.hu\/en\/wp-json\/wp\/v2\/users\/1"}],"replies":[{"embeddable":true,"href":"https:\/\/muzeumvac.hu\/en\/wp-json\/wp\/v2\/comments?post=5645"}],"version-history":[{"count":2,"href":"https:\/\/muzeumvac.hu\/en\/wp-json\/wp\/v2\/pages\/5645\/revisions"}],"predecessor-version":[{"id":5656,"href":"https:\/\/muzeumvac.hu\/en\/wp-json\/wp\/v2\/pages\/5645\/revisions\/5656"}],"wp:attachment":[{"href":"https:\/\/muzeumvac.hu\/en\/wp-json\/wp\/v2\/media?parent=5645"}],"curies":[{"name":"wp","href":"https:\/\/api.w.org\/{rel}","templated":true}]}}