{"id":5634,"date":"2014-11-27T14:28:00","date_gmt":"2014-11-27T13:28:00","guid":{"rendered":"https:\/\/muzeumvac.hu\/?page_id=5634"},"modified":"2026-01-15T14:29:32","modified_gmt":"2026-01-15T13:29:32","slug":"szakmai-beszamolo-a-muzeum-2014-ben-elnyert-nka-palyazatahoz-gyujtemenygyarapitas","status":"publish","type":"page","link":"https:\/\/muzeumvac.hu\/en\/szakmai-beszamolo-a-muzeum-2014-ben-elnyert-nka-palyazatahoz-gyujtemenygyarapitas\/","title":{"rendered":"Szakmai besz\u00e1mol\u00f3 a M\u00fazeum 2014-ben elnyert NKA p\u00e1ly\u00e1zat\u00e1hoz, gy\u0171jtem\u00e9nygyarap\u00edt\u00e1s"},"content":{"rendered":"<p>[et_pb_section fb_built=&#8221;1&#8243; theme_builder_area=&#8221;post_content&#8221; _builder_version=&#8221;4.27.4&#8243; _module_preset=&#8221;default&#8221;][et_pb_row _builder_version=&#8221;4.27.4&#8243; _module_preset=&#8221;default&#8221; theme_builder_area=&#8221;post_content&#8221;][et_pb_column _builder_version=&#8221;4.27.4&#8243; _module_preset=&#8221;default&#8221; type=&#8221;4_4&#8243; theme_builder_area=&#8221;post_content&#8221;][et_pb_text _builder_version=&#8221;4.27.4&#8243; _module_preset=&#8221;default&#8221; theme_builder_area=&#8221;post_content&#8221; hover_enabled=&#8221;0&#8243; sticky_enabled=&#8221;0&#8243;]<\/p>\n<p>Szakmai besz\u00e1mol\u00f3 a M\u00fazeum 2014-ben elnyert NKA p\u00e1ly\u00e1zat\u00e1hoz, gy\u0171jtem\u00e9nygyarap\u00edt\u00e1s<br \/>\u00a02014. november 27.<\/p>\n<p><strong>A p\u00e1ly\u00e1zat c\u00e9lja: a Tragor Ign\u00e1c M\u00fazeum t\u00f6rt\u00e9neti gy\u0171jtem\u00e9ny\u00e9nek gyarap\u00edt\u00e1sa &#8211; XIX. sz\u00e1zad v\u00e9gi eb\u00e9dl\u0151garnit\u00fara megv\u00e1s\u00e1rl\u00e1sa<br \/>P\u00e1ly\u00e1zati azonos\u00edt\u00f3: 3509\/01213<\/strong><\/p>\n<p><strong>P\u00e1ly\u00e1zati besz\u00e1mol\u00f3<\/strong><\/p>\n<p><strong>A NKA t\u00e1mogat\u00e1s\u00e1val 2014-ben a v\u00e1ci Tragor Ign\u00e1c M\u00fazeum \u00e1ltal megv\u00e1s\u00e1rolt m\u0171t\u00e1rgyak list\u00e1ja:<\/strong><\/p>\n<p>19-20. sz\u00e1zad fordul\u00f3j\u00e1n k\u00e9sz\u00fclt eb\u00e9dl\u0151 garnit\u00fara:<\/p>\n<ul>\n<li>T.2014.1.1.1.1 nagy t\u00e1lal\u00f3 szekr\u00e9ny fels\u0151 r\u00e9sze<\/li>\n<li>T.2014.1.1.2.1. nagy t\u00e1lal\u00f3 szekr\u00e9ny als\u00f3 r\u00e9sze<\/li>\n<li>T. 2014.1.2.1.1. poh\u00e1rsz\u00e9k fels\u0151 r\u00e9sze<\/li>\n<li>T.2014.1.2.2.1. poh\u00e1rsz\u00e9k als\u00f3 r\u00e9sze<\/li>\n<li>T.2014.1.3.1. asztal<\/li>\n<li>T.2014.1.4.1-6. sz\u00e9k<\/li>\n<li>T.2014.1.5.1.1. l\u00e1bas \u00f3ra fels\u0151 r\u00e9sze<\/li>\n<li>T.2014.1.5.2.1. l\u00e1bas \u00f3ra als\u00f3 r\u00e9sze<\/li>\n<\/ul>\n<p>A m\u0171t\u00e1rgyak a megv\u00e1s\u00e1rl\u00e1st k\u00f6vet\u0151en a t\u00f6rt\u00e9neti gy\u0171jtem\u00e9nybe ker\u00fcltek belelt\u00e1roz\u00e1sra.<\/p>\n<p>&nbsp;<\/p>\n<p><strong>Szakmai le\u00edr\u00e1s<\/strong><\/p>\n<p>Az eb\u00e9dl\u0151garnit\u00far\u00e1hoz \u2013 ahogyan ebben az esetben is &#8211; szervesen hozz\u00e1tartozott egy nagyobb \u00e9s egy kisebb eb\u00e9dl\u0151szekr\u00e9ny. A nagyobb szekr\u00e9ny k\u00e9t r\u00e9szb\u0151l \u00e1ll, egy n\u00e9gyajt\u00f3s, n\u00e9gyfi\u00f3kos als\u00f3 \u00e9s egy k\u00f6z\u00e9pen \u00fcvegezett ajt\u00f3s, k\u00e9t sz\u00e9l\u00e9n egy-egy ajt\u00f3s \u00e9s egy-egy fi\u00f3kos fels\u0151 r\u00e9szb\u0151l. A fels\u0151 r\u00e9szt \u00fcvegbet\u00e9tes, \u00edves koronar\u00e9sz z\u00e1rja. A kisebb szekr\u00e9ny (poh\u00e1rsz\u00e9k, buffet, Anrichte) ugyancsak k\u00e9t r\u00e9szb\u0151l \u00e1ll, alul a z\u00e1rt k\u00e9tajt\u00f3s rakod\u00f3r\u00e9szb\u0151l, fel\u00fcl az \u00fcveges poh\u00e1rtart\u00f3b\u00f3l. A poh\u00e1rsz\u00e9k \u00fcvegajt\u00f3s r\u00e9sz\u00e9nek h\u00e1toldala t\u00fck\u00f6r, ahogyan szint\u00e9n t\u00fck\u00f6r bor\u00edtja a fels\u0151 \u00edves koronar\u00e9sz\u00e9t is. A t\u00e9glalap alak\u00fa, lekerek\u00edtett sark\u00fa asztallap kinyithat\u00f3, b\u0151v\u00edthet\u0151. A f\u00e9lk\u00f6r\u00edves h\u00e1tt\u00e1ml\u00e1j\u00fa, faragott sz\u00e9kek \u00fcl\u0151lapj\u00e1t eredetileg b\u0151r bor\u00edtotta. Az eb\u00e9dl\u0151h\u00f6z egy \u00e1ll\u00f3\u00f3ra tartozik.<\/p>\n<p>A t\u00edz darabos garnit\u00fara a b\u00e9csi iskol\u00e1ra jellemz\u0151 forma jegyeit mutatja. A st\u00edlus\u00e1t alapvet\u0151en a historiz\u00e1l\u00f3 eklektika jellemzi. A barokk, rokok\u00f3 \u00e9s klassziciz\u00e1l\u00f3 jegyek mellett a b\u00fator fels\u0151 r\u00e9sz\u00e9n \u00e9s a faragott d\u00edsz\u00edt\u00e9sein m\u00e1r a szecesszi\u00f3 hat\u00e1sa is \u00e9rz\u0151dik. A hajl\u00edtott b\u00fatortest, az ajt\u00f3k kem\u00e9nyf\u00e1b\u00f3l k\u00e9sz\u00fcltek, a n\u00f6v\u00e9nyi \u00e9s \u00e1llati mot\u00edvumokat \u2013 kagyl\u00f3s oromd\u00edsz, oroszl\u00e1nfejes eszterg\u00e1lt oszlopok \u2013 tr\u00f3pusi f\u00e1b\u00f3l faragt\u00e1k. A nagy t\u00e1lal\u00f3 \u00e9s a vitrin t\u00fck\u00f6r r\u00e9szei eredetiek, m\u00e1ra kiss\u00e9 op\u00e1los f\u00e9nyt kaptak. Az \u00f3ra r\u00e9z sz\u00e1mlapja, \u00e9s a r\u00e9z d\u00edsz\u00edt\u00e9sek szint\u00e9n eredetiek. Az \u00f3ra sz\u00e1mlapja visszaker\u00fclt a hely\u00e9re. A garnit\u00far\u00e1t 2012-ben restaur\u00e1lt\u00e1k. A sz\u00e9kek b\u0151r \u00fcl\u0151fel\u00fclete kiv\u00e9tel\u00e9vel a b\u00fator visszanyerte eredeti \u00e1llapot\u00e1t. A restaur\u00e1l\u00e1st a sz\u00e9kesfeh\u00e9rv\u00e1ri S\u00e1rv\u00e1ri Kft v\u00e9gezte.<\/p>\n<p>K\u00e9sz\u00edt\u0151j\u00e9r\u0151l, esetleges tervez\u0151j\u00e9r\u0151l nincsenek pontos inform\u00e1ci\u00f3ink.<\/p>\n<p><strong>A b\u00fator t\u00f6rt\u00e9nete<\/strong><\/p>\n<p>A b\u00fatort a 19. sz\u00e1zad v\u00e9g\u00e9n k\u00e9sz\u00edtett\u00e9k az Esterh\u00e1zy-uradalomhoz tartoz\u00f3 Kir\u00e1lyr\u00e9t-szokolyai kast\u00e9ly birtokos\u00e1nak, gr\u00f3f Francken Sierstorpff Henriknek. Az I. Vil\u00e1gh\u00e1bor\u00fat k\u00f6vet\u0151en \u00faj gazd\u00e1ja lett a birtoknak \u00e9s a vas\u00fatnak, Czeczoviczka Emil cseh f\u00f6ldbirtokos szem\u00e9ly\u00e9ben, majd r\u00f6videsen az Angol-Magyar Bank tulajdon\u00e1ba ker\u00fclt. 1924-t\u0151l a fakitermel\u00e9ssel \u00e9s k\u0151fejt\u00e9ssel foglalkoz\u00f3 c\u00e9g, a Kir\u00e1lyr\u00e9ti Uradalom \u00e9s Ipar-telepek Rt nevet vette fel. Ekkor a tulajdonosa Hofer Kun\u00f3 sv\u00e1jci diplomata (\u00edr\u00f3) volt, kinek feles\u00e9ge gr\u00f3f Dezsewffy Ilona volt. Hofer Kun\u00f3 tragikus hal\u00e1la ut\u00e1n fiai (Kun\u00f3 \u00e9s Marcel) elherd\u00e1lt\u00e1k a birtokot. Az \u00e1llamos\u00edt\u00e1s ut\u00e1n a ter\u00fclet a F\u0151v\u00e1rosi Tan\u00e1cs \u00fcd\u00fcl\u0151je lett. Az \u00fcd\u00fcl\u0151ben is rendeltet\u00e9sszer\u0171en haszn\u00e1lt\u00e1k az eb\u00e9dl\u0151 garnit\u00far\u00e1t, amely \u00edgy nemcsak megmenek\u00fclt, hanem minden darabja \u00e9pen megmaradt. Az \u00fcd\u00fcl\u0151 1999-t\u0151l kast\u00e9lysz\u00e1ll\u00f3k\u00e9nt \u00fczemel. A b\u00fator \u2013 elhaszn\u00e1l\u00f3dott \u00e1llapotban &#8211; az utols\u00f3 tulajdonosv\u00e1lt\u00e1skor ker\u00fclt mag\u00e1ntulajdonba. Az \u00faj tulajdonos restaur\u00e1ltat\u00e1s\u00e1t, \u00e1m id\u0151k\u00f6zben &#8211; anyagi okok miatt &#8211; az elad\u00e1sa mellett d\u00f6nt\u00f6tt. Az NKA-t\u00f3l elnyert p\u00e1ly\u00e1zati \u00f6sszeg a garnit\u00fara \u00e1r\u00e1nak fel\u00e9t tette ki, n\u00e9lk\u00fcle nem lett volna lehet\u0151s\u00e9g\u00fcnk a megv\u00e1s\u00e1rl\u00e1sra.<\/p>\n<p>&nbsp;<\/p>\n<p>V\u00e1c, 2014-11-05.<\/p>\n<p>&nbsp;<\/p>\n<p>Forr\u00f3 Katalin<\/p>\n<p>t\u00f6rt\u00e9n\u00e9sz-muzeol\u00f3gus, m\u00fazeumigazgat\u00f3<\/p>\n<p>[\/et_pb_text][et_pb_gallery _builder_version=&#8221;4.27.4&#8243; _module_preset=&#8221;default&#8221; theme_builder_area=&#8221;post_content&#8221; gallery_ids=&#8221;5636,5637,5638,5640,5641&#8243; hover_enabled=&#8221;0&#8243; sticky_enabled=&#8221;0&#8243;][\/et_pb_gallery][\/et_pb_column][\/et_pb_row][\/et_pb_section]<\/p>\n","protected":false},"excerpt":{"rendered":"<p>Szakmai besz\u00e1mol\u00f3 a M\u00fazeum 2014-ben elnyert NKA p\u00e1ly\u00e1zat\u00e1hoz, gy\u0171jtem\u00e9nygyarap\u00edt\u00e1s\u00a02014. november 27. A p\u00e1ly\u00e1zat c\u00e9lja: a Tragor Ign\u00e1c M\u00fazeum t\u00f6rt\u00e9neti gy\u0171jtem\u00e9ny\u00e9nek gyarap\u00edt\u00e1sa &#8211; XIX. sz\u00e1zad v\u00e9gi eb\u00e9dl\u0151garnit\u00fara megv\u00e1s\u00e1rl\u00e1saP\u00e1ly\u00e1zati azonos\u00edt\u00f3: 3509\/01213 P\u00e1ly\u00e1zati [&hellip;]<\/p>\n","protected":false},"author":1,"featured_media":0,"parent":0,"menu_order":0,"comment_status":"closed","ping_status":"closed","template":"","meta":{"_et_pb_use_builder":"on","_et_pb_old_content":"","_et_gb_content_width":"","footnotes":""},"class_list":["post-5634","page","type-page","status-publish","hentry"],"yoast_head":"<!-- This site is optimized with the Yoast SEO Premium plugin v27.3 (Yoast SEO v27.3) - https:\/\/yoast.com\/product\/yoast-seo-premium-wordpress\/ -->\n<title>Szakmai besz\u00e1mol\u00f3 a M\u00fazeum 2014-ben elnyert NKA p\u00e1ly\u00e1zat\u00e1hoz, gy\u0171jtem\u00e9nygyarap\u00edt\u00e1s - TRAGOR IGN\u00c1C M\u00daZEUM \u2022 V\u00c1C<\/title>\n<meta name=\"description\" content=\"Egy m\u00fazeum, ezer \u00e9lm\u00e9ny!\" \/>\n<meta name=\"robots\" content=\"index, follow, max-snippet:-1, max-image-preview:large, max-video-preview:-1\" \/>\n<link rel=\"canonical\" href=\"https:\/\/muzeumvac.hu\/en\/szakmai-beszamolo-a-muzeum-2014-ben-elnyert-nka-palyazatahoz-gyujtemenygyarapitas\/\" \/>\n<meta property=\"og:locale\" content=\"en_GB\" \/>\n<meta property=\"og:type\" content=\"article\" \/>\n<meta property=\"og:title\" content=\"Szakmai besz\u00e1mol\u00f3 a M\u00fazeum 2014-ben elnyert NKA p\u00e1ly\u00e1zat\u00e1hoz, gy\u0171jtem\u00e9nygyarap\u00edt\u00e1s\" \/>\n<meta property=\"og:description\" content=\"Egy m\u00fazeum, ezer \u00e9lm\u00e9ny!\" \/>\n<meta property=\"og:url\" content=\"https:\/\/muzeumvac.hu\/en\/szakmai-beszamolo-a-muzeum-2014-ben-elnyert-nka-palyazatahoz-gyujtemenygyarapitas\/\" \/>\n<meta property=\"og:site_name\" content=\"TRAGOR IGN\u00c1C M\u00daZEUM \u2022 V\u00c1C\" \/>\n<meta property=\"article:publisher\" content=\"https:\/\/www.facebook.com\/vac.tragorignacmuzeum\" \/>\n<meta property=\"article:modified_time\" content=\"2026-01-15T13:29:32+00:00\" \/>\n<meta name=\"twitter:card\" content=\"summary_large_image\" \/>\n<script type=\"application\/ld+json\" class=\"yoast-schema-graph\">{\"@context\":\"https:\\\/\\\/schema.org\",\"@graph\":[{\"@type\":\"WebPage\",\"@id\":\"https:\\\/\\\/muzeumvac.hu\\\/szakmai-beszamolo-a-muzeum-2014-ben-elnyert-nka-palyazatahoz-gyujtemenygyarapitas\\\/\",\"url\":\"https:\\\/\\\/muzeumvac.hu\\\/szakmai-beszamolo-a-muzeum-2014-ben-elnyert-nka-palyazatahoz-gyujtemenygyarapitas\\\/\",\"name\":\"Szakmai besz\u00e1mol\u00f3 a M\u00fazeum 2014-ben elnyert NKA p\u00e1ly\u00e1zat\u00e1hoz, gy\u0171jtem\u00e9nygyarap\u00edt\u00e1s - TRAGOR IGN\u00c1C M\u00daZEUM \u2022 V\u00c1C\",\"isPartOf\":{\"@id\":\"https:\\\/\\\/muzeumvac.hu\\\/#website\"},\"datePublished\":\"2014-11-27T13:28:00+00:00\",\"dateModified\":\"2026-01-15T13:29:32+00:00\",\"description\":\"Egy m\u00fazeum, ezer \u00e9lm\u00e9ny!\",\"breadcrumb\":{\"@id\":\"https:\\\/\\\/muzeumvac.hu\\\/szakmai-beszamolo-a-muzeum-2014-ben-elnyert-nka-palyazatahoz-gyujtemenygyarapitas\\\/#breadcrumb\"},\"inLanguage\":\"en-GB\",\"potentialAction\":[{\"@type\":\"ReadAction\",\"target\":[\"https:\\\/\\\/muzeumvac.hu\\\/szakmai-beszamolo-a-muzeum-2014-ben-elnyert-nka-palyazatahoz-gyujtemenygyarapitas\\\/\"]}]},{\"@type\":\"BreadcrumbList\",\"@id\":\"https:\\\/\\\/muzeumvac.hu\\\/szakmai-beszamolo-a-muzeum-2014-ben-elnyert-nka-palyazatahoz-gyujtemenygyarapitas\\\/#breadcrumb\",\"itemListElement\":[{\"@type\":\"ListItem\",\"position\":1,\"name\":\"Kezd\u0151lap\",\"item\":\"https:\\\/\\\/muzeumvac.hu\\\/\"},{\"@type\":\"ListItem\",\"position\":2,\"name\":\"Szakmai besz\u00e1mol\u00f3 a M\u00fazeum 2014-ben elnyert NKA p\u00e1ly\u00e1zat\u00e1hoz, gy\u0171jtem\u00e9nygyarap\u00edt\u00e1s\"}]},{\"@type\":\"WebSite\",\"@id\":\"https:\\\/\\\/muzeumvac.hu\\\/#website\",\"url\":\"https:\\\/\\\/muzeumvac.hu\\\/\",\"name\":\"TRAGOR IGN\u00c1C M\u00daZEUM \u2022 V\u00c1C\",\"description\":\"Egy m\u00fazeum, ezer \u00e9lm\u00e9ny!\",\"publisher\":{\"@id\":\"https:\\\/\\\/muzeumvac.hu\\\/#organization\"},\"potentialAction\":[{\"@type\":\"SearchAction\",\"target\":{\"@type\":\"EntryPoint\",\"urlTemplate\":\"https:\\\/\\\/muzeumvac.hu\\\/?s={search_term_string}\"},\"query-input\":{\"@type\":\"PropertyValueSpecification\",\"valueRequired\":true,\"valueName\":\"search_term_string\"}}],\"inLanguage\":\"en-GB\"},{\"@type\":\"Organization\",\"@id\":\"https:\\\/\\\/muzeumvac.hu\\\/#organization\",\"name\":\"TRAGOR IGN\u00c1C M\u00daZEUM \u2022 V\u00c1C\",\"url\":\"https:\\\/\\\/muzeumvac.hu\\\/\",\"logo\":{\"@type\":\"ImageObject\",\"inLanguage\":\"en-GB\",\"@id\":\"https:\\\/\\\/muzeumvac.hu\\\/#\\\/schema\\\/logo\\\/image\\\/\",\"url\":\"https:\\\/\\\/muzeumvac.hu\\\/wp-content\\\/uploads\\\/2025\\\/07\\\/tragor_ignac_logo.png\",\"contentUrl\":\"https:\\\/\\\/muzeumvac.hu\\\/wp-content\\\/uploads\\\/2025\\\/07\\\/tragor_ignac_logo.png\",\"width\":161,\"height\":126,\"caption\":\"TRAGOR IGN\u00c1C M\u00daZEUM \u2022 V\u00c1C\"},\"image\":{\"@id\":\"https:\\\/\\\/muzeumvac.hu\\\/#\\\/schema\\\/logo\\\/image\\\/\"},\"sameAs\":[\"https:\\\/\\\/www.facebook.com\\\/vac.tragorignacmuzeum\",\"https:\\\/\\\/www.instagram.com\\\/tragormuzeum\",\"https:\\\/\\\/www.youtube.com\\\/@TragorIgncMzeum-vac\"]}]}<\/script>\n<!-- \/ Yoast SEO Premium plugin. -->","yoast_head_json":{"title":"Szakmai besz\u00e1mol\u00f3 a M\u00fazeum 2014-ben elnyert NKA p\u00e1ly\u00e1zat\u00e1hoz, gy\u0171jtem\u00e9nygyarap\u00edt\u00e1s - TRAGOR IGN\u00c1C M\u00daZEUM \u2022 V\u00c1C","description":"One museum, a thousand experiences!","robots":{"index":"index","follow":"follow","max-snippet":"max-snippet:-1","max-image-preview":"max-image-preview:large","max-video-preview":"max-video-preview:-1"},"canonical":"https:\/\/muzeumvac.hu\/en\/szakmai-beszamolo-a-muzeum-2014-ben-elnyert-nka-palyazatahoz-gyujtemenygyarapitas\/","og_locale":"en_GB","og_type":"article","og_title":"Szakmai besz\u00e1mol\u00f3 a M\u00fazeum 2014-ben elnyert NKA p\u00e1ly\u00e1zat\u00e1hoz, gy\u0171jtem\u00e9nygyarap\u00edt\u00e1s","og_description":"Egy m\u00fazeum, ezer \u00e9lm\u00e9ny!","og_url":"https:\/\/muzeumvac.hu\/en\/szakmai-beszamolo-a-muzeum-2014-ben-elnyert-nka-palyazatahoz-gyujtemenygyarapitas\/","og_site_name":"TRAGOR IGN\u00c1C M\u00daZEUM \u2022 V\u00c1C","article_publisher":"https:\/\/www.facebook.com\/vac.tragorignacmuzeum","article_modified_time":"2026-01-15T13:29:32+00:00","twitter_card":"summary_large_image","schema":{"@context":"https:\/\/schema.org","@graph":[{"@type":"WebPage","@id":"https:\/\/muzeumvac.hu\/szakmai-beszamolo-a-muzeum-2014-ben-elnyert-nka-palyazatahoz-gyujtemenygyarapitas\/","url":"https:\/\/muzeumvac.hu\/szakmai-beszamolo-a-muzeum-2014-ben-elnyert-nka-palyazatahoz-gyujtemenygyarapitas\/","name":"Szakmai besz\u00e1mol\u00f3 a M\u00fazeum 2014-ben elnyert NKA p\u00e1ly\u00e1zat\u00e1hoz, gy\u0171jtem\u00e9nygyarap\u00edt\u00e1s - TRAGOR IGN\u00c1C M\u00daZEUM \u2022 V\u00c1C","isPartOf":{"@id":"https:\/\/muzeumvac.hu\/#website"},"datePublished":"2014-11-27T13:28:00+00:00","dateModified":"2026-01-15T13:29:32+00:00","description":"One museum, a thousand experiences!","breadcrumb":{"@id":"https:\/\/muzeumvac.hu\/szakmai-beszamolo-a-muzeum-2014-ben-elnyert-nka-palyazatahoz-gyujtemenygyarapitas\/#breadcrumb"},"inLanguage":"en-GB","potentialAction":[{"@type":"ReadAction","target":["https:\/\/muzeumvac.hu\/szakmai-beszamolo-a-muzeum-2014-ben-elnyert-nka-palyazatahoz-gyujtemenygyarapitas\/"]}]},{"@type":"BreadcrumbList","@id":"https:\/\/muzeumvac.hu\/szakmai-beszamolo-a-muzeum-2014-ben-elnyert-nka-palyazatahoz-gyujtemenygyarapitas\/#breadcrumb","itemListElement":[{"@type":"ListItem","position":1,"name":"Kezd\u0151lap","item":"https:\/\/muzeumvac.hu\/"},{"@type":"ListItem","position":2,"name":"Szakmai besz\u00e1mol\u00f3 a M\u00fazeum 2014-ben elnyert NKA p\u00e1ly\u00e1zat\u00e1hoz, gy\u0171jtem\u00e9nygyarap\u00edt\u00e1s"}]},{"@type":"WebSite","@id":"https:\/\/muzeumvac.hu\/#website","url":"https:\/\/muzeumvac.hu\/","name":"TRAGOR IGN\u00c1C M\u00daZEUM \u2022 V\u00c1C","description":"One museum, a thousand experiences!","publisher":{"@id":"https:\/\/muzeumvac.hu\/#organization"},"potentialAction":[{"@type":"SearchAction","target":{"@type":"EntryPoint","urlTemplate":"https:\/\/muzeumvac.hu\/?s={search_term_string}"},"query-input":{"@type":"PropertyValueSpecification","valueRequired":true,"valueName":"search_term_string"}}],"inLanguage":"en-GB"},{"@type":"Organization","@id":"https:\/\/muzeumvac.hu\/#organization","name":"TRAGOR IGN\u00c1C M\u00daZEUM \u2022 V\u00c1C","url":"https:\/\/muzeumvac.hu\/","logo":{"@type":"ImageObject","inLanguage":"en-GB","@id":"https:\/\/muzeumvac.hu\/#\/schema\/logo\/image\/","url":"https:\/\/muzeumvac.hu\/wp-content\/uploads\/2025\/07\/tragor_ignac_logo.png","contentUrl":"https:\/\/muzeumvac.hu\/wp-content\/uploads\/2025\/07\/tragor_ignac_logo.png","width":161,"height":126,"caption":"TRAGOR IGN\u00c1C M\u00daZEUM \u2022 V\u00c1C"},"image":{"@id":"https:\/\/muzeumvac.hu\/#\/schema\/logo\/image\/"},"sameAs":["https:\/\/www.facebook.com\/vac.tragorignacmuzeum","https:\/\/www.instagram.com\/tragormuzeum","https:\/\/www.youtube.com\/@TragorIgncMzeum-vac"]}]}},"_links":{"self":[{"href":"https:\/\/muzeumvac.hu\/en\/wp-json\/wp\/v2\/pages\/5634","targetHints":{"allow":["GET"]}}],"collection":[{"href":"https:\/\/muzeumvac.hu\/en\/wp-json\/wp\/v2\/pages"}],"about":[{"href":"https:\/\/muzeumvac.hu\/en\/wp-json\/wp\/v2\/types\/page"}],"author":[{"embeddable":true,"href":"https:\/\/muzeumvac.hu\/en\/wp-json\/wp\/v2\/users\/1"}],"replies":[{"embeddable":true,"href":"https:\/\/muzeumvac.hu\/en\/wp-json\/wp\/v2\/comments?post=5634"}],"version-history":[{"count":2,"href":"https:\/\/muzeumvac.hu\/en\/wp-json\/wp\/v2\/pages\/5634\/revisions"}],"predecessor-version":[{"id":5642,"href":"https:\/\/muzeumvac.hu\/en\/wp-json\/wp\/v2\/pages\/5634\/revisions\/5642"}],"wp:attachment":[{"href":"https:\/\/muzeumvac.hu\/en\/wp-json\/wp\/v2\/media?parent=5634"}],"curies":[{"name":"wp","href":"https:\/\/api.w.org\/{rel}","templated":true}]}}