{"id":5620,"date":"2015-03-02T14:23:00","date_gmt":"2015-03-02T13:23:00","guid":{"rendered":"https:\/\/muzeumvac.hu\/?page_id=5620"},"modified":"2026-01-15T14:25:17","modified_gmt":"2026-01-15T13:25:17","slug":"szakmai-beszamolo-a-vaci-kozepkori-szekesegyhaz-deli-es-nyugati-reszenek-feltarasa-2014-oszeig","status":"publish","type":"page","link":"https:\/\/muzeumvac.hu\/en\/szakmai-beszamolo-a-vaci-kozepkori-szekesegyhaz-deli-es-nyugati-reszenek-feltarasa-2014-oszeig\/","title":{"rendered":"Szakmai besz\u00e1mol\u00f3: A v\u00e1ci k\u00f6z\u00e9pkori sz\u00e9kesegyh\u00e1z d\u00e9li \u00e9s nyugati r\u00e9sz\u00e9nek felt\u00e1r\u00e1sa 2014 \u0151sz\u00e9ig"},"content":{"rendered":"<p>[et_pb_section fb_built=&#8221;1&#8243; theme_builder_area=&#8221;post_content&#8221; _builder_version=&#8221;4.27.4&#8243; _module_preset=&#8221;default&#8221;][et_pb_row _builder_version=&#8221;4.27.4&#8243; _module_preset=&#8221;default&#8221; theme_builder_area=&#8221;post_content&#8221;][et_pb_column _builder_version=&#8221;4.27.4&#8243; _module_preset=&#8221;default&#8221; type=&#8221;4_4&#8243; theme_builder_area=&#8221;post_content&#8221;][et_pb_text _builder_version=&#8221;4.27.4&#8243; _module_preset=&#8221;default&#8221; theme_builder_area=&#8221;post_content&#8221; hover_enabled=&#8221;0&#8243; sticky_enabled=&#8221;0&#8243;]<\/p>\n<p>Szakmai besz\u00e1mol\u00f3: A v\u00e1ci k\u00f6z\u00e9pkori sz\u00e9kesegyh\u00e1z d\u00e9li \u00e9s nyugati r\u00e9sz\u00e9nek felt\u00e1r\u00e1sa 2014 \u0151sz\u00e9ig<br \/>\u00a02015. m\u00e1rcius 2.<\/p>\n<ol start=\"2014\">\n<li><strong> j\u00falius 14-\u00e9n kezd\u0151d\u00f6tt az NKA \u00e1ltal t\u00e1mogatott felt\u00e1r\u00e1s az egykori sz\u00e9kesegyh\u00e1z d\u00e9li \u00e9s nyugati r\u00e9sz\u00e9n. A komolyabb f\u00f6ldmunk\u00e1kat szeptemberben befejezt\u00fck, okt\u00f3berben m\u00e1r csak dokument\u00e1l\u00e1s zajlott. A v\u00e1ci \u00f6nkorm\u00e1nyzat \u00fajabb t\u00e1mogat\u00e1sa viszont lehet\u0151v\u00e9 tette, hogy november-decemberben kisebb l\u00e9tsz\u00e1mmal folytassuk az \u0151sszel abbahagyott munk\u00e1t.<\/strong><\/li>\n<li>j\u00falius 14-\u00e9n kezd\u0151d\u00f6tt az NKA \u00e1ltal t\u00e1mogatott felt\u00e1r\u00e1s az egykori sz\u00e9kesegyh\u00e1z d\u00e9li \u00e9s nyugati r\u00e9sz\u00e9n. A komolyabb f\u00f6ldmunk\u00e1kat szeptemberben befejezt\u00fck, okt\u00f3berben m\u00e1r csak dokument\u00e1l\u00e1s zajlott. A v\u00e1ci \u00f6nkorm\u00e1nyzat \u00fajabb t\u00e1mogat\u00e1sa viszont lehet\u0151v\u00e9 tette, hogy november-decemberben kisebb l\u00e9tsz\u00e1mmal folytassuk az \u0151sszel abbahagyott munk\u00e1t.<\/li>\n<\/ol>\n<p>2014 nyar\u00e1n a sz\u00e9kesegyh\u00e1z d\u00e9li \u00e9s nyugati r\u00e9sz\u00e9n 5 szelv\u00e9nyt (5, 7, 8, 9, 11. szelv\u00e9nyeket. A 6. \u00e9s 10. szelv\u00e9nyek ter\u00fclet\u00e9t nem t\u00e1rtuk m\u00e9g fel.) t\u00e1rtunk fel. Felt\u00e1r\u00e1sra ker\u00fclt 21 s\u00edr \u00e1s 29 objektum.<\/p>\n<p>Buz\u00e1s Gergely visegr\u00e1di m\u00fazeumigazgat\u00f3 szakmai tan\u00e1csainak is k\u00f6sz\u00f6nhet\u0151en siker\u00fclt a kor\u00e1bbin\u00e1l j\u00f3val tiszt\u00e1bb k\u00e9pet nyern\u00fcnk a sz\u00e9kesegyh\u00e1z \u00e9s k\u00f6rnyezete 11-18. sz\u00e1zadi viszonyair\u00f3l \u00e9s az \u00e9p\u00edt\u00e9si f\u00e1zisokr\u00f3l.<\/p>\n<p><strong>Sz\u00ednezett periodiz\u00e1ci\u00f3s alaprajz a sz\u00e9kesegyh\u00e1zr\u00f3l, geod\u00e9zia: Cartoranje Kft., rajz: K\u00f3ka Istv\u00e1n (Tragor Ign\u00e1c M\u00fazeum)<\/strong><\/p>\n<p>Sz\u00f3rv\u00e1nyosan \u0151skori ker\u00e1mia is ker\u00fclt el\u0151, de a legkor\u00e1bbi objektumok 2013-hoz hasonl\u00f3an 2014-ben is a kv\u00e1dokhoz k\u00f6thet\u0151ek. Tiszt\u00e1z\u00f3dott a 10-11. sz\u00e1zadi felsz\u00edn egy r\u00e9sz\u00e9nek alakja is. A sz\u00e9kesegyh\u00e1z \u00e9p\u00edt\u00e9se el\u0151tt l\u00e1that\u00f3an a templom hely\u00e9n egy kelet fel\u00e9 enyh\u00e9n lejt\u0151 domb l\u00e9tezett. Az egyh\u00e1z 11. sz\u00e1zadi fel\u00e9p\u00edt\u00e9se ut\u00e1n ennek belsej\u00e9t homokkal felt\u00f6ltve egyenl\u00edtett\u00e9k ki a j\u00e1r\u00f3szintj\u00e9t. A p\u00fcsp\u00f6ki k\u00f6zpont el\u0151tt itt l\u00e9tezett 10-11. sz\u00e1zadi telep\u00fcl\u00e9s t\u00f6bb nyoma is felbukkant munk\u00e1nk sor\u00e1n.<\/p>\n<p>Nehez\u00edti a ter\u00fclet m\u00faltj\u00e1nak kutat\u00e1s\u00e1t \u00e9s meg\u00e9rt\u00e9s\u00e9t, hogy a ter\u00fcleten forr\u00e1saink szerint a 18. sz\u00e1zad k\u00f6zep\u00e9n hatalmas f\u00f6ldmunk\u00e1t v\u00e9geztek a ferencesek, amivel a fels\u0151 f\u00f6ldr\u00e9tegeket teljesen elt\u00fcntett\u00e9k \u00e9s a sz\u00e9kesegyh\u00e1z hely\u00e9n kialak\u00edtott kolostorudvart teljesen sim\u00e1v\u00e1, s\u00edkk\u00e1 alak\u00edtott\u00e1k.<\/p>\n<p><strong>Egy t\u00f6r\u00f6k objektum anyag\u00e1nak restaur\u00e1l\u00e1sa<\/strong><\/p>\n<p>A kutat\u00e1s sor\u00e1n jelent\u0151s t\u00e1mpont a felt\u00e1rt r\u00e9szek azonos\u00edt\u00e1s\u00e1hoz az a Tragor Ign\u00e1c kutat\u00e1s\u00e1nak k\u00f6sz\u00f6nhet\u0151en m\u00e1r egy \u00e9vsz\u00e1zada ismert felm\u00e9r\u00e9s, mely a 17. sz\u00e1zad elej\u00e9n k\u00e9sz\u00fclhetett a v\u00e1ci v\u00e1rr\u00f3l \u00e9s a v\u00e1rosr\u00f3l. Az er\u0151d\u00edtm\u00e9ny belsej\u00e9t \u00e9s falait igen r\u00e9szletesen bemutat\u00f3 munka megb\u00edzhat\u00f3s\u00e1g\u00e1t az eddigi \u00e1sat\u00e1sok t\u00e1masztott\u00e1k al\u00e1.<\/p>\n<p>A rom\u00e1n st\u00edlus\u00fa sz\u00e9kesegyh\u00e1z magja, a legels\u0151, biztosan a 11. sz\u00e1zadra tehet\u0151 \u00e9s id\u00e9n \u00fajabb r\u00e9szleteiben felt\u00e1rt sz\u00e9kesegyh\u00e1z csak egy haj\u00f3s lehetett, ez nagyj\u00e1b\u00f3l azonos lehet a 17. sz\u00e1zadi felm\u00e9r\u00e9s\u00fcnk\u00f6n l\u00e1that\u00f3 f\u0151haj\u00f3val. A haj\u00f3 keleti r\u00e9sz\u00e9t f\u00e9lk\u00f6r alak\u00fa szent\u00e9ly z\u00e1rta le. Ennek k\u00e9t r\u00f6vid szakasza ismert, \u00edgy kiszerkeszthet\u0151 a vonala. \u00cdgy tudjuk, hogy a szent\u00e9ly kelet-nyugati ir\u00e1nyba csup\u00e1n 3- 4 m\u00e9ter kiterjed\u00e9s\u0171 volt, m\u00edg a haj\u00f3 a k\u00e9s\u0151bbi f\u0151haj\u00f3hoz hasonl\u00f3n kb. 25 m\u00e9ter hossz\u00fa. Ez a furcs\u00e1n hossz\u00fak\u00e1s templomalaprajz, a haj\u00f3 \u00e9s a szent\u00e9ly ilyen ar\u00e1nya m\u00e1s hazai 11. sz\u00e1zadi egyh\u00e1zakn\u00e1l is el\u0151fordul. Ezzel a sz\u00e9kesegyh\u00e1zzal egy id\u0151ben k\u00e9sz\u00fclhetett a t\u0151le nyugatra el\u0151ker\u00fclt, a Dun\u00e1ra gy\u00f6ny\u00f6r\u0171 kil\u00e1t\u00e1ssal rendelkez\u0151, kb. 8 x 12 m\u00e9ter alapter\u00fclet\u0171 impoz\u00e1ns k\u0151 \u00e9p\u00fclet, mely tal\u00e1n az els\u0151 p\u00fcsp\u00f6k\u00f6k palot\u00e1ja lehetett. (Ennek az \u00e9p\u00fcletnek a nagy r\u00e9sz\u00e9t Dr. Tettamanti Sarolta m\u00e1r felt\u00e1rta, de korhat\u00e1roz\u00e1sa \u00e9s funkci\u00f3j\u00e1nak meghat\u00e1roz\u00e1sa Buz\u00e1s Gergely seg\u00edts\u00e9g\u00e9nek k\u00f6sz\u00f6nhet\u0151. A k\u00f6vetkez\u0151 meg\u00e1llap\u00edt\u00e1sok egy r\u00e9sze is Buz\u00e1s Gergelyt\u0151l sz\u00e1rmazik.)<\/p>\n<p>M\u00e9g a rom\u00e1n st\u00edlus idej\u00e9n, a 11. vagy a 12. sz\u00e1zadban az egyhaj\u00f3s templomot jelent\u0151sen megnagyobb\u00edtott\u00e1k. A f\u0151haj\u00f3 \u00e9szaki \u00e9s d\u00e9li oldal\u00e1hoz illeszkedve fel\u00e9p\u00edtettek k\u00e9t mell\u00e9khaj\u00f3t, melyek hossza megegyezett a kor\u00e1bbi templom haj\u00f3j\u00e1val, azaz az \u00faj f\u0151haj\u00f3val, sz\u00e9less\u00e9g\u00fck k b. 4 m\u00e9ter lehetett. (Szinte minden\u00fctt csak az alapoz\u00e1s vagy az alapoz\u00e1si \u00e1rok maradt r\u00e1nk, ez\u00e9rt bizonytalan a felmen\u0151 falak pontos helye, sz\u00e9less\u00e9ge.) A f\u0151haj\u00f3v\u00e1 v\u00e1lt korai haj\u00f3 \u00e9szaki \u00e9s d\u00e9li falait \u2013 teh\u00e1t a kor\u00e1bbi egyh\u00e1z nagy r\u00e9sz\u00e9t \u2013 lebontott\u00e1k a j\u00e1r\u00f3szint szintje al\u00e1. A k\u00e9t lebontott fal hely\u00e9n, arra alapozva k\u00e9t oszlopsort alak\u00edtottak ki, melyek a h\u00e1rom haj\u00f3 boltozat\u00e1t tartott\u00e1k \u00e9s a f\u0151haj\u00f3t elv\u00e1lasztott\u00e1k a mell\u00e9khaj\u00f3kt\u00f3l. A haj\u00f3k ezen form\u00e1ja, szerkezete val\u00f3sz\u00edn\u0171leg a pusztul\u00e1sig fennmaradt, ez l\u00e1tszik a 17. sz\u00e1zadi felm\u00e9r\u00e9sen is. A sz\u00e9kesegyh\u00e1zt\u00f3l nyugatra lev\u0151 8 x 12 m\u00e9teres \u00e9p\u00fcletet is elbontott\u00e1k a m\u00e1sodik rom\u00e1n peri\u00f3dus kialak\u00edt\u00e1sakor \u00e9s a hely\u00e9n egy nyugatra n\u00e9z\u0151 szent\u00e9ly \u00e9p\u00fclt, mely ugyanolyan sz\u00e9les volt, mint a templom f\u0151haj\u00f3ja. A f\u0151haj\u00f3val \u00f6ssze is k\u00f6t\u00f6tt\u00e9k az \u00faj nyugati szent\u00e9lyt, melyet \u00edgy mindk\u00e9t v\u00e9g\u00e9n egy-egy f\u00e9lk\u00f6r\u00f6s szent\u00e9ly z\u00e1rt le. A nyugati szent\u00e9ly lebont\u00e1sa ismeretlen id\u0151ben t\u00f6rt\u00e9nt. K\u00f6nnyen lehet, hogy csak a t\u00f6r\u00f6k h\u00e1bor\u00fak els\u0151 fel\u00e9ben, a 16. sz\u00e1zadban pusztult el. Csak azt tudjuk biztosa, hogy a 17. sz\u00e1zad elej\u00e9re tehet\u0151 felm\u00e9r\u00e9sen ez a nyugati r\u00e9sz m\u00e1r nem szerepel.<\/p>\n<ol>\n<li><strong> Orb\u00e1n p\u00e1pa bull\u00e1ja Urbanus pp felirattal<\/strong><\/li>\n<li><strong> Orb\u00e1n p\u00e1pa bull\u00e1ja Szent P\u00e9ter \u00e9s szent P\u00e1l k\u00e9pm\u00e1s\u00e1val<\/strong><\/li>\n<\/ol>\n<p>A sz\u00e9kesegyh\u00e1z B\u00e1thori Mikl\u00f3s p\u00fcsp\u00f6k idej\u00e9n nyerhette el a felm\u00e9r\u00e9sen l\u00e1that\u00f3 form\u00e1j\u00e1t. \u0150 \u00e9p\u00edtette ki a nyolcsz\u00f6g h\u00e1rom oldal\u00e1val z\u00e1r\u00f3d\u00f3 szent\u00e9lyt, mely hatalmas vastags\u00e1g\u00fa \u00e9s n\u00e9gy m\u00e9ter m\u00e9lys\u00e9gig leny\u00fal\u00f3 alapfalai arra mutatnak, hogy rendk\u00edv\u00fcli s\u00falyt kellett tartaniuk. Val\u00f3sz\u00edn\u0171leg igen magas \u00e9s neh\u00e9z boltozattal fedett szent\u00e9lyt hoztak ekkor l\u00e9tre, ez\u00e9rt volt sz\u00fcks\u00e9g a monument\u00e1lis alapokra.\u00a0 A B\u00e1thori-f\u00e9le szent\u00e9ly k\u00f6zep\u00e9n m\u00e1r a 2000. \u00e9v t\u00e1j\u00e1t\u00f3l ismert n\u00e9gyzet alaprajz\u00fa, kb. 2 x 2 m\u00e9ter fel\u00fclet\u0171, 4 m\u00e9ter m\u00e9lyre leny\u00fal\u00f3 pill\u00e9rr\u0151l kider\u00fclt, hogy nem t\u00f6r\u00f6k kori \u00e9p\u00edtm\u00e9ny, hanem a B\u00e1thori-f\u00e9le templom hatalmas sz\u00e9less\u00e9g\u0171 (kb. 17-18 m) szent\u00e9ly\u00e9nek a boltozat\u00e1t tartotta. E tart\u00f3szerkezet k\u00e9t m\u00e1sik pill\u00e9r\u00e9nek maradv\u00e1nyai\u00a0 a szent\u00e9ly d\u00e9li \u00e9s \u00e9szaki r\u00e9sz\u00e9n is el\u0151ker\u00fcltek.<\/p>\n<p>B\u00e1thori idej\u00e9ben a 14-15. sz\u00e1zadi g\u00f3tikus templom egyes r\u00e9szeit elbontott\u00e1k, hiszen a fekete, piros \u00e9s feh\u00e9r sz\u00edn\u0171 fest\u00e9ssel d\u00edsz\u00edtett fal egyes darabjai a 15. sz\u00e1zad v\u00e9g\u00e9n \u00e9p\u00fclt alapokba ker\u00fcltek be\u00e9p\u00edt\u00e9sre. A g\u00f3tikus templom h\u00e1rom haj\u00f3ja mai tud\u00e1sunk szerint azonos lehetett a felm\u00e9r\u00e9sen l\u00e1that\u00f3 templommal, azaz a haj\u00f3k vonal\u00e1t, m\u00e9ret\u00e9t B\u00e1thori nem v\u00e1ltoztatta meg jelent\u0151sen. A templom d\u00e9lnyugati r\u00e9sz\u00e9n egy a k\u00e9s\u0151k\u00f6z\u00e9pkorra, a 14-15. sz\u00e1zadra tehet\u0151, t\u00e9gl\u00e1b\u00f3l k\u00e9sz\u00fclt, de cs\u0151 alak\u00fa t\u00e9gla csatorna ker\u00fclt el\u0151. Ez a palota fel\u0151l vezetett az egyh\u00e1z al\u00e1, majd a Duna fel\u00e9 haladt tov\u00e1bb. A csatorna elk\u00e9sz\u00fclte ut\u00e1n a templomon bel\u00fcli szakasza f\u00f6l\u00e9 egy nagyobb falt\u00f6mb\u00f6t \u00e9p\u00edtettek. (Ez a fal is ismert volt m\u00e1r m\u00e1sf\u00e9l \u00e9vtizede, de szerepe, kora most tiszt\u00e1z\u00f3dott.) Ez tal\u00e1n a nyugati karzatra vagy egy nyugati toronyba vezet\u0151 k\u0151l\u00e9pcs\u0151 alapoz\u00e1sa lehet. A g\u00f3tikus templom szent\u00e9lye val\u00f3sz\u00edn\u0171leg a f\u0151haj\u00f3val megegyez\u0151 sz\u00e9less\u00e9g\u0171 volt \u00e9s \u00edgy a B\u00e1thori-f\u00e9le szent\u00e9lyn\u00e9l term\u00e9szetesen keskenyebb, de hossz\u00fas\u00e1guk, kelet-nyugti ir\u00e1ny\u00fa kiterjed\u00e9s\u00fck megegyezhetett.<\/p>\n<p><strong>A 43. objektum 16-17. sz\u00e1zadi ed\u00e9nyei<\/strong><\/p>\n<p>A t\u00f6r\u00f6k\u00f6k az 1544. \u00e9vvel kezd\u0151d\u0151 \u00e9s f\u00e9l \u00e9vsz\u00e1zadig tart\u00f3 els\u0151 uralmuk idej\u00e9n a sz\u00e9kesegyh\u00e1zat val\u00f3sz\u00edn\u0171leg nagyj\u00e1b\u00f3l v\u00e1ltozatlan alaprajzzal, de \u00e1talak\u00edtott, \u00e1tfestett bels\u0151vel haszn\u00e1lhatt\u00e1k \u00e9s Szulejm\u00e1n Kh\u00e1n Dzs\u00e1minak nevezt\u00e9k. Az 1626-tal indul\u00f3 m\u00e1sodik t\u00f6r\u00f6k uralom idej\u00e9n egy r\u00e9sz\u00e9t elbontott\u00e1k \u00e9s a k\u0151anyagb\u00f3l \u00e9p\u00edtett\u00e9k a v\u00e1r n\u00e9gy sark\u00e1n a n\u00e9gy \u00faj sarokb\u00e1sty\u00e1t. Val\u00f3sz\u00edn\u0171leg egy r\u00e9sze megmaradt a dzs\u00e1minak, mivel 1663-ban eg t\u00f6r\u00f6k utaz\u00f3, Evlia Cselebi m\u00e9g eml\u00edt\u00e9st tesz r\u00f3la. A felt\u00e1r\u00e1s sor\u00e1n a d\u00e9li haj\u00f3 d\u00e9li fal\u00e1nak k\u00fcls\u0151 oldal\u00e1hoz illesztve egy nagyon massz\u00edv habarcsb\u00f3l k\u00e9sz\u00fclt, szinte beton kem\u00e9nys\u00e9g\u0171 alapoz\u00e1st tal\u00e1ltunk. Ez tal\u00e1n a templomhoz \u00e9p\u00edtett minaretnek, keskeny magas tornyocsk\u00e1nak az alapoz\u00e1sa. Ez a minaret l\u00e1that\u00f3 val\u00f3sz\u00edn\u0171leg a visszafoglal\u00f3 h\u00e1bor\u00fa idej\u00e9b\u0151l, 1686-b\u00f3l sz\u00e1rmaz\u00f3 V\u00e1c \u00e1br\u00e1zol\u00e1son.<\/p>\n<p><strong>jellegzetes t\u00f6r\u00f6k ed\u00e9ny &#8211; talpas t\u00e1l<\/strong><\/p>\n<p>A templom keleti r\u00e9sz\u00e9n sz\u00e1mos t\u00f6r\u00f6k g\u00f6dr\u00f6t tal\u00e1ltunk, ezek feltehet\u0151en eredetileg gabona t\u00e1rol\u00e1s\u00e1ra szolg\u00e1lhattak, de 2013-ban az egyik alj\u00e1n sz\u0151l\u0151 t\u00f6rk\u00f6lynek t\u0171n\u0151 anyagot tal\u00e1ltunk. Ez ut\u00f3bbi a p\u00e1linkaf\u0151z\u00e9shez lehetett \u00f6sszegy\u0171jtve sz\u00fcret idej\u00e9n. A fentiek al\u00e1t\u00e1masztj\u00e1k az 1570. \u00e9vi t\u00f6r\u00f6k \u00f6ssze\u00edr\u00e1st, mely a dzs\u00e1mi mellett k\u00f6zvetlen\u00fcl vagy abban rakt\u00e1rr\u00f3l eml\u00e9kezik meg. A sz\u00e9kesegyh\u00e1z keleti r\u00e9sze eszerint az \u00e9p\u00fclet t\u00f6bbi r\u00e9sz\u00e9r\u0151l leker\u00edtve magt\u00e1rk\u00e9nt, rakt\u00e1rk\u00e9nt m\u0171k\u00f6dhetett.<\/p>\n<p><strong>t\u00f6r\u00f6k m\u00e1zas kancs\u00f3<\/strong><\/p>\n<p>Itt is megk\u00f6sz\u00f6n\u00f6m Buz\u00e1s Gergelynek, a visegr\u00e1di M\u00e1ty\u00e1s Kir\u00e1ly M\u00fazeum igazgat\u00f3j\u00e1nak a maradv\u00e1nyok \u00e9rtelmez\u00e9s\u00e9hez ny\u00fajtott \u00e9rt\u00e9kes seg\u00edts\u00e9g\u00e9t.<\/p>\n<p>Batizi Zolt\u00e1n \u00e1sat\u00e1svezet\u0151, Tragor Ign\u00e1c M\u00fazeum<\/p>\n<p>&nbsp;<\/p>\n<p>[\/et_pb_text][et_pb_gallery _builder_version=&#8221;4.27.4&#8243; _module_preset=&#8221;default&#8221; theme_builder_area=&#8221;post_content&#8221; gallery_ids=&#8221;5622,5623,5625,5626,5627,5628,5629&#8243; hover_enabled=&#8221;0&#8243; sticky_enabled=&#8221;0&#8243;][\/et_pb_gallery][\/et_pb_column][\/et_pb_row][\/et_pb_section]<\/p>\n","protected":false},"excerpt":{"rendered":"<p>Szakmai besz\u00e1mol\u00f3: A v\u00e1ci k\u00f6z\u00e9pkori sz\u00e9kesegyh\u00e1z d\u00e9li \u00e9s nyugati r\u00e9sz\u00e9nek felt\u00e1r\u00e1sa 2014 \u0151sz\u00e9ig\u00a02015. m\u00e1rcius 2. j\u00falius 14-\u00e9n kezd\u0151d\u00f6tt az NKA \u00e1ltal t\u00e1mogatott felt\u00e1r\u00e1s az egykori sz\u00e9kesegyh\u00e1z d\u00e9li \u00e9s nyugati r\u00e9sz\u00e9n. [&hellip;]<\/p>\n","protected":false},"author":1,"featured_media":0,"parent":0,"menu_order":0,"comment_status":"closed","ping_status":"closed","template":"","meta":{"_et_pb_use_builder":"on","_et_pb_old_content":"","_et_gb_content_width":"","footnotes":""},"class_list":["post-5620","page","type-page","status-publish","hentry"],"yoast_head":"<!-- This site is optimized with the Yoast SEO Premium plugin v27.3 (Yoast SEO v27.3) - https:\/\/yoast.com\/product\/yoast-seo-premium-wordpress\/ -->\n<title>Szakmai besz\u00e1mol\u00f3: A v\u00e1ci k\u00f6z\u00e9pkori sz\u00e9kesegyh\u00e1z d\u00e9li \u00e9s nyugati r\u00e9sz\u00e9nek felt\u00e1r\u00e1sa 2014 \u0151sz\u00e9ig - TRAGOR IGN\u00c1C M\u00daZEUM \u2022 V\u00c1C<\/title>\n<meta name=\"description\" content=\"Egy m\u00fazeum, ezer \u00e9lm\u00e9ny!\" \/>\n<meta name=\"robots\" content=\"index, follow, max-snippet:-1, max-image-preview:large, max-video-preview:-1\" \/>\n<link rel=\"canonical\" href=\"https:\/\/muzeumvac.hu\/en\/szakmai-beszamolo-a-vaci-kozepkori-szekesegyhaz-deli-es-nyugati-reszenek-feltarasa-2014-oszeig\/\" \/>\n<meta property=\"og:locale\" content=\"en_GB\" \/>\n<meta property=\"og:type\" content=\"article\" \/>\n<meta property=\"og:title\" content=\"Szakmai besz\u00e1mol\u00f3: A v\u00e1ci k\u00f6z\u00e9pkori sz\u00e9kesegyh\u00e1z d\u00e9li \u00e9s nyugati r\u00e9sz\u00e9nek felt\u00e1r\u00e1sa 2014 \u0151sz\u00e9ig\" \/>\n<meta property=\"og:description\" content=\"Egy m\u00fazeum, ezer \u00e9lm\u00e9ny!\" \/>\n<meta property=\"og:url\" content=\"https:\/\/muzeumvac.hu\/en\/szakmai-beszamolo-a-vaci-kozepkori-szekesegyhaz-deli-es-nyugati-reszenek-feltarasa-2014-oszeig\/\" \/>\n<meta property=\"og:site_name\" content=\"TRAGOR IGN\u00c1C M\u00daZEUM \u2022 V\u00c1C\" \/>\n<meta property=\"article:publisher\" content=\"https:\/\/www.facebook.com\/vac.tragorignacmuzeum\" \/>\n<meta property=\"article:modified_time\" content=\"2026-01-15T13:25:17+00:00\" \/>\n<meta name=\"twitter:card\" content=\"summary_large_image\" \/>\n<script type=\"application\/ld+json\" class=\"yoast-schema-graph\">{\"@context\":\"https:\\\/\\\/schema.org\",\"@graph\":[{\"@type\":\"WebPage\",\"@id\":\"https:\\\/\\\/muzeumvac.hu\\\/szakmai-beszamolo-a-vaci-kozepkori-szekesegyhaz-deli-es-nyugati-reszenek-feltarasa-2014-oszeig\\\/\",\"url\":\"https:\\\/\\\/muzeumvac.hu\\\/szakmai-beszamolo-a-vaci-kozepkori-szekesegyhaz-deli-es-nyugati-reszenek-feltarasa-2014-oszeig\\\/\",\"name\":\"Szakmai besz\u00e1mol\u00f3: A v\u00e1ci k\u00f6z\u00e9pkori sz\u00e9kesegyh\u00e1z d\u00e9li \u00e9s nyugati r\u00e9sz\u00e9nek felt\u00e1r\u00e1sa 2014 \u0151sz\u00e9ig - TRAGOR IGN\u00c1C M\u00daZEUM \u2022 V\u00c1C\",\"isPartOf\":{\"@id\":\"https:\\\/\\\/muzeumvac.hu\\\/#website\"},\"datePublished\":\"2015-03-02T13:23:00+00:00\",\"dateModified\":\"2026-01-15T13:25:17+00:00\",\"description\":\"Egy m\u00fazeum, ezer \u00e9lm\u00e9ny!\",\"breadcrumb\":{\"@id\":\"https:\\\/\\\/muzeumvac.hu\\\/szakmai-beszamolo-a-vaci-kozepkori-szekesegyhaz-deli-es-nyugati-reszenek-feltarasa-2014-oszeig\\\/#breadcrumb\"},\"inLanguage\":\"en-GB\",\"potentialAction\":[{\"@type\":\"ReadAction\",\"target\":[\"https:\\\/\\\/muzeumvac.hu\\\/szakmai-beszamolo-a-vaci-kozepkori-szekesegyhaz-deli-es-nyugati-reszenek-feltarasa-2014-oszeig\\\/\"]}]},{\"@type\":\"BreadcrumbList\",\"@id\":\"https:\\\/\\\/muzeumvac.hu\\\/szakmai-beszamolo-a-vaci-kozepkori-szekesegyhaz-deli-es-nyugati-reszenek-feltarasa-2014-oszeig\\\/#breadcrumb\",\"itemListElement\":[{\"@type\":\"ListItem\",\"position\":1,\"name\":\"Kezd\u0151lap\",\"item\":\"https:\\\/\\\/muzeumvac.hu\\\/\"},{\"@type\":\"ListItem\",\"position\":2,\"name\":\"Szakmai besz\u00e1mol\u00f3: A v\u00e1ci k\u00f6z\u00e9pkori sz\u00e9kesegyh\u00e1z d\u00e9li \u00e9s nyugati r\u00e9sz\u00e9nek felt\u00e1r\u00e1sa 2014 \u0151sz\u00e9ig\"}]},{\"@type\":\"WebSite\",\"@id\":\"https:\\\/\\\/muzeumvac.hu\\\/#website\",\"url\":\"https:\\\/\\\/muzeumvac.hu\\\/\",\"name\":\"TRAGOR IGN\u00c1C M\u00daZEUM \u2022 V\u00c1C\",\"description\":\"Egy m\u00fazeum, ezer \u00e9lm\u00e9ny!\",\"publisher\":{\"@id\":\"https:\\\/\\\/muzeumvac.hu\\\/#organization\"},\"potentialAction\":[{\"@type\":\"SearchAction\",\"target\":{\"@type\":\"EntryPoint\",\"urlTemplate\":\"https:\\\/\\\/muzeumvac.hu\\\/?s={search_term_string}\"},\"query-input\":{\"@type\":\"PropertyValueSpecification\",\"valueRequired\":true,\"valueName\":\"search_term_string\"}}],\"inLanguage\":\"en-GB\"},{\"@type\":\"Organization\",\"@id\":\"https:\\\/\\\/muzeumvac.hu\\\/#organization\",\"name\":\"TRAGOR IGN\u00c1C M\u00daZEUM \u2022 V\u00c1C\",\"url\":\"https:\\\/\\\/muzeumvac.hu\\\/\",\"logo\":{\"@type\":\"ImageObject\",\"inLanguage\":\"en-GB\",\"@id\":\"https:\\\/\\\/muzeumvac.hu\\\/#\\\/schema\\\/logo\\\/image\\\/\",\"url\":\"https:\\\/\\\/muzeumvac.hu\\\/wp-content\\\/uploads\\\/2025\\\/07\\\/tragor_ignac_logo.png\",\"contentUrl\":\"https:\\\/\\\/muzeumvac.hu\\\/wp-content\\\/uploads\\\/2025\\\/07\\\/tragor_ignac_logo.png\",\"width\":161,\"height\":126,\"caption\":\"TRAGOR IGN\u00c1C M\u00daZEUM \u2022 V\u00c1C\"},\"image\":{\"@id\":\"https:\\\/\\\/muzeumvac.hu\\\/#\\\/schema\\\/logo\\\/image\\\/\"},\"sameAs\":[\"https:\\\/\\\/www.facebook.com\\\/vac.tragorignacmuzeum\",\"https:\\\/\\\/www.instagram.com\\\/tragormuzeum\",\"https:\\\/\\\/www.youtube.com\\\/@TragorIgncMzeum-vac\"]}]}<\/script>\n<!-- \/ Yoast SEO Premium plugin. -->","yoast_head_json":{"title":"Szakmai besz\u00e1mol\u00f3: A v\u00e1ci k\u00f6z\u00e9pkori sz\u00e9kesegyh\u00e1z d\u00e9li \u00e9s nyugati r\u00e9sz\u00e9nek felt\u00e1r\u00e1sa 2014 \u0151sz\u00e9ig - TRAGOR IGN\u00c1C M\u00daZEUM \u2022 V\u00c1C","description":"One museum, a thousand experiences!","robots":{"index":"index","follow":"follow","max-snippet":"max-snippet:-1","max-image-preview":"max-image-preview:large","max-video-preview":"max-video-preview:-1"},"canonical":"https:\/\/muzeumvac.hu\/en\/szakmai-beszamolo-a-vaci-kozepkori-szekesegyhaz-deli-es-nyugati-reszenek-feltarasa-2014-oszeig\/","og_locale":"en_GB","og_type":"article","og_title":"Szakmai besz\u00e1mol\u00f3: A v\u00e1ci k\u00f6z\u00e9pkori sz\u00e9kesegyh\u00e1z d\u00e9li \u00e9s nyugati r\u00e9sz\u00e9nek felt\u00e1r\u00e1sa 2014 \u0151sz\u00e9ig","og_description":"Egy m\u00fazeum, ezer \u00e9lm\u00e9ny!","og_url":"https:\/\/muzeumvac.hu\/en\/szakmai-beszamolo-a-vaci-kozepkori-szekesegyhaz-deli-es-nyugati-reszenek-feltarasa-2014-oszeig\/","og_site_name":"TRAGOR IGN\u00c1C M\u00daZEUM \u2022 V\u00c1C","article_publisher":"https:\/\/www.facebook.com\/vac.tragorignacmuzeum","article_modified_time":"2026-01-15T13:25:17+00:00","twitter_card":"summary_large_image","schema":{"@context":"https:\/\/schema.org","@graph":[{"@type":"WebPage","@id":"https:\/\/muzeumvac.hu\/szakmai-beszamolo-a-vaci-kozepkori-szekesegyhaz-deli-es-nyugati-reszenek-feltarasa-2014-oszeig\/","url":"https:\/\/muzeumvac.hu\/szakmai-beszamolo-a-vaci-kozepkori-szekesegyhaz-deli-es-nyugati-reszenek-feltarasa-2014-oszeig\/","name":"Szakmai besz\u00e1mol\u00f3: A v\u00e1ci k\u00f6z\u00e9pkori sz\u00e9kesegyh\u00e1z d\u00e9li \u00e9s nyugati r\u00e9sz\u00e9nek felt\u00e1r\u00e1sa 2014 \u0151sz\u00e9ig - TRAGOR IGN\u00c1C M\u00daZEUM \u2022 V\u00c1C","isPartOf":{"@id":"https:\/\/muzeumvac.hu\/#website"},"datePublished":"2015-03-02T13:23:00+00:00","dateModified":"2026-01-15T13:25:17+00:00","description":"One museum, a thousand experiences!","breadcrumb":{"@id":"https:\/\/muzeumvac.hu\/szakmai-beszamolo-a-vaci-kozepkori-szekesegyhaz-deli-es-nyugati-reszenek-feltarasa-2014-oszeig\/#breadcrumb"},"inLanguage":"en-GB","potentialAction":[{"@type":"ReadAction","target":["https:\/\/muzeumvac.hu\/szakmai-beszamolo-a-vaci-kozepkori-szekesegyhaz-deli-es-nyugati-reszenek-feltarasa-2014-oszeig\/"]}]},{"@type":"BreadcrumbList","@id":"https:\/\/muzeumvac.hu\/szakmai-beszamolo-a-vaci-kozepkori-szekesegyhaz-deli-es-nyugati-reszenek-feltarasa-2014-oszeig\/#breadcrumb","itemListElement":[{"@type":"ListItem","position":1,"name":"Kezd\u0151lap","item":"https:\/\/muzeumvac.hu\/"},{"@type":"ListItem","position":2,"name":"Szakmai besz\u00e1mol\u00f3: A v\u00e1ci k\u00f6z\u00e9pkori sz\u00e9kesegyh\u00e1z d\u00e9li \u00e9s nyugati r\u00e9sz\u00e9nek felt\u00e1r\u00e1sa 2014 \u0151sz\u00e9ig"}]},{"@type":"WebSite","@id":"https:\/\/muzeumvac.hu\/#website","url":"https:\/\/muzeumvac.hu\/","name":"TRAGOR IGN\u00c1C M\u00daZEUM \u2022 V\u00c1C","description":"One museum, a thousand experiences!","publisher":{"@id":"https:\/\/muzeumvac.hu\/#organization"},"potentialAction":[{"@type":"SearchAction","target":{"@type":"EntryPoint","urlTemplate":"https:\/\/muzeumvac.hu\/?s={search_term_string}"},"query-input":{"@type":"PropertyValueSpecification","valueRequired":true,"valueName":"search_term_string"}}],"inLanguage":"en-GB"},{"@type":"Organization","@id":"https:\/\/muzeumvac.hu\/#organization","name":"TRAGOR IGN\u00c1C M\u00daZEUM \u2022 V\u00c1C","url":"https:\/\/muzeumvac.hu\/","logo":{"@type":"ImageObject","inLanguage":"en-GB","@id":"https:\/\/muzeumvac.hu\/#\/schema\/logo\/image\/","url":"https:\/\/muzeumvac.hu\/wp-content\/uploads\/2025\/07\/tragor_ignac_logo.png","contentUrl":"https:\/\/muzeumvac.hu\/wp-content\/uploads\/2025\/07\/tragor_ignac_logo.png","width":161,"height":126,"caption":"TRAGOR IGN\u00c1C M\u00daZEUM \u2022 V\u00c1C"},"image":{"@id":"https:\/\/muzeumvac.hu\/#\/schema\/logo\/image\/"},"sameAs":["https:\/\/www.facebook.com\/vac.tragorignacmuzeum","https:\/\/www.instagram.com\/tragormuzeum","https:\/\/www.youtube.com\/@TragorIgncMzeum-vac"]}]}},"_links":{"self":[{"href":"https:\/\/muzeumvac.hu\/en\/wp-json\/wp\/v2\/pages\/5620","targetHints":{"allow":["GET"]}}],"collection":[{"href":"https:\/\/muzeumvac.hu\/en\/wp-json\/wp\/v2\/pages"}],"about":[{"href":"https:\/\/muzeumvac.hu\/en\/wp-json\/wp\/v2\/types\/page"}],"author":[{"embeddable":true,"href":"https:\/\/muzeumvac.hu\/en\/wp-json\/wp\/v2\/users\/1"}],"replies":[{"embeddable":true,"href":"https:\/\/muzeumvac.hu\/en\/wp-json\/wp\/v2\/comments?post=5620"}],"version-history":[{"count":2,"href":"https:\/\/muzeumvac.hu\/en\/wp-json\/wp\/v2\/pages\/5620\/revisions"}],"predecessor-version":[{"id":5631,"href":"https:\/\/muzeumvac.hu\/en\/wp-json\/wp\/v2\/pages\/5620\/revisions\/5631"}],"wp:attachment":[{"href":"https:\/\/muzeumvac.hu\/en\/wp-json\/wp\/v2\/media?parent=5620"}],"curies":[{"name":"wp","href":"https:\/\/api.w.org\/{rel}","templated":true}]}}