{"id":5605,"date":"2015-10-13T14:18:00","date_gmt":"2015-10-13T12:18:00","guid":{"rendered":"https:\/\/muzeumvac.hu\/?page_id=5605"},"modified":"2026-01-15T14:20:01","modified_gmt":"2026-01-15T13:20:01","slug":"szakmai-beszamolo-az-nka-kozgyujtemenyek-kollegiuma-palyazatahoz-2015","status":"publish","type":"page","link":"https:\/\/muzeumvac.hu\/en\/szakmai-beszamolo-az-nka-kozgyujtemenyek-kollegiuma-palyazatahoz-2015\/","title":{"rendered":"Szakmai besz\u00e1mol\u00f3 az NKA K\u00f6zgy\u0171jtem\u00e9nyek Koll\u00e9giuma p\u00e1ly\u00e1zat\u00e1hoz, 2015"},"content":{"rendered":"<p>[et_pb_section fb_built=&#8221;1&#8243; theme_builder_area=&#8221;post_content&#8221; _builder_version=&#8221;4.27.4&#8243; _module_preset=&#8221;default&#8221;][et_pb_row _builder_version=&#8221;4.27.4&#8243; _module_preset=&#8221;default&#8221; theme_builder_area=&#8221;post_content&#8221;][et_pb_column _builder_version=&#8221;4.27.4&#8243; _module_preset=&#8221;default&#8221; type=&#8221;4_4&#8243; theme_builder_area=&#8221;post_content&#8221;][et_pb_text _builder_version=&#8221;4.27.4&#8243; _module_preset=&#8221;default&#8221; theme_builder_area=&#8221;post_content&#8221; hover_enabled=&#8221;0&#8243; sticky_enabled=&#8221;0&#8243;]<\/p>\n<p>Szakmai besz\u00e1mol\u00f3 az NKA K\u00f6zgy\u0171jtem\u00e9nyek Koll\u00e9giuma p\u00e1ly\u00e1zat\u00e1hoz, 2015<br \/>\u00a02015. okt\u00f3ber 13.<\/p>\n<p><strong>Int\u00e9zm\u00e9ny\u00fcnk, a v\u00e1ci Tragor Ign\u00e1c M\u00fazeum 2014-ben t\u00e1mogat\u00e1st nyert az NKA K\u00f6zgy\u0171jtem\u00e9nyek Koll\u00e9gium\u00e1t\u00f3l Ismeretlen fest\u0151: Madonna szerzetessel c\u00edm\u0171, igen rossz \u00e1llapotban l\u00e9v\u0151 18. sz\u00e1zadi k\u00e9p restaur\u00e1l\u00e1s\u00e1ra.<br \/>P\u00e1ly\u00e1zati azonos\u00edt\u00f3: 3560\/000177<\/strong><\/p>\n<p>A k\u00e9p adatai:<\/p>\n<p>&#8211; TIM ltsz.: 52.206.1. Giovanni Lanfranco:<\/p>\n<p>&#8211;\u00a0<em>Madonna \u00e9s a gyermek \u00e1tny\u00fajtja a r\u00f3zsaf\u0171z\u00e9rt Szent Domonkosnak<\/em><\/p>\n<p>&#8211; Kora: 17. sz. els\u0151 harmada<\/p>\n<p>&#8211; Technika, hordoz\u00f3: olaj, v\u00e1szon<\/p>\n<p>&#8211; M\u00e9rete: 100 x 72,5 cm<\/p>\n<p>A restaur\u00e1l\u00e1s folyamata lez\u00e1rult, amelyet v\u00e9gig k\u00f6vettem, \u00e9s ahogy a mell\u00e9kelt fot\u00f3dokument\u00e1ci\u00f3 bizony\u00edtja, Szentgy\u00f6rgyi Edit a Magyar Nemzeti Gal\u00e9ria (Sz\u00e9pm\u0171v\u00e9szeti M\u00fazeum) fest\u0151m\u0171v\u00e9sz-restaur\u00e1tora kiv\u00e1l\u00f3 munk\u00e1t v\u00e9gzett. A restaur\u00e1l\u00e1snak k\u00f6sz\u00f6nhet\u0151en a k\u00e9p nem csak technikai \u00e9s eszt\u00e9tikai \u00e9rtelemben \u00fajult meg, hanem\u00a0<em>t\u00f6bb mint sz\u00e1z \u00e9vet \u00f6regedett<\/em>, mivel a vend\u00e9g v\u00e1szon lebont\u00e1sa ut\u00e1n el\u0151t\u0171nt Giovanni Lanfranco neve. St\u00edluskritikai alapon val\u00f3ban az 1582-1647 k\u00f6z\u00f6tt \u00e9lt it\u00e1liai mesternek tulajdon\u00edthat\u00f3 a k\u00e9p.<\/p>\n<p>A k\u00e9p elhelyez\u00e9se:\u00a0<em>Kapuk a m\u00faltra<\/em>\u00a0c\u00edm\u0171, 2015 nyar\u00e1n ny\u00edlt \u00e1lland\u00f3 ki\u00e1ll\u00edt\u00e1sban.<\/p>\n<p>NKA t\u00e1mogat\u00e1s\u00e1t a ki\u00e1ll\u00edt\u00e1sban, a honlapon\u00a0<a href=\"https:\/\/muzeumvac.hu\/aktualitasok\/96\/Szaz-evvel-korabbi-a-restauralt-kep.html\">(https:\/\/muzeumvac.hu\/aktualitasok\/96\/Szaz-evvel-korabbi-a-restauralt-kep.html)<\/a>\u00a0elhelyezt\u00fck \u00e9s minden sajt\u00f3nyilatkozatban elhangzott. Mell\u00e9kelem a k\u00e9pet restaur\u00e1l\u00f3 Szentgy\u00f6rgyi Edit szakmai besz\u00e1mol\u00f3j\u00e1t, megk\u00f6sz\u00f6nve a Koll\u00e9gium t\u00e1mogat\u00e1s\u00e1t.<\/p>\n<p>V\u00e1c, 2015. okt\u00f3ber 12. \u00a0 \u00a0 \u00a0 \u00a0 \u00a0 \u00a0 \u00a0 \u00a0 \u00a0 \u00a0B\u00e1rdosi J\u00f3zsef m\u0171v\u00e9szett\u00f6rt\u00e9n\u00e9sz<\/p>\n<p>&nbsp;<\/p>\n<p><strong>Restaur\u00e1tori dokument\u00e1ci\u00f3<\/strong><\/p>\n<p><strong>M\u0171le\u00edr\u00e1s<\/strong><\/p>\n<p>M\u00e1ria, a felh\u0151k k\u00f6z\u00f6tt tr\u00f3nol a gyermek J\u00e9zussal. El\u0151tte t\u00e9rdel\u0151 szerzetes, Szent Domonkos, k\u00f6penye fekete tunik\u00e1ja feh\u00e9r, feje k\u00f6r\u00fcl gl\u00f3ria \/ez\u00fcst dicsf\u00e9ny\/. T\u00e9rdel\u0151 alakja el\u0151tt k\u00e9t arcn\u00e9lk\u00fcli figura, k\u00e9k csukly\u00e1ban, egyik im\u00e1ra kulcsolt kez\u00e9t M\u00e1ria fel\u00e9 ny\u00fajtja. A m\u00e1sik a kutya fel\u00e9 mutat. M\u00e1ria \u00e9s a gyermek J\u00e9zus feje k\u00f6r\u00fcl arany dicsf\u00e9ny. A gyermek J\u00e9zus r\u00f3zsaf\u0171z\u00e9rt emel a magasba. M\u00e1ria r\u00f3zsaf\u0171z\u00e9rt ny\u00fajt Domonkos fel\u00e9, aki megcs\u00f3kolja az olvas\u00f3n l\u00e9v\u0151 \u00e9rmet.\u00a0 Domonkos k\u00f6peny\u00e9t v\u00e9d\u0151 mozdulattal a csukly\u00e1s figur\u00e1k \/l\u00e9lek\/ k\u00f6r\u00e9 emeli. A k\u00e9p el\u0151ter\u00e9ben egy f\u00e1kly\u00e1t sz\u00e1j\u00e1ban tart\u00f3 kutya.\u00a0 A t\u00e1jk\u00e9pi h\u00e1tt\u00e9rben egy kapu. A k\u00e9p fels\u0151 r\u00e9sz\u00e9n angyalok kara. A k\u00e9p bal fels\u0151 sark\u00e1ban l\u00e9v\u0151 angyalok r\u00f3zs\u00e1t sz\u00f3rnak M\u00e1ria alakja fel\u00e9.\u00a0 A k\u00e9p als\u00f3 r\u00e9sz\u00e9n egy tarka kutya, sz\u00e1j\u00e1ban \u00e9g\u0151 f\u00e1klya.<\/p>\n<p>A k\u00e9p c\u00edme a m\u0171t\u00e1rgy lelt\u00e1r szerint: Madonna szerzetessel. Ismeretlen fest\u0151, 18. sz\u00e1zad. Olaj v\u00e1szon. \u00c1llapota nagyon s\u00e9r\u00fclt Ltsz. 52.206.1. \u00a0M\u00e9rete: 98\u00a0 x 73 cm<\/p>\n<p>\u0150rz\u00e9si helye: V\u00e1c, Tragor Ign\u00e1c M\u00fazeum, R\u00e9gi K\u00e9pt\u00e1r anyag\u00e1nak darabja.<\/p>\n<p><strong>A festm\u00e9ny k\u00e9zhez kapott \u00e1llapota. \u00c1llapotle\u00edr\u00e1s:<\/strong><\/p>\n<p>A k\u00e9p er\u0151sen s\u00e9r\u00fclt! Megcsonk\u00edtott v\u00e1szna egy \u00e9kelhetetlen fesz\u00edt\u0151keretre lett feler\u0151s\u00edtve. Kor\u00e1bban \u00f6sszetekert \u00e1llapotban volt, arra utal a 3-4 r\u00e9szben v\u00edzszintesen megt\u00f6rt k\u00e9pfel\u00fclete. Nedvess\u00e9g \u00e9rhette. \u00dajrafesz\u00edt\u00e9se el\u0151tt egy v\u00e1szonra kas\u00edrozt\u00e1k, az er\u0151sen s\u00e9r\u00fclt k\u00e9pet. \/k\u00f6t\u0151anyagk\u00e9nt enyvet haszn\u00e1ltak\/ K\u00e9pfel\u00fclet\u00e9nek egyenletess\u00e9g\u00e9t vastag olajos, nagyon megkem\u00e9nyedett \u201et\u00f6m\u00edt\u0151 massz\u00e1val \u201e \/ablakkitt\/ egyengett\u00e9k ki, sok helyen fedve az eredeti fel\u00fcletet. Ennek spaklival t\u00f6rt\u00e9n\u0151 felhord\u00e1s\u00e1n\u00e1l er\u0151sen szennyezt\u00e9k a k\u00e9pfel\u00fcletet. \/durva beavatkoz\u00e1s\/ . A v\u00e1szonhordoz\u00f3 kisz\u00e1radt, t\u00f6r\u00e9keny, t\u00f6bb helyen szakadt, lyukas.<\/p>\n<p><strong>A hordoz\u00f3:<\/strong>\u00a0A k\u00e9p, Igen rossz \u00e1llapot\u00fa! A k\u00e9t hosszanti oldal\u00e1n\u00e1l megcsonk\u00edtott, a r\u00f6vid oldalakon megvan az eredeti h\u00faz\u00f3sz\u00e9l. Fesz\u00edt\u0151 kerete nem \u00e9kelhet\u0151, nem eredeti. Kor\u00e1bban a k\u00e9pet lebontott\u00e1k a fesz\u00edt\u0151 keret\u00e9r\u0151l, majd \u00f6sszetekerhett\u00e9k, annak k\u00f6vetkezt\u00e9ben a v\u00e1szonhordoz\u00f3 t\u00f6bb helyen v\u00edzszintes szakaszonk\u00e9nt megt\u00f6rt, elszakadt \u00e9s t\u00f6bb helyen kilyukadt. A nagyon s\u00e9r\u00fclt k\u00e9pet egy hordoz\u00f3 lenv\u00e1szonra kas\u00edrozt\u00e1k \/a durva beavatkoz\u00e1s \u00e9rdeme, hogy megmaradt a k\u00e9p. A v\u00e1szonoldalon a k\u00e9p als\u00f3 egyharmada pen\u00e9szes.<\/p>\n<p><strong>Festett fel\u00fclete,<\/strong>\u00a0er\u0151sen elszennyezett, a megt\u00f6rt v\u00e1szons\u00e9r\u00fcl\u00e9seket egy er\u0151sen olajos kittel elkent fel\u00fclet\u00e9n, sok helyen nem l\u00e1that\u00f3 az \u00e1br\u00e1zol\u00e1s.<\/p>\n<p><strong>Felt\u00e1r\u00e1s, folyamata:<\/strong><\/p>\n<p>A fel\u00fcleti szennyez\u0151d\u00e9sek elt\u00e1vol\u00edt\u00e1sa \/ triamonum citr\u00e1ttal\/ ut\u00e1n a durv\u00e1n felhordott olajos kitteket puh\u00edtani kellett \/ dimethyl.formamid, lakkbenzines k\u00f6z\u00f6mb\u00f6s\u00edt\u00e9s, a finom tiszt\u00edt\u00e1s, acetonnal\/. a vastag kittet puh\u00edt\u00e1s ut\u00e1n mechanikusan lehetett lev\u00e9sni, lesorvasztani. T\u00f6bbsz\u00f6ri nekifut\u00e1sra lehetett mentetni a k\u00e9pfel\u00fcletet.<\/p>\n<p>A k\u00e9p v\u00e1szna egyre jobban rendez\u0151d\u00f6tt, kiter\u00fclt, miut\u00e1n a h\u00e1toldal fel lett t\u00e1rva. A v\u00e1szon er\u0151sen kisz\u00e1radt \u00e9s t\u00f6redezett. Letiszt\u00edt\u00e1s ut\u00e1n zselatinos bespriccel\u00e9s \u00e9s hideg asztalos pr\u00e9sbe ker\u00fclt a k\u00e9p. Ezt k\u00f6vet\u0151en lehetett a finom tiszt\u00edt\u00e1st megkezdeni\u2026 Szakad\u00e1sok ment\u00e9n l\u00e9v\u0151 pigmenteket r\u00e9szlegesen r\u00f6gz\u00edtette a zselatin. Majd egy enyhe Bava-s el\u0151 konzerv\u00e1l\u00e1s v\u00e1lt sz\u00fcks\u00e9gess\u00e9. \/els\u0151 bes\u00fct\u00e9s v\u00e1kuum asztalon.<\/p>\n<p>A felt\u00e1r\u00e1s k\u00f6zben helyi konzerv\u00e1l\u00e1sokat kellett v\u00e9gezni. \/klucell alkoholos oldat\u00e1val.<\/p>\n<p>Felt\u00e1r\u00e1s ut\u00e1n a k\u00e9pfel\u00fcletet v\u00e9deni kellett, a vend\u00e9gv\u00e1szon lev\u00e9tele el\u0151tt. A pen\u00e9szes fel\u00fclet fert\u0151tlen\u00edt\u00e9se thymol-alkoholos oldat\u00e1val k\u00e9sz\u00fclt.<\/p>\n<p>A k\u00e9p h\u00e1toldal\u00e1n, a vend\u00e9gv\u00e1szon lev\u00e9tele alkalm\u00e1val el\u0151ker\u00fclt egy felirat \u201eG.Lanfranco\u201d. A v\u00e1szonoldal\u00a0 megtiszt\u00edt\u00e1sa, mechanikusan t\u00f6rt\u00e9nt.<\/p>\n<p>Ezeket a f\u00e1zisokat k\u00f6vette a konzerv\u00e1l\u00e1s, \u00e9lve ragaszt\u00e1s \u00e9s a fel\u00fcleti folytonoss\u00e1gi hi\u00e1nyok t\u00f6m\u00edt\u00e9se enyves. kr\u00e9t\u00e1s , h\u00e1rmaskever\u00e9kes t\u00f6m\u00edt\u0151 massz\u00e1val,,, Az \u00e9lbe ragaszt\u00e1s v\u00edz\u00e1ll\u00f3 ragaszt\u00f3val, a foltoz\u00e1s karakter\u00e9ben hasonl\u00f3 v\u00e9kony v\u00e1szonnal \u00e9s \u00e9lbe ragaszt\u00e1ssal t\u00f6rt\u00e9nt.<\/p>\n<p>A konzerv\u00e1l\u00e1s a helyi foltoz\u00e1sok h\u00e1toldalon meg lettek er\u0151s\u00edtve, a v\u00e1szon teljes fel\u00fclet\u00e9re egy f\u00fcgg\u00f6ny anyag ker\u00fclt elv\u00e1laszt\u00f3 r\u00e9tegk\u00e9nt a k\u00e9pre, \u00a0Bev\u00e1val lett r\u00f6gz\u00edtve, majd egy lenv\u00e1szon vend\u00e9gv\u00e1szon ker\u00fclt a k\u00e9pre.<\/p>\n<p><strong>Eszt\u00e9tikai helyre\u00e1ll\u00edt\u00e1s<\/strong><\/p>\n<p>Az eredeti fel\u00fclet v\u00e9delme damm\u00e1r lakkal, ecsetel\u00e9ssel ker\u00fclt a k\u00e9pfel\u00fcletre. A pigment hi\u00e1nyok akvarelles al\u00e1fest\u00e9ssel \/smincke akvarell\/ majd beilleszked\u0151 olaj retus fest\u0151szere Thalens retus lakk.<\/p>\n<p>Feltehet\u0151en egy olt\u00e1rk\u00e9p v\u00e1zlatak\u00e9nt k\u00e9sz\u00fclt a m\u0171.<\/p>\n<p>A k\u00e9p f\u00e9nyt\u00f6r\u00e9s\u00e9nek v\u00e9gleges be\u00e1ll\u00edt\u00e1sa 3-4 h\u00e9ttel k\u00e9s\u0151bb kell, megt\u00f6rt\u00e9njen.<\/p>\n<p>A k\u00e9p restaur\u00e1l\u00e1s\u00e1ban r\u00e9sztvev\u0151k, Szentgy\u00f6rgyi Edit restaur\u00e1tor-m\u0171v\u00e9sz, Tak\u00e1csy G\u00e1bor konzerv\u00e1tor. A retus finis\u00e9ben Szutor Katalin fest\u0151-restaur\u00e1tor m\u0171v\u00e9sz.<\/p>\n<p>2015 j\u00fanius 30. \u00a0 \u00a0 \u00a0 \u00a0 \u00a0 \u00a0 Szentgy\u00f6rgyi Edit restaur\u00e1tor-m\u0171v\u00e9sz<\/p>\n<p>&nbsp;<\/p>\n<p>[\/et_pb_text][et_pb_gallery _builder_version=&#8221;4.27.4&#8243; _module_preset=&#8221;default&#8221; theme_builder_area=&#8221;post_content&#8221; gallery_ids=&#8221;5607,5608,5609,5610,5611,5612,5613,5614,5615,5616,5617&#8243; hover_enabled=&#8221;0&#8243; sticky_enabled=&#8221;0&#8243;][\/et_pb_gallery][\/et_pb_column][\/et_pb_row][\/et_pb_section]<\/p>\n","protected":false},"excerpt":{"rendered":"<p>Szakmai besz\u00e1mol\u00f3 az NKA K\u00f6zgy\u0171jtem\u00e9nyek Koll\u00e9giuma p\u00e1ly\u00e1zat\u00e1hoz, 2015\u00a02015. okt\u00f3ber 13. Int\u00e9zm\u00e9ny\u00fcnk, a v\u00e1ci Tragor Ign\u00e1c M\u00fazeum 2014-ben t\u00e1mogat\u00e1st nyert az NKA K\u00f6zgy\u0171jtem\u00e9nyek Koll\u00e9gium\u00e1t\u00f3l Ismeretlen fest\u0151: Madonna szerzetessel c\u00edm\u0171, igen rossz [&hellip;]<\/p>\n","protected":false},"author":1,"featured_media":0,"parent":0,"menu_order":0,"comment_status":"closed","ping_status":"closed","template":"","meta":{"_et_pb_use_builder":"on","_et_pb_old_content":"","_et_gb_content_width":"","footnotes":""},"class_list":["post-5605","page","type-page","status-publish","hentry"],"yoast_head":"<!-- This site is optimized with the Yoast SEO Premium plugin v27.3 (Yoast SEO v27.3) - https:\/\/yoast.com\/product\/yoast-seo-premium-wordpress\/ -->\n<title>Szakmai besz\u00e1mol\u00f3 az NKA K\u00f6zgy\u0171jtem\u00e9nyek Koll\u00e9giuma p\u00e1ly\u00e1zat\u00e1hoz, 2015 - TRAGOR IGN\u00c1C M\u00daZEUM \u2022 V\u00c1C<\/title>\n<meta name=\"description\" content=\"Egy m\u00fazeum, ezer \u00e9lm\u00e9ny!\" \/>\n<meta name=\"robots\" content=\"index, follow, max-snippet:-1, max-image-preview:large, max-video-preview:-1\" \/>\n<link rel=\"canonical\" href=\"https:\/\/muzeumvac.hu\/en\/szakmai-beszamolo-az-nka-kozgyujtemenyek-kollegiuma-palyazatahoz-2015\/\" \/>\n<meta property=\"og:locale\" content=\"en_GB\" \/>\n<meta property=\"og:type\" content=\"article\" \/>\n<meta property=\"og:title\" content=\"Szakmai besz\u00e1mol\u00f3 az NKA K\u00f6zgy\u0171jtem\u00e9nyek Koll\u00e9giuma p\u00e1ly\u00e1zat\u00e1hoz, 2015\" \/>\n<meta property=\"og:description\" content=\"Egy m\u00fazeum, ezer \u00e9lm\u00e9ny!\" \/>\n<meta property=\"og:url\" content=\"https:\/\/muzeumvac.hu\/en\/szakmai-beszamolo-az-nka-kozgyujtemenyek-kollegiuma-palyazatahoz-2015\/\" \/>\n<meta property=\"og:site_name\" content=\"TRAGOR IGN\u00c1C M\u00daZEUM \u2022 V\u00c1C\" \/>\n<meta property=\"article:publisher\" content=\"https:\/\/www.facebook.com\/vac.tragorignacmuzeum\" \/>\n<meta property=\"article:modified_time\" content=\"2026-01-15T13:20:01+00:00\" \/>\n<meta name=\"twitter:card\" content=\"summary_large_image\" \/>\n<script type=\"application\/ld+json\" class=\"yoast-schema-graph\">{\"@context\":\"https:\\\/\\\/schema.org\",\"@graph\":[{\"@type\":\"WebPage\",\"@id\":\"https:\\\/\\\/muzeumvac.hu\\\/szakmai-beszamolo-az-nka-kozgyujtemenyek-kollegiuma-palyazatahoz-2015\\\/\",\"url\":\"https:\\\/\\\/muzeumvac.hu\\\/szakmai-beszamolo-az-nka-kozgyujtemenyek-kollegiuma-palyazatahoz-2015\\\/\",\"name\":\"Szakmai besz\u00e1mol\u00f3 az NKA K\u00f6zgy\u0171jtem\u00e9nyek Koll\u00e9giuma p\u00e1ly\u00e1zat\u00e1hoz, 2015 - TRAGOR IGN\u00c1C M\u00daZEUM \u2022 V\u00c1C\",\"isPartOf\":{\"@id\":\"https:\\\/\\\/muzeumvac.hu\\\/#website\"},\"datePublished\":\"2015-10-13T12:18:00+00:00\",\"dateModified\":\"2026-01-15T13:20:01+00:00\",\"description\":\"Egy m\u00fazeum, ezer \u00e9lm\u00e9ny!\",\"breadcrumb\":{\"@id\":\"https:\\\/\\\/muzeumvac.hu\\\/szakmai-beszamolo-az-nka-kozgyujtemenyek-kollegiuma-palyazatahoz-2015\\\/#breadcrumb\"},\"inLanguage\":\"en-GB\",\"potentialAction\":[{\"@type\":\"ReadAction\",\"target\":[\"https:\\\/\\\/muzeumvac.hu\\\/szakmai-beszamolo-az-nka-kozgyujtemenyek-kollegiuma-palyazatahoz-2015\\\/\"]}]},{\"@type\":\"BreadcrumbList\",\"@id\":\"https:\\\/\\\/muzeumvac.hu\\\/szakmai-beszamolo-az-nka-kozgyujtemenyek-kollegiuma-palyazatahoz-2015\\\/#breadcrumb\",\"itemListElement\":[{\"@type\":\"ListItem\",\"position\":1,\"name\":\"Kezd\u0151lap\",\"item\":\"https:\\\/\\\/muzeumvac.hu\\\/\"},{\"@type\":\"ListItem\",\"position\":2,\"name\":\"Szakmai besz\u00e1mol\u00f3 az NKA K\u00f6zgy\u0171jtem\u00e9nyek Koll\u00e9giuma p\u00e1ly\u00e1zat\u00e1hoz, 2015\"}]},{\"@type\":\"WebSite\",\"@id\":\"https:\\\/\\\/muzeumvac.hu\\\/#website\",\"url\":\"https:\\\/\\\/muzeumvac.hu\\\/\",\"name\":\"TRAGOR IGN\u00c1C M\u00daZEUM \u2022 V\u00c1C\",\"description\":\"Egy m\u00fazeum, ezer \u00e9lm\u00e9ny!\",\"publisher\":{\"@id\":\"https:\\\/\\\/muzeumvac.hu\\\/#organization\"},\"potentialAction\":[{\"@type\":\"SearchAction\",\"target\":{\"@type\":\"EntryPoint\",\"urlTemplate\":\"https:\\\/\\\/muzeumvac.hu\\\/?s={search_term_string}\"},\"query-input\":{\"@type\":\"PropertyValueSpecification\",\"valueRequired\":true,\"valueName\":\"search_term_string\"}}],\"inLanguage\":\"en-GB\"},{\"@type\":\"Organization\",\"@id\":\"https:\\\/\\\/muzeumvac.hu\\\/#organization\",\"name\":\"TRAGOR IGN\u00c1C M\u00daZEUM \u2022 V\u00c1C\",\"url\":\"https:\\\/\\\/muzeumvac.hu\\\/\",\"logo\":{\"@type\":\"ImageObject\",\"inLanguage\":\"en-GB\",\"@id\":\"https:\\\/\\\/muzeumvac.hu\\\/#\\\/schema\\\/logo\\\/image\\\/\",\"url\":\"https:\\\/\\\/muzeumvac.hu\\\/wp-content\\\/uploads\\\/2025\\\/07\\\/tragor_ignac_logo.png\",\"contentUrl\":\"https:\\\/\\\/muzeumvac.hu\\\/wp-content\\\/uploads\\\/2025\\\/07\\\/tragor_ignac_logo.png\",\"width\":161,\"height\":126,\"caption\":\"TRAGOR IGN\u00c1C M\u00daZEUM \u2022 V\u00c1C\"},\"image\":{\"@id\":\"https:\\\/\\\/muzeumvac.hu\\\/#\\\/schema\\\/logo\\\/image\\\/\"},\"sameAs\":[\"https:\\\/\\\/www.facebook.com\\\/vac.tragorignacmuzeum\",\"https:\\\/\\\/www.instagram.com\\\/tragormuzeum\",\"https:\\\/\\\/www.youtube.com\\\/@TragorIgncMzeum-vac\"]}]}<\/script>\n<!-- \/ Yoast SEO Premium plugin. -->","yoast_head_json":{"title":"Szakmai besz\u00e1mol\u00f3 az NKA K\u00f6zgy\u0171jtem\u00e9nyek Koll\u00e9giuma p\u00e1ly\u00e1zat\u00e1hoz, 2015 - TRAGOR IGN\u00c1C M\u00daZEUM \u2022 V\u00c1C","description":"One museum, a thousand experiences!","robots":{"index":"index","follow":"follow","max-snippet":"max-snippet:-1","max-image-preview":"max-image-preview:large","max-video-preview":"max-video-preview:-1"},"canonical":"https:\/\/muzeumvac.hu\/en\/szakmai-beszamolo-az-nka-kozgyujtemenyek-kollegiuma-palyazatahoz-2015\/","og_locale":"en_GB","og_type":"article","og_title":"Szakmai besz\u00e1mol\u00f3 az NKA K\u00f6zgy\u0171jtem\u00e9nyek Koll\u00e9giuma p\u00e1ly\u00e1zat\u00e1hoz, 2015","og_description":"Egy m\u00fazeum, ezer \u00e9lm\u00e9ny!","og_url":"https:\/\/muzeumvac.hu\/en\/szakmai-beszamolo-az-nka-kozgyujtemenyek-kollegiuma-palyazatahoz-2015\/","og_site_name":"TRAGOR IGN\u00c1C M\u00daZEUM \u2022 V\u00c1C","article_publisher":"https:\/\/www.facebook.com\/vac.tragorignacmuzeum","article_modified_time":"2026-01-15T13:20:01+00:00","twitter_card":"summary_large_image","schema":{"@context":"https:\/\/schema.org","@graph":[{"@type":"WebPage","@id":"https:\/\/muzeumvac.hu\/szakmai-beszamolo-az-nka-kozgyujtemenyek-kollegiuma-palyazatahoz-2015\/","url":"https:\/\/muzeumvac.hu\/szakmai-beszamolo-az-nka-kozgyujtemenyek-kollegiuma-palyazatahoz-2015\/","name":"Szakmai besz\u00e1mol\u00f3 az NKA K\u00f6zgy\u0171jtem\u00e9nyek Koll\u00e9giuma p\u00e1ly\u00e1zat\u00e1hoz, 2015 - TRAGOR IGN\u00c1C M\u00daZEUM \u2022 V\u00c1C","isPartOf":{"@id":"https:\/\/muzeumvac.hu\/#website"},"datePublished":"2015-10-13T12:18:00+00:00","dateModified":"2026-01-15T13:20:01+00:00","description":"One museum, a thousand experiences!","breadcrumb":{"@id":"https:\/\/muzeumvac.hu\/szakmai-beszamolo-az-nka-kozgyujtemenyek-kollegiuma-palyazatahoz-2015\/#breadcrumb"},"inLanguage":"en-GB","potentialAction":[{"@type":"ReadAction","target":["https:\/\/muzeumvac.hu\/szakmai-beszamolo-az-nka-kozgyujtemenyek-kollegiuma-palyazatahoz-2015\/"]}]},{"@type":"BreadcrumbList","@id":"https:\/\/muzeumvac.hu\/szakmai-beszamolo-az-nka-kozgyujtemenyek-kollegiuma-palyazatahoz-2015\/#breadcrumb","itemListElement":[{"@type":"ListItem","position":1,"name":"Kezd\u0151lap","item":"https:\/\/muzeumvac.hu\/"},{"@type":"ListItem","position":2,"name":"Szakmai besz\u00e1mol\u00f3 az NKA K\u00f6zgy\u0171jtem\u00e9nyek Koll\u00e9giuma p\u00e1ly\u00e1zat\u00e1hoz, 2015"}]},{"@type":"WebSite","@id":"https:\/\/muzeumvac.hu\/#website","url":"https:\/\/muzeumvac.hu\/","name":"TRAGOR IGN\u00c1C M\u00daZEUM \u2022 V\u00c1C","description":"One museum, a thousand experiences!","publisher":{"@id":"https:\/\/muzeumvac.hu\/#organization"},"potentialAction":[{"@type":"SearchAction","target":{"@type":"EntryPoint","urlTemplate":"https:\/\/muzeumvac.hu\/?s={search_term_string}"},"query-input":{"@type":"PropertyValueSpecification","valueRequired":true,"valueName":"search_term_string"}}],"inLanguage":"en-GB"},{"@type":"Organization","@id":"https:\/\/muzeumvac.hu\/#organization","name":"TRAGOR IGN\u00c1C M\u00daZEUM \u2022 V\u00c1C","url":"https:\/\/muzeumvac.hu\/","logo":{"@type":"ImageObject","inLanguage":"en-GB","@id":"https:\/\/muzeumvac.hu\/#\/schema\/logo\/image\/","url":"https:\/\/muzeumvac.hu\/wp-content\/uploads\/2025\/07\/tragor_ignac_logo.png","contentUrl":"https:\/\/muzeumvac.hu\/wp-content\/uploads\/2025\/07\/tragor_ignac_logo.png","width":161,"height":126,"caption":"TRAGOR IGN\u00c1C M\u00daZEUM \u2022 V\u00c1C"},"image":{"@id":"https:\/\/muzeumvac.hu\/#\/schema\/logo\/image\/"},"sameAs":["https:\/\/www.facebook.com\/vac.tragorignacmuzeum","https:\/\/www.instagram.com\/tragormuzeum","https:\/\/www.youtube.com\/@TragorIgncMzeum-vac"]}]}},"_links":{"self":[{"href":"https:\/\/muzeumvac.hu\/en\/wp-json\/wp\/v2\/pages\/5605","targetHints":{"allow":["GET"]}}],"collection":[{"href":"https:\/\/muzeumvac.hu\/en\/wp-json\/wp\/v2\/pages"}],"about":[{"href":"https:\/\/muzeumvac.hu\/en\/wp-json\/wp\/v2\/types\/page"}],"author":[{"embeddable":true,"href":"https:\/\/muzeumvac.hu\/en\/wp-json\/wp\/v2\/users\/1"}],"replies":[{"embeddable":true,"href":"https:\/\/muzeumvac.hu\/en\/wp-json\/wp\/v2\/comments?post=5605"}],"version-history":[{"count":2,"href":"https:\/\/muzeumvac.hu\/en\/wp-json\/wp\/v2\/pages\/5605\/revisions"}],"predecessor-version":[{"id":5618,"href":"https:\/\/muzeumvac.hu\/en\/wp-json\/wp\/v2\/pages\/5605\/revisions\/5618"}],"wp:attachment":[{"href":"https:\/\/muzeumvac.hu\/en\/wp-json\/wp\/v2\/media?parent=5605"}],"curies":[{"name":"wp","href":"https:\/\/api.w.org\/{rel}","templated":true}]}}