{"id":5597,"date":"2015-11-19T14:13:00","date_gmt":"2015-11-19T13:13:00","guid":{"rendered":"https:\/\/muzeumvac.hu\/?page_id=5597"},"modified":"2026-01-15T14:16:15","modified_gmt":"2026-01-15T13:16:15","slug":"szakmai-beszamolo-az-nka-vizualis-muveszetek-kollegiuma-palyazatahoz-2015","status":"publish","type":"page","link":"https:\/\/muzeumvac.hu\/en\/szakmai-beszamolo-az-nka-vizualis-muveszetek-kollegiuma-palyazatahoz-2015\/","title":{"rendered":"Szakmai besz\u00e1mol\u00f3 az NKA Vizu\u00e1lis M\u0171v\u00e9szetek Koll\u00e9giuma p\u00e1ly\u00e1zat\u00e1hoz, 2015"},"content":{"rendered":"<p>[et_pb_section fb_built=&#8221;1&#8243; theme_builder_area=&#8221;post_content&#8221; _builder_version=&#8221;4.27.4&#8243; _module_preset=&#8221;default&#8221;][et_pb_row _builder_version=&#8221;4.27.4&#8243; _module_preset=&#8221;default&#8221; theme_builder_area=&#8221;post_content&#8221;][et_pb_column _builder_version=&#8221;4.27.4&#8243; _module_preset=&#8221;default&#8221; type=&#8221;4_4&#8243; theme_builder_area=&#8221;post_content&#8221;][et_pb_text _builder_version=&#8221;4.27.4&#8243; _module_preset=&#8221;default&#8221; theme_builder_area=&#8221;post_content&#8221; hover_enabled=&#8221;0&#8243; sticky_enabled=&#8221;0&#8243;]<\/p>\n<p>Szakmai besz\u00e1mol\u00f3 az NKA Vizu\u00e1lis M\u0171v\u00e9szetek Koll\u00e9giuma p\u00e1ly\u00e1zat\u00e1hoz, 2015<br \/>\u00a02015. november 19.<\/p>\n<p><strong>K\u00e9pz\u0151m\u0171v\u00e9szeti gy\u0171jtem\u00e9ny gyarap\u00edt\u00e1sa<br \/>P\u00e1ly\u00e1zati azonos\u00edt\u00f3: 3909\/00659<\/strong><\/p>\n<p>Nemzeti Kultur\u00e1lis Alap<\/p>\n<p><strong><em>VIZU\u00c1LIS\u00a0 M\u0170V\u00c9SZETEK KOLL\u00c9GIUMA<\/em><\/strong><\/p>\n<p>1085 Budapest, Gyulai P\u00e1l u. 13.<\/p>\n<p><strong>TRAGOR IGN\u00c1C M\u00daZEUM, V\u00c1C<\/strong><\/p>\n<p>P\u00e1ly\u00e1zati azonos\u00edt\u00f3:\u00a03909\/00659<\/p>\n<p>Elnyert \u00f6sszeg:\u00a02\u00a0500\u00a0000 Ft<\/p>\n<p>Megv\u00e1s\u00e1rolt k\u00e9pek:<\/p>\n<p><u>Cseke Szil\u00e1rd:\u00a0<em>F\u00e9nyk\u00e9p\u00e9sz \u00e9s modellek az erd\u0151ben<\/em>. 2010, olaj, v\u00e1szon, 130&#215;100 cm<\/u><\/p>\n<p><u>M.2015.1.1.<\/u><\/p>\n<p><u>K\u00e1rolyi Zsigmond:\u00a0<em>Cigarett\u00e1ra gy\u00fajt\u00f3 f\u00e9rfi<\/em>. 1983, olaj, v\u00e1szon, 120&#215;100 cm<\/u><\/p>\n<p><u>M.2015.2.1.<\/u><\/p>\n<p><u>Szak\u00e1ll \u00c1gnes:\u00a0<em>Bauer J\u00e1nos szab\u00f3mester \u00e9s m\u0171helye<\/em>, 1981, toj\u00e1stempera-olaj, v\u00e1szon 100&#215;150 cm<\/u><\/p>\n<p><u>M.2015.3.1.<\/u><\/p>\n<p>TRAGOR IGN\u00c1C M\u00daZEUM, V\u00e1c<\/p>\n<p>P\u00e1ly\u00e1zati felel\u0151s: B\u00e1rdosi J\u00f3zsef, m\u0171v\u00e9szett\u00f6rt\u00e9n\u00e9sz<\/p>\n<p>2600 V\u00e1c, Zr\u00ednyi utca 41\/A<\/p>\n<p>&nbsp;<\/p>\n<p>TISZTELT VIZU\u00c1LIS KOLL\u00c9GIUM!<\/p>\n<p>A \u00a03909\/00659 p\u00e1ly\u00e1zati azonos\u00edt\u00f3 sz\u00e1mon nyert \u00a02.500 000 Forintb\u00f3l megv\u00e1s\u00e1roltuk a m\u00fazeum kort\u00e1rs gy\u0171jtem\u00e9nye sz\u00e1m\u00e1ra Cseke Szil\u00e1rd, K\u00e1rolyi Zsigmond \u00e9s Szak\u00e1ll \u00c1gnes egy-egy m\u0171alkot\u00e1s\u00e1t. A megv\u00e1s\u00e1rolt k\u00e9peket a fenti sz\u00e1mon belelt\u00e1roztam \u00e9s a m\u00fazeum Zr\u00ednyi utcai \u00e9p\u00fclet\u00e9ben ker\u00fcltek elhelyez\u00e9sre.<\/p>\n<p><u>Cseke Szil\u00e1rd:\u00a0<em>F\u00e9nyk\u00e9p\u00e9sz \u00e9s modellek az erd\u0151ben<\/em>. 2010, olaj, v\u00e1szon, 130&#215;100 cm<\/u><\/p>\n<p>Ha azzal kezdem, hogy mi\u00e9rt fontos Cseke Szil\u00e1rd k\u00e9pe a v\u00e1ci\u00a0<em>Mim\u00e9zis gy\u0171jtem\u00e9ny<\/em>\u00a0sz\u00e1m\u00e1ra, akkor k\u00e9t okot nevezek meg. Egyr\u00e9szt azt, hogy Cseke k\u00e9pe eszt\u00e9tikai \u00e9rtelemben, teh\u00e1t fest\u00e9szeti megold\u00e1s\u00e1ban a Sensaria csoport felfog\u00e1s\u00e1hoz \u00e1ll k\u00f6zel, m\u00e1sr\u00e9szt a tartalom, a konceptu\u00e1lis kritikai attit\u0171d tekintet\u00e9ben viszont az \u00fan. technorealist\u00e1khoz tartozik. Gy\u0171jtem\u00e9ny\u00fcnk sz\u00e1m\u00e1ra \u00e9pp a k\u00f6ztess\u00e9ge, a harmadik utass\u00e1ga teszi fontoss\u00e1. Cseke fest\u00e9szet\u00e9t mindig is jellemezte a realizmus \u00e9s a fest\u00e9szet \u00e9rz\u00e9kis\u00e9g\u00e9nek a megtart\u00e1sa, azonban a fest\u0151i \u00e9rz\u00e9kenys\u00e9ggel megfogalmazott t\u00e9ma n\u00e1la mindig egy\u00fctt j\u00e1r t\u00e1rsadalomkritikai mondand\u00f3 p\u00e1ros\u00edt\u00e1s\u00e1val.<\/p>\n<p>Harmadr\u00e9szt m\u00e9g azt is hozz\u00e1teszem, hogy Cseke fest\u00e9szet\u00e9t az teszi izgalmas, hogy nem a nagy politik\u00e1ra, hanem saj\u00e1t koroszt\u00e1ly\u00e1nak aktu\u00e1lis probl\u00e9m\u00e1ira reag\u00e1l. Reakci\u00f3i, k\u00e9pei att\u00f3l izgalmasak, hogy nem a messzir\u0151l j\u00f6tt ember igazs\u00e1g\u00e1t, a m\u00e9dia \u00e1ltal sugallt kritik\u00e1t er\u0151s\u00edti fel, hanem koroszt\u00e1ly\u00e1nak csapd\u00e1it \u00e9s buktat\u00f3it \u00e1br\u00e1zolja, azokat a virtu\u00e1lis lehet\u0151s\u00e9get, amelyb\u0151l soha nem lesz semmi. Az adott k\u00e9p t\u00e9m\u00e1ja az \u00fan. stylelist jelens\u00e9g. A fiatal test sz\u00e9ps\u00e9ge, megv\u00e1s\u00e1rolhat\u00f3s\u00e1ga \u00e9s manipul\u00e1lhat\u00f3s\u00e1ga az a h\u00e1rom alapvet\u0151 jelens\u00e9g, az a h\u00e1rom alapvet\u0151en t\u00e9v\u00fat, amelyre Cseke k\u00e9pei felh\u00edvj\u00e1k a figyelmet. Ha a gy\u0171jtem\u00e9ny\u00fcnkben l\u00e9v\u0151 kort\u00e1rsak alkot\u00e1sai k\u00f6z\u00f6tt akarom elhelyezni, mint ahogy a p\u00e1ly\u00e1zatnak ez a c\u00e9lja, akkor Adorj\u00e1n Attila, L\u0151rincz Tam\u00e1s, Kondor Attila \u00e9s Szab\u00f3 \u00c1bel k\u00e9pei k\u00f6z\u00e9 helyezem.<\/p>\n<p><u>K\u00e1rolyi Zsigmond:\u00a0<em>Cigarett\u00e1ra gy\u00fajt\u00f3 f\u00e9rfi<\/em>. 1983, olaj, v\u00e1szon, 120&#215;100 cm<\/u><\/p>\n<p>Vannak olyan \u00e9vek, s\u0151t t\u00f6bb \u00e9ves peri\u00f3dusok, amikor emberek, k\u00fcl\u00f6n\u00f6sen a m\u0171v\u00e9szek szokatlan aktivit\u00e1ssal reag\u00e1lnak az esem\u00e9nyekre. Ilyen izgalmas \u00e9s pereg\u0151 id\u0151szak volt az 1975-84. k\u00f6z\u00f6tti \u00e9vtized (plusz-m\u00ednusz 2-3 \u00e9ve), amikor jobbn\u00e1l jobb m\u0171vek sz\u00fclettek a fiatal m\u0171v\u00e9szek m\u0171termeiben. A korszak azonban kicsit vagy nagyon is J\u00f3zsef Attilai volt: fecsegett a felsz\u00edn \u00e9s hallgatott a m\u00e9ly. A m\u00e9lyben, a m\u0171termekben val\u00f3ban izgalmas dolgok t\u00f6rt\u00e9ntek, de a lenyomotts\u00e1g miatt ebb\u0151l nem sok l\u00e1tszott. A kor unalmas, sz\u00fcrke \u00e9s mozdulatlan volt, ahogy Hajn\u00f3czy P\u00e9ter\u00a0<em>Parancs<\/em>\u00a0(1981) c\u00edm\u0171 kisreg\u00e9ny\u00e9nek zseni\u00e1lis kezd\u0151mondat\u00e1val megfogalmazta \u201e<em>s\u00f6t\u00e9t volt, mint egy fas\u00edrtban<\/em>\u201d.<\/p>\n<p>A fentebb eml\u00edtett peri\u00f3dus a k\u00e1d\u00e1r-rendszer volt, amely K\u00e1rolyi k\u00e9p\u00e9nek a kontextus\u00e1t adja. Mint mindenki akkoriban, K\u00e1rolyi is \u00fagy \u00e9rzete, hogy mag\u00e1ra maradt, azonban k\u00e9pe tan\u00fas\u00e1ga szerint m\u00e9gis tal\u00e1lt olyan impulzusokat, amelyek a bels\u0151 vil\u00e1g\u00e1t stimul\u00e1lt\u00e1k: saj\u00e1t bevall\u00e1sa szerint Pilinszky \u00e9s Tandori k\u00f6lt\u00e9szete volt sz\u00e1m\u00e1ra ilyen mened\u00e9k a f\u0151iskola \u00e9vei alatt (1971-76) \u00e9s k\u00e9s\u0151bbi \u00e9vekben is. A k\u00e9t k\u00f6lt\u0151 neve k\u00e9t vil\u00e1got k\u00e9pvisel: Pilinszky J\u00e1nos\u00e9 a form\u00e1kt\u00f3l mentes lelki rezd\u00fcl\u00e9sek\u00e9t, Tandori Dezs\u0151\u00e9 pedig az avantg\u00e1rd k\u00f6lt\u00e9szet k\u00eds\u00e9rletez\u0151 j\u00e1t\u00e9koss\u00e1g\u00e1t. K\u00e1rolyi ezt a k\u00e9t mozzanatot fogalmazta meg r\u00e1gy\u00fajt\u00f3s fekete k\u00e9pein. A fest\u0151 sz\u00f3beli k\u00f6zl\u00e9s\u00e9t id\u00e9zem:\u00a0<em>k\u00e9pem s\u00f6t\u00e9tben mag\u00e1nyosan doh\u00e1nyoz\u00f3, \u00f6nmag\u00e1t figyel\u0151 embert \u00e1br\u00e1zol, aki \u00f6nmaga t\u00fck\u00f6rk\u00e9p\u00e9t, a t\u00fck\u00f6rk\u00e9p \u00e1ltali megdupl\u00e1z\u00f3d\u00e1st figyeli<\/em>. Ez a k\u00f6zl\u00e9s ism\u00e9t visszalend\u00edt minket a tipikus avantg\u00e1rd attit\u0171dh\u00f6z: az avantg\u00e1rd\u00a0<em>m\u0171v\u00e9sz<\/em>\u00a0megfigyel, \u00e9s \u00e9szrev\u00e9telez, mi m\u00e1st is tehetett 1981-ben egy fiatal k\u00e9pz\u0151m\u0171v\u00e9sz.<\/p>\n<p>Gy\u0171jtem\u00e9ny\u00fcnk egyik leger\u0151sebb r\u00e9sz\u00e9t az 1980-as \u00e9vek nem \u00faj szenzibilis fest\u00e9szete jelenti. K\u00e1rolyi Zsigmond 1983-ban k\u00e9sz\u00fclt alkot\u00e1sa Barab\u00e1s M\u00e1rton, Balogh Gyula, Birk\u00e1s \u00c1kos, Feh\u00e9r L\u00e1szl\u00f3, Fillenz Istv\u00e1n, Kocsis Imre, Marosv\u00e1ri Gy\u00f6rgy, Tolvaly Ern\u0151 \u00e9s Zrinyifalvi G\u00e1bor alkot\u00e1sai k\u00f6z\u00f6tt lesz elhelyezve.<\/p>\n<p><u>Szak\u00e1ll \u00c1gnes:\u00a0<em>Bauer J\u00e1nos szab\u00f3mester \u00e9s m\u0171helye<\/em>, 1981, toj\u00e1stempera-olaj, v\u00e1szon 100&#215;150 cm<\/u><\/p>\n<p>Szak\u00e1ll \u00c1gnes kev\u00e9ss\u00e9 ismert fest\u0151m\u0171v\u00e9sz a Gyulai m\u0171v\u00e9sztelep n\u00e9gy legjelent\u0151sebb alakj\u00e1nak egyike, els\u0151 jelent\u0151sebb k\u00e9pei az 1970-es \u00e9vek v\u00e9g\u00e9n festette. \u00c9s hogy mit jelentett 1981-ben egy vid\u00e9ki szab\u00f3 mester m\u0171hely\u00e9r\u0151l k\u00e9pet festeni, azt egy r\u00f6vid id\u00e9zettel \u00e9rz\u00e9keltetem. A k\u00e9p megfest\u00e9s\u00e9vel egy ugyanazon esztend\u0151ben, 1981-ben jelent meg a\u00a0<em>M\u0171v\u00e9szek, t\u00e1rsadalom, m\u0171v\u00e9szet-politika<\/em>\u00a0c. k\u00f6nyvecske mind\u00f6ssze 22 forintos \u00e1ron. A k\u00f6nyv sz\u00f6veg\u00e9t olyan baloldali (mai kifejez\u00e9ssel) cs\u00facsfejek jegyzik, mint Ancsel \u00c9va, Aradi N\u00f3ra, Fuk\u00e1sz Gy\u00f6rgy, Hermann Istv\u00e1n, Mar\u00f3thy L\u00e1szl\u00f3, Pozsgay Imre \u00e9s T\u00f3th Dezs\u0151. \u00cdr\u00e1saikat olvasva felt\u0171nik, hogy a fest\u0151n\u0151 bizony mit sem tudott arr\u00f3l, hogy Budapesten megfogalmazt\u00e1k a munk\u00e1s\u00e1br\u00e1zol\u00e1s helyes \u00e9s hib\u00e1s m\u00f3dozatait. N\u00e9zz\u00fck a figyelmeztet\u00e9st \u00e9s az aj\u00e1nlatot! \u201e<em>Az egyik v\u00e9glet tal\u00e1n \u00fagy fejezhet\u0151 ki<\/em>\u00a0\u2013 \u00edrja Hermann Istv\u00e1n \u2013<em>, hogy a munk\u00e1st beleragasztott\u00e1k k\u00f6rnyezet\u00e9be, vagyis l\u00e9trej\u00f6tt egy l\u00e9nyegileg natur\u00e1lis munk\u00e1s\u00e1br\u00e1zol\u00e1s. A m\u00e1sik lehet\u0151s\u00e9g, amely ezt a k\u00f6rnyezetet teljes m\u00e9rt\u00e9kben neglig\u00e1lta, \u00e9s a k\u00f6rnyezet helyett v\u00e9geredm\u00e9nyben idealiz\u00e1lt hamis munk\u00e1sk\u00e9pet pr\u00f3b\u00e1l ny\u00fajtani\u00a0<\/em>\u2026 \u2013 majd azzal fejezi be, hogy \u2013\u00a0<em>a munk\u00e1snak a szellemi profilja, a szellemis\u00e9ge az, ami \u00e9rdekes a m\u0171v\u00e9szet sz\u00e1m\u00e1ra, nem pedig a munk\u00e1snak a figur\u00e1ja, \u00f6nmag\u00e1ban, k\u00fcls\u0151dlegess\u00e9geiben<\/em>.\u201d Tal\u00e1n \u00edrnom sem kell, hogy Szak\u00e1ll \u00c1gnes \u00e9ppen \u00e9pp azt a \u201ehib\u00e1t\u201d k\u00f6vette el, hogy nem tudott a marxista eszt\u00e9tika aktu\u00e1lis \u201enagy\u00e1gy\u00faj\u00e1nak\u201d eszt\u00e9tikai aj\u00e1nl\u00e1s\u00e1r\u00f3l, \u00e9s bizony beleragasztotta szeg\u00e9ny szab\u00f3mestert a k\u00f6rnyezet\u00e9be. A k\u00e9p bizony \u00e9pp att\u00f3l \u00e9rt\u00e9kes, hogy a Bauer J\u00e1nos szab\u00f3mester\u00a0<em>szellemi profilja<\/em>\u00a0k\u00fcls\u0151dleges megjelen\u00e9s\u00e9vel azonos, egyszer\u0171bben mondva: \u00f6nmag\u00e1val azonos. \u00c9s t\u00f6bb mint harminc \u00e9v t\u00e1vlat\u00e1b\u00f3l egy\u00e9rtelm\u0171en l\u00e1tszik, hogy ez a k\u00e9p \u00e9rt\u00e9ke.<\/p>\n<p>B\u00e1rdosi J\u00f3zsef<\/p>\n<p>&nbsp;<\/p>\n<p>[\/et_pb_text][et_pb_gallery _builder_version=&#8221;4.27.4&#8243; _module_preset=&#8221;default&#8221; theme_builder_area=&#8221;post_content&#8221; gallery_ids=&#8221;5599,5600,5601,5602&#8243; hover_enabled=&#8221;0&#8243; sticky_enabled=&#8221;0&#8243;][\/et_pb_gallery][\/et_pb_column][\/et_pb_row][\/et_pb_section]<\/p>\n","protected":false},"excerpt":{"rendered":"<p>Szakmai besz\u00e1mol\u00f3 az NKA Vizu\u00e1lis M\u0171v\u00e9szetek Koll\u00e9giuma p\u00e1ly\u00e1zat\u00e1hoz, 2015\u00a02015. november 19. K\u00e9pz\u0151m\u0171v\u00e9szeti gy\u0171jtem\u00e9ny gyarap\u00edt\u00e1saP\u00e1ly\u00e1zati azonos\u00edt\u00f3: 3909\/00659 Nemzeti Kultur\u00e1lis Alap VIZU\u00c1LIS\u00a0 M\u0170V\u00c9SZETEK KOLL\u00c9GIUMA 1085 Budapest, Gyulai P\u00e1l u. 13. TRAGOR IGN\u00c1C [&hellip;]<\/p>\n","protected":false},"author":1,"featured_media":0,"parent":0,"menu_order":0,"comment_status":"closed","ping_status":"closed","template":"","meta":{"_et_pb_use_builder":"on","_et_pb_old_content":"","_et_gb_content_width":"","footnotes":""},"class_list":["post-5597","page","type-page","status-publish","hentry"],"yoast_head":"<!-- This site is optimized with the Yoast SEO Premium plugin v27.3 (Yoast SEO v27.3) - https:\/\/yoast.com\/product\/yoast-seo-premium-wordpress\/ -->\n<title>Szakmai besz\u00e1mol\u00f3 az NKA Vizu\u00e1lis M\u0171v\u00e9szetek Koll\u00e9giuma p\u00e1ly\u00e1zat\u00e1hoz, 2015 - TRAGOR IGN\u00c1C M\u00daZEUM \u2022 V\u00c1C<\/title>\n<meta name=\"description\" content=\"Egy m\u00fazeum, ezer \u00e9lm\u00e9ny!\" \/>\n<meta name=\"robots\" content=\"index, follow, max-snippet:-1, max-image-preview:large, max-video-preview:-1\" \/>\n<link rel=\"canonical\" href=\"https:\/\/muzeumvac.hu\/en\/szakmai-beszamolo-az-nka-vizualis-muveszetek-kollegiuma-palyazatahoz-2015\/\" \/>\n<meta property=\"og:locale\" content=\"en_GB\" \/>\n<meta property=\"og:type\" content=\"article\" \/>\n<meta property=\"og:title\" content=\"Szakmai besz\u00e1mol\u00f3 az NKA Vizu\u00e1lis M\u0171v\u00e9szetek Koll\u00e9giuma p\u00e1ly\u00e1zat\u00e1hoz, 2015\" \/>\n<meta property=\"og:description\" content=\"Egy m\u00fazeum, ezer \u00e9lm\u00e9ny!\" \/>\n<meta property=\"og:url\" content=\"https:\/\/muzeumvac.hu\/en\/szakmai-beszamolo-az-nka-vizualis-muveszetek-kollegiuma-palyazatahoz-2015\/\" \/>\n<meta property=\"og:site_name\" content=\"TRAGOR IGN\u00c1C M\u00daZEUM \u2022 V\u00c1C\" \/>\n<meta property=\"article:publisher\" content=\"https:\/\/www.facebook.com\/vac.tragorignacmuzeum\" \/>\n<meta property=\"article:modified_time\" content=\"2026-01-15T13:16:15+00:00\" \/>\n<meta name=\"twitter:card\" content=\"summary_large_image\" \/>\n<script type=\"application\/ld+json\" class=\"yoast-schema-graph\">{\"@context\":\"https:\\\/\\\/schema.org\",\"@graph\":[{\"@type\":\"WebPage\",\"@id\":\"https:\\\/\\\/muzeumvac.hu\\\/szakmai-beszamolo-az-nka-vizualis-muveszetek-kollegiuma-palyazatahoz-2015\\\/\",\"url\":\"https:\\\/\\\/muzeumvac.hu\\\/szakmai-beszamolo-az-nka-vizualis-muveszetek-kollegiuma-palyazatahoz-2015\\\/\",\"name\":\"Szakmai besz\u00e1mol\u00f3 az NKA Vizu\u00e1lis M\u0171v\u00e9szetek Koll\u00e9giuma p\u00e1ly\u00e1zat\u00e1hoz, 2015 - TRAGOR IGN\u00c1C M\u00daZEUM \u2022 V\u00c1C\",\"isPartOf\":{\"@id\":\"https:\\\/\\\/muzeumvac.hu\\\/#website\"},\"datePublished\":\"2015-11-19T13:13:00+00:00\",\"dateModified\":\"2026-01-15T13:16:15+00:00\",\"description\":\"Egy m\u00fazeum, ezer \u00e9lm\u00e9ny!\",\"breadcrumb\":{\"@id\":\"https:\\\/\\\/muzeumvac.hu\\\/szakmai-beszamolo-az-nka-vizualis-muveszetek-kollegiuma-palyazatahoz-2015\\\/#breadcrumb\"},\"inLanguage\":\"en-GB\",\"potentialAction\":[{\"@type\":\"ReadAction\",\"target\":[\"https:\\\/\\\/muzeumvac.hu\\\/szakmai-beszamolo-az-nka-vizualis-muveszetek-kollegiuma-palyazatahoz-2015\\\/\"]}]},{\"@type\":\"BreadcrumbList\",\"@id\":\"https:\\\/\\\/muzeumvac.hu\\\/szakmai-beszamolo-az-nka-vizualis-muveszetek-kollegiuma-palyazatahoz-2015\\\/#breadcrumb\",\"itemListElement\":[{\"@type\":\"ListItem\",\"position\":1,\"name\":\"Kezd\u0151lap\",\"item\":\"https:\\\/\\\/muzeumvac.hu\\\/\"},{\"@type\":\"ListItem\",\"position\":2,\"name\":\"Szakmai besz\u00e1mol\u00f3 az NKA Vizu\u00e1lis M\u0171v\u00e9szetek Koll\u00e9giuma p\u00e1ly\u00e1zat\u00e1hoz, 2015\"}]},{\"@type\":\"WebSite\",\"@id\":\"https:\\\/\\\/muzeumvac.hu\\\/#website\",\"url\":\"https:\\\/\\\/muzeumvac.hu\\\/\",\"name\":\"TRAGOR IGN\u00c1C M\u00daZEUM \u2022 V\u00c1C\",\"description\":\"Egy m\u00fazeum, ezer \u00e9lm\u00e9ny!\",\"publisher\":{\"@id\":\"https:\\\/\\\/muzeumvac.hu\\\/#organization\"},\"potentialAction\":[{\"@type\":\"SearchAction\",\"target\":{\"@type\":\"EntryPoint\",\"urlTemplate\":\"https:\\\/\\\/muzeumvac.hu\\\/?s={search_term_string}\"},\"query-input\":{\"@type\":\"PropertyValueSpecification\",\"valueRequired\":true,\"valueName\":\"search_term_string\"}}],\"inLanguage\":\"en-GB\"},{\"@type\":\"Organization\",\"@id\":\"https:\\\/\\\/muzeumvac.hu\\\/#organization\",\"name\":\"TRAGOR IGN\u00c1C M\u00daZEUM \u2022 V\u00c1C\",\"url\":\"https:\\\/\\\/muzeumvac.hu\\\/\",\"logo\":{\"@type\":\"ImageObject\",\"inLanguage\":\"en-GB\",\"@id\":\"https:\\\/\\\/muzeumvac.hu\\\/#\\\/schema\\\/logo\\\/image\\\/\",\"url\":\"https:\\\/\\\/muzeumvac.hu\\\/wp-content\\\/uploads\\\/2025\\\/07\\\/tragor_ignac_logo.png\",\"contentUrl\":\"https:\\\/\\\/muzeumvac.hu\\\/wp-content\\\/uploads\\\/2025\\\/07\\\/tragor_ignac_logo.png\",\"width\":161,\"height\":126,\"caption\":\"TRAGOR IGN\u00c1C M\u00daZEUM \u2022 V\u00c1C\"},\"image\":{\"@id\":\"https:\\\/\\\/muzeumvac.hu\\\/#\\\/schema\\\/logo\\\/image\\\/\"},\"sameAs\":[\"https:\\\/\\\/www.facebook.com\\\/vac.tragorignacmuzeum\",\"https:\\\/\\\/www.instagram.com\\\/tragormuzeum\",\"https:\\\/\\\/www.youtube.com\\\/@TragorIgncMzeum-vac\"]}]}<\/script>\n<!-- \/ Yoast SEO Premium plugin. -->","yoast_head_json":{"title":"Szakmai besz\u00e1mol\u00f3 az NKA Vizu\u00e1lis M\u0171v\u00e9szetek Koll\u00e9giuma p\u00e1ly\u00e1zat\u00e1hoz, 2015 - TRAGOR IGN\u00c1C M\u00daZEUM \u2022 V\u00c1C","description":"One museum, a thousand experiences!","robots":{"index":"index","follow":"follow","max-snippet":"max-snippet:-1","max-image-preview":"max-image-preview:large","max-video-preview":"max-video-preview:-1"},"canonical":"https:\/\/muzeumvac.hu\/en\/szakmai-beszamolo-az-nka-vizualis-muveszetek-kollegiuma-palyazatahoz-2015\/","og_locale":"en_GB","og_type":"article","og_title":"Szakmai besz\u00e1mol\u00f3 az NKA Vizu\u00e1lis M\u0171v\u00e9szetek Koll\u00e9giuma p\u00e1ly\u00e1zat\u00e1hoz, 2015","og_description":"Egy m\u00fazeum, ezer \u00e9lm\u00e9ny!","og_url":"https:\/\/muzeumvac.hu\/en\/szakmai-beszamolo-az-nka-vizualis-muveszetek-kollegiuma-palyazatahoz-2015\/","og_site_name":"TRAGOR IGN\u00c1C M\u00daZEUM \u2022 V\u00c1C","article_publisher":"https:\/\/www.facebook.com\/vac.tragorignacmuzeum","article_modified_time":"2026-01-15T13:16:15+00:00","twitter_card":"summary_large_image","schema":{"@context":"https:\/\/schema.org","@graph":[{"@type":"WebPage","@id":"https:\/\/muzeumvac.hu\/szakmai-beszamolo-az-nka-vizualis-muveszetek-kollegiuma-palyazatahoz-2015\/","url":"https:\/\/muzeumvac.hu\/szakmai-beszamolo-az-nka-vizualis-muveszetek-kollegiuma-palyazatahoz-2015\/","name":"Szakmai besz\u00e1mol\u00f3 az NKA Vizu\u00e1lis M\u0171v\u00e9szetek Koll\u00e9giuma p\u00e1ly\u00e1zat\u00e1hoz, 2015 - TRAGOR IGN\u00c1C M\u00daZEUM \u2022 V\u00c1C","isPartOf":{"@id":"https:\/\/muzeumvac.hu\/#website"},"datePublished":"2015-11-19T13:13:00+00:00","dateModified":"2026-01-15T13:16:15+00:00","description":"One museum, a thousand experiences!","breadcrumb":{"@id":"https:\/\/muzeumvac.hu\/szakmai-beszamolo-az-nka-vizualis-muveszetek-kollegiuma-palyazatahoz-2015\/#breadcrumb"},"inLanguage":"en-GB","potentialAction":[{"@type":"ReadAction","target":["https:\/\/muzeumvac.hu\/szakmai-beszamolo-az-nka-vizualis-muveszetek-kollegiuma-palyazatahoz-2015\/"]}]},{"@type":"BreadcrumbList","@id":"https:\/\/muzeumvac.hu\/szakmai-beszamolo-az-nka-vizualis-muveszetek-kollegiuma-palyazatahoz-2015\/#breadcrumb","itemListElement":[{"@type":"ListItem","position":1,"name":"Kezd\u0151lap","item":"https:\/\/muzeumvac.hu\/"},{"@type":"ListItem","position":2,"name":"Szakmai besz\u00e1mol\u00f3 az NKA Vizu\u00e1lis M\u0171v\u00e9szetek Koll\u00e9giuma p\u00e1ly\u00e1zat\u00e1hoz, 2015"}]},{"@type":"WebSite","@id":"https:\/\/muzeumvac.hu\/#website","url":"https:\/\/muzeumvac.hu\/","name":"TRAGOR IGN\u00c1C M\u00daZEUM \u2022 V\u00c1C","description":"One museum, a thousand experiences!","publisher":{"@id":"https:\/\/muzeumvac.hu\/#organization"},"potentialAction":[{"@type":"SearchAction","target":{"@type":"EntryPoint","urlTemplate":"https:\/\/muzeumvac.hu\/?s={search_term_string}"},"query-input":{"@type":"PropertyValueSpecification","valueRequired":true,"valueName":"search_term_string"}}],"inLanguage":"en-GB"},{"@type":"Organization","@id":"https:\/\/muzeumvac.hu\/#organization","name":"TRAGOR IGN\u00c1C M\u00daZEUM \u2022 V\u00c1C","url":"https:\/\/muzeumvac.hu\/","logo":{"@type":"ImageObject","inLanguage":"en-GB","@id":"https:\/\/muzeumvac.hu\/#\/schema\/logo\/image\/","url":"https:\/\/muzeumvac.hu\/wp-content\/uploads\/2025\/07\/tragor_ignac_logo.png","contentUrl":"https:\/\/muzeumvac.hu\/wp-content\/uploads\/2025\/07\/tragor_ignac_logo.png","width":161,"height":126,"caption":"TRAGOR IGN\u00c1C M\u00daZEUM \u2022 V\u00c1C"},"image":{"@id":"https:\/\/muzeumvac.hu\/#\/schema\/logo\/image\/"},"sameAs":["https:\/\/www.facebook.com\/vac.tragorignacmuzeum","https:\/\/www.instagram.com\/tragormuzeum","https:\/\/www.youtube.com\/@TragorIgncMzeum-vac"]}]}},"_links":{"self":[{"href":"https:\/\/muzeumvac.hu\/en\/wp-json\/wp\/v2\/pages\/5597","targetHints":{"allow":["GET"]}}],"collection":[{"href":"https:\/\/muzeumvac.hu\/en\/wp-json\/wp\/v2\/pages"}],"about":[{"href":"https:\/\/muzeumvac.hu\/en\/wp-json\/wp\/v2\/types\/page"}],"author":[{"embeddable":true,"href":"https:\/\/muzeumvac.hu\/en\/wp-json\/wp\/v2\/users\/1"}],"replies":[{"embeddable":true,"href":"https:\/\/muzeumvac.hu\/en\/wp-json\/wp\/v2\/comments?post=5597"}],"version-history":[{"count":2,"href":"https:\/\/muzeumvac.hu\/en\/wp-json\/wp\/v2\/pages\/5597\/revisions"}],"predecessor-version":[{"id":5603,"href":"https:\/\/muzeumvac.hu\/en\/wp-json\/wp\/v2\/pages\/5597\/revisions\/5603"}],"wp:attachment":[{"href":"https:\/\/muzeumvac.hu\/en\/wp-json\/wp\/v2\/media?parent=5597"}],"curies":[{"name":"wp","href":"https:\/\/api.w.org\/{rel}","templated":true}]}}