{"id":5559,"date":"2016-04-27T13:59:00","date_gmt":"2016-04-27T11:59:00","guid":{"rendered":"https:\/\/muzeumvac.hu\/?page_id=5559"},"modified":"2026-01-15T14:00:52","modified_gmt":"2026-01-15T13:00:52","slug":"szakmai-beszamolo-az-nka-vizualis-muveszetek-kollegiuma-palyazatahoz-2016","status":"publish","type":"page","link":"https:\/\/muzeumvac.hu\/en\/szakmai-beszamolo-az-nka-vizualis-muveszetek-kollegiuma-palyazatahoz-2016\/","title":{"rendered":"Szakmai besz\u00e1mol\u00f3 az NKA Vizu\u00e1lis M\u0171v\u00e9szetek Koll\u00e9giuma p\u00e1ly\u00e1zat\u00e1hoz, 2016"},"content":{"rendered":"<p>[et_pb_section fb_built=&#8221;1&#8243; theme_builder_area=&#8221;post_content&#8221; _builder_version=&#8221;4.27.4&#8243; _module_preset=&#8221;default&#8221;][et_pb_row _builder_version=&#8221;4.27.4&#8243; _module_preset=&#8221;default&#8221; theme_builder_area=&#8221;post_content&#8221;][et_pb_column _builder_version=&#8221;4.27.4&#8243; _module_preset=&#8221;default&#8221; type=&#8221;4_4&#8243; theme_builder_area=&#8221;post_content&#8221;][et_pb_text _builder_version=&#8221;4.27.4&#8243; _module_preset=&#8221;default&#8221; theme_builder_area=&#8221;post_content&#8221; hover_enabled=&#8221;0&#8243; sticky_enabled=&#8221;0&#8243;]<\/p>\n<p>Szakmai besz\u00e1mol\u00f3 az NKA Vizu\u00e1lis M\u0171v\u00e9szetek Koll\u00e9giuma p\u00e1ly\u00e1zat\u00e1hoz, 2016<br \/>\u00a02016. \u00e1prilis 27.<\/p>\n<p><strong>K\u00e9pz\u0151m\u0171v\u00e9szeti gy\u0171jtem\u00e9ny gyarap\u00edt\u00e1sa<br \/>P\u00e1ly\u00e1zati azonos\u00edt\u00f3: Asz. 3909\/00699<\/strong><\/p>\n<p>Nemzeti Kultur\u00e1lis Alap<\/p>\n<p><strong><em>VIZU\u00c1LIS\u00a0 M\u0170V\u00c9SZETEK KOLL\u00c9GIUMA<\/em><\/strong><\/p>\n<p>1085 Budapest, Gyulai P\u00e1l u. 13.<\/p>\n<p><strong><u>TRAGOR IGN\u00c1C M\u00daZEUM, V\u00c1C<\/u><\/strong><\/p>\n<p>P\u00e1ly\u00e1zati azonos\u00edt\u00f3: Asz.<strong>\u00a0<\/strong>3909\/00699<\/p>\n<p><u>Elnyert \u00f6sszeg:\u00a0<\/u>4\u00a0150 000 Ft<\/p>\n<p>Filep S\u00e1ndor:\u00a0<em>Az alapi elmegy\u00f3gyint\u00e9zet lak\u00f3i XII<\/em>., 1987<\/p>\n<p><em>Szurcsik J\u00f3zsef:\u00a0Janus<\/em>, 1999<\/p>\n<p>V\u00e1rady R\u00f3bert:\u00a0<em>Pirg\u00e1lnak a procolexumok enyhe levit\u00e1ci\u00f3t el\u0151id\u00e9zve<\/em>, 2014<\/p>\n<p>&nbsp;<\/p>\n<p>TRAGOR IGN\u00c1C M\u00daZEUM, V\u00e1c<\/p>\n<p>P\u00e1ly\u00e1zati felel\u0151s: B\u00e1rdosi J\u00f3zsef, m\u0171v\u00e9szett\u00f6rt\u00e9n\u00e9sz<\/p>\n<p>2600 V\u00e1c, Zr\u00ednyi utca 41\/A<\/p>\n<p>&nbsp;<\/p>\n<p>TISZTELT VIZU\u00c1LIS KOLL\u00c9GIUM!<\/p>\n<p>A 3909\/00699 p\u00e1ly\u00e1zati azonos\u00edt\u00f3 sz\u00e1mon nyert 4\u00a0150 000 Forintb\u00f3l megv\u00e1s\u00e1roltuk a m\u00fazeum kort\u00e1rs gy\u0171jtem\u00e9nye sz\u00e1m\u00e1ra Filep S\u00e1ndor, Szurcsik J\u00f3zsef \u00e9s V\u00e1rady R\u00f3bert egy-egy m\u0171alkot\u00e1s\u00e1t. A megv\u00e1s\u00e1rolt k\u00e9peket az al\u00e1bbi sz\u00e1mon belelt\u00e1roztam \u00e9s a m\u00fazeum Zr\u00ednyi utcai \u00e9p\u00fclet\u00e9ben ker\u00fcltek elhelyez\u00e9sre.<\/p>\n<p>&nbsp;<\/p>\n<p>TIM k\u00e9pz\u0151m\u0171v\u00e9szeti gy\u0171jtem\u00e9nye ltsz. 2016.1.1.<\/p>\n<p>&#8211; Filep S\u00e1ndor:\u00a0<em>Az alapi elmegy\u00f3gyint\u00e9zet lak\u00f3i XII<\/em>., 1987, ez\u00fcstvessz\u0151, grafit, akril, alapozott v\u00e1szon, 100x80cm \u2013 \u00c1ra: 650 000 Ft.<\/p>\n<p>Filep S\u00e1ndor k\u00e9t forr\u00e1sb\u00f3l \u2013 a m\u0171v\u00e9szett\u00f6rt\u00e9net form\u00e1ib\u00f3l \u00e9s a hiperrealizmus nagy m\u00e9reteib\u0151l \u2013 mer\u00edtette \u00e9s gy\u00farta \u00f6ssze saj\u00e1t st\u00edlus\u00e1t. Az \u00f6sszegy\u00far\u00e1s sor\u00e1n nem feledkezett meg a minimalista fel\u00fcletk\u00eds\u00e9rleteir\u0151l sem, mivel az lett a kompoz\u00edci\u00f3inak alapfel\u00fclete.\u00a0<em>Az alapi elmegy\u00f3gyint\u00e9zet lak\u00f3i XII<\/em>. (1987) c. k\u00e9p\u00e9nek el\u0151- \u00e9s h\u00e1ttere val\u00f3ban jelz\u00e9sszer\u0171, m\u00e9g csak stiliz\u00e1ltnak sem nevezhet\u0151, l\u00e9nyeg\u00e9ben \u00f6n\u00e1ll\u00f3 eszt\u00e9tikai \u00e9rt\u00e9ket megjelen\u00edt\u0151 nagy grafikai fel\u00fcletr\u0151l van sz\u00f3. A grafikailag szeg\u00e9nyesen \u00e1br\u00e1zolt h\u00e1tt\u00e9r nyilv\u00e1n a vil\u00e1g szeg\u00e9nys\u00e9g\u00e9re \u00e9s sz\u00fcrkes\u00e9g\u00e9re utalt, de azt is mondhatom, hogy korrekten \u00e1br\u00e1zolt h\u00e1tt\u00e9r n\u00e9lk\u00fcl t\u00f6red\u00e9kes egy figur\u00e1lis k\u00e9p, mint ahogy t\u00f6red\u00e9kes volt az 1980-as \u00e9vek Kelet-Eur\u00f3p\u00e1ja is, amelyben \u00e9lt\u00fcnk, \u00e9s amely n\u00e9h\u00e1ny \u00e9v m\u00falva, 1989-ben val\u00f3ban t\u00f6red\u00e9kekre hullott.<\/p>\n<p><em>Szurcsik J\u00f3zsef:\u00a0Janus<\/em>, 1999, akril, olaj, v\u00e1szon, 68x140x43 cm<\/p>\n<p>\u2013 \u00c1ra: 1 500 000 Ft.<\/p>\n<p>TIM k\u00e9pz\u0151m\u0171v\u00e9szeti gy\u0171jtem\u00e9nye ltsz. 2016.2.1.<\/p>\n<p>Szurcsik J\u00f3zsef k\u00e9pi vil\u00e1g\u00e1nak \u00e1lland\u00f3 \u00e9s f\u0151mot\u00edvuma a figura, k\u00fcl\u00f6n\u00f6sen igaz ez a korai munk\u00e1ira, amikor m\u00e9g sok-sok attrib\u00fatummal \u2013 jelz\u0151 t\u00e1rggyal \u2013 \u00e9rtelmezte azokat. Az id\u0151 haladt\u00e1val azonban alak \u00e9s attrib\u00fatum egyre jobban \u00f6sszeolvadt, s\u0151t, m\u0171v\u00e9szet\u00e9nek \u00e9pp ez lett l\u00e9nyege \u00e9s v\u00e9djegye. A v\u00e1s\u00e1rl\u00e1sa jel\u00f6lt m\u0171 a geometri\u00e1t, a hamis geometri\u00e1t vonja \u00f6ssze az oblig\u00e1t Szurcsikos arc\u00e9llel.<\/p>\n<p>A hamis geometria, a hamis t\u00e9r lek\u00e9pez\u00e9se teszi \u00e9rdekess\u00e9 a\u00a0<em>Janus<\/em>\u00a0(1999) c. k\u00e9pet, amely gy\u0171jtem\u00e9ny\u00fcnk olyan darabjai mell\u00e9 ker\u00fcl, mint Schmal K\u00e1roly\u00a0<em>C\u00edm n\u00e9lk\u00fcl<\/em>\u00a0I-XII. (199), K\u0151nig Frigyes\u00a0<em>Architectura I-III<\/em>. (1994) c. neomanierista festm\u00e9nyei, valamint Orosz Istv\u00e1n\u00a0<em>Jasper anamorf\u00f3zisa<\/em>\u00a0(2005) \u00e9s az al\u00e1bbi V\u00e1rady R\u00f3bert k\u00e9p.<\/p>\n<p>&nbsp;<\/p>\n<p>&#8211; V\u00e1rady R\u00f3bert:\u00a0<em>Pirg\u00e1lnak a procolexumok enyhe levit\u00e1ci\u00f3t el\u0151id\u00e9zve<\/em>, 2014, olaj, v\u00e1szon, 150&#215;190 cm<\/p>\n<p>\u2013 \u00c1ra: 2 000 000 Ft.<\/p>\n<p>TIM k\u00e9pz\u0151m\u0171v\u00e9szeti gy\u0171jtem\u00e9nye ltsz. 2016.3.1.<\/p>\n<p>V\u00e1rady m\u00e1r az 1990-es \u00e9vekben festett sz\u00e1m\u00edt\u00f3g\u00e9p \u00e1ltal gener\u00e1lt, \u00e9s csak a k\u00e9perny\u0151n l\u00e9tez\u0151 virtu\u00e1lis t\u00e1jat, frakt\u00e1l-k\u00e9peket. Ezek a k\u00e9pek monokr\u00f3m fel\u00fcletekre bontott \u00e9s \u201emechanikusan\u201d megfestett alakzatokat \u00e1br\u00e1zolnak, amelyek l\u00e9nyeg\u00e9ben a c\u00e9zanne-i elvek digitaliz\u00e1lt \u00fajra gondol\u00e1s\u00e1t jelentik. Az egyszer\u0171s\u00edt\u00e9s a sz\u00e1m\u00edt\u00f3g\u00e9p dolga, az \u00fajra \u00f6sszerak\u00e1s a fest\u0151\u00e9, a n\u00e9z\u0151 pedig n\u00e9zze, ha tudja. A frakt\u00e1lok felt\u0171n\u00e9se a fest\u00e9szetben azonban nem a t\u00e1jk\u00e9p m\u0171faj\u00e1nak elutas\u00edt\u00e1s\u00e1t, m\u00e9g csak nem is valami \u00faj felfedez\u00e9s\u00e9t jelenti, hanem sokkal ink\u00e1bb az 1980-as \u00e9vek elfojtott bels\u0151 vil\u00e1g\u00e1b\u00f3l val\u00f3 kiszabadul\u00e1s\u00e1t, t\u00e1rsadalmi szempontb\u00f3l pedig a t\u00e1mpontok elveszt\u00e9s\u00e9t.<\/p>\n<p>Mint a c\u00edm is jelzi, ez a k\u00e9p egy kiss\u00e9 abszurd \u00e9s ironikus, azt a szint\u0171 technikai, technol\u00f3giai vil\u00e1got mutatja be, amely meghaladja az emberi \u00e9rz\u00e9kel\u00e9s \u00e9s befogad\u00f3k\u00e9pess\u00e9g hat\u00e1rait. T\u00falracionaliz\u00e1lt, t\u00fal kisz\u00e1m\u00edtott val\u00f3s\u00e1g, ahol a virtu\u00e1list \u00e9s a val\u00f3dit m\u00e1r szinte nem lehet megk\u00fcl\u00f6nb\u00f6ztetni. A figur\u00e1k enyhe lebeg\u00e9se egyben enyhe sz\u00e9d\u00fcletet is jelez. Azt hogy mik a procolexumok, senki sem tudja azt meg v\u00e9gk\u00e9pp nem, hogy mi\u00e9rt pirg\u00e1lnak, ugyanis mindk\u00e9t fogalom sz\u00f3j\u00e1t\u00e9k.<\/p>\n<p>&nbsp;<\/p>\n<p>V\u00e1c, 2016. \u00e1prilis 10. \u00a0 \u00a0 \u00a0 \u00a0 \u00a0 \u00a0 \u00a0 \u00a0 \u00a0 \u00a0 \u00a0 \u00a0 \u00a0 \u00a0 \u00a0 \u00a0 \u00a0 \u00a0 \u00a0 \u00a0 \u00a0 \u00a0 B\u00e1rdosi J\u00f3zsef<\/p>\n<p>f\u0151muzeol\u00f3gus-m\u0171v\u00e9szett\u00f6rt\u00e9n\u00e9sz<\/p>\n<p>&nbsp;<\/p>\n<p>[\/et_pb_text][et_pb_gallery _builder_version=&#8221;4.27.4&#8243; _module_preset=&#8221;default&#8221; theme_builder_area=&#8221;post_content&#8221; gallery_ids=&#8221;5561,5562,5563&#8243; hover_enabled=&#8221;0&#8243; sticky_enabled=&#8221;0&#8243;][\/et_pb_gallery][\/et_pb_column][\/et_pb_row][\/et_pb_section]<\/p>\n","protected":false},"excerpt":{"rendered":"<p>Szakmai besz\u00e1mol\u00f3 az NKA Vizu\u00e1lis M\u0171v\u00e9szetek Koll\u00e9giuma p\u00e1ly\u00e1zat\u00e1hoz, 2016\u00a02016. \u00e1prilis 27. K\u00e9pz\u0151m\u0171v\u00e9szeti gy\u0171jtem\u00e9ny gyarap\u00edt\u00e1saP\u00e1ly\u00e1zati azonos\u00edt\u00f3: Asz. 3909\/00699 Nemzeti Kultur\u00e1lis Alap VIZU\u00c1LIS\u00a0 M\u0170V\u00c9SZETEK KOLL\u00c9GIUMA 1085 Budapest, Gyulai P\u00e1l u. 13. TRAGOR [&hellip;]<\/p>\n","protected":false},"author":1,"featured_media":0,"parent":0,"menu_order":0,"comment_status":"closed","ping_status":"closed","template":"","meta":{"_et_pb_use_builder":"on","_et_pb_old_content":"","_et_gb_content_width":"","footnotes":""},"class_list":["post-5559","page","type-page","status-publish","hentry"],"yoast_head":"<!-- This site is optimized with the Yoast SEO Premium plugin v27.3 (Yoast SEO v27.3) - https:\/\/yoast.com\/product\/yoast-seo-premium-wordpress\/ -->\n<title>Szakmai besz\u00e1mol\u00f3 az NKA Vizu\u00e1lis M\u0171v\u00e9szetek Koll\u00e9giuma p\u00e1ly\u00e1zat\u00e1hoz, 2016 - TRAGOR IGN\u00c1C M\u00daZEUM \u2022 V\u00c1C<\/title>\n<meta name=\"description\" content=\"Egy m\u00fazeum, ezer \u00e9lm\u00e9ny!\" \/>\n<meta name=\"robots\" content=\"index, follow, max-snippet:-1, max-image-preview:large, max-video-preview:-1\" \/>\n<link rel=\"canonical\" href=\"https:\/\/muzeumvac.hu\/en\/szakmai-beszamolo-az-nka-vizualis-muveszetek-kollegiuma-palyazatahoz-2016\/\" \/>\n<meta property=\"og:locale\" content=\"en_GB\" \/>\n<meta property=\"og:type\" content=\"article\" \/>\n<meta property=\"og:title\" content=\"Szakmai besz\u00e1mol\u00f3 az NKA Vizu\u00e1lis M\u0171v\u00e9szetek Koll\u00e9giuma p\u00e1ly\u00e1zat\u00e1hoz, 2016\" \/>\n<meta property=\"og:description\" content=\"Egy m\u00fazeum, ezer \u00e9lm\u00e9ny!\" \/>\n<meta property=\"og:url\" content=\"https:\/\/muzeumvac.hu\/en\/szakmai-beszamolo-az-nka-vizualis-muveszetek-kollegiuma-palyazatahoz-2016\/\" \/>\n<meta property=\"og:site_name\" content=\"TRAGOR IGN\u00c1C M\u00daZEUM \u2022 V\u00c1C\" \/>\n<meta property=\"article:publisher\" content=\"https:\/\/www.facebook.com\/vac.tragorignacmuzeum\" \/>\n<meta property=\"article:modified_time\" content=\"2026-01-15T13:00:52+00:00\" \/>\n<meta name=\"twitter:card\" content=\"summary_large_image\" \/>\n<script type=\"application\/ld+json\" class=\"yoast-schema-graph\">{\"@context\":\"https:\\\/\\\/schema.org\",\"@graph\":[{\"@type\":\"WebPage\",\"@id\":\"https:\\\/\\\/muzeumvac.hu\\\/szakmai-beszamolo-az-nka-vizualis-muveszetek-kollegiuma-palyazatahoz-2016\\\/\",\"url\":\"https:\\\/\\\/muzeumvac.hu\\\/szakmai-beszamolo-az-nka-vizualis-muveszetek-kollegiuma-palyazatahoz-2016\\\/\",\"name\":\"Szakmai besz\u00e1mol\u00f3 az NKA Vizu\u00e1lis M\u0171v\u00e9szetek Koll\u00e9giuma p\u00e1ly\u00e1zat\u00e1hoz, 2016 - TRAGOR IGN\u00c1C M\u00daZEUM \u2022 V\u00c1C\",\"isPartOf\":{\"@id\":\"https:\\\/\\\/muzeumvac.hu\\\/#website\"},\"datePublished\":\"2016-04-27T11:59:00+00:00\",\"dateModified\":\"2026-01-15T13:00:52+00:00\",\"description\":\"Egy m\u00fazeum, ezer \u00e9lm\u00e9ny!\",\"breadcrumb\":{\"@id\":\"https:\\\/\\\/muzeumvac.hu\\\/szakmai-beszamolo-az-nka-vizualis-muveszetek-kollegiuma-palyazatahoz-2016\\\/#breadcrumb\"},\"inLanguage\":\"en-GB\",\"potentialAction\":[{\"@type\":\"ReadAction\",\"target\":[\"https:\\\/\\\/muzeumvac.hu\\\/szakmai-beszamolo-az-nka-vizualis-muveszetek-kollegiuma-palyazatahoz-2016\\\/\"]}]},{\"@type\":\"BreadcrumbList\",\"@id\":\"https:\\\/\\\/muzeumvac.hu\\\/szakmai-beszamolo-az-nka-vizualis-muveszetek-kollegiuma-palyazatahoz-2016\\\/#breadcrumb\",\"itemListElement\":[{\"@type\":\"ListItem\",\"position\":1,\"name\":\"Kezd\u0151lap\",\"item\":\"https:\\\/\\\/muzeumvac.hu\\\/\"},{\"@type\":\"ListItem\",\"position\":2,\"name\":\"Szakmai besz\u00e1mol\u00f3 az NKA Vizu\u00e1lis M\u0171v\u00e9szetek Koll\u00e9giuma p\u00e1ly\u00e1zat\u00e1hoz, 2016\"}]},{\"@type\":\"WebSite\",\"@id\":\"https:\\\/\\\/muzeumvac.hu\\\/#website\",\"url\":\"https:\\\/\\\/muzeumvac.hu\\\/\",\"name\":\"TRAGOR IGN\u00c1C M\u00daZEUM \u2022 V\u00c1C\",\"description\":\"Egy m\u00fazeum, ezer \u00e9lm\u00e9ny!\",\"publisher\":{\"@id\":\"https:\\\/\\\/muzeumvac.hu\\\/#organization\"},\"potentialAction\":[{\"@type\":\"SearchAction\",\"target\":{\"@type\":\"EntryPoint\",\"urlTemplate\":\"https:\\\/\\\/muzeumvac.hu\\\/?s={search_term_string}\"},\"query-input\":{\"@type\":\"PropertyValueSpecification\",\"valueRequired\":true,\"valueName\":\"search_term_string\"}}],\"inLanguage\":\"en-GB\"},{\"@type\":\"Organization\",\"@id\":\"https:\\\/\\\/muzeumvac.hu\\\/#organization\",\"name\":\"TRAGOR IGN\u00c1C M\u00daZEUM \u2022 V\u00c1C\",\"url\":\"https:\\\/\\\/muzeumvac.hu\\\/\",\"logo\":{\"@type\":\"ImageObject\",\"inLanguage\":\"en-GB\",\"@id\":\"https:\\\/\\\/muzeumvac.hu\\\/#\\\/schema\\\/logo\\\/image\\\/\",\"url\":\"https:\\\/\\\/muzeumvac.hu\\\/wp-content\\\/uploads\\\/2025\\\/07\\\/tragor_ignac_logo.png\",\"contentUrl\":\"https:\\\/\\\/muzeumvac.hu\\\/wp-content\\\/uploads\\\/2025\\\/07\\\/tragor_ignac_logo.png\",\"width\":161,\"height\":126,\"caption\":\"TRAGOR IGN\u00c1C M\u00daZEUM \u2022 V\u00c1C\"},\"image\":{\"@id\":\"https:\\\/\\\/muzeumvac.hu\\\/#\\\/schema\\\/logo\\\/image\\\/\"},\"sameAs\":[\"https:\\\/\\\/www.facebook.com\\\/vac.tragorignacmuzeum\",\"https:\\\/\\\/www.instagram.com\\\/tragormuzeum\",\"https:\\\/\\\/www.youtube.com\\\/@TragorIgncMzeum-vac\"]}]}<\/script>\n<!-- \/ Yoast SEO Premium plugin. -->","yoast_head_json":{"title":"Szakmai besz\u00e1mol\u00f3 az NKA Vizu\u00e1lis M\u0171v\u00e9szetek Koll\u00e9giuma p\u00e1ly\u00e1zat\u00e1hoz, 2016 - TRAGOR IGN\u00c1C M\u00daZEUM \u2022 V\u00c1C","description":"One museum, a thousand experiences!","robots":{"index":"index","follow":"follow","max-snippet":"max-snippet:-1","max-image-preview":"max-image-preview:large","max-video-preview":"max-video-preview:-1"},"canonical":"https:\/\/muzeumvac.hu\/en\/szakmai-beszamolo-az-nka-vizualis-muveszetek-kollegiuma-palyazatahoz-2016\/","og_locale":"en_GB","og_type":"article","og_title":"Szakmai besz\u00e1mol\u00f3 az NKA Vizu\u00e1lis M\u0171v\u00e9szetek Koll\u00e9giuma p\u00e1ly\u00e1zat\u00e1hoz, 2016","og_description":"Egy m\u00fazeum, ezer \u00e9lm\u00e9ny!","og_url":"https:\/\/muzeumvac.hu\/en\/szakmai-beszamolo-az-nka-vizualis-muveszetek-kollegiuma-palyazatahoz-2016\/","og_site_name":"TRAGOR IGN\u00c1C M\u00daZEUM \u2022 V\u00c1C","article_publisher":"https:\/\/www.facebook.com\/vac.tragorignacmuzeum","article_modified_time":"2026-01-15T13:00:52+00:00","twitter_card":"summary_large_image","schema":{"@context":"https:\/\/schema.org","@graph":[{"@type":"WebPage","@id":"https:\/\/muzeumvac.hu\/szakmai-beszamolo-az-nka-vizualis-muveszetek-kollegiuma-palyazatahoz-2016\/","url":"https:\/\/muzeumvac.hu\/szakmai-beszamolo-az-nka-vizualis-muveszetek-kollegiuma-palyazatahoz-2016\/","name":"Szakmai besz\u00e1mol\u00f3 az NKA Vizu\u00e1lis M\u0171v\u00e9szetek Koll\u00e9giuma p\u00e1ly\u00e1zat\u00e1hoz, 2016 - TRAGOR IGN\u00c1C M\u00daZEUM \u2022 V\u00c1C","isPartOf":{"@id":"https:\/\/muzeumvac.hu\/#website"},"datePublished":"2016-04-27T11:59:00+00:00","dateModified":"2026-01-15T13:00:52+00:00","description":"One museum, a thousand experiences!","breadcrumb":{"@id":"https:\/\/muzeumvac.hu\/szakmai-beszamolo-az-nka-vizualis-muveszetek-kollegiuma-palyazatahoz-2016\/#breadcrumb"},"inLanguage":"en-GB","potentialAction":[{"@type":"ReadAction","target":["https:\/\/muzeumvac.hu\/szakmai-beszamolo-az-nka-vizualis-muveszetek-kollegiuma-palyazatahoz-2016\/"]}]},{"@type":"BreadcrumbList","@id":"https:\/\/muzeumvac.hu\/szakmai-beszamolo-az-nka-vizualis-muveszetek-kollegiuma-palyazatahoz-2016\/#breadcrumb","itemListElement":[{"@type":"ListItem","position":1,"name":"Kezd\u0151lap","item":"https:\/\/muzeumvac.hu\/"},{"@type":"ListItem","position":2,"name":"Szakmai besz\u00e1mol\u00f3 az NKA Vizu\u00e1lis M\u0171v\u00e9szetek Koll\u00e9giuma p\u00e1ly\u00e1zat\u00e1hoz, 2016"}]},{"@type":"WebSite","@id":"https:\/\/muzeumvac.hu\/#website","url":"https:\/\/muzeumvac.hu\/","name":"TRAGOR IGN\u00c1C M\u00daZEUM \u2022 V\u00c1C","description":"One museum, a thousand experiences!","publisher":{"@id":"https:\/\/muzeumvac.hu\/#organization"},"potentialAction":[{"@type":"SearchAction","target":{"@type":"EntryPoint","urlTemplate":"https:\/\/muzeumvac.hu\/?s={search_term_string}"},"query-input":{"@type":"PropertyValueSpecification","valueRequired":true,"valueName":"search_term_string"}}],"inLanguage":"en-GB"},{"@type":"Organization","@id":"https:\/\/muzeumvac.hu\/#organization","name":"TRAGOR IGN\u00c1C M\u00daZEUM \u2022 V\u00c1C","url":"https:\/\/muzeumvac.hu\/","logo":{"@type":"ImageObject","inLanguage":"en-GB","@id":"https:\/\/muzeumvac.hu\/#\/schema\/logo\/image\/","url":"https:\/\/muzeumvac.hu\/wp-content\/uploads\/2025\/07\/tragor_ignac_logo.png","contentUrl":"https:\/\/muzeumvac.hu\/wp-content\/uploads\/2025\/07\/tragor_ignac_logo.png","width":161,"height":126,"caption":"TRAGOR IGN\u00c1C M\u00daZEUM \u2022 V\u00c1C"},"image":{"@id":"https:\/\/muzeumvac.hu\/#\/schema\/logo\/image\/"},"sameAs":["https:\/\/www.facebook.com\/vac.tragorignacmuzeum","https:\/\/www.instagram.com\/tragormuzeum","https:\/\/www.youtube.com\/@TragorIgncMzeum-vac"]}]}},"_links":{"self":[{"href":"https:\/\/muzeumvac.hu\/en\/wp-json\/wp\/v2\/pages\/5559","targetHints":{"allow":["GET"]}}],"collection":[{"href":"https:\/\/muzeumvac.hu\/en\/wp-json\/wp\/v2\/pages"}],"about":[{"href":"https:\/\/muzeumvac.hu\/en\/wp-json\/wp\/v2\/types\/page"}],"author":[{"embeddable":true,"href":"https:\/\/muzeumvac.hu\/en\/wp-json\/wp\/v2\/users\/1"}],"replies":[{"embeddable":true,"href":"https:\/\/muzeumvac.hu\/en\/wp-json\/wp\/v2\/comments?post=5559"}],"version-history":[{"count":2,"href":"https:\/\/muzeumvac.hu\/en\/wp-json\/wp\/v2\/pages\/5559\/revisions"}],"predecessor-version":[{"id":5564,"href":"https:\/\/muzeumvac.hu\/en\/wp-json\/wp\/v2\/pages\/5559\/revisions\/5564"}],"wp:attachment":[{"href":"https:\/\/muzeumvac.hu\/en\/wp-json\/wp\/v2\/media?parent=5559"}],"curies":[{"name":"wp","href":"https:\/\/api.w.org\/{rel}","templated":true}]}}