{"id":5540,"date":"2017-10-09T13:55:00","date_gmt":"2017-10-09T11:55:00","guid":{"rendered":"https:\/\/muzeumvac.hu\/?page_id=5540"},"modified":"2026-01-15T13:57:18","modified_gmt":"2026-01-15T12:57:18","slug":"muzeumok-ejszakaja-2017","status":"publish","type":"page","link":"https:\/\/muzeumvac.hu\/en\/muzeumok-ejszakaja-2017\/","title":{"rendered":"M\u00fazeumok \u00c9jszak\u00e1ja 2017."},"content":{"rendered":"<p>[et_pb_section fb_built=&#8221;1&#8243; theme_builder_area=&#8221;post_content&#8221; _builder_version=&#8221;4.27.4&#8243; _module_preset=&#8221;default&#8221;][et_pb_row _builder_version=&#8221;4.27.4&#8243; _module_preset=&#8221;default&#8221; theme_builder_area=&#8221;post_content&#8221;][et_pb_column _builder_version=&#8221;4.27.4&#8243; _module_preset=&#8221;default&#8221; type=&#8221;4_4&#8243; theme_builder_area=&#8221;post_content&#8221;][et_pb_text _builder_version=&#8221;4.27.4&#8243; _module_preset=&#8221;default&#8221; theme_builder_area=&#8221;post_content&#8221; hover_enabled=&#8221;0&#8243; sticky_enabled=&#8221;0&#8243;]<\/p>\n<p>M\u00fazeumok \u00c9jszak\u00e1ja 2017.<br \/>\u00a02017. okt\u00f3ber 9.<\/p>\n<p><strong>\u00c9rt\u00e9k\u0151rz\u00e9s a v\u00e1ci Tragor Ign\u00e1c M\u00fazeumban<br \/>Az idei M\u00fazeumok \u00c9jszak\u00e1ja tematik\u00e1j\u00e1nak k\u00f6z\u00e9ppontj\u00e1ban az \u00e9rt\u00e9k\u0151rz\u00e9s \u00e1llt. A v\u00e1ci Tragor Ign\u00e1c M\u00fazeum kezdett\u0151l fogva elk\u00f6telezetten vallja, hogy a helyismeret \u00e9s a helyi \u00e9rt\u00e9kek megismer\u00e9se, meg\u00f3v\u00e1sa k\u00f6z\u00f6s \u00fcgy\u00fcnk. Ezt nagyon fontos minden gener\u00e1ci\u00f3 \u00e9let\u00e9ben lehet\u0151s\u00e9g szerint a lak\u00f3hely megismertet\u00e9s\u00e9vel elkezdeni. Mivel tavaly okt\u00f3bert\u0151l t\u00f6bb ki\u00e1ll\u00edt\u00f3helyet is a M\u00fazeumhoz csatoltak, \u00edgy a M\u00fazeumok \u00c9jszak\u00e1ja remek alkalom volt arra, hogy m\u00e9g t\u00f6bb helysz\u00ednen, m\u00e9g sz\u00ednesebb m\u00fazeumi programmal \u00fajabb \u00e9s \u00fajabb vend\u00e9geket vonzunk be ki\u00e1ll\u00edt\u00e1sainkra. Id\u00e9n teh\u00e1t \u00faj, illetve meg\u00fajult \u00e1lland\u00f3 ki\u00e1ll\u00edt\u00e1sainkat szerett\u00fck volna f\u00f3kuszba helyezni \u00e9s ezekhez kapcsol\u00f3d\u00f3an szervezni a rendezv\u00e9ny programjait.<\/strong><\/p>\n<p><strong><u>A program megval\u00f3s\u00edt\u00e1s\u00e1nak helye:<\/u><\/strong><\/p>\n<p>A v\u00e1ci Tragor Ign\u00e1c M\u00fazeum ki\u00e1ll\u00edt\u00f3helyei<\/p>\n<p><strong><u>A projekt megval\u00f3s\u00edt\u00f3ja:<\/u><\/strong><\/p>\n<p>Tragor Ign\u00e1c M\u00fazeum<\/p>\n<p><strong><u>A p\u00e1ly\u00e1zati program megval\u00f3s\u00edt\u00e1s\u00e1ba bevont k\u00f6zrem\u0171k\u00f6d\u0151k list\u00e1ja:<\/u><\/strong><\/p>\n<p><u>Szakmai el\u0151ad\u00f3k<\/u><\/p>\n<ul>\n<li>Csukovits Enik\u0151 t\u00f6rt\u00e9n\u00e9sz, MTA B\u00f6lcs\u00e9szettudom\u00e1nyi Kutat\u00f3k\u00f6zpont<\/li>\n<li>F\u00f3nagy Zolt\u00e1n t\u00f6rt\u00e9n\u00e9sz, MTA B\u00f6lcs\u00e9szettudom\u00e1nyi Kutat\u00f3k\u00f6zpont<\/li>\n<\/ul>\n<p>&nbsp;<\/p>\n<p><u>K\u00f6zrem\u0171k\u00f6d\u0151k<\/u><\/p>\n<ul>\n<li>Sz\u00e1szv\u00e1rosi S\u00e1ndor \u00e9s Nagy Csaba r\u00e9gizen\u00e9szek<\/li>\n<li>Dar\u00f3czyn\u00e9 Botos Barbara \u00e9s Darag\u00f3 \u00c9va, a Ver\u0151cei Kab\u00f3ca N\u00e9pt\u00e1ncegy\u00fcttes vezet\u0151i<\/li>\n<li>H\u00e1mor Szabolcs gasztrofot\u00f3s<\/li>\n<li>Csibi Kinga f\u0151muzeol\u00f3gus, Ganz \u00c1brah\u00e1m \u00d6nt\u00f6dei Gy\u0171jtem\u00e9ny<\/li>\n<\/ul>\n<p><strong><u>Programjaink helysz\u00ednenk\u00e9nt:<\/u><\/strong><\/p>\n<p>T\u00f6bb mint egy \u00e9vtizedes m\u00faltra tekint vissza a M\u00fazeumok \u00c9jszak\u00e1ja elnevez\u00e9s\u0171 eg\u00e9sz est\u00e9s rendezv\u00e9ny a Tragor Ign\u00e1c M\u00fazeumban. A hagyom\u00e1nyosan a ny\u00e1ri napfordul\u00f3hoz k\u00f6t\u0151d\u0151 esem\u00e9ny id\u00e9n az \u00e9rt\u00e9k\u0151rz\u00e9s jegy\u00e9ben telt, a m\u00fazeum f\u00e9ltve \u0151rz\u00f6tt kincsei rendhagy\u00f3 m\u00f3don mutatkoztak be j\u00fanius 24-\u00e9n, szombaton, 18 \u00f3r\u00e1t\u00f3l az \u00e9jf\u00e9li t\u0171zugr\u00e1sig.<\/p>\n<p>&nbsp;<\/p>\n<p><strong><u>G\u00f6r\u00f6g Templom Ki\u00e1ll\u00edt\u00f3terem<\/u><\/strong><\/p>\n<p><em>V\u00e1c, M\u00e1rcius 15. t\u00e9r 19.<\/em><\/p>\n<p><strong>18:30 \u2013 19:00 Kort\u00e1rs tal\u00e1lkoz\u00e1sok &#8211; T\u00e1rlatvezet\u00e9s V\u00e1rady R\u00f3bert ki\u00e1ll\u00edt\u00e1s\u00e1n<\/strong><\/p>\n<p><em>Dud\u00e1s Barbara<\/em><strong>\u00a0<\/strong>m\u0171v\u00e9szett\u00f6rt\u00e9n\u00e9sz, a v\u00e1ci Tragor Ign\u00e1c M\u00fazeum munkat\u00e1rsa szakszer\u0171en mutatta be V\u00e1rady R\u00f3bert fest\u0151m\u0171v\u00e9sz ki\u00e1ll\u00edt\u00e1s\u00e1t az \u00e9rdekl\u0151d\u0151k sz\u00e1m\u00e1ra.<\/p>\n<p><strong>19:00 \u2013 21:00 \u00c9rt\u00e9kek k\u00f6zvet\u00edt\u00e9se egykoron \u00e9s ma\u00a0<\/strong>\u2013 szakmai el\u0151ad\u00e1sok a G\u00f6r\u00f6g Templomban<\/p>\n<p>Az MTA B\u00f6lcs\u00e9szettudom\u00e1nyi Kutat\u00f3k\u00f6zpont munkat\u00e1rsainak szakmai el\u0151ad\u00e1sai sor\u00e1n<em>\u00a0Csukovits Enik\u0151 \u00e9s F\u00f3nagy Zolt\u00e1n t\u00f6rt\u00e9n\u00e9szek\u00a0<\/em>a k\u00f6z\u00e9pkori \u00e9s \u00fajkori ember id\u0151 fogalm\u00e1t \u00e9s az \u00f3ra haszn\u00e1lat\u00e1t hozta k\u00f6zelebb az \u00e9rdekl\u0151d\u0151kh\u00f6z.<\/p>\n<p><strong>21.00 -22.00 \u201eBarokk melank\u00f3lia\u201d<\/strong><\/p>\n<p><em>Sz\u00e1szv\u00e1rosi S\u00e1ndor<\/em>\u00a0\u2013 viola da gamba \u00e9s\u00a0<em>Nagy Csaba<\/em>\u00a0\u2013 renesz\u00e1nsz lant el\u0151ad\u00e1s\u00e1ban hangzott el a \u201eBarokk Melank\u00f3lia\u201d c. program, amely els\u0151sorban a XVI-XVII. sz\u00e1zadi zen\u00e9re a renesz\u00e1nsz \u00e9s barokk zene hat\u00e1rmezsgy\u00e9j\u00e9re fokusz\u00e1lt. Az eredetileg viola da gamb\u00e1ra \u00e9s continuora \u00edrt m\u0171vek mellett a kor szellem\u00e9ben k\u00e9sz\u00fclt \u00e1tiratok kaptak nagy szerepet. Felcsend\u00fcltek a korabeli Eur\u00f3pa kedvelt vari\u00e1ci\u00f3i, dalai \u00e9s t\u00e1nczen\u00e9i.<\/p>\n<p><strong><u>M\u00fazeumudvar<\/u><\/strong><\/p>\n<p><strong>18:00 &#8211; 19:30 M\u00fazeumpedag\u00f3giai foglalkoz\u00e1s a M\u00fazeumudvarban<\/strong><\/p>\n<p>P\u00e1rhuzamosan az el\u0151ad\u00e1sokkal a m\u00fazeumudvaron a gyermekeknek interakt\u00edv foglalkoz\u00e1sokat szervezt\u00fcnk, ahol a kirak\u00f3k mellett a gyerekeknek lehet\u0151s\u00e9g\u00fck volt kipr\u00f3b\u00e1lni a r\u00e9g\u00e9sz munk\u00e1j\u00e1t, melyhez egy \u201er\u00e9g\u00e9szeti homokoz\u00f3\u201d adott lehet\u0151s\u00e9get.<\/p>\n<p><strong>19:30 \u2013 22:00 Gasztrosarok &#8211; mini ki\u00e1ll\u00edt\u00e1s \u00e9s workshop<\/strong><\/p>\n<p><em>H\u00e1mor Szabolcs<\/em>\u00a0gasztrofot\u00f3s vezet\u00e9s\u00e9vel a M\u00fazeumudvaron lehet\u0151s\u00e9g volt egy kis mini ki\u00e1ll\u00edt\u00e1s megtekint\u00e9s\u00e9re illetve a v\u00e1ci\u00a0<em>Giuseppe Pizz\u00e9ria<\/em>\u00a0j\u00f3volt\u00e1b\u00f3l folyamatos vend\u00e9gl\u00e1t\u00e1s v\u00e1rta a r\u00e9sztvev\u0151ket.<\/p>\n<p><strong>22:00 &#8211; 22:30 Nusi n\u00e9ni pog\u00e1csas\u00fct\u0151 verseny eredm\u00e9nyhirdet\u00e9se<\/strong><\/p>\n<p>Els\u0151 alkalommal hirdett\u00fck meg a M\u00fazeumok \u00c9jszak\u00e1j\u00e1hoz kapcsol\u00f3d\u00f3an pog\u00e1csas\u00fct\u0151 verseny\u00fcnket, melyre a r\u00e9sztvev\u0151k saj\u00e1t k\u00e9sz\u00edt\u00e9s\u0171 pog\u00e1cs\u00e1val jelentkezhettek.<\/p>\n<p><strong>23:00 \u2013 24:00\u00a0 \u201e Megrakj\u00e1k a t\u00fczet\u2026\u201d\u00a0<\/strong>\u2013 n\u00e9pzenei \u00f6ssze\u00e1ll\u00edt\u00e1s, t\u00e1nch\u00e1zzal<strong>,\u00a0<\/strong><em>Dar\u00f3czyn\u00e9 Botos Barbara<\/em>\u00a0\u00e9s\u00a0<em>Darag\u00f3 \u00c9va<\/em>, a Ver\u0151cei Kab\u00f3ca N\u00e9pt\u00e1ncegy\u00fcttes vezet\u0151inek k\u00f6zrem\u0171k\u00f6d\u00e9s\u00e9vel.<\/p>\n<p><strong>24:00\u00a0 T\u0171zugr\u00e1s a M\u00fazeumudvaron<\/strong><\/p>\n<p>A M\u00fazeumok \u00c9jszak\u00e1ja a m\u00e1r hagyom\u00e1nyoss\u00e1 v\u00e1lt Szent Iv\u00e1n \u00e9ji n\u00e9pi hagyom\u00e1nnyal, nevezetesen a t\u0171zugr\u00e1ssal fejez\u0151d\u00f6tt be, melyhez a r\u00e9sztvev\u0151k is csatlakozhattak.<\/p>\n<p><strong>20:00 \u00e9s 23:00 k\u00f6z\u00f6tt:\u00a0<\/strong>Ig\u00e9ny szerint, folyamatosan zajlottak<strong>\u00a0t\u00e1rlatvezet\u00e9sek\u00a0<\/strong>az Ars Memorandi &#8211; Memento Mori ki\u00e1ll\u00edt\u00e1sokon, a kolozsv\u00e1ri Babe\u015f-Bolyai Tudom\u00e1nyegyetemr\u0151l \u00e9rkezett Erasmus-\u00f6szt\u00f6nd\u00edjas vend\u00e9ghallgat\u00f3k vezet\u00e9s\u00e9ben.<\/p>\n<p>Tov\u00e1bb\u00e1 nagy \u00e9rdekl\u0151d\u00e9s \u00f6vezte Moln\u00e1r R\u00f3bert r\u00e9g\u00e9sz eleml\u00e1mp\u00e1s t\u00e1rlatvezet\u00e9seit is a Szent Mih\u00e1ly Altemplomban, valamint a K\u00f6z\u00e9pkori Pince Ki\u00e1ll\u00edt\u00f3helyen.<\/p>\n<p><strong><u>Pann\u00f3nia H\u00e1z Ki\u00e1ll\u00edt\u00f3hely<\/u><\/strong><\/p>\n<p><em>V\u00e1c, K\u00f6zt\u00e1rsas\u00e1g \u00fat 19.<\/em><\/p>\n<p><strong>18:00 \u2013 20:00 \u201eFut, robog a kicsi, kocsi\u2026\u201d<\/strong><\/p>\n<p>A k\u00e9zm\u0171ves gyermekfoglalkoz\u00e1s sor\u00e1n lehet\u0151s\u00e9g ny\u00edlt szabad alkot\u00e1sra, ahol a gyerekek kipr\u00f3b\u00e1lhatt\u00e1k, hogyan k\u00e9sz\u00fclhettek Hincz Gyula nagy v\u00e1szonk\u00e9pei, illetve grafik\u00e1i. A kisebbeknek j\u00e1tsz\u00f3sarkot alak\u00edtottunk ki, amit sz\u00ednez\u0151kkel, s\u00f3-liszt gyurm\u00e1val, k\u00f6nyvekkel, babaj\u00e1t\u00e9kokkal rendezt\u00fcnk be.<\/p>\n<p><strong>20:00 \u2013 21:00 \u00c9l\u0151 t\u00e1rsasj\u00e1t\u00e9k a Pann\u00f3nia H\u00e1z udvar\u00e1n<\/strong><\/p>\n<p>Interakt\u00edv t\u00e1rsasj\u00e1t\u00e9k, ahol 3-4 f\u0151s csoportok tehett\u00e9k pr\u00f3b\u00e1ra tud\u00e1sukat \u00e9s \u00fcgyess\u00e9g\u00fcket a Pann\u00f3nia H\u00e1z kertj\u00e9ben, 16-t\u00f3l 99 \u00e9ves korig.<\/p>\n<p><strong>20:00 \u2013 22:30<\/strong>\u00a0<strong>Szakmai t\u00e1rlatvezet\u00e9sek a Hincz Gyula, G\u00e1dor Istv\u00e1n \u00e9s az \u00d6nt\u00f6ttvas ki\u00e1ll\u00edt\u00e1sokban<\/strong><\/p>\n<p><strong>Mes\u00e9l az \u00d6nt\u00f6ttvas Gy\u0171jtem\u00e9ny<\/strong>\u00a0c\u00edmmel\u00a0<em>Csibi Kinga f\u0151muzeol\u00f3gus<\/em>, a Ganz \u00c1brah\u00e1m \u00d6nt\u00f6dei Gy\u0171jtem\u00e9ny munkat\u00e1rsa tartott \u00e9rdekes t\u00e1rlatvezet\u00e9st az este folyam\u00e1n, majd pedig<em>\u00a0Dud\u00e1s Barbara<\/em><strong>\u00a0<\/strong>m\u0171v\u00e9szett\u00f6rt\u00e9n\u00e9sz, a v\u00e1ci Tragor Ign\u00e1c M\u00fazeum munkat\u00e1rsa mutatta be\u00a0<strong>Elfeledett \u00e9letm\u0171vek\u00a0<\/strong>c\u00edmmel Hincz Gyula \u00e9s G\u00e1dor Istv\u00e1n ki\u00e1ll\u00edt\u00e1sait.<\/p>\n<p>&nbsp;<\/p>\n<p><strong><u>Kommunik\u00e1ci\u00f3s terv megval\u00f3s\u00edt\u00e1sa<\/u><\/strong><\/p>\n<p>A program n\u00e9pszer\u0171s\u00edt\u00e9se mindenk\u00e9ppen t\u00f6bb szint\u0171 kommunik\u00e1ci\u00f3t ig\u00e9nyelt, mely sor\u00e1n egyar\u00e1nt haszn\u00e1ltuk a vizu\u00e1lis \u00e9s audiovizu\u00e1lis csatorn\u00e1kat, valamint az internet ny\u00fajtotta k\u00fcl\u00f6nf\u00e9le lehet\u0151s\u00e9geket.<\/p>\n<ol>\n<li>El\u0151k\u00e9sz\u00edt\u0151 f\u00e1zis<\/li>\n<\/ol>\n<p>a, Kommunik\u00e1ci\u00f3 a v\u00e1rosban<\/p>\n<ul>\n<li>Mivel 2013. janu\u00e1r 1. \u00f3ta v\u00e1rosi int\u00e9zm\u00e9nny\u00e9 lett\u00fcnk, \u00edgy egyre ink\u00e1bb a helyi sajt\u00f3 sz\u00e1m\u00e1ra is nagy fontoss\u00e1ggal b\u00edr a M\u00fazeum programjainak aj\u00e1nl\u00e1sa. Programaj\u00e1nl\u00f3nk megjelent a V\u00e1ci Napl\u00f3ban.<\/li>\n<li>A helyi ElektroSignal telev\u00edzi\u00f3ban ismertett\u00fck a M\u00fazeumok \u00c9jszak\u00e1ja programjait.<\/li>\n<li>Programunk propag\u00e1l\u00e1s\u00e1ban seg\u00edts\u00e9g\u00fcnkre volt a helyi Tourinform iroda.<\/li>\n<\/ul>\n<p>b, Orsz\u00e1gos m\u00e9dia<\/p>\n<ul>\n<li>Programunkat felt\u00f6lt\u00f6tt\u00fck a M\u00fazeumok \u00c9jszak\u00e1ja orsz\u00e1gos honlapj\u00e1ra, \u00edgy a l\u00e1togat\u00f3k a k\u00f6zponti t\u00e1j\u00e9koztat\u00f3 anyagban is megtal\u00e1lhatj\u00e1k m\u00fazeumunkat.<\/li>\n<\/ul>\n<p>c, Internet adta lehet\u0151s\u00e9gek<\/p>\n<ul>\n<li>A M\u00fazeum Facebook oldal\u00e1n t\u00f6bb alkalommal, n\u00e9pszer\u0171s\u00edtett\u00fck a programot<\/li>\n<li>A M\u00fazeum saj\u00e1t honlapj\u00e1n\u00a0<a href=\"http:\/\/www.muzeumvac.hu\/\">www.muzeumvac.hu<\/a>\u00a0is megjelent a r\u00e9szletes programk\u00edn\u00e1lat.<\/li>\n<li>A Tragor Ign\u00e1c M\u00fazeum M\u00fazeumok \u00c9jszak\u00e1ja programjai megjelentek region\u00e1lis \u00e9s v\u00e1rosi internetes fel\u00fcleteken, a helyi telev\u00edzi\u00f3ban, valamint a m\u00fazeummal kapcsolatban \u00e1ll\u00f3 kultur\u00e1lis int\u00e9zm\u00e9nyek \u00e9s civil szervezetek programaj\u00e1nl\u00f3iban.\u00a0<a href=\"http:\/\/www.vac.hu\/\">www.vac.hu<\/a>\u00a0<a href=\"http:\/\/www.vaconlinr.hu\/\">www.vaconlinr.hu<\/a>\u00a0<a href=\"http:\/\/www.dunakanyarregio.hu\/\">www.dunakanyarregio.hu<\/a>\u00a0<a href=\"http:\/\/www.estv.hu\/\">www.estv.hu<\/a><\/li>\n<\/ul>\n<p>K\u00f6zvetlen\u00fcl a program el\u0151tt:<\/p>\n<ul>\n<li>A M\u00fazeumok \u00e9jszak\u00e1ja programj\u00e1t propag\u00e1ltuk a helysz\u00ednen \u00e9s k\u00f6rny\u00e9k\u00fck\u00f6n t\u00f6bb hely\u00fctt elhelyezett plak\u00e1tokkal \u00e9s sz\u00f3r\u00f3lapokkal.<\/li>\n<\/ul>\n<p>A program ut\u00e1ni m\u00e9dia megjelen\u00e9s:<\/p>\n<ul>\n<li>A m\u00fazeum Facebook oldal\u00e1n jelentett\u00fcnk meg \u00f6sszefoglal\u00f3t a programr\u00f3l.<\/li>\n<li>\u00cdrott besz\u00e1mol\u00f3t jelentett\u00fcnk meg az esem\u00e9nyr\u0151l a helyi sajt\u00f3ban.<\/li>\n<\/ul>\n<p><strong><u>L\u00e1togatotts\u00e1gi adatok:<\/u><\/strong><\/p>\n<p>Fizet\u0151 l\u00e1togat\u00f3: 209 f\u0151<\/p>\n<p>Tiszteletjegy: 10 f\u0151<\/p>\n<p>&nbsp;<\/p>\n<p>[\/et_pb_text][et_pb_gallery _builder_version=&#8221;4.27.4&#8243; _module_preset=&#8221;default&#8221; theme_builder_area=&#8221;post_content&#8221; gallery_ids=&#8221;5542,5543,5544,5545,5546,5547,5548,5549,5550,5551,5552,5553,5554,5555,5556&#8243; hover_enabled=&#8221;0&#8243; sticky_enabled=&#8221;0&#8243;][\/et_pb_gallery][\/et_pb_column][\/et_pb_row][\/et_pb_section]<\/p>\n","protected":false},"excerpt":{"rendered":"<p>M\u00fazeumok \u00c9jszak\u00e1ja 2017.\u00a02017. okt\u00f3ber 9. \u00c9rt\u00e9k\u0151rz\u00e9s a v\u00e1ci Tragor Ign\u00e1c M\u00fazeumbanAz idei M\u00fazeumok \u00c9jszak\u00e1ja tematik\u00e1j\u00e1nak k\u00f6z\u00e9ppontj\u00e1ban az \u00e9rt\u00e9k\u0151rz\u00e9s \u00e1llt. A v\u00e1ci Tragor Ign\u00e1c M\u00fazeum kezdett\u0151l fogva elk\u00f6telezetten vallja, hogy a [&hellip;]<\/p>\n","protected":false},"author":1,"featured_media":0,"parent":0,"menu_order":0,"comment_status":"closed","ping_status":"closed","template":"","meta":{"_et_pb_use_builder":"on","_et_pb_old_content":"","_et_gb_content_width":"","footnotes":""},"class_list":["post-5540","page","type-page","status-publish","hentry"],"yoast_head":"<!-- This site is optimized with the Yoast SEO Premium plugin v27.3 (Yoast SEO v27.3) - https:\/\/yoast.com\/product\/yoast-seo-premium-wordpress\/ -->\n<title>M\u00fazeumok \u00c9jszak\u00e1ja 2017. - TRAGOR IGN\u00c1C M\u00daZEUM \u2022 V\u00c1C<\/title>\n<meta name=\"description\" content=\"Egy m\u00fazeum, ezer \u00e9lm\u00e9ny!\" \/>\n<meta name=\"robots\" content=\"index, follow, max-snippet:-1, max-image-preview:large, max-video-preview:-1\" \/>\n<link rel=\"canonical\" href=\"https:\/\/muzeumvac.hu\/en\/muzeumok-ejszakaja-2017\/\" \/>\n<meta property=\"og:locale\" content=\"en_GB\" \/>\n<meta property=\"og:type\" content=\"article\" \/>\n<meta property=\"og:title\" content=\"M\u00fazeumok \u00c9jszak\u00e1ja 2017.\" \/>\n<meta property=\"og:description\" content=\"Egy m\u00fazeum, ezer \u00e9lm\u00e9ny!\" \/>\n<meta property=\"og:url\" content=\"https:\/\/muzeumvac.hu\/en\/muzeumok-ejszakaja-2017\/\" \/>\n<meta property=\"og:site_name\" content=\"TRAGOR IGN\u00c1C M\u00daZEUM \u2022 V\u00c1C\" \/>\n<meta property=\"article:publisher\" content=\"https:\/\/www.facebook.com\/vac.tragorignacmuzeum\" \/>\n<meta property=\"article:modified_time\" content=\"2026-01-15T12:57:18+00:00\" \/>\n<meta name=\"twitter:card\" content=\"summary_large_image\" \/>\n<script type=\"application\/ld+json\" class=\"yoast-schema-graph\">{\"@context\":\"https:\\\/\\\/schema.org\",\"@graph\":[{\"@type\":\"WebPage\",\"@id\":\"https:\\\/\\\/muzeumvac.hu\\\/muzeumok-ejszakaja-2017\\\/\",\"url\":\"https:\\\/\\\/muzeumvac.hu\\\/muzeumok-ejszakaja-2017\\\/\",\"name\":\"M\u00fazeumok \u00c9jszak\u00e1ja 2017. - TRAGOR IGN\u00c1C M\u00daZEUM \u2022 V\u00c1C\",\"isPartOf\":{\"@id\":\"https:\\\/\\\/muzeumvac.hu\\\/#website\"},\"datePublished\":\"2017-10-09T11:55:00+00:00\",\"dateModified\":\"2026-01-15T12:57:18+00:00\",\"description\":\"Egy m\u00fazeum, ezer \u00e9lm\u00e9ny!\",\"breadcrumb\":{\"@id\":\"https:\\\/\\\/muzeumvac.hu\\\/muzeumok-ejszakaja-2017\\\/#breadcrumb\"},\"inLanguage\":\"en-GB\",\"potentialAction\":[{\"@type\":\"ReadAction\",\"target\":[\"https:\\\/\\\/muzeumvac.hu\\\/muzeumok-ejszakaja-2017\\\/\"]}]},{\"@type\":\"BreadcrumbList\",\"@id\":\"https:\\\/\\\/muzeumvac.hu\\\/muzeumok-ejszakaja-2017\\\/#breadcrumb\",\"itemListElement\":[{\"@type\":\"ListItem\",\"position\":1,\"name\":\"Kezd\u0151lap\",\"item\":\"https:\\\/\\\/muzeumvac.hu\\\/\"},{\"@type\":\"ListItem\",\"position\":2,\"name\":\"M\u00fazeumok \u00c9jszak\u00e1ja 2017.\"}]},{\"@type\":\"WebSite\",\"@id\":\"https:\\\/\\\/muzeumvac.hu\\\/#website\",\"url\":\"https:\\\/\\\/muzeumvac.hu\\\/\",\"name\":\"TRAGOR IGN\u00c1C M\u00daZEUM \u2022 V\u00c1C\",\"description\":\"Egy m\u00fazeum, ezer \u00e9lm\u00e9ny!\",\"publisher\":{\"@id\":\"https:\\\/\\\/muzeumvac.hu\\\/#organization\"},\"potentialAction\":[{\"@type\":\"SearchAction\",\"target\":{\"@type\":\"EntryPoint\",\"urlTemplate\":\"https:\\\/\\\/muzeumvac.hu\\\/?s={search_term_string}\"},\"query-input\":{\"@type\":\"PropertyValueSpecification\",\"valueRequired\":true,\"valueName\":\"search_term_string\"}}],\"inLanguage\":\"en-GB\"},{\"@type\":\"Organization\",\"@id\":\"https:\\\/\\\/muzeumvac.hu\\\/#organization\",\"name\":\"TRAGOR IGN\u00c1C M\u00daZEUM \u2022 V\u00c1C\",\"url\":\"https:\\\/\\\/muzeumvac.hu\\\/\",\"logo\":{\"@type\":\"ImageObject\",\"inLanguage\":\"en-GB\",\"@id\":\"https:\\\/\\\/muzeumvac.hu\\\/#\\\/schema\\\/logo\\\/image\\\/\",\"url\":\"https:\\\/\\\/muzeumvac.hu\\\/wp-content\\\/uploads\\\/2025\\\/07\\\/tragor_ignac_logo.png\",\"contentUrl\":\"https:\\\/\\\/muzeumvac.hu\\\/wp-content\\\/uploads\\\/2025\\\/07\\\/tragor_ignac_logo.png\",\"width\":161,\"height\":126,\"caption\":\"TRAGOR IGN\u00c1C M\u00daZEUM \u2022 V\u00c1C\"},\"image\":{\"@id\":\"https:\\\/\\\/muzeumvac.hu\\\/#\\\/schema\\\/logo\\\/image\\\/\"},\"sameAs\":[\"https:\\\/\\\/www.facebook.com\\\/vac.tragorignacmuzeum\",\"https:\\\/\\\/www.instagram.com\\\/tragormuzeum\",\"https:\\\/\\\/www.youtube.com\\\/@TragorIgncMzeum-vac\"]}]}<\/script>\n<!-- \/ Yoast SEO Premium plugin. -->","yoast_head_json":{"title":"M\u00fazeumok \u00c9jszak\u00e1ja 2017. - TRAGOR IGN\u00c1C M\u00daZEUM \u2022 V\u00c1C","description":"One museum, a thousand experiences!","robots":{"index":"index","follow":"follow","max-snippet":"max-snippet:-1","max-image-preview":"max-image-preview:large","max-video-preview":"max-video-preview:-1"},"canonical":"https:\/\/muzeumvac.hu\/en\/muzeumok-ejszakaja-2017\/","og_locale":"en_GB","og_type":"article","og_title":"M\u00fazeumok \u00c9jszak\u00e1ja 2017.","og_description":"Egy m\u00fazeum, ezer \u00e9lm\u00e9ny!","og_url":"https:\/\/muzeumvac.hu\/en\/muzeumok-ejszakaja-2017\/","og_site_name":"TRAGOR IGN\u00c1C M\u00daZEUM \u2022 V\u00c1C","article_publisher":"https:\/\/www.facebook.com\/vac.tragorignacmuzeum","article_modified_time":"2026-01-15T12:57:18+00:00","twitter_card":"summary_large_image","schema":{"@context":"https:\/\/schema.org","@graph":[{"@type":"WebPage","@id":"https:\/\/muzeumvac.hu\/muzeumok-ejszakaja-2017\/","url":"https:\/\/muzeumvac.hu\/muzeumok-ejszakaja-2017\/","name":"M\u00fazeumok \u00c9jszak\u00e1ja 2017. - TRAGOR IGN\u00c1C M\u00daZEUM \u2022 V\u00c1C","isPartOf":{"@id":"https:\/\/muzeumvac.hu\/#website"},"datePublished":"2017-10-09T11:55:00+00:00","dateModified":"2026-01-15T12:57:18+00:00","description":"One museum, a thousand experiences!","breadcrumb":{"@id":"https:\/\/muzeumvac.hu\/muzeumok-ejszakaja-2017\/#breadcrumb"},"inLanguage":"en-GB","potentialAction":[{"@type":"ReadAction","target":["https:\/\/muzeumvac.hu\/muzeumok-ejszakaja-2017\/"]}]},{"@type":"BreadcrumbList","@id":"https:\/\/muzeumvac.hu\/muzeumok-ejszakaja-2017\/#breadcrumb","itemListElement":[{"@type":"ListItem","position":1,"name":"Kezd\u0151lap","item":"https:\/\/muzeumvac.hu\/"},{"@type":"ListItem","position":2,"name":"M\u00fazeumok \u00c9jszak\u00e1ja 2017."}]},{"@type":"WebSite","@id":"https:\/\/muzeumvac.hu\/#website","url":"https:\/\/muzeumvac.hu\/","name":"TRAGOR IGN\u00c1C M\u00daZEUM \u2022 V\u00c1C","description":"One museum, a thousand experiences!","publisher":{"@id":"https:\/\/muzeumvac.hu\/#organization"},"potentialAction":[{"@type":"SearchAction","target":{"@type":"EntryPoint","urlTemplate":"https:\/\/muzeumvac.hu\/?s={search_term_string}"},"query-input":{"@type":"PropertyValueSpecification","valueRequired":true,"valueName":"search_term_string"}}],"inLanguage":"en-GB"},{"@type":"Organization","@id":"https:\/\/muzeumvac.hu\/#organization","name":"TRAGOR IGN\u00c1C M\u00daZEUM \u2022 V\u00c1C","url":"https:\/\/muzeumvac.hu\/","logo":{"@type":"ImageObject","inLanguage":"en-GB","@id":"https:\/\/muzeumvac.hu\/#\/schema\/logo\/image\/","url":"https:\/\/muzeumvac.hu\/wp-content\/uploads\/2025\/07\/tragor_ignac_logo.png","contentUrl":"https:\/\/muzeumvac.hu\/wp-content\/uploads\/2025\/07\/tragor_ignac_logo.png","width":161,"height":126,"caption":"TRAGOR IGN\u00c1C M\u00daZEUM \u2022 V\u00c1C"},"image":{"@id":"https:\/\/muzeumvac.hu\/#\/schema\/logo\/image\/"},"sameAs":["https:\/\/www.facebook.com\/vac.tragorignacmuzeum","https:\/\/www.instagram.com\/tragormuzeum","https:\/\/www.youtube.com\/@TragorIgncMzeum-vac"]}]}},"_links":{"self":[{"href":"https:\/\/muzeumvac.hu\/en\/wp-json\/wp\/v2\/pages\/5540","targetHints":{"allow":["GET"]}}],"collection":[{"href":"https:\/\/muzeumvac.hu\/en\/wp-json\/wp\/v2\/pages"}],"about":[{"href":"https:\/\/muzeumvac.hu\/en\/wp-json\/wp\/v2\/types\/page"}],"author":[{"embeddable":true,"href":"https:\/\/muzeumvac.hu\/en\/wp-json\/wp\/v2\/users\/1"}],"replies":[{"embeddable":true,"href":"https:\/\/muzeumvac.hu\/en\/wp-json\/wp\/v2\/comments?post=5540"}],"version-history":[{"count":2,"href":"https:\/\/muzeumvac.hu\/en\/wp-json\/wp\/v2\/pages\/5540\/revisions"}],"predecessor-version":[{"id":5557,"href":"https:\/\/muzeumvac.hu\/en\/wp-json\/wp\/v2\/pages\/5540\/revisions\/5557"}],"wp:attachment":[{"href":"https:\/\/muzeumvac.hu\/en\/wp-json\/wp\/v2\/media?parent=5540"}],"curies":[{"name":"wp","href":"https:\/\/api.w.org\/{rel}","templated":true}]}}