{"id":5530,"date":"2017-06-28T13:51:00","date_gmt":"2017-06-28T11:51:00","guid":{"rendered":"https:\/\/muzeumvac.hu\/?page_id=5530"},"modified":"2026-01-15T13:52:50","modified_gmt":"2026-01-15T12:52:50","slug":"szakmai-beszamolo-az-nka-kepzomuveszetek-kollegiuma-palyazatahoz-2017","status":"publish","type":"page","link":"https:\/\/muzeumvac.hu\/en\/szakmai-beszamolo-az-nka-kepzomuveszetek-kollegiuma-palyazatahoz-2017\/","title":{"rendered":"Szakmai besz\u00e1mol\u00f3 az NKA K\u00e9pz\u0151m\u0171v\u00e9szetek Koll\u00e9giuma p\u00e1ly\u00e1zat\u00e1hoz, 2017"},"content":{"rendered":"<p>[et_pb_section fb_built=&#8221;1&#8243; theme_builder_area=&#8221;post_content&#8221; _builder_version=&#8221;4.27.4&#8243; _module_preset=&#8221;default&#8221;][et_pb_row _builder_version=&#8221;4.27.4&#8243; _module_preset=&#8221;default&#8221; theme_builder_area=&#8221;post_content&#8221;][et_pb_column _builder_version=&#8221;4.27.4&#8243; _module_preset=&#8221;default&#8221; type=&#8221;4_4&#8243; theme_builder_area=&#8221;post_content&#8221;][et_pb_text _builder_version=&#8221;4.27.4&#8243; _module_preset=&#8221;default&#8221; theme_builder_area=&#8221;post_content&#8221; hover_enabled=&#8221;0&#8243; sticky_enabled=&#8221;0&#8243;]<\/p>\n<p>Szakmai besz\u00e1mol\u00f3 az NKA K\u00e9pz\u0151m\u0171v\u00e9szetek Koll\u00e9giuma p\u00e1ly\u00e1zat\u00e1hoz, 2017<br \/>\u00a02017. j\u00fanius 28.<\/p>\n<p><strong>K\u00e9pz\u0151m\u0171v\u00e9szeti gy\u0171jtem\u00e9ny gyarap\u00edt\u00e1sa<br \/>P\u00e1ly\u00e1zati azonos\u00edt\u00f3: 105109\/00429<\/strong><\/p>\n<p><u>Elnyert \u00f6sszeg:<\/u><\/p>\n<p>3.400.000 Ft<\/p>\n<p>P\u00e1ly\u00e1zati felel\u0151s: B\u00e1rdosi J\u00f3zsef, m\u0171v\u00e9szett\u00f6rt\u00e9n\u00e9sz<\/p>\n<p>Tragor Ign\u00e1c M\u00fazeum, 2600 V\u00e1c, Zr\u00ednyi u. 41\/A<\/p>\n<p>&nbsp;<\/p>\n<p>TISZTELT K\u00c9PZ\u0150M\u0170V\u00c9SZETI KOLL\u00c9GIUM!<\/p>\n<p>A 105109\/00429 p\u00e1ly\u00e1zati azonos\u00edt\u00f3 sz\u00e1mon nyert 3.400.000 forintb\u00f3l megv\u00e1s\u00e1roltuk a m\u00fazeum kort\u00e1rs gy\u0171jtem\u00e9nye sz\u00e1m\u00e1ra Adorj\u00e1n Attila, L\u00e1szl\u00f3 D\u00e1niel \u00e9s Orvos Andr\u00e1s egy-egy m\u0171alkot\u00e1s\u00e1t. A megv\u00e1s\u00e1rolt k\u00e9peket az al\u00e1bbi sz\u00e1mon belelt\u00e1roztam \u00e9s a m\u00fazeum Zr\u00ednyi utcai \u00e9p\u00fclet\u00e9ben ker\u00fcltek elhelyez\u00e9sre.<\/p>\n<p>TIM k\u00e9pz\u0151m\u0171v\u00e9szeti gy\u0171jtem\u00e9nye ltsz: 2017.1.1<\/p>\n<p><strong>Adorj\u00e1n Attila:\u00a0<em>Bilincs I-II<\/em>.<\/strong>\u00a02015, olaj, v\u00e1szon, 120&#215;100 cm<\/p>\n<p>\u00e1ra:\u00a0 1.200.000,-<\/p>\n<p>TIM k\u00e9pz\u0151m\u0171v\u00e9szeti gy\u0171jtem\u00e9nye ltsz: 2017.2.1<\/p>\n<p><strong>L\u00e1szl\u00f3 D\u00e1niel:\u00a0<em>Patakpart V<\/em>.<\/strong>\u00a02001, olaj, v\u00e1szon, 150&#215;200 cm<\/p>\n<p>\u00e1ra: 1.200.000,-<\/p>\n<p>TIM k\u00e9pz\u0151m\u0171v\u00e9szeti gy\u0171jtem\u00e9nye ltsz: 2017.3.1<\/p>\n<p><strong>Orvos Andr\u00e1s:\u00a0<em>H\u00e1rmas \u00f6narck\u00e9p I-III.<\/em><\/strong>\u00a02015, olaj, v\u00e1szon, 70&#215;100 cm<\/p>\n<p>\u00e1ra: 1.000.000,-<\/p>\n<p>&nbsp;<\/p>\n<p>V\u00e1c, 2017. 06. 28.\u00a0\u00a0\u00a0\u00a0\u00a0\u00a0\u00a0\u00a0\u00a0\u00a0\u00a0\u00a0\u00a0\u00a0\u00a0\u00a0\u00a0\u00a0\u00a0\u00a0\u00a0\u00a0\u00a0\u00a0\u00a0\u00a0\u00a0\u00a0\u00a0\u00a0\u00a0\u00a0\u00a0\u00a0\u00a0\u00a0\u00a0\u00a0\u00a0\u00a0\u00a0\u00a0\u00a0\u00a0\u00a0\u00a0\u00a0 B\u00e1rdosi J\u00f3zsef<\/p>\n<p>f\u0151muzeol\u00f3gus-m\u0171v\u00e9szett\u00f6rt\u00e9n\u00e9sz<\/p>\n<p>&nbsp;<\/p>\n<p>[\/et_pb_text][\/et_pb_column][\/et_pb_row][\/et_pb_section][et_pb_section fb_built=&#8221;1&#8243; theme_builder_area=&#8221;post_content&#8221; _builder_version=&#8221;4.27.4&#8243; _module_preset=&#8221;default&#8221;][et_pb_row _builder_version=&#8221;4.27.4&#8243; _module_preset=&#8221;default&#8221; theme_builder_area=&#8221;post_content&#8221;][et_pb_column _builder_version=&#8221;4.27.4&#8243; _module_preset=&#8221;default&#8221; theme_builder_area=&#8221;post_content&#8221; type=&#8221;4_4&#8243;][et_pb_gallery _builder_version=&#8221;4.27.4&#8243; _module_preset=&#8221;default&#8221; gallery_ids=&#8221;5532,5537,5535,5536,5533&#8243; theme_builder_area=&#8221;post_content&#8221; hover_enabled=&#8221;0&#8243; sticky_enabled=&#8221;0&#8243;][\/et_pb_gallery][\/et_pb_column][\/et_pb_row][\/et_pb_section]<\/p>\n","protected":false},"excerpt":{"rendered":"<p>Szakmai besz\u00e1mol\u00f3 az NKA K\u00e9pz\u0151m\u0171v\u00e9szetek Koll\u00e9giuma p\u00e1ly\u00e1zat\u00e1hoz, 2017\u00a02017. j\u00fanius 28. K\u00e9pz\u0151m\u0171v\u00e9szeti gy\u0171jtem\u00e9ny gyarap\u00edt\u00e1saP\u00e1ly\u00e1zati azonos\u00edt\u00f3: 105109\/00429 Elnyert \u00f6sszeg: 3.400.000 Ft P\u00e1ly\u00e1zati felel\u0151s: B\u00e1rdosi J\u00f3zsef, m\u0171v\u00e9szett\u00f6rt\u00e9n\u00e9sz Tragor Ign\u00e1c M\u00fazeum, 2600 V\u00e1c, Zr\u00ednyi [&hellip;]<\/p>\n","protected":false},"author":1,"featured_media":0,"parent":0,"menu_order":0,"comment_status":"closed","ping_status":"closed","template":"","meta":{"_et_pb_use_builder":"on","_et_pb_old_content":"","_et_gb_content_width":"","footnotes":""},"class_list":["post-5530","page","type-page","status-publish","hentry"],"yoast_head":"<!-- This site is optimized with the Yoast SEO Premium plugin v27.3 (Yoast SEO v27.3) - https:\/\/yoast.com\/product\/yoast-seo-premium-wordpress\/ -->\n<title>Szakmai besz\u00e1mol\u00f3 az NKA K\u00e9pz\u0151m\u0171v\u00e9szetek Koll\u00e9giuma p\u00e1ly\u00e1zat\u00e1hoz, 2017 - TRAGOR IGN\u00c1C M\u00daZEUM \u2022 V\u00c1C<\/title>\n<meta name=\"description\" content=\"Egy m\u00fazeum, ezer \u00e9lm\u00e9ny!\" \/>\n<meta name=\"robots\" content=\"index, follow, max-snippet:-1, max-image-preview:large, max-video-preview:-1\" \/>\n<link rel=\"canonical\" href=\"https:\/\/muzeumvac.hu\/en\/szakmai-beszamolo-az-nka-kepzomuveszetek-kollegiuma-palyazatahoz-2017\/\" \/>\n<meta property=\"og:locale\" content=\"en_GB\" \/>\n<meta property=\"og:type\" content=\"article\" \/>\n<meta property=\"og:title\" content=\"Szakmai besz\u00e1mol\u00f3 az NKA K\u00e9pz\u0151m\u0171v\u00e9szetek Koll\u00e9giuma p\u00e1ly\u00e1zat\u00e1hoz, 2017\" \/>\n<meta property=\"og:description\" content=\"Egy m\u00fazeum, ezer \u00e9lm\u00e9ny!\" \/>\n<meta property=\"og:url\" content=\"https:\/\/muzeumvac.hu\/en\/szakmai-beszamolo-az-nka-kepzomuveszetek-kollegiuma-palyazatahoz-2017\/\" \/>\n<meta property=\"og:site_name\" content=\"TRAGOR IGN\u00c1C M\u00daZEUM \u2022 V\u00c1C\" \/>\n<meta property=\"article:publisher\" content=\"https:\/\/www.facebook.com\/vac.tragorignacmuzeum\" \/>\n<meta property=\"article:modified_time\" content=\"2026-01-15T12:52:50+00:00\" \/>\n<meta name=\"twitter:card\" content=\"summary_large_image\" \/>\n<script type=\"application\/ld+json\" class=\"yoast-schema-graph\">{\"@context\":\"https:\\\/\\\/schema.org\",\"@graph\":[{\"@type\":\"WebPage\",\"@id\":\"https:\\\/\\\/muzeumvac.hu\\\/szakmai-beszamolo-az-nka-kepzomuveszetek-kollegiuma-palyazatahoz-2017\\\/\",\"url\":\"https:\\\/\\\/muzeumvac.hu\\\/szakmai-beszamolo-az-nka-kepzomuveszetek-kollegiuma-palyazatahoz-2017\\\/\",\"name\":\"Szakmai besz\u00e1mol\u00f3 az NKA K\u00e9pz\u0151m\u0171v\u00e9szetek Koll\u00e9giuma p\u00e1ly\u00e1zat\u00e1hoz, 2017 - TRAGOR IGN\u00c1C M\u00daZEUM \u2022 V\u00c1C\",\"isPartOf\":{\"@id\":\"https:\\\/\\\/muzeumvac.hu\\\/#website\"},\"datePublished\":\"2017-06-28T11:51:00+00:00\",\"dateModified\":\"2026-01-15T12:52:50+00:00\",\"description\":\"Egy m\u00fazeum, ezer \u00e9lm\u00e9ny!\",\"breadcrumb\":{\"@id\":\"https:\\\/\\\/muzeumvac.hu\\\/szakmai-beszamolo-az-nka-kepzomuveszetek-kollegiuma-palyazatahoz-2017\\\/#breadcrumb\"},\"inLanguage\":\"en-GB\",\"potentialAction\":[{\"@type\":\"ReadAction\",\"target\":[\"https:\\\/\\\/muzeumvac.hu\\\/szakmai-beszamolo-az-nka-kepzomuveszetek-kollegiuma-palyazatahoz-2017\\\/\"]}]},{\"@type\":\"BreadcrumbList\",\"@id\":\"https:\\\/\\\/muzeumvac.hu\\\/szakmai-beszamolo-az-nka-kepzomuveszetek-kollegiuma-palyazatahoz-2017\\\/#breadcrumb\",\"itemListElement\":[{\"@type\":\"ListItem\",\"position\":1,\"name\":\"Kezd\u0151lap\",\"item\":\"https:\\\/\\\/muzeumvac.hu\\\/\"},{\"@type\":\"ListItem\",\"position\":2,\"name\":\"Szakmai besz\u00e1mol\u00f3 az NKA K\u00e9pz\u0151m\u0171v\u00e9szetek Koll\u00e9giuma p\u00e1ly\u00e1zat\u00e1hoz, 2017\"}]},{\"@type\":\"WebSite\",\"@id\":\"https:\\\/\\\/muzeumvac.hu\\\/#website\",\"url\":\"https:\\\/\\\/muzeumvac.hu\\\/\",\"name\":\"TRAGOR IGN\u00c1C M\u00daZEUM \u2022 V\u00c1C\",\"description\":\"Egy m\u00fazeum, ezer \u00e9lm\u00e9ny!\",\"publisher\":{\"@id\":\"https:\\\/\\\/muzeumvac.hu\\\/#organization\"},\"potentialAction\":[{\"@type\":\"SearchAction\",\"target\":{\"@type\":\"EntryPoint\",\"urlTemplate\":\"https:\\\/\\\/muzeumvac.hu\\\/?s={search_term_string}\"},\"query-input\":{\"@type\":\"PropertyValueSpecification\",\"valueRequired\":true,\"valueName\":\"search_term_string\"}}],\"inLanguage\":\"en-GB\"},{\"@type\":\"Organization\",\"@id\":\"https:\\\/\\\/muzeumvac.hu\\\/#organization\",\"name\":\"TRAGOR IGN\u00c1C M\u00daZEUM \u2022 V\u00c1C\",\"url\":\"https:\\\/\\\/muzeumvac.hu\\\/\",\"logo\":{\"@type\":\"ImageObject\",\"inLanguage\":\"en-GB\",\"@id\":\"https:\\\/\\\/muzeumvac.hu\\\/#\\\/schema\\\/logo\\\/image\\\/\",\"url\":\"https:\\\/\\\/muzeumvac.hu\\\/wp-content\\\/uploads\\\/2025\\\/07\\\/tragor_ignac_logo.png\",\"contentUrl\":\"https:\\\/\\\/muzeumvac.hu\\\/wp-content\\\/uploads\\\/2025\\\/07\\\/tragor_ignac_logo.png\",\"width\":161,\"height\":126,\"caption\":\"TRAGOR IGN\u00c1C M\u00daZEUM \u2022 V\u00c1C\"},\"image\":{\"@id\":\"https:\\\/\\\/muzeumvac.hu\\\/#\\\/schema\\\/logo\\\/image\\\/\"},\"sameAs\":[\"https:\\\/\\\/www.facebook.com\\\/vac.tragorignacmuzeum\",\"https:\\\/\\\/www.instagram.com\\\/tragormuzeum\",\"https:\\\/\\\/www.youtube.com\\\/@TragorIgncMzeum-vac\"]}]}<\/script>\n<!-- \/ Yoast SEO Premium plugin. -->","yoast_head_json":{"title":"Szakmai besz\u00e1mol\u00f3 az NKA K\u00e9pz\u0151m\u0171v\u00e9szetek Koll\u00e9giuma p\u00e1ly\u00e1zat\u00e1hoz, 2017 - TRAGOR IGN\u00c1C M\u00daZEUM \u2022 V\u00c1C","description":"One museum, a thousand experiences!","robots":{"index":"index","follow":"follow","max-snippet":"max-snippet:-1","max-image-preview":"max-image-preview:large","max-video-preview":"max-video-preview:-1"},"canonical":"https:\/\/muzeumvac.hu\/en\/szakmai-beszamolo-az-nka-kepzomuveszetek-kollegiuma-palyazatahoz-2017\/","og_locale":"en_GB","og_type":"article","og_title":"Szakmai besz\u00e1mol\u00f3 az NKA K\u00e9pz\u0151m\u0171v\u00e9szetek Koll\u00e9giuma p\u00e1ly\u00e1zat\u00e1hoz, 2017","og_description":"Egy m\u00fazeum, ezer \u00e9lm\u00e9ny!","og_url":"https:\/\/muzeumvac.hu\/en\/szakmai-beszamolo-az-nka-kepzomuveszetek-kollegiuma-palyazatahoz-2017\/","og_site_name":"TRAGOR IGN\u00c1C M\u00daZEUM \u2022 V\u00c1C","article_publisher":"https:\/\/www.facebook.com\/vac.tragorignacmuzeum","article_modified_time":"2026-01-15T12:52:50+00:00","twitter_card":"summary_large_image","schema":{"@context":"https:\/\/schema.org","@graph":[{"@type":"WebPage","@id":"https:\/\/muzeumvac.hu\/szakmai-beszamolo-az-nka-kepzomuveszetek-kollegiuma-palyazatahoz-2017\/","url":"https:\/\/muzeumvac.hu\/szakmai-beszamolo-az-nka-kepzomuveszetek-kollegiuma-palyazatahoz-2017\/","name":"Szakmai besz\u00e1mol\u00f3 az NKA K\u00e9pz\u0151m\u0171v\u00e9szetek Koll\u00e9giuma p\u00e1ly\u00e1zat\u00e1hoz, 2017 - TRAGOR IGN\u00c1C M\u00daZEUM \u2022 V\u00c1C","isPartOf":{"@id":"https:\/\/muzeumvac.hu\/#website"},"datePublished":"2017-06-28T11:51:00+00:00","dateModified":"2026-01-15T12:52:50+00:00","description":"One museum, a thousand experiences!","breadcrumb":{"@id":"https:\/\/muzeumvac.hu\/szakmai-beszamolo-az-nka-kepzomuveszetek-kollegiuma-palyazatahoz-2017\/#breadcrumb"},"inLanguage":"en-GB","potentialAction":[{"@type":"ReadAction","target":["https:\/\/muzeumvac.hu\/szakmai-beszamolo-az-nka-kepzomuveszetek-kollegiuma-palyazatahoz-2017\/"]}]},{"@type":"BreadcrumbList","@id":"https:\/\/muzeumvac.hu\/szakmai-beszamolo-az-nka-kepzomuveszetek-kollegiuma-palyazatahoz-2017\/#breadcrumb","itemListElement":[{"@type":"ListItem","position":1,"name":"Kezd\u0151lap","item":"https:\/\/muzeumvac.hu\/"},{"@type":"ListItem","position":2,"name":"Szakmai besz\u00e1mol\u00f3 az NKA K\u00e9pz\u0151m\u0171v\u00e9szetek Koll\u00e9giuma p\u00e1ly\u00e1zat\u00e1hoz, 2017"}]},{"@type":"WebSite","@id":"https:\/\/muzeumvac.hu\/#website","url":"https:\/\/muzeumvac.hu\/","name":"TRAGOR IGN\u00c1C M\u00daZEUM \u2022 V\u00c1C","description":"One museum, a thousand experiences!","publisher":{"@id":"https:\/\/muzeumvac.hu\/#organization"},"potentialAction":[{"@type":"SearchAction","target":{"@type":"EntryPoint","urlTemplate":"https:\/\/muzeumvac.hu\/?s={search_term_string}"},"query-input":{"@type":"PropertyValueSpecification","valueRequired":true,"valueName":"search_term_string"}}],"inLanguage":"en-GB"},{"@type":"Organization","@id":"https:\/\/muzeumvac.hu\/#organization","name":"TRAGOR IGN\u00c1C M\u00daZEUM \u2022 V\u00c1C","url":"https:\/\/muzeumvac.hu\/","logo":{"@type":"ImageObject","inLanguage":"en-GB","@id":"https:\/\/muzeumvac.hu\/#\/schema\/logo\/image\/","url":"https:\/\/muzeumvac.hu\/wp-content\/uploads\/2025\/07\/tragor_ignac_logo.png","contentUrl":"https:\/\/muzeumvac.hu\/wp-content\/uploads\/2025\/07\/tragor_ignac_logo.png","width":161,"height":126,"caption":"TRAGOR IGN\u00c1C M\u00daZEUM \u2022 V\u00c1C"},"image":{"@id":"https:\/\/muzeumvac.hu\/#\/schema\/logo\/image\/"},"sameAs":["https:\/\/www.facebook.com\/vac.tragorignacmuzeum","https:\/\/www.instagram.com\/tragormuzeum","https:\/\/www.youtube.com\/@TragorIgncMzeum-vac"]}]}},"_links":{"self":[{"href":"https:\/\/muzeumvac.hu\/en\/wp-json\/wp\/v2\/pages\/5530","targetHints":{"allow":["GET"]}}],"collection":[{"href":"https:\/\/muzeumvac.hu\/en\/wp-json\/wp\/v2\/pages"}],"about":[{"href":"https:\/\/muzeumvac.hu\/en\/wp-json\/wp\/v2\/types\/page"}],"author":[{"embeddable":true,"href":"https:\/\/muzeumvac.hu\/en\/wp-json\/wp\/v2\/users\/1"}],"replies":[{"embeddable":true,"href":"https:\/\/muzeumvac.hu\/en\/wp-json\/wp\/v2\/comments?post=5530"}],"version-history":[{"count":2,"href":"https:\/\/muzeumvac.hu\/en\/wp-json\/wp\/v2\/pages\/5530\/revisions"}],"predecessor-version":[{"id":5538,"href":"https:\/\/muzeumvac.hu\/en\/wp-json\/wp\/v2\/pages\/5530\/revisions\/5538"}],"wp:attachment":[{"href":"https:\/\/muzeumvac.hu\/en\/wp-json\/wp\/v2\/media?parent=5530"}],"curies":[{"name":"wp","href":"https:\/\/api.w.org\/{rel}","templated":true}]}}