{"id":5519,"date":"2017-07-21T13:36:00","date_gmt":"2017-07-21T11:36:00","guid":{"rendered":"https:\/\/muzeumvac.hu\/?page_id=5519"},"modified":"2026-01-15T13:38:16","modified_gmt":"2026-01-15T12:38:16","slug":"szakmai-beszamolo-az-nka-kepzomuveszetek-kollegiuma-palyazatahoz-a-muzeum-tim-eves-kiallitasi-programja","status":"publish","type":"page","link":"https:\/\/muzeumvac.hu\/en\/szakmai-beszamolo-az-nka-kepzomuveszetek-kollegiuma-palyazatahoz-a-muzeum-tim-eves-kiallitasi-programja\/","title":{"rendered":"Szakmai besz\u00e1mol\u00f3 az NKA K\u00e9pz\u0151m\u0171v\u00e9szetek Koll\u00e9giuma p\u00e1ly\u00e1zat\u00e1hoz, a m\u00fazeum (TIM) \u00e9ves ki\u00e1ll\u00edt\u00e1si programja"},"content":{"rendered":"<p>[et_pb_section fb_built=&#8221;1&#8243; theme_builder_area=&#8221;post_content&#8221; _builder_version=&#8221;4.27.4&#8243; _module_preset=&#8221;default&#8221;][et_pb_row _builder_version=&#8221;4.27.4&#8243; _module_preset=&#8221;default&#8221; theme_builder_area=&#8221;post_content&#8221;][et_pb_column _builder_version=&#8221;4.27.4&#8243; _module_preset=&#8221;default&#8221; type=&#8221;4_4&#8243; theme_builder_area=&#8221;post_content&#8221;][et_pb_text _builder_version=&#8221;4.27.4&#8243; _module_preset=&#8221;default&#8221; theme_builder_area=&#8221;post_content&#8221; hover_enabled=&#8221;0&#8243; sticky_enabled=&#8221;0&#8243;]<\/p>\n<p>Szakmai besz\u00e1mol\u00f3 az NKA K\u00e9pz\u0151m\u0171v\u00e9szetek Koll\u00e9giuma p\u00e1ly\u00e1zat\u00e1hoz, a m\u00fazeum (TIM) \u00e9ves ki\u00e1ll\u00edt\u00e1si programja<br \/>\u00a02017. j\u00falius 21.<\/p>\n<p><strong>A v\u00e1ci m\u00fazeum (TIM) \u00e9ves ki\u00e1ll\u00edt\u00e1si programja (A V\u00f6lgyi Gy\u0171jtem\u00e9ny \u00e1s V\u00e1rady R\u00f3bert \u00f6n\u00e1ll\u00f3 ki\u00e1ll\u00edt\u00e1sa) \u00e9s a ki\u00e1ll\u00edt\u00e1shoz kapcsol\u00f3d\u00f3 katal\u00f3gus megval\u00f3s\u00edt\u00e1s\u00e1ra<\/p>\n<p>Azonos\u00edt\u00f3: 105106\/07201<\/strong><\/p>\n<p>Nemzeti Kultur\u00e1lis Alap<\/p>\n<p>VIZU\u00c1LIS M\u0170V\u00c9SZETEK KOLL\u00c9GIUMA<\/p>\n<p>1062\u00a0 Budapest, Gyulai P\u00e1l utca u. 13.<\/p>\n<p>SZAKMAI BESZ\u00c1MOL\u00d3<\/p>\n<p><strong>A v\u00e1ci m\u00fazeum (TIM) \u00e9ves ki\u00e1ll\u00edt\u00e1si programja (A V\u00f6lgyi Gy\u0171jtem\u00e9ny \u00e9s V\u00e1rady R\u00f3bert\u00a0<\/strong>\u00f6n\u00e1ll\u00f3 ki\u00e1ll\u00edt\u00e1sa) \u00e9s a ki\u00e1ll\u00edt\u00e1shoz kapcsol\u00f3d\u00f3 katal\u00f3gus megval\u00f3s\u00edt\u00e1s\u00e1ra<\/p>\n<p>Azonos\u00edt\u00f3: 105106\/07201<\/p>\n<p>Meg\u00edt\u00e9lt \u00f6sszeg:700 000 Ft<\/p>\n<p>Szakmai besz\u00e1mol\u00f3:<\/p>\n<p>B\u00e1rdosi J\u00f3zsef, Tragor Ign\u00e1c M\u00fazeum (06 20\u00a0438 1499)<\/p>\n<p>P\u00e9nz\u00fcgyi besz\u00e1mol\u00f3: D\u00e1vid Ildik\u00f3, gazd. ig.<\/p>\n<p><u>T R A G O R\u00a0 I G N \u00c1 C\u00a0 M \u00da Z E U M<\/u><\/p>\n<p>2600 V\u00e1c, Zr\u00ednyi utca 41\/A., Tel: 27 \/ 500 &#8211; 752<\/p>\n<p>&nbsp;<\/p>\n<p>Tisztelt Vizu\u00e1lis M\u0171v\u00e9szetek Koll\u00e9giuma!<\/p>\n<p>Az NKA Vizu\u00e1lis M\u0171v\u00e9szetek Koll\u00e9gium\u00e1nak t\u00e1mogat\u00e1sa lehet\u0151v\u00e9 tette, hogy int\u00e9zm\u00e9ny\u00fcnk sz\u00ednvonalasan val\u00f3s\u00edtsa meg az \u00e9ves ki\u00e1ll\u00edt\u00e1si programj\u00e1t. Az elnyert \u00f6sszeget a kiadv\u00e1nyok (katal\u00f3gus \u00e9s megh\u00edv\u00f3), valamint a ki\u00e1ll\u00edt\u00e1s megval\u00f3s\u00edt\u00e1s\u00e1ra (sz\u00e1ll\u00edt\u00e1si k\u00f6lts\u00e9g, install\u00e1ci\u00f3s k\u00f6lts\u00e9gre, rendez\u0151i tiszteletd\u00edjra \u00e9s szakmai anyagk\u00f6lts\u00e9gekre ford\u00edtottuk).<\/p>\n<p>KI\u00c1LL\u00cdT\u00c1SOK<\/p>\n<p><strong>V\u00f6lgyi Gy\u0171jtem\u00e9ny<\/strong>\u00a0(Aknay J\u00e1nos, Bak Imre, Balogh L\u00e1szl\u00f3, Deim P\u00e1l, Gerzson P\u00e1l). \u00e1prilis 4. \u2013 m\u00e1jus 14.<\/p>\n<p>megnyitotta: Prosek Zolt\u00e1n m\u0171v\u00e9szett\u00f6rt\u00e9n\u00e9sz<\/p>\n<p>Katal\u00f3gus:\u00a0<a href=\"https:\/\/muzeumvac.hu\/doc\/Volgyi_Gyujtemeny_5_SIK_katalogus.pdf\">https:\/\/muzeumvac.hu\/doc\/Volgyi_Gyujtemeny_5_SIK_katalogus.pdf<\/a><\/p>\n<p><strong>V\u00e1rady R\u00f3bert Szoba kil\u00e1t\u00e1ssal<\/strong>\u00a0c. \u00f6n\u00e1ll\u00f3 ki\u00e1ll\u00edt\u00e1sa 2017. m\u00e1jus 27. \u2013 j\u00falius 2.<\/p>\n<p>megnyitotta: K\u00e9szman J\u00f3zsef m\u0171v\u00e9szett\u00f6rt\u00e9n\u00e9sz<\/p>\n<p>Katal\u00f3gus:\u00a0<a href=\"https:\/\/muzeumvac.hu\/doc\/Varady_Robert_katalogus.pdf\">https:\/\/muzeumvac.hu\/doc\/Varady_Robert_katalogus.pdf<\/a><\/p>\n<p><strong>M\u00e9dia megjelen\u00e9s<\/strong><\/p>\n<p>V\u00f6lgyi Gy\u0171jtem\u00e9nyr\u0151l:<\/p>\n<p>&#8211; Rib\u00e1ry Zolt\u00e1n: V\u00f6lgyi \u2013 Skonda gy\u0171jtem\u00e9ny, V\u00e1czi Napl\u00f3, \u00e1prilis<\/p>\n<p>&#8211; V\u00e1c R\u00e1di\u00f3, Skonda M\u00e1ria nyilatkozata \u2013 Kultur\u00e1lis magazin, \u00e1prilis, leadva t\u00f6bbsz\u00f6r<\/p>\n<p>V\u00e1rady R\u00f3bert ki\u00e1ll\u00edt\u00e1s\u00e1r\u00f3l:<\/p>\n<p>B\u00e1rdosi J\u00f3zsef nyilatkozat, ESTV, V\u00e1c, \u00e1prilis, leadva t\u00f6bbsz\u00f6r<\/p>\n<p>MEGNYIT\u00d3SZ\u00d6VEGEK:<\/p>\n<p>&#8211; Prosek Zolt\u00e1n k\u00e9zirat, TIM adatt\u00e1r<\/p>\n<p>&#8211; K\u00e9szman J\u00f3zsef k\u00e9zirat, TIM adatt\u00e1r<\/p>\n<p>Internetes megjelen\u00e9sek:<\/p>\n<p>V\u00f6lgyi-Skonda gy\u0171jtem\u00e9ny ki\u00e1ll\u00edt\u00e1sa:<\/p>\n<p><a href=\"https:\/\/muzeumvac.hu\/programok_idoszaki\/91\/A-Volgyi-Skonda-gyujtemeny-kiallitasa-a-Gorog-Templom-Kiallitoteremben.html\">https:\/\/muzeumvac.hu\/programok_idoszaki\/91\/A-Volgyi-Skonda-gyujtemeny-kiallitasa-a-Gorog-Templom-Kiallitoteremben.html<\/a><\/p>\n<p><a href=\"https:\/\/muzeumvac.hu\/programok\/90\/Volgyi-Skonda-gyujtemeny-kiallitas-megnyito.html\">https:\/\/muzeumvac.hu\/programok\/90\/Volgyi-Skonda-gyujtemeny-kiallitas-megnyito.html<\/a><\/p>\n<p><a href=\"https:\/\/muzeumvac.hu\/index.php?page=programok&amp;datum=20170404\">https:\/\/muzeumvac.hu\/index.php?page=programok&amp;datum=20170404<\/a><\/p>\n<p><a href=\"http:\/\/webcache.googleusercontent.com\/search?q=cache:YetKw5NaY28J:www.vac.hu\/index.php%3Fpage%3Dprogramok%26ptipus%3D12+&amp;cd=5&amp;hl=hu&amp;ct=clnk&amp;gl=hu\">http:\/\/webcache.googleusercontent.com\/search?q=cache:YetKw5NaY28J:www.vac.hu\/index.php%3Fpage%3Dprogramok%26ptipus%3D12+&amp;cd=5&amp;hl=hu&amp;ct=clnk&amp;gl=hu<\/a><\/p>\n<p><a href=\"http:\/\/www.vac.hu\/win_prognyomtat.php?id=8798\">http:\/\/www.vac.hu\/win_prognyomtat.php?id=8798<\/a><\/p>\n<p><a href=\"https:\/\/www.facebook.com\/vac.tragorignacmuzeum\/photos\/pcb.766842690132427\/766842516799111\/?type=3&amp;theater\">https:\/\/www.facebook.com\/vac.tragorignacmuzeum\/photos\/pcb.766842690132427\/766842516799111\/?type=3&amp;theater<\/a><\/p>\n<p><a href=\"https:\/\/www.programturizmus.hu\/ajanlat-vac-kiallitas.html\">https:\/\/www.programturizmus.hu\/ajanlat-vac-kiallitas.html<\/a><\/p>\n<p><a href=\"http:\/\/www.ikon.hu\/artroll\/index?search=e_id&amp;search_string=13249\">http:\/\/www.ikon.hu\/artroll\/index?search=e_id&amp;search_string=13249<\/a><\/p>\n<p><a href=\"http:\/\/www.turizmusvac.hu\/mobil\/index.php?page=programok&amp;action=keres&amp;Ker=KERES&amp;ev=2017&amp;ho=03&amp;pnap=&amp;ptipus=-1&amp;kulcsszo=&amp;from=60\">http:\/\/www.turizmusvac.hu\/mobil\/index.php?page=programok&amp;action=keres&amp;Ker=KERES&amp;ev=2017&amp;ho=03&amp;pnap=&amp;ptipus=-1&amp;kulcsszo=&amp;from=60<\/a><\/p>\n<p><a href=\"http:\/\/www.dunakanyar.hu\/programok\/kulturalis\/Vac\/17916_uj-idoszaki-kiallitas-a-Gorog-Templomban.html\">http:\/\/www.dunakanyar.hu\/programok\/kulturalis\/Vac\/17916_uj-idoszaki-kiallitas-a-Gorog-Templomban.html<\/a><\/p>\n<p>V\u00e1rady R\u00f3bert ki\u00e1ll\u00edt\u00e1sa<\/p>\n<p><a href=\"https:\/\/muzeumvac.hu\/aktualitasok\/179\/Varady-Robert-festomuvesz-kiallitasa-a-Gorog-Templom-Kiallitoteremben.html\">https:\/\/muzeumvac.hu\/aktualitasok\/179\/Varady-Robert-festomuvesz-kiallitasa-a-Gorog-Templom-Kiallitoteremben.html<\/a><\/p>\n<p><a href=\"https:\/\/muzeumvac.hu\/programok_idoszaki\/96\/Varady-Robert-festomuvesz-kiallitasa-a-Gorog-Templom-Kiallitoteremben.html\">https:\/\/muzeumvac.hu\/programok_idoszaki\/96\/Varady-Robert-festomuvesz-kiallitasa-a-Gorog-Templom-Kiallitoteremben.html<\/a><\/p>\n<p><a href=\"https:\/\/muzeumvac.hu\/programok\/95\/Varady-Robert-kiallitasanak-megnyitoja.html\">https:\/\/muzeumvac.hu\/programok\/95\/Varady-Robert-kiallitasanak-megnyitoja.html<\/a><\/p>\n<p><a href=\"https:\/\/muzeumvac.hu\/index.php?page=programok&amp;datum=20170527\">https:\/\/muzeumvac.hu\/index.php?page=programok&amp;datum=20170527<\/a><\/p>\n<p><a href=\"http:\/\/www.varfok-galeria.hu\/hirek\/varady-robert-festomuvesz-kiallitasa-a-vaci-tragor-ignac-muzeum-gorog-templom-kiallitoteremben-352\">http:\/\/www.varfok-galeria.hu\/hirek\/varady-robert-festomuvesz-kiallitasa-a-vaci-tragor-ignac-muzeum-gorog-templom-kiallitoteremben-352<\/a><\/p>\n<p><a href=\"http:\/\/www.vac.hu\/index.php?page=programok&amp;action=keres&amp;ev=2017&amp;ho=04&amp;pnap=&amp;ptipus=-1&amp;kulcsszo=&amp;Ker=KERES&amp;from=50\">http:\/\/www.vac.hu\/index.php?page=programok&amp;action=keres&amp;ev=2017&amp;ho=04&amp;pnap=&amp;ptipus=-1&amp;kulcsszo=&amp;Ker=KERES&amp;from=50<\/a><\/p>\n<p><a href=\"http:\/\/www.vac.hu\/index.php?page=programok&amp;id=8898\">http:\/\/www.vac.hu\/index.php?page=programok&amp;id=8898<\/a><\/p>\n<p><a href=\"http:\/\/webcache.googleusercontent.com\/search?q=cache:nnBQE6d2wvMJ:port.hu\/esemeny\/kiallitas\/varady-robert-kiallitasa\/event-3387272+&amp;cd=8&amp;hl=hu&amp;ct=clnk&amp;gl=hu\">http:\/\/webcache.googleusercontent.com\/search?q=cache:nnBQE6d2wvMJ:port.hu\/esemeny\/kiallitas\/varady-robert-kiallitasa\/event-3387272+&amp;cd=8&amp;hl=hu&amp;ct=clnk&amp;gl=hu<\/a><\/p>\n<p><a href=\"http:\/\/www.varfok-gallery.eu\/news\/the-exhibition-of-robert-varady-in-the-greek-church-exhibition-hall-of-the-tragor-ignac-museum-in-vac-352\">http:\/\/www.varfok-gallery.eu\/news\/the-exhibition-of-robert-varady-in-the-greek-church-exhibition-hall-of-the-tragor-ignac-museum-in-vac-352<\/a><\/p>\n<p><a href=\"http:\/\/www.dunakanyar.hu\/programok\/kulturalis\/Vac\/17935_uj-kiallitas-a-Gorog-templomban.html\">http:\/\/www.dunakanyar.hu\/programok\/kulturalis\/Vac\/17935_uj-kiallitas-a-Gorog-templomban.html<\/a><\/p>\n<p><a href=\"http:\/\/www.ikon.hu\/artroll\/index?search=e_id&amp;search_string=13425\">http:\/\/www.ikon.hu\/artroll\/index?search=e_id&amp;search_string=13425<\/a><\/p>\n<p><a href=\"https:\/\/www.belfi.hu\/kultura\/muzeum-galeria-kiallitoterem\/tragor-ignac-muzeum\">https:\/\/www.belfi.hu\/kultura\/muzeum-galeria-kiallitoterem\/tragor-ignac-muzeum<\/a><\/p>\n<p><a href=\"http:\/\/www.vaci-naplo.hu\/2017\/06\/muzeumok-ejszakaja-a-tragor-ignac-muzeumban\/\">http:\/\/www.vaci-naplo.hu\/2017\/06\/muzeumok-ejszakaja-a-tragor-ignac-muzeumban\/<\/a><\/p>\n<p><a href=\"https:\/\/www.evensi.com\/varady-robert-festomuvesz-kiallitasanak-megnyitoja-tragor\/211709796\">https:\/\/www.evensi.com\/varady-robert-festomuvesz-kiallitasanak-megnyitoja-tragor\/211709796<\/a><\/p>\n<p><a href=\"https:\/\/webcache.googleusercontent.com\/search?q=cache:620PFI82w-AJ:https:\/\/kulturpontok.hu\/helyszin\/gorog-templom-kiallitoterem\/+&amp;cd=15&amp;hl=hu&amp;ct=clnk&amp;gl=hu\">https:\/\/webcache.googleusercontent.com\/search?q=cache:620PFI82w-AJ:https:\/\/kulturpontok.hu\/helyszin\/gorog-templom-kiallitoterem\/+&amp;cd=15&amp;hl=hu&amp;ct=clnk&amp;gl=hu<\/a><\/p>\n<p><a href=\"https:\/\/muzej.hu\/hu\/tim-gorog-templom-kiallitoterem\">https:\/\/muzej.hu\/hu\/tim-gorog-templom-kiallitoterem<\/a><\/p>\n<p><a href=\"http:\/\/www.wherevent.com\/detail\/Tragor-Ignac-Muzeum-Varady-Robert-festomuvesz-kiallitasanak-megnyitoja\">http:\/\/www.wherevent.com\/detail\/Tragor-Ignac-Muzeum-Varady-Robert-festomuvesz-kiallitasanak-megnyitoja<\/a><\/p>\n<p><a href=\"https:\/\/www.eventsoja.com\/hu\/v%C3%A1c\/e6838966\">https:\/\/www.eventsoja.com\/hu\/v%C3%A1c\/e6838966<\/a><\/p>\n<p><a href=\"https:\/\/allevents.in\/v%C3%A1c\/v%C3%A1rady-r%C3%B3bert-fest%C5%91m%C5%B1v%C3%A9sz-ki%C3%A1ll%C3%ADt%C3%A1s%C3%A1nak-megnyit%C3%B3ja\/126627407902962\">https:\/\/allevents.in\/v%C3%A1c\/v%C3%A1rady-r%C3%B3bert-fest%C5%91m%C5%B1v%C3%A9sz-ki%C3%A1ll%C3%ADt%C3%A1s%C3%A1nak-megnyit%C3%B3ja\/126627407902962<\/a><\/p>\n<p>&nbsp;<\/p>\n<p>[\/et_pb_text][et_pb_gallery _builder_version=&#8221;4.27.4&#8243; _module_preset=&#8221;default&#8221; theme_builder_area=&#8221;post_content&#8221; gallery_ids=&#8221;5521,5522,5523,5524,5525,5526,5527&#8243; hover_enabled=&#8221;0&#8243; sticky_enabled=&#8221;0&#8243;][\/et_pb_gallery][\/et_pb_column][\/et_pb_row][\/et_pb_section]<\/p>\n","protected":false},"excerpt":{"rendered":"<p>Szakmai besz\u00e1mol\u00f3 az NKA K\u00e9pz\u0151m\u0171v\u00e9szetek Koll\u00e9giuma p\u00e1ly\u00e1zat\u00e1hoz, a m\u00fazeum (TIM) \u00e9ves ki\u00e1ll\u00edt\u00e1si programja\u00a02017. j\u00falius 21. A v\u00e1ci m\u00fazeum (TIM) \u00e9ves ki\u00e1ll\u00edt\u00e1si programja (A V\u00f6lgyi Gy\u0171jtem\u00e9ny \u00e1s V\u00e1rady R\u00f3bert \u00f6n\u00e1ll\u00f3 ki\u00e1ll\u00edt\u00e1sa) [&hellip;]<\/p>\n","protected":false},"author":1,"featured_media":0,"parent":0,"menu_order":0,"comment_status":"closed","ping_status":"closed","template":"","meta":{"_et_pb_use_builder":"on","_et_pb_old_content":"","_et_gb_content_width":"","footnotes":""},"class_list":["post-5519","page","type-page","status-publish","hentry"],"yoast_head":"<!-- This site is optimized with the Yoast SEO Premium plugin v27.3 (Yoast SEO v27.3) - https:\/\/yoast.com\/product\/yoast-seo-premium-wordpress\/ -->\n<title>Szakmai besz\u00e1mol\u00f3 az NKA K\u00e9pz\u0151m\u0171v\u00e9szetek Koll\u00e9giuma p\u00e1ly\u00e1zat\u00e1hoz, a m\u00fazeum (TIM) \u00e9ves ki\u00e1ll\u00edt\u00e1si programja - TRAGOR IGN\u00c1C M\u00daZEUM \u2022 V\u00c1C<\/title>\n<meta name=\"description\" content=\"Egy m\u00fazeum, ezer \u00e9lm\u00e9ny!\" \/>\n<meta name=\"robots\" content=\"index, follow, max-snippet:-1, max-image-preview:large, max-video-preview:-1\" \/>\n<link rel=\"canonical\" href=\"https:\/\/muzeumvac.hu\/en\/szakmai-beszamolo-az-nka-kepzomuveszetek-kollegiuma-palyazatahoz-a-muzeum-tim-eves-kiallitasi-programja\/\" \/>\n<meta property=\"og:locale\" content=\"en_GB\" \/>\n<meta property=\"og:type\" content=\"article\" \/>\n<meta property=\"og:title\" content=\"Szakmai besz\u00e1mol\u00f3 az NKA K\u00e9pz\u0151m\u0171v\u00e9szetek Koll\u00e9giuma p\u00e1ly\u00e1zat\u00e1hoz, a m\u00fazeum (TIM) \u00e9ves ki\u00e1ll\u00edt\u00e1si programja\" \/>\n<meta property=\"og:description\" content=\"Egy m\u00fazeum, ezer \u00e9lm\u00e9ny!\" \/>\n<meta property=\"og:url\" content=\"https:\/\/muzeumvac.hu\/en\/szakmai-beszamolo-az-nka-kepzomuveszetek-kollegiuma-palyazatahoz-a-muzeum-tim-eves-kiallitasi-programja\/\" \/>\n<meta property=\"og:site_name\" content=\"TRAGOR IGN\u00c1C M\u00daZEUM \u2022 V\u00c1C\" \/>\n<meta property=\"article:publisher\" content=\"https:\/\/www.facebook.com\/vac.tragorignacmuzeum\" \/>\n<meta property=\"article:modified_time\" content=\"2026-01-15T12:38:16+00:00\" \/>\n<meta name=\"twitter:card\" content=\"summary_large_image\" \/>\n<script type=\"application\/ld+json\" class=\"yoast-schema-graph\">{\"@context\":\"https:\\\/\\\/schema.org\",\"@graph\":[{\"@type\":\"WebPage\",\"@id\":\"https:\\\/\\\/muzeumvac.hu\\\/szakmai-beszamolo-az-nka-kepzomuveszetek-kollegiuma-palyazatahoz-a-muzeum-tim-eves-kiallitasi-programja\\\/\",\"url\":\"https:\\\/\\\/muzeumvac.hu\\\/szakmai-beszamolo-az-nka-kepzomuveszetek-kollegiuma-palyazatahoz-a-muzeum-tim-eves-kiallitasi-programja\\\/\",\"name\":\"Szakmai besz\u00e1mol\u00f3 az NKA K\u00e9pz\u0151m\u0171v\u00e9szetek Koll\u00e9giuma p\u00e1ly\u00e1zat\u00e1hoz, a m\u00fazeum (TIM) \u00e9ves ki\u00e1ll\u00edt\u00e1si programja - TRAGOR IGN\u00c1C M\u00daZEUM \u2022 V\u00c1C\",\"isPartOf\":{\"@id\":\"https:\\\/\\\/muzeumvac.hu\\\/#website\"},\"datePublished\":\"2017-07-21T11:36:00+00:00\",\"dateModified\":\"2026-01-15T12:38:16+00:00\",\"description\":\"Egy m\u00fazeum, ezer \u00e9lm\u00e9ny!\",\"breadcrumb\":{\"@id\":\"https:\\\/\\\/muzeumvac.hu\\\/szakmai-beszamolo-az-nka-kepzomuveszetek-kollegiuma-palyazatahoz-a-muzeum-tim-eves-kiallitasi-programja\\\/#breadcrumb\"},\"inLanguage\":\"en-GB\",\"potentialAction\":[{\"@type\":\"ReadAction\",\"target\":[\"https:\\\/\\\/muzeumvac.hu\\\/szakmai-beszamolo-az-nka-kepzomuveszetek-kollegiuma-palyazatahoz-a-muzeum-tim-eves-kiallitasi-programja\\\/\"]}]},{\"@type\":\"BreadcrumbList\",\"@id\":\"https:\\\/\\\/muzeumvac.hu\\\/szakmai-beszamolo-az-nka-kepzomuveszetek-kollegiuma-palyazatahoz-a-muzeum-tim-eves-kiallitasi-programja\\\/#breadcrumb\",\"itemListElement\":[{\"@type\":\"ListItem\",\"position\":1,\"name\":\"Kezd\u0151lap\",\"item\":\"https:\\\/\\\/muzeumvac.hu\\\/\"},{\"@type\":\"ListItem\",\"position\":2,\"name\":\"Szakmai besz\u00e1mol\u00f3 az NKA K\u00e9pz\u0151m\u0171v\u00e9szetek Koll\u00e9giuma p\u00e1ly\u00e1zat\u00e1hoz, a m\u00fazeum (TIM) \u00e9ves ki\u00e1ll\u00edt\u00e1si programja\"}]},{\"@type\":\"WebSite\",\"@id\":\"https:\\\/\\\/muzeumvac.hu\\\/#website\",\"url\":\"https:\\\/\\\/muzeumvac.hu\\\/\",\"name\":\"TRAGOR IGN\u00c1C M\u00daZEUM \u2022 V\u00c1C\",\"description\":\"Egy m\u00fazeum, ezer \u00e9lm\u00e9ny!\",\"publisher\":{\"@id\":\"https:\\\/\\\/muzeumvac.hu\\\/#organization\"},\"potentialAction\":[{\"@type\":\"SearchAction\",\"target\":{\"@type\":\"EntryPoint\",\"urlTemplate\":\"https:\\\/\\\/muzeumvac.hu\\\/?s={search_term_string}\"},\"query-input\":{\"@type\":\"PropertyValueSpecification\",\"valueRequired\":true,\"valueName\":\"search_term_string\"}}],\"inLanguage\":\"en-GB\"},{\"@type\":\"Organization\",\"@id\":\"https:\\\/\\\/muzeumvac.hu\\\/#organization\",\"name\":\"TRAGOR IGN\u00c1C M\u00daZEUM \u2022 V\u00c1C\",\"url\":\"https:\\\/\\\/muzeumvac.hu\\\/\",\"logo\":{\"@type\":\"ImageObject\",\"inLanguage\":\"en-GB\",\"@id\":\"https:\\\/\\\/muzeumvac.hu\\\/#\\\/schema\\\/logo\\\/image\\\/\",\"url\":\"https:\\\/\\\/muzeumvac.hu\\\/wp-content\\\/uploads\\\/2025\\\/07\\\/tragor_ignac_logo.png\",\"contentUrl\":\"https:\\\/\\\/muzeumvac.hu\\\/wp-content\\\/uploads\\\/2025\\\/07\\\/tragor_ignac_logo.png\",\"width\":161,\"height\":126,\"caption\":\"TRAGOR IGN\u00c1C M\u00daZEUM \u2022 V\u00c1C\"},\"image\":{\"@id\":\"https:\\\/\\\/muzeumvac.hu\\\/#\\\/schema\\\/logo\\\/image\\\/\"},\"sameAs\":[\"https:\\\/\\\/www.facebook.com\\\/vac.tragorignacmuzeum\",\"https:\\\/\\\/www.instagram.com\\\/tragormuzeum\",\"https:\\\/\\\/www.youtube.com\\\/@TragorIgncMzeum-vac\"]}]}<\/script>\n<!-- \/ Yoast SEO Premium plugin. -->","yoast_head_json":{"title":"Szakmai besz\u00e1mol\u00f3 az NKA K\u00e9pz\u0151m\u0171v\u00e9szetek Koll\u00e9giuma p\u00e1ly\u00e1zat\u00e1hoz, a m\u00fazeum (TIM) \u00e9ves ki\u00e1ll\u00edt\u00e1si programja - TRAGOR IGN\u00c1C M\u00daZEUM \u2022 V\u00c1C","description":"One museum, a thousand experiences!","robots":{"index":"index","follow":"follow","max-snippet":"max-snippet:-1","max-image-preview":"max-image-preview:large","max-video-preview":"max-video-preview:-1"},"canonical":"https:\/\/muzeumvac.hu\/en\/szakmai-beszamolo-az-nka-kepzomuveszetek-kollegiuma-palyazatahoz-a-muzeum-tim-eves-kiallitasi-programja\/","og_locale":"en_GB","og_type":"article","og_title":"Szakmai besz\u00e1mol\u00f3 az NKA K\u00e9pz\u0151m\u0171v\u00e9szetek Koll\u00e9giuma p\u00e1ly\u00e1zat\u00e1hoz, a m\u00fazeum (TIM) \u00e9ves ki\u00e1ll\u00edt\u00e1si programja","og_description":"Egy m\u00fazeum, ezer \u00e9lm\u00e9ny!","og_url":"https:\/\/muzeumvac.hu\/en\/szakmai-beszamolo-az-nka-kepzomuveszetek-kollegiuma-palyazatahoz-a-muzeum-tim-eves-kiallitasi-programja\/","og_site_name":"TRAGOR IGN\u00c1C M\u00daZEUM \u2022 V\u00c1C","article_publisher":"https:\/\/www.facebook.com\/vac.tragorignacmuzeum","article_modified_time":"2026-01-15T12:38:16+00:00","twitter_card":"summary_large_image","schema":{"@context":"https:\/\/schema.org","@graph":[{"@type":"WebPage","@id":"https:\/\/muzeumvac.hu\/szakmai-beszamolo-az-nka-kepzomuveszetek-kollegiuma-palyazatahoz-a-muzeum-tim-eves-kiallitasi-programja\/","url":"https:\/\/muzeumvac.hu\/szakmai-beszamolo-az-nka-kepzomuveszetek-kollegiuma-palyazatahoz-a-muzeum-tim-eves-kiallitasi-programja\/","name":"Szakmai besz\u00e1mol\u00f3 az NKA K\u00e9pz\u0151m\u0171v\u00e9szetek Koll\u00e9giuma p\u00e1ly\u00e1zat\u00e1hoz, a m\u00fazeum (TIM) \u00e9ves ki\u00e1ll\u00edt\u00e1si programja - TRAGOR IGN\u00c1C M\u00daZEUM \u2022 V\u00c1C","isPartOf":{"@id":"https:\/\/muzeumvac.hu\/#website"},"datePublished":"2017-07-21T11:36:00+00:00","dateModified":"2026-01-15T12:38:16+00:00","description":"One museum, a thousand experiences!","breadcrumb":{"@id":"https:\/\/muzeumvac.hu\/szakmai-beszamolo-az-nka-kepzomuveszetek-kollegiuma-palyazatahoz-a-muzeum-tim-eves-kiallitasi-programja\/#breadcrumb"},"inLanguage":"en-GB","potentialAction":[{"@type":"ReadAction","target":["https:\/\/muzeumvac.hu\/szakmai-beszamolo-az-nka-kepzomuveszetek-kollegiuma-palyazatahoz-a-muzeum-tim-eves-kiallitasi-programja\/"]}]},{"@type":"BreadcrumbList","@id":"https:\/\/muzeumvac.hu\/szakmai-beszamolo-az-nka-kepzomuveszetek-kollegiuma-palyazatahoz-a-muzeum-tim-eves-kiallitasi-programja\/#breadcrumb","itemListElement":[{"@type":"ListItem","position":1,"name":"Kezd\u0151lap","item":"https:\/\/muzeumvac.hu\/"},{"@type":"ListItem","position":2,"name":"Szakmai besz\u00e1mol\u00f3 az NKA K\u00e9pz\u0151m\u0171v\u00e9szetek Koll\u00e9giuma p\u00e1ly\u00e1zat\u00e1hoz, a m\u00fazeum (TIM) \u00e9ves ki\u00e1ll\u00edt\u00e1si programja"}]},{"@type":"WebSite","@id":"https:\/\/muzeumvac.hu\/#website","url":"https:\/\/muzeumvac.hu\/","name":"TRAGOR IGN\u00c1C M\u00daZEUM \u2022 V\u00c1C","description":"One museum, a thousand experiences!","publisher":{"@id":"https:\/\/muzeumvac.hu\/#organization"},"potentialAction":[{"@type":"SearchAction","target":{"@type":"EntryPoint","urlTemplate":"https:\/\/muzeumvac.hu\/?s={search_term_string}"},"query-input":{"@type":"PropertyValueSpecification","valueRequired":true,"valueName":"search_term_string"}}],"inLanguage":"en-GB"},{"@type":"Organization","@id":"https:\/\/muzeumvac.hu\/#organization","name":"TRAGOR IGN\u00c1C M\u00daZEUM \u2022 V\u00c1C","url":"https:\/\/muzeumvac.hu\/","logo":{"@type":"ImageObject","inLanguage":"en-GB","@id":"https:\/\/muzeumvac.hu\/#\/schema\/logo\/image\/","url":"https:\/\/muzeumvac.hu\/wp-content\/uploads\/2025\/07\/tragor_ignac_logo.png","contentUrl":"https:\/\/muzeumvac.hu\/wp-content\/uploads\/2025\/07\/tragor_ignac_logo.png","width":161,"height":126,"caption":"TRAGOR IGN\u00c1C M\u00daZEUM \u2022 V\u00c1C"},"image":{"@id":"https:\/\/muzeumvac.hu\/#\/schema\/logo\/image\/"},"sameAs":["https:\/\/www.facebook.com\/vac.tragorignacmuzeum","https:\/\/www.instagram.com\/tragormuzeum","https:\/\/www.youtube.com\/@TragorIgncMzeum-vac"]}]}},"_links":{"self":[{"href":"https:\/\/muzeumvac.hu\/en\/wp-json\/wp\/v2\/pages\/5519","targetHints":{"allow":["GET"]}}],"collection":[{"href":"https:\/\/muzeumvac.hu\/en\/wp-json\/wp\/v2\/pages"}],"about":[{"href":"https:\/\/muzeumvac.hu\/en\/wp-json\/wp\/v2\/types\/page"}],"author":[{"embeddable":true,"href":"https:\/\/muzeumvac.hu\/en\/wp-json\/wp\/v2\/users\/1"}],"replies":[{"embeddable":true,"href":"https:\/\/muzeumvac.hu\/en\/wp-json\/wp\/v2\/comments?post=5519"}],"version-history":[{"count":2,"href":"https:\/\/muzeumvac.hu\/en\/wp-json\/wp\/v2\/pages\/5519\/revisions"}],"predecessor-version":[{"id":5528,"href":"https:\/\/muzeumvac.hu\/en\/wp-json\/wp\/v2\/pages\/5519\/revisions\/5528"}],"wp:attachment":[{"href":"https:\/\/muzeumvac.hu\/en\/wp-json\/wp\/v2\/media?parent=5519"}],"curies":[{"name":"wp","href":"https:\/\/api.w.org\/{rel}","templated":true}]}}