{"id":5492,"date":"2017-01-18T13:30:00","date_gmt":"2017-01-18T12:30:00","guid":{"rendered":"https:\/\/muzeumvac.hu\/?page_id=5492"},"modified":"2026-01-15T13:34:00","modified_gmt":"2026-01-15T12:34:00","slug":"szakmai-beszamolo-az-nka-kozgyujtemenyek-kollegiuma-palyazatahoz-2016-letunt-korok-a-duna-menten-idoszaki-regeszeti-kiallitas","status":"publish","type":"page","link":"https:\/\/muzeumvac.hu\/en\/szakmai-beszamolo-az-nka-kozgyujtemenyek-kollegiuma-palyazatahoz-2016-letunt-korok-a-duna-menten-idoszaki-regeszeti-kiallitas\/","title":{"rendered":"Szakmai besz\u00e1mol\u00f3 az NKA K\u00f6zgy\u0171jtem\u00e9nyek Koll\u00e9giuma p\u00e1ly\u00e1zat\u00e1hoz, 2016, \u201eLet\u0171nt korok a Duna ment\u00e9n\u201d id\u0151szaki r\u00e9g\u00e9szeti ki\u00e1ll\u00edt\u00e1s"},"content":{"rendered":"<p>[et_pb_section fb_built=&#8221;1&#8243; theme_builder_area=&#8221;post_content&#8221; _builder_version=&#8221;4.27.4&#8243; _module_preset=&#8221;default&#8221;][et_pb_row _builder_version=&#8221;4.27.4&#8243; _module_preset=&#8221;default&#8221; theme_builder_area=&#8221;post_content&#8221;][et_pb_column _builder_version=&#8221;4.27.4&#8243; _module_preset=&#8221;default&#8221; type=&#8221;4_4&#8243; theme_builder_area=&#8221;post_content&#8221;][et_pb_text _builder_version=&#8221;4.27.4&#8243; _module_preset=&#8221;default&#8221; theme_builder_area=&#8221;post_content&#8221; hover_enabled=&#8221;0&#8243; sticky_enabled=&#8221;0&#8243;]<\/p>\n<p>Szakmai besz\u00e1mol\u00f3 az NKA K\u00f6zgy\u0171jtem\u00e9nyek Koll\u00e9giuma p\u00e1ly\u00e1zat\u00e1hoz, 2016, \u201eLet\u0171nt korok a Duna ment\u00e9n\u201d id\u0151szaki r\u00e9g\u00e9szeti ki\u00e1ll\u00edt\u00e1s<br \/>\u00a02017. janu\u00e1r 18.<\/p>\n<p><strong>\u201eLet\u0171nt korok a Duna ment\u00e9n\u201d &#8211; id\u0151szaki r\u00e9g\u00e9szeti ki\u00e1ll\u00edt\u00e1s<br \/>P\u00e1ly\u00e1zati azonos\u00edt\u00f3: 204106\/02176<\/strong><\/p>\n<p><strong>Szakmai besz\u00e1mol\u00f3:<\/strong><\/p>\n<p><strong>Helysz\u00edn<\/strong><\/p>\n<p>G\u00f6r\u00f6g Templom Ki\u00e1ll\u00edt\u00f3terem, V\u00e1c, M\u00e1rcius 15. t\u00e9r 19.<\/p>\n<p><strong>Id\u0151pont<\/strong><\/p>\n<ol start=\"2016\">\n<li>j\u00falius 21. \u2013 november 27.<\/li>\n<\/ol>\n<p><strong>Megnyitotta<\/strong><\/p>\n<p>Dr. Torma Istv\u00e1n r\u00e9g\u00e9sz, MTA BTK R\u00e9g\u00e9szeti Int\u00e9zet\u00e9nek nyugalmazott f\u0151munkat\u00e1rsa<\/p>\n<p><strong>A vend\u00e9geket k\u00f6sz\u00f6nt\u00f6tte<\/strong><\/p>\n<p>Steidl Levente, \u00f6nkorm\u00e1nyzati k\u00e9pvisel\u0151, a M\u0171vel\u0151d\u00e9si-Oktat\u00e1si \u00e9s Ifj\u00fas\u00e1gi-Sport Bizotts\u00e1g eln\u00f6ke<\/p>\n<p>[\/et_pb_text][\/et_pb_column][\/et_pb_row][\/et_pb_section][et_pb_section fb_built=&#8221;1&#8243; theme_builder_area=&#8221;post_content&#8221; _builder_version=&#8221;4.27.4&#8243; _module_preset=&#8221;default&#8221;][et_pb_row _builder_version=&#8221;4.27.4&#8243; _module_preset=&#8221;default&#8221; theme_builder_area=&#8221;post_content&#8221;][et_pb_column _builder_version=&#8221;4.27.4&#8243; _module_preset=&#8221;default&#8221; theme_builder_area=&#8221;post_content&#8221; type=&#8221;4_4&#8243;][et_pb_gallery _builder_version=&#8221;4.27.4&#8243; _module_preset=&#8221;default&#8221; gallery_ids=&#8221;5497,5502,5498,5499,5503,5495,5496,5494,5504,5501,5500,5505,5506,5512,5508,5507,5509,5510,5514,5511,5513,5515&#8243; theme_builder_area=&#8221;post_content&#8221; hover_enabled=&#8221;0&#8243; sticky_enabled=&#8221;0&#8243;][\/et_pb_gallery][\/et_pb_column][\/et_pb_row][\/et_pb_section]<\/p>\n","protected":false},"excerpt":{"rendered":"<p>Szakmai besz\u00e1mol\u00f3 az NKA K\u00f6zgy\u0171jtem\u00e9nyek Koll\u00e9giuma p\u00e1ly\u00e1zat\u00e1hoz, 2016, \u201eLet\u0171nt korok a Duna ment\u00e9n\u201d id\u0151szaki r\u00e9g\u00e9szeti ki\u00e1ll\u00edt\u00e1s\u00a02017. janu\u00e1r 18. \u201eLet\u0171nt korok a Duna ment\u00e9n\u201d &#8211; id\u0151szaki r\u00e9g\u00e9szeti ki\u00e1ll\u00edt\u00e1sP\u00e1ly\u00e1zati azonos\u00edt\u00f3: 204106\/02176 Szakmai [&hellip;]<\/p>\n","protected":false},"author":1,"featured_media":0,"parent":0,"menu_order":0,"comment_status":"closed","ping_status":"closed","template":"","meta":{"_et_pb_use_builder":"on","_et_pb_old_content":"","_et_gb_content_width":"","footnotes":""},"class_list":["post-5492","page","type-page","status-publish","hentry"],"yoast_head":"<!-- This site is optimized with the Yoast SEO Premium plugin v27.3 (Yoast SEO v27.3) - https:\/\/yoast.com\/product\/yoast-seo-premium-wordpress\/ -->\n<title>Szakmai besz\u00e1mol\u00f3 az NKA K\u00f6zgy\u0171jtem\u00e9nyek Koll\u00e9giuma p\u00e1ly\u00e1zat\u00e1hoz, 2016, \u201eLet\u0171nt korok a Duna ment\u00e9n\u201d id\u0151szaki r\u00e9g\u00e9szeti ki\u00e1ll\u00edt\u00e1s - TRAGOR IGN\u00c1C M\u00daZEUM \u2022 V\u00c1C<\/title>\n<meta name=\"description\" content=\"Egy m\u00fazeum, ezer \u00e9lm\u00e9ny!\" \/>\n<meta name=\"robots\" content=\"index, follow, max-snippet:-1, max-image-preview:large, max-video-preview:-1\" \/>\n<link rel=\"canonical\" href=\"https:\/\/muzeumvac.hu\/en\/szakmai-beszamolo-az-nka-kozgyujtemenyek-kollegiuma-palyazatahoz-2016-letunt-korok-a-duna-menten-idoszaki-regeszeti-kiallitas\/\" \/>\n<meta property=\"og:locale\" content=\"en_GB\" \/>\n<meta property=\"og:type\" content=\"article\" \/>\n<meta property=\"og:title\" content=\"Szakmai besz\u00e1mol\u00f3 az NKA K\u00f6zgy\u0171jtem\u00e9nyek Koll\u00e9giuma p\u00e1ly\u00e1zat\u00e1hoz, 2016, \u201eLet\u0171nt korok a Duna ment\u00e9n\u201d id\u0151szaki r\u00e9g\u00e9szeti ki\u00e1ll\u00edt\u00e1s\" \/>\n<meta property=\"og:description\" content=\"Egy m\u00fazeum, ezer \u00e9lm\u00e9ny!\" \/>\n<meta property=\"og:url\" content=\"https:\/\/muzeumvac.hu\/en\/szakmai-beszamolo-az-nka-kozgyujtemenyek-kollegiuma-palyazatahoz-2016-letunt-korok-a-duna-menten-idoszaki-regeszeti-kiallitas\/\" \/>\n<meta property=\"og:site_name\" content=\"TRAGOR IGN\u00c1C M\u00daZEUM \u2022 V\u00c1C\" \/>\n<meta property=\"article:publisher\" content=\"https:\/\/www.facebook.com\/vac.tragorignacmuzeum\" \/>\n<meta property=\"article:modified_time\" content=\"2026-01-15T12:34:00+00:00\" \/>\n<meta name=\"twitter:card\" content=\"summary_large_image\" \/>\n<script type=\"application\/ld+json\" class=\"yoast-schema-graph\">{\"@context\":\"https:\\\/\\\/schema.org\",\"@graph\":[{\"@type\":\"WebPage\",\"@id\":\"https:\\\/\\\/muzeumvac.hu\\\/szakmai-beszamolo-az-nka-kozgyujtemenyek-kollegiuma-palyazatahoz-2016-letunt-korok-a-duna-menten-idoszaki-regeszeti-kiallitas\\\/\",\"url\":\"https:\\\/\\\/muzeumvac.hu\\\/szakmai-beszamolo-az-nka-kozgyujtemenyek-kollegiuma-palyazatahoz-2016-letunt-korok-a-duna-menten-idoszaki-regeszeti-kiallitas\\\/\",\"name\":\"Szakmai besz\u00e1mol\u00f3 az NKA K\u00f6zgy\u0171jtem\u00e9nyek Koll\u00e9giuma p\u00e1ly\u00e1zat\u00e1hoz, 2016, \u201eLet\u0171nt korok a Duna ment\u00e9n\u201d id\u0151szaki r\u00e9g\u00e9szeti ki\u00e1ll\u00edt\u00e1s - TRAGOR IGN\u00c1C M\u00daZEUM \u2022 V\u00c1C\",\"isPartOf\":{\"@id\":\"https:\\\/\\\/muzeumvac.hu\\\/#website\"},\"datePublished\":\"2017-01-18T12:30:00+00:00\",\"dateModified\":\"2026-01-15T12:34:00+00:00\",\"description\":\"Egy m\u00fazeum, ezer \u00e9lm\u00e9ny!\",\"breadcrumb\":{\"@id\":\"https:\\\/\\\/muzeumvac.hu\\\/szakmai-beszamolo-az-nka-kozgyujtemenyek-kollegiuma-palyazatahoz-2016-letunt-korok-a-duna-menten-idoszaki-regeszeti-kiallitas\\\/#breadcrumb\"},\"inLanguage\":\"en-GB\",\"potentialAction\":[{\"@type\":\"ReadAction\",\"target\":[\"https:\\\/\\\/muzeumvac.hu\\\/szakmai-beszamolo-az-nka-kozgyujtemenyek-kollegiuma-palyazatahoz-2016-letunt-korok-a-duna-menten-idoszaki-regeszeti-kiallitas\\\/\"]}]},{\"@type\":\"BreadcrumbList\",\"@id\":\"https:\\\/\\\/muzeumvac.hu\\\/szakmai-beszamolo-az-nka-kozgyujtemenyek-kollegiuma-palyazatahoz-2016-letunt-korok-a-duna-menten-idoszaki-regeszeti-kiallitas\\\/#breadcrumb\",\"itemListElement\":[{\"@type\":\"ListItem\",\"position\":1,\"name\":\"Kezd\u0151lap\",\"item\":\"https:\\\/\\\/muzeumvac.hu\\\/\"},{\"@type\":\"ListItem\",\"position\":2,\"name\":\"Szakmai besz\u00e1mol\u00f3 az NKA K\u00f6zgy\u0171jtem\u00e9nyek Koll\u00e9giuma p\u00e1ly\u00e1zat\u00e1hoz, 2016, \u201eLet\u0171nt korok a Duna ment\u00e9n\u201d id\u0151szaki r\u00e9g\u00e9szeti ki\u00e1ll\u00edt\u00e1s\"}]},{\"@type\":\"WebSite\",\"@id\":\"https:\\\/\\\/muzeumvac.hu\\\/#website\",\"url\":\"https:\\\/\\\/muzeumvac.hu\\\/\",\"name\":\"TRAGOR IGN\u00c1C M\u00daZEUM \u2022 V\u00c1C\",\"description\":\"Egy m\u00fazeum, ezer \u00e9lm\u00e9ny!\",\"publisher\":{\"@id\":\"https:\\\/\\\/muzeumvac.hu\\\/#organization\"},\"potentialAction\":[{\"@type\":\"SearchAction\",\"target\":{\"@type\":\"EntryPoint\",\"urlTemplate\":\"https:\\\/\\\/muzeumvac.hu\\\/?s={search_term_string}\"},\"query-input\":{\"@type\":\"PropertyValueSpecification\",\"valueRequired\":true,\"valueName\":\"search_term_string\"}}],\"inLanguage\":\"en-GB\"},{\"@type\":\"Organization\",\"@id\":\"https:\\\/\\\/muzeumvac.hu\\\/#organization\",\"name\":\"TRAGOR IGN\u00c1C M\u00daZEUM \u2022 V\u00c1C\",\"url\":\"https:\\\/\\\/muzeumvac.hu\\\/\",\"logo\":{\"@type\":\"ImageObject\",\"inLanguage\":\"en-GB\",\"@id\":\"https:\\\/\\\/muzeumvac.hu\\\/#\\\/schema\\\/logo\\\/image\\\/\",\"url\":\"https:\\\/\\\/muzeumvac.hu\\\/wp-content\\\/uploads\\\/2025\\\/07\\\/tragor_ignac_logo.png\",\"contentUrl\":\"https:\\\/\\\/muzeumvac.hu\\\/wp-content\\\/uploads\\\/2025\\\/07\\\/tragor_ignac_logo.png\",\"width\":161,\"height\":126,\"caption\":\"TRAGOR IGN\u00c1C M\u00daZEUM \u2022 V\u00c1C\"},\"image\":{\"@id\":\"https:\\\/\\\/muzeumvac.hu\\\/#\\\/schema\\\/logo\\\/image\\\/\"},\"sameAs\":[\"https:\\\/\\\/www.facebook.com\\\/vac.tragorignacmuzeum\",\"https:\\\/\\\/www.instagram.com\\\/tragormuzeum\",\"https:\\\/\\\/www.youtube.com\\\/@TragorIgncMzeum-vac\"]}]}<\/script>\n<!-- \/ Yoast SEO Premium plugin. -->","yoast_head_json":{"title":"Szakmai besz\u00e1mol\u00f3 az NKA K\u00f6zgy\u0171jtem\u00e9nyek Koll\u00e9giuma p\u00e1ly\u00e1zat\u00e1hoz, 2016, \u201eLet\u0171nt korok a Duna ment\u00e9n\u201d id\u0151szaki r\u00e9g\u00e9szeti ki\u00e1ll\u00edt\u00e1s - TRAGOR IGN\u00c1C M\u00daZEUM \u2022 V\u00c1C","description":"One museum, a thousand experiences!","robots":{"index":"index","follow":"follow","max-snippet":"max-snippet:-1","max-image-preview":"max-image-preview:large","max-video-preview":"max-video-preview:-1"},"canonical":"https:\/\/muzeumvac.hu\/en\/szakmai-beszamolo-az-nka-kozgyujtemenyek-kollegiuma-palyazatahoz-2016-letunt-korok-a-duna-menten-idoszaki-regeszeti-kiallitas\/","og_locale":"en_GB","og_type":"article","og_title":"Szakmai besz\u00e1mol\u00f3 az NKA K\u00f6zgy\u0171jtem\u00e9nyek Koll\u00e9giuma p\u00e1ly\u00e1zat\u00e1hoz, 2016, \u201eLet\u0171nt korok a Duna ment\u00e9n\u201d id\u0151szaki r\u00e9g\u00e9szeti ki\u00e1ll\u00edt\u00e1s","og_description":"Egy m\u00fazeum, ezer \u00e9lm\u00e9ny!","og_url":"https:\/\/muzeumvac.hu\/en\/szakmai-beszamolo-az-nka-kozgyujtemenyek-kollegiuma-palyazatahoz-2016-letunt-korok-a-duna-menten-idoszaki-regeszeti-kiallitas\/","og_site_name":"TRAGOR IGN\u00c1C M\u00daZEUM \u2022 V\u00c1C","article_publisher":"https:\/\/www.facebook.com\/vac.tragorignacmuzeum","article_modified_time":"2026-01-15T12:34:00+00:00","twitter_card":"summary_large_image","schema":{"@context":"https:\/\/schema.org","@graph":[{"@type":"WebPage","@id":"https:\/\/muzeumvac.hu\/szakmai-beszamolo-az-nka-kozgyujtemenyek-kollegiuma-palyazatahoz-2016-letunt-korok-a-duna-menten-idoszaki-regeszeti-kiallitas\/","url":"https:\/\/muzeumvac.hu\/szakmai-beszamolo-az-nka-kozgyujtemenyek-kollegiuma-palyazatahoz-2016-letunt-korok-a-duna-menten-idoszaki-regeszeti-kiallitas\/","name":"Szakmai besz\u00e1mol\u00f3 az NKA K\u00f6zgy\u0171jtem\u00e9nyek Koll\u00e9giuma p\u00e1ly\u00e1zat\u00e1hoz, 2016, \u201eLet\u0171nt korok a Duna ment\u00e9n\u201d id\u0151szaki r\u00e9g\u00e9szeti ki\u00e1ll\u00edt\u00e1s - TRAGOR IGN\u00c1C M\u00daZEUM \u2022 V\u00c1C","isPartOf":{"@id":"https:\/\/muzeumvac.hu\/#website"},"datePublished":"2017-01-18T12:30:00+00:00","dateModified":"2026-01-15T12:34:00+00:00","description":"One museum, a thousand experiences!","breadcrumb":{"@id":"https:\/\/muzeumvac.hu\/szakmai-beszamolo-az-nka-kozgyujtemenyek-kollegiuma-palyazatahoz-2016-letunt-korok-a-duna-menten-idoszaki-regeszeti-kiallitas\/#breadcrumb"},"inLanguage":"en-GB","potentialAction":[{"@type":"ReadAction","target":["https:\/\/muzeumvac.hu\/szakmai-beszamolo-az-nka-kozgyujtemenyek-kollegiuma-palyazatahoz-2016-letunt-korok-a-duna-menten-idoszaki-regeszeti-kiallitas\/"]}]},{"@type":"BreadcrumbList","@id":"https:\/\/muzeumvac.hu\/szakmai-beszamolo-az-nka-kozgyujtemenyek-kollegiuma-palyazatahoz-2016-letunt-korok-a-duna-menten-idoszaki-regeszeti-kiallitas\/#breadcrumb","itemListElement":[{"@type":"ListItem","position":1,"name":"Kezd\u0151lap","item":"https:\/\/muzeumvac.hu\/"},{"@type":"ListItem","position":2,"name":"Szakmai besz\u00e1mol\u00f3 az NKA K\u00f6zgy\u0171jtem\u00e9nyek Koll\u00e9giuma p\u00e1ly\u00e1zat\u00e1hoz, 2016, \u201eLet\u0171nt korok a Duna ment\u00e9n\u201d id\u0151szaki r\u00e9g\u00e9szeti ki\u00e1ll\u00edt\u00e1s"}]},{"@type":"WebSite","@id":"https:\/\/muzeumvac.hu\/#website","url":"https:\/\/muzeumvac.hu\/","name":"TRAGOR IGN\u00c1C M\u00daZEUM \u2022 V\u00c1C","description":"One museum, a thousand experiences!","publisher":{"@id":"https:\/\/muzeumvac.hu\/#organization"},"potentialAction":[{"@type":"SearchAction","target":{"@type":"EntryPoint","urlTemplate":"https:\/\/muzeumvac.hu\/?s={search_term_string}"},"query-input":{"@type":"PropertyValueSpecification","valueRequired":true,"valueName":"search_term_string"}}],"inLanguage":"en-GB"},{"@type":"Organization","@id":"https:\/\/muzeumvac.hu\/#organization","name":"TRAGOR IGN\u00c1C M\u00daZEUM \u2022 V\u00c1C","url":"https:\/\/muzeumvac.hu\/","logo":{"@type":"ImageObject","inLanguage":"en-GB","@id":"https:\/\/muzeumvac.hu\/#\/schema\/logo\/image\/","url":"https:\/\/muzeumvac.hu\/wp-content\/uploads\/2025\/07\/tragor_ignac_logo.png","contentUrl":"https:\/\/muzeumvac.hu\/wp-content\/uploads\/2025\/07\/tragor_ignac_logo.png","width":161,"height":126,"caption":"TRAGOR IGN\u00c1C M\u00daZEUM \u2022 V\u00c1C"},"image":{"@id":"https:\/\/muzeumvac.hu\/#\/schema\/logo\/image\/"},"sameAs":["https:\/\/www.facebook.com\/vac.tragorignacmuzeum","https:\/\/www.instagram.com\/tragormuzeum","https:\/\/www.youtube.com\/@TragorIgncMzeum-vac"]}]}},"_links":{"self":[{"href":"https:\/\/muzeumvac.hu\/en\/wp-json\/wp\/v2\/pages\/5492","targetHints":{"allow":["GET"]}}],"collection":[{"href":"https:\/\/muzeumvac.hu\/en\/wp-json\/wp\/v2\/pages"}],"about":[{"href":"https:\/\/muzeumvac.hu\/en\/wp-json\/wp\/v2\/types\/page"}],"author":[{"embeddable":true,"href":"https:\/\/muzeumvac.hu\/en\/wp-json\/wp\/v2\/users\/1"}],"replies":[{"embeddable":true,"href":"https:\/\/muzeumvac.hu\/en\/wp-json\/wp\/v2\/comments?post=5492"}],"version-history":[{"count":2,"href":"https:\/\/muzeumvac.hu\/en\/wp-json\/wp\/v2\/pages\/5492\/revisions"}],"predecessor-version":[{"id":5517,"href":"https:\/\/muzeumvac.hu\/en\/wp-json\/wp\/v2\/pages\/5492\/revisions\/5517"}],"wp:attachment":[{"href":"https:\/\/muzeumvac.hu\/en\/wp-json\/wp\/v2\/media?parent=5492"}],"curies":[{"name":"wp","href":"https:\/\/api.w.org\/{rel}","templated":true}]}}