{"id":5454,"date":"2020-01-28T13:22:00","date_gmt":"2020-01-28T12:22:00","guid":{"rendered":"https:\/\/muzeumvac.hu\/?page_id=5454"},"modified":"2026-01-15T13:23:24","modified_gmt":"2026-01-15T12:23:24","slug":"szakmai-beszamolo-az-nka-kozgyujtemenyek-kollegiuma-palyazatahoz-hincz-gyula-festmenyeinek-restauralasarol","status":"publish","type":"page","link":"https:\/\/muzeumvac.hu\/en\/szakmai-beszamolo-az-nka-kozgyujtemenyek-kollegiuma-palyazatahoz-hincz-gyula-festmenyeinek-restauralasarol\/","title":{"rendered":"Szakmai besz\u00e1mol\u00f3 az NKA K\u00f6zgy\u0171jtem\u00e9nyek koll\u00e9giuma p\u00e1ly\u00e1zat\u00e1hoz &#8211; Hincz Gyula festm\u00e9nyeinek restaur\u00e1l\u00e1s\u00e1r\u00f3l"},"content":{"rendered":"<p>[et_pb_section fb_built=&#8221;1&#8243; theme_builder_area=&#8221;post_content&#8221; _builder_version=&#8221;4.27.4&#8243; _module_preset=&#8221;default&#8221;][et_pb_row _builder_version=&#8221;4.27.4&#8243; _module_preset=&#8221;default&#8221; theme_builder_area=&#8221;post_content&#8221;][et_pb_column _builder_version=&#8221;4.27.4&#8243; _module_preset=&#8221;default&#8221; type=&#8221;4_4&#8243; theme_builder_area=&#8221;post_content&#8221;][et_pb_text _builder_version=&#8221;4.27.4&#8243; _module_preset=&#8221;default&#8221; theme_builder_area=&#8221;post_content&#8221; hover_enabled=&#8221;0&#8243; sticky_enabled=&#8221;0&#8243;]<\/p>\n<p>Szakmai besz\u00e1mol\u00f3 az NKA K\u00f6zgy\u0171jtem\u00e9nyek koll\u00e9giuma p\u00e1ly\u00e1zat\u00e1hoz &#8211; Hincz Gyula festm\u00e9nyeinek restaur\u00e1l\u00e1s\u00e1r\u00f3l<br \/>\u00a02020. janu\u00e1r 28.<\/p>\n<p><strong>Hincz Gyula (1904\u20131986) Balatoni t\u00e1j, 1930-as \u00e9vek v\u00e9ge<br \/>(olajfestm\u00e9ny v\u00e1szon hordoz\u00f3n, 78 x 76 cm, lelt\u00e1ri sz\u00e1m: KH.18.6.1.)<br \/>\u00e9s Hincz Gyula (1904\u20131986) Szob\u00e1ban \u00fcl\u0151 f\u00e9rfi, 1940 k\u00f6r\u00fcl<br \/>(olajfestm\u00e9ny v\u00e1szon hordoz\u00f3n, 100 x 80 cm, lelt\u00e1ri sz\u00e1m: KH.18.2.1.)<br \/>c\u00edm\u0171 festm\u00e9nyeinek restaur\u00e1l\u00e1sa<br \/>P\u00e1ly\u00e1zati azonos\u00edt\u00f3: 204111\/04064<\/strong><\/p>\n<p>Az elnyert t\u00e1mogat\u00e1s \u00f6sszege: 450.000. Ft, azaz n\u00e9gysz\u00e1z\u00f6tvenezer forint vissza nem t\u00e9r\u00edtend\u0151 t\u00e1mogat\u00e1s.<\/p>\n<p>2018 m\u00e1rcius\u00e1ban a Tragor Ign\u00e1c M\u00fazeum a Nemzeti Kultur\u00e1lis Alap K\u00f6zgy\u0171jtem\u00e9nyek Koll\u00e9gium\u00e1hoz Hincz Gyula Balatoni t\u00e1j (1930-as \u00e9vek v\u00e9ge; lelt\u00e1ri sz\u00e1m: KH.18.6.1.) \u00e9s Hincz Gyula Szob\u00e1ban \u00fcl\u0151 f\u00e9rfi (1940 k\u00f6r\u00fcl; lelt\u00e1ri sz\u00e1m: KH.18.2.1.) c\u00edm\u0171 festm\u00e9nyeinek restaur\u00e1l\u00e1s\u00e1ra beny\u00fajtott p\u00e1ly\u00e1zat\u00e1ban 1.003.300. Ft, azaz egymilli\u00f3-h\u00e1romezer-h\u00e1romsz\u00e1z forint \u00e9rt\u00e9k\u0171 t\u00e1mogat\u00e1sra p\u00e1ly\u00e1zott, amely \u00f6sszegb\u0151l int\u00e9zm\u00e9ny\u00fcnk 450.000. Ft, azaz n\u00e9gysz\u00e1z\u00f6tvenezer forint vissza nem t\u00e9r\u00edtend\u0151 t\u00e1mogat\u00e1st nyert el.<\/p>\n<p>A szakrestaur\u00e1tori d\u00edj fennmarad\u00f3 \u00f6sszege: 553.300. Ft, azaz \u00f6tsz\u00e1z\u00f6tvenh\u00e1romezer-h\u00e1romsz\u00e1z forint int\u00e9zm\u00e9nyi keretb\u0151l ker\u00fclt kifizet\u00e9sre. A beny\u00fajtott p\u00e1ly\u00e1zatban foglaltakkal megegyez\u0151en a festm\u00e9nyek restaur\u00e1l\u00e1s\u00e1t Di\u00f3szegi Anik\u00f3 fest\u0151-restaur\u00e1tor m\u0171v\u00e9sz v\u00e9gezte. A restaur\u00e1l\u00e1s \u00fctem\u00e9nek alapj\u00e1t a Nemzeti Kultur\u00e1lis Alapt\u00f3l elnyert t\u00e1mogat\u00e1s, illetve az int\u00e9zm\u00e9nyi keretb\u0151l biztos\u00edtott \u00f6sszeg \u00e9rt\u00e9ke jelentette.<\/p>\n<p>A Nemzeti Kultur\u00e1lis Alap \u00e1ltal biztos\u00edtott t\u00e1mogat\u00e1s, illetve az int\u00e9zm\u00e9nyi keretb\u0151l finansz\u00edrozott \u00f6sszeg k\u00e9t \u00fctemben, a szerz\u0151d\u00e9sben meghat\u00e1rozott restaur\u00e1tori munkafolyamatok elv\u00e9gz\u00e9s\u00e9t k\u00f6vet\u0151en ker\u00fclt kifizet\u00e9sre. A Nemzeti Kultur\u00e1lis Alapt\u00f3l elnyert t\u00e1mogat\u00e1s a szakrestaur\u00e1tori d\u00edj p\u00e9nz\u00fcgyi fedezet\u00e9nek 44,01 %-\u00e1t jelentette.<\/p>\n<p>Ez az \u00f6sszeg Hincz Gyula Balatoni t\u00e1j \u00e9s Szob\u00e1ban \u00fcl\u0151 f\u00e9rfi c\u00edm\u0171 festm\u00e9nyeinek konzerv\u00e1l\u00e1s\u00e1t, tiszt\u00edt\u00e1s\u00e1t, egyenes\u00edt\u00e9s\u00e9t, v\u00e1kuumasztalos egyenes\u00edt\u00e9s\u00e9t, hi\u00e1nyainak t\u00f6m\u00edt\u00e9s\u00e9t, illetve vakkeretre fesz\u00edt\u00e9s\u00e9t k\u00f6vet\u0151en egy\u00f6sszegben ker\u00fclt kifizet\u00e9sre Di\u00f3szegi Anik\u00f3 fest\u0151-restaur\u00e1tor m\u0171v\u00e9sznek. (ld. 1-2. sz\u00e1m\u00fa mell\u00e9klet: Di\u00f3szegi Anik\u00f3 fest\u0151-restaur\u00e1tor m\u0171v\u00e9sz Restaur\u00e1l\u00e1si dokument\u00e1ci\u00f3i) A szakrestaur\u00e1tori d\u00edj p\u00e9nz\u00fcgyi fedezet\u00e9nek fennmarad\u00f3 r\u00e9sz\u00e9t: 553.300. Ft-t, azaz \u00f6tsz\u00e1z\u00f6tvenh\u00e1romezer-h\u00e1romsz\u00e1z forintot az int\u00e9zm\u00e9ny saj\u00e1t keret\u00e9b\u0151l biztos\u00edtotta. Ez az \u00f6sszeg a festm\u00e9nyek h\u00faz\u00f3szeg\u00e9ly\u00e9nek, eszt\u00e9tikai helyre\u00e1ll\u00edt\u00e1s\u00e1nak, restaur\u00e1l\u00e1s\u00e1nak \u00e9s lakkoz\u00e1s\u00e1nak elk\u00e9sz\u00fclt\u00e9t k\u00f6vet\u0151en szint\u00e9n egy\u00f6sszegben ker\u00fclt kifizet\u00e9sre Di\u00f3szegi Anik\u00f3 fest\u0151-restaur\u00e1tor m\u0171v\u00e9sznek. (ld. 1-2. sz\u00e1m\u00fa mell\u00e9klet)<\/p>\n<p>A rendelkez\u00e9sre \u00e1ll\u00f3 dokumentumok szerint Hincz Gyula 1980-ban aj\u00e1nlott fel egy munk\u00e1ss\u00e1g\u00e1t reprezent\u00e1l\u00f3 v\u00e1logat\u00e1st V\u00e1c v\u00e1ros\u00e1nak. A gy\u0171jtem\u00e9nyt \u00e9rint\u0151 t\u00e1rgyal\u00e1sok sor\u00e1n meg\u00e1llapod\u00e1s sz\u00fcletett arr\u00f3l, hogy a v\u00e1ros a felaj\u00e1nlott m\u0171vekb\u0151l \u00e1lland\u00f3 ki\u00e1ll\u00edt\u00e1st l\u00e9tes\u00edt. A korabeli jogszab\u00e1lyok alapj\u00e1n azonban m\u00fazeumot v\u00e1ros nem, csak megye tarthatott fenn. A Pest Megyei M\u00fazeumok Igazgat\u00f3s\u00e1ga a V\u00e1c v\u00e1rosa \u00e1ltal \u00e1tadott, \u00e9s ki\u00e1ll\u00edt\u00f3helyk\u00e9nt fel\u00faj\u00edttatott K\u00e1ptalan utca 16. sz\u00e1m\u00fa \u00e9p\u00fcletet kezel\u00e9sbe \u00e1tvette \u00e9s eg\u00e9szen 2008-ig m\u0171k\u00f6dtette. Hincz Gyula m\u0171veib\u0151l el\u0151sz\u00f6r 1983-ban ny\u00edlt \u00e1lland\u00f3 ki\u00e1ll\u00edt\u00e1s V\u00e1con. Hincz 1986-ban bek\u00f6vetkezett hal\u00e1la ut\u00e1n az \u00f6r\u00f6k\u00f6s\u00f6k j\u00f3volt\u00e1b\u00f3l a kollekci\u00f3 tov\u00e1bb b\u0151v\u00fclt, a hagyat\u00e9k jelent\u0151s r\u00e9sze V\u00e1cra ker\u00fclt. A Tragor Ign\u00e1c M\u00fazeum t\u00f6bb int\u00e9zm\u00e9nyi \u00e1tszervez\u00e9st k\u00f6vet\u0151en 2016 \u0151sz\u00e9n vette \u00e1t a Hincz gy\u0171jtem\u00e9ny kezel\u00e9s\u00e9t.<\/p>\n<p>M\u00fazeumunk c\u00e9ljai k\u00f6z\u00f6tt szerepel, hogy az orsz\u00e1gban egyed\u00fcl\u00e1ll\u00f3 v\u00e1ci Hincz gy\u0171jtem\u00e9nyt egy j\u00f6v\u0151beli \u00e1lland\u00f3 ki\u00e1ll\u00edt\u00e1s keret\u00e9ben min\u00e9l teljesebben mutathassuk be, jelenleg azonban a gy\u0171jtem\u00e9ny jelent\u0151s r\u00e9sze m\u00e9g restaur\u00e1l\u00e1sra szorul. Hincz Gyula Balatoni t\u00e1j, illetve Szob\u00e1ban \u00fcl\u0151 f\u00e9rfi c\u00edm\u0171 festm\u00e9nyeinek restaur\u00e1l\u00e1s\u00e1val tov\u00e1bb b\u0151v\u00fclhetett a gy\u0171jtem\u00e9ny azon m\u0171veinek sz\u00e1ma, amelyek a restaur\u00e1l\u00e1suk r\u00e9v\u00e9n \u00fajra bemutathat\u00f3v\u00e1 v\u00e1ltak. Az \u00e9letm\u0171 k\u00e9t olyan kiemelked\u0151 darabja ker\u00fclhetett ki\u00e1ll\u00edt\u00e1sra, amelyeket a nagyk\u00f6z\u00f6ns\u00e9g hossz\u00fa \u00e9vtizedekig nem l\u00e1thatott.<\/p>\n<p>A restaur\u00e1lt festm\u00e9nyek m\u00fazeumunk Hincz Gyula \u00e9letm\u0171v\u00e9nek is bemutat\u00e1s\u00e1ul szolg\u00e1l\u00f3 ki\u00e1ll\u00edt\u00f3hely\u00e9n, a Pann\u00f3nia H\u00e1z emeleti Hincz-term\u00e9ben tekinthet\u0151k meg (2600 V\u00e1c, K\u00f6zt\u00e1rsas\u00e1g \u00fat 19.). A Tragor Ign\u00e1c M\u00fazeum j\u00f6v\u0151beli tervei k\u00f6z\u00f6tt szerepel a jelenlegi Hincz ki\u00e1ll\u00edt\u00e1s meg\u00faj\u00edt\u00e1sa, amelynek keret\u00e9ben a most restaur\u00e1lt festm\u00e9nyek m\u00e1r az \u00e9letm\u0171 egy-egy korszak\u00e1ba \u00e1gyazottan ker\u00fclhetn\u00e9nek bemutat\u00e1sra. A k\u00e9t festm\u00e9ny az \u00e9letm\u0171ben k\u00e9t korszakot jel\u00f6l, a Balatoni t\u00e1j c\u00edmet visel\u0151 m\u0171 keletkez\u00e9se az 1930-as \u00e9vekre dat\u00e1lt, tematikailag Hincz 1930-as \u00e9vek m\u00e1sodik fel\u00e9ben \u2013 1940-es \u00e9vek elej\u00e9n k\u00e9sz\u00fclt balatoni sorozat\u00e1ba illeszkedik, m\u00edg a Szob\u00e1ban \u00fcl\u0151 f\u00e9rfi sz\u00ednhaszn\u00e1lata, valamint formai- \u00e9s technikai megold\u00e1sai az \u00e9letm\u0171 egy \u00e9vtizeddel k\u00e9s\u0151bbi peri\u00f3dus\u00e1ra utalnak, keletkez\u00e9se az 1940-es \u00e9vekre dat\u00e1lt. Hincz balatoni k\u00f6t\u0151d\u00e9s\u0171 k\u00e9pei az \u00e9letm\u0171ben korszakhat\u00e1rk\u00e9nt is meghat\u00e1rozott, 1941\u20131942-es sz\u00e9kelyf\u00f6ldi \u00fatja el\u0151tt sz\u00fclettek. Balatoni k\u00e9pei a szakirodalomban gyakran viselik a komor, bor\u00fas jelz\u0151t, m\u00edg a sz\u00e9kelyf\u00f6ldi \u00f6szt\u00f6nd\u00edj\u00e1t k\u00f6vet\u0151 alkot\u00e1sain\u00e1l m\u00e1r sz\u00ednhaszn\u00e1lata oldottabb\u00e1 v\u00e1l\u00e1sa, sz\u00ednei kivil\u00e1gosod\u00e1sa ker\u00fcl el\u0151t\u00e9rbe. A restaur\u00e1lt festm\u00e9nyek j\u00f3l szeml\u00e9ltetik az \u00e9letm\u0171 ezen k\u00e9t peri\u00f3dus\u00e1t \u2013 egym\u00e1s mellett t\u00f6rt\u00e9n\u0151 szerepeltet\u00e9s\u00fckkel \u00e9rz\u00e9kletesen is el\u0151t\u00e9rbe ker\u00fclnek az adott alkot\u00f3i korszak meghat\u00e1roz\u00f3 formai-, technikai \u00e9s sz\u00ednhaszn\u00e1latbeli saj\u00e1toss\u00e1gai. A Szob\u00e1ban \u00fcl\u0151 f\u00e9rfi formai absztrah\u00e1lts\u00e1ga, az alkalmazott technikai eszk\u00f6zt\u00e1r \u2013 pl. be-karcol\u00e1ssal, homoksz\u00f3r\u00e1ssal kialak\u00edtott-, \u00e9s gazdag\u00edtott r\u00e9szletek \u2013 , valamint a sz\u00ednhaszn\u00e1lat j\u00f3val a balatoni sorozat elk\u00e9sz\u00fclt\u00e9t k\u00f6vet\u0151 \u00e9vtizedre\/\u00e9vtizedekre teszi a festm\u00e9ny dat\u00e1l\u00e1s\u00e1t.A j\u00f6v\u0151ben is szeretn\u00e9nk kiemelt figyelmet ford\u00edtani a gy\u0171jtem\u00e9ny darabjainak restaur\u00e1l\u00e1s\u00e1ra, hogy az \u00e9letm\u0171 min\u00e9l teljesebben, min\u00e9l soksz\u00edn\u0171bben ker\u00fclhessen bemutat\u00e1sra.<\/p>\n<p>Ez\u00faton is szeretn\u00e9nk megk\u00f6sz\u00f6nni a Nemzeti Kultur\u00e1lis Alap K\u00f6zgy\u0171jtem\u00e9nyek Koll\u00e9gium\u00e1nak sz\u00edves t\u00e1mogat\u00e1s\u00e1t, amelynek seg\u00edts\u00e9g\u00e9vel megval\u00f3sulhatott a Hincz gy\u0171jtem\u00e9ny k\u00e9t jelent\u0151s darabj\u00e1nak \u2013 a Balatoni t\u00e1j \u00e9s a Szob\u00e1ban \u00fcl\u0151 f\u00e9rfi c\u00edm\u0171 festm\u00e9nyek restaur\u00e1l\u00e1sa.<\/p>\n<p>A p\u00e1ly\u00e1zat fot\u00f3kat is tartalmaz\u00f3 szakmai besz\u00e1mol\u00f3ja a m\u00fazeum honlapj\u00e1n A m\u00fazeum\/ Nyertes p\u00e1ly\u00e1zatok men\u00fcpontban:\u00a0<a href=\"https:\/\/muzeumvac.hu\/muzeum\/nyertes_palyazatok.html\">https:\/\/muzeumvac.hu\/muzeum\/nyertes_palyazatok.html<\/a>\u00a0\u00e9rhet\u0151 el.<\/p>\n<p>V\u00e1c, 2020. janu\u00e1r 24.<\/p>\n<p>A szakmai besz\u00e1mol\u00f3t k\u00e9sz\u00edtette: Vid\u00e1kovich-Monori Laura m\u0171v\u00e9szett\u00f6rt\u00e9n\u00e9sz<\/p>\n<p>Mell\u00e9kletek:<\/p>\n<p>Di\u00f3szegi Anik\u00f3 Fest\u0151-restaur\u00e1tor m\u0171v\u00e9sz Restaur\u00e1l\u00e1si dokument\u00e1ci\u00f3ja Hincz Gyula Bala-toni t\u00e1j c\u00edm\u0171 festm\u00e9ny\u00e9hez, \u00f6sszesen: 15 oldal (1. sz\u00e1m\u00fa mell\u00e9klet)<\/p>\n<p>Di\u00f3szegi Anik\u00f3 Fest\u0151-restaur\u00e1tor m\u0171v\u00e9sz Restaur\u00e1l\u00e1si dokument\u00e1ci\u00f3ja Hincz Gyula Szo-b\u00e1ban \u00fcl\u0151 f\u00e9rfi c\u00edm\u0171 festm\u00e9ny\u00e9hez, \u00f6sszesen: 9 oldal (2. sz\u00e1m\u00fa mell\u00e9klet)<\/p>\n<p>[\/et_pb_text][et_pb_gallery _builder_version=&#8221;4.27.4&#8243; _module_preset=&#8221;default&#8221; theme_builder_area=&#8221;post_content&#8221; gallery_ids=&#8221;5456,5457,5458&#8243; hover_enabled=&#8221;0&#8243; sticky_enabled=&#8221;0&#8243;][\/et_pb_gallery][\/et_pb_column][\/et_pb_row][\/et_pb_section]<\/p>\n","protected":false},"excerpt":{"rendered":"<p>Szakmai besz\u00e1mol\u00f3 az NKA K\u00f6zgy\u0171jtem\u00e9nyek koll\u00e9giuma p\u00e1ly\u00e1zat\u00e1hoz &#8211; Hincz Gyula festm\u00e9nyeinek restaur\u00e1l\u00e1s\u00e1r\u00f3l\u00a02020. janu\u00e1r 28. Hincz Gyula (1904\u20131986) Balatoni t\u00e1j, 1930-as \u00e9vek v\u00e9ge(olajfestm\u00e9ny v\u00e1szon hordoz\u00f3n, 78 x 76 cm, lelt\u00e1ri sz\u00e1m: [&hellip;]<\/p>\n","protected":false},"author":1,"featured_media":0,"parent":0,"menu_order":0,"comment_status":"closed","ping_status":"closed","template":"","meta":{"_et_pb_use_builder":"on","_et_pb_old_content":"","_et_gb_content_width":"","footnotes":""},"class_list":["post-5454","page","type-page","status-publish","hentry"],"yoast_head":"<!-- This site is optimized with the Yoast SEO Premium plugin v27.3 (Yoast SEO v27.3) - https:\/\/yoast.com\/product\/yoast-seo-premium-wordpress\/ -->\n<title>Szakmai besz\u00e1mol\u00f3 az NKA K\u00f6zgy\u0171jtem\u00e9nyek koll\u00e9giuma p\u00e1ly\u00e1zat\u00e1hoz - Hincz Gyula festm\u00e9nyeinek restaur\u00e1l\u00e1s\u00e1r\u00f3l - TRAGOR IGN\u00c1C M\u00daZEUM \u2022 V\u00c1C<\/title>\n<meta name=\"description\" content=\"Egy m\u00fazeum, ezer \u00e9lm\u00e9ny!\" \/>\n<meta name=\"robots\" content=\"index, follow, max-snippet:-1, max-image-preview:large, max-video-preview:-1\" \/>\n<link rel=\"canonical\" href=\"https:\/\/muzeumvac.hu\/en\/szakmai-beszamolo-az-nka-kozgyujtemenyek-kollegiuma-palyazatahoz-hincz-gyula-festmenyeinek-restauralasarol\/\" \/>\n<meta property=\"og:locale\" content=\"en_GB\" \/>\n<meta property=\"og:type\" content=\"article\" \/>\n<meta property=\"og:title\" content=\"Szakmai besz\u00e1mol\u00f3 az NKA K\u00f6zgy\u0171jtem\u00e9nyek koll\u00e9giuma p\u00e1ly\u00e1zat\u00e1hoz - Hincz Gyula festm\u00e9nyeinek restaur\u00e1l\u00e1s\u00e1r\u00f3l\" \/>\n<meta property=\"og:description\" content=\"Egy m\u00fazeum, ezer \u00e9lm\u00e9ny!\" \/>\n<meta property=\"og:url\" content=\"https:\/\/muzeumvac.hu\/en\/szakmai-beszamolo-az-nka-kozgyujtemenyek-kollegiuma-palyazatahoz-hincz-gyula-festmenyeinek-restauralasarol\/\" \/>\n<meta property=\"og:site_name\" content=\"TRAGOR IGN\u00c1C M\u00daZEUM \u2022 V\u00c1C\" \/>\n<meta property=\"article:publisher\" content=\"https:\/\/www.facebook.com\/vac.tragorignacmuzeum\" \/>\n<meta property=\"article:modified_time\" content=\"2026-01-15T12:23:24+00:00\" \/>\n<meta name=\"twitter:card\" content=\"summary_large_image\" \/>\n<script type=\"application\/ld+json\" class=\"yoast-schema-graph\">{\"@context\":\"https:\\\/\\\/schema.org\",\"@graph\":[{\"@type\":\"WebPage\",\"@id\":\"https:\\\/\\\/muzeumvac.hu\\\/szakmai-beszamolo-az-nka-kozgyujtemenyek-kollegiuma-palyazatahoz-hincz-gyula-festmenyeinek-restauralasarol\\\/\",\"url\":\"https:\\\/\\\/muzeumvac.hu\\\/szakmai-beszamolo-az-nka-kozgyujtemenyek-kollegiuma-palyazatahoz-hincz-gyula-festmenyeinek-restauralasarol\\\/\",\"name\":\"Szakmai besz\u00e1mol\u00f3 az NKA K\u00f6zgy\u0171jtem\u00e9nyek koll\u00e9giuma p\u00e1ly\u00e1zat\u00e1hoz - Hincz Gyula festm\u00e9nyeinek restaur\u00e1l\u00e1s\u00e1r\u00f3l - TRAGOR IGN\u00c1C M\u00daZEUM \u2022 V\u00c1C\",\"isPartOf\":{\"@id\":\"https:\\\/\\\/muzeumvac.hu\\\/#website\"},\"datePublished\":\"2020-01-28T12:22:00+00:00\",\"dateModified\":\"2026-01-15T12:23:24+00:00\",\"description\":\"Egy m\u00fazeum, ezer \u00e9lm\u00e9ny!\",\"breadcrumb\":{\"@id\":\"https:\\\/\\\/muzeumvac.hu\\\/szakmai-beszamolo-az-nka-kozgyujtemenyek-kollegiuma-palyazatahoz-hincz-gyula-festmenyeinek-restauralasarol\\\/#breadcrumb\"},\"inLanguage\":\"en-GB\",\"potentialAction\":[{\"@type\":\"ReadAction\",\"target\":[\"https:\\\/\\\/muzeumvac.hu\\\/szakmai-beszamolo-az-nka-kozgyujtemenyek-kollegiuma-palyazatahoz-hincz-gyula-festmenyeinek-restauralasarol\\\/\"]}]},{\"@type\":\"BreadcrumbList\",\"@id\":\"https:\\\/\\\/muzeumvac.hu\\\/szakmai-beszamolo-az-nka-kozgyujtemenyek-kollegiuma-palyazatahoz-hincz-gyula-festmenyeinek-restauralasarol\\\/#breadcrumb\",\"itemListElement\":[{\"@type\":\"ListItem\",\"position\":1,\"name\":\"Kezd\u0151lap\",\"item\":\"https:\\\/\\\/muzeumvac.hu\\\/\"},{\"@type\":\"ListItem\",\"position\":2,\"name\":\"Szakmai besz\u00e1mol\u00f3 az NKA K\u00f6zgy\u0171jtem\u00e9nyek koll\u00e9giuma p\u00e1ly\u00e1zat\u00e1hoz &#8211; Hincz Gyula festm\u00e9nyeinek restaur\u00e1l\u00e1s\u00e1r\u00f3l\"}]},{\"@type\":\"WebSite\",\"@id\":\"https:\\\/\\\/muzeumvac.hu\\\/#website\",\"url\":\"https:\\\/\\\/muzeumvac.hu\\\/\",\"name\":\"TRAGOR IGN\u00c1C M\u00daZEUM \u2022 V\u00c1C\",\"description\":\"Egy m\u00fazeum, ezer \u00e9lm\u00e9ny!\",\"publisher\":{\"@id\":\"https:\\\/\\\/muzeumvac.hu\\\/#organization\"},\"potentialAction\":[{\"@type\":\"SearchAction\",\"target\":{\"@type\":\"EntryPoint\",\"urlTemplate\":\"https:\\\/\\\/muzeumvac.hu\\\/?s={search_term_string}\"},\"query-input\":{\"@type\":\"PropertyValueSpecification\",\"valueRequired\":true,\"valueName\":\"search_term_string\"}}],\"inLanguage\":\"en-GB\"},{\"@type\":\"Organization\",\"@id\":\"https:\\\/\\\/muzeumvac.hu\\\/#organization\",\"name\":\"TRAGOR IGN\u00c1C M\u00daZEUM \u2022 V\u00c1C\",\"url\":\"https:\\\/\\\/muzeumvac.hu\\\/\",\"logo\":{\"@type\":\"ImageObject\",\"inLanguage\":\"en-GB\",\"@id\":\"https:\\\/\\\/muzeumvac.hu\\\/#\\\/schema\\\/logo\\\/image\\\/\",\"url\":\"https:\\\/\\\/muzeumvac.hu\\\/wp-content\\\/uploads\\\/2025\\\/07\\\/tragor_ignac_logo.png\",\"contentUrl\":\"https:\\\/\\\/muzeumvac.hu\\\/wp-content\\\/uploads\\\/2025\\\/07\\\/tragor_ignac_logo.png\",\"width\":161,\"height\":126,\"caption\":\"TRAGOR IGN\u00c1C M\u00daZEUM \u2022 V\u00c1C\"},\"image\":{\"@id\":\"https:\\\/\\\/muzeumvac.hu\\\/#\\\/schema\\\/logo\\\/image\\\/\"},\"sameAs\":[\"https:\\\/\\\/www.facebook.com\\\/vac.tragorignacmuzeum\",\"https:\\\/\\\/www.instagram.com\\\/tragormuzeum\",\"https:\\\/\\\/www.youtube.com\\\/@TragorIgncMzeum-vac\"]}]}<\/script>\n<!-- \/ Yoast SEO Premium plugin. -->","yoast_head_json":{"title":"Szakmai besz\u00e1mol\u00f3 az NKA K\u00f6zgy\u0171jtem\u00e9nyek koll\u00e9giuma p\u00e1ly\u00e1zat\u00e1hoz - Hincz Gyula festm\u00e9nyeinek restaur\u00e1l\u00e1s\u00e1r\u00f3l - TRAGOR IGN\u00c1C M\u00daZEUM \u2022 V\u00c1C","description":"One museum, a thousand experiences!","robots":{"index":"index","follow":"follow","max-snippet":"max-snippet:-1","max-image-preview":"max-image-preview:large","max-video-preview":"max-video-preview:-1"},"canonical":"https:\/\/muzeumvac.hu\/en\/szakmai-beszamolo-az-nka-kozgyujtemenyek-kollegiuma-palyazatahoz-hincz-gyula-festmenyeinek-restauralasarol\/","og_locale":"en_GB","og_type":"article","og_title":"Szakmai besz\u00e1mol\u00f3 az NKA K\u00f6zgy\u0171jtem\u00e9nyek koll\u00e9giuma p\u00e1ly\u00e1zat\u00e1hoz - Hincz Gyula festm\u00e9nyeinek restaur\u00e1l\u00e1s\u00e1r\u00f3l","og_description":"Egy m\u00fazeum, ezer \u00e9lm\u00e9ny!","og_url":"https:\/\/muzeumvac.hu\/en\/szakmai-beszamolo-az-nka-kozgyujtemenyek-kollegiuma-palyazatahoz-hincz-gyula-festmenyeinek-restauralasarol\/","og_site_name":"TRAGOR IGN\u00c1C M\u00daZEUM \u2022 V\u00c1C","article_publisher":"https:\/\/www.facebook.com\/vac.tragorignacmuzeum","article_modified_time":"2026-01-15T12:23:24+00:00","twitter_card":"summary_large_image","schema":{"@context":"https:\/\/schema.org","@graph":[{"@type":"WebPage","@id":"https:\/\/muzeumvac.hu\/szakmai-beszamolo-az-nka-kozgyujtemenyek-kollegiuma-palyazatahoz-hincz-gyula-festmenyeinek-restauralasarol\/","url":"https:\/\/muzeumvac.hu\/szakmai-beszamolo-az-nka-kozgyujtemenyek-kollegiuma-palyazatahoz-hincz-gyula-festmenyeinek-restauralasarol\/","name":"Szakmai besz\u00e1mol\u00f3 az NKA K\u00f6zgy\u0171jtem\u00e9nyek koll\u00e9giuma p\u00e1ly\u00e1zat\u00e1hoz - Hincz Gyula festm\u00e9nyeinek restaur\u00e1l\u00e1s\u00e1r\u00f3l - TRAGOR IGN\u00c1C M\u00daZEUM \u2022 V\u00c1C","isPartOf":{"@id":"https:\/\/muzeumvac.hu\/#website"},"datePublished":"2020-01-28T12:22:00+00:00","dateModified":"2026-01-15T12:23:24+00:00","description":"One museum, a thousand experiences!","breadcrumb":{"@id":"https:\/\/muzeumvac.hu\/szakmai-beszamolo-az-nka-kozgyujtemenyek-kollegiuma-palyazatahoz-hincz-gyula-festmenyeinek-restauralasarol\/#breadcrumb"},"inLanguage":"en-GB","potentialAction":[{"@type":"ReadAction","target":["https:\/\/muzeumvac.hu\/szakmai-beszamolo-az-nka-kozgyujtemenyek-kollegiuma-palyazatahoz-hincz-gyula-festmenyeinek-restauralasarol\/"]}]},{"@type":"BreadcrumbList","@id":"https:\/\/muzeumvac.hu\/szakmai-beszamolo-az-nka-kozgyujtemenyek-kollegiuma-palyazatahoz-hincz-gyula-festmenyeinek-restauralasarol\/#breadcrumb","itemListElement":[{"@type":"ListItem","position":1,"name":"Kezd\u0151lap","item":"https:\/\/muzeumvac.hu\/"},{"@type":"ListItem","position":2,"name":"Szakmai besz\u00e1mol\u00f3 az NKA K\u00f6zgy\u0171jtem\u00e9nyek koll\u00e9giuma p\u00e1ly\u00e1zat\u00e1hoz &#8211; Hincz Gyula festm\u00e9nyeinek restaur\u00e1l\u00e1s\u00e1r\u00f3l"}]},{"@type":"WebSite","@id":"https:\/\/muzeumvac.hu\/#website","url":"https:\/\/muzeumvac.hu\/","name":"TRAGOR IGN\u00c1C M\u00daZEUM \u2022 V\u00c1C","description":"One museum, a thousand experiences!","publisher":{"@id":"https:\/\/muzeumvac.hu\/#organization"},"potentialAction":[{"@type":"SearchAction","target":{"@type":"EntryPoint","urlTemplate":"https:\/\/muzeumvac.hu\/?s={search_term_string}"},"query-input":{"@type":"PropertyValueSpecification","valueRequired":true,"valueName":"search_term_string"}}],"inLanguage":"en-GB"},{"@type":"Organization","@id":"https:\/\/muzeumvac.hu\/#organization","name":"TRAGOR IGN\u00c1C M\u00daZEUM \u2022 V\u00c1C","url":"https:\/\/muzeumvac.hu\/","logo":{"@type":"ImageObject","inLanguage":"en-GB","@id":"https:\/\/muzeumvac.hu\/#\/schema\/logo\/image\/","url":"https:\/\/muzeumvac.hu\/wp-content\/uploads\/2025\/07\/tragor_ignac_logo.png","contentUrl":"https:\/\/muzeumvac.hu\/wp-content\/uploads\/2025\/07\/tragor_ignac_logo.png","width":161,"height":126,"caption":"TRAGOR IGN\u00c1C M\u00daZEUM \u2022 V\u00c1C"},"image":{"@id":"https:\/\/muzeumvac.hu\/#\/schema\/logo\/image\/"},"sameAs":["https:\/\/www.facebook.com\/vac.tragorignacmuzeum","https:\/\/www.instagram.com\/tragormuzeum","https:\/\/www.youtube.com\/@TragorIgncMzeum-vac"]}]}},"_links":{"self":[{"href":"https:\/\/muzeumvac.hu\/en\/wp-json\/wp\/v2\/pages\/5454","targetHints":{"allow":["GET"]}}],"collection":[{"href":"https:\/\/muzeumvac.hu\/en\/wp-json\/wp\/v2\/pages"}],"about":[{"href":"https:\/\/muzeumvac.hu\/en\/wp-json\/wp\/v2\/types\/page"}],"author":[{"embeddable":true,"href":"https:\/\/muzeumvac.hu\/en\/wp-json\/wp\/v2\/users\/1"}],"replies":[{"embeddable":true,"href":"https:\/\/muzeumvac.hu\/en\/wp-json\/wp\/v2\/comments?post=5454"}],"version-history":[{"count":2,"href":"https:\/\/muzeumvac.hu\/en\/wp-json\/wp\/v2\/pages\/5454\/revisions"}],"predecessor-version":[{"id":5459,"href":"https:\/\/muzeumvac.hu\/en\/wp-json\/wp\/v2\/pages\/5454\/revisions\/5459"}],"wp:attachment":[{"href":"https:\/\/muzeumvac.hu\/en\/wp-json\/wp\/v2\/media?parent=5454"}],"curies":[{"name":"wp","href":"https:\/\/api.w.org\/{rel}","templated":true}]}}