{"id":5442,"date":"2021-08-23T13:18:00","date_gmt":"2021-08-23T11:18:00","guid":{"rendered":"https:\/\/muzeumvac.hu\/?page_id=5442"},"modified":"2026-01-15T13:20:17","modified_gmt":"2026-01-15T12:20:17","slug":"szakmai-beszamolo-az-nka-kozgyujtemenyek-kuratoriuma-palyazatahoz-2021","status":"publish","type":"page","link":"https:\/\/muzeumvac.hu\/en\/szakmai-beszamolo-az-nka-kozgyujtemenyek-kuratoriuma-palyazatahoz-2021\/","title":{"rendered":"Szakmai besz\u00e1mol\u00f3 az NKA K\u00f6zgy\u0171jtem\u00e9nyek kurat\u00f3riuma p\u00e1ly\u00e1zat\u00e1hoz 2021"},"content":{"rendered":"<p>[et_pb_section fb_built=&#8221;1&#8243; theme_builder_area=&#8221;post_content&#8221; _builder_version=&#8221;4.27.4&#8243; _module_preset=&#8221;default&#8221;][et_pb_row _builder_version=&#8221;4.27.4&#8243; _module_preset=&#8221;default&#8221; theme_builder_area=&#8221;post_content&#8221;][et_pb_column _builder_version=&#8221;4.27.4&#8243; _module_preset=&#8221;default&#8221; type=&#8221;4_4&#8243; theme_builder_area=&#8221;post_content&#8221;][et_pb_text _builder_version=&#8221;4.27.4&#8243; _module_preset=&#8221;default&#8221; theme_builder_area=&#8221;post_content&#8221; hover_enabled=&#8221;0&#8243; sticky_enabled=&#8221;0&#8243;]<\/p>\n<p>Szakmai besz\u00e1mol\u00f3 az NKA K\u00f6zgy\u0171jtem\u00e9nyek kurat\u00f3riuma p\u00e1ly\u00e1zat\u00e1hoz 2021<br \/>\u00a02021. augusztus 23.<\/p>\n<p><strong>\u00c1llom\u00e1nyv\u00e9delmi, restaur\u00e1l\u00e1si tev\u00e9kenys\u00e9ghez sz\u00fcks\u00e9ges szakmai anyagok \u00e9s eszk\u00f6z\u00f6k beszerz\u00e9se<br \/>P\u00e1ly\u00e1zati azonos\u00edt\u00f3: 204105\/03445<br \/>A Tragor Ign\u00e1c M\u00fazeum k\u00fcl\u00f6nf\u00e9le t\u00e1rol\u00f3eszk\u00f6z\u00f6k \u00e9s csomagol\u00f3anyagok, valamint egy nagy teljes\u00edtm\u00e9ny\u0171 multifunkcion\u00e1lis szersz\u00e1m beszerz\u00e9s\u00e9re nyert 1.200.000 Ft t\u00e1mogat\u00e1st az NKA K\u00f6zgy\u0171jtem\u00e9nyek kurat\u00f3rium\u00e1t\u00f3l.<\/strong><\/p>\n<p>A t\u00e1mogat\u00e1s legnagyobb r\u00e9sz\u00e9t a v\u00e1ci domonkos kripta leletanyag t\u00e1rgyainak (mintegy 1800 t\u00e1rgy \u00e9s t\u00e1rgyt\u00f6red\u00e9k) \u00e1tcsomagol\u00e1sa c\u00e9lj\u00e1b\u00f3l beszerzett t\u00e1rol\u00f3eszk\u00f6z\u00f6k \u00e9s csomagol\u00f3anyagok teszik ki.<\/p>\n<p>A beszerz\u00e9sek sor\u00e1n abb\u00f3l indultunk ki, hogy a t\u00e1rgyak eset\u00e9n sz\u00fcks\u00e9g van a folyamatos \u00e1llapot-megfigyel\u00e9sre akkor is, ha jelenlegi \u00e1llapotuk, az el\u0151ker\u00fcl\u00e9s k\u00f6r\u00fclm\u00e9nyeit tekintve j\u00f3nak mondhat\u00f3. A kor\u00e1bban haszn\u00e1lt, m\u0171t\u00e1rgybar\u00e1tnak nem nevezhet\u0151 f\u00f3lia \u00e9s m\u0171anyag dobozok, k\u00fcl\u00f6nb\u00f6z\u0151 egy\u00e9b dobozok \u00e9s elhaszn\u00e1l\u00f3dott csomagol\u00f3anyagok teljes m\u00e9rt\u00e9kben lecser\u00e9l\u00e9sre ker\u00fclnek. \u00a0Az anyagfajta ig\u00e9nyeinek megfelel\u0151 m\u0171t\u00e1rgyk\u00f6rnyezet kialak\u00edt\u00e1s\u00e1val, megfelel\u0151 csomagol\u00e1ssal megel\u0151zhet\u0151, hogy az adott t\u00e1rgy \u00e1llapota roml\u00e1snak induljon.<\/p>\n<p>A nem restaur\u00e1lt textilek, textil-t\u00f6red\u00e9kek \u00e1tcsomagol\u00e1sa eset\u00e9n olyan m\u00f3dot v\u00e1lasztunk, amely a t\u00e1rgy spont\u00e1n mozg\u00e1s\u00e1t, ez\u00e1ltal tov\u00e1bbi roncsol\u00f3d\u00e1s\u00e1t nem teszi lehet\u0151v\u00e9 (habkarton al\u00e1t\u00e1maszt\u00e1s, kit\u0171z\u00e9s rovart\u0171vel, f\u00e1tyolf\u00f3li\u00e1s l\u00e1that\u00f3 bels\u0151 csomagol\u00e1s). A porosod\u00e1st a Dupont Tyvek pH semleges, puha, ugyanakkor antisztatikus bevonat\u00fa speci\u00e1lis textilb\u0151l k\u00e9sz\u00fclt k\u00fcls\u0151, k\u00f6nnyen nyithat\u00f3 v\u00e9d\u0151csomagol\u00e1s, illetve lenv\u00e1szon tasak , vagy tekercs akad\u00e1lyozza meg.<\/p>\n<p>Mivel a b\u0151r t\u00e1rgyakon fenn\u00e1ll a pen\u00e9szed\u00e9s vesz\u00e9lye, az erre \u00e9rz\u00e9keny t\u00e1rgyak al\u00e1 a dobozba sz\u00edv\u00f3pap\u00edr ker\u00fcl.<\/p>\n<p>Valamennyi dobozt lecser\u00e9lj\u00fck k\u00f6nnyen nyithat\u00f3, j\u00f3 r\u00e1l\u00e1t\u00e1st biztos\u00edt\u00f3 fedel\u0171 savmentes dobozra, savmentes, m\u0171t\u00e1rgybar\u00e1t b\u00e9lel\u0151anyaggal ell\u00e1tva (pl. r\u00f3zsaf\u00fcz\u00e9rek, fesz\u00fcletek, m\u0171vir\u00e1gok, fejreval\u00f3k, l\u00e1bbelik \u00e1tcsomagol\u00e1sa), amely lehet\u0151v\u00e9 teszi a t\u00e1rgyak szell\u0151z\u00e9s\u00e9t. Az apr\u00f3 t\u00e1rgyak (\u00e9rmek, gombok) polipropil\u00e9n tasakba ker\u00fclnek.<\/p>\n<p>A p\u00e1ly\u00e1zati forr\u00e1sb\u00f3l az al\u00e1bbi, a k\u00fcl\u00f6nf\u00e9le anyag\u00fa m\u0171t\u00e1rgyak ig\u00e9nyeihez legjobban megfelel\u0151 csomagol\u00f3anyagok beszerz\u00e9se t\u00f6rt\u00e9nt meg hat\u00e1rid\u0151ig:<\/p>\n<p>&#8211;\u00a0\u00a0\u00a0\u00a0\u00a0\u00a0\u00a0\u00a0\u00a0 savmentes t\u00e1rol\u00f3dobozok 6 m\u00e9retben:<\/p>\n<ul>\n<li>39 x 29 x 18 cm \/ 125 db,<\/li>\n<li>32 x 24 x 30\u00a0\/ 25 db,<\/li>\n<li>10 x 15\u00a0\u00a0x 5 \/ 200 db,<\/li>\n<li>13 x 18\u00a0\u00a0x 5 \/ 50 db,<\/li>\n<li>18 x 24\u00a0\u00a0x 5 \/ 50 db,<\/li>\n<li>tekercst\u00e1rol\u00f3 5 db<\/li>\n<\/ul>\n<p>&#8211;\u00a0\u00a0\u00a0\u00a0\u00a0\u00a0\u00a0\u00a0\u00a0 archiv\u00e1lis selyempap\u00edr tekercsben<\/p>\n<p>&#8211;\u00a0\u00a0\u00a0\u00a0\u00a0\u00a0\u00a0\u00a0\u00a0 polipropil\u00e9n tasakok 2 m\u00e9retben (10 x 15, 18 x 24)<\/p>\n<p>&#8211;\u00a0\u00a0\u00a0\u00a0\u00a0\u00a0\u00a0\u00a0\u00a0 sz\u00edv\u00f3pap\u00edr 2 \u00edv<\/p>\n<p>&#8211;\u00a0\u00a0\u00a0\u00a0\u00a0\u00a0\u00a0\u00a0\u00a0 portasz\u00edt\u00f3 Dupont Tyvek textilpap\u00edr tekercsben<\/p>\n<p>&#8211;\u00a0\u00a0\u00a0\u00a0\u00a0\u00a0\u00a0\u00a0\u00a0 habkarton 2 doboz<\/p>\n<p>&#8211;\u00a0\u00a0\u00a0\u00a0\u00a0\u00a0\u00a0\u00a0\u00a0 lenv\u00e1szon 15 m<\/p>\n<p>&#8211;\u00a0\u00a0\u00a0\u00a0\u00a0\u00a0\u00a0\u00a0\u00a0 f\u00e1tyolf\u00f3lia tekercsben<\/p>\n<p>&#8211;\u00a0\u00a0\u00a0\u00a0\u00a0\u00a0\u00a0\u00a0\u00a0 pap\u00edrleped\u0151, v\u00e1gott<\/p>\n<p>&#8211;\u00a0\u00a0\u00a0\u00a0\u00a0\u00a0\u00a0\u00a0\u00a0 rovart\u0171 50 csomag<\/p>\n<p>&#8211;\u00a0\u00a0\u00a0\u00a0\u00a0\u00a0\u00a0\u00a0\u00a0 ph-indik\u00e1tor toll<\/p>\n<p>&#8211;\u00a0\u00a0\u00a0\u00a0\u00a0\u00a0\u00a0\u00a0\u00a0 speci\u00e1lis, minden fel\u00fcletre \u00edr\u00f3 ceruza, mely alkalmas a lelt\u00e1ri sz\u00e1m felt\u00fcntet\u00e9s\u00e9re valamennyi csomagol\u00f3anyag t\u00edpuson.<\/p>\n<p>\u00c1tcsomagol\u00e1s a r\u00e9gi korszer\u0171tlen, nem szell\u0151z\u0151 csomagol\u00f3anyagb\u00f3l m\u0171t\u00e1rgybar\u00e1t, a t\u00e1rgy m\u00e9ret\u00e9hez igazod\u00f3 csomagol\u00f3anyagokba \u00e9s savmentes dobozokba, melyek biztos\u00edtj\u00e1k a kutathat\u00f3s\u00e1got is.<\/p>\n<p>A dokument\u00e1ci\u00f3 \u00e1tcsomagol\u00e1sa a sok haszn\u00e1lat miatt elszennyez\u0151d\u00f6tt dosszi\u00e9kb\u00f3l \u00faj p\u00f3ly\u00e1s dosszi\u00e9kba megt\u00f6rt\u00e9nt.<\/p>\n<p>Az\u00e9rt, hogy a 200-300 \u00e9ves t\u00e1rgyakat biztons\u00e1gosan meg\u0151rizz\u00fck az ut\u00f3kornak, biztos\u00edtva ugyanakkor a kutathat\u00f3s\u00e1got is, melyre folyamatos az ig\u00e9ny, nagy seg\u00edts\u00e9g\u00fcnkre lehetnek a prevent\u00edv konzerv\u00e1l\u00e1s m\u00f3dszerei, a k\u00fcl\u00f6nb\u00f6z\u0151 m\u0171t\u00e1rgybar\u00e1t csomagol\u00f3anyagok, t\u00e1rol\u00f3eszk\u00f6z\u00f6k. A rakt\u00e1r 2020-ban elk\u00e9sz\u00fclt fejleszt\u00e9sei, valamint a megv\u00e1s\u00e1rolt m\u0171t\u00e1rgybar\u00e1t csomagol\u00f3anyagok haszn\u00e1lata megfelel\u0151 m\u0171t\u00e1rgyk\u00f6rnyezetet biztos\u00edt a m\u00fazeum unik\u00e1lis 18. sz\u00e1zadi m\u0171t\u00e1rgyainak. A munka folyamatos, a beszerz\u00e9st\u0151l eltelt id\u0151 r\u00f6vids\u00e9ge miatt azonban a tapasztalatok csak hosszabb t\u00e1von elemezhet\u0151ek.<\/p>\n<p>&nbsp;<\/p>\n<p><strong>Eszk\u00f6zbeszerz\u00e9s<\/strong><\/p>\n<p>A megv\u00e1s\u00e1rolt nagy teljes\u00edtm\u00e9ny\u0171 multifunkcion\u00e1lis Proxxon Micromot csiszol\u00f3g\u00e9p \u00e9s tartoz\u00e9kai seg\u00edts\u00e9g\u00e9vel a kriptaanyagb\u00f3l sz\u00e1rmaz\u00f3 fesz\u00fcletek, illetve r\u00e9g\u00e9szeti f\u00e9mt\u00e1rgyak tiszt\u00edt\u00e1sa gyorsabb \u00e9s hat\u00e9konyabb. A kor\u00e1bban haszn\u00e1lt eszk\u00f6zt szint\u00e9n p\u00e1ly\u00e1zati forr\u00e1sb\u00f3l v\u00e1s\u00e1roltuk, 2013-ban, ez romlott el a k\u00f6zelm\u00faltban. \u00a0 Az alapeszk\u00f6zh\u00f6z az al\u00e1bbi kieg\u00e9sz\u00edt\u0151k ker\u00fcltek beszerz\u00e9sre: gy\u00e9m\u00e1nt csiszol\u00f3fejek t\u00f6bb m\u00e9retben \u00e9s alakban, csiszol\u00f3t\u00e1rcsa, fesz\u00edt\u0151t\u00fcske, ac\u00e9l-, \u00e9s r\u00e9zkef\u00e9k.<\/p>\n<p>&nbsp;<\/p>\n<p>[\/et_pb_text][et_pb_gallery _builder_version=&#8221;4.27.4&#8243; _module_preset=&#8221;default&#8221; theme_builder_area=&#8221;post_content&#8221; gallery_ids=&#8221;5444,5445,5446,5447,5448,5449,5450&#8243; hover_enabled=&#8221;0&#8243; sticky_enabled=&#8221;0&#8243;][\/et_pb_gallery][\/et_pb_column][\/et_pb_row][\/et_pb_section]<\/p>\n","protected":false},"excerpt":{"rendered":"<p>Szakmai besz\u00e1mol\u00f3 az NKA K\u00f6zgy\u0171jtem\u00e9nyek kurat\u00f3riuma p\u00e1ly\u00e1zat\u00e1hoz 2021\u00a02021. augusztus 23. \u00c1llom\u00e1nyv\u00e9delmi, restaur\u00e1l\u00e1si tev\u00e9kenys\u00e9ghez sz\u00fcks\u00e9ges szakmai anyagok \u00e9s eszk\u00f6z\u00f6k beszerz\u00e9seP\u00e1ly\u00e1zati azonos\u00edt\u00f3: 204105\/03445A Tragor Ign\u00e1c M\u00fazeum k\u00fcl\u00f6nf\u00e9le t\u00e1rol\u00f3eszk\u00f6z\u00f6k \u00e9s csomagol\u00f3anyagok, valamint egy [&hellip;]<\/p>\n","protected":false},"author":1,"featured_media":0,"parent":0,"menu_order":0,"comment_status":"closed","ping_status":"closed","template":"","meta":{"_et_pb_use_builder":"on","_et_pb_old_content":"","_et_gb_content_width":"","footnotes":""},"class_list":["post-5442","page","type-page","status-publish","hentry"],"yoast_head":"<!-- This site is optimized with the Yoast SEO Premium plugin v27.3 (Yoast SEO v27.3) - https:\/\/yoast.com\/product\/yoast-seo-premium-wordpress\/ -->\n<title>Szakmai besz\u00e1mol\u00f3 az NKA K\u00f6zgy\u0171jtem\u00e9nyek kurat\u00f3riuma p\u00e1ly\u00e1zat\u00e1hoz 2021 - TRAGOR IGN\u00c1C M\u00daZEUM \u2022 V\u00c1C<\/title>\n<meta name=\"description\" content=\"Egy m\u00fazeum, ezer \u00e9lm\u00e9ny!\" \/>\n<meta name=\"robots\" content=\"index, follow, max-snippet:-1, max-image-preview:large, max-video-preview:-1\" \/>\n<link rel=\"canonical\" href=\"https:\/\/muzeumvac.hu\/en\/szakmai-beszamolo-az-nka-kozgyujtemenyek-kuratoriuma-palyazatahoz-2021\/\" \/>\n<meta property=\"og:locale\" content=\"en_GB\" \/>\n<meta property=\"og:type\" content=\"article\" \/>\n<meta property=\"og:title\" content=\"Szakmai besz\u00e1mol\u00f3 az NKA K\u00f6zgy\u0171jtem\u00e9nyek kurat\u00f3riuma p\u00e1ly\u00e1zat\u00e1hoz 2021\" \/>\n<meta property=\"og:description\" content=\"Egy m\u00fazeum, ezer \u00e9lm\u00e9ny!\" \/>\n<meta property=\"og:url\" content=\"https:\/\/muzeumvac.hu\/en\/szakmai-beszamolo-az-nka-kozgyujtemenyek-kuratoriuma-palyazatahoz-2021\/\" \/>\n<meta property=\"og:site_name\" content=\"TRAGOR IGN\u00c1C M\u00daZEUM \u2022 V\u00c1C\" \/>\n<meta property=\"article:publisher\" content=\"https:\/\/www.facebook.com\/vac.tragorignacmuzeum\" \/>\n<meta property=\"article:modified_time\" content=\"2026-01-15T12:20:17+00:00\" \/>\n<meta name=\"twitter:card\" content=\"summary_large_image\" \/>\n<script type=\"application\/ld+json\" class=\"yoast-schema-graph\">{\"@context\":\"https:\\\/\\\/schema.org\",\"@graph\":[{\"@type\":\"WebPage\",\"@id\":\"https:\\\/\\\/muzeumvac.hu\\\/szakmai-beszamolo-az-nka-kozgyujtemenyek-kuratoriuma-palyazatahoz-2021\\\/\",\"url\":\"https:\\\/\\\/muzeumvac.hu\\\/szakmai-beszamolo-az-nka-kozgyujtemenyek-kuratoriuma-palyazatahoz-2021\\\/\",\"name\":\"Szakmai besz\u00e1mol\u00f3 az NKA K\u00f6zgy\u0171jtem\u00e9nyek kurat\u00f3riuma p\u00e1ly\u00e1zat\u00e1hoz 2021 - TRAGOR IGN\u00c1C M\u00daZEUM \u2022 V\u00c1C\",\"isPartOf\":{\"@id\":\"https:\\\/\\\/muzeumvac.hu\\\/#website\"},\"datePublished\":\"2021-08-23T11:18:00+00:00\",\"dateModified\":\"2026-01-15T12:20:17+00:00\",\"description\":\"Egy m\u00fazeum, ezer \u00e9lm\u00e9ny!\",\"breadcrumb\":{\"@id\":\"https:\\\/\\\/muzeumvac.hu\\\/szakmai-beszamolo-az-nka-kozgyujtemenyek-kuratoriuma-palyazatahoz-2021\\\/#breadcrumb\"},\"inLanguage\":\"en-GB\",\"potentialAction\":[{\"@type\":\"ReadAction\",\"target\":[\"https:\\\/\\\/muzeumvac.hu\\\/szakmai-beszamolo-az-nka-kozgyujtemenyek-kuratoriuma-palyazatahoz-2021\\\/\"]}]},{\"@type\":\"BreadcrumbList\",\"@id\":\"https:\\\/\\\/muzeumvac.hu\\\/szakmai-beszamolo-az-nka-kozgyujtemenyek-kuratoriuma-palyazatahoz-2021\\\/#breadcrumb\",\"itemListElement\":[{\"@type\":\"ListItem\",\"position\":1,\"name\":\"Kezd\u0151lap\",\"item\":\"https:\\\/\\\/muzeumvac.hu\\\/\"},{\"@type\":\"ListItem\",\"position\":2,\"name\":\"Szakmai besz\u00e1mol\u00f3 az NKA K\u00f6zgy\u0171jtem\u00e9nyek kurat\u00f3riuma p\u00e1ly\u00e1zat\u00e1hoz 2021\"}]},{\"@type\":\"WebSite\",\"@id\":\"https:\\\/\\\/muzeumvac.hu\\\/#website\",\"url\":\"https:\\\/\\\/muzeumvac.hu\\\/\",\"name\":\"TRAGOR IGN\u00c1C M\u00daZEUM \u2022 V\u00c1C\",\"description\":\"Egy m\u00fazeum, ezer \u00e9lm\u00e9ny!\",\"publisher\":{\"@id\":\"https:\\\/\\\/muzeumvac.hu\\\/#organization\"},\"potentialAction\":[{\"@type\":\"SearchAction\",\"target\":{\"@type\":\"EntryPoint\",\"urlTemplate\":\"https:\\\/\\\/muzeumvac.hu\\\/?s={search_term_string}\"},\"query-input\":{\"@type\":\"PropertyValueSpecification\",\"valueRequired\":true,\"valueName\":\"search_term_string\"}}],\"inLanguage\":\"en-GB\"},{\"@type\":\"Organization\",\"@id\":\"https:\\\/\\\/muzeumvac.hu\\\/#organization\",\"name\":\"TRAGOR IGN\u00c1C M\u00daZEUM \u2022 V\u00c1C\",\"url\":\"https:\\\/\\\/muzeumvac.hu\\\/\",\"logo\":{\"@type\":\"ImageObject\",\"inLanguage\":\"en-GB\",\"@id\":\"https:\\\/\\\/muzeumvac.hu\\\/#\\\/schema\\\/logo\\\/image\\\/\",\"url\":\"https:\\\/\\\/muzeumvac.hu\\\/wp-content\\\/uploads\\\/2025\\\/07\\\/tragor_ignac_logo.png\",\"contentUrl\":\"https:\\\/\\\/muzeumvac.hu\\\/wp-content\\\/uploads\\\/2025\\\/07\\\/tragor_ignac_logo.png\",\"width\":161,\"height\":126,\"caption\":\"TRAGOR IGN\u00c1C M\u00daZEUM \u2022 V\u00c1C\"},\"image\":{\"@id\":\"https:\\\/\\\/muzeumvac.hu\\\/#\\\/schema\\\/logo\\\/image\\\/\"},\"sameAs\":[\"https:\\\/\\\/www.facebook.com\\\/vac.tragorignacmuzeum\",\"https:\\\/\\\/www.instagram.com\\\/tragormuzeum\",\"https:\\\/\\\/www.youtube.com\\\/@TragorIgncMzeum-vac\"]}]}<\/script>\n<!-- \/ Yoast SEO Premium plugin. -->","yoast_head_json":{"title":"Szakmai besz\u00e1mol\u00f3 az NKA K\u00f6zgy\u0171jtem\u00e9nyek kurat\u00f3riuma p\u00e1ly\u00e1zat\u00e1hoz 2021 - TRAGOR IGN\u00c1C M\u00daZEUM \u2022 V\u00c1C","description":"One museum, a thousand experiences!","robots":{"index":"index","follow":"follow","max-snippet":"max-snippet:-1","max-image-preview":"max-image-preview:large","max-video-preview":"max-video-preview:-1"},"canonical":"https:\/\/muzeumvac.hu\/en\/szakmai-beszamolo-az-nka-kozgyujtemenyek-kuratoriuma-palyazatahoz-2021\/","og_locale":"en_GB","og_type":"article","og_title":"Szakmai besz\u00e1mol\u00f3 az NKA K\u00f6zgy\u0171jtem\u00e9nyek kurat\u00f3riuma p\u00e1ly\u00e1zat\u00e1hoz 2021","og_description":"Egy m\u00fazeum, ezer \u00e9lm\u00e9ny!","og_url":"https:\/\/muzeumvac.hu\/en\/szakmai-beszamolo-az-nka-kozgyujtemenyek-kuratoriuma-palyazatahoz-2021\/","og_site_name":"TRAGOR IGN\u00c1C M\u00daZEUM \u2022 V\u00c1C","article_publisher":"https:\/\/www.facebook.com\/vac.tragorignacmuzeum","article_modified_time":"2026-01-15T12:20:17+00:00","twitter_card":"summary_large_image","schema":{"@context":"https:\/\/schema.org","@graph":[{"@type":"WebPage","@id":"https:\/\/muzeumvac.hu\/szakmai-beszamolo-az-nka-kozgyujtemenyek-kuratoriuma-palyazatahoz-2021\/","url":"https:\/\/muzeumvac.hu\/szakmai-beszamolo-az-nka-kozgyujtemenyek-kuratoriuma-palyazatahoz-2021\/","name":"Szakmai besz\u00e1mol\u00f3 az NKA K\u00f6zgy\u0171jtem\u00e9nyek kurat\u00f3riuma p\u00e1ly\u00e1zat\u00e1hoz 2021 - TRAGOR IGN\u00c1C M\u00daZEUM \u2022 V\u00c1C","isPartOf":{"@id":"https:\/\/muzeumvac.hu\/#website"},"datePublished":"2021-08-23T11:18:00+00:00","dateModified":"2026-01-15T12:20:17+00:00","description":"One museum, a thousand experiences!","breadcrumb":{"@id":"https:\/\/muzeumvac.hu\/szakmai-beszamolo-az-nka-kozgyujtemenyek-kuratoriuma-palyazatahoz-2021\/#breadcrumb"},"inLanguage":"en-GB","potentialAction":[{"@type":"ReadAction","target":["https:\/\/muzeumvac.hu\/szakmai-beszamolo-az-nka-kozgyujtemenyek-kuratoriuma-palyazatahoz-2021\/"]}]},{"@type":"BreadcrumbList","@id":"https:\/\/muzeumvac.hu\/szakmai-beszamolo-az-nka-kozgyujtemenyek-kuratoriuma-palyazatahoz-2021\/#breadcrumb","itemListElement":[{"@type":"ListItem","position":1,"name":"Kezd\u0151lap","item":"https:\/\/muzeumvac.hu\/"},{"@type":"ListItem","position":2,"name":"Szakmai besz\u00e1mol\u00f3 az NKA K\u00f6zgy\u0171jtem\u00e9nyek kurat\u00f3riuma p\u00e1ly\u00e1zat\u00e1hoz 2021"}]},{"@type":"WebSite","@id":"https:\/\/muzeumvac.hu\/#website","url":"https:\/\/muzeumvac.hu\/","name":"TRAGOR IGN\u00c1C M\u00daZEUM \u2022 V\u00c1C","description":"One museum, a thousand experiences!","publisher":{"@id":"https:\/\/muzeumvac.hu\/#organization"},"potentialAction":[{"@type":"SearchAction","target":{"@type":"EntryPoint","urlTemplate":"https:\/\/muzeumvac.hu\/?s={search_term_string}"},"query-input":{"@type":"PropertyValueSpecification","valueRequired":true,"valueName":"search_term_string"}}],"inLanguage":"en-GB"},{"@type":"Organization","@id":"https:\/\/muzeumvac.hu\/#organization","name":"TRAGOR IGN\u00c1C M\u00daZEUM \u2022 V\u00c1C","url":"https:\/\/muzeumvac.hu\/","logo":{"@type":"ImageObject","inLanguage":"en-GB","@id":"https:\/\/muzeumvac.hu\/#\/schema\/logo\/image\/","url":"https:\/\/muzeumvac.hu\/wp-content\/uploads\/2025\/07\/tragor_ignac_logo.png","contentUrl":"https:\/\/muzeumvac.hu\/wp-content\/uploads\/2025\/07\/tragor_ignac_logo.png","width":161,"height":126,"caption":"TRAGOR IGN\u00c1C M\u00daZEUM \u2022 V\u00c1C"},"image":{"@id":"https:\/\/muzeumvac.hu\/#\/schema\/logo\/image\/"},"sameAs":["https:\/\/www.facebook.com\/vac.tragorignacmuzeum","https:\/\/www.instagram.com\/tragormuzeum","https:\/\/www.youtube.com\/@TragorIgncMzeum-vac"]}]}},"_links":{"self":[{"href":"https:\/\/muzeumvac.hu\/en\/wp-json\/wp\/v2\/pages\/5442","targetHints":{"allow":["GET"]}}],"collection":[{"href":"https:\/\/muzeumvac.hu\/en\/wp-json\/wp\/v2\/pages"}],"about":[{"href":"https:\/\/muzeumvac.hu\/en\/wp-json\/wp\/v2\/types\/page"}],"author":[{"embeddable":true,"href":"https:\/\/muzeumvac.hu\/en\/wp-json\/wp\/v2\/users\/1"}],"replies":[{"embeddable":true,"href":"https:\/\/muzeumvac.hu\/en\/wp-json\/wp\/v2\/comments?post=5442"}],"version-history":[{"count":2,"href":"https:\/\/muzeumvac.hu\/en\/wp-json\/wp\/v2\/pages\/5442\/revisions"}],"predecessor-version":[{"id":5451,"href":"https:\/\/muzeumvac.hu\/en\/wp-json\/wp\/v2\/pages\/5442\/revisions\/5451"}],"wp:attachment":[{"href":"https:\/\/muzeumvac.hu\/en\/wp-json\/wp\/v2\/media?parent=5442"}],"curies":[{"name":"wp","href":"https:\/\/api.w.org\/{rel}","templated":true}]}}