{"id":5432,"date":"2022-12-20T13:15:00","date_gmt":"2022-12-20T12:15:00","guid":{"rendered":"https:\/\/muzeumvac.hu\/?page_id=5432"},"modified":"2026-01-15T13:16:45","modified_gmt":"2026-01-15T12:16:45","slug":"szakmai-beszamolo-szentkepfesto-maria-a-gyermekkel-cimu-muvenek-restauralasarol","status":"publish","type":"page","link":"https:\/\/muzeumvac.hu\/en\/szakmai-beszamolo-szentkepfesto-maria-a-gyermekkel-cimu-muvenek-restauralasarol\/","title":{"rendered":"Szakmai besz\u00e1mol\u00f3 Szentk\u00e9pfest\u0151 M\u00e1ria a gyermekkel c\u00edm\u0171 m\u0171v\u00e9nek restaur\u00e1l\u00e1s\u00e1r\u00f3l"},"content":{"rendered":"<p>[et_pb_section fb_built=&#8221;1&#8243; theme_builder_area=&#8221;post_content&#8221; _builder_version=&#8221;4.27.4&#8243; _module_preset=&#8221;default&#8221;][et_pb_row _builder_version=&#8221;4.27.4&#8243; _module_preset=&#8221;default&#8221; theme_builder_area=&#8221;post_content&#8221;][et_pb_column _builder_version=&#8221;4.27.4&#8243; _module_preset=&#8221;default&#8221; type=&#8221;4_4&#8243; theme_builder_area=&#8221;post_content&#8221;][et_pb_text _builder_version=&#8221;4.27.4&#8243; _module_preset=&#8221;default&#8221; theme_builder_area=&#8221;post_content&#8221; hover_enabled=&#8221;0&#8243; sticky_enabled=&#8221;0&#8243;]<\/p>\n<p>Szakmai besz\u00e1mol\u00f3 Szentk\u00e9pfest\u0151 M\u00e1ria a gyermekkel c\u00edm\u0171 m\u0171v\u00e9nek restaur\u00e1l\u00e1s\u00e1r\u00f3l<br \/>\u00a02022. december 20.<\/p>\n<p><strong>Szentk\u00e9pfest\u0151 M\u00e1ria a gyermekkel c\u00edm\u0171 m\u0171v\u00e9nek restaur\u00e1l\u00e1sa<br \/>(ltsz.: 52.154.1., olajfestm\u00e9ny v\u00e1szon hordoz\u00f3n, 163 cm x 128 cm)<\/p>\n<p>P\u00e1ly\u00e1zati azonos\u00edt\u00f3: 209111\/152<br \/>Az elnyert t\u00e1mogat\u00e1s: 745 000 Ft \u00f6sszeg\u0171 vissza nem t\u00e9r\u00edtend\u0151 t\u00e1mogat\u00e1s<\/strong><\/p>\n<p>M\u00fazeumunk 2021 december\u00e9ben, a Nemzeti Kultur\u00e1lis Alap M\u00fazeumok Koll\u00e9gium\u00e1hoz beny\u00fajtott p\u00e1ly\u00e1zat\u00e1ban a K\u00e9pz\u0151m\u0171v\u00e9szeti Gy\u0171jtem\u00e9nyben \u0151rz\u00f6tt, Szentk\u00e9pfest\u0151:\u00a0<em>M\u00e1ria a gyermekkel<\/em>\u00a0c. m\u0171 restaur\u00e1l\u00e1s\u00e1ra p\u00e1ly\u00e1zott.<\/p>\n<p>Beny\u00fajtott p\u00e1ly\u00e1zatunkban az alkot\u00e1s restaur\u00e1l\u00e1s\u00e1nak k\u00f6lts\u00e9g\u00e9re, 1\u00a0500 000 forintra p\u00e1ly\u00e1ztunk, melyb\u0151l a M\u00fazeumok Koll\u00e9giuma a 2022. febru\u00e1r 10-\u00e9n megtartott \u00fcl\u00e9s\u00e9n, 745\u00a0000 forint vissza nem t\u00e9r\u00edtend\u0151 t\u00e1mogat\u00e1st \u00edt\u00e9lt meg. A szakrestaur\u00e1tori d\u00edj tov\u00e1bbi fennmarad\u00f3 \u00f6sszege, 755 000 forint int\u00e9zm\u00e9nyi keretb\u0151l ker\u00fclt kifizet\u00e9sre.<\/p>\n<p>A festm\u00e9ny restaur\u00e1l\u00e1s\u00e1t Szutor Katalin fest\u0151restaur\u00e1tor-m\u0171v\u00e9sz v\u00e9gezte. A restaur\u00e1tori munkafolyamatok \u00fctem\u00e9t a Nemzeti Kultur\u00e1lis Alapt\u00f3l elnyert t\u00e1mogat\u00e1s, illetve az int\u00e9zm\u00e9nyi keretb\u0151l biztos\u00edtott \u00f6sszeg hat\u00e1rozta meg. A Nemzeti Kultur\u00e1lis Alap \u00e1ltal biztos\u00edtott t\u00e1mogat\u00e1s, illetve az int\u00e9zm\u00e9nyi keretb\u0151l finansz\u00edrozott \u00f6sszeg, a szerz\u0151d\u00e9sben foglalt restaur\u00e1tori munkafolyamatok elv\u00e9gz\u00e9s\u00e9t k\u00f6vet\u0151en, egy\u00f6sszegben ker\u00fclt kifizet\u00e9sre.<\/p>\n<p>Az elnyert t\u00e1mogat\u00e1s a szakrestaur\u00e1tori d\u00edj p\u00e9nz\u00fcgyi fedezet\u00e9nek 48,83 %-\u00e1t jelentette. Ebb\u0151l az \u00f6sszegb\u0151l az al\u00e1bbi munkafolyamatok ker\u00fcltek elv\u00e9gz\u00e9sre: a festm\u00e9ny kutat\u00e1sa felt\u00e1r\u00f3 ablakokkal, teljes tiszt\u00edt\u00e1s, \u00faj, korszer\u0171 fesz\u00edt\u0151r\u00e1ma elk\u00e9sz\u00edt\u00e9se, konzerv\u00e1l\u00e1s \u00e9s dubl\u00edroz\u00e1s, dokument\u00e1ci\u00f3 k\u00e9sz\u00edt\u00e9se. Tov\u00e1bb\u00e1 a sz\u00fcks\u00e9ges vegyszerek \u00e9s fest\u00e9kek, illetve a konzerv\u00e1l\u00e1shoz \u00e9s dubl\u00edroz\u00e1shoz haszn\u00e1lt anyagok szint\u00e9n a t\u00e1mogat\u00e1s \u00f6sszeg\u00e9b\u0151l ker\u00fcltek beszerz\u00e9sre.<\/p>\n<p>A festm\u00e9ny eszt\u00e9tikai helyre\u00e1ll\u00edt\u00e1sa, a folytonoss\u00e1gi hi\u00e1nyok kit\u00f6lt\u00e9se, az akvarell fest\u00e9kkel t\u00f6rt\u00e9n\u0151 al\u00e1fest\u00e9s, a retus\u00e1l\u00e1s, a z\u00e1r\u00f3lakkoz\u00e1s, illetve a m\u0171h\u00f6z korban \u00e9s st\u00edlusban ill\u0151 d\u00edszr\u00e1ma beszerz\u00e9se, m\u00e9retre igaz\u00edt\u00e1sa \u00e9s restaur\u00e1l\u00e1sa int\u00e9zm\u00e9nyi forr\u00e1sb\u00f3l ker\u00fclt finansz\u00edroz\u00e1sra. Mindez a szakrestaur\u00e1tori d\u00edj p\u00e9nz\u00fcgyi fedezet\u00e9nek 51,17 %-\u00e1t jelentette.<\/p>\n<p>A restaur\u00e1tori munkafolyamatokat r\u00e9szletesen bemutat\u00f3, Szutor Katalin \u00e1ltal k\u00e9sz\u00edtett dokument\u00e1ci\u00f3 besz\u00e1mol\u00f3nk mell\u00e9klet\u00e9t k\u00e9pezi.<\/p>\n<p>A restaur\u00e1l\u00e1s sor\u00e1n a beny\u00fajtott p\u00e1ly\u00e1zatunkban megfogalmazott felvet\u00e9seink beigazol\u00f3dtak \u00e9s fokozatosan, l\u00e9p\u00e9sr\u0151l-l\u00e9p\u00e9sre, egyre tiszt\u00e1bban rajzol\u00f3dott ki el\u0151tt\u00fcnk a festm\u00e9ny ikonogr\u00e1fiai programja, illetve ezzel egyidej\u0171leg az \u00f6sszetett \u00e1llat- \u00e9s n\u00f6v\u00e9nyszimbolika is \u00e9rtelmez\u00e9st nyerhetett. A m\u0171 a Valvanerai Sz\u0171zanya-kultusz\u00e1hoz kapcsol\u00f3d\u00f3 alkot\u00e1s.<\/p>\n<p>Valvanera egy t\u00f6bb mint ezer\u00e9ves M\u00e1ria-kegyhely az Ib\u00e9riai-f\u00e9lsziget \u00e9szaki r\u00e9sz\u00e9n, Spanyolorsz\u00e1g La Rioja tartom\u00e1ny\u00e1ban. A tisztelet t\u00e1rgya itt egy olyan k\u00fcl\u00f6nleges, Sz\u0171z M\u00e1ria arcvon\u00e1sait \u0151rz\u0151 kegyszobor, melyet a legend\u00e1k szerint Szent Luk\u00e1cs evang\u00e9lista faragott. Ez az egyetlen f\u00e1b\u00f3l kifaragott \u00e9s festett kompoz\u00edci\u00f3 a 700. \u00e9vet megel\u0151z\u0151en ker\u00fclhetett az Ib\u00e9riai-f\u00e9lszigetre.<\/p>\n<p>M\u00e1ria egy hatsz\u00f6glet\u0171 talapzatra \u00e1ll\u00edtott, p\u00e1rn\u00e1zott oll\u00f3sz\u00e9kben \u00fcl, \u00f6l\u00e9ben a gyermek J\u00e9zust tartja, f\u00f6l\u00e9j\u00fck t\u00f6lgyfa\u00e1gak form\u00e1lta \u00edv magasodik. A gyermek J\u00e9zus fels\u0151teste jobbra fordul \u00e9s az evang\u00e9liumot mutatja fel. A kegyszobor id\u0151vel t\u00f6bb meg\u00faj\u00edt\u00e1son is \u00e1teshetett, ma a kora \u00e9s st\u00edlusa nem hat\u00e1rozhat\u00f3 meg pontosan. A szakirodalom rom\u00e1n-, vagy rom\u00e1n st\u00edlusban restaur\u00e1lt vizig\u00f3t-biz\u00e1nci st\u00edlus\u00fak\u00e9nt defini\u00e1lja. A legenda szerint a muszlim terjeszked\u00e9s idej\u00e9n a szobrot elrejtett\u00e9k, amire majd egy \u00e9vsz\u00e1zaddal k\u00e9s\u0151bb egy megt\u00e9rt \u00faton\u00e1ll\u00f3 tal\u00e1lt r\u00e1. Az \u00faton\u00e1ll\u00f3 remete lett, \u00e9s egy angyal \u00e1rulta el neki a szobor rejtekhely\u00e9t. Azt a sugallatot kapta, hogy menjen Valvaner\u00e1ba \u00e9s keressen egy olyan t\u00f6lgyet, amelynek l\u00e1b\u00e1n\u00e1l v\u00edz fakad \u00e9s m\u00e9hrajok \u00f6vezik. \u00cdgy tett, \u00e9s egy t\u00f6lgyfa odv\u00e1ban megtal\u00e1lta Sz\u0171z M\u00e1ria \u00e1br\u00e1zol\u00e1s\u00e1t egy erekly\u00e9s l\u00e1dik\u00e1val egy\u00fctt. A 9. sz\u00e1zad utols\u00f3 harmad\u00e1ban, ezen a helyen k\u00e1poln\u00e1t kezdett \u00e9p\u00edteni, amely az els\u0151 kis kolostor alapj\u00e1t jelenthette. Eredetileg egy vizig\u00f3t, majd egy 1073-ban felszentelt prerom\u00e1n, majd rom\u00e1n st\u00edlus\u00fa (1183) templom \u00e1llt itt, ez ut\u00f3bbib\u00f3l csak egy torony maradt. A jelenlegi templom k\u00e9s\u0151 g\u00f3tikus, \u00e9p\u00edt\u00e9se a 14. sz\u00e1zad v\u00e9g\u00e9re tehet\u0151. A kegyhelyet Anguiano k\u00f6zel\u00e9ben, erd\u0151vel k\u00f6r\u00fclvett domboldalon tal\u00e1ljuk.<\/p>\n<p>A kegyszobor h\u00edr\u00e9t k\u00e9pi \u00e1br\u00e1zol\u00e1sok terjesztett\u00e9k. Metszet, festm\u00e9ny \u2013 z\u00f6mmel a 18. sz\u00e1zadb\u00f3l \u2013 t\u00f6bb v\u00e1ltozatban fennmaradt r\u00f3la, kisebb-nagyobb ikonogr\u00e1fiai elt\u00e9r\u00e9sekkel. Ezeken \u00e1ltal\u00e1ban a szoborhoz k\u00f6t\u0151d\u0151 legenda elemeit is megjelen\u00edtett\u00e9k. A m\u00fazeumunkban \u0151rz\u00f6tt, frissen restaur\u00e1lt m\u0171 szint\u00e9n ebbe a k\u00e9pi hagyom\u00e1nyba illeszkedik.<\/p>\n<p>A Valvanerai Sz\u0171zanya a spanyol gyarmatbirodalomban is n\u00e9pszer\u0171 volt, a d\u00e9l-amerikai fest\u0151k a saj\u00e1t k\u00f6rnyezet\u00fck \u00e9s a helyi \u00e9l\u0151vil\u00e1g jellegzetess\u00e9geivel gazdag\u00edtott\u00e1k az \u00e1br\u00e1zol\u00e1si t\u00edpust.<\/p>\n<p>A barokk V\u00e1c szakr\u00e1lis ter\u00e9hez nem tartozott hozz\u00e1 Valvanera kegyhelye, ez\u00e9rt a festm\u00e9ny v\u00e1-rosunkba ker\u00fcl\u00e9s\u00e9nek m\u00f3dja k\u00e9rd\u00e9seket vet fel. Ennek tiszt\u00e1z\u00e1s\u00e1hoz kutat\u00e1si ir\u00e1nyt szab els\u0151sorban Migazzi p\u00fcsp\u00f6k (Trent\u00f3, 1714 \u2013 B\u00e9cs, 1803) spanyol k\u00f6veti tev\u00e9kenys\u00e9ge (1755-1756), m\u00e1sodsorban pedig az itt \u00e9l\u0151 spanyol nemesek k\u00f6zvet\u00edt\u0151 szerep\u00e9nek lehet\u0151s\u00e9ge.<\/p>\n<p>A m\u0171 ikonogr\u00e1fiai kutat\u00e1sa sor\u00e1n ny\u00fajtott seg\u00edts\u00e9g\u00e9t ez\u00faton is szeretn\u00e9nk megk\u00f6sz\u00f6nni Dr. Terdik Szilveszter m\u0171v\u00e9szett\u00f6rt\u00e9n\u00e9sznek \u00e9s Korhecz-Papp Zsuzsanna restaur\u00e1tor-m\u0171v\u00e9sznek.<\/p>\n<p>A restaur\u00e1lt festm\u00e9ny az\u00a0<em>Ars Memorandi \u2013 Kapuk a m\u00faltra<\/em>\u00a0c\u00edm\u0171, \u00e1lland\u00f3 v\u00e1rost\u00f6rt\u00e9neti ki\u00e1ll\u00edt\u00e1sunkon<sup>\u00a0<\/sup>l\u00e1that\u00f3, a j\u00f6v\u0151 \u00e9vben pedig a v\u00e1ci Egyh\u00e1zmegyei Gy\u0171jtem\u00e9ny ki\u00e1ll\u00edt\u00e1s\u00e1n is kiemelt szerepet kap majd.<\/p>\n<p>Ez\u00faton is k\u00f6sz\u00f6nj\u00fck a Nemzeti Kultur\u00e1lis Alap M\u00fazeumok Koll\u00e9gium\u00e1nak a m\u0171t\u00e1rgy restaur\u00e1l\u00e1s\u00e1hoz ny\u00fajtott sz\u00edves t\u00e1mogat\u00e1s\u00e1t, mellyel a k\u00e9pz\u0151m\u0171v\u00e9szeti gy\u0171jtem\u00e9ny szakr\u00e1lis t\u00e9m\u00e1j\u00fa, barokk festm\u00e9nyei k\u00f6z\u00fcl az egyik legkiemelked\u0151bb darab \u00fajulhatott meg.<\/p>\n<p>&nbsp;<\/p>\n<p>[\/et_pb_text][et_pb_gallery _builder_version=&#8221;4.27.4&#8243; _module_preset=&#8221;default&#8221; theme_builder_area=&#8221;post_content&#8221; gallery_ids=&#8221;5434,5435,5436,5437,5438,5439,5440&#8243; hover_enabled=&#8221;0&#8243; sticky_enabled=&#8221;0&#8243;][\/et_pb_gallery][\/et_pb_column][\/et_pb_row][\/et_pb_section]<\/p>\n","protected":false},"excerpt":{"rendered":"<p>Szakmai besz\u00e1mol\u00f3 Szentk\u00e9pfest\u0151 M\u00e1ria a gyermekkel c\u00edm\u0171 m\u0171v\u00e9nek restaur\u00e1l\u00e1s\u00e1r\u00f3l\u00a02022. december 20. Szentk\u00e9pfest\u0151 M\u00e1ria a gyermekkel c\u00edm\u0171 m\u0171v\u00e9nek restaur\u00e1l\u00e1sa(ltsz.: 52.154.1., olajfestm\u00e9ny v\u00e1szon hordoz\u00f3n, 163 cm x 128 cm) P\u00e1ly\u00e1zati azonos\u00edt\u00f3: 209111\/152Az [&hellip;]<\/p>\n","protected":false},"author":1,"featured_media":0,"parent":0,"menu_order":0,"comment_status":"closed","ping_status":"closed","template":"","meta":{"_et_pb_use_builder":"on","_et_pb_old_content":"","_et_gb_content_width":"","footnotes":""},"class_list":["post-5432","page","type-page","status-publish","hentry"],"yoast_head":"<!-- This site is optimized with the Yoast SEO Premium plugin v27.3 (Yoast SEO v27.3) - https:\/\/yoast.com\/product\/yoast-seo-premium-wordpress\/ -->\n<title>Szakmai besz\u00e1mol\u00f3 Szentk\u00e9pfest\u0151 M\u00e1ria a gyermekkel c\u00edm\u0171 m\u0171v\u00e9nek restaur\u00e1l\u00e1s\u00e1r\u00f3l - TRAGOR IGN\u00c1C M\u00daZEUM \u2022 V\u00c1C<\/title>\n<meta name=\"description\" content=\"Egy m\u00fazeum, ezer \u00e9lm\u00e9ny!\" \/>\n<meta name=\"robots\" content=\"index, follow, max-snippet:-1, max-image-preview:large, max-video-preview:-1\" \/>\n<link rel=\"canonical\" href=\"https:\/\/muzeumvac.hu\/en\/szakmai-beszamolo-szentkepfesto-maria-a-gyermekkel-cimu-muvenek-restauralasarol\/\" \/>\n<meta property=\"og:locale\" content=\"en_GB\" \/>\n<meta property=\"og:type\" content=\"article\" \/>\n<meta property=\"og:title\" content=\"Szakmai besz\u00e1mol\u00f3 Szentk\u00e9pfest\u0151 M\u00e1ria a gyermekkel c\u00edm\u0171 m\u0171v\u00e9nek restaur\u00e1l\u00e1s\u00e1r\u00f3l\" \/>\n<meta property=\"og:description\" content=\"Egy m\u00fazeum, ezer \u00e9lm\u00e9ny!\" \/>\n<meta property=\"og:url\" content=\"https:\/\/muzeumvac.hu\/en\/szakmai-beszamolo-szentkepfesto-maria-a-gyermekkel-cimu-muvenek-restauralasarol\/\" \/>\n<meta property=\"og:site_name\" content=\"TRAGOR IGN\u00c1C M\u00daZEUM \u2022 V\u00c1C\" \/>\n<meta property=\"article:publisher\" content=\"https:\/\/www.facebook.com\/vac.tragorignacmuzeum\" \/>\n<meta property=\"article:modified_time\" content=\"2026-01-15T12:16:45+00:00\" \/>\n<meta name=\"twitter:card\" content=\"summary_large_image\" \/>\n<script type=\"application\/ld+json\" class=\"yoast-schema-graph\">{\"@context\":\"https:\\\/\\\/schema.org\",\"@graph\":[{\"@type\":\"WebPage\",\"@id\":\"https:\\\/\\\/muzeumvac.hu\\\/szakmai-beszamolo-szentkepfesto-maria-a-gyermekkel-cimu-muvenek-restauralasarol\\\/\",\"url\":\"https:\\\/\\\/muzeumvac.hu\\\/szakmai-beszamolo-szentkepfesto-maria-a-gyermekkel-cimu-muvenek-restauralasarol\\\/\",\"name\":\"Szakmai besz\u00e1mol\u00f3 Szentk\u00e9pfest\u0151 M\u00e1ria a gyermekkel c\u00edm\u0171 m\u0171v\u00e9nek restaur\u00e1l\u00e1s\u00e1r\u00f3l - TRAGOR IGN\u00c1C M\u00daZEUM \u2022 V\u00c1C\",\"isPartOf\":{\"@id\":\"https:\\\/\\\/muzeumvac.hu\\\/#website\"},\"datePublished\":\"2022-12-20T12:15:00+00:00\",\"dateModified\":\"2026-01-15T12:16:45+00:00\",\"description\":\"Egy m\u00fazeum, ezer \u00e9lm\u00e9ny!\",\"breadcrumb\":{\"@id\":\"https:\\\/\\\/muzeumvac.hu\\\/szakmai-beszamolo-szentkepfesto-maria-a-gyermekkel-cimu-muvenek-restauralasarol\\\/#breadcrumb\"},\"inLanguage\":\"en-GB\",\"potentialAction\":[{\"@type\":\"ReadAction\",\"target\":[\"https:\\\/\\\/muzeumvac.hu\\\/szakmai-beszamolo-szentkepfesto-maria-a-gyermekkel-cimu-muvenek-restauralasarol\\\/\"]}]},{\"@type\":\"BreadcrumbList\",\"@id\":\"https:\\\/\\\/muzeumvac.hu\\\/szakmai-beszamolo-szentkepfesto-maria-a-gyermekkel-cimu-muvenek-restauralasarol\\\/#breadcrumb\",\"itemListElement\":[{\"@type\":\"ListItem\",\"position\":1,\"name\":\"Kezd\u0151lap\",\"item\":\"https:\\\/\\\/muzeumvac.hu\\\/\"},{\"@type\":\"ListItem\",\"position\":2,\"name\":\"Szakmai besz\u00e1mol\u00f3 Szentk\u00e9pfest\u0151 M\u00e1ria a gyermekkel c\u00edm\u0171 m\u0171v\u00e9nek restaur\u00e1l\u00e1s\u00e1r\u00f3l\"}]},{\"@type\":\"WebSite\",\"@id\":\"https:\\\/\\\/muzeumvac.hu\\\/#website\",\"url\":\"https:\\\/\\\/muzeumvac.hu\\\/\",\"name\":\"TRAGOR IGN\u00c1C M\u00daZEUM \u2022 V\u00c1C\",\"description\":\"Egy m\u00fazeum, ezer \u00e9lm\u00e9ny!\",\"publisher\":{\"@id\":\"https:\\\/\\\/muzeumvac.hu\\\/#organization\"},\"potentialAction\":[{\"@type\":\"SearchAction\",\"target\":{\"@type\":\"EntryPoint\",\"urlTemplate\":\"https:\\\/\\\/muzeumvac.hu\\\/?s={search_term_string}\"},\"query-input\":{\"@type\":\"PropertyValueSpecification\",\"valueRequired\":true,\"valueName\":\"search_term_string\"}}],\"inLanguage\":\"en-GB\"},{\"@type\":\"Organization\",\"@id\":\"https:\\\/\\\/muzeumvac.hu\\\/#organization\",\"name\":\"TRAGOR IGN\u00c1C M\u00daZEUM \u2022 V\u00c1C\",\"url\":\"https:\\\/\\\/muzeumvac.hu\\\/\",\"logo\":{\"@type\":\"ImageObject\",\"inLanguage\":\"en-GB\",\"@id\":\"https:\\\/\\\/muzeumvac.hu\\\/#\\\/schema\\\/logo\\\/image\\\/\",\"url\":\"https:\\\/\\\/muzeumvac.hu\\\/wp-content\\\/uploads\\\/2025\\\/07\\\/tragor_ignac_logo.png\",\"contentUrl\":\"https:\\\/\\\/muzeumvac.hu\\\/wp-content\\\/uploads\\\/2025\\\/07\\\/tragor_ignac_logo.png\",\"width\":161,\"height\":126,\"caption\":\"TRAGOR IGN\u00c1C M\u00daZEUM \u2022 V\u00c1C\"},\"image\":{\"@id\":\"https:\\\/\\\/muzeumvac.hu\\\/#\\\/schema\\\/logo\\\/image\\\/\"},\"sameAs\":[\"https:\\\/\\\/www.facebook.com\\\/vac.tragorignacmuzeum\",\"https:\\\/\\\/www.instagram.com\\\/tragormuzeum\",\"https:\\\/\\\/www.youtube.com\\\/@TragorIgncMzeum-vac\"]}]}<\/script>\n<!-- \/ Yoast SEO Premium plugin. -->","yoast_head_json":{"title":"Szakmai besz\u00e1mol\u00f3 Szentk\u00e9pfest\u0151 M\u00e1ria a gyermekkel c\u00edm\u0171 m\u0171v\u00e9nek restaur\u00e1l\u00e1s\u00e1r\u00f3l - TRAGOR IGN\u00c1C M\u00daZEUM \u2022 V\u00c1C","description":"One museum, a thousand experiences!","robots":{"index":"index","follow":"follow","max-snippet":"max-snippet:-1","max-image-preview":"max-image-preview:large","max-video-preview":"max-video-preview:-1"},"canonical":"https:\/\/muzeumvac.hu\/en\/szakmai-beszamolo-szentkepfesto-maria-a-gyermekkel-cimu-muvenek-restauralasarol\/","og_locale":"en_GB","og_type":"article","og_title":"Szakmai besz\u00e1mol\u00f3 Szentk\u00e9pfest\u0151 M\u00e1ria a gyermekkel c\u00edm\u0171 m\u0171v\u00e9nek restaur\u00e1l\u00e1s\u00e1r\u00f3l","og_description":"Egy m\u00fazeum, ezer \u00e9lm\u00e9ny!","og_url":"https:\/\/muzeumvac.hu\/en\/szakmai-beszamolo-szentkepfesto-maria-a-gyermekkel-cimu-muvenek-restauralasarol\/","og_site_name":"TRAGOR IGN\u00c1C M\u00daZEUM \u2022 V\u00c1C","article_publisher":"https:\/\/www.facebook.com\/vac.tragorignacmuzeum","article_modified_time":"2026-01-15T12:16:45+00:00","twitter_card":"summary_large_image","schema":{"@context":"https:\/\/schema.org","@graph":[{"@type":"WebPage","@id":"https:\/\/muzeumvac.hu\/szakmai-beszamolo-szentkepfesto-maria-a-gyermekkel-cimu-muvenek-restauralasarol\/","url":"https:\/\/muzeumvac.hu\/szakmai-beszamolo-szentkepfesto-maria-a-gyermekkel-cimu-muvenek-restauralasarol\/","name":"Szakmai besz\u00e1mol\u00f3 Szentk\u00e9pfest\u0151 M\u00e1ria a gyermekkel c\u00edm\u0171 m\u0171v\u00e9nek restaur\u00e1l\u00e1s\u00e1r\u00f3l - TRAGOR IGN\u00c1C M\u00daZEUM \u2022 V\u00c1C","isPartOf":{"@id":"https:\/\/muzeumvac.hu\/#website"},"datePublished":"2022-12-20T12:15:00+00:00","dateModified":"2026-01-15T12:16:45+00:00","description":"One museum, a thousand experiences!","breadcrumb":{"@id":"https:\/\/muzeumvac.hu\/szakmai-beszamolo-szentkepfesto-maria-a-gyermekkel-cimu-muvenek-restauralasarol\/#breadcrumb"},"inLanguage":"en-GB","potentialAction":[{"@type":"ReadAction","target":["https:\/\/muzeumvac.hu\/szakmai-beszamolo-szentkepfesto-maria-a-gyermekkel-cimu-muvenek-restauralasarol\/"]}]},{"@type":"BreadcrumbList","@id":"https:\/\/muzeumvac.hu\/szakmai-beszamolo-szentkepfesto-maria-a-gyermekkel-cimu-muvenek-restauralasarol\/#breadcrumb","itemListElement":[{"@type":"ListItem","position":1,"name":"Kezd\u0151lap","item":"https:\/\/muzeumvac.hu\/"},{"@type":"ListItem","position":2,"name":"Szakmai besz\u00e1mol\u00f3 Szentk\u00e9pfest\u0151 M\u00e1ria a gyermekkel c\u00edm\u0171 m\u0171v\u00e9nek restaur\u00e1l\u00e1s\u00e1r\u00f3l"}]},{"@type":"WebSite","@id":"https:\/\/muzeumvac.hu\/#website","url":"https:\/\/muzeumvac.hu\/","name":"TRAGOR IGN\u00c1C M\u00daZEUM \u2022 V\u00c1C","description":"One museum, a thousand experiences!","publisher":{"@id":"https:\/\/muzeumvac.hu\/#organization"},"potentialAction":[{"@type":"SearchAction","target":{"@type":"EntryPoint","urlTemplate":"https:\/\/muzeumvac.hu\/?s={search_term_string}"},"query-input":{"@type":"PropertyValueSpecification","valueRequired":true,"valueName":"search_term_string"}}],"inLanguage":"en-GB"},{"@type":"Organization","@id":"https:\/\/muzeumvac.hu\/#organization","name":"TRAGOR IGN\u00c1C M\u00daZEUM \u2022 V\u00c1C","url":"https:\/\/muzeumvac.hu\/","logo":{"@type":"ImageObject","inLanguage":"en-GB","@id":"https:\/\/muzeumvac.hu\/#\/schema\/logo\/image\/","url":"https:\/\/muzeumvac.hu\/wp-content\/uploads\/2025\/07\/tragor_ignac_logo.png","contentUrl":"https:\/\/muzeumvac.hu\/wp-content\/uploads\/2025\/07\/tragor_ignac_logo.png","width":161,"height":126,"caption":"TRAGOR IGN\u00c1C M\u00daZEUM \u2022 V\u00c1C"},"image":{"@id":"https:\/\/muzeumvac.hu\/#\/schema\/logo\/image\/"},"sameAs":["https:\/\/www.facebook.com\/vac.tragorignacmuzeum","https:\/\/www.instagram.com\/tragormuzeum","https:\/\/www.youtube.com\/@TragorIgncMzeum-vac"]}]}},"_links":{"self":[{"href":"https:\/\/muzeumvac.hu\/en\/wp-json\/wp\/v2\/pages\/5432","targetHints":{"allow":["GET"]}}],"collection":[{"href":"https:\/\/muzeumvac.hu\/en\/wp-json\/wp\/v2\/pages"}],"about":[{"href":"https:\/\/muzeumvac.hu\/en\/wp-json\/wp\/v2\/types\/page"}],"author":[{"embeddable":true,"href":"https:\/\/muzeumvac.hu\/en\/wp-json\/wp\/v2\/users\/1"}],"replies":[{"embeddable":true,"href":"https:\/\/muzeumvac.hu\/en\/wp-json\/wp\/v2\/comments?post=5432"}],"version-history":[{"count":2,"href":"https:\/\/muzeumvac.hu\/en\/wp-json\/wp\/v2\/pages\/5432\/revisions"}],"predecessor-version":[{"id":5441,"href":"https:\/\/muzeumvac.hu\/en\/wp-json\/wp\/v2\/pages\/5432\/revisions\/5441"}],"wp:attachment":[{"href":"https:\/\/muzeumvac.hu\/en\/wp-json\/wp\/v2\/media?parent=5432"}],"curies":[{"name":"wp","href":"https:\/\/api.w.org\/{rel}","templated":true}]}}