{"id":5364,"date":"2024-10-22T10:11:00","date_gmt":"2024-10-22T08:11:00","guid":{"rendered":"https:\/\/muzeumvac.hu\/?page_id=5364"},"modified":"2026-01-15T10:13:16","modified_gmt":"2026-01-15T09:13:16","slug":"szakmai-beszamolo-az-nka-muzeumi-kollegium-allomanyvedelmi-palyazatahoz","status":"publish","type":"page","link":"https:\/\/muzeumvac.hu\/en\/szakmai-beszamolo-az-nka-muzeumi-kollegium-allomanyvedelmi-palyazatahoz\/","title":{"rendered":"Szakmai besz\u00e1mol\u00f3 az NKA M\u00fazeumi Koll\u00e9gium \u00e1llom\u00e1nyv\u00e9delmi p\u00e1ly\u00e1zat\u00e1hoz"},"content":{"rendered":"<p>[et_pb_section fb_built=&#8221;1&#8243; theme_builder_area=&#8221;post_content&#8221; _builder_version=&#8221;4.27.4&#8243; _module_preset=&#8221;default&#8221;][et_pb_row _builder_version=&#8221;4.27.4&#8243; _module_preset=&#8221;default&#8221; theme_builder_area=&#8221;post_content&#8221;][et_pb_column _builder_version=&#8221;4.27.4&#8243; _module_preset=&#8221;default&#8221; type=&#8221;4_4&#8243; theme_builder_area=&#8221;post_content&#8221;][et_pb_text _builder_version=&#8221;4.27.4&#8243; _module_preset=&#8221;default&#8221; theme_builder_area=&#8221;post_content&#8221; hover_enabled=&#8221;0&#8243; sticky_enabled=&#8221;0&#8243;]<\/p>\n<p>Szakmai besz\u00e1mol\u00f3 az NKA M\u00fazeumi Koll\u00e9gium \u00e1llom\u00e1nyv\u00e9delmi p\u00e1ly\u00e1zat\u00e1hoz.<br \/>\u00a02024. okt\u00f3ber 22.<\/p>\n<p><strong>\u00c1llom\u00e1nyv\u00e9delmi, restaur\u00e1l\u00e1si tev\u00e9kenys\u00e9ghez sz\u00fcks\u00e9ges szakmai anyagok \u00e9s eszk\u00f6z\u00f6k beszerz\u00e9se a Tragor Ign\u00e1c M\u00fazeum sz\u00e1m\u00e1ra. P\u00e1ly\u00e1zati azonos\u00edt\u00f3: 209111\/00263<br \/>P\u00e1ly\u00e1zaton elnyert \u00f6sszeg: 700.000 Ft<\/strong><\/p>\n<p>A p\u00e1ly\u00e1zat sor\u00e1n els\u0151sorban a r\u00e9g\u00e9szeti gy\u0171jtem\u00e9ny jobb elhelyez\u00e9s\u00e9t k\u00edv\u00e1nta megoldani a m\u00fazeum.<\/p>\n<p><strong>M\u0171anyag rekeszek:<\/strong><\/p>\n<p>A t\u00e1mogat\u00e1sb\u00f3l beszerz\u00e9sre ker\u00fclt 200 db massz\u00edv, rak\u00e1solhat\u00f3 m\u0171anyag M30 t\u00edpus\u00fa t\u00e1rol\u00f3 rekesz. Ezekben a rekeszekben az elm\u00falt \u00e9vek r\u00e9g\u00e9szeti feladatell\u00e1t\u00e1sa sor\u00e1n el\u0151ker\u00fclt r\u00e9g\u00e9szeti anyagok elhelyez\u00e9se oldhat\u00f3 meg szakmai \u00e9s m\u0171t\u00e1rgyv\u00e9delmi szempontb\u00f3l is megfelel\u0151 k\u00f6r\u00fclm\u00e9nyek k\u00f6z\u00f6tt.<\/p>\n<p>A r\u00e9g\u00e9szeti t\u00e1rgyak t\u00f6bbs\u00e9g\u00e9t ad\u00f3 ker\u00e1mia anyagot lel\u0151helyek \u00e9s el\u0151ker\u00fcl\u00e9si jelens\u00e9geik szerint elk\u00fcl\u00f6n\u00edtve csomagoltuk pap\u00edrzacsk\u00f3kba. A f\u00e9mt\u00e1rgyakat savmentes pap\u00edrba \u00e9s m\u00e9ret\u00fcknek megfelel\u0151 savmentes pap\u00edrdobozban helyezt\u00fck el. A t\u00e1rol\u00e1s szempontj\u00e1b\u00f3l rosszul haszn\u00e1lhat\u00f3 zacsk\u00f3kat \u00e9s kism\u00e9ret\u0171 dobozokat tett\u00fck a szabv\u00e1ny m\u00e9ret\u0171 M30 l\u00e1d\u00e1kba \u00e9s helyezt\u00fck \u0151ket a polcrendszerbe.<\/p>\n<p>A rekeszeknek k\u00f6sz\u00f6nhet\u0151en sokkal jobb a rakt\u00e1raink t\u00e9rkihaszn\u00e1l\u00e1sa, ugyanakkora polc fel\u00fcletre j\u00f3val t\u00f6bb t\u00e1rgyat tudtunk elhelyezni. A kor\u00e1bbi zs\u00fafolts\u00e1g jelent\u0151sen cs\u00f6kkent. Ugyanakkor az \u00e1tl\u00e1that\u00f3s\u00e1g n\u00f6vekedett, egyszer\u0171bb az egyes lel\u0151helyek, jelens\u00e9gek leletanyag\u00e1t el\u0151venni. Tov\u00e1bbi el\u0151nye a rekeszes t\u00e1rol\u00e1si m\u00f3dszernek a k\u00f6nnyebb mozgathat\u00f3s\u00e1g. A rekeszeken kialak\u00edtott foganty\u00fak biztons\u00e1gosan foghat\u00f3k, vel\u00fck egyszer\u0171en emelhet\u0151k \u00e9s cipelhet\u0151k a l\u00e1d\u00e1k, a massz\u00edv kialak\u00edt\u00e1s miatt m\u0171t\u00e1rgy- \u00e9s balesetv\u00e9delmi szempontb\u00f3l is biztons\u00e1gosan sz\u00e1ll\u00edthat\u00f3ak a leletek.<\/p>\n<p>A r\u00e9g\u00e9szeti feladatell\u00e1t\u00e1s jelleg\u00e9b\u0151l fakad\u00f3an a r\u00e9g\u00e9szeti gy\u0171jtem\u00e9ny folyamatosan \u00e9s dinamikusan n\u00f6vekszik. Sz\u00fcks\u00e9ges minden helytakar\u00e9kos m\u00f3dszer alkalmaz\u00e1sa, hogy az \u00fajonnan beker\u00fcl\u0151 anyag sz\u00e1m\u00e1ra is legyen hely\u00fcnk. A r\u00e9g\u00e9szet tudom\u00e1ny\u00e1nak term\u00e9szet\u00e9b\u0151l fakad\u00f3an gyakran t\u00f6rt\u00e9nik meg egy leletcsoport kutat\u00f3k \u00e1ltali kik\u00e9r\u00e9se. A feldolgoz\u00e1shoz nagy k\u00f6nnyebbs\u00e9get jelent az egyszer\u0171bb el\u0151keres\u00e9s, kiemel\u00e9s \u00e9s az esetleges sz\u00e1ll\u00edt\u00e1shoz a szabv\u00e1nyos\u00edtott rekeszek haszn\u00e1lata.<\/p>\n<p><strong>Pap\u00edrdobozok<\/strong><\/p>\n<p>A nagym\u00e9ret\u0171, M30-as rekeszek mellett az apr\u00f3bb, t\u00f6bbs\u00e9g\u00e9ben f\u00e9mt\u00e1rgyak t\u00e1rol\u00e1s\u00e1hoz a m\u00fazeum beszerzett 100 db kism\u00e9ret\u0171 (9 x 13), szabv\u00e1ny savmentes Silver fot\u00f3dobozt, amely a kor\u00e1bbi \u00e9vek m\u0171t\u00e1rgyv\u00e9delmi beszerz\u00e9sein\u00e9l (NKA p\u00e1ly\u00e1zat a v\u00e1ci domonkos kriptaleletek m\u0171t\u00e1rgyv\u00e9delmi szempontoknak megfelel\u0151 dobozokba t\u00f6rt\u00e9n\u0151 \u00e1tcsomagol\u00e1s\u00e1ra) m\u00e1r j\u00f3l vizsg\u00e1zott. Az egys\u00e9ges m\u00e9retnek k\u00f6sz\u00f6nhet\u0151en a t\u00e1rgyak jobb helykit\u00f6lt\u00e9ssel t\u00e1rolhat\u00f3ak. A pap\u00edrdoboz anyag\u00e1nak k\u00f6sz\u00f6nhet\u0151en a f\u00e9mt\u00e1rgyak korr\u00f3zi\u00f3ja nem folytat\u00f3dik, a restaur\u00e1l\u00e1s ut\u00e1ni \u00e1llapot sok\u00e1ig fenntarthat\u00f3.<\/p>\n<p><strong>P\u00e1ram\u00e9r\u0151 eszk\u00f6z\u00f6k beszerz\u00e9se<\/strong><\/p>\n<p>A r\u00e9g\u00e9szeti gy\u0171jtem\u00e9ny anyag\u00e1nak jelent\u0151s r\u00e9sze a k\u00f6rnyezeti hat\u00e1sokra kev\u00e9sb\u00e9 \u00e9rz\u00e9keny ker\u00e1miat\u00f6red\u00e9kekb\u0151l \u00e1ll. Van azonban n\u00e9h\u00e1ny \u00e9rz\u00e9kenyebb anyag t\u00edpus is, p\u00e9ld\u00e1ul a f\u00e9mek, vagy a szerves anyag maradv\u00e1nyok. A szakszer\u0171 t\u00e1rol\u00e1shoz fontos az \u00e1lland\u00f3 k\u00f6rnyezet, ennek biztos\u00edt\u00e1s\u00e1hoz azonban sz\u00fcks\u00e9g van a k\u00f6rnyezeti t\u00e9nyez\u0151k m\u00e9r\u00e9s\u00e9re. A r\u00e9g\u00e9szeti gy\u0171jtem\u00e9nyhez ez\u00e9rt a jelen p\u00e1ly\u00e1zat keret\u00e9n bel\u00fcl beszerz\u00e9sre ker\u00fclt k\u00e9t darab Voltcraft nagy pontoss\u00e1g\u00fa p\u00e1ram\u00e9r\u0151 eszk\u00f6z. Ennek seg\u00edts\u00e9g\u00e9vel az \u00e9rz\u00e9kenyebb t\u00e1rgyakat t\u00e1rol\u00f3 rakt\u00e1rhelyis\u00e9gekben hamarabb felfedezhet\u0151ek a v\u00e1ltoz\u00e1sok \u00e9s m\u00e9g id\u0151ben, a t\u00e1rgyak k\u00e1rosod\u00e1sa el\u0151tt alkalom ny\u00edlik a beavatkoz\u00e1sra.<\/p>\n<p>Tov\u00e1bbi 3 p\u00e1ram\u00e9r\u0151 eszk\u00f6z a K\u00e9pz\u0151m\u0171v\u00e9szeti gy\u0171jtem\u00e9ny rakt\u00e1raiban ker\u00fclt elhelyez\u00e9sre (Hincz gy\u0171jtem\u00e9ny, Mim\u00e9zis gy\u0171jtem\u00e9ny, t\u00f6rzsanyag gy\u0171jtem\u00e9ny), hogy kiv\u00e1lts\u00e1k a kor\u00e1bban elhelyezett, kev\u00e9sb\u00e9 pontos h\u0151m\u00e9rs\u00e9klet \u00e9s p\u00e1ratartalom m\u00e9r\u0151ket.<\/p>\n<p>A p\u00e1ly\u00e1zati forr\u00e1sb\u00f3l 200 db M30 rekesz, 100 db savmentes pap\u00edrdoboz \u00e9s 5 db h\u0151m\u00e9rs\u00e9klet \u00e9s p\u00e1ratartalom m\u00e9r\u0151 beszerz\u00e9se t\u00f6rt\u00e9nt meg a hat\u00e1rid\u0151ig.<\/p>\n<p><strong>Eszk\u00f6zbeszerz\u00e9s<\/strong><\/p>\n<p>A megv\u00e1s\u00e1rolt Proxxon Micromot csiszol\u00f3g\u00e9p \u00e9s tartoz\u00e9kai seg\u00edts\u00e9g\u00e9vel a r\u00e9g\u00e9szeti f\u00e9mt\u00e1rgyak tiszt\u00edt\u00e1sa gyorsabb \u00e9s hat\u00e9konyabb. A fejleszt\u00e9snek k\u00f6sz\u00f6nhet\u0151en az enged\u00e9llyel rendelkez\u0151, m\u00fazeumbar\u00e1t f\u00e9mkeres\u0151s\u00f6k \u00e1ltal beszolg\u00e1ltatott nagymennyis\u00e9g\u0171 f\u00e9manyag tiszt\u00edt\u00e1sa megfelel\u0151 intenzit\u00e1ssal \u00e9s hat\u00e9konys\u00e1ggal t\u00f6rt\u00e9nik. A tiszt\u00edt\u00e1s ut\u00e1n lehet\u0151s\u00e9g van a t\u00e1rgyak k\u00f6nnyebb azonos\u00edt\u00e1s\u00e1ra \u00e9s k\u00f6z\u00f6ns\u00e9g sz\u00e1m\u00e1ra val\u00f3 eszt\u00e9tikus bemutat\u00e1sra. Az alapeszk\u00f6zh\u00f6z az al\u00e1bbi kieg\u00e9sz\u00edt\u0151k ker\u00fcltek beszerz\u00e9sre: gy\u00e9m\u00e1nt csiszol\u00f3fejek t\u00f6bb m\u00e9retben \u00e9s alakban, csiszol\u00f3t\u00e1rcsa, fesz\u00edt\u0151t\u00fcske, ac\u00e9l-, \u00e9s r\u00e9zkef\u00e9k.<\/p>\n<p>&nbsp;<\/p>\n<p>[\/et_pb_text][et_pb_gallery _builder_version=&#8221;4.27.4&#8243; _module_preset=&#8221;default&#8221; theme_builder_area=&#8221;post_content&#8221; gallery_ids=&#8221;5366,5367,5368,5369,5370,5371&#8243; hover_enabled=&#8221;0&#8243; sticky_enabled=&#8221;0&#8243;][\/et_pb_gallery][\/et_pb_column][\/et_pb_row][\/et_pb_section]<\/p>\n","protected":false},"excerpt":{"rendered":"<p>Szakmai besz\u00e1mol\u00f3 az NKA M\u00fazeumi Koll\u00e9gium \u00e1llom\u00e1nyv\u00e9delmi p\u00e1ly\u00e1zat\u00e1hoz.\u00a02024. okt\u00f3ber 22. \u00c1llom\u00e1nyv\u00e9delmi, restaur\u00e1l\u00e1si tev\u00e9kenys\u00e9ghez sz\u00fcks\u00e9ges szakmai anyagok \u00e9s eszk\u00f6z\u00f6k beszerz\u00e9se a Tragor Ign\u00e1c M\u00fazeum sz\u00e1m\u00e1ra. P\u00e1ly\u00e1zati azonos\u00edt\u00f3: 209111\/00263P\u00e1ly\u00e1zaton elnyert \u00f6sszeg: 700.000 [&hellip;]<\/p>\n","protected":false},"author":1,"featured_media":0,"parent":0,"menu_order":0,"comment_status":"closed","ping_status":"closed","template":"","meta":{"_et_pb_use_builder":"on","_et_pb_old_content":"","_et_gb_content_width":"","footnotes":""},"class_list":["post-5364","page","type-page","status-publish","hentry"],"yoast_head":"<!-- This site is optimized with the Yoast SEO Premium plugin v27.3 (Yoast SEO v27.3) - https:\/\/yoast.com\/product\/yoast-seo-premium-wordpress\/ -->\n<title>Szakmai besz\u00e1mol\u00f3 az NKA M\u00fazeumi Koll\u00e9gium \u00e1llom\u00e1nyv\u00e9delmi p\u00e1ly\u00e1zat\u00e1hoz - TRAGOR IGN\u00c1C M\u00daZEUM \u2022 V\u00c1C<\/title>\n<meta name=\"description\" content=\"Egy m\u00fazeum, ezer \u00e9lm\u00e9ny!\" \/>\n<meta name=\"robots\" content=\"index, follow, max-snippet:-1, max-image-preview:large, max-video-preview:-1\" \/>\n<link rel=\"canonical\" href=\"https:\/\/muzeumvac.hu\/en\/szakmai-beszamolo-az-nka-muzeumi-kollegium-allomanyvedelmi-palyazatahoz\/\" \/>\n<meta property=\"og:locale\" content=\"en_GB\" \/>\n<meta property=\"og:type\" content=\"article\" \/>\n<meta property=\"og:title\" content=\"Szakmai besz\u00e1mol\u00f3 az NKA M\u00fazeumi Koll\u00e9gium \u00e1llom\u00e1nyv\u00e9delmi p\u00e1ly\u00e1zat\u00e1hoz\" \/>\n<meta property=\"og:description\" content=\"Egy m\u00fazeum, ezer \u00e9lm\u00e9ny!\" \/>\n<meta property=\"og:url\" content=\"https:\/\/muzeumvac.hu\/en\/szakmai-beszamolo-az-nka-muzeumi-kollegium-allomanyvedelmi-palyazatahoz\/\" \/>\n<meta property=\"og:site_name\" content=\"TRAGOR IGN\u00c1C M\u00daZEUM \u2022 V\u00c1C\" \/>\n<meta property=\"article:publisher\" content=\"https:\/\/www.facebook.com\/vac.tragorignacmuzeum\" \/>\n<meta property=\"article:modified_time\" content=\"2026-01-15T09:13:16+00:00\" \/>\n<meta name=\"twitter:card\" content=\"summary_large_image\" \/>\n<script type=\"application\/ld+json\" class=\"yoast-schema-graph\">{\"@context\":\"https:\\\/\\\/schema.org\",\"@graph\":[{\"@type\":\"WebPage\",\"@id\":\"https:\\\/\\\/muzeumvac.hu\\\/szakmai-beszamolo-az-nka-muzeumi-kollegium-allomanyvedelmi-palyazatahoz\\\/\",\"url\":\"https:\\\/\\\/muzeumvac.hu\\\/szakmai-beszamolo-az-nka-muzeumi-kollegium-allomanyvedelmi-palyazatahoz\\\/\",\"name\":\"Szakmai besz\u00e1mol\u00f3 az NKA M\u00fazeumi Koll\u00e9gium \u00e1llom\u00e1nyv\u00e9delmi p\u00e1ly\u00e1zat\u00e1hoz - TRAGOR IGN\u00c1C M\u00daZEUM \u2022 V\u00c1C\",\"isPartOf\":{\"@id\":\"https:\\\/\\\/muzeumvac.hu\\\/#website\"},\"datePublished\":\"2024-10-22T08:11:00+00:00\",\"dateModified\":\"2026-01-15T09:13:16+00:00\",\"description\":\"Egy m\u00fazeum, ezer \u00e9lm\u00e9ny!\",\"breadcrumb\":{\"@id\":\"https:\\\/\\\/muzeumvac.hu\\\/szakmai-beszamolo-az-nka-muzeumi-kollegium-allomanyvedelmi-palyazatahoz\\\/#breadcrumb\"},\"inLanguage\":\"en-GB\",\"potentialAction\":[{\"@type\":\"ReadAction\",\"target\":[\"https:\\\/\\\/muzeumvac.hu\\\/szakmai-beszamolo-az-nka-muzeumi-kollegium-allomanyvedelmi-palyazatahoz\\\/\"]}]},{\"@type\":\"BreadcrumbList\",\"@id\":\"https:\\\/\\\/muzeumvac.hu\\\/szakmai-beszamolo-az-nka-muzeumi-kollegium-allomanyvedelmi-palyazatahoz\\\/#breadcrumb\",\"itemListElement\":[{\"@type\":\"ListItem\",\"position\":1,\"name\":\"Kezd\u0151lap\",\"item\":\"https:\\\/\\\/muzeumvac.hu\\\/\"},{\"@type\":\"ListItem\",\"position\":2,\"name\":\"Szakmai besz\u00e1mol\u00f3 az NKA M\u00fazeumi Koll\u00e9gium \u00e1llom\u00e1nyv\u00e9delmi p\u00e1ly\u00e1zat\u00e1hoz\"}]},{\"@type\":\"WebSite\",\"@id\":\"https:\\\/\\\/muzeumvac.hu\\\/#website\",\"url\":\"https:\\\/\\\/muzeumvac.hu\\\/\",\"name\":\"TRAGOR IGN\u00c1C M\u00daZEUM \u2022 V\u00c1C\",\"description\":\"Egy m\u00fazeum, ezer \u00e9lm\u00e9ny!\",\"publisher\":{\"@id\":\"https:\\\/\\\/muzeumvac.hu\\\/#organization\"},\"potentialAction\":[{\"@type\":\"SearchAction\",\"target\":{\"@type\":\"EntryPoint\",\"urlTemplate\":\"https:\\\/\\\/muzeumvac.hu\\\/?s={search_term_string}\"},\"query-input\":{\"@type\":\"PropertyValueSpecification\",\"valueRequired\":true,\"valueName\":\"search_term_string\"}}],\"inLanguage\":\"en-GB\"},{\"@type\":\"Organization\",\"@id\":\"https:\\\/\\\/muzeumvac.hu\\\/#organization\",\"name\":\"TRAGOR IGN\u00c1C M\u00daZEUM \u2022 V\u00c1C\",\"url\":\"https:\\\/\\\/muzeumvac.hu\\\/\",\"logo\":{\"@type\":\"ImageObject\",\"inLanguage\":\"en-GB\",\"@id\":\"https:\\\/\\\/muzeumvac.hu\\\/#\\\/schema\\\/logo\\\/image\\\/\",\"url\":\"https:\\\/\\\/muzeumvac.hu\\\/wp-content\\\/uploads\\\/2025\\\/07\\\/tragor_ignac_logo.png\",\"contentUrl\":\"https:\\\/\\\/muzeumvac.hu\\\/wp-content\\\/uploads\\\/2025\\\/07\\\/tragor_ignac_logo.png\",\"width\":161,\"height\":126,\"caption\":\"TRAGOR IGN\u00c1C M\u00daZEUM \u2022 V\u00c1C\"},\"image\":{\"@id\":\"https:\\\/\\\/muzeumvac.hu\\\/#\\\/schema\\\/logo\\\/image\\\/\"},\"sameAs\":[\"https:\\\/\\\/www.facebook.com\\\/vac.tragorignacmuzeum\",\"https:\\\/\\\/www.instagram.com\\\/tragormuzeum\",\"https:\\\/\\\/www.youtube.com\\\/@TragorIgncMzeum-vac\"]}]}<\/script>\n<!-- \/ Yoast SEO Premium plugin. -->","yoast_head_json":{"title":"Szakmai besz\u00e1mol\u00f3 az NKA M\u00fazeumi Koll\u00e9gium \u00e1llom\u00e1nyv\u00e9delmi p\u00e1ly\u00e1zat\u00e1hoz - TRAGOR IGN\u00c1C M\u00daZEUM \u2022 V\u00c1C","description":"One museum, a thousand experiences!","robots":{"index":"index","follow":"follow","max-snippet":"max-snippet:-1","max-image-preview":"max-image-preview:large","max-video-preview":"max-video-preview:-1"},"canonical":"https:\/\/muzeumvac.hu\/en\/szakmai-beszamolo-az-nka-muzeumi-kollegium-allomanyvedelmi-palyazatahoz\/","og_locale":"en_GB","og_type":"article","og_title":"Szakmai besz\u00e1mol\u00f3 az NKA M\u00fazeumi Koll\u00e9gium \u00e1llom\u00e1nyv\u00e9delmi p\u00e1ly\u00e1zat\u00e1hoz","og_description":"Egy m\u00fazeum, ezer \u00e9lm\u00e9ny!","og_url":"https:\/\/muzeumvac.hu\/en\/szakmai-beszamolo-az-nka-muzeumi-kollegium-allomanyvedelmi-palyazatahoz\/","og_site_name":"TRAGOR IGN\u00c1C M\u00daZEUM \u2022 V\u00c1C","article_publisher":"https:\/\/www.facebook.com\/vac.tragorignacmuzeum","article_modified_time":"2026-01-15T09:13:16+00:00","twitter_card":"summary_large_image","schema":{"@context":"https:\/\/schema.org","@graph":[{"@type":"WebPage","@id":"https:\/\/muzeumvac.hu\/szakmai-beszamolo-az-nka-muzeumi-kollegium-allomanyvedelmi-palyazatahoz\/","url":"https:\/\/muzeumvac.hu\/szakmai-beszamolo-az-nka-muzeumi-kollegium-allomanyvedelmi-palyazatahoz\/","name":"Szakmai besz\u00e1mol\u00f3 az NKA M\u00fazeumi Koll\u00e9gium \u00e1llom\u00e1nyv\u00e9delmi p\u00e1ly\u00e1zat\u00e1hoz - TRAGOR IGN\u00c1C M\u00daZEUM \u2022 V\u00c1C","isPartOf":{"@id":"https:\/\/muzeumvac.hu\/#website"},"datePublished":"2024-10-22T08:11:00+00:00","dateModified":"2026-01-15T09:13:16+00:00","description":"One museum, a thousand experiences!","breadcrumb":{"@id":"https:\/\/muzeumvac.hu\/szakmai-beszamolo-az-nka-muzeumi-kollegium-allomanyvedelmi-palyazatahoz\/#breadcrumb"},"inLanguage":"en-GB","potentialAction":[{"@type":"ReadAction","target":["https:\/\/muzeumvac.hu\/szakmai-beszamolo-az-nka-muzeumi-kollegium-allomanyvedelmi-palyazatahoz\/"]}]},{"@type":"BreadcrumbList","@id":"https:\/\/muzeumvac.hu\/szakmai-beszamolo-az-nka-muzeumi-kollegium-allomanyvedelmi-palyazatahoz\/#breadcrumb","itemListElement":[{"@type":"ListItem","position":1,"name":"Kezd\u0151lap","item":"https:\/\/muzeumvac.hu\/"},{"@type":"ListItem","position":2,"name":"Szakmai besz\u00e1mol\u00f3 az NKA M\u00fazeumi Koll\u00e9gium \u00e1llom\u00e1nyv\u00e9delmi p\u00e1ly\u00e1zat\u00e1hoz"}]},{"@type":"WebSite","@id":"https:\/\/muzeumvac.hu\/#website","url":"https:\/\/muzeumvac.hu\/","name":"TRAGOR IGN\u00c1C M\u00daZEUM \u2022 V\u00c1C","description":"One museum, a thousand experiences!","publisher":{"@id":"https:\/\/muzeumvac.hu\/#organization"},"potentialAction":[{"@type":"SearchAction","target":{"@type":"EntryPoint","urlTemplate":"https:\/\/muzeumvac.hu\/?s={search_term_string}"},"query-input":{"@type":"PropertyValueSpecification","valueRequired":true,"valueName":"search_term_string"}}],"inLanguage":"en-GB"},{"@type":"Organization","@id":"https:\/\/muzeumvac.hu\/#organization","name":"TRAGOR IGN\u00c1C M\u00daZEUM \u2022 V\u00c1C","url":"https:\/\/muzeumvac.hu\/","logo":{"@type":"ImageObject","inLanguage":"en-GB","@id":"https:\/\/muzeumvac.hu\/#\/schema\/logo\/image\/","url":"https:\/\/muzeumvac.hu\/wp-content\/uploads\/2025\/07\/tragor_ignac_logo.png","contentUrl":"https:\/\/muzeumvac.hu\/wp-content\/uploads\/2025\/07\/tragor_ignac_logo.png","width":161,"height":126,"caption":"TRAGOR IGN\u00c1C M\u00daZEUM \u2022 V\u00c1C"},"image":{"@id":"https:\/\/muzeumvac.hu\/#\/schema\/logo\/image\/"},"sameAs":["https:\/\/www.facebook.com\/vac.tragorignacmuzeum","https:\/\/www.instagram.com\/tragormuzeum","https:\/\/www.youtube.com\/@TragorIgncMzeum-vac"]}]}},"_links":{"self":[{"href":"https:\/\/muzeumvac.hu\/en\/wp-json\/wp\/v2\/pages\/5364","targetHints":{"allow":["GET"]}}],"collection":[{"href":"https:\/\/muzeumvac.hu\/en\/wp-json\/wp\/v2\/pages"}],"about":[{"href":"https:\/\/muzeumvac.hu\/en\/wp-json\/wp\/v2\/types\/page"}],"author":[{"embeddable":true,"href":"https:\/\/muzeumvac.hu\/en\/wp-json\/wp\/v2\/users\/1"}],"replies":[{"embeddable":true,"href":"https:\/\/muzeumvac.hu\/en\/wp-json\/wp\/v2\/comments?post=5364"}],"version-history":[{"count":2,"href":"https:\/\/muzeumvac.hu\/en\/wp-json\/wp\/v2\/pages\/5364\/revisions"}],"predecessor-version":[{"id":5372,"href":"https:\/\/muzeumvac.hu\/en\/wp-json\/wp\/v2\/pages\/5364\/revisions\/5372"}],"wp:attachment":[{"href":"https:\/\/muzeumvac.hu\/en\/wp-json\/wp\/v2\/media?parent=5364"}],"curies":[{"name":"wp","href":"https:\/\/api.w.org\/{rel}","templated":true}]}}