{"id":5356,"date":"2024-10-08T09:46:00","date_gmt":"2024-10-08T07:46:00","guid":{"rendered":"https:\/\/muzeumvac.hu\/?page_id=5356"},"modified":"2026-01-15T09:52:08","modified_gmt":"2026-01-15T08:52:08","slug":"szakmai-beszamolo-az-nka-muzeumi-kollegium-mutargyvasarlas-palyazatahoz","status":"publish","type":"page","link":"https:\/\/muzeumvac.hu\/en\/szakmai-beszamolo-az-nka-muzeumi-kollegium-mutargyvasarlas-palyazatahoz\/","title":{"rendered":"Szakmai besz\u00e1mol\u00f3 az NKA M\u00fazeumi Koll\u00e9gium m\u0171t\u00e1rgyv\u00e1s\u00e1rl\u00e1s p\u00e1ly\u00e1zat\u00e1hoz"},"content":{"rendered":"<p>[et_pb_section fb_built=&#8221;1&#8243; theme_builder_area=&#8221;post_content&#8221; _builder_version=&#8221;4.27.4&#8243; _module_preset=&#8221;default&#8221;][et_pb_row _builder_version=&#8221;4.27.4&#8243; _module_preset=&#8221;default&#8221; theme_builder_area=&#8221;post_content&#8221;][et_pb_column _builder_version=&#8221;4.27.4&#8243; _module_preset=&#8221;default&#8221; type=&#8221;4_4&#8243; theme_builder_area=&#8221;post_content&#8221;][et_pb_text _builder_version=&#8221;4.27.4&#8243; _module_preset=&#8221;default&#8221; theme_builder_area=&#8221;post_content&#8221; hover_enabled=&#8221;0&#8243; sticky_enabled=&#8221;0&#8243;]<\/p>\n<p>Szakmai besz\u00e1mol\u00f3 az NKA M\u00fazeumi Koll\u00e9gium m\u0171t\u00e1rgyv\u00e1s\u00e1rl\u00e1s p\u00e1ly\u00e1zat\u00e1hoz<br \/>\u00a02024. okt\u00f3ber 8.<\/p>\n<p><strong>A Tragor Ign\u00e1c M\u00fazeum M\u0171t\u00e1rgyak v\u00e1s\u00e1rl\u00e1sa egy v\u00e1ci mag\u00e1ngy\u0171jt\u0151 v\u00e1ci vonatkoz\u00e1s\u00fa helyt\u00f6rt\u00e9neti-r\u00e9g\u00e9szeti vonatkoz\u00e1s\u00fa gy\u0171jtem\u00e9ny\u00e9b\u0151l p\u00e1ly\u00e1zat\u00e1hoz<br \/>P\u00e1ly\u00e1zati azonos\u00edt\u00f3: 209110\/00111<br \/>A p\u00e1ly\u00e1zaton elnyert \u00f6sszeg: 500.000 Ft<\/strong><\/p>\n<p>A p\u00e1ly\u00e1zati p\u00e9nzb\u0151l 3 m\u0171t\u00e1rgyat siker\u00fclt megv\u00e1s\u00e1rolnia a Tragor Ign\u00e1c M\u00fazeumnak. A m\u0171t\u00e1rgyak A r\u00e9g\u00e9szeti, illetve a t\u00f6rt\u00e9neti t\u00e1rgyi gy\u0171jtem\u00e9nybe ker\u00fcltek belelt\u00e1roz\u00e1sra.<\/p>\n<p>A megv\u00e1s\u00e1rolt m\u0171t\u00e1rgyak nyilv\u00e1ntart\u00e1s<\/p>\n<p><strong style=\"font-size: 14px;\">R. 2024.5.1. turb\u00e1nos t\u00f6r\u00f6k s\u00edrk\u0151 az egykori v\u00e1ci t\u00f6r\u00f6k temet\u0151b\u0151l<\/strong><\/p>\n<p>A r\u00e9g\u00e9szeti gy\u0171jtem\u00e9ny egy \u00fajabb k\u00fcl\u00f6nleges t\u00e1rggyal gyarapodott a tavalyi \u00e9v sor\u00e1n. V\u00e1c t\u00f6r\u00f6k megsz\u00e1ll\u00e1sa ut\u00e1n megkezd\u0151d\u00f6tt a v\u00e1ros beilleszt\u00e9se a szult\u00e1ns\u00e1gba, ennek egyik fontos eleme volt a t\u00f6r\u00f6k, de m\u00e9g ink\u00e1bb balk\u00e1ni katonas\u00e1g \u00e9s lakoss\u00e1g betelep\u00edt\u00e9se. Az \u00fajonnan \u00e9rkezettek magukkal hozt\u00e1k a saj\u00e1t vall\u00e1si, \u00e9s \u00edgy temetkez\u00e9si szok\u00e1saikat is. A s\u00edrok f\u00f6l\u00e9 emelt turb\u00e1nos s\u00edrk\u00f6vek \u00e1ltal\u00e1nosan elterjedtek a h\u00f3dolts\u00e1gi ter\u00fcleten, ennek ellen\u00e9re az \u00e9p p\u00e9ld\u00e1nyok nem gyakoriak. A nagyobb m\u00e9ret\u0171 k\u00f6vek bizony\u00e1ra a felszabad\u00edt\u00e1st k\u00f6vetkez\u0151 \u00e9p\u00edtkez\u00e9sek \u00e1ldozat\u00e1ul estek. A kialakul\u00e1suk eg\u00e9szen a 13. sz\u00e1zadig ny\u00falik vissza. Ekkor az Oszm\u00e1n nemzetts\u00e9g \u00e1ltal haszn\u00e1lt s\u00edrk\u00f6vek ember alak\u00faak voltak, rendelkeztek fejjel, v\u00e1llal, t\u00f6rzzsel. A 14. sz\u00e1zad v\u00e9g\u00e9n ebb\u0151l a s\u00edrk\u0151t\u00edpusb\u00f3l alakult ki a turb\u00e1nos s\u00edrk\u0151, amely a mevlevi dervisek turb\u00e1nj\u00e1t jelen\u00edti meg.<\/p>\n<p>(Forr\u00e1s: K. N\u00e9meth Andr\u00e1s: Turb\u00e1nos muszlim s\u00edrk\u00f6vek Tolna megy\u00e9ben. In: Keletkutat\u00e1s: Tanulm\u00e1nyok az orientalisztika k\u00f6r\u00e9b\u0151l. 2021. 35-56. )<\/p>\n<p><strong>T.2024.1.1.1-1.3.1. Tragor Ign\u00e1c \u00edr\u00f3g\u00e9pe<\/strong><\/p>\n<p>M\u00fazeumunk n\u00e9vad\u00f3ja, dr. Tragor Ign\u00e1c jog\u00e1sz, a V\u00e1ci M\u00fazeum Egyes\u00fclet egyik alap\u00edt\u00f3ja, majd eln\u00f6ke, a V\u00e1ci Takar\u00e9kp\u00e9nzt\u00e1r igazgat\u00f3jak\u00e9nt dolgozott. \u00cdr\u00f3g\u00e9pe egyetlen le\u00e1ny\u00e1t\u00f3l sz\u00e1rmazott \u00e1t annak seg\u00edt\u0151j\u00e9re, akit\u0151l v\u00e9g\u00fcl e gy\u0171jtem\u00e9nybe ker\u00fclt. Az Oliver Typewriter No. 4. a c\u00e9g 1904-ben els\u0151k\u00e9nt exportra dobott fejleszt\u00e9se. Val\u00f3sz\u00edn\u0171leg a Takar\u00e9kp\u00e9nzt\u00e1r v\u00e1s\u00e1rolta, onnan vette \u00e1t haszn\u00e1latra Tragor a bels\u0151 felirat szerint 1910-ben. A bizony\u00e1ra a nyilv\u00e1ntart\u00e1s sz\u00e1m\u00e1ra oda\u00edrt &#8222;Cifra&#8221; sz\u00f3 a cifrakerti \u2013 ez volt a neve a Tragor villa telk\u00e9nek &#8211; haszn\u00e1latra utal. Az \u00edr\u00f3g\u00e9p jelent\u0151s helyt\u00f6rt\u00e9neti \u00e9rt\u00e9kkel b\u00edr, egyr\u00e9szt Tragor Ign\u00e1c szem\u00e9lye, m\u00e1sr\u00e9szt a V\u00e1ci Takar\u00e9kp\u00e9nzt\u00e1r t\u00f6rt\u00e9nete szempontj\u00e1b\u00f3l. Az NKA forr\u00e1sb\u00f3l megv\u00e1s\u00e1rolt m\u0171t\u00e1rgy a m\u00fazeum t\u00f6rt\u00e9neti t\u00e1rgyi gy\u0171jtem\u00e9ny\u00e9t gazdag\u00edtja.<\/p>\n<p><strong>T.2024.2.1. M\u00e9hkast form\u00e1z\u00f3 \u00e9p\u00fcletelem az egykori V\u00e1ci Takar\u00e9kp\u00e9nzt\u00e1r \u00e9p\u00fclet\u00e9r\u0151l<\/strong><\/p>\n<p>Az els\u0151 v\u00e1ci p\u00e9nzint\u00e9zet az 1864-ben alakult V\u00e1ci Takar\u00e9kp\u00e9nzt\u00e1r volt, az alap\u00edt\u00e1si k\u00f6lts\u00e9geket k\u00f6zadakoz\u00e1s \u00e1ltal \u00f6sszegy\u0171lt p\u00e9nz fedezte. Embl\u00e9m\u00e1ja egy m\u00e9hkas, ez d\u00edsz\u00edtette f\u0151t\u00e9ri \u00e9p\u00fclet\u00e9t. M\u00edg az int\u00e9zm\u00e9ny kezdetben p\u00e9nzk\u00f6lcs\u00f6nz\u00e9ssel \u00e9s takar\u00e9kbet\u00e9ttel foglalkozott, az 1880-as \u00e9vekt\u0151l \u00fczleti v\u00e1llalkoz\u00e1sokba kezdett: r\u00e9szv\u00e9nyt\u00e1rsas\u00e1gi form\u00e1ban bekapcsol\u00f3dott t\u00f6bb c\u00e9g \u00fczemeltet\u00e9s\u00e9be, s r\u00e9szben a takar\u00e9kp\u00e9nzt\u00e1r finansz\u00edrozta az \u00faj v\u00e1rosr\u00e9sz, De\u00e1kv\u00e1ri \u00e9p\u00edtkez\u00e9seit. A r\u00e9szv\u00e9nyt\u00e1rsas\u00e1gi form\u00e1ban m\u0171k\u00f6d\u0151 V\u00e1ci Takar\u00e9kp\u00e9nzt\u00e1r Rt. fontos szerepet j\u00e1tszott a v\u00e1ros gazdas\u00e1gi- \u00e9s kultur\u00e1lis \u00e9let\u00e9ben is, hiszen \u2013 Tragor Ign\u00e1cnak, az int\u00e9zm\u00e9ny igazgat\u00f3j\u00e1nak k\u00f6sz\u00f6nhet\u0151en \u2013 t\u00e1mogat\u00f3ja volt a V\u00e1ci M\u00fazeum Egyes\u00fcletnek is. Az NKA p\u00e1ly\u00e1zati forr\u00e1s\u00e1b\u00f3l megv\u00e1s\u00e1rolt m\u0171t\u00e1rgy a m\u00fazeum t\u00f6rt\u00e9neti t\u00e1rgyi gy\u0171jtem\u00e9ny\u00e9t gazdag\u00edtja.<\/p>\n<p><u>K\u00f6z\u00f6ns\u00e9ghasznos\u00edt\u00e1s<\/u><\/p>\n<p>A p\u00e1ly\u00e1zati forr\u00e1sb\u00f3l megv\u00e1s\u00e1rolt m\u0171t\u00e1rgyak a k\u00f6zelj\u00f6v\u0151ben fontos szerepet kaphatnak a m\u00fazeum ki\u00e1ll\u00edt\u00e1saiban.<\/p>\n<p>A beszerzett m\u0171t\u00e1rgyak nyilv\u00e1ntart\u00e1sba v\u00e9telt k\u00f6vet\u0151en el\u0151sz\u00f6r a Tragor Ign\u00e1c M\u00fazeum digit\u00e1lis fel\u00fcletein \u2013 honlap, facebook, instagram &#8211; ker\u00fcltek bemutat\u00e1sra.<\/p>\n<p>A m\u00fazeum \u00faj helyt\u00f6rt\u00e9neti ki\u00e1ll\u00edt\u00e1st k\u00e9sz\u00edt el\u0151. Ezt el\u0151k\u00e9sz\u00edtve a M\u00fazeumok \u00e9jszak\u00e1j\u00e1n minden \u00e9vben bemutat\u00e1sra ker\u00fclnek az \u00faj szerzem\u00e9nyeink. Ebben az \u00e9vben egy mini ki\u00e1ll\u00edt\u00e1s keret\u00e9ben az NKA p\u00e1ly\u00e1zatb\u00f3l megv\u00e1s\u00e1rolt m\u0171t\u00e1rgyakkal is megismerkedhetnek az \u00e9rdekl\u0151d\u0151k. A ki\u00e1ll\u00edt\u00e1son a t\u00e1rgyakat szakmuzeol\u00f3gus mutatta be.<\/p>\n<p>&nbsp;<\/p>\n<p>[\/et_pb_text][et_pb_gallery _builder_version=&#8221;4.27.4&#8243; _module_preset=&#8221;default&#8221; theme_builder_area=&#8221;post_content&#8221; gallery_ids=&#8221;5358,5359,5360,5361&#8243; hover_enabled=&#8221;0&#8243; sticky_enabled=&#8221;0&#8243;][\/et_pb_gallery][\/et_pb_column][\/et_pb_row][\/et_pb_section]<\/p>\n","protected":false},"excerpt":{"rendered":"<p>Szakmai besz\u00e1mol\u00f3 az NKA M\u00fazeumi Koll\u00e9gium m\u0171t\u00e1rgyv\u00e1s\u00e1rl\u00e1s p\u00e1ly\u00e1zat\u00e1hoz\u00a02024. okt\u00f3ber 8. A Tragor Ign\u00e1c M\u00fazeum M\u0171t\u00e1rgyak v\u00e1s\u00e1rl\u00e1sa egy v\u00e1ci mag\u00e1ngy\u0171jt\u0151 v\u00e1ci vonatkoz\u00e1s\u00fa helyt\u00f6rt\u00e9neti-r\u00e9g\u00e9szeti vonatkoz\u00e1s\u00fa gy\u0171jtem\u00e9ny\u00e9b\u0151l p\u00e1ly\u00e1zat\u00e1hozP\u00e1ly\u00e1zati azonos\u00edt\u00f3: 209110\/00111A p\u00e1ly\u00e1zaton elnyert \u00f6sszeg: [&hellip;]<\/p>\n","protected":false},"author":1,"featured_media":0,"parent":0,"menu_order":0,"comment_status":"closed","ping_status":"closed","template":"","meta":{"_et_pb_use_builder":"on","_et_pb_old_content":"","_et_gb_content_width":"","footnotes":""},"class_list":["post-5356","page","type-page","status-publish","hentry"],"yoast_head":"<!-- This site is optimized with the Yoast SEO Premium plugin v27.3 (Yoast SEO v27.3) - https:\/\/yoast.com\/product\/yoast-seo-premium-wordpress\/ -->\n<title>Szakmai besz\u00e1mol\u00f3 az NKA M\u00fazeumi Koll\u00e9gium m\u0171t\u00e1rgyv\u00e1s\u00e1rl\u00e1s p\u00e1ly\u00e1zat\u00e1hoz - TRAGOR IGN\u00c1C M\u00daZEUM \u2022 V\u00c1C<\/title>\n<meta name=\"description\" content=\"Egy m\u00fazeum, ezer \u00e9lm\u00e9ny!\" \/>\n<meta name=\"robots\" content=\"index, follow, max-snippet:-1, max-image-preview:large, max-video-preview:-1\" \/>\n<link rel=\"canonical\" href=\"https:\/\/muzeumvac.hu\/en\/szakmai-beszamolo-az-nka-muzeumi-kollegium-mutargyvasarlas-palyazatahoz\/\" \/>\n<meta property=\"og:locale\" content=\"en_GB\" \/>\n<meta property=\"og:type\" content=\"article\" \/>\n<meta property=\"og:title\" content=\"Szakmai besz\u00e1mol\u00f3 az NKA M\u00fazeumi Koll\u00e9gium m\u0171t\u00e1rgyv\u00e1s\u00e1rl\u00e1s p\u00e1ly\u00e1zat\u00e1hoz\" \/>\n<meta property=\"og:description\" content=\"Egy m\u00fazeum, ezer \u00e9lm\u00e9ny!\" \/>\n<meta property=\"og:url\" content=\"https:\/\/muzeumvac.hu\/en\/szakmai-beszamolo-az-nka-muzeumi-kollegium-mutargyvasarlas-palyazatahoz\/\" \/>\n<meta property=\"og:site_name\" content=\"TRAGOR IGN\u00c1C M\u00daZEUM \u2022 V\u00c1C\" \/>\n<meta property=\"article:publisher\" content=\"https:\/\/www.facebook.com\/vac.tragorignacmuzeum\" \/>\n<meta property=\"article:modified_time\" content=\"2026-01-15T08:52:08+00:00\" \/>\n<meta name=\"twitter:card\" content=\"summary_large_image\" \/>\n<script type=\"application\/ld+json\" class=\"yoast-schema-graph\">{\"@context\":\"https:\\\/\\\/schema.org\",\"@graph\":[{\"@type\":\"WebPage\",\"@id\":\"https:\\\/\\\/muzeumvac.hu\\\/szakmai-beszamolo-az-nka-muzeumi-kollegium-mutargyvasarlas-palyazatahoz\\\/\",\"url\":\"https:\\\/\\\/muzeumvac.hu\\\/szakmai-beszamolo-az-nka-muzeumi-kollegium-mutargyvasarlas-palyazatahoz\\\/\",\"name\":\"Szakmai besz\u00e1mol\u00f3 az NKA M\u00fazeumi Koll\u00e9gium m\u0171t\u00e1rgyv\u00e1s\u00e1rl\u00e1s p\u00e1ly\u00e1zat\u00e1hoz - TRAGOR IGN\u00c1C M\u00daZEUM \u2022 V\u00c1C\",\"isPartOf\":{\"@id\":\"https:\\\/\\\/muzeumvac.hu\\\/#website\"},\"datePublished\":\"2024-10-08T07:46:00+00:00\",\"dateModified\":\"2026-01-15T08:52:08+00:00\",\"description\":\"Egy m\u00fazeum, ezer \u00e9lm\u00e9ny!\",\"breadcrumb\":{\"@id\":\"https:\\\/\\\/muzeumvac.hu\\\/szakmai-beszamolo-az-nka-muzeumi-kollegium-mutargyvasarlas-palyazatahoz\\\/#breadcrumb\"},\"inLanguage\":\"en-GB\",\"potentialAction\":[{\"@type\":\"ReadAction\",\"target\":[\"https:\\\/\\\/muzeumvac.hu\\\/szakmai-beszamolo-az-nka-muzeumi-kollegium-mutargyvasarlas-palyazatahoz\\\/\"]}]},{\"@type\":\"BreadcrumbList\",\"@id\":\"https:\\\/\\\/muzeumvac.hu\\\/szakmai-beszamolo-az-nka-muzeumi-kollegium-mutargyvasarlas-palyazatahoz\\\/#breadcrumb\",\"itemListElement\":[{\"@type\":\"ListItem\",\"position\":1,\"name\":\"Kezd\u0151lap\",\"item\":\"https:\\\/\\\/muzeumvac.hu\\\/\"},{\"@type\":\"ListItem\",\"position\":2,\"name\":\"Szakmai besz\u00e1mol\u00f3 az NKA M\u00fazeumi Koll\u00e9gium m\u0171t\u00e1rgyv\u00e1s\u00e1rl\u00e1s p\u00e1ly\u00e1zat\u00e1hoz\"}]},{\"@type\":\"WebSite\",\"@id\":\"https:\\\/\\\/muzeumvac.hu\\\/#website\",\"url\":\"https:\\\/\\\/muzeumvac.hu\\\/\",\"name\":\"TRAGOR IGN\u00c1C M\u00daZEUM \u2022 V\u00c1C\",\"description\":\"Egy m\u00fazeum, ezer \u00e9lm\u00e9ny!\",\"publisher\":{\"@id\":\"https:\\\/\\\/muzeumvac.hu\\\/#organization\"},\"potentialAction\":[{\"@type\":\"SearchAction\",\"target\":{\"@type\":\"EntryPoint\",\"urlTemplate\":\"https:\\\/\\\/muzeumvac.hu\\\/?s={search_term_string}\"},\"query-input\":{\"@type\":\"PropertyValueSpecification\",\"valueRequired\":true,\"valueName\":\"search_term_string\"}}],\"inLanguage\":\"en-GB\"},{\"@type\":\"Organization\",\"@id\":\"https:\\\/\\\/muzeumvac.hu\\\/#organization\",\"name\":\"TRAGOR IGN\u00c1C M\u00daZEUM \u2022 V\u00c1C\",\"url\":\"https:\\\/\\\/muzeumvac.hu\\\/\",\"logo\":{\"@type\":\"ImageObject\",\"inLanguage\":\"en-GB\",\"@id\":\"https:\\\/\\\/muzeumvac.hu\\\/#\\\/schema\\\/logo\\\/image\\\/\",\"url\":\"https:\\\/\\\/muzeumvac.hu\\\/wp-content\\\/uploads\\\/2025\\\/07\\\/tragor_ignac_logo.png\",\"contentUrl\":\"https:\\\/\\\/muzeumvac.hu\\\/wp-content\\\/uploads\\\/2025\\\/07\\\/tragor_ignac_logo.png\",\"width\":161,\"height\":126,\"caption\":\"TRAGOR IGN\u00c1C M\u00daZEUM \u2022 V\u00c1C\"},\"image\":{\"@id\":\"https:\\\/\\\/muzeumvac.hu\\\/#\\\/schema\\\/logo\\\/image\\\/\"},\"sameAs\":[\"https:\\\/\\\/www.facebook.com\\\/vac.tragorignacmuzeum\",\"https:\\\/\\\/www.instagram.com\\\/tragormuzeum\",\"https:\\\/\\\/www.youtube.com\\\/@TragorIgncMzeum-vac\"]}]}<\/script>\n<!-- \/ Yoast SEO Premium plugin. -->","yoast_head_json":{"title":"Szakmai besz\u00e1mol\u00f3 az NKA M\u00fazeumi Koll\u00e9gium m\u0171t\u00e1rgyv\u00e1s\u00e1rl\u00e1s p\u00e1ly\u00e1zat\u00e1hoz - TRAGOR IGN\u00c1C M\u00daZEUM \u2022 V\u00c1C","description":"One museum, a thousand experiences!","robots":{"index":"index","follow":"follow","max-snippet":"max-snippet:-1","max-image-preview":"max-image-preview:large","max-video-preview":"max-video-preview:-1"},"canonical":"https:\/\/muzeumvac.hu\/en\/szakmai-beszamolo-az-nka-muzeumi-kollegium-mutargyvasarlas-palyazatahoz\/","og_locale":"en_GB","og_type":"article","og_title":"Szakmai besz\u00e1mol\u00f3 az NKA M\u00fazeumi Koll\u00e9gium m\u0171t\u00e1rgyv\u00e1s\u00e1rl\u00e1s p\u00e1ly\u00e1zat\u00e1hoz","og_description":"Egy m\u00fazeum, ezer \u00e9lm\u00e9ny!","og_url":"https:\/\/muzeumvac.hu\/en\/szakmai-beszamolo-az-nka-muzeumi-kollegium-mutargyvasarlas-palyazatahoz\/","og_site_name":"TRAGOR IGN\u00c1C M\u00daZEUM \u2022 V\u00c1C","article_publisher":"https:\/\/www.facebook.com\/vac.tragorignacmuzeum","article_modified_time":"2026-01-15T08:52:08+00:00","twitter_card":"summary_large_image","schema":{"@context":"https:\/\/schema.org","@graph":[{"@type":"WebPage","@id":"https:\/\/muzeumvac.hu\/szakmai-beszamolo-az-nka-muzeumi-kollegium-mutargyvasarlas-palyazatahoz\/","url":"https:\/\/muzeumvac.hu\/szakmai-beszamolo-az-nka-muzeumi-kollegium-mutargyvasarlas-palyazatahoz\/","name":"Szakmai besz\u00e1mol\u00f3 az NKA M\u00fazeumi Koll\u00e9gium m\u0171t\u00e1rgyv\u00e1s\u00e1rl\u00e1s p\u00e1ly\u00e1zat\u00e1hoz - TRAGOR IGN\u00c1C M\u00daZEUM \u2022 V\u00c1C","isPartOf":{"@id":"https:\/\/muzeumvac.hu\/#website"},"datePublished":"2024-10-08T07:46:00+00:00","dateModified":"2026-01-15T08:52:08+00:00","description":"One museum, a thousand experiences!","breadcrumb":{"@id":"https:\/\/muzeumvac.hu\/szakmai-beszamolo-az-nka-muzeumi-kollegium-mutargyvasarlas-palyazatahoz\/#breadcrumb"},"inLanguage":"en-GB","potentialAction":[{"@type":"ReadAction","target":["https:\/\/muzeumvac.hu\/szakmai-beszamolo-az-nka-muzeumi-kollegium-mutargyvasarlas-palyazatahoz\/"]}]},{"@type":"BreadcrumbList","@id":"https:\/\/muzeumvac.hu\/szakmai-beszamolo-az-nka-muzeumi-kollegium-mutargyvasarlas-palyazatahoz\/#breadcrumb","itemListElement":[{"@type":"ListItem","position":1,"name":"Kezd\u0151lap","item":"https:\/\/muzeumvac.hu\/"},{"@type":"ListItem","position":2,"name":"Szakmai besz\u00e1mol\u00f3 az NKA M\u00fazeumi Koll\u00e9gium m\u0171t\u00e1rgyv\u00e1s\u00e1rl\u00e1s p\u00e1ly\u00e1zat\u00e1hoz"}]},{"@type":"WebSite","@id":"https:\/\/muzeumvac.hu\/#website","url":"https:\/\/muzeumvac.hu\/","name":"TRAGOR IGN\u00c1C M\u00daZEUM \u2022 V\u00c1C","description":"One museum, a thousand experiences!","publisher":{"@id":"https:\/\/muzeumvac.hu\/#organization"},"potentialAction":[{"@type":"SearchAction","target":{"@type":"EntryPoint","urlTemplate":"https:\/\/muzeumvac.hu\/?s={search_term_string}"},"query-input":{"@type":"PropertyValueSpecification","valueRequired":true,"valueName":"search_term_string"}}],"inLanguage":"en-GB"},{"@type":"Organization","@id":"https:\/\/muzeumvac.hu\/#organization","name":"TRAGOR IGN\u00c1C M\u00daZEUM \u2022 V\u00c1C","url":"https:\/\/muzeumvac.hu\/","logo":{"@type":"ImageObject","inLanguage":"en-GB","@id":"https:\/\/muzeumvac.hu\/#\/schema\/logo\/image\/","url":"https:\/\/muzeumvac.hu\/wp-content\/uploads\/2025\/07\/tragor_ignac_logo.png","contentUrl":"https:\/\/muzeumvac.hu\/wp-content\/uploads\/2025\/07\/tragor_ignac_logo.png","width":161,"height":126,"caption":"TRAGOR IGN\u00c1C M\u00daZEUM \u2022 V\u00c1C"},"image":{"@id":"https:\/\/muzeumvac.hu\/#\/schema\/logo\/image\/"},"sameAs":["https:\/\/www.facebook.com\/vac.tragorignacmuzeum","https:\/\/www.instagram.com\/tragormuzeum","https:\/\/www.youtube.com\/@TragorIgncMzeum-vac"]}]}},"_links":{"self":[{"href":"https:\/\/muzeumvac.hu\/en\/wp-json\/wp\/v2\/pages\/5356","targetHints":{"allow":["GET"]}}],"collection":[{"href":"https:\/\/muzeumvac.hu\/en\/wp-json\/wp\/v2\/pages"}],"about":[{"href":"https:\/\/muzeumvac.hu\/en\/wp-json\/wp\/v2\/types\/page"}],"author":[{"embeddable":true,"href":"https:\/\/muzeumvac.hu\/en\/wp-json\/wp\/v2\/users\/1"}],"replies":[{"embeddable":true,"href":"https:\/\/muzeumvac.hu\/en\/wp-json\/wp\/v2\/comments?post=5356"}],"version-history":[{"count":2,"href":"https:\/\/muzeumvac.hu\/en\/wp-json\/wp\/v2\/pages\/5356\/revisions"}],"predecessor-version":[{"id":5362,"href":"https:\/\/muzeumvac.hu\/en\/wp-json\/wp\/v2\/pages\/5356\/revisions\/5362"}],"wp:attachment":[{"href":"https:\/\/muzeumvac.hu\/en\/wp-json\/wp\/v2\/media?parent=5356"}],"curies":[{"name":"wp","href":"https:\/\/api.w.org\/{rel}","templated":true}]}}