{"id":5347,"date":"2024-10-24T09:43:00","date_gmt":"2024-10-24T07:43:00","guid":{"rendered":"https:\/\/muzeumvac.hu\/?page_id=5347"},"modified":"2026-01-15T09:45:22","modified_gmt":"2026-01-15T08:45:22","slug":"szakmai-beszamolo-az-nka-muzeumok-kollegiuma-a-reneszansz-sarkany-bathori-miklos-es-kora-elnevezesu-idoszaki-kiallitas-megvalositasahoz","status":"publish","type":"page","link":"https:\/\/muzeumvac.hu\/en\/szakmai-beszamolo-az-nka-muzeumok-kollegiuma-a-reneszansz-sarkany-bathori-miklos-es-kora-elnevezesu-idoszaki-kiallitas-megvalositasahoz\/","title":{"rendered":"Szakmai besz\u00e1mol\u00f3 az NKA M\u00fazeumok Koll\u00e9giuma A renesz\u00e1nsz s\u00e1rk\u00e1ny &#8211; B\u00e1thori Mikl\u00f3s \u00e9s kora elnevez\u00e9s\u0171 id\u0151szaki ki\u00e1ll\u00edt\u00e1s megval\u00f3s\u00edt\u00e1s\u00e1hoz"},"content":{"rendered":"<p>[et_pb_section fb_built=&#8221;1&#8243; theme_builder_area=&#8221;post_content&#8221; _builder_version=&#8221;4.27.4&#8243; _module_preset=&#8221;default&#8221;][et_pb_row _builder_version=&#8221;4.27.4&#8243; _module_preset=&#8221;default&#8221; theme_builder_area=&#8221;post_content&#8221;][et_pb_column _builder_version=&#8221;4.27.4&#8243; _module_preset=&#8221;default&#8221; type=&#8221;4_4&#8243; theme_builder_area=&#8221;post_content&#8221;][et_pb_text _builder_version=&#8221;4.27.4&#8243; _module_preset=&#8221;default&#8221; theme_builder_area=&#8221;post_content&#8221; hover_enabled=&#8221;0&#8243; sticky_enabled=&#8221;0&#8243;]<\/p>\n<p>Szakmai besz\u00e1mol\u00f3 az NKA M\u00fazeumok Koll\u00e9giuma A renesz\u00e1nsz s\u00e1rk\u00e1ny &#8211; B\u00e1thori Mikl\u00f3s \u00e9s kora elnevez\u00e9s\u0171 id\u0151szaki ki\u00e1ll\u00edt\u00e1s megval\u00f3s\u00edt\u00e1s\u00e1hoz<br \/>\u00a02024. okt\u00f3ber 24.<\/p>\n<p><strong>Nagy\u00e9rt\u00e9k\u0171 eszk\u00f6z beszerz\u00e9se a Tragor Ign\u00e1c M\u00fazeum id\u0151szaki ki\u00e1ll\u00edt\u00e1s\u00e1hoz.<br \/>P\u00e1ly\u00e1zati azonos\u00edt\u00f3: 209106\/00148<\/p>\n<p>A Tragor Ign\u00e1c M\u00fazeum nagy \u00e9rt\u00e9k\u0171 multim\u00e9di\u00e1s eszk\u00f6z beszerz\u00e9s\u00e9re nyert 1.000.000 Ft t\u00e1mogat\u00e1st az NKA M\u00fazeumok Koll\u00e9giuma kurat\u00f3rium\u00e1t\u00f3l.<\/strong><\/p>\n<p>2024-ben \u00fcnnepelte V\u00e1c B\u00e1thori Mikl\u00f3s p\u00fcsp\u00f6ki kinevez\u00e9s\u00e9nek 550. \u00e9vfordul\u00f3j\u00e1t. A neves alkalomb\u00f3l a v\u00e1ros vezet\u00e9se renesz\u00e1nsz eml\u00e9k\u00e9vet szervezett. Az eg\u00e9sz \u00e9ves programsorozat kiemelked\u0151 r\u00e9sze volt az \u00e1prilis 13 \u00e9s szeptember 15 k\u00f6z\u00f6tt l\u00e1togathat\u00f3 \u201eA renesz\u00e1nsz s\u00e1rk\u00e1ny \u2013 B\u00e1thori Mikl\u00f3s \u00e9s kora\u201d c\u00edm\u0171 id\u0151szaki ki\u00e1ll\u00edt\u00e1s. A ki\u00e1ll\u00edt\u00e1s tematik\u00e1j\u00e1ban \u00e9s kivitelez\u00e9s\u00e9ben igyekezett a laikusok sz\u00e1m\u00e1ra is j\u00f3l ismert M\u00e1ty\u00e1s-korszakot h\u00e9tk\u00f6znapiv\u00e1 tenni. Az \u00e9p\u00edtett elemek megform\u00e1l\u00e1sa, az \u00e9tkez\u00e9s, az \u00f6lt\u00f6zk\u00f6d\u00e9s, a zene r\u00e9szei a mindennapok \u00e9let\u00e9nek. A l\u00e1togat\u00f3k a ki\u00e1ll\u00edt\u00e1s megtekint\u00e9sekor megismerhett\u00e9k, hogy 550 \u00e9vvel ezel\u0151tt hogyan festett egy \u00e9p\u00fclethomlokzat, miket \u00e9s mib\u0151l ettek, vagy \u00e9ppen miben j\u00e1rtak az emberek az \u0151 v\u00e1ros\u00e1ban.<\/p>\n<p>A Tragor Ign\u00e1c M\u00fazeum ki\u00e1ll\u00edt\u00e1sa B\u00e1thori Mikl\u00f3s p\u00fcsp\u00f6k\u00f6t vil\u00e1gi, humanista f\u0151\u00fari mivolt\u00e1ban mutatta be. Kiemelt szerepet kapott a nagysz\u00e1m\u00fa \u00e9s jelent\u0151s \u00e9p\u00edtkez\u00e9se. A R\u00e9g\u00e9szeti Gy\u0171jtem\u00e9ny anyag\u00e1b\u00f3l kiemelked\u0151 \u00e9rt\u00e9k\u0171 oszlop t\u00f6red\u00e9kek (talp, fejezet), majolika padl\u00f3 t\u00e9gl\u00e1k \u00e9s finoman megmunk\u00e1lt figur\u00e1lis \u00e1br\u00e1zol\u00e1sok ker\u00fcltek a ki\u00e1ll\u00edt\u00e1sba. A 15. sz\u00e1zad v\u00e9gi, renesz\u00e1nsz kori vil\u00e1gi \u00e9let\u00e9t a korabeli lakoma, \u00e9s a korabeli f\u0151\u00fari viselet bemutat\u00e1s\u00e1val k\u00edv\u00e1ntuk k\u00f6zelebb hozni a ma ember\u00e9hez.<\/p>\n<p>A 21. sz\u00e1zadban a ki\u00e1ll\u00edt\u00e1s l\u00e9trehoz\u00e1s\u00e1ban megker\u00fclhetetlen szempont az interaktivit\u00e1s. A modern l\u00e1togat\u00f3k m\u00e1r nem el\u00e9gszenek meg a z\u00e1rt vitrinekben, t\u00e1volr\u00f3l \u00e9lvezhet\u0151 m\u0171t\u00e1rgyak csod\u00e1lat\u00e1val. Szeretn\u00e9k megfogni, \u00e9rezni, \u00e1t\u00e9lni a ki\u00e1ll\u00edt\u00e1s tematik\u00e1j\u00e1ban foglalt korszak minden aspektus\u00e1t. Ig\u00e9nylik a ruh\u00e1zati anyagok tapint\u00e1s\u00e1t, a f\u0171szerek szagl\u00e1s\u00e1t, a t\u00e1rgym\u00e1solatok kipr\u00f3b\u00e1l\u00e1s\u00e1t.<\/p>\n<p>A m\u00fazeum \u00e1ltal rendezett ki\u00e1ll\u00edt\u00e1s igyekezett megfelelni ezeknek a feladatoknak. Az inform\u00e1ci\u00f3s tabl\u00f3kon kereszt\u00fcl j\u00e1t\u00e9kosan mutattuk be a lehet\u0151 legt\u00e1gabban a korszakot. A ki\u00e1ll\u00edt\u00e1st megtekint\u0151knek volt lehet\u0151s\u00e9g\u00fck ruhaanyagokat tapintani, fegyverek s\u00faly\u00e1t kipr\u00f3b\u00e1lni, a korszakban fogyasztott n\u00f6v\u00e9nyeket felismerni.<\/p>\n<p>Az interaktivit\u00e1s m\u00e1sik fontos eleme a digit\u00e1lis tartalmak bemutat\u00e1sa. A m\u00fazeum kor\u00e1bban nem rendelkezett erre alkalmas eszk\u00f6zzel, a ki\u00edrt p\u00e1ly\u00e1zaton elnyert \u00f6sszegb\u0151l azonban siker\u00fclt a c\u00e9lra megfelel\u0151 eszk\u00f6zt beszereznie \u00e9s be\u00e9p\u00edtenie a ki\u00e1ll\u00edt\u00e1sba.<\/p>\n<p>A p\u00e1ly\u00e1zaton elnyert \u00f6sszegb\u0151l megv\u00e1s\u00e1rl\u00e1sra ker\u00fclt egy 24&#8243;-os, \u00e9rint\u0151k\u00e9perny\u0151s (5 pontos \u00e9rint\u00e9s) Ipari Panel PC, 8.Gen. i5, -\u00f6s hardverrel 8GB RAM-al \u00e9s tartoz\u00e9kokkal. A sz\u00fcks\u00e9ges digit\u00e1lis tartalmak k\u00e9sz\u00edt\u00e9s\u00e9t m\u00e1s, k\u00f6lts\u00e9gvet\u00e9si forr\u00e1sb\u00f3l finansz\u00edroztuk.<\/p>\n<p>Az \u00e9rint\u0151k\u00e9perny\u0151s eszk\u00f6z\u00f6n a tabl\u00f3kon bemutatott t\u00e9m\u00e1k ir\u00e1nt \u00e9rdekl\u0151d\u0151k hosszabb sz\u00f6vegek seg\u00edts\u00e9g\u00e9vel m\u00e9ly\u00edthett\u00e9k el az ismereteiket. R\u00e9szletesebben olvashattak B\u00e1thori \u00e9p\u00edtkez\u00e9seir\u0151l, a Fekete seregr\u0151l, vagy a k\u00fcl\u00f6nb\u00f6z\u0151 p\u00e9nzreformokr\u00f3l.<\/p>\n<p>Az egyszer\u0171 sz\u00f6veges tartalmak mellett j\u00e1t\u00e9kokat is elhelyezt\u00fcnk az eszk\u00f6z\u00f6n. Puzzle-j\u00e1t\u00e9kokat, p\u00e1ros\u00edt\u00f3kat \u00e9s kirak\u00f3kat, amelyek seg\u00edts\u00e9g\u00e9vel a l\u00e1togat\u00f3k j\u00e1tszva szerezhettek ismereteket a renesz\u00e1nsz kori Magyar Kir\u00e1lys\u00e1gr\u00f3l. Az eszk\u00f6zt gyermekek \u00e9s feln\u0151ttek egyar\u00e1nt sz\u00edvesen haszn\u00e1lt\u00e1k. A ki\u00e1ll\u00edt\u00e1sban bemutatott enteri\u0151r\u00f6k, k\u00fcl\u00f6nleges t\u00e1rgyak, \u00e9s a digit\u00e1lis tartalmak \u00e9s j\u00e1t\u00e9kok egy\u00fcttesen tett\u00e9k lehet\u0151v\u00e9 \u00e9s \u00e9lm\u00e9nyszer\u0171v\u00e9 a k\u00fcl\u00f6nb\u00f6z\u0151 koroszt\u00e1lyok sz\u00e1m\u00e1ra a megfelel\u0151 szint\u0171 ismeret\u00e1tad\u00e1st.<\/p>\n<p>&nbsp;<\/p>\n<p>[\/et_pb_text][et_pb_gallery _builder_version=&#8221;4.27.4&#8243; _module_preset=&#8221;default&#8221; theme_builder_area=&#8221;post_content&#8221; gallery_ids=&#8221;5349,5350,5351,5352,5353&#8243; hover_enabled=&#8221;0&#8243; sticky_enabled=&#8221;0&#8243;][\/et_pb_gallery][\/et_pb_column][\/et_pb_row][\/et_pb_section]<\/p>\n","protected":false},"excerpt":{"rendered":"<p>Szakmai besz\u00e1mol\u00f3 az NKA M\u00fazeumok Koll\u00e9giuma A renesz\u00e1nsz s\u00e1rk\u00e1ny &#8211; B\u00e1thori Mikl\u00f3s \u00e9s kora elnevez\u00e9s\u0171 id\u0151szaki ki\u00e1ll\u00edt\u00e1s megval\u00f3s\u00edt\u00e1s\u00e1hoz\u00a02024. okt\u00f3ber 24. Nagy\u00e9rt\u00e9k\u0171 eszk\u00f6z beszerz\u00e9se a Tragor Ign\u00e1c M\u00fazeum id\u0151szaki ki\u00e1ll\u00edt\u00e1s\u00e1hoz.P\u00e1ly\u00e1zati azonos\u00edt\u00f3: [&hellip;]<\/p>\n","protected":false},"author":1,"featured_media":0,"parent":0,"menu_order":0,"comment_status":"closed","ping_status":"closed","template":"","meta":{"_et_pb_use_builder":"on","_et_pb_old_content":"","_et_gb_content_width":"","footnotes":""},"class_list":["post-5347","page","type-page","status-publish","hentry"],"yoast_head":"<!-- This site is optimized with the Yoast SEO Premium plugin v27.3 (Yoast SEO v27.3) - https:\/\/yoast.com\/product\/yoast-seo-premium-wordpress\/ -->\n<title>Szakmai besz\u00e1mol\u00f3 az NKA M\u00fazeumok Koll\u00e9giuma A renesz\u00e1nsz s\u00e1rk\u00e1ny - B\u00e1thori Mikl\u00f3s \u00e9s kora elnevez\u00e9s\u0171 id\u0151szaki ki\u00e1ll\u00edt\u00e1s megval\u00f3s\u00edt\u00e1s\u00e1hoz - TRAGOR IGN\u00c1C M\u00daZEUM \u2022 V\u00c1C<\/title>\n<meta name=\"description\" content=\"Egy m\u00fazeum, ezer \u00e9lm\u00e9ny!\" \/>\n<meta name=\"robots\" content=\"index, follow, max-snippet:-1, max-image-preview:large, max-video-preview:-1\" \/>\n<link rel=\"canonical\" href=\"https:\/\/muzeumvac.hu\/en\/szakmai-beszamolo-az-nka-muzeumok-kollegiuma-a-reneszansz-sarkany-bathori-miklos-es-kora-elnevezesu-idoszaki-kiallitas-megvalositasahoz\/\" \/>\n<meta property=\"og:locale\" content=\"en_GB\" \/>\n<meta property=\"og:type\" content=\"article\" \/>\n<meta property=\"og:title\" content=\"Szakmai besz\u00e1mol\u00f3 az NKA M\u00fazeumok Koll\u00e9giuma A renesz\u00e1nsz s\u00e1rk\u00e1ny - B\u00e1thori Mikl\u00f3s \u00e9s kora elnevez\u00e9s\u0171 id\u0151szaki ki\u00e1ll\u00edt\u00e1s megval\u00f3s\u00edt\u00e1s\u00e1hoz\" \/>\n<meta property=\"og:description\" content=\"Egy m\u00fazeum, ezer \u00e9lm\u00e9ny!\" \/>\n<meta property=\"og:url\" content=\"https:\/\/muzeumvac.hu\/en\/szakmai-beszamolo-az-nka-muzeumok-kollegiuma-a-reneszansz-sarkany-bathori-miklos-es-kora-elnevezesu-idoszaki-kiallitas-megvalositasahoz\/\" \/>\n<meta property=\"og:site_name\" content=\"TRAGOR IGN\u00c1C M\u00daZEUM \u2022 V\u00c1C\" \/>\n<meta property=\"article:publisher\" content=\"https:\/\/www.facebook.com\/vac.tragorignacmuzeum\" \/>\n<meta property=\"article:modified_time\" content=\"2026-01-15T08:45:22+00:00\" \/>\n<meta name=\"twitter:card\" content=\"summary_large_image\" \/>\n<script type=\"application\/ld+json\" class=\"yoast-schema-graph\">{\"@context\":\"https:\\\/\\\/schema.org\",\"@graph\":[{\"@type\":\"WebPage\",\"@id\":\"https:\\\/\\\/muzeumvac.hu\\\/szakmai-beszamolo-az-nka-muzeumok-kollegiuma-a-reneszansz-sarkany-bathori-miklos-es-kora-elnevezesu-idoszaki-kiallitas-megvalositasahoz\\\/\",\"url\":\"https:\\\/\\\/muzeumvac.hu\\\/szakmai-beszamolo-az-nka-muzeumok-kollegiuma-a-reneszansz-sarkany-bathori-miklos-es-kora-elnevezesu-idoszaki-kiallitas-megvalositasahoz\\\/\",\"name\":\"Szakmai besz\u00e1mol\u00f3 az NKA M\u00fazeumok Koll\u00e9giuma A renesz\u00e1nsz s\u00e1rk\u00e1ny - B\u00e1thori Mikl\u00f3s \u00e9s kora elnevez\u00e9s\u0171 id\u0151szaki ki\u00e1ll\u00edt\u00e1s megval\u00f3s\u00edt\u00e1s\u00e1hoz - TRAGOR IGN\u00c1C M\u00daZEUM \u2022 V\u00c1C\",\"isPartOf\":{\"@id\":\"https:\\\/\\\/muzeumvac.hu\\\/#website\"},\"datePublished\":\"2024-10-24T07:43:00+00:00\",\"dateModified\":\"2026-01-15T08:45:22+00:00\",\"description\":\"Egy m\u00fazeum, ezer \u00e9lm\u00e9ny!\",\"breadcrumb\":{\"@id\":\"https:\\\/\\\/muzeumvac.hu\\\/szakmai-beszamolo-az-nka-muzeumok-kollegiuma-a-reneszansz-sarkany-bathori-miklos-es-kora-elnevezesu-idoszaki-kiallitas-megvalositasahoz\\\/#breadcrumb\"},\"inLanguage\":\"en-GB\",\"potentialAction\":[{\"@type\":\"ReadAction\",\"target\":[\"https:\\\/\\\/muzeumvac.hu\\\/szakmai-beszamolo-az-nka-muzeumok-kollegiuma-a-reneszansz-sarkany-bathori-miklos-es-kora-elnevezesu-idoszaki-kiallitas-megvalositasahoz\\\/\"]}]},{\"@type\":\"BreadcrumbList\",\"@id\":\"https:\\\/\\\/muzeumvac.hu\\\/szakmai-beszamolo-az-nka-muzeumok-kollegiuma-a-reneszansz-sarkany-bathori-miklos-es-kora-elnevezesu-idoszaki-kiallitas-megvalositasahoz\\\/#breadcrumb\",\"itemListElement\":[{\"@type\":\"ListItem\",\"position\":1,\"name\":\"Kezd\u0151lap\",\"item\":\"https:\\\/\\\/muzeumvac.hu\\\/\"},{\"@type\":\"ListItem\",\"position\":2,\"name\":\"Szakmai besz\u00e1mol\u00f3 az NKA M\u00fazeumok Koll\u00e9giuma A renesz\u00e1nsz s\u00e1rk\u00e1ny &#8211; B\u00e1thori Mikl\u00f3s \u00e9s kora elnevez\u00e9s\u0171 id\u0151szaki ki\u00e1ll\u00edt\u00e1s megval\u00f3s\u00edt\u00e1s\u00e1hoz\"}]},{\"@type\":\"WebSite\",\"@id\":\"https:\\\/\\\/muzeumvac.hu\\\/#website\",\"url\":\"https:\\\/\\\/muzeumvac.hu\\\/\",\"name\":\"TRAGOR IGN\u00c1C M\u00daZEUM \u2022 V\u00c1C\",\"description\":\"Egy m\u00fazeum, ezer \u00e9lm\u00e9ny!\",\"publisher\":{\"@id\":\"https:\\\/\\\/muzeumvac.hu\\\/#organization\"},\"potentialAction\":[{\"@type\":\"SearchAction\",\"target\":{\"@type\":\"EntryPoint\",\"urlTemplate\":\"https:\\\/\\\/muzeumvac.hu\\\/?s={search_term_string}\"},\"query-input\":{\"@type\":\"PropertyValueSpecification\",\"valueRequired\":true,\"valueName\":\"search_term_string\"}}],\"inLanguage\":\"en-GB\"},{\"@type\":\"Organization\",\"@id\":\"https:\\\/\\\/muzeumvac.hu\\\/#organization\",\"name\":\"TRAGOR IGN\u00c1C M\u00daZEUM \u2022 V\u00c1C\",\"url\":\"https:\\\/\\\/muzeumvac.hu\\\/\",\"logo\":{\"@type\":\"ImageObject\",\"inLanguage\":\"en-GB\",\"@id\":\"https:\\\/\\\/muzeumvac.hu\\\/#\\\/schema\\\/logo\\\/image\\\/\",\"url\":\"https:\\\/\\\/muzeumvac.hu\\\/wp-content\\\/uploads\\\/2025\\\/07\\\/tragor_ignac_logo.png\",\"contentUrl\":\"https:\\\/\\\/muzeumvac.hu\\\/wp-content\\\/uploads\\\/2025\\\/07\\\/tragor_ignac_logo.png\",\"width\":161,\"height\":126,\"caption\":\"TRAGOR IGN\u00c1C M\u00daZEUM \u2022 V\u00c1C\"},\"image\":{\"@id\":\"https:\\\/\\\/muzeumvac.hu\\\/#\\\/schema\\\/logo\\\/image\\\/\"},\"sameAs\":[\"https:\\\/\\\/www.facebook.com\\\/vac.tragorignacmuzeum\",\"https:\\\/\\\/www.instagram.com\\\/tragormuzeum\",\"https:\\\/\\\/www.youtube.com\\\/@TragorIgncMzeum-vac\"]}]}<\/script>\n<!-- \/ Yoast SEO Premium plugin. -->","yoast_head_json":{"title":"Szakmai besz\u00e1mol\u00f3 az NKA M\u00fazeumok Koll\u00e9giuma A renesz\u00e1nsz s\u00e1rk\u00e1ny - B\u00e1thori Mikl\u00f3s \u00e9s kora elnevez\u00e9s\u0171 id\u0151szaki ki\u00e1ll\u00edt\u00e1s megval\u00f3s\u00edt\u00e1s\u00e1hoz - TRAGOR IGN\u00c1C M\u00daZEUM \u2022 V\u00c1C","description":"One museum, a thousand experiences!","robots":{"index":"index","follow":"follow","max-snippet":"max-snippet:-1","max-image-preview":"max-image-preview:large","max-video-preview":"max-video-preview:-1"},"canonical":"https:\/\/muzeumvac.hu\/en\/szakmai-beszamolo-az-nka-muzeumok-kollegiuma-a-reneszansz-sarkany-bathori-miklos-es-kora-elnevezesu-idoszaki-kiallitas-megvalositasahoz\/","og_locale":"en_GB","og_type":"article","og_title":"Szakmai besz\u00e1mol\u00f3 az NKA M\u00fazeumok Koll\u00e9giuma A renesz\u00e1nsz s\u00e1rk\u00e1ny - B\u00e1thori Mikl\u00f3s \u00e9s kora elnevez\u00e9s\u0171 id\u0151szaki ki\u00e1ll\u00edt\u00e1s megval\u00f3s\u00edt\u00e1s\u00e1hoz","og_description":"Egy m\u00fazeum, ezer \u00e9lm\u00e9ny!","og_url":"https:\/\/muzeumvac.hu\/en\/szakmai-beszamolo-az-nka-muzeumok-kollegiuma-a-reneszansz-sarkany-bathori-miklos-es-kora-elnevezesu-idoszaki-kiallitas-megvalositasahoz\/","og_site_name":"TRAGOR IGN\u00c1C M\u00daZEUM \u2022 V\u00c1C","article_publisher":"https:\/\/www.facebook.com\/vac.tragorignacmuzeum","article_modified_time":"2026-01-15T08:45:22+00:00","twitter_card":"summary_large_image","schema":{"@context":"https:\/\/schema.org","@graph":[{"@type":"WebPage","@id":"https:\/\/muzeumvac.hu\/szakmai-beszamolo-az-nka-muzeumok-kollegiuma-a-reneszansz-sarkany-bathori-miklos-es-kora-elnevezesu-idoszaki-kiallitas-megvalositasahoz\/","url":"https:\/\/muzeumvac.hu\/szakmai-beszamolo-az-nka-muzeumok-kollegiuma-a-reneszansz-sarkany-bathori-miklos-es-kora-elnevezesu-idoszaki-kiallitas-megvalositasahoz\/","name":"Szakmai besz\u00e1mol\u00f3 az NKA M\u00fazeumok Koll\u00e9giuma A renesz\u00e1nsz s\u00e1rk\u00e1ny - B\u00e1thori Mikl\u00f3s \u00e9s kora elnevez\u00e9s\u0171 id\u0151szaki ki\u00e1ll\u00edt\u00e1s megval\u00f3s\u00edt\u00e1s\u00e1hoz - TRAGOR IGN\u00c1C M\u00daZEUM \u2022 V\u00c1C","isPartOf":{"@id":"https:\/\/muzeumvac.hu\/#website"},"datePublished":"2024-10-24T07:43:00+00:00","dateModified":"2026-01-15T08:45:22+00:00","description":"One museum, a thousand experiences!","breadcrumb":{"@id":"https:\/\/muzeumvac.hu\/szakmai-beszamolo-az-nka-muzeumok-kollegiuma-a-reneszansz-sarkany-bathori-miklos-es-kora-elnevezesu-idoszaki-kiallitas-megvalositasahoz\/#breadcrumb"},"inLanguage":"en-GB","potentialAction":[{"@type":"ReadAction","target":["https:\/\/muzeumvac.hu\/szakmai-beszamolo-az-nka-muzeumok-kollegiuma-a-reneszansz-sarkany-bathori-miklos-es-kora-elnevezesu-idoszaki-kiallitas-megvalositasahoz\/"]}]},{"@type":"BreadcrumbList","@id":"https:\/\/muzeumvac.hu\/szakmai-beszamolo-az-nka-muzeumok-kollegiuma-a-reneszansz-sarkany-bathori-miklos-es-kora-elnevezesu-idoszaki-kiallitas-megvalositasahoz\/#breadcrumb","itemListElement":[{"@type":"ListItem","position":1,"name":"Kezd\u0151lap","item":"https:\/\/muzeumvac.hu\/"},{"@type":"ListItem","position":2,"name":"Szakmai besz\u00e1mol\u00f3 az NKA M\u00fazeumok Koll\u00e9giuma A renesz\u00e1nsz s\u00e1rk\u00e1ny &#8211; B\u00e1thori Mikl\u00f3s \u00e9s kora elnevez\u00e9s\u0171 id\u0151szaki ki\u00e1ll\u00edt\u00e1s megval\u00f3s\u00edt\u00e1s\u00e1hoz"}]},{"@type":"WebSite","@id":"https:\/\/muzeumvac.hu\/#website","url":"https:\/\/muzeumvac.hu\/","name":"TRAGOR IGN\u00c1C M\u00daZEUM \u2022 V\u00c1C","description":"One museum, a thousand experiences!","publisher":{"@id":"https:\/\/muzeumvac.hu\/#organization"},"potentialAction":[{"@type":"SearchAction","target":{"@type":"EntryPoint","urlTemplate":"https:\/\/muzeumvac.hu\/?s={search_term_string}"},"query-input":{"@type":"PropertyValueSpecification","valueRequired":true,"valueName":"search_term_string"}}],"inLanguage":"en-GB"},{"@type":"Organization","@id":"https:\/\/muzeumvac.hu\/#organization","name":"TRAGOR IGN\u00c1C M\u00daZEUM \u2022 V\u00c1C","url":"https:\/\/muzeumvac.hu\/","logo":{"@type":"ImageObject","inLanguage":"en-GB","@id":"https:\/\/muzeumvac.hu\/#\/schema\/logo\/image\/","url":"https:\/\/muzeumvac.hu\/wp-content\/uploads\/2025\/07\/tragor_ignac_logo.png","contentUrl":"https:\/\/muzeumvac.hu\/wp-content\/uploads\/2025\/07\/tragor_ignac_logo.png","width":161,"height":126,"caption":"TRAGOR IGN\u00c1C M\u00daZEUM \u2022 V\u00c1C"},"image":{"@id":"https:\/\/muzeumvac.hu\/#\/schema\/logo\/image\/"},"sameAs":["https:\/\/www.facebook.com\/vac.tragorignacmuzeum","https:\/\/www.instagram.com\/tragormuzeum","https:\/\/www.youtube.com\/@TragorIgncMzeum-vac"]}]}},"_links":{"self":[{"href":"https:\/\/muzeumvac.hu\/en\/wp-json\/wp\/v2\/pages\/5347","targetHints":{"allow":["GET"]}}],"collection":[{"href":"https:\/\/muzeumvac.hu\/en\/wp-json\/wp\/v2\/pages"}],"about":[{"href":"https:\/\/muzeumvac.hu\/en\/wp-json\/wp\/v2\/types\/page"}],"author":[{"embeddable":true,"href":"https:\/\/muzeumvac.hu\/en\/wp-json\/wp\/v2\/users\/1"}],"replies":[{"embeddable":true,"href":"https:\/\/muzeumvac.hu\/en\/wp-json\/wp\/v2\/comments?post=5347"}],"version-history":[{"count":2,"href":"https:\/\/muzeumvac.hu\/en\/wp-json\/wp\/v2\/pages\/5347\/revisions"}],"predecessor-version":[{"id":5354,"href":"https:\/\/muzeumvac.hu\/en\/wp-json\/wp\/v2\/pages\/5347\/revisions\/5354"}],"wp:attachment":[{"href":"https:\/\/muzeumvac.hu\/en\/wp-json\/wp\/v2\/media?parent=5347"}],"curies":[{"name":"wp","href":"https:\/\/api.w.org\/{rel}","templated":true}]}}