{"id":5341,"date":"2025-09-24T09:37:00","date_gmt":"2025-09-24T07:37:00","guid":{"rendered":"https:\/\/muzeumvac.hu\/?page_id=5341"},"modified":"2026-01-15T09:40:51","modified_gmt":"2026-01-15T08:40:51","slug":"szakmai-beszamolo-az-nka-kozgyujtemenyek-kollegiuma-mutargyszerzemenyezesi-palyazatahoz","status":"publish","type":"page","link":"https:\/\/muzeumvac.hu\/en\/szakmai-beszamolo-az-nka-kozgyujtemenyek-kollegiuma-mutargyszerzemenyezesi-palyazatahoz\/","title":{"rendered":"Szakmai besz\u00e1mol\u00f3 az NKA K\u00f6zgy\u0171jtem\u00e9nyek Koll\u00e9giuma m\u0171t\u00e1rgyszerzem\u00e9nyez\u00e9si p\u00e1ly\u00e1zat\u00e1hoz"},"content":{"rendered":"<p>[et_pb_section fb_built=&#8221;1&#8243; theme_builder_area=&#8221;post_content&#8221; _builder_version=&#8221;4.27.4&#8243; _module_preset=&#8221;default&#8221;][et_pb_row _builder_version=&#8221;4.27.4&#8243; _module_preset=&#8221;default&#8221; theme_builder_area=&#8221;post_content&#8221;][et_pb_column _builder_version=&#8221;4.27.4&#8243; _module_preset=&#8221;default&#8221; type=&#8221;4_4&#8243; theme_builder_area=&#8221;post_content&#8221;][et_pb_text _builder_version=&#8221;4.27.4&#8243; _module_preset=&#8221;default&#8221; theme_builder_area=&#8221;post_content&#8221; hover_enabled=&#8221;0&#8243; sticky_enabled=&#8221;0&#8243;]<\/p>\n<p>Szakmai besz\u00e1mol\u00f3 az NKA K\u00f6zgy\u0171jtem\u00e9nyek Koll\u00e9giuma m\u0171t\u00e1rgyszerzem\u00e9nyez\u00e9si p\u00e1ly\u00e1zat\u00e1hoz<br \/>\u00a02025. szeptember 24.<\/p>\n<p><strong>CSERVEN\u00c1K P\u00c9TER C\u00c9HES GY\u0170JTEM\u00c9NYE MEGV\u00c1S\u00c1RL\u00c1SA<br \/>NKA K\u00f6zgy\u0171jtem\u00e9nyek Koll\u00e9giuma<br \/>P\u00e1ly\u00e1zati azonos\u00edt\u00f3: 505110\/00972<\/strong><\/p>\n<p>A Tragor Ign\u00e1c M\u00fazeum Pest megye legr\u00e9gebbi alap\u00edt\u00e1s\u00fa m\u00fazeuma. A gy\u0171jt\u0151munka m\u00e1r 1888-t\u00f3l folyt, a m\u00fazeumot l\u00e9trehoz\u00f3 V\u00e1ci M\u00fazeum Egyes\u00fclet 1895-ben alakult meg. Az els\u0151 bizony\u00edthat\u00f3an c\u00e9hes m\u0171t\u00e1rgy, ami a m\u00fazeumhoz ker\u00fclt, a csizmadia c\u00e9h c\u00e9hkors\u00f3ja volt. T\u00f6bb c\u00e9h c\u00e9hl\u00e1d\u00e1j\u00e1t, a benne l\u00e9v\u0151 dokumentumokkal is megkapta a m\u00fazeum, ahogyan az az 1912-ben megjelent A v\u00e1ci m\u00fazeum gy\u0171jtem\u00e9nyeinek le\u00edr\u00f3 lajstrom\u00e1ban is olvashat\u00f3. Azt, hogy mely dokumentumok voltak a c\u00e9hl\u00e1d\u00e1kban, sajnos nem r\u00e9szletezte a le\u00edr\u00e1s. A gy\u0171jtem\u00e9ny jelent\u0151s r\u00e9sze a lelt\u00e1rk\u00f6nyvekkel egy\u00fctt a m\u00e1sodik vil\u00e1gh\u00e1bor\u00fa v\u00e9g\u00e9n, illetve az \u00f6tvenes \u00e9vekben megsemmis\u00fclt. A k\u00e9s\u0151bbi \u00fajralelt\u00e1roz\u00e1skor m\u00e1r sok, 1912-ben m\u00e9g a m\u00fazeum gy\u0171jtem\u00e9ny\u00e9ben l\u00e9v\u0151 c\u00e9hes eml\u00e9k m\u00e1r hi\u00e1nyzott.<\/p>\n<p>Cserven\u00e1k P\u00e9ter \u00e9vtizedek \u00f3ta gy\u0171jti a v\u00e1ci eml\u00e9keket. Az id\u0151s gy\u0171jt\u0151 c\u00e9hes gy\u0171jtem\u00e9ny\u00e9t aj\u00e1nlotta fel a m\u00fazeum sz\u00e1m\u00e1ra. Olyan, a m\u00fazeumunk gy\u0171jtem\u00e9ny\u00e9b\u0151l hi\u00e1nyz\u00f3 dokumentumokat volt lehet\u0151s\u00e9g\u00fcnk megv\u00e1s\u00e1rolni, amelyek a v\u00e1ci c\u00e9hek, a c\u00e9hes ipar kiemelked\u0151 forr\u00e1sai. A c\u00e9hlevelek fejl\u00e9c\u00e9t d\u00edsz\u00edt\u0151 fametszethez haszn\u00e1lt, V\u00e1c l\u00e1tk\u00e9p\u00e9t \u00e1br\u00e1zol\u00f3 nyom\u00f3d\u00fac eredetije a m\u00fazeum t\u00f6rt\u00e9neti gy\u0171jtem\u00e9ny\u00e9nek becses darabja.<\/p>\n<p>A p\u00e1ly\u00e1zati t\u00e1mogat\u00e1sb\u00f3l a gy\u0171jtem\u00e9ny 3 darabj\u00e1t siker\u00fclt megv\u00e1s\u00e1rolnunk, 3 felszabad\u00edt\u00f3 levelet, melyek az al\u00e1bbiak:<\/p>\n<p>&nbsp;<\/p>\n<ol>\n<li><strong> A v\u00e1ci moln\u00e1rc\u00e9h felszabad\u00edt\u00f3 levele V\u00e1c fametszet\u0171 l\u00e1tk\u00e9p\u00e9vel, 1821 (keretezett)<\/strong><\/li>\n<\/ol>\n<p>M\u00fazeumi lelt\u00e1ri sz\u00e1ma: TIM TD. 2025.1.1.<\/p>\n<p>&nbsp;<\/p>\n<ol start=\"2\">\n<li><strong> A v\u00e1ci cip\u00e9sz c\u00e9h felszabad\u00edt\u00f3 levele V\u00e1c fametszet\u0171 l\u00e1tk\u00e9p\u00e9vel, 1871 (keretezett)<\/strong><\/li>\n<\/ol>\n<p>M\u00fazeumi lelt\u00e1ri sz\u00e1ma: TIM TD.2025.1.2.<\/p>\n<p>&nbsp;<\/p>\n<ol start=\"3\">\n<li><strong> A v\u00e1ci m\u00e9sz\u00e1ros c\u00e9h felszabad\u00edt\u00f3 levele, n\u00e9met nyelv\u0171, 1810<\/strong><\/li>\n<\/ol>\n<p>M\u00fazeumi lelt\u00e1ri sz\u00e1ma: TIM TD.2025.1.3.<\/p>\n<p>Mindh\u00e1rom dokumentum egyedi, a helyi nyomd\u00e1ban k\u00e9sz\u00fclt, amelyre k\u00e9z\u00edr\u00e1ssal ker\u00fcltek fel az adatok, \u00e9s a c\u00e9h pecs\u00e9tj\u00e9vel, valamint al\u00e1\u00edr\u00e1sokkal hiteles\u00edtett\u00e9k.<\/p>\n<p>A beszerzett m\u0171t\u00e1rgyak a nyilv\u00e1ntart\u00e1sba v\u00e9telt k\u00f6vet\u0151en el\u0151sz\u00f6r a Tragor Ign\u00e1c M\u00fazeum digit\u00e1lis fel\u00fcletein \u2013 honlap, facebook, instagram &#8211; ker\u00fcltek bemutat\u00e1sra. A beker\u00fcl\u00e9sr\u0151l, a t\u00e1rgyak t\u00f6rt\u00e9neti vonatkoz\u00e1sair\u00f3l a m\u00fazeum blogj\u00e1ban olvashatnak az \u00e9rdekl\u0151d\u0151k.<\/p>\n<p><strong>Honlap, blogfel\u00fclet:<\/strong><\/p>\n<p><a href=\"https:\/\/muzeumvac.hu\/blog\/68\/Uj-szerzemenyek-a-muzeum-torteneti-gyujtemenyeben.html\">https:\/\/muzeumvac.hu\/blog\/68\/Uj-szerzemenyek-a-muzeum-torteneti-gyujtemenyeben.html<\/a><\/p>\n<p>Instagram:<\/p>\n<p><a href=\"https:\/\/www.instagram.com\/tragormuzeum\/\">https:\/\/www.instagram.com\/tragormuzeum\/<\/a><\/p>\n<p><strong>Facebook:<\/strong><\/p>\n<p>&nbsp;<\/p>\n<p><strong>Hasznos\u00edt\u00e1s:<\/strong><\/p>\n<p>A p\u00e1ly\u00e1zati forr\u00e1sb\u00f3l megv\u00e1s\u00e1rolt m\u0171t\u00e1rgyak szerepet kapnak a m\u00fazeum ki\u00e1ll\u00edt\u00e1saiban.<\/p>\n<p>A m\u00fazeum \u00faj helyt\u00f6rt\u00e9neti ki\u00e1ll\u00edt\u00e1st k\u00e9sz\u00edt el\u0151, a jelenlegi Ars Memorandi ki\u00e1ll\u00edt\u00e1s meg\u00faj\u00edt\u00e1s\u00e1val, mely a v\u00e1ros 18. sz\u00e1zadi \u00e9let\u00e9t helyezi f\u00f3kuszba. A megv\u00e1s\u00e1rolt m\u0171t\u00e1rgyakkal gazdag\u00edthatjuk a ki\u00e1ll\u00edt\u00e1sunkat.<\/p>\n<p>A m\u0171t\u00e1rgyak a v\u00e1ros t\u00f6rt\u00e9net\u00e9nek kiemelked\u0151en fontos forr\u00e1sai, \u00edgy a Tragor Ign\u00e1c M\u00fazeum Az id\u0151t\u00e1ll\u00f3 v\u00e1ros c\u00edm\u0171 id\u0151szaki ki\u00e1ll\u00edt\u00e1s\u00e1ban is szerepelt egy \u00fajonnan megv\u00e1s\u00e1rolt felszabad\u00edt\u00f3 lev\u00e9l.<\/p>\n<p>A 2026 tavasz\u00e1ig l\u00e1togathat\u00f3 id\u0151szaki ki\u00e1ll\u00edt\u00e1shoz kapcsol\u00f3d\u00f3 m\u00fazeumpedag\u00f3giai foglalkoz\u00e1sokon koll\u00e9g\u00e1ink a v\u00e1ci c\u00e9hek t\u00f6rt\u00e9net\u00e9vel, az inasb\u00f3l leg\u00e9nny\u00e9, majd mesterr\u00e9 v\u00e1l\u00e1s folyamat\u00e1val is megismertetik az \u00e9rdekl\u0151d\u0151 di\u00e1kcsoportokat.<\/p>\n<p>A foglalkoz\u00e1sokon szerepet kapnak a m\u00fazeum c\u00e9hes t\u00e1rgyai \u00e9s dokumentumai \u2013 \u00edgy a Cserven\u00e1k P\u00e9ter gy\u0171jtem\u00e9ny\u00e9b\u0151l megv\u00e1s\u00e1rolt felszabad\u00edt\u00f3 levelek, melyek annak dokumentumai, hogy az inas\u00e9veit let\u00f6lt\u0151, \u00fcnnep\u00e9lyesen felszabad\u00edtott inas leg\u00e9ny lett.<\/p>\n<p>&nbsp;<\/p>\n<p>A ki\u00e1ll\u00edt\u00e1sokon t\u00fal a 2025-ben els\u0151 \u00edr\u00e1sos eml\u00edt\u00e9s\u00e9nek 950. \u00e9vfordul\u00f3j\u00e1t \u00fcnnepl\u0151 V\u00e1c t\u00f6rt\u00e9net\u00e9nek feldolgoz\u00e1s\u00e1t tartalmaz\u00f3 k\u00f6tetben is helyet kap felszabad\u00edt\u00f3 lev\u00e9l, illusztr\u00e1ci\u00f3s anyagk\u00e9nt.<\/p>\n<p>B\u00edzunk benne, hogy a tov\u00e1bbiakban m\u00e9g siker\u00fcl a gy\u0171jtem\u00e9ny tov\u00e1bbi darabjait (be\u00e1ll\u00f3 lista, kis c\u00e9hk\u00f6nyv, protocollum) is megv\u00e1s\u00e1rolni a m\u00fazeum sz\u00e1m\u00e1ra.<\/p>\n<p>&nbsp;<\/p>\n<p>[\/et_pb_text][et_pb_image src=&#8221;https:\/\/muzeumvac.hu\/wp-content\/uploads\/2026\/01\/1-1.jpg&#8221; _builder_version=&#8221;4.27.4&#8243; _module_preset=&#8221;default&#8221; theme_builder_area=&#8221;post_content&#8221; title_text=&#8221;1&#8243; hover_enabled=&#8221;0&#8243; sticky_enabled=&#8221;0&#8243;][\/et_pb_image][\/et_pb_column][\/et_pb_row][\/et_pb_section]<\/p>\n","protected":false},"excerpt":{"rendered":"<p>Szakmai besz\u00e1mol\u00f3 az NKA K\u00f6zgy\u0171jtem\u00e9nyek Koll\u00e9giuma m\u0171t\u00e1rgyszerzem\u00e9nyez\u00e9si p\u00e1ly\u00e1zat\u00e1hoz\u00a02025. szeptember 24. CSERVEN\u00c1K P\u00c9TER C\u00c9HES GY\u0170JTEM\u00c9NYE MEGV\u00c1S\u00c1RL\u00c1SANKA K\u00f6zgy\u0171jtem\u00e9nyek Koll\u00e9giumaP\u00e1ly\u00e1zati azonos\u00edt\u00f3: 505110\/00972 A Tragor Ign\u00e1c M\u00fazeum Pest megye legr\u00e9gebbi alap\u00edt\u00e1s\u00fa m\u00fazeuma. A gy\u0171jt\u0151munka [&hellip;]<\/p>\n","protected":false},"author":1,"featured_media":0,"parent":0,"menu_order":0,"comment_status":"closed","ping_status":"closed","template":"","meta":{"_et_pb_use_builder":"on","_et_pb_old_content":"","_et_gb_content_width":"","footnotes":""},"class_list":["post-5341","page","type-page","status-publish","hentry"],"yoast_head":"<!-- This site is optimized with the Yoast SEO Premium plugin v27.3 (Yoast SEO v27.3) - https:\/\/yoast.com\/product\/yoast-seo-premium-wordpress\/ -->\n<title>Szakmai besz\u00e1mol\u00f3 az NKA K\u00f6zgy\u0171jtem\u00e9nyek Koll\u00e9giuma m\u0171t\u00e1rgyszerzem\u00e9nyez\u00e9si p\u00e1ly\u00e1zat\u00e1hoz - TRAGOR IGN\u00c1C M\u00daZEUM \u2022 V\u00c1C<\/title>\n<meta name=\"description\" content=\"Egy m\u00fazeum, ezer \u00e9lm\u00e9ny!\" \/>\n<meta name=\"robots\" content=\"index, follow, max-snippet:-1, max-image-preview:large, max-video-preview:-1\" \/>\n<link rel=\"canonical\" href=\"https:\/\/muzeumvac.hu\/en\/szakmai-beszamolo-az-nka-kozgyujtemenyek-kollegiuma-mutargyszerzemenyezesi-palyazatahoz\/\" \/>\n<meta property=\"og:locale\" content=\"en_GB\" \/>\n<meta property=\"og:type\" content=\"article\" \/>\n<meta property=\"og:title\" content=\"Szakmai besz\u00e1mol\u00f3 az NKA K\u00f6zgy\u0171jtem\u00e9nyek Koll\u00e9giuma m\u0171t\u00e1rgyszerzem\u00e9nyez\u00e9si p\u00e1ly\u00e1zat\u00e1hoz\" \/>\n<meta property=\"og:description\" content=\"Egy m\u00fazeum, ezer \u00e9lm\u00e9ny!\" \/>\n<meta property=\"og:url\" content=\"https:\/\/muzeumvac.hu\/en\/szakmai-beszamolo-az-nka-kozgyujtemenyek-kollegiuma-mutargyszerzemenyezesi-palyazatahoz\/\" \/>\n<meta property=\"og:site_name\" content=\"TRAGOR IGN\u00c1C M\u00daZEUM \u2022 V\u00c1C\" \/>\n<meta property=\"article:publisher\" content=\"https:\/\/www.facebook.com\/vac.tragorignacmuzeum\" \/>\n<meta property=\"article:modified_time\" content=\"2026-01-15T08:40:51+00:00\" \/>\n<meta name=\"twitter:card\" content=\"summary_large_image\" \/>\n<script type=\"application\/ld+json\" class=\"yoast-schema-graph\">{\"@context\":\"https:\\\/\\\/schema.org\",\"@graph\":[{\"@type\":\"WebPage\",\"@id\":\"https:\\\/\\\/muzeumvac.hu\\\/szakmai-beszamolo-az-nka-kozgyujtemenyek-kollegiuma-mutargyszerzemenyezesi-palyazatahoz\\\/\",\"url\":\"https:\\\/\\\/muzeumvac.hu\\\/szakmai-beszamolo-az-nka-kozgyujtemenyek-kollegiuma-mutargyszerzemenyezesi-palyazatahoz\\\/\",\"name\":\"Szakmai besz\u00e1mol\u00f3 az NKA K\u00f6zgy\u0171jtem\u00e9nyek Koll\u00e9giuma m\u0171t\u00e1rgyszerzem\u00e9nyez\u00e9si p\u00e1ly\u00e1zat\u00e1hoz - TRAGOR IGN\u00c1C M\u00daZEUM \u2022 V\u00c1C\",\"isPartOf\":{\"@id\":\"https:\\\/\\\/muzeumvac.hu\\\/#website\"},\"datePublished\":\"2025-09-24T07:37:00+00:00\",\"dateModified\":\"2026-01-15T08:40:51+00:00\",\"description\":\"Egy m\u00fazeum, ezer \u00e9lm\u00e9ny!\",\"breadcrumb\":{\"@id\":\"https:\\\/\\\/muzeumvac.hu\\\/szakmai-beszamolo-az-nka-kozgyujtemenyek-kollegiuma-mutargyszerzemenyezesi-palyazatahoz\\\/#breadcrumb\"},\"inLanguage\":\"en-GB\",\"potentialAction\":[{\"@type\":\"ReadAction\",\"target\":[\"https:\\\/\\\/muzeumvac.hu\\\/szakmai-beszamolo-az-nka-kozgyujtemenyek-kollegiuma-mutargyszerzemenyezesi-palyazatahoz\\\/\"]}]},{\"@type\":\"BreadcrumbList\",\"@id\":\"https:\\\/\\\/muzeumvac.hu\\\/szakmai-beszamolo-az-nka-kozgyujtemenyek-kollegiuma-mutargyszerzemenyezesi-palyazatahoz\\\/#breadcrumb\",\"itemListElement\":[{\"@type\":\"ListItem\",\"position\":1,\"name\":\"Kezd\u0151lap\",\"item\":\"https:\\\/\\\/muzeumvac.hu\\\/\"},{\"@type\":\"ListItem\",\"position\":2,\"name\":\"Szakmai besz\u00e1mol\u00f3 az NKA K\u00f6zgy\u0171jtem\u00e9nyek Koll\u00e9giuma m\u0171t\u00e1rgyszerzem\u00e9nyez\u00e9si p\u00e1ly\u00e1zat\u00e1hoz\"}]},{\"@type\":\"WebSite\",\"@id\":\"https:\\\/\\\/muzeumvac.hu\\\/#website\",\"url\":\"https:\\\/\\\/muzeumvac.hu\\\/\",\"name\":\"TRAGOR IGN\u00c1C M\u00daZEUM \u2022 V\u00c1C\",\"description\":\"Egy m\u00fazeum, ezer \u00e9lm\u00e9ny!\",\"publisher\":{\"@id\":\"https:\\\/\\\/muzeumvac.hu\\\/#organization\"},\"potentialAction\":[{\"@type\":\"SearchAction\",\"target\":{\"@type\":\"EntryPoint\",\"urlTemplate\":\"https:\\\/\\\/muzeumvac.hu\\\/?s={search_term_string}\"},\"query-input\":{\"@type\":\"PropertyValueSpecification\",\"valueRequired\":true,\"valueName\":\"search_term_string\"}}],\"inLanguage\":\"en-GB\"},{\"@type\":\"Organization\",\"@id\":\"https:\\\/\\\/muzeumvac.hu\\\/#organization\",\"name\":\"TRAGOR IGN\u00c1C M\u00daZEUM \u2022 V\u00c1C\",\"url\":\"https:\\\/\\\/muzeumvac.hu\\\/\",\"logo\":{\"@type\":\"ImageObject\",\"inLanguage\":\"en-GB\",\"@id\":\"https:\\\/\\\/muzeumvac.hu\\\/#\\\/schema\\\/logo\\\/image\\\/\",\"url\":\"https:\\\/\\\/muzeumvac.hu\\\/wp-content\\\/uploads\\\/2025\\\/07\\\/tragor_ignac_logo.png\",\"contentUrl\":\"https:\\\/\\\/muzeumvac.hu\\\/wp-content\\\/uploads\\\/2025\\\/07\\\/tragor_ignac_logo.png\",\"width\":161,\"height\":126,\"caption\":\"TRAGOR IGN\u00c1C M\u00daZEUM \u2022 V\u00c1C\"},\"image\":{\"@id\":\"https:\\\/\\\/muzeumvac.hu\\\/#\\\/schema\\\/logo\\\/image\\\/\"},\"sameAs\":[\"https:\\\/\\\/www.facebook.com\\\/vac.tragorignacmuzeum\",\"https:\\\/\\\/www.instagram.com\\\/tragormuzeum\",\"https:\\\/\\\/www.youtube.com\\\/@TragorIgncMzeum-vac\"]}]}<\/script>\n<!-- \/ Yoast SEO Premium plugin. -->","yoast_head_json":{"title":"Szakmai besz\u00e1mol\u00f3 az NKA K\u00f6zgy\u0171jtem\u00e9nyek Koll\u00e9giuma m\u0171t\u00e1rgyszerzem\u00e9nyez\u00e9si p\u00e1ly\u00e1zat\u00e1hoz - TRAGOR IGN\u00c1C M\u00daZEUM \u2022 V\u00c1C","description":"One museum, a thousand experiences!","robots":{"index":"index","follow":"follow","max-snippet":"max-snippet:-1","max-image-preview":"max-image-preview:large","max-video-preview":"max-video-preview:-1"},"canonical":"https:\/\/muzeumvac.hu\/en\/szakmai-beszamolo-az-nka-kozgyujtemenyek-kollegiuma-mutargyszerzemenyezesi-palyazatahoz\/","og_locale":"en_GB","og_type":"article","og_title":"Szakmai besz\u00e1mol\u00f3 az NKA K\u00f6zgy\u0171jtem\u00e9nyek Koll\u00e9giuma m\u0171t\u00e1rgyszerzem\u00e9nyez\u00e9si p\u00e1ly\u00e1zat\u00e1hoz","og_description":"Egy m\u00fazeum, ezer \u00e9lm\u00e9ny!","og_url":"https:\/\/muzeumvac.hu\/en\/szakmai-beszamolo-az-nka-kozgyujtemenyek-kollegiuma-mutargyszerzemenyezesi-palyazatahoz\/","og_site_name":"TRAGOR IGN\u00c1C M\u00daZEUM \u2022 V\u00c1C","article_publisher":"https:\/\/www.facebook.com\/vac.tragorignacmuzeum","article_modified_time":"2026-01-15T08:40:51+00:00","twitter_card":"summary_large_image","schema":{"@context":"https:\/\/schema.org","@graph":[{"@type":"WebPage","@id":"https:\/\/muzeumvac.hu\/szakmai-beszamolo-az-nka-kozgyujtemenyek-kollegiuma-mutargyszerzemenyezesi-palyazatahoz\/","url":"https:\/\/muzeumvac.hu\/szakmai-beszamolo-az-nka-kozgyujtemenyek-kollegiuma-mutargyszerzemenyezesi-palyazatahoz\/","name":"Szakmai besz\u00e1mol\u00f3 az NKA K\u00f6zgy\u0171jtem\u00e9nyek Koll\u00e9giuma m\u0171t\u00e1rgyszerzem\u00e9nyez\u00e9si p\u00e1ly\u00e1zat\u00e1hoz - TRAGOR IGN\u00c1C M\u00daZEUM \u2022 V\u00c1C","isPartOf":{"@id":"https:\/\/muzeumvac.hu\/#website"},"datePublished":"2025-09-24T07:37:00+00:00","dateModified":"2026-01-15T08:40:51+00:00","description":"One museum, a thousand experiences!","breadcrumb":{"@id":"https:\/\/muzeumvac.hu\/szakmai-beszamolo-az-nka-kozgyujtemenyek-kollegiuma-mutargyszerzemenyezesi-palyazatahoz\/#breadcrumb"},"inLanguage":"en-GB","potentialAction":[{"@type":"ReadAction","target":["https:\/\/muzeumvac.hu\/szakmai-beszamolo-az-nka-kozgyujtemenyek-kollegiuma-mutargyszerzemenyezesi-palyazatahoz\/"]}]},{"@type":"BreadcrumbList","@id":"https:\/\/muzeumvac.hu\/szakmai-beszamolo-az-nka-kozgyujtemenyek-kollegiuma-mutargyszerzemenyezesi-palyazatahoz\/#breadcrumb","itemListElement":[{"@type":"ListItem","position":1,"name":"Kezd\u0151lap","item":"https:\/\/muzeumvac.hu\/"},{"@type":"ListItem","position":2,"name":"Szakmai besz\u00e1mol\u00f3 az NKA K\u00f6zgy\u0171jtem\u00e9nyek Koll\u00e9giuma m\u0171t\u00e1rgyszerzem\u00e9nyez\u00e9si p\u00e1ly\u00e1zat\u00e1hoz"}]},{"@type":"WebSite","@id":"https:\/\/muzeumvac.hu\/#website","url":"https:\/\/muzeumvac.hu\/","name":"TRAGOR IGN\u00c1C M\u00daZEUM \u2022 V\u00c1C","description":"One museum, a thousand experiences!","publisher":{"@id":"https:\/\/muzeumvac.hu\/#organization"},"potentialAction":[{"@type":"SearchAction","target":{"@type":"EntryPoint","urlTemplate":"https:\/\/muzeumvac.hu\/?s={search_term_string}"},"query-input":{"@type":"PropertyValueSpecification","valueRequired":true,"valueName":"search_term_string"}}],"inLanguage":"en-GB"},{"@type":"Organization","@id":"https:\/\/muzeumvac.hu\/#organization","name":"TRAGOR IGN\u00c1C M\u00daZEUM \u2022 V\u00c1C","url":"https:\/\/muzeumvac.hu\/","logo":{"@type":"ImageObject","inLanguage":"en-GB","@id":"https:\/\/muzeumvac.hu\/#\/schema\/logo\/image\/","url":"https:\/\/muzeumvac.hu\/wp-content\/uploads\/2025\/07\/tragor_ignac_logo.png","contentUrl":"https:\/\/muzeumvac.hu\/wp-content\/uploads\/2025\/07\/tragor_ignac_logo.png","width":161,"height":126,"caption":"TRAGOR IGN\u00c1C M\u00daZEUM \u2022 V\u00c1C"},"image":{"@id":"https:\/\/muzeumvac.hu\/#\/schema\/logo\/image\/"},"sameAs":["https:\/\/www.facebook.com\/vac.tragorignacmuzeum","https:\/\/www.instagram.com\/tragormuzeum","https:\/\/www.youtube.com\/@TragorIgncMzeum-vac"]}]}},"_links":{"self":[{"href":"https:\/\/muzeumvac.hu\/en\/wp-json\/wp\/v2\/pages\/5341","targetHints":{"allow":["GET"]}}],"collection":[{"href":"https:\/\/muzeumvac.hu\/en\/wp-json\/wp\/v2\/pages"}],"about":[{"href":"https:\/\/muzeumvac.hu\/en\/wp-json\/wp\/v2\/types\/page"}],"author":[{"embeddable":true,"href":"https:\/\/muzeumvac.hu\/en\/wp-json\/wp\/v2\/users\/1"}],"replies":[{"embeddable":true,"href":"https:\/\/muzeumvac.hu\/en\/wp-json\/wp\/v2\/comments?post=5341"}],"version-history":[{"count":2,"href":"https:\/\/muzeumvac.hu\/en\/wp-json\/wp\/v2\/pages\/5341\/revisions"}],"predecessor-version":[{"id":5344,"href":"https:\/\/muzeumvac.hu\/en\/wp-json\/wp\/v2\/pages\/5341\/revisions\/5344"}],"wp:attachment":[{"href":"https:\/\/muzeumvac.hu\/en\/wp-json\/wp\/v2\/media?parent=5341"}],"curies":[{"name":"wp","href":"https:\/\/api.w.org\/{rel}","templated":true}]}}