{"id":5303,"date":"2025-09-29T09:29:00","date_gmt":"2025-09-29T07:29:00","guid":{"rendered":"https:\/\/muzeumvac.hu\/?page_id=5303"},"modified":"2026-01-15T09:33:32","modified_gmt":"2026-01-15T08:33:32","slug":"szakmai-beszamolo-az-nka-kozgyujtemenyek-kollegiuma-restauralasi-palyazatahoz","status":"publish","type":"page","link":"https:\/\/muzeumvac.hu\/en\/szakmai-beszamolo-az-nka-kozgyujtemenyek-kollegiuma-restauralasi-palyazatahoz\/","title":{"rendered":"Szakmai besz\u00e1mol\u00f3 az NKA K\u00f6zgy\u0171jtem\u00e9nyek Koll\u00e9giuma restaur\u00e1l\u00e1si p\u00e1ly\u00e1zat\u00e1hoz"},"content":{"rendered":"<p>[et_pb_section fb_built=&#8221;1&#8243; theme_builder_area=&#8221;post_content&#8221; _builder_version=&#8221;4.27.4&#8243; _module_preset=&#8221;default&#8221;][et_pb_row _builder_version=&#8221;4.27.4&#8243; _module_preset=&#8221;default&#8221; theme_builder_area=&#8221;post_content&#8221;][et_pb_column _builder_version=&#8221;4.27.4&#8243; _module_preset=&#8221;default&#8221; type=&#8221;4_4&#8243; theme_builder_area=&#8221;post_content&#8221;][et_pb_text _builder_version=&#8221;4.27.4&#8243; _module_preset=&#8221;default&#8221; theme_builder_area=&#8221;post_content&#8221; hover_enabled=&#8221;0&#8243; sticky_enabled=&#8221;0&#8243;]<\/p>\n<p>Szakmai besz\u00e1mol\u00f3 az NKA K\u00f6zgy\u0171jtem\u00e9nyek Koll\u00e9giuma restaur\u00e1l\u00e1si p\u00e1ly\u00e1zat\u00e1hoz<br \/>\u00a02025. szeptember 29.<\/p>\n<p><strong>A Tragor Ign\u00e1c M\u00fazeum 18. sz\u00e1zadi viaszt\u00e1rgyainak restaur\u00e1l\u00e1sa.<br \/>P\u00e1ly\u00e1zati azonos\u00edt\u00f3: 505111\/04829<\/strong><\/p>\n<ol start=\"18\">\n<li><strong> sz\u00e1zadi viaszmunk\u00e1k a v\u00e1ci Tragor Ign\u00e1c M\u00fazeum t\u00f6rt\u00e9neti gy\u0171jtem\u00e9ny\u00e9ben<\/strong><\/li>\n<\/ol>\n<p>A gy\u0171jtem\u00e9nyben hat darab, k\u00fcl\u00f6nb\u00f6z\u0151 t\u00e9m\u00e1j\u00fa keretezett, \u00fcvegezett viaszdomborm\u0171 tal\u00e1lhat\u00f3<\/p>\n<p><strong>Lelt\u00e1ri sz\u00e1muk: TIM T.53.60.1.1.-6.<\/strong><\/p>\n<p>Magass\u00e1g:23 cm, Sz\u00e9less\u00e9g:19 cm, M\u00e9lys\u00e9g:\u00a0 7cm<\/p>\n<p>Cs\u00e1ky K\u00e1roly Emm\u00e1nuel p\u00fcsp\u00f6k egyike volt azon adom\u00e1nyoz\u00f3knak, akik a m\u00fazeum gy\u0171jtem\u00e9ny\u00e9nek gazdag\u00edt\u00e1s\u00e1t tekintett\u00e9k feladatuknak.<\/p>\n<p>It\u00e1liai \u00fatj\u00e1n v\u00e1s\u00e1rolt, \u00e9s a m\u00fazeumnak aj\u00e1nd\u00e9kozott 6 darab 18. sz\u00e1zadi viasz domborm\u0171vet. Az 1912-ben kiadott le\u00edr\u00f3 lajstromban m\u00e1r Cs\u00e1ky K\u00e1roly p\u00fcsp\u00f6k aj\u00e1nd\u00e9kak\u00e9nt szerepelnek.<\/p>\n<p>A lelt\u00e1rk\u00f6nyvben \u00e1llapotle\u00edr\u00e1sukn\u00e1l m\u00e1r mindegyikn\u00e9l a &#8222;s\u00e9r\u00fclt&#8221; bejegyz\u00e9s szerepel.<\/p>\n<p>A festett viasz domborm\u0171vek k\u00e9sz\u00edt\u00e9se a 18. sz\u00e1zadban rendk\u00edv\u00fcl n\u00e9pszer\u0171 volt. A viasz k\u00f6nnyen megmunk\u00e1lhat\u00f3 anyag, apr\u00f3l\u00e9kosan kidolgozott alkot\u00e1sok k\u00e9sz\u00fcltek bel\u0151le. A fest\u00e9s nem csup\u00e1n az \u00e1br\u00e1zol\u00e1s \u00e9leth\u0171s\u00e9g\u00e9t n\u00f6velte, de az anyag szil\u00e1rds\u00e1g\u00e1t is er\u0151s\u00edtette. Mindamellett a viaszb\u00f3l k\u00e9sz\u00fclt domborm\u0171vek s\u00e9r\u00fcl\u00e9kenyek voltak, ez\u00e9rt fakeretbe tett\u00e9k, \u00e9s \u00fcveglappal fedt\u00e9k be.<\/p>\n<p>Mivel Cs\u00e1ky p\u00fcsp\u00f6k It\u00e1li\u00e1ban v\u00e1s\u00e1rolta t\u00e1rgyakat, kor\u00e1bban azt felt\u00e9telezt\u00e9k, hogy it\u00e1liai mester alkot\u00e1sai lehetnek. K\u00e9s\u0151bb kider\u00fclt, hogy az alkot\u00f3t m\u00e1shol kell keresni.<\/p>\n<p>Egy angol aukci\u00f3sh\u00e1z katal\u00f3gus\u00e1ban borsos kiki\u00e1lt\u00e1si \u00e1ron jelent meg k\u00e9t viasz domborm\u0171. A hasonl\u00f3s\u00e1g egy\u00e9rtelm\u0171 volt. A Tragor Ign\u00e1c M\u00fazeumban \u0151rz\u00f6tt viaszdomborm\u0171vek alkot\u00f3ja azonos az aukci\u00f3ra bocs\u00e1tott t\u00e1rgyak\u00e9val. Ezut\u00e1n m\u00e1r k\u00f6nny\u0171 volt tov\u00e1bbi alkot\u00e1sokat beazonos\u00edtani.<\/p>\n<p>Caspar Bernhard Hardy 1726-ban sz\u00fcletett K\u00f6lnben. Lelk\u00e9sz \u00e9s m\u0171v\u00e9sz volt. B\u00e1r bronz \u00f6ntv\u00e9nyeket k\u00e9sz\u00edtett, Hardy nagy er\u0151ss\u00e9ge ezeknek a bekeretezett allegorikus viaszportr\u00e9knak a megform\u00e1l\u00e1sa volt, amelyek ihlet\u0151i gyakran kort\u00e1rs festm\u00e9nyek \u00e9s nyomatok, valamint porcel\u00e1nfigur\u00e1k voltak. Viasz domborm\u0171vei rendk\u00edv\u00fcl n\u00e9pszer\u0171ek \u00e9s keresettek voltak, m\u00e9g Goethe is gy\u0171jt\u00f6tte azokat, melyek napjainkban t\u00f6bb jelent\u0151s eur\u00f3pai (pl. N\u00e1poly &#8211; Museo di Capodimonte, P\u00e1rizs &#8211; Mus\u00e9e Carnevalet, B\u00e9cs &#8211; Kunsthistorisches Museum, London &#8211; Victoria and Albert Museum) \u00e9s amerikai (New York &#8211; MET) k\u00f6zgy\u0171jtem\u00e9ny f\u00e9ltett kincsei.<\/p>\n<p>Az adom\u00e1nyoz\u00f3 Cs\u00e1ky p\u00fcsp\u00f6knek k\u00f6sz\u00f6nhet\u0151en 6 darab Caspar Hardy viasz domborm\u0171 a v\u00e1ci Tragor Ign\u00e1c M\u00fazeum gy\u0171jtem\u00e9ny\u00e9t gazdag\u00edtja.<\/p>\n<p><strong>A m\u0171t\u00e1rgyak hasznos\u00edt\u00e1sa:<\/strong><\/p>\n<p>A restaur\u00e1lt m\u0171t\u00e1rgyakat id\u0151szakos jelleggel a Tragor Ign\u00e1c M\u00fazeum 18. sz\u00e1zadi \u00e9letm\u00f3dot bemutat\u00f3 Ars Memorandi ki\u00e1ll\u00edt\u00e1s\u00e1n \u00e1ll\u00edtottuk ki. A t\u00e1rgyak a k\u00f6zelj\u00f6v\u0151ben meg\u00fajul\u00f3 ki\u00e1ll\u00edt\u00e1sban a f\u0151papi enteri\u0151rben kapnak m\u00e9lt\u00f3 \u00e9s biztons\u00e1gos elhelyez\u00e9st.<\/p>\n<p><strong>Restaur\u00e1l\u00e1si besz\u00e1mol\u00f3<\/strong><\/p>\n<p>K\u00e9sz\u00edtette: Murner Attil\u00e1n\u00e9 Luk\u00e1cs Katalin okl. restaur\u00e1tor<\/p>\n<p><strong>K\u00e9sz\u00edt\u00e9stechnika<\/strong><\/p>\n<p>A viaszszobrok anyag\u00e1nak \u00f6sszet\u00e9tele m\u00e9hviasz, paraffin, m\u00e9szk\u0151por, \u00e1llati zsirad\u00e9k \u00e9s sz\u00ednez\u0151 anyag.<\/p>\n<p>Az \u00f6sszetev\u0151ket felolvasztva folytonos kever\u00e9s mellett hosszan meleg\u00edtik, elegy\u00edtik, majd s\u0171r\u0171 h\u00e1l\u00f3n \u00e1tsz\u0171rik.<\/p>\n<p>A figur\u00e1k egyes elemeit k\u00fcl\u00f6n-k\u00fcl\u00f6n, t\u00f6bb r\u00e9szes, birkafaggy\u00faval kikent gipszform\u00e1ba \u00f6ntik. szil\u00e1rdul\u00e1suk ut\u00e1n kiemelik, forr\u00f3 f\u00e9mszersz\u00e1mokkal alak\u00edtj\u00e1k, majd old\u00f3szerrel lesim\u00edtj\u00e1k.<\/p>\n<p>Az elemeket feny\u0151gyanta \u00e9s m\u00e9hviasz kever\u00e9k\u00e9vel ragasztj\u00e1k \u00f6ssze.<\/p>\n<p>Az ut\u00f3lag sz\u00ednezett r\u00e9szeket horzsak\u0151- \u00e9s fest\u00e9kpor kever\u00e9k\u00e9vel vonj\u00e1k be.<\/p>\n<p>Az \u00fcvegezett keretbe h\u00e1tulr\u00f3l helyezik be a figur\u00e1kat, majd a dobozt kartonlappal lez\u00e1rj\u00e1k \u00e9s leragasztj\u00e1k.<\/p>\n<p>&nbsp;<\/p>\n<p><strong>A viaszdomborm\u0171vek \u00e1ltal\u00e1nos \u00e1llapota:<\/strong><\/p>\n<p>A domborm\u0171vek mindegyike s\u00e9r\u00fclt, h\u00e1rom k\u00e9p \u00fcvegez\u00e9se t\u00f6r\u00f6tt, illetve repedt.<\/p>\n<p>A \u201ek\u00e9pek\u201d elmozdultak, ragaszt\u00e1suk felv\u00e1lt az alapt\u00f3l. A figur\u00e1k egyes elemei t\u00f6r\u00f6ttek, hi\u00e1nyosak.<\/p>\n<p>A dobozok aranyoz\u00e1sa megkopott, profiljuk t\u00f6bb helyen s\u00e9r\u00fclt, hi\u00e1nyos.<\/p>\n<p>A h\u00e1tlapok t\u00f6bbsz\u00f6r\u00f6sen jav\u00edtottak, szakszer\u0171tlen\u00fcl ragasztottak.<\/p>\n<p>&nbsp;<\/p>\n<p><strong>Restaur\u00e1l\u00e1s folyamata<\/strong><\/p>\n<p>Az \u00e1llapotfot\u00f3k elk\u00e9sz\u00edt\u00e9se \u00e9s az egyes m\u0171t\u00e1rgyak s\u00e9r\u00fcl\u00e9seinek r\u00e9szletes le\u00edr\u00e1sa ut\u00e1n a k\u00edv\u00fclr\u0151l portalan\u00edtott dobozok h\u00e1ts\u00f3 fal\u00e1nak ragaszt\u00e1s\u00e1t k\u00edm\u00e9letesen elt\u00e1vol\u00edtottam, majd kiemeltem a s\u00e9r\u00fclt elemeket.<\/p>\n<p>A figur\u00e1kat portalan\u00edtottam, sz\u00fcks\u00e9g szerint vegyszeresen tiszt\u00edtottam, elt\u00e1vol\u00edtottam a kor\u00e1bbi, szakszer\u0171tlen ragaszt\u00e1sokat, kieg\u00e9sz\u00edt\u00e9seket.<\/p>\n<p>A t\u00f6r\u00f6tt r\u00e9szeket m\u00e9hviasz-feny\u0151gyanta \u00f6sszeolvasztott kever\u00e9k\u00e9vel ragasztottam meg, majd felhev\u00edtett, forr\u00f3 szikepeng\u00e9vel igaz\u00edtottam a hely\u00fckre.<\/p>\n<p>A hi\u00e1nyz\u00f3 vagy nagyon s\u00e9r\u00fclt elemeket agyagb\u00f3l megmint\u00e1ztam, r\u00f3luk h\u0151\u00e1ll\u00f3 szilikon form\u00e1t k\u00e9sz\u00edtettem, ebbe \u00f6nt\u00f6ttem a m\u00e9hviasz \u2013 paraffin \u2013 m\u00e9szk\u0151por \u2013 zsirad\u00e9k &#8211; sz\u00ednez\u00e9k kever\u00e9k\u00e9b\u0151l k\u00e9sz\u00fclt massz\u00e1t.<\/p>\n<p>Megszil\u00e1rdul\u00e1s ut\u00e1n a form\u00e1b\u00f3l kiemelve felforr\u00f3s\u00edtott szikepeng\u00e9vel igaz\u00edtottam form\u00e1ra az egyes darabokat, majd m\u00e9hviasz-feny\u0151gyanta kever\u00e9k\u00e9vel felragasztottam, \u00e9s old\u00f3szerrel lesim\u00edtottam.<\/p>\n<p>A keretk\u00e9nt szolg\u00e1l\u00f3 dobozokat k\u00edv\u00fcl-bel\u00fcl megtiszt\u00edtottam, az aranyozott keret hi\u00e1nyait, s\u00e9r\u00fcl\u00e9seit kijav\u00edtottam, a fa kereteket \u00fajra aranyoztam.<\/p>\n<p>A restaur\u00e1lt viasz domborm\u0171veket viaszos ragaszt\u00e1ssal r\u00f6gz\u00edtettem a keretekbe.<\/p>\n<p>A festett, t\u00f6r\u00f6tt h\u00e1tt\u00e9r-\u00fcvegeket alapos tiszt\u00edt\u00e1s ut\u00e1n \u00fajra ragasztottam, a hi\u00e1nyz\u00f3 fest\u00e9st beilleszked\u0151 retussal kieg\u00e9sz\u00edtettem.<\/p>\n<p>A megtiszt\u00edtott, konzerv\u00e1lt fa h\u00e1tlapokra visszaragasztottam a jap\u00e1n pap\u00edrral meger\u0151s\u00edtett \u00e9s konzerv\u00e1lt pap\u00edr h\u00e1tlapok maradv\u00e1nyait. T\u00f6bb h\u00e1tlap az \u00e9vek sor\u00e1n megvetemedett, pr\u00e9sel\u00e9ssel kis m\u00e9rt\u00e9kben vissza tudtam \u00e1ll\u00edtani az eredeti \u00e1llapotot, de a faanyag term\u00e9szetes mozg\u00e1sa miatt sz\u00fcks\u00e9gesnek l\u00e1ttam egy elv\u00e1laszt\u00f3-t\u00e1vtart\u00f3 vastagabb, savmentes kartont behelyezni az \u00fcveg h\u00e1tlap \u00e9s a falemez k\u00f6z\u00e9, hogy a tov\u00e1bbi t\u00f6r\u00e9seket, reped\u00e9seket megakad\u00e1lyozzam.<\/p>\n<p>A h\u00e1tlapokat rugalmas ragaszt\u00f3val illesztettem vissza a keretekre, a szeg\u00e9lyeket k\u00f6nyvk\u00f6t\u00e9szetben haszn\u00e1lt v\u00e1szonszalaggal r\u00f6gz\u00edtettem a dobozkeretekhez.<\/p>\n<p><strong>Felhaszn\u00e1lt anyagok:<\/strong><\/p>\n<p>M\u00e9hviasz, feny\u0151gyanta, m\u00e9szk\u0151por, paraffin, terpentin, benzin, lakkbenzin, aceton, szilikon gumi, sz\u00ednez\u00e9kek, jap\u00e1n pap\u00edr, sellak, k\u00f6nyvk\u00f6t\u0151 v\u00e1szonszeg\u00e9ly<\/p>\n<p><strong>Munka\u00f3r\u00e1k sz\u00e1ma: 180<\/strong><\/p>\n<p>[\/et_pb_text][et_pb_gallery _builder_version=&#8221;4.27.4&#8243; _module_preset=&#8221;default&#8221; theme_builder_area=&#8221;post_content&#8221; gallery_ids=&#8221;5305,5306,5307,5308,5309,5310,5311,5312,5313,5314,5315,5316,5317,5318,5319,5320,5321,5322,5323,5324,5325,5326,5327,5328,5329,5330,5331,5332,5333,5334,5335&#8243; hover_enabled=&#8221;0&#8243; sticky_enabled=&#8221;0&#8243;][\/et_pb_gallery][\/et_pb_column][\/et_pb_row][\/et_pb_section]<\/p>\n","protected":false},"excerpt":{"rendered":"<p>Szakmai besz\u00e1mol\u00f3 az NKA K\u00f6zgy\u0171jtem\u00e9nyek Koll\u00e9giuma restaur\u00e1l\u00e1si p\u00e1ly\u00e1zat\u00e1hoz\u00a02025. szeptember 29. A Tragor Ign\u00e1c M\u00fazeum 18. sz\u00e1zadi viaszt\u00e1rgyainak restaur\u00e1l\u00e1sa.P\u00e1ly\u00e1zati azonos\u00edt\u00f3: 505111\/04829 sz\u00e1zadi viaszmunk\u00e1k a v\u00e1ci Tragor Ign\u00e1c M\u00fazeum t\u00f6rt\u00e9neti gy\u0171jtem\u00e9ny\u00e9ben A [&hellip;]<\/p>\n","protected":false},"author":1,"featured_media":0,"parent":0,"menu_order":0,"comment_status":"closed","ping_status":"closed","template":"","meta":{"_et_pb_use_builder":"on","_et_pb_old_content":"","_et_gb_content_width":"","footnotes":""},"class_list":["post-5303","page","type-page","status-publish","hentry"],"yoast_head":"<!-- This site is optimized with the Yoast SEO Premium plugin v27.3 (Yoast SEO v27.3) - https:\/\/yoast.com\/product\/yoast-seo-premium-wordpress\/ -->\n<title>Szakmai besz\u00e1mol\u00f3 az NKA K\u00f6zgy\u0171jtem\u00e9nyek Koll\u00e9giuma restaur\u00e1l\u00e1si p\u00e1ly\u00e1zat\u00e1hoz - TRAGOR IGN\u00c1C M\u00daZEUM \u2022 V\u00c1C<\/title>\n<meta name=\"description\" content=\"Egy m\u00fazeum, ezer \u00e9lm\u00e9ny!\" \/>\n<meta name=\"robots\" content=\"index, follow, max-snippet:-1, max-image-preview:large, max-video-preview:-1\" \/>\n<link rel=\"canonical\" href=\"https:\/\/muzeumvac.hu\/en\/szakmai-beszamolo-az-nka-kozgyujtemenyek-kollegiuma-restauralasi-palyazatahoz\/\" \/>\n<meta property=\"og:locale\" content=\"en_GB\" \/>\n<meta property=\"og:type\" content=\"article\" \/>\n<meta property=\"og:title\" content=\"Szakmai besz\u00e1mol\u00f3 az NKA K\u00f6zgy\u0171jtem\u00e9nyek Koll\u00e9giuma restaur\u00e1l\u00e1si p\u00e1ly\u00e1zat\u00e1hoz\" \/>\n<meta property=\"og:description\" content=\"Egy m\u00fazeum, ezer \u00e9lm\u00e9ny!\" \/>\n<meta property=\"og:url\" content=\"https:\/\/muzeumvac.hu\/en\/szakmai-beszamolo-az-nka-kozgyujtemenyek-kollegiuma-restauralasi-palyazatahoz\/\" \/>\n<meta property=\"og:site_name\" content=\"TRAGOR IGN\u00c1C M\u00daZEUM \u2022 V\u00c1C\" \/>\n<meta property=\"article:publisher\" content=\"https:\/\/www.facebook.com\/vac.tragorignacmuzeum\" \/>\n<meta property=\"article:modified_time\" content=\"2026-01-15T08:33:32+00:00\" \/>\n<meta name=\"twitter:card\" content=\"summary_large_image\" \/>\n<script type=\"application\/ld+json\" class=\"yoast-schema-graph\">{\"@context\":\"https:\\\/\\\/schema.org\",\"@graph\":[{\"@type\":\"WebPage\",\"@id\":\"https:\\\/\\\/muzeumvac.hu\\\/szakmai-beszamolo-az-nka-kozgyujtemenyek-kollegiuma-restauralasi-palyazatahoz\\\/\",\"url\":\"https:\\\/\\\/muzeumvac.hu\\\/szakmai-beszamolo-az-nka-kozgyujtemenyek-kollegiuma-restauralasi-palyazatahoz\\\/\",\"name\":\"Szakmai besz\u00e1mol\u00f3 az NKA K\u00f6zgy\u0171jtem\u00e9nyek Koll\u00e9giuma restaur\u00e1l\u00e1si p\u00e1ly\u00e1zat\u00e1hoz - TRAGOR IGN\u00c1C M\u00daZEUM \u2022 V\u00c1C\",\"isPartOf\":{\"@id\":\"https:\\\/\\\/muzeumvac.hu\\\/#website\"},\"datePublished\":\"2025-09-29T07:29:00+00:00\",\"dateModified\":\"2026-01-15T08:33:32+00:00\",\"description\":\"Egy m\u00fazeum, ezer \u00e9lm\u00e9ny!\",\"breadcrumb\":{\"@id\":\"https:\\\/\\\/muzeumvac.hu\\\/szakmai-beszamolo-az-nka-kozgyujtemenyek-kollegiuma-restauralasi-palyazatahoz\\\/#breadcrumb\"},\"inLanguage\":\"en-GB\",\"potentialAction\":[{\"@type\":\"ReadAction\",\"target\":[\"https:\\\/\\\/muzeumvac.hu\\\/szakmai-beszamolo-az-nka-kozgyujtemenyek-kollegiuma-restauralasi-palyazatahoz\\\/\"]}]},{\"@type\":\"BreadcrumbList\",\"@id\":\"https:\\\/\\\/muzeumvac.hu\\\/szakmai-beszamolo-az-nka-kozgyujtemenyek-kollegiuma-restauralasi-palyazatahoz\\\/#breadcrumb\",\"itemListElement\":[{\"@type\":\"ListItem\",\"position\":1,\"name\":\"Kezd\u0151lap\",\"item\":\"https:\\\/\\\/muzeumvac.hu\\\/\"},{\"@type\":\"ListItem\",\"position\":2,\"name\":\"Szakmai besz\u00e1mol\u00f3 az NKA K\u00f6zgy\u0171jtem\u00e9nyek Koll\u00e9giuma restaur\u00e1l\u00e1si p\u00e1ly\u00e1zat\u00e1hoz\"}]},{\"@type\":\"WebSite\",\"@id\":\"https:\\\/\\\/muzeumvac.hu\\\/#website\",\"url\":\"https:\\\/\\\/muzeumvac.hu\\\/\",\"name\":\"TRAGOR IGN\u00c1C M\u00daZEUM \u2022 V\u00c1C\",\"description\":\"Egy m\u00fazeum, ezer \u00e9lm\u00e9ny!\",\"publisher\":{\"@id\":\"https:\\\/\\\/muzeumvac.hu\\\/#organization\"},\"potentialAction\":[{\"@type\":\"SearchAction\",\"target\":{\"@type\":\"EntryPoint\",\"urlTemplate\":\"https:\\\/\\\/muzeumvac.hu\\\/?s={search_term_string}\"},\"query-input\":{\"@type\":\"PropertyValueSpecification\",\"valueRequired\":true,\"valueName\":\"search_term_string\"}}],\"inLanguage\":\"en-GB\"},{\"@type\":\"Organization\",\"@id\":\"https:\\\/\\\/muzeumvac.hu\\\/#organization\",\"name\":\"TRAGOR IGN\u00c1C M\u00daZEUM \u2022 V\u00c1C\",\"url\":\"https:\\\/\\\/muzeumvac.hu\\\/\",\"logo\":{\"@type\":\"ImageObject\",\"inLanguage\":\"en-GB\",\"@id\":\"https:\\\/\\\/muzeumvac.hu\\\/#\\\/schema\\\/logo\\\/image\\\/\",\"url\":\"https:\\\/\\\/muzeumvac.hu\\\/wp-content\\\/uploads\\\/2025\\\/07\\\/tragor_ignac_logo.png\",\"contentUrl\":\"https:\\\/\\\/muzeumvac.hu\\\/wp-content\\\/uploads\\\/2025\\\/07\\\/tragor_ignac_logo.png\",\"width\":161,\"height\":126,\"caption\":\"TRAGOR IGN\u00c1C M\u00daZEUM \u2022 V\u00c1C\"},\"image\":{\"@id\":\"https:\\\/\\\/muzeumvac.hu\\\/#\\\/schema\\\/logo\\\/image\\\/\"},\"sameAs\":[\"https:\\\/\\\/www.facebook.com\\\/vac.tragorignacmuzeum\",\"https:\\\/\\\/www.instagram.com\\\/tragormuzeum\",\"https:\\\/\\\/www.youtube.com\\\/@TragorIgncMzeum-vac\"]}]}<\/script>\n<!-- \/ Yoast SEO Premium plugin. -->","yoast_head_json":{"title":"Szakmai besz\u00e1mol\u00f3 az NKA K\u00f6zgy\u0171jtem\u00e9nyek Koll\u00e9giuma restaur\u00e1l\u00e1si p\u00e1ly\u00e1zat\u00e1hoz - TRAGOR IGN\u00c1C M\u00daZEUM \u2022 V\u00c1C","description":"One museum, a thousand experiences!","robots":{"index":"index","follow":"follow","max-snippet":"max-snippet:-1","max-image-preview":"max-image-preview:large","max-video-preview":"max-video-preview:-1"},"canonical":"https:\/\/muzeumvac.hu\/en\/szakmai-beszamolo-az-nka-kozgyujtemenyek-kollegiuma-restauralasi-palyazatahoz\/","og_locale":"en_GB","og_type":"article","og_title":"Szakmai besz\u00e1mol\u00f3 az NKA K\u00f6zgy\u0171jtem\u00e9nyek Koll\u00e9giuma restaur\u00e1l\u00e1si p\u00e1ly\u00e1zat\u00e1hoz","og_description":"Egy m\u00fazeum, ezer \u00e9lm\u00e9ny!","og_url":"https:\/\/muzeumvac.hu\/en\/szakmai-beszamolo-az-nka-kozgyujtemenyek-kollegiuma-restauralasi-palyazatahoz\/","og_site_name":"TRAGOR IGN\u00c1C M\u00daZEUM \u2022 V\u00c1C","article_publisher":"https:\/\/www.facebook.com\/vac.tragorignacmuzeum","article_modified_time":"2026-01-15T08:33:32+00:00","twitter_card":"summary_large_image","schema":{"@context":"https:\/\/schema.org","@graph":[{"@type":"WebPage","@id":"https:\/\/muzeumvac.hu\/szakmai-beszamolo-az-nka-kozgyujtemenyek-kollegiuma-restauralasi-palyazatahoz\/","url":"https:\/\/muzeumvac.hu\/szakmai-beszamolo-az-nka-kozgyujtemenyek-kollegiuma-restauralasi-palyazatahoz\/","name":"Szakmai besz\u00e1mol\u00f3 az NKA K\u00f6zgy\u0171jtem\u00e9nyek Koll\u00e9giuma restaur\u00e1l\u00e1si p\u00e1ly\u00e1zat\u00e1hoz - TRAGOR IGN\u00c1C M\u00daZEUM \u2022 V\u00c1C","isPartOf":{"@id":"https:\/\/muzeumvac.hu\/#website"},"datePublished":"2025-09-29T07:29:00+00:00","dateModified":"2026-01-15T08:33:32+00:00","description":"One museum, a thousand experiences!","breadcrumb":{"@id":"https:\/\/muzeumvac.hu\/szakmai-beszamolo-az-nka-kozgyujtemenyek-kollegiuma-restauralasi-palyazatahoz\/#breadcrumb"},"inLanguage":"en-GB","potentialAction":[{"@type":"ReadAction","target":["https:\/\/muzeumvac.hu\/szakmai-beszamolo-az-nka-kozgyujtemenyek-kollegiuma-restauralasi-palyazatahoz\/"]}]},{"@type":"BreadcrumbList","@id":"https:\/\/muzeumvac.hu\/szakmai-beszamolo-az-nka-kozgyujtemenyek-kollegiuma-restauralasi-palyazatahoz\/#breadcrumb","itemListElement":[{"@type":"ListItem","position":1,"name":"Kezd\u0151lap","item":"https:\/\/muzeumvac.hu\/"},{"@type":"ListItem","position":2,"name":"Szakmai besz\u00e1mol\u00f3 az NKA K\u00f6zgy\u0171jtem\u00e9nyek Koll\u00e9giuma restaur\u00e1l\u00e1si p\u00e1ly\u00e1zat\u00e1hoz"}]},{"@type":"WebSite","@id":"https:\/\/muzeumvac.hu\/#website","url":"https:\/\/muzeumvac.hu\/","name":"TRAGOR IGN\u00c1C M\u00daZEUM \u2022 V\u00c1C","description":"One museum, a thousand experiences!","publisher":{"@id":"https:\/\/muzeumvac.hu\/#organization"},"potentialAction":[{"@type":"SearchAction","target":{"@type":"EntryPoint","urlTemplate":"https:\/\/muzeumvac.hu\/?s={search_term_string}"},"query-input":{"@type":"PropertyValueSpecification","valueRequired":true,"valueName":"search_term_string"}}],"inLanguage":"en-GB"},{"@type":"Organization","@id":"https:\/\/muzeumvac.hu\/#organization","name":"TRAGOR IGN\u00c1C M\u00daZEUM \u2022 V\u00c1C","url":"https:\/\/muzeumvac.hu\/","logo":{"@type":"ImageObject","inLanguage":"en-GB","@id":"https:\/\/muzeumvac.hu\/#\/schema\/logo\/image\/","url":"https:\/\/muzeumvac.hu\/wp-content\/uploads\/2025\/07\/tragor_ignac_logo.png","contentUrl":"https:\/\/muzeumvac.hu\/wp-content\/uploads\/2025\/07\/tragor_ignac_logo.png","width":161,"height":126,"caption":"TRAGOR IGN\u00c1C M\u00daZEUM \u2022 V\u00c1C"},"image":{"@id":"https:\/\/muzeumvac.hu\/#\/schema\/logo\/image\/"},"sameAs":["https:\/\/www.facebook.com\/vac.tragorignacmuzeum","https:\/\/www.instagram.com\/tragormuzeum","https:\/\/www.youtube.com\/@TragorIgncMzeum-vac"]}]}},"_links":{"self":[{"href":"https:\/\/muzeumvac.hu\/en\/wp-json\/wp\/v2\/pages\/5303","targetHints":{"allow":["GET"]}}],"collection":[{"href":"https:\/\/muzeumvac.hu\/en\/wp-json\/wp\/v2\/pages"}],"about":[{"href":"https:\/\/muzeumvac.hu\/en\/wp-json\/wp\/v2\/types\/page"}],"author":[{"embeddable":true,"href":"https:\/\/muzeumvac.hu\/en\/wp-json\/wp\/v2\/users\/1"}],"replies":[{"embeddable":true,"href":"https:\/\/muzeumvac.hu\/en\/wp-json\/wp\/v2\/comments?post=5303"}],"version-history":[{"count":2,"href":"https:\/\/muzeumvac.hu\/en\/wp-json\/wp\/v2\/pages\/5303\/revisions"}],"predecessor-version":[{"id":5337,"href":"https:\/\/muzeumvac.hu\/en\/wp-json\/wp\/v2\/pages\/5303\/revisions\/5337"}],"wp:attachment":[{"href":"https:\/\/muzeumvac.hu\/en\/wp-json\/wp\/v2\/media?parent=5303"}],"curies":[{"name":"wp","href":"https:\/\/api.w.org\/{rel}","templated":true}]}}