{"id":491,"date":"2025-06-11T21:45:29","date_gmt":"2025-06-11T19:45:29","guid":{"rendered":"https:\/\/muzeumvac.hu\/?page_id=491"},"modified":"2025-09-07T21:49:51","modified_gmt":"2025-09-07T19:49:51","slug":"kek-haz-elefantos-haz","status":"publish","type":"page","link":"https:\/\/muzeumvac.hu\/en\/osszes-helyszin\/kek-haz-elefantos-haz\/","title":{"rendered":"Blue House \u2022 Elephant House"},"content":{"rendered":"<p>[et_pb_section fb_built=&#8221;1&#8243; _builder_version=&#8221;4.27.4&#8243; _module_preset=&#8221;default&#8221; global_colors_info=&#8221;{}&#8221;][et_pb_row column_structure=&#8221;1_2,1_2&#8243; _builder_version=&#8221;4.27.4&#8243; _module_preset=&#8221;default&#8221; custom_margin=&#8221;|auto|-27px|auto||&#8221; global_colors_info=&#8221;{}&#8221;][et_pb_column type=&#8221;1_2&#8243; _builder_version=&#8221;4.27.4&#8243; _module_preset=&#8221;default&#8221; global_colors_info=&#8221;{}&#8221;][et_pb_heading title=&#8221;Ki\u00e1ll\u00edt\u00f3hely&#8221; _builder_version=&#8221;4.27.4&#8243; _module_preset=&#8221;default&#8221; title_level=&#8221;h2&#8243; global_colors_info=&#8221;{}&#8221;][\/et_pb_heading][et_pb_icon font_icon=&#8221;&#xf3c5;||fa||900&#8243; icon_width=&#8221;20px&#8221; align=&#8221;left&#8221; _builder_version=&#8221;4.27.4&#8243; _module_preset=&#8221;default&#8221; custom_margin=&#8221;||4px|||&#8221; custom_padding=&#8221;||0px|||&#8221; locked=&#8221;off&#8221; global_colors_info=&#8221;{}&#8221;][\/et_pb_icon][et_pb_text _builder_version=&#8221;4.27.4&#8243; _module_preset=&#8221;default&#8221; global_colors_info=&#8221;{}&#8221;]<\/p>\n<p><span style=\"font-weight: 400;\">V\u00e1c, M\u00e1rcius 15. t\u00e9r 23.<\/span><\/p>\n<p>[\/et_pb_text][et_pb_icon font_icon=&#8221;&#xe06b;||divi||400&#8243; icon_width=&#8221;20px&#8221; align=&#8221;left&#8221; _builder_version=&#8221;4.27.4&#8243; _module_preset=&#8221;default&#8221; custom_margin=&#8221;||1px|||&#8221; locked=&#8221;off&#8221; global_colors_info=&#8221;{}&#8221;][\/et_pb_icon][et_pb_text _builder_version=&#8221;4.27.4&#8243; _module_preset=&#8221;default&#8221; global_colors_info=&#8221;{}&#8221;]<\/p>\n<p><span style=\"font-weight: 400;\">Kedd \u2013 vas\u00e1rnap: 10:00-18:00<\/span><\/p>\n<p>[\/et_pb_text][et_pb_text _builder_version=&#8221;4.27.4&#8243; _module_preset=&#8221;default&#8221; hover_enabled=&#8221;0&#8243; global_colors_info=&#8221;{}&#8221; sticky_enabled=&#8221;0&#8243;]<\/p>\n<p><b>V\u00e1con, a M\u00e1rcius 15. t\u00e9r 23. sz\u00e1m alatt, a k\u00e9k sz\u00ednre festett 18. sz\u00e1zadi \u00e9p\u00fcleten egy k\u00fcl\u00f6nleges \u00fczletc\u00e9g\u00e9r tal\u00e1lhat\u00f3.<\/b><\/p>\n<p>Az 1718-as Althann Mih\u00e1ly Frigyes rendel\u00e9s\u00e9re k\u00e9sz\u00fclt t\u00e9rk\u00e9p \u00e9s telekk\u00f6nyv szerint ez az \u00e9p\u00fclet S\u0151cz (Sz\u0171cs) Gergely lak\u00f3h\u00e1za volt. 1780-ban, mint az ablakok feletti f\u00fcz\u00e9rd\u00edszes maszkok is jelzik, copf st\u00edlusban \u00e9p\u00edtett\u00e9k \u00e1t, majd 1830-ban klassziciz\u00e1l\u00f3 elemekkel eg\u00e9sz\u00edtett\u00e9k ki.<\/p>\n<p>Az \u00e9p\u00fclet k\u00fcl\u00f6nlegess\u00e9ge az elef\u00e1ntot \u00e1br\u00e1zol\u00f3 c\u00e9g\u00e9r. A f\u0171szeresek legsz\u00edvesebben egzotikus \u00e1llatot, oroszl\u00e1nt vagy elef\u00e1ntot v\u00e1lasztottak c\u00e9g\u00e9rnek.<\/p>\n<p>[\/et_pb_text][\/et_pb_column][et_pb_column type=&#8221;1_2&#8243; _builder_version=&#8221;4.27.4&#8243; _module_preset=&#8221;default&#8221; global_colors_info=&#8221;{}&#8221;][et_pb_image src=&#8221;https:\/\/muzeumvac.hu\/wp-content\/uploads\/2025\/06\/kek-haz-epulet.jpg&#8221; title_text=&#8221;K\u00e9k H\u00e1z \u2022 Elef\u00e1ntos H\u00e1z&#8221; _builder_version=&#8221;4.27.4&#8243; _module_preset=&#8221;default&#8221; animation_style=&#8221;fade&#8221; global_colors_info=&#8221;{}&#8221;][\/et_pb_image][\/et_pb_column][\/et_pb_row][et_pb_row column_structure=&#8221;1_2,1_2&#8243; _builder_version=&#8221;4.27.4&#8243; _module_preset=&#8221;default&#8221; global_colors_info=&#8221;{}&#8221;][et_pb_column type=&#8221;1_2&#8243; _builder_version=&#8221;4.27.4&#8243; _module_preset=&#8221;default&#8221; global_colors_info=&#8221;{}&#8221;][et_pb_text _builder_version=&#8221;4.27.4&#8243; _module_preset=&#8221;default&#8221; global_colors_info=&#8221;{}&#8221;]<\/p>\n<p>Az elef\u00e1nt, mint c\u00e9g\u00e9r \u00e1ltal\u00e1ban a gyarmat\u00e1ruk \u2013 k\u00e1v\u00e9, tea, kaka\u00f3, f\u0171szerek &#8211; forgalmaz\u00e1s\u00e1ra utalt. Hasonl\u00f3 c\u00e9g\u00e9rrel tal\u00e1lkozhatunk P\u00e9cs \u00e9s Kaposv\u00e1r belv\u00e1ros\u00e1ban is, de ez nem jelenti azt, hogy ezek a boltok egym\u00e1shoz kapcsol\u00f3dtak volna.<\/p>\n<p>A helyiek \u00e9s a k\u00f6rny\u00e9kbeli piacoz\u00f3k nem s\u0171r\u0171n tal\u00e1lkoztak elef\u00e1nttal, \u00edgy nem csod\u00e1lkozhatunk azon, hogy a n\u00e9pnyelv a v\u00e1ci F\u0151t\u00e9ren \u00e1ll\u00f3 boltot egyszer\u0171en \u201eBihalyos\u201d-nak (bivalyos) h\u00edvta.<\/p>\n<p>Az 1870-es \u00e9vekben &#8211; Tragor Ign\u00e1c szerint, akinek csal\u00e1dj\u00e1ban t\u00f6bb keresked\u0151 is volt \u2013 \u201ea kirakatok ismeretlenek voltak. A f\u0171szeres az ablakba n\u00e9h\u00e1ny cukors\u00fcveget rakott, de olykor-olykor az \u00fcres l\u00e1d\u00e1kat \u00e9s hord\u00f3kat is kitette az \u00fczlet bej\u00e1rata el\u00e9, hogy l\u00e1ssa a n\u00e9p: friss \u00e1ru \u00e9rkezett! Az id\u00e9nynek megfelel\u0151en nagyb\u00f6jtben heringes hord\u00f3k, tavasszal vet\u0151magokkal telt zs\u00e1kok akad\u00e1lyozt\u00e1k \u00fatjukban a j\u00e1rdatapos\u00f3kat.&#8221;<\/p>\n<p>Az Elef\u00e1ntos, vagy \u201eBihalyos\u201d bolt tulajdonosa Intz\u00e9dy Soma volt. A Felvid\u00e9kr\u0151l 1855-ben, 15 \u00e9vesen, \u00e9rkezett V\u00e1cra, s \u00e1llt be dolgozni nagyb\u00e1tyja f\u0171szer\u00fczlet\u00e9be. 1864-ben \u00f6n\u00e1ll\u00f3s\u00edtotta mag\u00e1t, \u00e9s f\u0171szer\u00fczletet nyitott, \u00e1tv\u00e9ve az egykori Bodendorfer-f\u00e9le \u00fczletet, majd ben\u0151s\u00fclt a Tragor csal\u00e1dba.<\/p>\n<p>[\/et_pb_text][\/et_pb_column][et_pb_column type=&#8221;1_2&#8243; _builder_version=&#8221;4.27.4&#8243; _module_preset=&#8221;default&#8221; global_colors_info=&#8221;{}&#8221;][et_pb_text _builder_version=&#8221;4.27.4&#8243; _module_preset=&#8221;default&#8221; global_colors_info=&#8221;{}&#8221;]<\/p>\n<p>Az elef\u00e1ntos bolt \u00e9s a h\u00e1z is a tulajdona volt. Az \u00fczlet mellett akt\u00edv t\u00e1rsadalmi \u00e9letet \u00e9lt. V\u00e1rosi k\u00e9pvisel\u0151 \u00e9s t\u00f6bb civil szervezet tagja volt, sokat j\u00f3t\u00e9konykodott. 1923-ban bek\u00f6vetkezett hal\u00e1l\u00e1t k\u00f6vet\u0151en fia vitte tov\u00e1bb az \u00fczletet. 1935-ben a h\u00e1z \u00e9s a bolt is gazd\u00e1t cser\u00e9lt. Drajk\u00f3 L\u00e1szl\u00f3 v\u00e1ci k\u00f6t\u0151d\u00e9s\u0171 budapesti f\u0171szeres vette meg. A bolt c\u00e9g\u00e9r\u00e9t megtartotta. Ma m\u00e1r csak a c\u00e9g\u00e9r eml\u00e9keztet arra, hogy egykor V\u00e1c egyik legh\u00edresebb f\u0171szer\u00fczlete m\u0171k\u00f6d\u00f6tt az \u00e9p\u00fcletben.<\/p>\n<p>A h\u00e1z m\u00e9g sok\u00e1ig meg\u0151rizte kereskedelmi funkci\u00f3j\u00e1t, az 1980-as \u00e9vekben p\u00e9ld\u00e1ul az Alkalmi \u00e1ruk boltja m\u0171k\u00f6d\u00f6tt benne. A f\u00f6ldszinten, a nagykaput\u00f3l balra ma is \u00fczemel egy p\u00e9ks\u00e9g. De ha j\u00f3l megn\u00e9zik a k\u00e9peket, l\u00e1thatj\u00e1k, hogy az elef\u00e1nt sem maradt ugyanott, m\u00e1shova v\u00e1ndorolt az \u00e9p\u00fclet homlokzat\u00e1n\u2026<\/p>\n<p>[\/et_pb_text][\/et_pb_column][\/et_pb_row][et_pb_row _builder_version=&#8221;4.27.4&#8243; _module_preset=&#8221;default&#8221; global_colors_info=&#8221;{}&#8221;][et_pb_column type=&#8221;4_4&#8243; _builder_version=&#8221;4.27.4&#8243; _module_preset=&#8221;default&#8221; global_colors_info=&#8221;{}&#8221;][et_pb_button button_url=&#8221;@ET-DC@eyJkeW5hbWljIjp0cnVlLCJjb250ZW50IjoicG9zdF9saW5rX3VybF9wYWdlIiwic2V0dGluZ3MiOnsicG9zdF9pZCI6IjExNDgifX0=@&#8221; button_text=&#8221;Id\u0151szaki ki\u00e1ll\u00edt\u00e1sok&#8221; _builder_version=&#8221;4.27.4&#8243; _dynamic_attributes=&#8221;button_url&#8221; _module_preset=&#8221;default&#8221; global_colors_info=&#8221;{}&#8221;][\/et_pb_button][\/et_pb_column][\/et_pb_row][et_pb_row _builder_version=&#8221;4.27.4&#8243; _module_preset=&#8221;default&#8221; global_colors_info=&#8221;{}&#8221;][et_pb_column type=&#8221;4_4&#8243; _builder_version=&#8221;4.27.4&#8243; _module_preset=&#8221;default&#8221; background_color=&#8221;#ededed&#8221; custom_padding=&#8221;10px|10px|10px|10px|false|false&#8221; global_colors_info=&#8221;{}&#8221;][et_pb_gallery gallery_ids=&#8221;2584,2585,2583,1978&#8243; show_title_and_caption=&#8221;off&#8221; _builder_version=&#8221;4.27.4&#8243; _module_preset=&#8221;default&#8221; global_colors_info=&#8221;{}&#8221;][\/et_pb_gallery][\/et_pb_column][\/et_pb_row][et_pb_row _builder_version=&#8221;4.27.4&#8243; _module_preset=&#8221;default&#8221; global_colors_info=&#8221;{}&#8221;][et_pb_column type=&#8221;4_4&#8243; _builder_version=&#8221;4.27.4&#8243; _module_preset=&#8221;default&#8221; global_colors_info=&#8221;{}&#8221;][et_pb_icon font_icon=&#8221;&#x23;||divi||400&#8243; url=&#8221;@ET-DC@eyJkeW5hbWljIjp0cnVlLCJjb250ZW50IjoicG9zdF9saW5rX3VybF9wYWdlIiwic2V0dGluZ3MiOnsicG9zdF9pZCI6IjYyMCJ9fQ==@&#8221; align=&#8221;right&#8221; _builder_version=&#8221;4.27.4&#8243; _dynamic_attributes=&#8221;url&#8221; _module_preset=&#8221;default&#8221; locked=&#8221;off&#8221; global_colors_info=&#8221;{}&#8221;][\/et_pb_icon][\/et_pb_column][\/et_pb_row][\/et_pb_section]<\/p>\n","protected":false},"excerpt":{"rendered":"<p>V\u00e1c, M\u00e1rcius 15. t\u00e9r 23.Kedd \u2013 vas\u00e1rnap: 10:00-18:00V\u00e1con, a M\u00e1rcius 15. t\u00e9r 23. sz\u00e1m alatt, a k\u00e9k sz\u00ednre festett 18. sz\u00e1zadi \u00e9p\u00fcleten egy k\u00fcl\u00f6nleges \u00fczletc\u00e9g\u00e9r tal\u00e1lhat\u00f3. Az 1718-as Althann Mih\u00e1ly [&hellip;]<\/p>\n","protected":false},"author":1,"featured_media":0,"parent":620,"menu_order":0,"comment_status":"closed","ping_status":"closed","template":"","meta":{"_et_pb_use_builder":"on","_et_pb_old_content":"","_et_gb_content_width":"","footnotes":""},"class_list":["post-491","page","type-page","status-publish","hentry"],"yoast_head":"<!-- This site is optimized with the Yoast SEO Premium plugin v27.3 (Yoast SEO v27.3) - https:\/\/yoast.com\/product\/yoast-seo-premium-wordpress\/ -->\n<title>K\u00e9k H\u00e1z \u2022 Elef\u00e1ntos H\u00e1z - TRAGOR IGN\u00c1C M\u00daZEUM \u2022 V\u00c1C<\/title>\n<meta name=\"description\" content=\"Egy m\u00fazeum, ezer \u00e9lm\u00e9ny!\" \/>\n<meta name=\"robots\" content=\"index, follow, max-snippet:-1, max-image-preview:large, max-video-preview:-1\" \/>\n<link rel=\"canonical\" href=\"https:\/\/muzeumvac.hu\/en\/osszes-helyszin\/kek-haz-elefantos-haz\/\" \/>\n<meta property=\"og:locale\" content=\"en_GB\" \/>\n<meta property=\"og:type\" content=\"article\" \/>\n<meta property=\"og:title\" content=\"K\u00e9k H\u00e1z \u2022 Elef\u00e1ntos H\u00e1z\" \/>\n<meta property=\"og:description\" content=\"Egy m\u00fazeum, ezer \u00e9lm\u00e9ny!\" \/>\n<meta property=\"og:url\" content=\"https:\/\/muzeumvac.hu\/en\/osszes-helyszin\/kek-haz-elefantos-haz\/\" \/>\n<meta property=\"og:site_name\" content=\"TRAGOR IGN\u00c1C M\u00daZEUM \u2022 V\u00c1C\" \/>\n<meta property=\"article:publisher\" content=\"https:\/\/www.facebook.com\/vac.tragorignacmuzeum\" \/>\n<meta property=\"article:modified_time\" content=\"2025-09-07T19:49:51+00:00\" \/>\n<meta name=\"twitter:card\" content=\"summary_large_image\" \/>\n<meta name=\"twitter:label1\" content=\"Estimated reading time\" \/>\n\t<meta name=\"twitter:data1\" content=\"5 minutes\" \/>\n<script type=\"application\/ld+json\" class=\"yoast-schema-graph\">{\"@context\":\"https:\\\/\\\/schema.org\",\"@graph\":[{\"@type\":\"WebPage\",\"@id\":\"https:\\\/\\\/muzeumvac.hu\\\/osszes-helyszin\\\/kek-haz-elefantos-haz\\\/\",\"url\":\"https:\\\/\\\/muzeumvac.hu\\\/osszes-helyszin\\\/kek-haz-elefantos-haz\\\/\",\"name\":\"K\u00e9k H\u00e1z \u2022 Elef\u00e1ntos H\u00e1z - TRAGOR IGN\u00c1C M\u00daZEUM \u2022 V\u00c1C\",\"isPartOf\":{\"@id\":\"https:\\\/\\\/muzeumvac.hu\\\/#website\"},\"datePublished\":\"2025-06-11T19:45:29+00:00\",\"dateModified\":\"2025-09-07T19:49:51+00:00\",\"description\":\"Egy m\u00fazeum, ezer \u00e9lm\u00e9ny!\",\"breadcrumb\":{\"@id\":\"https:\\\/\\\/muzeumvac.hu\\\/osszes-helyszin\\\/kek-haz-elefantos-haz\\\/#breadcrumb\"},\"inLanguage\":\"en-GB\",\"potentialAction\":[{\"@type\":\"ReadAction\",\"target\":[\"https:\\\/\\\/muzeumvac.hu\\\/osszes-helyszin\\\/kek-haz-elefantos-haz\\\/\"]}]},{\"@type\":\"BreadcrumbList\",\"@id\":\"https:\\\/\\\/muzeumvac.hu\\\/osszes-helyszin\\\/kek-haz-elefantos-haz\\\/#breadcrumb\",\"itemListElement\":[{\"@type\":\"ListItem\",\"position\":1,\"name\":\"Kezd\u0151lap\",\"item\":\"https:\\\/\\\/muzeumvac.hu\\\/\"},{\"@type\":\"ListItem\",\"position\":2,\"name\":\"\u00d6sszes helysz\u00edn\",\"item\":\"https:\\\/\\\/muzeumvac.hu\\\/osszes-helyszin\\\/\"},{\"@type\":\"ListItem\",\"position\":3,\"name\":\"K\u00e9k H\u00e1z \u2022 Elef\u00e1ntos H\u00e1z\"}]},{\"@type\":\"WebSite\",\"@id\":\"https:\\\/\\\/muzeumvac.hu\\\/#website\",\"url\":\"https:\\\/\\\/muzeumvac.hu\\\/\",\"name\":\"TRAGOR IGN\u00c1C M\u00daZEUM \u2022 V\u00c1C\",\"description\":\"Egy m\u00fazeum, ezer \u00e9lm\u00e9ny!\",\"publisher\":{\"@id\":\"https:\\\/\\\/muzeumvac.hu\\\/#organization\"},\"potentialAction\":[{\"@type\":\"SearchAction\",\"target\":{\"@type\":\"EntryPoint\",\"urlTemplate\":\"https:\\\/\\\/muzeumvac.hu\\\/?s={search_term_string}\"},\"query-input\":{\"@type\":\"PropertyValueSpecification\",\"valueRequired\":true,\"valueName\":\"search_term_string\"}}],\"inLanguage\":\"en-GB\"},{\"@type\":\"Organization\",\"@id\":\"https:\\\/\\\/muzeumvac.hu\\\/#organization\",\"name\":\"TRAGOR IGN\u00c1C M\u00daZEUM \u2022 V\u00c1C\",\"url\":\"https:\\\/\\\/muzeumvac.hu\\\/\",\"logo\":{\"@type\":\"ImageObject\",\"inLanguage\":\"en-GB\",\"@id\":\"https:\\\/\\\/muzeumvac.hu\\\/#\\\/schema\\\/logo\\\/image\\\/\",\"url\":\"https:\\\/\\\/muzeumvac.hu\\\/wp-content\\\/uploads\\\/2025\\\/07\\\/tragor_ignac_logo.png\",\"contentUrl\":\"https:\\\/\\\/muzeumvac.hu\\\/wp-content\\\/uploads\\\/2025\\\/07\\\/tragor_ignac_logo.png\",\"width\":161,\"height\":126,\"caption\":\"TRAGOR IGN\u00c1C M\u00daZEUM \u2022 V\u00c1C\"},\"image\":{\"@id\":\"https:\\\/\\\/muzeumvac.hu\\\/#\\\/schema\\\/logo\\\/image\\\/\"},\"sameAs\":[\"https:\\\/\\\/www.facebook.com\\\/vac.tragorignacmuzeum\",\"https:\\\/\\\/www.instagram.com\\\/tragormuzeum\",\"https:\\\/\\\/www.youtube.com\\\/@TragorIgncMzeum-vac\"]}]}<\/script>\n<!-- \/ Yoast SEO Premium plugin. -->","yoast_head_json":{"title":"K\u00e9k H\u00e1z \u2022 Elef\u00e1ntos H\u00e1z - TRAGOR IGN\u00c1C M\u00daZEUM \u2022 V\u00c1C","description":"One museum, a thousand experiences!","robots":{"index":"index","follow":"follow","max-snippet":"max-snippet:-1","max-image-preview":"max-image-preview:large","max-video-preview":"max-video-preview:-1"},"canonical":"https:\/\/muzeumvac.hu\/en\/osszes-helyszin\/kek-haz-elefantos-haz\/","og_locale":"en_GB","og_type":"article","og_title":"K\u00e9k H\u00e1z \u2022 Elef\u00e1ntos H\u00e1z","og_description":"Egy m\u00fazeum, ezer \u00e9lm\u00e9ny!","og_url":"https:\/\/muzeumvac.hu\/en\/osszes-helyszin\/kek-haz-elefantos-haz\/","og_site_name":"TRAGOR IGN\u00c1C M\u00daZEUM \u2022 V\u00c1C","article_publisher":"https:\/\/www.facebook.com\/vac.tragorignacmuzeum","article_modified_time":"2025-09-07T19:49:51+00:00","twitter_card":"summary_large_image","twitter_misc":{"Estimated reading time":"5 minutes"},"schema":{"@context":"https:\/\/schema.org","@graph":[{"@type":"WebPage","@id":"https:\/\/muzeumvac.hu\/osszes-helyszin\/kek-haz-elefantos-haz\/","url":"https:\/\/muzeumvac.hu\/osszes-helyszin\/kek-haz-elefantos-haz\/","name":"K\u00e9k H\u00e1z \u2022 Elef\u00e1ntos H\u00e1z - TRAGOR IGN\u00c1C M\u00daZEUM \u2022 V\u00c1C","isPartOf":{"@id":"https:\/\/muzeumvac.hu\/#website"},"datePublished":"2025-06-11T19:45:29+00:00","dateModified":"2025-09-07T19:49:51+00:00","description":"One museum, a thousand experiences!","breadcrumb":{"@id":"https:\/\/muzeumvac.hu\/osszes-helyszin\/kek-haz-elefantos-haz\/#breadcrumb"},"inLanguage":"en-GB","potentialAction":[{"@type":"ReadAction","target":["https:\/\/muzeumvac.hu\/osszes-helyszin\/kek-haz-elefantos-haz\/"]}]},{"@type":"BreadcrumbList","@id":"https:\/\/muzeumvac.hu\/osszes-helyszin\/kek-haz-elefantos-haz\/#breadcrumb","itemListElement":[{"@type":"ListItem","position":1,"name":"Kezd\u0151lap","item":"https:\/\/muzeumvac.hu\/"},{"@type":"ListItem","position":2,"name":"\u00d6sszes helysz\u00edn","item":"https:\/\/muzeumvac.hu\/osszes-helyszin\/"},{"@type":"ListItem","position":3,"name":"K\u00e9k H\u00e1z \u2022 Elef\u00e1ntos H\u00e1z"}]},{"@type":"WebSite","@id":"https:\/\/muzeumvac.hu\/#website","url":"https:\/\/muzeumvac.hu\/","name":"TRAGOR IGN\u00c1C M\u00daZEUM \u2022 V\u00c1C","description":"One museum, a thousand experiences!","publisher":{"@id":"https:\/\/muzeumvac.hu\/#organization"},"potentialAction":[{"@type":"SearchAction","target":{"@type":"EntryPoint","urlTemplate":"https:\/\/muzeumvac.hu\/?s={search_term_string}"},"query-input":{"@type":"PropertyValueSpecification","valueRequired":true,"valueName":"search_term_string"}}],"inLanguage":"en-GB"},{"@type":"Organization","@id":"https:\/\/muzeumvac.hu\/#organization","name":"TRAGOR IGN\u00c1C M\u00daZEUM \u2022 V\u00c1C","url":"https:\/\/muzeumvac.hu\/","logo":{"@type":"ImageObject","inLanguage":"en-GB","@id":"https:\/\/muzeumvac.hu\/#\/schema\/logo\/image\/","url":"https:\/\/muzeumvac.hu\/wp-content\/uploads\/2025\/07\/tragor_ignac_logo.png","contentUrl":"https:\/\/muzeumvac.hu\/wp-content\/uploads\/2025\/07\/tragor_ignac_logo.png","width":161,"height":126,"caption":"TRAGOR IGN\u00c1C M\u00daZEUM \u2022 V\u00c1C"},"image":{"@id":"https:\/\/muzeumvac.hu\/#\/schema\/logo\/image\/"},"sameAs":["https:\/\/www.facebook.com\/vac.tragorignacmuzeum","https:\/\/www.instagram.com\/tragormuzeum","https:\/\/www.youtube.com\/@TragorIgncMzeum-vac"]}]}},"_links":{"self":[{"href":"https:\/\/muzeumvac.hu\/en\/wp-json\/wp\/v2\/pages\/491","targetHints":{"allow":["GET"]}}],"collection":[{"href":"https:\/\/muzeumvac.hu\/en\/wp-json\/wp\/v2\/pages"}],"about":[{"href":"https:\/\/muzeumvac.hu\/en\/wp-json\/wp\/v2\/types\/page"}],"author":[{"embeddable":true,"href":"https:\/\/muzeumvac.hu\/en\/wp-json\/wp\/v2\/users\/1"}],"replies":[{"embeddable":true,"href":"https:\/\/muzeumvac.hu\/en\/wp-json\/wp\/v2\/comments?post=491"}],"version-history":[{"count":0,"href":"https:\/\/muzeumvac.hu\/en\/wp-json\/wp\/v2\/pages\/491\/revisions"}],"up":[{"embeddable":true,"href":"https:\/\/muzeumvac.hu\/en\/wp-json\/wp\/v2\/pages\/620"}],"wp:attachment":[{"href":"https:\/\/muzeumvac.hu\/en\/wp-json\/wp\/v2\/media?parent=491"}],"curies":[{"name":"wp","href":"https:\/\/api.w.org\/{rel}","templated":true}]}}