{"id":4217,"date":"2025-11-18T15:20:10","date_gmt":"2025-11-18T14:20:10","guid":{"rendered":"https:\/\/muzeumvac.hu\/?page_id=4217"},"modified":"2026-03-06T11:27:47","modified_gmt":"2026-03-06T10:27:47","slug":"gazdalkodasi-adatok","status":"publish","type":"page","link":"https:\/\/muzeumvac.hu\/en\/gazdalkodasi-adatok\/","title":{"rendered":"Gazd\u00e1lkod\u00e1si adatok"},"content":{"rendered":"<p>[et_pb_section fb_built=&#8221;1&#8243; _builder_version=&#8221;4.27.4&#8243; _module_preset=&#8221;default&#8221; global_colors_info=&#8221;{}&#8221;][et_pb_row _builder_version=&#8221;4.27.4&#8243; _module_preset=&#8221;default&#8221; global_colors_info=&#8221;{}&#8221;][et_pb_column type=&#8221;4_4&#8243; _builder_version=&#8221;4.27.4&#8243; _module_preset=&#8221;default&#8221; global_colors_info=&#8221;{}&#8221;][et_pb_text _builder_version=&#8221;4.27.6&#8243; _module_preset=&#8221;default&#8221; hover_enabled=&#8221;0&#8243; global_colors_info=&#8221;{}&#8221; sticky_enabled=&#8221;0&#8243;]<\/p>\n<p><a href=\"https:\/\/muzeumvac.hu\/wp-content\/uploads\/2025\/11\/2013_evi_beszamolo.pdf\" rel=\"attachment wp-att-4199\"><\/a><a href=\"https:\/\/muzeumvac.hu\/wp-content\/uploads\/2025\/11\/2013_evi_beszamolo.pdf\" rel=\"attachment wp-att-4199\"><\/a><\/p>\n<p><a href=\"https:\/\/muzeumvac.hu\/wp-content\/uploads\/2025\/11\/2013_evi_beszamolo.pdf\" rel=\"attachment wp-att-4199\">2013. \u00e9vi besz\u00e1mol\u00f3<\/a><\/p>\n<p><a href=\"https:\/\/muzeumvac.hu\/wp-content\/uploads\/2025\/11\/2013_evi_elemi_koltsegvetes.pdf\" rel=\"attachment wp-att-4236\">2013. \u00e9vi elemi k\u00f6lts\u00e9gvet\u00e9s<\/a><\/p>\n<p><a href=\"https:\/\/muzeumvac.hu\/wp-content\/uploads\/2025\/11\/2014_evi_beszamolo.pdf\" rel=\"attachment wp-att-4237\">2014 \u00e9vi besz\u00e1mol\u00f3<\/a><\/p>\n<p><a href=\"https:\/\/muzeumvac.hu\/wp-content\/uploads\/2025\/11\/2014_evi_elemi_koltsegvetes.pdf\" rel=\"attachment wp-att-4238\">2014 \u00e9vi elemi k\u00f6lts\u00e9gvet\u00e9s<\/a><\/p>\n<p><a href=\"https:\/\/muzeumvac.hu\/wp-content\/uploads\/2025\/11\/2015_evi_elemi_koltsegvetes.pdf\" rel=\"attachment wp-att-4240\">2015. \u00e9vi elemi k\u00f6lts\u00e9gvet\u00e9s<\/a><\/p>\n<p><a href=\"https:\/\/muzeumvac.hu\/wp-content\/uploads\/2025\/11\/Eves_koltsegvetesi_beszamolo_TIM_2015.pdf\" rel=\"attachment wp-att-4257\">2015 \u00e9ves k\u00f6lts\u00e9gvet\u00e9si besz\u00e1mol\u00f3<\/a><\/p>\n<p><a href=\"https:\/\/muzeumvac.hu\/wp-content\/uploads\/2025\/11\/Elemi_koltsegvetes_TIM_2016.pdf\" rel=\"attachment wp-att-4254\">2016 elemi k\u00f6lts\u00e9gvet\u00e9s<\/a><\/p>\n<p><a href=\"https:\/\/muzeumvac.hu\/wp-content\/uploads\/2025\/11\/Eves_koltsegvetesi_beszamolo_TIM_2016.pdf\" rel=\"attachment wp-att-4258\">2016 \u00e9ves k\u00f6lts\u00e9gvet\u00e9si besz\u00e1mol\u00f3<\/a><\/p>\n<p><a href=\"https:\/\/muzeumvac.hu\/wp-content\/uploads\/2025\/11\/Elemi_koltsegvetes_TIM_2017.pdf\" rel=\"attachment wp-att-4255\">2017 elemi k\u00f6lts\u00e9gvet\u00e9s<\/a><\/p>\n<p><a href=\"https:\/\/muzeumvac.hu\/wp-content\/uploads\/2025\/11\/Eves_koltsegvetesi_beszamolo_TIM_2017.pdf\" rel=\"attachment wp-att-4259\">2017 \u00e9ves k\u00f6lts\u00e9gvet\u00e9si besz\u00e1mol\u00f3<\/a><\/p>\n<p><a href=\"https:\/\/muzeumvac.hu\/wp-content\/uploads\/2025\/11\/Elemi_koltsegvetes_TIM_2018.pdf\" rel=\"attachment wp-att-4256\">2018 elemi k\u00f6lts\u00e9gvet\u00e9s<\/a><\/p>\n<p><a href=\"https:\/\/muzeumvac.hu\/wp-content\/uploads\/2025\/11\/TIM-2019._kolts.beszamolo.pdf\" rel=\"attachment wp-att-4263\">2019 \u00e9vi k\u00f6lts\u00e9gvet\u00e9si besz\u00e1mol\u00f3<\/a><\/p>\n<p><a href=\"https:\/\/muzeumvac.hu\/wp-content\/uploads\/2025\/11\/TIM-2019._merlegjelentes.pdf\" rel=\"attachment wp-att-4264\">2019 \u00e9vi m\u00e9rlegjelent\u00e9s<\/a><\/p>\n<p><a href=\"https:\/\/muzeumvac.hu\/wp-content\/uploads\/2025\/11\/2020_Eves_koltsegvetesi_beszamolo.pdf\" rel=\"attachment wp-att-4241\">2020. \u00e9ves k\u00f6lts\u00e9gvet\u00e9s besz\u00e1mol\u00f3<\/a><\/p>\n<p><a href=\"https:\/\/muzeumvac.hu\/wp-content\/uploads\/2025\/11\/2020_Eves_merlegjelentes.pdf\" rel=\"attachment wp-att-4243\">2020. \u00e9ves m\u00e9rlegjelent\u00e9s<\/a><\/p>\n<p><a href=\"https:\/\/muzeumvac.hu\/wp-content\/uploads\/2025\/11\/2021.evi_elemi_koltsegvetes.pdf\" rel=\"attachment wp-att-4244\">2021. \u00e9vi elemi k\u00f6lts\u00e9gvet\u00e9s<\/a><\/p>\n<p><a href=\"https:\/\/muzeumvac.hu\/wp-content\/uploads\/2025\/11\/2021.evi_merlegjelentes.pdf\" rel=\"attachment wp-att-4245\">2021. \u00e9vi m\u00e9rlegjelent\u00e9s<\/a><\/p>\n<p><a href=\"https:\/\/muzeumvac.hu\/wp-content\/uploads\/2025\/11\/2021_Eves_koltsegvetesi_beszamolo.pdf\" rel=\"attachment wp-att-4246\">2021. \u00e9ves k\u00f6lts\u00e9gvet\u00e9si besz\u00e1mol\u00f3<\/a><\/p>\n<p><a href=\"https:\/\/muzeumvac.hu\/wp-content\/uploads\/2025\/11\/2022.evi_merlegjelentes.pdf\" rel=\"attachment wp-att-4247\">2022. \u00e9vi m\u00e9rlegjelent\u00e9s<\/a><\/p>\n<p><a href=\"https:\/\/muzeumvac.hu\/wp-content\/uploads\/2025\/11\/2022_Eves_koltsegvetesi_beszamolo.pdf\" rel=\"attachment wp-att-4249\">2022. \u00e9vi k\u00f6lts\u00e9gvet\u00e9si besz\u00e1mol\u00f3<\/a><\/p>\n<p><a href=\"https:\/\/muzeumvac.hu\/wp-content\/uploads\/2025\/11\/2022_Elemi_koltsegvetes.pdf\" rel=\"attachment wp-att-4248\">2022 \u00e9vi elemi k\u00f6lts\u00e9gvet\u00e9s<\/a><\/p>\n<p><a href=\"https:\/\/muzeumvac.hu\/wp-content\/uploads\/2025\/11\/2023_Eves_koltsegvetesi_beszamolo_TIM.pdf\" rel=\"attachment wp-att-4250\">2023 \u00e9ves k\u00f6lts\u00e9gvet\u00e9si besz\u00e1mol\u00f3<\/a><\/p>\n<p><a href=\"https:\/\/muzeumvac.hu\/wp-content\/uploads\/2025\/11\/Elemi_koltsegvetes_2023.pdf\" rel=\"attachment wp-att-4253\">2023 elemi k\u00f6lts\u00e9gvet\u00e9s<\/a><\/p>\n<p><a href=\"https:\/\/muzeumvac.hu\/wp-content\/uploads\/2025\/11\/2024-evi-ktgvetes-tervezes.pdf\" rel=\"attachment wp-att-4251\">2024 \u00e9vi k\u00f6lts\u00e9gvet\u00e9s tervez\u00e9s<\/a><\/p>\n<p><a href=\"https:\/\/muzeumvac.hu\/wp-content\/uploads\/2025\/11\/TIM_Eves_koltsegvetesi_beszamolo_2024.pdf\" rel=\"attachment wp-att-4261\">2024 \u00e9vi k\u00f6lts\u00e9gvet\u00e9si besz\u00e1mol\u00f3<\/a><\/p>\n<p><a href=\"https:\/\/muzeumvac.hu\/wp-content\/uploads\/2025\/11\/TIM_Merlegjelentes_2024.pdf\" rel=\"attachment wp-att-4262\">2024 m\u00e9rlegjelent\u00e9s<\/a><a href=\"https:\/\/muzeumvac.hu\/wp-content\/uploads\/2025\/11\/Elemi_koltsegvetes_TIM_2017.pdf\" rel=\"attachment wp-att-4255\"><\/a><\/p>\n<p><a href=\"https:\/\/muzeumvac.hu\/wp-content\/uploads\/2025\/11\/TIM_2025._evi_koltsegvetes.pdf\" rel=\"attachment wp-att-4260\">2025. \u00e9vi k\u00f6lts\u00e9gvet\u00e9s<\/a><\/p>\n<p><a href=\"https:\/\/muzeumvac.hu\/wp-content\/uploads\/2026\/03\/TIM-2026.Koltsegvetes.pdf\" rel=\"attachment wp-att-6028\">2026. \u00e9vi k\u00f6lts\u00e9gvet\u00e9s<\/a><\/p>\n<p>[\/et_pb_text][\/et_pb_column][\/et_pb_row][\/et_pb_section]<\/p>\n","protected":false},"excerpt":{"rendered":"<p>2013. \u00e9vi besz\u00e1mol\u00f3 2013. \u00e9vi elemi k\u00f6lts\u00e9gvet\u00e9s 2014 \u00e9vi besz\u00e1mol\u00f3 2014 \u00e9vi elemi k\u00f6lts\u00e9gvet\u00e9s 2015. \u00e9vi elemi k\u00f6lts\u00e9gvet\u00e9s 2015 \u00e9ves k\u00f6lts\u00e9gvet\u00e9si besz\u00e1mol\u00f3 2016 elemi k\u00f6lts\u00e9gvet\u00e9s 2016 \u00e9ves k\u00f6lts\u00e9gvet\u00e9si besz\u00e1mol\u00f3 2017 [&hellip;]<\/p>\n","protected":false},"author":1,"featured_media":0,"parent":0,"menu_order":0,"comment_status":"closed","ping_status":"closed","template":"","meta":{"_et_pb_use_builder":"on","_et_pb_old_content":"<!-- wp:divi\/placeholder \/-->","_et_gb_content_width":"","footnotes":""},"class_list":["post-4217","page","type-page","status-publish","hentry"],"yoast_head":"<!-- This site is optimized with the Yoast SEO Premium plugin v27.3 (Yoast SEO v27.3) - https:\/\/yoast.com\/product\/yoast-seo-premium-wordpress\/ -->\n<title>Gazd\u00e1lkod\u00e1si adatok - TRAGOR IGN\u00c1C M\u00daZEUM \u2022 V\u00c1C<\/title>\n<meta name=\"description\" content=\"Egy m\u00fazeum, ezer \u00e9lm\u00e9ny!\" \/>\n<meta name=\"robots\" content=\"index, follow, max-snippet:-1, max-image-preview:large, max-video-preview:-1\" \/>\n<link rel=\"canonical\" href=\"https:\/\/muzeumvac.hu\/en\/gazdalkodasi-adatok\/\" \/>\n<meta property=\"og:locale\" content=\"en_GB\" \/>\n<meta property=\"og:type\" content=\"article\" \/>\n<meta property=\"og:title\" content=\"Gazd\u00e1lkod\u00e1si adatok\" \/>\n<meta property=\"og:description\" content=\"Egy m\u00fazeum, ezer \u00e9lm\u00e9ny!\" \/>\n<meta property=\"og:url\" content=\"https:\/\/muzeumvac.hu\/en\/gazdalkodasi-adatok\/\" \/>\n<meta property=\"og:site_name\" content=\"TRAGOR IGN\u00c1C M\u00daZEUM \u2022 V\u00c1C\" \/>\n<meta property=\"article:publisher\" content=\"https:\/\/www.facebook.com\/vac.tragorignacmuzeum\" \/>\n<meta property=\"article:modified_time\" content=\"2026-03-06T10:27:47+00:00\" \/>\n<meta name=\"twitter:card\" content=\"summary_large_image\" \/>\n<script type=\"application\/ld+json\" class=\"yoast-schema-graph\">{\"@context\":\"https:\\\/\\\/schema.org\",\"@graph\":[{\"@type\":\"WebPage\",\"@id\":\"https:\\\/\\\/muzeumvac.hu\\\/gazdalkodasi-adatok\\\/\",\"url\":\"https:\\\/\\\/muzeumvac.hu\\\/gazdalkodasi-adatok\\\/\",\"name\":\"Gazd\u00e1lkod\u00e1si adatok - TRAGOR IGN\u00c1C M\u00daZEUM \u2022 V\u00c1C\",\"isPartOf\":{\"@id\":\"https:\\\/\\\/muzeumvac.hu\\\/#website\"},\"datePublished\":\"2025-11-18T14:20:10+00:00\",\"dateModified\":\"2026-03-06T10:27:47+00:00\",\"description\":\"Egy m\u00fazeum, ezer \u00e9lm\u00e9ny!\",\"breadcrumb\":{\"@id\":\"https:\\\/\\\/muzeumvac.hu\\\/gazdalkodasi-adatok\\\/#breadcrumb\"},\"inLanguage\":\"en-GB\",\"potentialAction\":[{\"@type\":\"ReadAction\",\"target\":[\"https:\\\/\\\/muzeumvac.hu\\\/gazdalkodasi-adatok\\\/\"]}]},{\"@type\":\"BreadcrumbList\",\"@id\":\"https:\\\/\\\/muzeumvac.hu\\\/gazdalkodasi-adatok\\\/#breadcrumb\",\"itemListElement\":[{\"@type\":\"ListItem\",\"position\":1,\"name\":\"Kezd\u0151lap\",\"item\":\"https:\\\/\\\/muzeumvac.hu\\\/\"},{\"@type\":\"ListItem\",\"position\":2,\"name\":\"Gazd\u00e1lkod\u00e1si adatok\"}]},{\"@type\":\"WebSite\",\"@id\":\"https:\\\/\\\/muzeumvac.hu\\\/#website\",\"url\":\"https:\\\/\\\/muzeumvac.hu\\\/\",\"name\":\"TRAGOR IGN\u00c1C M\u00daZEUM \u2022 V\u00c1C\",\"description\":\"Egy m\u00fazeum, ezer \u00e9lm\u00e9ny!\",\"publisher\":{\"@id\":\"https:\\\/\\\/muzeumvac.hu\\\/#organization\"},\"potentialAction\":[{\"@type\":\"SearchAction\",\"target\":{\"@type\":\"EntryPoint\",\"urlTemplate\":\"https:\\\/\\\/muzeumvac.hu\\\/?s={search_term_string}\"},\"query-input\":{\"@type\":\"PropertyValueSpecification\",\"valueRequired\":true,\"valueName\":\"search_term_string\"}}],\"inLanguage\":\"en-GB\"},{\"@type\":\"Organization\",\"@id\":\"https:\\\/\\\/muzeumvac.hu\\\/#organization\",\"name\":\"TRAGOR IGN\u00c1C M\u00daZEUM \u2022 V\u00c1C\",\"url\":\"https:\\\/\\\/muzeumvac.hu\\\/\",\"logo\":{\"@type\":\"ImageObject\",\"inLanguage\":\"en-GB\",\"@id\":\"https:\\\/\\\/muzeumvac.hu\\\/#\\\/schema\\\/logo\\\/image\\\/\",\"url\":\"https:\\\/\\\/muzeumvac.hu\\\/wp-content\\\/uploads\\\/2025\\\/07\\\/tragor_ignac_logo.png\",\"contentUrl\":\"https:\\\/\\\/muzeumvac.hu\\\/wp-content\\\/uploads\\\/2025\\\/07\\\/tragor_ignac_logo.png\",\"width\":161,\"height\":126,\"caption\":\"TRAGOR IGN\u00c1C M\u00daZEUM \u2022 V\u00c1C\"},\"image\":{\"@id\":\"https:\\\/\\\/muzeumvac.hu\\\/#\\\/schema\\\/logo\\\/image\\\/\"},\"sameAs\":[\"https:\\\/\\\/www.facebook.com\\\/vac.tragorignacmuzeum\",\"https:\\\/\\\/www.instagram.com\\\/tragormuzeum\",\"https:\\\/\\\/www.youtube.com\\\/@TragorIgncMzeum-vac\"]}]}<\/script>\n<!-- \/ Yoast SEO Premium plugin. -->","yoast_head_json":{"title":"Gazd\u00e1lkod\u00e1si adatok - TRAGOR IGN\u00c1C M\u00daZEUM \u2022 V\u00c1C","description":"One museum, a thousand experiences!","robots":{"index":"index","follow":"follow","max-snippet":"max-snippet:-1","max-image-preview":"max-image-preview:large","max-video-preview":"max-video-preview:-1"},"canonical":"https:\/\/muzeumvac.hu\/en\/gazdalkodasi-adatok\/","og_locale":"en_GB","og_type":"article","og_title":"Gazd\u00e1lkod\u00e1si adatok","og_description":"Egy m\u00fazeum, ezer \u00e9lm\u00e9ny!","og_url":"https:\/\/muzeumvac.hu\/en\/gazdalkodasi-adatok\/","og_site_name":"TRAGOR IGN\u00c1C M\u00daZEUM \u2022 V\u00c1C","article_publisher":"https:\/\/www.facebook.com\/vac.tragorignacmuzeum","article_modified_time":"2026-03-06T10:27:47+00:00","twitter_card":"summary_large_image","schema":{"@context":"https:\/\/schema.org","@graph":[{"@type":"WebPage","@id":"https:\/\/muzeumvac.hu\/gazdalkodasi-adatok\/","url":"https:\/\/muzeumvac.hu\/gazdalkodasi-adatok\/","name":"Gazd\u00e1lkod\u00e1si adatok - TRAGOR IGN\u00c1C M\u00daZEUM \u2022 V\u00c1C","isPartOf":{"@id":"https:\/\/muzeumvac.hu\/#website"},"datePublished":"2025-11-18T14:20:10+00:00","dateModified":"2026-03-06T10:27:47+00:00","description":"One museum, a thousand experiences!","breadcrumb":{"@id":"https:\/\/muzeumvac.hu\/gazdalkodasi-adatok\/#breadcrumb"},"inLanguage":"en-GB","potentialAction":[{"@type":"ReadAction","target":["https:\/\/muzeumvac.hu\/gazdalkodasi-adatok\/"]}]},{"@type":"BreadcrumbList","@id":"https:\/\/muzeumvac.hu\/gazdalkodasi-adatok\/#breadcrumb","itemListElement":[{"@type":"ListItem","position":1,"name":"Kezd\u0151lap","item":"https:\/\/muzeumvac.hu\/"},{"@type":"ListItem","position":2,"name":"Gazd\u00e1lkod\u00e1si adatok"}]},{"@type":"WebSite","@id":"https:\/\/muzeumvac.hu\/#website","url":"https:\/\/muzeumvac.hu\/","name":"TRAGOR IGN\u00c1C M\u00daZEUM \u2022 V\u00c1C","description":"One museum, a thousand experiences!","publisher":{"@id":"https:\/\/muzeumvac.hu\/#organization"},"potentialAction":[{"@type":"SearchAction","target":{"@type":"EntryPoint","urlTemplate":"https:\/\/muzeumvac.hu\/?s={search_term_string}"},"query-input":{"@type":"PropertyValueSpecification","valueRequired":true,"valueName":"search_term_string"}}],"inLanguage":"en-GB"},{"@type":"Organization","@id":"https:\/\/muzeumvac.hu\/#organization","name":"TRAGOR IGN\u00c1C M\u00daZEUM \u2022 V\u00c1C","url":"https:\/\/muzeumvac.hu\/","logo":{"@type":"ImageObject","inLanguage":"en-GB","@id":"https:\/\/muzeumvac.hu\/#\/schema\/logo\/image\/","url":"https:\/\/muzeumvac.hu\/wp-content\/uploads\/2025\/07\/tragor_ignac_logo.png","contentUrl":"https:\/\/muzeumvac.hu\/wp-content\/uploads\/2025\/07\/tragor_ignac_logo.png","width":161,"height":126,"caption":"TRAGOR IGN\u00c1C M\u00daZEUM \u2022 V\u00c1C"},"image":{"@id":"https:\/\/muzeumvac.hu\/#\/schema\/logo\/image\/"},"sameAs":["https:\/\/www.facebook.com\/vac.tragorignacmuzeum","https:\/\/www.instagram.com\/tragormuzeum","https:\/\/www.youtube.com\/@TragorIgncMzeum-vac"]}]}},"_links":{"self":[{"href":"https:\/\/muzeumvac.hu\/en\/wp-json\/wp\/v2\/pages\/4217","targetHints":{"allow":["GET"]}}],"collection":[{"href":"https:\/\/muzeumvac.hu\/en\/wp-json\/wp\/v2\/pages"}],"about":[{"href":"https:\/\/muzeumvac.hu\/en\/wp-json\/wp\/v2\/types\/page"}],"author":[{"embeddable":true,"href":"https:\/\/muzeumvac.hu\/en\/wp-json\/wp\/v2\/users\/1"}],"replies":[{"embeddable":true,"href":"https:\/\/muzeumvac.hu\/en\/wp-json\/wp\/v2\/comments?post=4217"}],"version-history":[{"count":10,"href":"https:\/\/muzeumvac.hu\/en\/wp-json\/wp\/v2\/pages\/4217\/revisions"}],"predecessor-version":[{"id":6030,"href":"https:\/\/muzeumvac.hu\/en\/wp-json\/wp\/v2\/pages\/4217\/revisions\/6030"}],"wp:attachment":[{"href":"https:\/\/muzeumvac.hu\/en\/wp-json\/wp\/v2\/media?parent=4217"}],"curies":[{"name":"wp","href":"https:\/\/api.w.org\/{rel}","templated":true}]}}