{"id":4054,"date":"2025-10-12T19:47:49","date_gmt":"2025-10-12T17:47:49","guid":{"rendered":"https:\/\/muzeumvac.hu\/?page_id=4054"},"modified":"2025-10-12T19:57:58","modified_gmt":"2025-10-12T17:57:58","slug":"kutatasi-szabalyzat","status":"publish","type":"page","link":"https:\/\/muzeumvac.hu\/en\/kutatasi-szabalyzat\/","title":{"rendered":"Kutat\u00e1si szab\u00e1lyzat"},"content":{"rendered":"<p>[et_pb_section fb_built=&#8221;1&#8243; theme_builder_area=&#8221;post_content&#8221; _builder_version=&#8221;4.27.4&#8243; _module_preset=&#8221;default&#8221;][et_pb_row _builder_version=&#8221;4.27.4&#8243; _module_preset=&#8221;default&#8221; theme_builder_area=&#8221;post_content&#8221;][et_pb_column _builder_version=&#8221;4.27.4&#8243; _module_preset=&#8221;default&#8221; type=&#8221;4_4&#8243; theme_builder_area=&#8221;post_content&#8221;][et_pb_text _builder_version=&#8221;4.27.4&#8243; _module_preset=&#8221;default&#8221; theme_builder_area=&#8221;post_content&#8221; hover_enabled=&#8221;0&#8243; sticky_enabled=&#8221;0&#8243;]<\/p>\n<p><b>A Tragor Ign\u00e1c M\u00fazeum kutat\u00e1si szab\u00e1lyzata<\/b><\/p>\n<p>A 47\/2001. (III. 27) Korm. rendelet \u00e9rtelm\u00e9ben a Tragor Ign\u00e1c M\u00fazeumban \u0151rz\u00f6tt kultur\u00e1lis javak, illetve az e javakra vonatkoz\u00f3 dokument\u00e1ci\u00f3ban tal\u00e1lhat\u00f3 szakmai alapadatok, inform\u00e1ci\u00f3k az al\u00e1bbiakban r\u00f6gz\u00edtett felt\u00e9telek mellett kutathat\u00f3k:<\/p>\n<p>1. A kutat\u00e1s d\u00edjmentes.<\/p>\n<p>2. A jelen szab\u00e1lyzatot a kutat\u00e1si enged\u00e9lyk\u00e9r\u00e9st megel\u0151z\u0151en ismertetni kell a k\u00e9relmez\u0151vel. A k\u00e9relmez\u0151 \u00edr\u00e1sban, a m\u00fazeum igazgat\u00f3j\u00e1t\u00f3l k\u00e9r enged\u00e9lyt a jelen szab\u00e1lyzat\u00e1t mell\u00e9klet\u00e9t k\u00e9pez\u0151, Kutat\u00e1si enged\u00e9lyk\u00e9r\u00e9s c\u00edm\u0171 nyomtatv\u00e1ny kit\u00f6lt\u00e9s\u00e9vel. A k\u00e9relemnek tartalmaznia kell a k\u00e9relmez\u0151 term\u00e9szetes vagy jogi szem\u00e9ly (illetve k\u00e9pvisel\u0151je) nev\u00e9t, lakc\u00edm\u00e9t, sz\u00e9khely\u00e9t, szem\u00e9lyi igazolv\u00e1ny\u00e1nak (nem magyar \u00e1llampolg\u00e1r eset\u00e9n \u00fatlevel\u00e9nek) sz\u00e1m\u00e1t, a kutat\u00e1s c\u00e9lj\u00e1t, tervezett id\u0151tartam\u00e1t, a kutatand\u00f3 t\u00e9m\u00e1t \u00e9s korszakhat\u00e1rait, valamint a k\u00e9relmez\u0151 nyilatkozat\u00e1t jelen szab\u00e1lyzat, valamint a szerz\u0151i jogra vonatkoz\u00f3 rendelkez\u00e9sek ismeret\u00e9r\u0151l \u00e9s megtart\u00e1s\u00e1r\u00f3l.<\/p>\n<p>3. Az enged\u00e9ly megad\u00e1s\u00e1r\u00f3l vagy elutas\u00edt\u00e1s\u00e1r\u00f3l a v\u00e9lem\u00e9ny figyelembe v\u00e9tel\u00e9vel a m\u00fazeumigazgat\u00f3 15 napon bel\u00fcl d\u00f6nt. Az enged\u00e9lyk\u00e9r\u00e9s elutas\u00edt\u00e1s\u00e1t \u00edr\u00e1sban kell indokolni. Az enged\u00e9ly megtagad\u00e1s\u00e1t k\u00f6vet\u0151en a k\u00e9relmez\u0151 b\u00edr\u00f3s\u00e1ghoz fordulhat.<\/p>\n<p>4. A kutat\u00e1si enged\u00e9ly az enged\u00e9lyben megjel\u00f6lt t\u00e9m\u00e1ra, korszakhat\u00e1rok k\u00f6z\u00f6tt, a m\u00fazeumigazgat\u00f3 \u00e1ltal meghat\u00e1rozott id\u0151tartamra \u2013 egy \u00e9vre \u2013 sz\u00f3l. A lej\u00e1rt enged\u00e9ly a kutat\u00f3 \u00fajabb k\u00e9r\u00e9s\u00e9re meghosszabb\u00edthat\u00f3. A kutat\u00f3 az enged\u00e9ly alapj\u00e1n ki\u00e1ll\u00edtott l\u00e1togat\u00f3jegyet kap, amelyet a kutat\u00f3terembe val\u00f3 bel\u00e9p\u00e9sn\u00e9l fel kell mutatnia.<\/p>\n<p>5. A m\u00fazeumigazgat\u00f3 elutas\u00edthatja az enged\u00e9lyk\u00e9r\u00e9st, ha:<\/p>\n<p style=\"padding-left: 40px;\">a) a tev\u00e9kenys\u00e9g vagy annak m\u00f3dja k\u00f6zvetlen\u00fcl vesz\u00e9lyeztetn\u00e9 a k\u00e9rd\u00e9ses kultur\u00e1lis javak \u00e1llapot\u00e1t, \u00e9ps\u00e9g\u00e9t,<br \/>b) az enged\u00e9lyt k\u00e9r\u0151, kor\u00e1bbi kutat\u00e1sai sor\u00e1n \u2013 a kultur\u00e1lis javakat vesz\u00e9lyeztetve \u2013 megszegte a kutat\u00e1si szab\u00e1lyokat,<br \/>c) az \u00e9rintett javak nyilv\u00e1ntart\u00e1sba v\u00e9tele m\u00e9g nem t\u00f6rt\u00e9nt meg,<br \/>d) 5 \u00e9vn\u00e9l nem r\u00e9gebben ker\u00fcltek (\u00e1sat\u00e1s vagy gy\u0171jtem\u00e9nyez\u00e9s r\u00e9v\u00e9n) a muze\u00e1lis int\u00e9zm\u00e9ny nyilv\u00e1ntart\u00e1s\u00e1ba \u00e9s nyilv\u00e1noss\u00e1g el\u00e9 t\u00e1r\u00e1suk m\u00e9g nem t\u00f6rt\u00e9nt meg,<br \/>e) k\u00f6zz\u00e9t\u00e9tel\u00fckh\u00f6z k\u00fcl\u00f6n\u00f6s int\u00e9zm\u00e9nyi \u00e9rdek f\u0171z\u0151dik,<br \/>f) feldolgoz\u00e1suk, tudom\u00e1nyos vagy k\u00f6zm\u0171vel\u0151d\u00e9si c\u00e9l\u00fa felhaszn\u00e1l\u00e1suk az int\u00e9zm\u00e9ny vagy int\u00e9zm\u00e9nyi egys\u00e9g \u00e9ves kutat\u00e1si, ki\u00e1ll\u00edt\u00e1si terv\u00e9ben szerepel,<br \/>g) restaur\u00e1l\u00e1s, konzerv\u00e1l\u00e1s, prepar\u00e1l\u00e1s alatt \u00e1llnak, vagy ki\u00e1ll\u00edt\u00e1son szerepelnek.<\/p>\n<p>6. Az 5. \u00a7. a) \u00e9s b) pont megjel\u00f6lt eseteiben a m\u00fazeumigazgat\u00f3 a m\u00e1r kor\u00e1bban kiadott kutat\u00e1si enged\u00e9lyt visszavonhatja.<\/p>\n<p>7. Az 5. \u00a7 megjel\u00f6lt eseteiben a m\u00fazeumigazgat\u00f3nak jog\u00e1ban \u00e1ll, hogy az eredeti kultur\u00e1lis javak helyett azoknak \u2013 az int\u00e9zm\u00e9ny rendelkez\u00e9s\u00e9re \u00e1ll\u00f3 \u2013 m\u00e1solat\u00e1t vagy dokument\u00e1ci\u00f3j\u00e1t bocs\u00e1ssa a kutat\u00f3 rendelkez\u00e9s\u00e9re.<\/p>\n<p>8. A kultur\u00e1lis javak dokument\u00e1ci\u00f3j\u00e1b\u00f3l a kutat\u00f3k rendelkez\u00e9s\u00e9re bocs\u00e1that\u00f3 szakmai alapadatok:<\/p>\n<p style=\"padding-left: 80px;\">a) azonos\u00edt\u00f3 adatok:<\/p>\n<p style=\"padding-left: 120px;\">\u2013 int\u00e9zm\u00e9ny<br \/>\u2013 gy\u0171jtem\u00e9ny<br \/>\u2013 lelt\u00e1ri sz\u00e1m (jelzet)<\/p>\n<p style=\"padding-left: 80px;\">b) megnevez\u00e9s (c\u00edm)<br \/>c) a le\u00edr\u00e1s, haszn\u00e1lat, tartalom adatai, f\u00f6ldrajzi, t\u00e1rsadalmi k\u00f6r\u00fclm\u00e9nyek stb.<br \/>d) keletkez\u00e9s, k\u00e9sz\u00edt\u00e9s k\u00f6r\u00fclm\u00e9nyei, ideje, k\u00e9sz\u00edt\u0151 (m\u0171hely) stb.<br \/>e) kor meghat\u00e1roz\u00e1sa \u00e9s annak m\u00f3dja<br \/>f) anyag, technika, k\u00e9sz\u00edt\u00e9si m\u00f3d<br \/>g) m\u00e9ret, terjedelem.<\/p>\n<p>9. Az al\u00e1bbi speci\u00e1lis esetekben az enged\u00e9lyez\u00e9s el\u0151felt\u00e9telek\u00e9nt figyelembe veend\u0151k a k\u00f6vetkez\u0151 kik\u00f6t\u00e9sek:<br \/>a) A muze\u00e1lis int\u00e9zm\u00e9nyben \u0151rz\u00f6tt maradand\u00f3 \u00e9rt\u00e9k\u0171 iratok kutat\u00e1s\u00e1nak enged\u00e9lyez\u00e9sekor a k\u00f6zokiratokr\u00f3l, a k\u00f6zlev\u00e9lt\u00e1rakr\u00f3l \u00e9s mag\u00e1nlev\u00e9lt\u00e1ri anyag v\u00e9delm\u00e9r\u0151l sz\u00f3l\u00f3 1995. \u00e9vi LXVI. t\u00f6rv\u00e9ny vonatkoz\u00f3 rendelkez\u00e9seit is figyelembe kell venni.<br \/>b) Ha a kutat\u00e1s t\u00e1rgya r\u00e9g\u00e9szeti lelet, az enged\u00e9ly kiad\u00e1s\u00e1nak el\u0151felt\u00e9tele a felt\u00e1r\u00e1st v\u00e9gz\u0151 r\u00e9g\u00e9sz j\u00f3v\u00e1hagy\u00e1sa.<br \/>c) Az \u00e9l\u0151 m\u0171v\u00e9szt\u0151l, illetve hagyat\u00e9kb\u00f3l, aj\u00e1nd\u00e9koz\u00e1sb\u00f3l sz\u00e1rmaz\u00f3 kultur\u00e1lis javakra vagy dokument\u00e1ci\u00f3jukra vonatkoz\u00f3 kutat\u00e1st a javak m\u00fazeumi int\u00e9zm\u00e9nynek t\u00f6rt\u00e9nt \u00e1tad\u00e1sakor k\u00f6t\u00f6tt szerz\u0151d\u00e9s korl\u00e1tozhatja. Az enged\u00e9lyk\u00e9r\u00e9s elb\u00edr\u00e1l\u00e1sa sor\u00e1n a szerz\u0151d\u00e9s el\u0151\u00edr\u00e1sai ir\u00e1nyad\u00f3k.<br \/>d) A muze\u00e1lis int\u00e9zm\u00e9nyben let\u00e9tk\u00e9nt \u0151rz\u00f6tt kultur\u00e1lis javak vagy azok dokument\u00e1ci\u00f3j\u00e1nak a 8 \u00a7. alatt felsorolt alapadataira abban az esetben adhat\u00f3 kutat\u00e1si enged\u00e9ly, ha a let\u00e9ti szerz\u0151d\u00e9s a m\u00fazeumi int\u00e9zm\u00e9nyen k\u00edv\u00fcli kutat\u00f3k sz\u00e1m\u00e1ra lehet\u0151v\u00e9 tette a kutat\u00e1st. Egy\u00e9b, a muze\u00e1lis int\u00e9zm\u00e9nyben nem saj\u00e1t t\u00f6rzsanyagk\u00e9nt \u0151rz\u00f6tt kultur\u00e1lis javak (szak\u00e9rt\u0151i v\u00e9lem\u00e9nyez\u00e9sre vagy restaur\u00e1l\u00e1sra, illetve b\u00edr\u00f3s\u00e1gi vagy hat\u00f3s\u00e1gi megkeres\u00e9sre \u00e1tvett anyag stb.) vagy dokument\u00e1ci\u00f3juknak a 8. \u00a7 alatt felsorolt alapadatai csak abban az esetben kutathat\u00f3k, ha az \u00e1tv\u00e9telkor k\u00f6t\u00f6tt szerz\u0151d\u00e9s, vagy ennek hi\u00e1ny\u00e1ban a tulajdonos erre kifejezetten felhatalmaz\u00e1st ad.<\/p>\n<p>10. Kutat\u00e1si napl\u00f3t kell vezetni, amelynek kutat\u00e1si naponk\u00e9nt tartalmaznia kell a kutat\u00f3k nev\u00e9t, kutat\u00e1si enged\u00e9ly\u00fck sz\u00e1m\u00e1t, a kutat\u00e1sra \u00e1tadott dokumentumok, kultur\u00e1lis javak lelt\u00e1ri sz\u00e1m\u00e1t (jelzet\u00e9t).<\/p>\n<p>11. A kutat\u00e1si enged\u00e9ly a kutat\u00f3t feljogos\u00edtja a kutat\u00e1s t\u00e9m\u00e1j\u00e1val vagy a kutat\u00e1s t\u00e1rgy\u00e1t k\u00e9pez\u0151 kultur\u00e1lis javakkal kapcsolatos dokument\u00e1ci\u00f3, illetve a k\u00f6nyvt\u00e1r haszn\u00e1lat\u00e1ra. Az adatt\u00e1ri dokumentumok \u00e9s a k\u00f6nyvt\u00e1r \u00e1llom\u00e1nya k\u00fcls\u0151 f\u00e9l sz\u00e1m\u00e1ra nem k\u00f6lcs\u00f6n\u00f6zhet\u0151.<\/p>\n<p>12. A kutat\u00e1si enged\u00e9ly nem jogos\u00edtja fel automatikusan a kutat\u00f3t a m\u00e1solatok, fotok\u00f3pi\u00e1k, fot\u00f3nagy\u00edt\u00e1sok k\u00e9sz\u00edt\u00e9s\u00e9re, b\u00e1rmif\u00e9le reproduk\u00e1l\u00e1sra, k\u00f6zl\u00e9sre. A muze\u00e1lis int\u00e9zm\u00e9ny gy\u0171jtem\u00e9ny\u00e9be tartoz\u00f3 kultur\u00e1lis javak, dokumentumok (bele\u00e9rtve a k\u00f6nyvt\u00e1r k\u00f6teteit, foly\u00f3iratait is) m\u00e1sol\u00e1sa\/m\u00e1soltat\u00e1sa, illetve a m\u00e1solatok k\u00f6zl\u00e9se a m\u00fazeumigazgat\u00f3 enged\u00e9ly\u00e9hez k\u00f6t\u00f6tt, \u00e9s d\u00edj ellen\u00e9ben t\u00f6rt\u00e9nik.<\/p>\n<p>13. A m\u00e1sol\u00e1sra \u00e9s k\u00f6zl\u00e9sre vonatkoz\u00f3an k\u00fcl\u00f6n utas\u00edt\u00e1sok (M\u00e1sol\u00e1si szab\u00e1lyzat, K\u00f6zl\u00e9si szab\u00e1lyzat) m\u00e9rvad\u00f3k. Az ezen utas\u00edt\u00e1sokban meg\u00e1llap\u00edtott d\u00edjszab\u00e1st \u00e9s a m\u00e1sol\u00e1s, k\u00f6zl\u00e9s kond\u00edci\u00f3it ismertet\u0151 egy\u00e9b inform\u00e1ci\u00f3kat a m\u00e1sol\u00f3g\u00e9p mellett nyilv\u00e1nosan is el kell helyezni a kutat\u00f3k t\u00e1j\u00e9koztat\u00e1s\u00e1ra.<\/p>\n<p>14. Az enged\u00e9lyeztet\u00e9si k\u00f6r\u00f6n bel\u00fcl a m\u00e1soltat\u00e1st a vonatkoz\u00f3 jogszab\u00e1ly alapj\u00e1n (1999. \u00e9vi LXXXVI. t\u00f6rv\u00e9ny) k\u00fcl\u00f6n enged\u00e9lyeztetni kell. Hiteles m\u00e1solat, vagy publik\u00e1l\u00e1sra alkalmas nagy\u00edt\u00e1s a m\u00fazeumigazgat\u00f3 k\u00fcl\u00f6n enged\u00e9ly\u00e9vel k\u00e9sz\u00edthet\u0151. Az ez ir\u00e1ny\u00fa k\u00e9relemnek tartalmaznia kell a m\u00e1solat felhaszn\u00e1l\u00e1s\u00e1nak c\u00e9lj\u00e1t, valamint a szerz\u0151i jogd\u00edjra \u00e9s a szolg\u00e1ltat\u00e1s k\u00f6lts\u00e9gt\u00e9r\u00edt\u00e9s\u00e9re vonatkoz\u00f3 kit\u00e9teleket.<\/p>\n<p>[\/et_pb_text][\/et_pb_column][\/et_pb_row][et_pb_row _builder_version=&#8221;4.27.4&#8243; _module_preset=&#8221;default&#8221; theme_builder_area=&#8221;post_content&#8221;][et_pb_column _builder_version=&#8221;4.27.4&#8243; _module_preset=&#8221;default&#8221; type=&#8221;4_4&#8243; theme_builder_area=&#8221;post_content&#8221;][et_pb_icon _builder_version=&#8221;4.27.4&#8243; _module_preset=&#8221;default&#8221; theme_builder_area=&#8221;post_content&#8221; font_icon=&#8221;&#x23;||divi||400&#8243; url=&#8221;@ET-DC@eyJkeW5hbWljIjp0cnVlLCJjb250ZW50IjoicG9zdF9saW5rX3VybF9wYWdlIiwic2V0dGluZ3MiOnsicG9zdF9pZCI6IjIzMiJ9fQ==@&#8221; _dynamic_attributes=&#8221;url&#8221; hover_enabled=&#8221;0&#8243; sticky_enabled=&#8221;0&#8243; align=&#8221;right&#8221;][\/et_pb_icon][\/et_pb_column][\/et_pb_row][\/et_pb_section]<\/p>\n","protected":false},"excerpt":{"rendered":"<p>A Tragor Ign\u00e1c M\u00fazeum kutat\u00e1si szab\u00e1lyzata A 47\/2001. (III. 27) Korm. rendelet \u00e9rtelm\u00e9ben a Tragor Ign\u00e1c M\u00fazeumban \u0151rz\u00f6tt kultur\u00e1lis javak, illetve az e javakra vonatkoz\u00f3 dokument\u00e1ci\u00f3ban tal\u00e1lhat\u00f3 szakmai alapadatok, inform\u00e1ci\u00f3k [&hellip;]<\/p>\n","protected":false},"author":1,"featured_media":0,"parent":0,"menu_order":0,"comment_status":"closed","ping_status":"closed","template":"","meta":{"_et_pb_use_builder":"on","_et_pb_old_content":"","_et_gb_content_width":"","footnotes":""},"class_list":["post-4054","page","type-page","status-publish","hentry"],"yoast_head":"<!-- This site is optimized with the Yoast SEO Premium plugin v27.3 (Yoast SEO v27.3) - https:\/\/yoast.com\/product\/yoast-seo-premium-wordpress\/ -->\n<title>Kutat\u00e1si szab\u00e1lyzat - TRAGOR IGN\u00c1C M\u00daZEUM \u2022 V\u00c1C<\/title>\n<meta name=\"description\" content=\"Egy m\u00fazeum, ezer \u00e9lm\u00e9ny!\" \/>\n<meta name=\"robots\" content=\"index, follow, max-snippet:-1, max-image-preview:large, max-video-preview:-1\" \/>\n<link rel=\"canonical\" href=\"https:\/\/muzeumvac.hu\/en\/kutatasi-szabalyzat\/\" \/>\n<meta property=\"og:locale\" content=\"en_GB\" \/>\n<meta property=\"og:type\" content=\"article\" \/>\n<meta property=\"og:title\" content=\"Kutat\u00e1si szab\u00e1lyzat\" \/>\n<meta property=\"og:description\" content=\"Egy m\u00fazeum, ezer \u00e9lm\u00e9ny!\" \/>\n<meta property=\"og:url\" content=\"https:\/\/muzeumvac.hu\/en\/kutatasi-szabalyzat\/\" \/>\n<meta property=\"og:site_name\" content=\"TRAGOR IGN\u00c1C M\u00daZEUM \u2022 V\u00c1C\" \/>\n<meta property=\"article:publisher\" content=\"https:\/\/www.facebook.com\/vac.tragorignacmuzeum\" \/>\n<meta property=\"article:modified_time\" content=\"2025-10-12T17:57:58+00:00\" \/>\n<meta name=\"twitter:card\" content=\"summary_large_image\" \/>\n<meta name=\"twitter:label1\" content=\"Estimated reading time\" \/>\n\t<meta name=\"twitter:data1\" content=\"8 minutes\" \/>\n<script type=\"application\/ld+json\" class=\"yoast-schema-graph\">{\"@context\":\"https:\\\/\\\/schema.org\",\"@graph\":[{\"@type\":\"WebPage\",\"@id\":\"https:\\\/\\\/muzeumvac.hu\\\/kutatasi-szabalyzat\\\/\",\"url\":\"https:\\\/\\\/muzeumvac.hu\\\/kutatasi-szabalyzat\\\/\",\"name\":\"Kutat\u00e1si szab\u00e1lyzat - TRAGOR IGN\u00c1C M\u00daZEUM \u2022 V\u00c1C\",\"isPartOf\":{\"@id\":\"https:\\\/\\\/muzeumvac.hu\\\/#website\"},\"datePublished\":\"2025-10-12T17:47:49+00:00\",\"dateModified\":\"2025-10-12T17:57:58+00:00\",\"description\":\"Egy m\u00fazeum, ezer \u00e9lm\u00e9ny!\",\"breadcrumb\":{\"@id\":\"https:\\\/\\\/muzeumvac.hu\\\/kutatasi-szabalyzat\\\/#breadcrumb\"},\"inLanguage\":\"en-GB\",\"potentialAction\":[{\"@type\":\"ReadAction\",\"target\":[\"https:\\\/\\\/muzeumvac.hu\\\/kutatasi-szabalyzat\\\/\"]}]},{\"@type\":\"BreadcrumbList\",\"@id\":\"https:\\\/\\\/muzeumvac.hu\\\/kutatasi-szabalyzat\\\/#breadcrumb\",\"itemListElement\":[{\"@type\":\"ListItem\",\"position\":1,\"name\":\"Kezd\u0151lap\",\"item\":\"https:\\\/\\\/muzeumvac.hu\\\/\"},{\"@type\":\"ListItem\",\"position\":2,\"name\":\"Kutat\u00e1si szab\u00e1lyzat\"}]},{\"@type\":\"WebSite\",\"@id\":\"https:\\\/\\\/muzeumvac.hu\\\/#website\",\"url\":\"https:\\\/\\\/muzeumvac.hu\\\/\",\"name\":\"TRAGOR IGN\u00c1C M\u00daZEUM \u2022 V\u00c1C\",\"description\":\"Egy m\u00fazeum, ezer \u00e9lm\u00e9ny!\",\"publisher\":{\"@id\":\"https:\\\/\\\/muzeumvac.hu\\\/#organization\"},\"potentialAction\":[{\"@type\":\"SearchAction\",\"target\":{\"@type\":\"EntryPoint\",\"urlTemplate\":\"https:\\\/\\\/muzeumvac.hu\\\/?s={search_term_string}\"},\"query-input\":{\"@type\":\"PropertyValueSpecification\",\"valueRequired\":true,\"valueName\":\"search_term_string\"}}],\"inLanguage\":\"en-GB\"},{\"@type\":\"Organization\",\"@id\":\"https:\\\/\\\/muzeumvac.hu\\\/#organization\",\"name\":\"TRAGOR IGN\u00c1C M\u00daZEUM \u2022 V\u00c1C\",\"url\":\"https:\\\/\\\/muzeumvac.hu\\\/\",\"logo\":{\"@type\":\"ImageObject\",\"inLanguage\":\"en-GB\",\"@id\":\"https:\\\/\\\/muzeumvac.hu\\\/#\\\/schema\\\/logo\\\/image\\\/\",\"url\":\"https:\\\/\\\/muzeumvac.hu\\\/wp-content\\\/uploads\\\/2025\\\/07\\\/tragor_ignac_logo.png\",\"contentUrl\":\"https:\\\/\\\/muzeumvac.hu\\\/wp-content\\\/uploads\\\/2025\\\/07\\\/tragor_ignac_logo.png\",\"width\":161,\"height\":126,\"caption\":\"TRAGOR IGN\u00c1C M\u00daZEUM \u2022 V\u00c1C\"},\"image\":{\"@id\":\"https:\\\/\\\/muzeumvac.hu\\\/#\\\/schema\\\/logo\\\/image\\\/\"},\"sameAs\":[\"https:\\\/\\\/www.facebook.com\\\/vac.tragorignacmuzeum\",\"https:\\\/\\\/www.instagram.com\\\/tragormuzeum\",\"https:\\\/\\\/www.youtube.com\\\/@TragorIgncMzeum-vac\"]}]}<\/script>\n<!-- \/ Yoast SEO Premium plugin. -->","yoast_head_json":{"title":"Kutat\u00e1si szab\u00e1lyzat - TRAGOR IGN\u00c1C M\u00daZEUM \u2022 V\u00c1C","description":"One museum, a thousand experiences!","robots":{"index":"index","follow":"follow","max-snippet":"max-snippet:-1","max-image-preview":"max-image-preview:large","max-video-preview":"max-video-preview:-1"},"canonical":"https:\/\/muzeumvac.hu\/en\/kutatasi-szabalyzat\/","og_locale":"en_GB","og_type":"article","og_title":"Kutat\u00e1si szab\u00e1lyzat","og_description":"Egy m\u00fazeum, ezer \u00e9lm\u00e9ny!","og_url":"https:\/\/muzeumvac.hu\/en\/kutatasi-szabalyzat\/","og_site_name":"TRAGOR IGN\u00c1C M\u00daZEUM \u2022 V\u00c1C","article_publisher":"https:\/\/www.facebook.com\/vac.tragorignacmuzeum","article_modified_time":"2025-10-12T17:57:58+00:00","twitter_card":"summary_large_image","twitter_misc":{"Estimated reading time":"8 minutes"},"schema":{"@context":"https:\/\/schema.org","@graph":[{"@type":"WebPage","@id":"https:\/\/muzeumvac.hu\/kutatasi-szabalyzat\/","url":"https:\/\/muzeumvac.hu\/kutatasi-szabalyzat\/","name":"Kutat\u00e1si szab\u00e1lyzat - TRAGOR IGN\u00c1C M\u00daZEUM \u2022 V\u00c1C","isPartOf":{"@id":"https:\/\/muzeumvac.hu\/#website"},"datePublished":"2025-10-12T17:47:49+00:00","dateModified":"2025-10-12T17:57:58+00:00","description":"One museum, a thousand experiences!","breadcrumb":{"@id":"https:\/\/muzeumvac.hu\/kutatasi-szabalyzat\/#breadcrumb"},"inLanguage":"en-GB","potentialAction":[{"@type":"ReadAction","target":["https:\/\/muzeumvac.hu\/kutatasi-szabalyzat\/"]}]},{"@type":"BreadcrumbList","@id":"https:\/\/muzeumvac.hu\/kutatasi-szabalyzat\/#breadcrumb","itemListElement":[{"@type":"ListItem","position":1,"name":"Kezd\u0151lap","item":"https:\/\/muzeumvac.hu\/"},{"@type":"ListItem","position":2,"name":"Kutat\u00e1si szab\u00e1lyzat"}]},{"@type":"WebSite","@id":"https:\/\/muzeumvac.hu\/#website","url":"https:\/\/muzeumvac.hu\/","name":"TRAGOR IGN\u00c1C M\u00daZEUM \u2022 V\u00c1C","description":"One museum, a thousand experiences!","publisher":{"@id":"https:\/\/muzeumvac.hu\/#organization"},"potentialAction":[{"@type":"SearchAction","target":{"@type":"EntryPoint","urlTemplate":"https:\/\/muzeumvac.hu\/?s={search_term_string}"},"query-input":{"@type":"PropertyValueSpecification","valueRequired":true,"valueName":"search_term_string"}}],"inLanguage":"en-GB"},{"@type":"Organization","@id":"https:\/\/muzeumvac.hu\/#organization","name":"TRAGOR IGN\u00c1C M\u00daZEUM \u2022 V\u00c1C","url":"https:\/\/muzeumvac.hu\/","logo":{"@type":"ImageObject","inLanguage":"en-GB","@id":"https:\/\/muzeumvac.hu\/#\/schema\/logo\/image\/","url":"https:\/\/muzeumvac.hu\/wp-content\/uploads\/2025\/07\/tragor_ignac_logo.png","contentUrl":"https:\/\/muzeumvac.hu\/wp-content\/uploads\/2025\/07\/tragor_ignac_logo.png","width":161,"height":126,"caption":"TRAGOR IGN\u00c1C M\u00daZEUM \u2022 V\u00c1C"},"image":{"@id":"https:\/\/muzeumvac.hu\/#\/schema\/logo\/image\/"},"sameAs":["https:\/\/www.facebook.com\/vac.tragorignacmuzeum","https:\/\/www.instagram.com\/tragormuzeum","https:\/\/www.youtube.com\/@TragorIgncMzeum-vac"]}]}},"_links":{"self":[{"href":"https:\/\/muzeumvac.hu\/en\/wp-json\/wp\/v2\/pages\/4054","targetHints":{"allow":["GET"]}}],"collection":[{"href":"https:\/\/muzeumvac.hu\/en\/wp-json\/wp\/v2\/pages"}],"about":[{"href":"https:\/\/muzeumvac.hu\/en\/wp-json\/wp\/v2\/types\/page"}],"author":[{"embeddable":true,"href":"https:\/\/muzeumvac.hu\/en\/wp-json\/wp\/v2\/users\/1"}],"replies":[{"embeddable":true,"href":"https:\/\/muzeumvac.hu\/en\/wp-json\/wp\/v2\/comments?post=4054"}],"version-history":[{"count":0,"href":"https:\/\/muzeumvac.hu\/en\/wp-json\/wp\/v2\/pages\/4054\/revisions"}],"wp:attachment":[{"href":"https:\/\/muzeumvac.hu\/en\/wp-json\/wp\/v2\/media?parent=4054"}],"curies":[{"name":"wp","href":"https:\/\/api.w.org\/{rel}","templated":true}]}}