{"id":4006,"date":"2025-10-04T23:11:16","date_gmt":"2025-10-04T21:11:16","guid":{"rendered":"https:\/\/muzeumvac.hu\/?page_id=4006"},"modified":"2026-02-19T14:10:57","modified_gmt":"2026-02-19T13:10:57","slug":"vaci-muzeum-egyesulet","status":"publish","type":"page","link":"https:\/\/muzeumvac.hu\/en\/vaci-muzeum-egyesulet\/","title":{"rendered":"V\u00e1ci M\u00fazeum Egyes\u00fclet"},"content":{"rendered":"<p>[et_pb_section fb_built=&#8221;1&#8243; _builder_version=&#8221;4.27.4&#8243; _module_preset=&#8221;default&#8221; global_colors_info=&#8221;{}&#8221;][et_pb_row column_structure=&#8221;1_3,2_3&#8243; _builder_version=&#8221;4.27.4&#8243; _module_preset=&#8221;default&#8221; global_colors_info=&#8221;{}&#8221;][et_pb_column type=&#8221;1_3&#8243; _builder_version=&#8221;4.27.4&#8243; _module_preset=&#8221;default&#8221; global_colors_info=&#8221;{}&#8221;][et_pb_image src=&#8221;https:\/\/muzeumvac.hu\/wp-content\/uploads\/2025\/10\/VME-pecset.png&#8221; title_text=&#8221;VME pecs\u00e9t&#8221; _builder_version=&#8221;4.27.4&#8243; _module_preset=&#8221;default&#8221; global_colors_info=&#8221;{}&#8221;][\/et_pb_image][\/et_pb_column][et_pb_column type=&#8221;2_3&#8243; _builder_version=&#8221;4.27.4&#8243; _module_preset=&#8221;default&#8221; global_colors_info=&#8221;{}&#8221;][et_pb_text _builder_version=&#8221;4.27.4&#8243; _module_preset=&#8221;default&#8221; global_colors_info=&#8221;{}&#8221;]<\/p>\n<p><strong>M\u00fazeum Egyes\u00fclet<\/strong> a millennium \u00e9v\u00e9ben, 1896-ban alakult meg. M\u0171k\u00f6d\u00e9se sor\u00e1n l\u00e9trehozta \u00e9s az \u00e1llamos\u00edt\u00e1sig maga m\u0171k\u00f6dtette a v\u00e1ci V\u00e1rosi M\u00fazeumot. Az Egyes\u00fcletet gy\u0171jtem\u00e9ny- \u00e9s kutat\u00e1sszervez\u0151 munk\u00e1ja, m\u00fazeumi ki\u00e1ll\u00edt\u00e1sai, <strong>V\u00e1ci K\u00f6nyvek<\/strong> c\u00edm\u0171 helyt\u00f6rt\u00e9neti kiadv\u00e1nysorozata orsz\u00e1gos viszonylatban is a legeredm\u00e9nyesebben m\u0171k\u00f6d\u0151 m\u00fazeumi egyletek sor\u00e1ba emelte. A VME kiemelked\u0151 alap\u00edt\u00f3 tagja, k\u00e9s\u0151bb eln\u00f6ke volt dr. <strong>Tragor Ign\u00e1c<\/strong> (1869-1941) helyt\u00f6rt\u00e9n\u00e9sz, akinek nev\u00e9t \u00e9s eml\u00e9k\u00e9t a v\u00e1ci Tragor Ign\u00e1c M\u00fazeum \u0151rzi. Az Egyes\u00fclet 1951-t\u0151l \u00e9vtizedekig hivatalosan nem m\u0171k\u00f6dhetett, de a m\u00fazeum\u00fcgy elk\u00f6telezett t\u00e1mogat\u00f3i 1980-ban v\u00e1ltozatlan c\u00e9lkit\u0171z\u00e9sekkel \u00fajj\u00e1 szervezt\u00e9k. A <strong>V\u00e1ci M\u00fazeum Egyes\u00fclet<\/strong> ma a v\u00e1ci k\u00f6zgy\u0171jtem\u00e9nyek \u00e9s nyilv\u00e1nos mag\u00e1ngy\u0171jtem\u00e9nyek t\u00e1mogat\u00f3it \u00f6sszefog\u00f3 szervezet. C\u00e9lkit\u0171z\u00e9se, hogy seg\u00edtse a helyt\u00f6rt\u00e9neti kutat\u00f3munk\u00e1t, megismertesse a m\u00fazeumi-, lev\u00e9lt\u00e1ri-, k\u00f6nyvt\u00e1ri tev\u00e9kenys\u00e9get, n\u00f6velje a m\u0171v\u00e9szetek bar\u00e1tainak \u00e9s \u00e9rt\u0151inek t\u00e1bor\u00e1t. Az Egyes\u00fclet p\u00e1rtokt\u00f3l f\u00fcggetlen, azokt\u00f3l t\u00e1mogat\u00e1st nem kap \u00e9s nem fogad el, \u00f6nkorm\u00e1nyzati \u00e9s orsz\u00e1ggy\u0171l\u00e9si v\u00e1laszt\u00e1sokon jel\u00f6ltet nem \u00e1ll\u00edt, \u00e9s nem t\u00e1mogat.<\/p>\n<p>Az Egyes\u00fclet rendszeresen szervez tagjai sz\u00e1m\u00e1ra el\u0151ad\u00e1sokat, <strong>szakmai kir\u00e1ndul\u00e1sokat<\/strong> \u00e9s egy\u00e9b <strong>rendezv\u00e9nyeket.<\/strong> A VME tagjai meg\u00e1llapod\u00e1s alapj\u00e1n kedvezm\u00e9nyekben r\u00e9szes\u00fclhetnek a t\u00e1mogatott int\u00e9zm\u00e9nyekt\u0151l, tagilletm\u00e9nyk\u00e9nt egyes\u00fcleti kiadv\u00e1nyokat kapnak. T\u00e1mogatj\u00e1k a partnerkapcsolatban r\u00e9sztvev\u0151 k\u00f6zgy\u0171jtem\u00e9nyeket \u00e9s nyilv\u00e1nos mag\u00e1ngy\u0171jtem\u00e9nyeket \u00f6nk\u00e9ntes munk\u00e1val, a szervez\u00e9sben val\u00f3 seg\u00edts\u00e9ggel \u00e9s egy\u00e9b m\u00f3dokon. R\u00e9szt v\u00e1llalnak az \u00f6r\u00f6ks\u00e9gv\u00e9delmi felvil\u00e1gos\u00edt\u00f3 munk\u00e1ban, figyelemmel k\u00eds\u00e9rik a m\u0171eml\u00e9kek \u00e9s a r\u00e9g\u00e9szeti lel\u0151helyek \u00e1llapot\u00e1t, jelzik a tudom\u00e1sukra jutott muze\u00e1lis t\u00e1rgyakat, dokumentumokat, gy\u0171jtem\u00e9nyeket \u00e9s r\u00e9g\u00e9szeti lel\u0151helyeket.<\/p>\n<p>Az Egyes\u00fclet<strong> rendes tagjai<\/strong> tagd\u00edjat fizetnek, melynek \u00f6sszege \u00e9vente a k\u00f6zgy\u0171l\u00e9sen ker\u00fcl meghat\u00e1roz\u00e1sra (jelenleg 2 000 Ft\/\u00e9v, nyugd\u00edjasoknak \u00e9s di\u00e1koknak 1 000 Ft\/\u00e9v). <strong>P\u00e1rtol\u00f3 tagok<\/strong> int\u00e9zm\u00e9nyek, szervezetek lehetnek, amelyek az Egyes\u00fcletet \u00e9vente jelent\u0151s t\u00e1mogat\u00e1sban r\u00e9szes\u00edtik. Az Egyes\u00fclet \u00e9vente tart rendes k\u00f6zgy\u0171l\u00e9st, melyen a VME tagjai szavazati joggal vesznek r\u00e9szt.<\/p>\n<p>A <strong>V\u00e1ci M\u00fazeum Egyes\u00fclet<\/strong> v\u00e1rja tagjai sor\u00e1ba mindazokat, akik egyet\u00e9rtenek c\u00e9lkit\u0171z\u00e9seivel \u00e9s alapszab\u00e1ly\u00e1val. A tags\u00e1gi d\u00edj befizet\u00e9s\u00e9vel, ill. t\u00falfizet\u00e9s\u00e9vel,<strong> szem\u00e9lyi j\u00f6vedelemad\u00f3ja 1%-\u00e1nak<\/strong> felaj\u00e1nl\u00e1s\u00e1val, vagy egy\u00e9b anyagi \u00e9s erk\u00f6lcsi t\u00e1mogat\u00e1ssal \u00d6n is tev\u00e9kenyen r\u00e9szt vehet V\u00e1c v\u00e1ros t\u00f6rt\u00e9neti m\u00faltj\u00e1nak meg\u0151rz\u00e9s\u00e9ben, kultur\u00e1lis \u00e9s m\u0171v\u00e9szeti \u00e9rt\u00e9keinek felfedez\u00e9s\u00e9ben, megismertet\u00e9s\u00e9ben.<\/p>\n<p>[\/et_pb_text][et_pb_button button_text=&#8221;Bel\u00e9p\u00e9si nyilatkozat&#8221; _builder_version=&#8221;4.27.5&#8243; _module_preset=&#8221;default&#8221; hover_enabled=&#8221;0&#8243; global_colors_info=&#8221;{}&#8221; button_url=&#8221;https:\/\/muzeumvac.hu\/wp-content\/uploads\/2026\/02\/VME-belepesi-nyilatkozat-2025.docx&#8221; url_new_window=&#8221;on&#8221; sticky_enabled=&#8221;0&#8243;][\/et_pb_button][\/et_pb_column][\/et_pb_row][\/et_pb_section]<\/p>\n","protected":false},"excerpt":{"rendered":"<p>M\u00fazeum Egyes\u00fclet a millennium \u00e9v\u00e9ben, 1896-ban alakult meg. M\u0171k\u00f6d\u00e9se sor\u00e1n l\u00e9trehozta \u00e9s az \u00e1llamos\u00edt\u00e1sig maga m\u0171k\u00f6dtette a v\u00e1ci V\u00e1rosi M\u00fazeumot. Az Egyes\u00fcletet gy\u0171jtem\u00e9ny- \u00e9s kutat\u00e1sszervez\u0151 munk\u00e1ja, m\u00fazeumi ki\u00e1ll\u00edt\u00e1sai, V\u00e1ci K\u00f6nyvek [&hellip;]<\/p>\n","protected":false},"author":1,"featured_media":0,"parent":0,"menu_order":0,"comment_status":"closed","ping_status":"closed","template":"","meta":{"_et_pb_use_builder":"on","_et_pb_old_content":"","_et_gb_content_width":"","footnotes":""},"class_list":["post-4006","page","type-page","status-publish","hentry"],"yoast_head":"<!-- This site is optimized with the Yoast SEO Premium plugin v27.3 (Yoast SEO v27.3) - https:\/\/yoast.com\/product\/yoast-seo-premium-wordpress\/ -->\n<title>V\u00e1ci M\u00fazeum Egyes\u00fclet - TRAGOR IGN\u00c1C M\u00daZEUM \u2022 V\u00c1C<\/title>\n<meta name=\"description\" content=\"Egy m\u00fazeum, ezer \u00e9lm\u00e9ny!\" \/>\n<meta name=\"robots\" content=\"index, follow, max-snippet:-1, max-image-preview:large, max-video-preview:-1\" \/>\n<link rel=\"canonical\" href=\"https:\/\/muzeumvac.hu\/en\/vaci-muzeum-egyesulet\/\" \/>\n<meta property=\"og:locale\" content=\"en_GB\" \/>\n<meta property=\"og:type\" content=\"article\" \/>\n<meta property=\"og:title\" content=\"V\u00e1ci M\u00fazeum Egyes\u00fclet\" \/>\n<meta property=\"og:description\" content=\"Egy m\u00fazeum, ezer \u00e9lm\u00e9ny!\" \/>\n<meta property=\"og:url\" content=\"https:\/\/muzeumvac.hu\/en\/vaci-muzeum-egyesulet\/\" \/>\n<meta property=\"og:site_name\" content=\"TRAGOR IGN\u00c1C M\u00daZEUM \u2022 V\u00c1C\" \/>\n<meta property=\"article:publisher\" content=\"https:\/\/www.facebook.com\/vac.tragorignacmuzeum\" \/>\n<meta property=\"article:modified_time\" content=\"2026-02-19T13:10:57+00:00\" \/>\n<meta name=\"twitter:card\" content=\"summary_large_image\" \/>\n<meta name=\"twitter:label1\" content=\"Estimated reading time\" \/>\n\t<meta name=\"twitter:data1\" content=\"3 minutes\" \/>\n<script type=\"application\/ld+json\" class=\"yoast-schema-graph\">{\"@context\":\"https:\\\/\\\/schema.org\",\"@graph\":[{\"@type\":\"WebPage\",\"@id\":\"https:\\\/\\\/muzeumvac.hu\\\/vaci-muzeum-egyesulet\\\/\",\"url\":\"https:\\\/\\\/muzeumvac.hu\\\/vaci-muzeum-egyesulet\\\/\",\"name\":\"V\u00e1ci M\u00fazeum Egyes\u00fclet - TRAGOR IGN\u00c1C M\u00daZEUM \u2022 V\u00c1C\",\"isPartOf\":{\"@id\":\"https:\\\/\\\/muzeumvac.hu\\\/#website\"},\"datePublished\":\"2025-10-04T21:11:16+00:00\",\"dateModified\":\"2026-02-19T13:10:57+00:00\",\"description\":\"Egy m\u00fazeum, ezer \u00e9lm\u00e9ny!\",\"breadcrumb\":{\"@id\":\"https:\\\/\\\/muzeumvac.hu\\\/vaci-muzeum-egyesulet\\\/#breadcrumb\"},\"inLanguage\":\"en-GB\",\"potentialAction\":[{\"@type\":\"ReadAction\",\"target\":[\"https:\\\/\\\/muzeumvac.hu\\\/vaci-muzeum-egyesulet\\\/\"]}]},{\"@type\":\"BreadcrumbList\",\"@id\":\"https:\\\/\\\/muzeumvac.hu\\\/vaci-muzeum-egyesulet\\\/#breadcrumb\",\"itemListElement\":[{\"@type\":\"ListItem\",\"position\":1,\"name\":\"Kezd\u0151lap\",\"item\":\"https:\\\/\\\/muzeumvac.hu\\\/\"},{\"@type\":\"ListItem\",\"position\":2,\"name\":\"V\u00e1ci M\u00fazeum Egyes\u00fclet\"}]},{\"@type\":\"WebSite\",\"@id\":\"https:\\\/\\\/muzeumvac.hu\\\/#website\",\"url\":\"https:\\\/\\\/muzeumvac.hu\\\/\",\"name\":\"TRAGOR IGN\u00c1C M\u00daZEUM \u2022 V\u00c1C\",\"description\":\"Egy m\u00fazeum, ezer \u00e9lm\u00e9ny!\",\"publisher\":{\"@id\":\"https:\\\/\\\/muzeumvac.hu\\\/#organization\"},\"potentialAction\":[{\"@type\":\"SearchAction\",\"target\":{\"@type\":\"EntryPoint\",\"urlTemplate\":\"https:\\\/\\\/muzeumvac.hu\\\/?s={search_term_string}\"},\"query-input\":{\"@type\":\"PropertyValueSpecification\",\"valueRequired\":true,\"valueName\":\"search_term_string\"}}],\"inLanguage\":\"en-GB\"},{\"@type\":\"Organization\",\"@id\":\"https:\\\/\\\/muzeumvac.hu\\\/#organization\",\"name\":\"TRAGOR IGN\u00c1C M\u00daZEUM \u2022 V\u00c1C\",\"url\":\"https:\\\/\\\/muzeumvac.hu\\\/\",\"logo\":{\"@type\":\"ImageObject\",\"inLanguage\":\"en-GB\",\"@id\":\"https:\\\/\\\/muzeumvac.hu\\\/#\\\/schema\\\/logo\\\/image\\\/\",\"url\":\"https:\\\/\\\/muzeumvac.hu\\\/wp-content\\\/uploads\\\/2025\\\/07\\\/tragor_ignac_logo.png\",\"contentUrl\":\"https:\\\/\\\/muzeumvac.hu\\\/wp-content\\\/uploads\\\/2025\\\/07\\\/tragor_ignac_logo.png\",\"width\":161,\"height\":126,\"caption\":\"TRAGOR IGN\u00c1C M\u00daZEUM \u2022 V\u00c1C\"},\"image\":{\"@id\":\"https:\\\/\\\/muzeumvac.hu\\\/#\\\/schema\\\/logo\\\/image\\\/\"},\"sameAs\":[\"https:\\\/\\\/www.facebook.com\\\/vac.tragorignacmuzeum\",\"https:\\\/\\\/www.instagram.com\\\/tragormuzeum\",\"https:\\\/\\\/www.youtube.com\\\/@TragorIgncMzeum-vac\"]}]}<\/script>\n<!-- \/ Yoast SEO Premium plugin. -->","yoast_head_json":{"title":"V\u00e1ci M\u00fazeum Egyes\u00fclet - TRAGOR IGN\u00c1C M\u00daZEUM \u2022 V\u00c1C","description":"One museum, a thousand experiences!","robots":{"index":"index","follow":"follow","max-snippet":"max-snippet:-1","max-image-preview":"max-image-preview:large","max-video-preview":"max-video-preview:-1"},"canonical":"https:\/\/muzeumvac.hu\/en\/vaci-muzeum-egyesulet\/","og_locale":"en_GB","og_type":"article","og_title":"V\u00e1ci M\u00fazeum Egyes\u00fclet","og_description":"Egy m\u00fazeum, ezer \u00e9lm\u00e9ny!","og_url":"https:\/\/muzeumvac.hu\/en\/vaci-muzeum-egyesulet\/","og_site_name":"TRAGOR IGN\u00c1C M\u00daZEUM \u2022 V\u00c1C","article_publisher":"https:\/\/www.facebook.com\/vac.tragorignacmuzeum","article_modified_time":"2026-02-19T13:10:57+00:00","twitter_card":"summary_large_image","twitter_misc":{"Estimated reading time":"3 minutes"},"schema":{"@context":"https:\/\/schema.org","@graph":[{"@type":"WebPage","@id":"https:\/\/muzeumvac.hu\/vaci-muzeum-egyesulet\/","url":"https:\/\/muzeumvac.hu\/vaci-muzeum-egyesulet\/","name":"V\u00e1ci M\u00fazeum Egyes\u00fclet - TRAGOR IGN\u00c1C M\u00daZEUM \u2022 V\u00c1C","isPartOf":{"@id":"https:\/\/muzeumvac.hu\/#website"},"datePublished":"2025-10-04T21:11:16+00:00","dateModified":"2026-02-19T13:10:57+00:00","description":"One museum, a thousand experiences!","breadcrumb":{"@id":"https:\/\/muzeumvac.hu\/vaci-muzeum-egyesulet\/#breadcrumb"},"inLanguage":"en-GB","potentialAction":[{"@type":"ReadAction","target":["https:\/\/muzeumvac.hu\/vaci-muzeum-egyesulet\/"]}]},{"@type":"BreadcrumbList","@id":"https:\/\/muzeumvac.hu\/vaci-muzeum-egyesulet\/#breadcrumb","itemListElement":[{"@type":"ListItem","position":1,"name":"Kezd\u0151lap","item":"https:\/\/muzeumvac.hu\/"},{"@type":"ListItem","position":2,"name":"V\u00e1ci M\u00fazeum Egyes\u00fclet"}]},{"@type":"WebSite","@id":"https:\/\/muzeumvac.hu\/#website","url":"https:\/\/muzeumvac.hu\/","name":"TRAGOR IGN\u00c1C M\u00daZEUM \u2022 V\u00c1C","description":"One museum, a thousand experiences!","publisher":{"@id":"https:\/\/muzeumvac.hu\/#organization"},"potentialAction":[{"@type":"SearchAction","target":{"@type":"EntryPoint","urlTemplate":"https:\/\/muzeumvac.hu\/?s={search_term_string}"},"query-input":{"@type":"PropertyValueSpecification","valueRequired":true,"valueName":"search_term_string"}}],"inLanguage":"en-GB"},{"@type":"Organization","@id":"https:\/\/muzeumvac.hu\/#organization","name":"TRAGOR IGN\u00c1C M\u00daZEUM \u2022 V\u00c1C","url":"https:\/\/muzeumvac.hu\/","logo":{"@type":"ImageObject","inLanguage":"en-GB","@id":"https:\/\/muzeumvac.hu\/#\/schema\/logo\/image\/","url":"https:\/\/muzeumvac.hu\/wp-content\/uploads\/2025\/07\/tragor_ignac_logo.png","contentUrl":"https:\/\/muzeumvac.hu\/wp-content\/uploads\/2025\/07\/tragor_ignac_logo.png","width":161,"height":126,"caption":"TRAGOR IGN\u00c1C M\u00daZEUM \u2022 V\u00c1C"},"image":{"@id":"https:\/\/muzeumvac.hu\/#\/schema\/logo\/image\/"},"sameAs":["https:\/\/www.facebook.com\/vac.tragorignacmuzeum","https:\/\/www.instagram.com\/tragormuzeum","https:\/\/www.youtube.com\/@TragorIgncMzeum-vac"]}]}},"_links":{"self":[{"href":"https:\/\/muzeumvac.hu\/en\/wp-json\/wp\/v2\/pages\/4006","targetHints":{"allow":["GET"]}}],"collection":[{"href":"https:\/\/muzeumvac.hu\/en\/wp-json\/wp\/v2\/pages"}],"about":[{"href":"https:\/\/muzeumvac.hu\/en\/wp-json\/wp\/v2\/types\/page"}],"author":[{"embeddable":true,"href":"https:\/\/muzeumvac.hu\/en\/wp-json\/wp\/v2\/users\/1"}],"replies":[{"embeddable":true,"href":"https:\/\/muzeumvac.hu\/en\/wp-json\/wp\/v2\/comments?post=4006"}],"version-history":[{"count":1,"href":"https:\/\/muzeumvac.hu\/en\/wp-json\/wp\/v2\/pages\/4006\/revisions"}],"predecessor-version":[{"id":5907,"href":"https:\/\/muzeumvac.hu\/en\/wp-json\/wp\/v2\/pages\/4006\/revisions\/5907"}],"wp:attachment":[{"href":"https:\/\/muzeumvac.hu\/en\/wp-json\/wp\/v2\/media?parent=4006"}],"curies":[{"name":"wp","href":"https:\/\/api.w.org\/{rel}","templated":true}]}}