{"id":3839,"date":"2025-09-21T18:46:12","date_gmt":"2025-09-21T16:46:12","guid":{"rendered":"https:\/\/muzeumvac.hu\/?page_id=3839"},"modified":"2026-03-23T13:47:20","modified_gmt":"2026-03-23T12:47:20","slug":"korabbi-kiallitasok","status":"publish","type":"page","link":"https:\/\/muzeumvac.hu\/en\/kiallitasok\/korabbi-kiallitasok\/","title":{"rendered":"Previous exhibitions"},"content":{"rendered":"<p>[et_pb_section fb_built=&#8221;1&#8243; _builder_version=&#8221;4.27.4&#8243; _module_preset=&#8221;default&#8221; global_colors_info=&#8221;{}&#8221;][et_pb_row column_structure=&#8221;1_3,1_3,1_3&#8243; use_custom_gutter=&#8221;on&#8221; gutter_width=&#8221;2&#8243; _builder_version=&#8221;4.27.4&#8243; _module_preset=&#8221;default&#8221; custom_padding=&#8221;15px|||||&#8221; global_colors_info=&#8221;{}&#8221;][et_pb_column type=&#8221;1_3&#8243; _builder_version=&#8221;4.27.4&#8243; _module_preset=&#8221;default&#8221; global_colors_info=&#8221;{}&#8221;][et_pb_blurb title=&#8221;Festett v\u00e1ci mes\u00e9k &#8211; B\u00f3cz P\u00e9ter akvarelljei&#8221; image=&#8221;https:\/\/muzeumvac.hu\/wp-content\/uploads\/2025\/12\/borito-e1765458756892.jpg&#8221; _builder_version=&#8221;4.27.4&#8243; _module_preset=&#8221;default&#8221; global_colors_info=&#8221;{}&#8221;]<\/p>\n<p>2025. j\u00falius 17.<\/p>\n<p data-start=\"106\" data-end=\"375\">A Tragor Ign\u00e1c M\u00fazeum <em data-start=\"128\" data-end=\"173\">Festett v\u00e1ci mes\u00e9k \u2013 B\u00f3cz P\u00e9ter akvarelljei<\/em> c\u00edm\u0171 id\u0151szaki ki\u00e1ll\u00edt\u00e1sa k\u00fcl\u00f6nleges hangulat\u00fa v\u00e1ci jeleneteket mutatott be a m\u0171v\u00e9sz akvarelljein kereszt\u00fcl. A t\u00e1rlat c\u00e9lja az volt, hogy a v\u00e1ros sz\u00ednei \u00e9s t\u00f6rt\u00e9netei m\u0171v\u00e9szi form\u00e1ban elevenedjenek meg.<\/p>\n<p data-start=\"377\" data-end=\"624\">A ki\u00e1ll\u00edt\u00e1s 2025. j\u00falius 17-\u00e9n ny\u00edlt meg a Tragor Ign\u00e1c M\u00fazeum K\u00e9k H\u00e1z\u00e1ban (2600 V\u00e1c, M\u00e1rcius 15. t\u00e9r 23.). A megnyit\u00f3n k\u00f6sz\u00f6nt\u0151t mondott Matkovich Ilona, V\u00e1c v\u00e1ros polg\u00e1rmestere, a t\u00e1rlatot pedig Csukovits Anita n\u00e9prajzos m\u00fazeol\u00f3gus nyitotta meg.<\/p>\n<p>[\/et_pb_blurb][et_pb_blurb title=&#8221;Szil\u00e1gyi L\u00e1szl\u00f3 &#8211; %22V\u00e1c k\u00e9pekben egy gy\u0171jt\u0151 szenved\u00e9ly\u00e9vel%22 k\u00e9peslap ki\u00e1ll\u00edt\u00e1s&#8221; image=&#8221;https:\/\/muzeumvac.hu\/wp-content\/uploads\/2026\/02\/kepeslap-kiallitas.jpg&#8221; _builder_version=&#8221;4.27.6&#8243; _module_preset=&#8221;default&#8221; hover_enabled=&#8221;0&#8243; global_colors_info=&#8221;{}&#8221; title_text=&#8221;k\u00e9peslap ki\u00e1ll\u00edt\u00e1s&#8221; sticky_enabled=&#8221;0&#8243;]<\/p>\n<p>Elef\u00e1ntos H\u00e1z \u2022 K\u00e9k Gal\u00e9ria<\/p>\n<p><strong>2026. janu\u00e1r 22. \u2013 2026. m\u00e1rcius 22.<\/strong><\/p>\n<div class=\"x14z9mp xat24cr x1lziwak x1vvkbs xtlvy1s\">A Tragor Ign\u00e1c M\u00fazeum t\u00f6rt\u00e9neti dokument\u00e1ci\u00f3s gy\u0171jtem\u00e9nye 2025-ben Szil\u00e1gyi L\u00e1szl\u00f3 gazdag \u00e9s \u00e9rt\u00e9kes k\u00e9peslapgy\u0171jtem\u00e9ny\u00e9vel b\u0151v\u00fclt.<\/div>\n<div class=\"x14z9mp xat24cr x1lziwak x1vvkbs xtlvy1s\">A k\u00fcl\u00f6nleges kollekci\u00f3 V\u00e1c v\u00e1ros\u00e1nak t\u00f6bb korszak\u00e1t id\u00e9zi meg: utc\u00e1k, \u00e9p\u00fcletek, v\u00e1rosr\u00e9szletek \u00e9s hangulatok t\u00e1rulnak el\u00e9nk a levelez\u0151lapokon.<\/div>\n<div class=\"x14z9mp xat24cr x1lziwak x1vvkbs xtlvy1s\">Id\u0151szaki ki\u00e1ll\u00edt\u00e1sunkon a gy\u0171jtem\u00e9ny v\u00e1logatott darabjait mutatjuk be a K\u00e9k Gal\u00e9ri\u00e1ban. A k\u00e9peslapok nemcsak sz\u00e9ps\u00e9g\u00fck miatt \u00e9rdekesek, hanem t\u00f6rt\u00e9neti forr\u00e1sk\u00e9nt is izgalmas betekint\u00e9st adnak V\u00e1c v\u00e1rosk\u00e9p\u00e9nek \u00e9s mindennapi \u00e9let\u00e9nek v\u00e1ltoz\u00e1saiba.<\/div>\n<p>[\/et_pb_blurb][\/et_pb_column][et_pb_column type=&#8221;1_3&#8243; _builder_version=&#8221;4.27.4&#8243; _module_preset=&#8221;default&#8221; global_colors_info=&#8221;{}&#8221;][et_pb_blurb title=&#8221;F\u00e9nyb\u0151l sz\u0151tt \u00f6sv\u00e9nyek \u2013 Mojzes P\u00e9ter fot\u00f3ki\u00e1ll\u00edt\u00e1sa&#8221; image=&#8221;https:\/\/muzeumvac.hu\/wp-content\/uploads\/2026\/01\/mojzes-peter.jpg&#8221; _builder_version=&#8221;4.27.4&#8243; _module_preset=&#8221;default&#8221; global_colors_info=&#8221;{}&#8221;]<\/p>\n<p>2025.<span><\/span><span><\/span><\/p>\n<p><span>A technikai aspektusok helyett a term\u00e9szetfot\u00f3z\u00e1s lehet egyszerre kaland \u00e9s \u00f6nismereti \u00fat is. Ez a ki\u00e1ll\u00edt\u00e1s nem csup\u00e1n a t\u00e1j sz\u00e9ps\u00e9g\u00e9t szeretn\u00e9 bemutatni, hanem azt a bels\u0151 folyamatot is, amelyen kereszt\u00fcl a l\u00e1tott vil\u00e1g szem\u00e9lyess\u00e9, t\u00f6rt\u00e9nett\u00e9 v\u00e1lik. A f\u00e9ny minden k\u00e9pben f\u0151szerepl\u0151. N\u00e9ha sejtelmes, m\u00e1skor hars\u00e1ny, vagy \u00e9ppen alig \u00e9szrevehet\u0151. De mindig ott van, mint egy sz\u00e1l, amely \u00f6sszek\u00f6ti a kinti vil\u00e1got a bels\u0151 \u00e9lm\u00e9nnyel. A k\u00e9pek \u00edgy nem egyszer\u0171en dokument\u00e1lj\u00e1k a t\u00e1jat: ink\u00e1bb lenyomatok, apr\u00f3 \u00e1llom\u00e1sok, pillanatok egy hosszabb \u00f6sv\u00e9nyen, amelyet mindannyian bej\u00e1rhatunk a term\u00e9szeten \u00e1t, \u00f6nmagunk fel\u00e9. Ez az anyag arra h\u00edv, hogy ne csak n\u00e9zz\u00fck a t\u00e1jat, hanem figyelj\u00fcnk r\u00e1. Hogy lass\u00edtsunk le, vegy\u00fck \u00e9szre a sz\u00edneket, a hangulatokat, a v\u00e1ltoz\u00e9konys\u00e1got, \u00e9s k\u00f6zben fedezz\u00fck fel, hogy a fot\u00f3z\u00e1s nem csak k\u00e9pek k\u00e9sz\u00edt\u00e9s\u00e9r\u0151l sz\u00f3l, hanem lehet kapcsolat is a vil\u00e1ggal \u00e9s \u00f6nmagunkkal is.<\/span><\/p>\n<p>[\/et_pb_blurb][\/et_pb_column][et_pb_column type=&#8221;1_3&#8243; _builder_version=&#8221;4.27.4&#8243; _module_preset=&#8221;default&#8221; global_colors_info=&#8221;{}&#8221;][et_pb_blurb title=&#8221;Az id\u0151t\u00e1ll\u00f3 v\u00e1ros \u2013 V\u00e1c 1075-2025&#8243; image=&#8221;https:\/\/muzeumvac.hu\/wp-content\/uploads\/2026\/03\/Honlapra-400400-2.jpg&#8221; _builder_version=&#8221;4.27.6&#8243; _module_preset=&#8221;default&#8221; global_colors_info=&#8221;{}&#8221;]<\/p>\n<p><span>\u00a0K\u00e9k H\u00e1z \u2022 Elef\u00e1ntos H\u00e1z<\/span><\/p>\n<p><span><strong>2025. \u00e1prilis 25. \u2013 2026. m\u00e1rcius 15.<\/strong><\/span><\/p>\n<p data-start=\"106\" data-end=\"375\"><span>A v\u00e1ros, ahol t\u00e1jak, n\u00e9pek, sz\u00e1razf\u00f6ldi \u00e9s v\u00edzi utak mind \u00f6sszefutnak. Szent Istv\u00e1n \u00f3ta p\u00fcsp\u00f6ki sz\u00e9khely, ahol az orsz\u00e1g egyetlen diadal\u00edve \u00e1ll, s ahov\u00e1 az orsz\u00e1g els\u0151 vas\u00fatvonala is meg\u00e9rkezett. \u00c9vsz\u00e1zadok \u00f3ta a kult\u00fara, az ipar \u00e9s a kereskedelem otthona. Ezeknek a sz\u00e1zadoknak \u00e1ll\u00edt eml\u00e9ket a Tragor Ign\u00e1c M\u00fazeum leg\u00fajabb ki\u00e1ll\u00edt\u00e1sa.<\/span><\/p>\n<p>[\/et_pb_blurb][\/et_pb_column][\/et_pb_row][\/et_pb_section][et_pb_section fb_built=&#8221;1&#8243; _builder_version=&#8221;4.27.4&#8243; _module_preset=&#8221;default&#8221; global_colors_info=&#8221;{}&#8221;][\/et_pb_section]<\/p>\n","protected":false},"excerpt":{"rendered":"<p>2025. j\u00falius 17. A Tragor Ign\u00e1c M\u00fazeum Festett v\u00e1ci mes\u00e9k \u2013 B\u00f3cz P\u00e9ter akvarelljei c\u00edm\u0171 id\u0151szaki ki\u00e1ll\u00edt\u00e1sa k\u00fcl\u00f6nleges hangulat\u00fa v\u00e1ci jeleneteket mutatott be a m\u0171v\u00e9sz akvarelljein kereszt\u00fcl. A t\u00e1rlat c\u00e9lja [&hellip;]<\/p>\n","protected":false},"author":1,"featured_media":0,"parent":111,"menu_order":0,"comment_status":"closed","ping_status":"closed","template":"","meta":{"_et_pb_use_builder":"on","_et_pb_old_content":"","_et_gb_content_width":"","footnotes":""},"class_list":["post-3839","page","type-page","status-publish","hentry"],"yoast_head":"<!-- This site is optimized with the Yoast SEO Premium plugin v27.3 (Yoast SEO v27.3) - https:\/\/yoast.com\/product\/yoast-seo-premium-wordpress\/ -->\n<title>Kor\u00e1bbi ki\u00e1ll\u00edt\u00e1sok - TRAGOR IGN\u00c1C M\u00daZEUM \u2022 V\u00c1C<\/title>\n<meta name=\"description\" content=\"Egy m\u00fazeum, ezer \u00e9lm\u00e9ny!\" \/>\n<meta name=\"robots\" content=\"index, follow, max-snippet:-1, max-image-preview:large, max-video-preview:-1\" \/>\n<link rel=\"canonical\" href=\"https:\/\/muzeumvac.hu\/en\/kiallitasok\/korabbi-kiallitasok\/\" \/>\n<meta property=\"og:locale\" content=\"en_GB\" \/>\n<meta property=\"og:type\" content=\"article\" \/>\n<meta property=\"og:title\" content=\"Kor\u00e1bbi ki\u00e1ll\u00edt\u00e1sok\" \/>\n<meta property=\"og:description\" content=\"Egy m\u00fazeum, ezer \u00e9lm\u00e9ny!\" \/>\n<meta property=\"og:url\" content=\"https:\/\/muzeumvac.hu\/en\/kiallitasok\/korabbi-kiallitasok\/\" \/>\n<meta property=\"og:site_name\" content=\"TRAGOR IGN\u00c1C M\u00daZEUM \u2022 V\u00c1C\" \/>\n<meta property=\"article:publisher\" content=\"https:\/\/www.facebook.com\/vac.tragorignacmuzeum\" \/>\n<meta property=\"article:modified_time\" content=\"2026-03-23T12:47:20+00:00\" \/>\n<meta name=\"twitter:card\" content=\"summary_large_image\" \/>\n<meta name=\"twitter:label1\" content=\"Estimated reading time\" \/>\n\t<meta name=\"twitter:data1\" content=\"4 minutes\" \/>\n<script type=\"application\/ld+json\" class=\"yoast-schema-graph\">{\"@context\":\"https:\\\/\\\/schema.org\",\"@graph\":[{\"@type\":\"WebPage\",\"@id\":\"https:\\\/\\\/muzeumvac.hu\\\/kiallitasok\\\/korabbi-kiallitasok\\\/\",\"url\":\"https:\\\/\\\/muzeumvac.hu\\\/kiallitasok\\\/korabbi-kiallitasok\\\/\",\"name\":\"Kor\u00e1bbi ki\u00e1ll\u00edt\u00e1sok - TRAGOR IGN\u00c1C M\u00daZEUM \u2022 V\u00c1C\",\"isPartOf\":{\"@id\":\"https:\\\/\\\/muzeumvac.hu\\\/#website\"},\"datePublished\":\"2025-09-21T16:46:12+00:00\",\"dateModified\":\"2026-03-23T12:47:20+00:00\",\"description\":\"Egy m\u00fazeum, ezer \u00e9lm\u00e9ny!\",\"breadcrumb\":{\"@id\":\"https:\\\/\\\/muzeumvac.hu\\\/kiallitasok\\\/korabbi-kiallitasok\\\/#breadcrumb\"},\"inLanguage\":\"en-GB\",\"potentialAction\":[{\"@type\":\"ReadAction\",\"target\":[\"https:\\\/\\\/muzeumvac.hu\\\/kiallitasok\\\/korabbi-kiallitasok\\\/\"]}]},{\"@type\":\"BreadcrumbList\",\"@id\":\"https:\\\/\\\/muzeumvac.hu\\\/kiallitasok\\\/korabbi-kiallitasok\\\/#breadcrumb\",\"itemListElement\":[{\"@type\":\"ListItem\",\"position\":1,\"name\":\"Kezd\u0151lap\",\"item\":\"https:\\\/\\\/muzeumvac.hu\\\/\"},{\"@type\":\"ListItem\",\"position\":2,\"name\":\"Ki\u00e1ll\u00edt\u00e1sok\",\"item\":\"https:\\\/\\\/muzeumvac.hu\\\/kiallitasok\\\/\"},{\"@type\":\"ListItem\",\"position\":3,\"name\":\"Kor\u00e1bbi ki\u00e1ll\u00edt\u00e1sok\"}]},{\"@type\":\"WebSite\",\"@id\":\"https:\\\/\\\/muzeumvac.hu\\\/#website\",\"url\":\"https:\\\/\\\/muzeumvac.hu\\\/\",\"name\":\"TRAGOR IGN\u00c1C M\u00daZEUM \u2022 V\u00c1C\",\"description\":\"Egy m\u00fazeum, ezer \u00e9lm\u00e9ny!\",\"publisher\":{\"@id\":\"https:\\\/\\\/muzeumvac.hu\\\/#organization\"},\"potentialAction\":[{\"@type\":\"SearchAction\",\"target\":{\"@type\":\"EntryPoint\",\"urlTemplate\":\"https:\\\/\\\/muzeumvac.hu\\\/?s={search_term_string}\"},\"query-input\":{\"@type\":\"PropertyValueSpecification\",\"valueRequired\":true,\"valueName\":\"search_term_string\"}}],\"inLanguage\":\"en-GB\"},{\"@type\":\"Organization\",\"@id\":\"https:\\\/\\\/muzeumvac.hu\\\/#organization\",\"name\":\"TRAGOR IGN\u00c1C M\u00daZEUM \u2022 V\u00c1C\",\"url\":\"https:\\\/\\\/muzeumvac.hu\\\/\",\"logo\":{\"@type\":\"ImageObject\",\"inLanguage\":\"en-GB\",\"@id\":\"https:\\\/\\\/muzeumvac.hu\\\/#\\\/schema\\\/logo\\\/image\\\/\",\"url\":\"https:\\\/\\\/muzeumvac.hu\\\/wp-content\\\/uploads\\\/2025\\\/07\\\/tragor_ignac_logo.png\",\"contentUrl\":\"https:\\\/\\\/muzeumvac.hu\\\/wp-content\\\/uploads\\\/2025\\\/07\\\/tragor_ignac_logo.png\",\"width\":161,\"height\":126,\"caption\":\"TRAGOR IGN\u00c1C M\u00daZEUM \u2022 V\u00c1C\"},\"image\":{\"@id\":\"https:\\\/\\\/muzeumvac.hu\\\/#\\\/schema\\\/logo\\\/image\\\/\"},\"sameAs\":[\"https:\\\/\\\/www.facebook.com\\\/vac.tragorignacmuzeum\",\"https:\\\/\\\/www.instagram.com\\\/tragormuzeum\",\"https:\\\/\\\/www.youtube.com\\\/@TragorIgncMzeum-vac\"]}]}<\/script>\n<!-- \/ Yoast SEO Premium plugin. -->","yoast_head_json":{"title":"Kor\u00e1bbi ki\u00e1ll\u00edt\u00e1sok - TRAGOR IGN\u00c1C M\u00daZEUM \u2022 V\u00c1C","description":"One museum, a thousand experiences!","robots":{"index":"index","follow":"follow","max-snippet":"max-snippet:-1","max-image-preview":"max-image-preview:large","max-video-preview":"max-video-preview:-1"},"canonical":"https:\/\/muzeumvac.hu\/en\/kiallitasok\/korabbi-kiallitasok\/","og_locale":"en_GB","og_type":"article","og_title":"Kor\u00e1bbi ki\u00e1ll\u00edt\u00e1sok","og_description":"Egy m\u00fazeum, ezer \u00e9lm\u00e9ny!","og_url":"https:\/\/muzeumvac.hu\/en\/kiallitasok\/korabbi-kiallitasok\/","og_site_name":"TRAGOR IGN\u00c1C M\u00daZEUM \u2022 V\u00c1C","article_publisher":"https:\/\/www.facebook.com\/vac.tragorignacmuzeum","article_modified_time":"2026-03-23T12:47:20+00:00","twitter_card":"summary_large_image","twitter_misc":{"Estimated reading time":"4 minutes"},"schema":{"@context":"https:\/\/schema.org","@graph":[{"@type":"WebPage","@id":"https:\/\/muzeumvac.hu\/kiallitasok\/korabbi-kiallitasok\/","url":"https:\/\/muzeumvac.hu\/kiallitasok\/korabbi-kiallitasok\/","name":"Kor\u00e1bbi ki\u00e1ll\u00edt\u00e1sok - TRAGOR IGN\u00c1C M\u00daZEUM \u2022 V\u00c1C","isPartOf":{"@id":"https:\/\/muzeumvac.hu\/#website"},"datePublished":"2025-09-21T16:46:12+00:00","dateModified":"2026-03-23T12:47:20+00:00","description":"One museum, a thousand experiences!","breadcrumb":{"@id":"https:\/\/muzeumvac.hu\/kiallitasok\/korabbi-kiallitasok\/#breadcrumb"},"inLanguage":"en-GB","potentialAction":[{"@type":"ReadAction","target":["https:\/\/muzeumvac.hu\/kiallitasok\/korabbi-kiallitasok\/"]}]},{"@type":"BreadcrumbList","@id":"https:\/\/muzeumvac.hu\/kiallitasok\/korabbi-kiallitasok\/#breadcrumb","itemListElement":[{"@type":"ListItem","position":1,"name":"Kezd\u0151lap","item":"https:\/\/muzeumvac.hu\/"},{"@type":"ListItem","position":2,"name":"Ki\u00e1ll\u00edt\u00e1sok","item":"https:\/\/muzeumvac.hu\/kiallitasok\/"},{"@type":"ListItem","position":3,"name":"Kor\u00e1bbi ki\u00e1ll\u00edt\u00e1sok"}]},{"@type":"WebSite","@id":"https:\/\/muzeumvac.hu\/#website","url":"https:\/\/muzeumvac.hu\/","name":"TRAGOR IGN\u00c1C M\u00daZEUM \u2022 V\u00c1C","description":"One museum, a thousand experiences!","publisher":{"@id":"https:\/\/muzeumvac.hu\/#organization"},"potentialAction":[{"@type":"SearchAction","target":{"@type":"EntryPoint","urlTemplate":"https:\/\/muzeumvac.hu\/?s={search_term_string}"},"query-input":{"@type":"PropertyValueSpecification","valueRequired":true,"valueName":"search_term_string"}}],"inLanguage":"en-GB"},{"@type":"Organization","@id":"https:\/\/muzeumvac.hu\/#organization","name":"TRAGOR IGN\u00c1C M\u00daZEUM \u2022 V\u00c1C","url":"https:\/\/muzeumvac.hu\/","logo":{"@type":"ImageObject","inLanguage":"en-GB","@id":"https:\/\/muzeumvac.hu\/#\/schema\/logo\/image\/","url":"https:\/\/muzeumvac.hu\/wp-content\/uploads\/2025\/07\/tragor_ignac_logo.png","contentUrl":"https:\/\/muzeumvac.hu\/wp-content\/uploads\/2025\/07\/tragor_ignac_logo.png","width":161,"height":126,"caption":"TRAGOR IGN\u00c1C M\u00daZEUM \u2022 V\u00c1C"},"image":{"@id":"https:\/\/muzeumvac.hu\/#\/schema\/logo\/image\/"},"sameAs":["https:\/\/www.facebook.com\/vac.tragorignacmuzeum","https:\/\/www.instagram.com\/tragormuzeum","https:\/\/www.youtube.com\/@TragorIgncMzeum-vac"]}]}},"_links":{"self":[{"href":"https:\/\/muzeumvac.hu\/en\/wp-json\/wp\/v2\/pages\/3839","targetHints":{"allow":["GET"]}}],"collection":[{"href":"https:\/\/muzeumvac.hu\/en\/wp-json\/wp\/v2\/pages"}],"about":[{"href":"https:\/\/muzeumvac.hu\/en\/wp-json\/wp\/v2\/types\/page"}],"author":[{"embeddable":true,"href":"https:\/\/muzeumvac.hu\/en\/wp-json\/wp\/v2\/users\/1"}],"replies":[{"embeddable":true,"href":"https:\/\/muzeumvac.hu\/en\/wp-json\/wp\/v2\/comments?post=3839"}],"version-history":[{"count":5,"href":"https:\/\/muzeumvac.hu\/en\/wp-json\/wp\/v2\/pages\/3839\/revisions"}],"predecessor-version":[{"id":6111,"href":"https:\/\/muzeumvac.hu\/en\/wp-json\/wp\/v2\/pages\/3839\/revisions\/6111"}],"up":[{"embeddable":true,"href":"https:\/\/muzeumvac.hu\/en\/wp-json\/wp\/v2\/pages\/111"}],"wp:attachment":[{"href":"https:\/\/muzeumvac.hu\/en\/wp-json\/wp\/v2\/media?parent=3839"}],"curies":[{"name":"wp","href":"https:\/\/api.w.org\/{rel}","templated":true}]}}