{"id":3336,"date":"2025-08-31T18:19:46","date_gmt":"2025-08-31T16:19:46","guid":{"rendered":"https:\/\/muzeumvac.hu\/?page_id=3336"},"modified":"2025-12-01T13:39:58","modified_gmt":"2025-12-01T12:39:58","slug":"latogatoi-szabalyzat","status":"publish","type":"page","link":"https:\/\/muzeumvac.hu\/en\/latogatoi-szabalyzat\/","title":{"rendered":"L\u00e1togat\u00f3i szab\u00e1lyzat"},"content":{"rendered":"<p>[et_pb_section fb_built=&#8221;1&#8243; _builder_version=&#8221;4.27.4&#8243; _module_preset=&#8221;default&#8221; global_colors_info=&#8221;{}&#8221;][et_pb_row _builder_version=&#8221;4.27.4&#8243; _module_preset=&#8221;default&#8221; global_colors_info=&#8221;{}&#8221;][et_pb_column type=&#8221;4_4&#8243; _builder_version=&#8221;4.27.4&#8243; _module_preset=&#8221;default&#8221; global_colors_info=&#8221;{}&#8221;][et_pb_text _builder_version=&#8221;4.27.4&#8243; _module_preset=&#8221;default&#8221; text_font_size=&#8221;24px&#8221; global_colors_info=&#8221;{}&#8221;][\/et_pb_text][\/et_pb_column][\/et_pb_row][\/et_pb_section][et_pb_section fb_built=&#8221;1&#8243; theme_builder_area=&#8221;post_content&#8221; _builder_version=&#8221;4.27.4&#8243; _module_preset=&#8221;default&#8221;][et_pb_row _builder_version=&#8221;4.27.4&#8243; _module_preset=&#8221;default&#8221; theme_builder_area=&#8221;post_content&#8221;][et_pb_column _builder_version=&#8221;4.27.4&#8243; _module_preset=&#8221;default&#8221; type=&#8221;4_4&#8243; theme_builder_area=&#8221;post_content&#8221;][et_pb_text _builder_version=&#8221;4.27.4&#8243; _module_preset=&#8221;default&#8221; theme_builder_area=&#8221;post_content&#8221; hover_enabled=&#8221;0&#8243; sticky_enabled=&#8221;0&#8243;]<\/p>\n<p><b><i>A Tragor Ign\u00e1c M\u00fazeum ki\u00e1ll\u00edt\u00f3helyeinek h\u00e1zirendje<\/i><\/b><\/p>\n<p>&nbsp;<\/p>\n<p><i><span style=\"font-weight: 400;\">A l\u00e1togat\u00f3 a m\u00fazeum ki\u00e1ll\u00edt\u00f3hely\u00e9re t\u00f6rt\u00e9n\u0151 bel\u00e9p\u00e9s\u00e9vel elfogadja a h\u00e1zirendben foglalt szab\u00e1lyokat.<\/span><\/i><\/p>\n<p><i><span style=\"font-weight: 400;\">A m\u00fazeum kertjeit, ki\u00e1ll\u00edt\u00f3termeit, a ki\u00e1ll\u00edt\u00e1sokat \u00e9s a m\u00fazeumi rendezv\u00e9nyeket mindenki saj\u00e1t felel\u0151ss\u00e9g\u00e9re l\u00e1togathatja.\u00a0<\/span><\/i><\/p>\n<p><i><span style=\"font-weight: 400;\">A m\u00fazeum ki\u00e1ll\u00edt\u00f3helyeit \u00e9rv\u00e9nyes bel\u00e9p\u0151jeggyel lehet l\u00e1togatni. Ez al\u00f3l kiv\u00e9telt k\u00e9peznek az el\u0151re meghirdetett nyilv\u00e1nos, ingyenes napok \u00e9s programok.\u00a0<\/span><\/i><\/p>\n<p><i><span style=\"font-weight: 400;\">Kedvezm\u00e9nyes bel\u00e9p\u0151jegy v\u00e1s\u00e1rl\u00e1s\u00e1hoz k\u00e9rj\u00fck, az erre feljogos\u00edt\u00f3 \u00e9rv\u00e9nyes igazolv\u00e1ny\u00e1t tartsa mag\u00e1n\u00e1l, \u00e9s a p\u00e9nzt\u00e1rn\u00e1l mutassa fel!<\/span><\/i><\/p>\n<p><i><span style=\"font-weight: 400;\">L\u00e1that\u00f3an s\u00falyos alkoholos vagy k\u00e1b\u00edt\u00f3szeres befoly\u00e1solts\u00e1g alatt \u00e1ll\u00f3, vagy hi\u00e1nyos \u00f6lt\u00f6zet\u0171 (pl. fels\u0151\u00f6lt\u00f6zet hi\u00e1nya) szem\u00e9ly a m\u00fazeum ki\u00e1ll\u00edt\u00e1sait nem l\u00e1togathatja.<\/span><\/i><\/p>\n<p><i><span style=\"font-weight: 400;\">Tilos behozni a m\u00fazeum\u00e9p\u00fclet ter\u00fclet\u00e9re \u00e1llatot (orvosi seg\u00edt\u0151 kutya kiv\u00e9tel\u00e9vel), fegyvert vagy annak l\u00e1tsz\u00f3 t\u00e1rgyat, illetve egy\u00e9b \u00e9letre, testi \u00e9ps\u00e9gre, eg\u00e9szs\u00e9gre vesz\u00e9lyes t\u00e1rgyat \u00e9s anyagot.\u00a0<\/span><\/i><\/p>\n<p><i><span style=\"font-weight: 400;\">Ker\u00e9kp\u00e1rt, babakocsit, rollert, g\u00f6rkorcsoly\u00e1t, g\u00f6rdeszk\u00e1t csak a m\u00fazeum\u00e9p\u00fclet udvar\u00e1ra lehet behozni, de az ott hagyott t\u00e1rgyak\u00e9rt, \u00e9rt\u00e9kek\u00e9rt felel\u0151ss\u00e9get nem tudunk v\u00e1llalni.<\/span><\/i><\/p>\n<p><i><span style=\"font-weight: 400;\">A m\u00fazeum \u00e9p\u00fcletei m\u0171eml\u00e9k jelleg\u00fck miatt nem akad\u00e1lymentes\u00edtettek.<\/span><\/i><\/p>\n<p><i><span style=\"font-weight: 400;\">A m\u00fazeum teljes ter\u00fclet\u00e9n tilos a doh\u00e1nyz\u00e1s, elektromos cigaretta haszn\u00e1lata sem megengedett.\u00a0<\/span><\/i><\/p>\n<p><i><span style=\"font-weight: 400;\">Tilos bevinni a ki\u00e1ll\u00edt\u00f3termekbe \u00e9telt \u00e9s italt, illetve olyan m\u00e9ret\u0171 t\u00e1rgyat, amely a t\u00f6bbi l\u00e1togat\u00f3t zavarja, vagy elz\u00e1rja a menek\u00fcl\u00e9si \u00fatvonalat. \u00c9telt \u00e9s italt fogyasztani a m\u00fazeum ter\u00fclet\u00e9n \u00e9s a ki\u00e1ll\u00edt\u00f3termekben szigor\u00faan tilos! Eg\u00e9szs\u00e9gileg indokolt esetben bevihet\u0151 egy darab, t\u00e1sk\u00e1ban tartott max. 0,5 literes palack v\u00edz.<\/span><\/i><\/p>\n<p><i><span style=\"font-weight: 400;\">A l\u00e1togat\u00f3 k\u00f6teles a m\u00fazeum helyis\u00e9geit, kertj\u00e9t, berendez\u00e9seit rendeltet\u00e9s\u00fcknek megfelel\u0151en haszn\u00e1lni. Az \u00e9p\u00fcletben \u00e9s a kertben szemetelni tilos!<\/span><\/i><\/p>\n<p><i><span style=\"font-weight: 400;\">A m\u0171t\u00e1rgyakat legfeljebb 30 centim\u00e9terre szabad megk\u00f6zel\u00edteni. A tapinthat\u00f3 m\u00e1solat c\u00edmk\u00e9vel ell\u00e1tott t\u00e1rgyak kiv\u00e9tel\u00e9vel a ki\u00e1ll\u00edtott t\u00e1rgyak \u00e9s a t\u00e1rl\u00f3k \u00e9rint\u00e9se tilos!<\/span><\/i><\/p>\n<p><i><span style=\"font-weight: 400;\">A m\u00fazeum eg\u00e9sz ter\u00fclet\u00e9n tilos hangoskodni, a t\u00f6bbi l\u00e1togat\u00f3t zavarni \u00e9s egy\u00e9b nem m\u00fazeumba ill\u0151 tev\u00e9kenys\u00e9get folytatni. A mobiltelefonokat k\u00e9rj\u00fck lehalk\u00edtani, a bej\u00f6v\u0151 besz\u00e9lget\u00e9st a ki\u00e1ll\u00edt\u00f3t\u00e9ren k\u00edv\u00fcl k\u00e9rj\u00fck lebonyol\u00edtani.\u00a0<\/span><\/i><\/p>\n<p><i><span style=\"font-weight: 400;\">A Memento Mori Ki\u00e1ll\u00edt\u00f3hely lenti nagyterm\u00e9ben \u00e9s a Pann\u00f3nia H\u00e1z Ki\u00e1ll\u00edt\u00f3hely fels\u0151 nagyterm\u00e9ben videokamer\u00e1s megfigyel\u0151 rendszer m\u0171k\u00f6dik, a felv\u00e9teleket a GDPR, a term\u00e9szetes szem\u00e9lyeknek a szem\u00e9lyes adatok kezel\u00e9se tekintet\u00e9ben t\u00f6rt\u00e9n\u0151 v\u00e9delm\u00e9r\u0151l sz\u00f3l\u00f3, az Eur\u00f3pai Parlament \u00e9s a Tan\u00e1cs 2016\/679. rendelete \u00e9rtelm\u00e9ben kezelj\u00fck.<\/span><\/i><\/p>\n<p><i><span style=\"font-weight: 400;\">Szem\u00e9lyi \u00e9s m\u0171t\u00e1rgybiztons\u00e1gi okokb\u00f3l 14 \u00e9ves kor alatti gyermek a ki\u00e1ll\u00edt\u00f3t\u00e9rben feln\u0151tt k\u00eds\u00e9r\u0151 n\u00e9lk\u00fcl nem tart\u00f3zkodhat. A sz\u0171k k\u00f6zleked\u00e9si \u00fatvonalak miatt babakocsi haszn\u00e1lata nem lehets\u00e9ges. K\u00e9t \u00e9vn\u00e9l fiatalabb kisgyermek kiz\u00e1r\u00f3lag a sz\u00fcl\u0151 kez\u00e9ben tartva, vagy \u00e1ltala vezetve, illetve sz\u00fcl\u0151n el\u00f6lr\u0151l r\u00f6gz\u00edtett babahordoz\u00f3ban vihet\u0151 be a ki\u00e1ll\u00edt\u00f3t\u00e9rbe. A m\u0171t\u00e1rgys\u00e9r\u00fcl\u00e9s vesz\u00e9lye miatt m\u00e1s megold\u00e1s (pl. h\u00e1ti hordoz\u00f3, nyakba emel\u00e9s) nem megengedett.<\/span><\/i><\/p>\n<p><i><span style=\"font-weight: 400;\">Rendk\u00edv\u00fcli esem\u00e9ny (pl.: term\u00e9szeti katasztr\u00f3fa, t\u0171z, bombariad\u00f3 stb.) eset\u00e9n a l\u00e1togat\u00f3 k\u00f6teles pontosan betartani a m\u00fazeum dolgoz\u00f3inak utas\u00edt\u00e1sait, valamint az \u00e9p\u00fclet ki\u00fcr\u00edt\u00e9si terv\u00e9ben szerepl\u0151 el\u0151\u00edr\u00e1sok szerint viselkedni.\u00a0<\/span><\/i><\/p>\n<p><i><span style=\"font-weight: 400;\">A ruhat\u00e1r haszn\u00e1lata ingyenes \u00e9s a k\u00f6vetkez\u0151 esetekben k\u00f6telez\u0151: utaz\u00f3t\u00e1ska, sportt\u00e1ska, b\u0151r\u00f6nd, h\u00e1tizs\u00e1k, eserny\u0151 \u00e9s minden egy\u00e9b 30\u00d740\u00d720 cm-n\u00e9l nagyobb m\u00e9ret\u0171 t\u00e1ska, valamint nedves kab\u00e1t a ki\u00e1ll\u00edt\u00f3t\u00e9rbe nem vihet\u0151 be. H\u00e1ton semmilyen m\u00e9ret\u0171 t\u00e1ska nem viselhet\u0151.<\/span><\/i><\/p>\n<p><i><span style=\"font-weight: 400;\">Csoportos l\u00e1togat\u00e1s eset\u00e9n a csoport vezet\u0151j\u00e9t terheli a felel\u0151ss\u00e9g az\u00e9rt, hogy csoport minden tagja betartsa a h\u00e1zirendben foglaltakat.<\/span><\/i><\/p>\n<p><i><span style=\"font-weight: 400;\">F\u00e9nyk\u00e9p, vide\u00f3 k\u00e9sz\u00edt\u00e9se kiz\u00e1r\u00f3lag mag\u00e1nc\u00e9l\u00fa felhaszn\u00e1l\u00e1s eset\u00e9n, vaku \u00e9s \u00e1llv\u00e1ny, valamint szelfibot haszn\u00e1lata n\u00e9lk\u00fcl enged\u00e9lyezett. A fot\u00f3z\u00e1st \u00fagy kell v\u00e9gezni, hogy azzal m\u00e1sok l\u00e1togat\u00e1s\u00e1t ne zavarj\u00e1k! A m\u00fazeumban k\u00e9sz\u00edtett f\u00e9nyk\u00e9pek mag\u00e1nc\u00e9l\u00fa szem\u00e9lyes haszn\u00e1latt\u00f3l elt\u00e9r\u0151 felhaszn\u00e1l\u00e1sa (pl. publik\u00e1l\u00e1s), valamint kereskedelmi forgalomba hozatala el\u0151zetes igazgat\u00f3i enged\u00e9lyhez k\u00f6t\u00f6tt.<\/span><\/i><\/p>\n<p><i><span style=\"font-weight: 400;\">A Tragor Ign\u00e1c M\u00fazeum ki\u00e1ll\u00edt\u00f3helyeinek nyitvatart\u00e1sa:\u00a0<\/span><\/i><\/p>\n<p><i><span style=\"font-weight: 400;\">Memento Mori\/Ars Memorandi: kedd &#8211; vas\u00e1rnap: 10.00-18.00<\/span><\/i><\/p>\n<p><i><span style=\"font-weight: 400;\">Pann\u00f3nia H\u00e1z: szerda &#8211; vas\u00e1rnap: 10.00 -18.00<\/span><\/i><\/p>\n<p><i><span style=\"font-weight: 400;\">Ett\u0151l elt\u00e9r\u0151 id\u0151pontban a ki\u00e1ll\u00edt\u00e1sok megtekint\u00e9se rendk\u00edv\u00fcli nyitva tart\u00e1si d\u00edj fej\u00e9ben vehet\u0151 ig\u00e9nybe. Minden egy\u00e9b, rendk\u00edv\u00fcli nyitvatart\u00e1sunkr\u00f3l, vagy rendk\u00edv\u00fcli okb\u00f3l bek\u00f6vetkez\u0151 z\u00e1rvatart\u00e1sr\u00f3l, r\u00f6vid\u00edtett nyitvatart\u00e1sr\u00f3l hivatalos honlapunkon, a www.muzeumvac.hu honlapon adunk t\u00e1j\u00e9koztat\u00e1st.<\/span><\/i><\/p>\n<p><i><span style=\"font-weight: 400;\">A ki\u00e1ll\u00edt\u00e1si tereket a m\u00fazeum \u00e9p\u00fclet\u00e9nek z\u00e1r\u00e1sa el\u0151tt 10 perccel k\u00e9rj\u00fck elhagyni, hogy elegend\u0151 id\u0151 \u00e1lljon rendelkez\u00e9sre a ruhat\u00e1rban elhelyezett t\u00e1rgyak \u00e1tv\u00e9tel\u00e9re. P\u00e9nzt\u00e1raink a mindenkori nyitvatart\u00e1si id\u0151 v\u00e9ge el\u0151tt 30 perccel z\u00e1rnak. A kombin\u00e1lt jegyek megv\u00e1s\u00e1rl\u00e1s\u00e1n\u00e1l k\u00e9rj\u00fck, vegye figyelembe a nyitvatart\u00e1si id\u0151t! Az \u00e9p\u00fcletet 18 \u00f3r\u00e1ig k\u00e9rj\u00fck elhagyni.<\/span><\/i><\/p>\n<p><i><span style=\"font-weight: 400;\">A h\u00e1zirend megszeg\u00e9s\u00e9b\u0151l fakad\u00f3 k\u00e1rok\u00e9rt a h\u00e1zirendet megszeg\u0151 (vagy a h\u00e1zirendet megszeg\u0151 szem\u00e9ly\u00e9rt felel\u0151s) szem\u00e9ly felel. Amennyiben a h\u00e1zirend megszeg\u00e9se egyben jogszab\u00e1lys\u00e9rt\u00e9st is jelent, a h\u00e1zirendet megszeg\u0151 (vagy a h\u00e1zirendet megszeg\u0151 szem\u00e9ly\u00e9rt felel\u0151s) szem\u00e9ly viseli a jogszab\u00e1lyi felel\u0151ss\u00e9get, \u0151t terhelik az esetleges jogszab\u00e1lyi szankci\u00f3k.\u00a0<\/span><\/i><\/p>\n<p><i><span style=\"font-weight: 400;\">A h\u00e1zirend betart\u00e1sa k\u00f6z\u00f6s \u00e9rdek\u00fcnk, k\u00f6sz\u00f6nj\u00fck Tisztelt L\u00e1togat\u00f3ink sz\u00edves egy\u00fcttm\u0171k\u00f6d\u00e9s\u00e9t.<\/span><\/i><\/p>\n<p>[\/et_pb_text][\/et_pb_column][\/et_pb_row][\/et_pb_section]<\/p>\n","protected":false},"excerpt":{"rendered":"<p>A Tragor Ign\u00e1c M\u00fazeum ki\u00e1ll\u00edt\u00f3helyeinek h\u00e1zirendje &nbsp; A l\u00e1togat\u00f3 a m\u00fazeum ki\u00e1ll\u00edt\u00f3hely\u00e9re t\u00f6rt\u00e9n\u0151 bel\u00e9p\u00e9s\u00e9vel elfogadja a h\u00e1zirendben foglalt szab\u00e1lyokat. A m\u00fazeum kertjeit, ki\u00e1ll\u00edt\u00f3termeit, a ki\u00e1ll\u00edt\u00e1sokat \u00e9s a m\u00fazeumi rendezv\u00e9nyeket mindenki [&hellip;]<\/p>\n","protected":false},"author":1,"featured_media":0,"parent":0,"menu_order":0,"comment_status":"closed","ping_status":"closed","template":"","meta":{"_et_pb_use_builder":"on","_et_pb_old_content":"","_et_gb_content_width":"","footnotes":""},"class_list":["post-3336","page","type-page","status-publish","hentry"],"yoast_head":"<!-- This site is optimized with the Yoast SEO Premium plugin v27.3 (Yoast SEO v27.3) - https:\/\/yoast.com\/product\/yoast-seo-premium-wordpress\/ -->\n<title>L\u00e1togat\u00f3i szab\u00e1lyzat - TRAGOR IGN\u00c1C M\u00daZEUM \u2022 V\u00c1C<\/title>\n<meta name=\"description\" content=\"Egy m\u00fazeum, ezer \u00e9lm\u00e9ny!\" \/>\n<meta name=\"robots\" content=\"index, follow, max-snippet:-1, max-image-preview:large, max-video-preview:-1\" \/>\n<link rel=\"canonical\" href=\"https:\/\/muzeumvac.hu\/en\/latogatoi-szabalyzat\/\" \/>\n<meta property=\"og:locale\" content=\"en_GB\" \/>\n<meta property=\"og:type\" content=\"article\" \/>\n<meta property=\"og:title\" content=\"L\u00e1togat\u00f3i szab\u00e1lyzat\" \/>\n<meta property=\"og:description\" content=\"Egy m\u00fazeum, ezer \u00e9lm\u00e9ny!\" \/>\n<meta property=\"og:url\" content=\"https:\/\/muzeumvac.hu\/en\/latogatoi-szabalyzat\/\" \/>\n<meta property=\"og:site_name\" content=\"TRAGOR IGN\u00c1C M\u00daZEUM \u2022 V\u00c1C\" \/>\n<meta property=\"article:publisher\" content=\"https:\/\/www.facebook.com\/vac.tragorignacmuzeum\" \/>\n<meta property=\"article:modified_time\" content=\"2025-12-01T12:39:58+00:00\" \/>\n<meta name=\"twitter:card\" content=\"summary_large_image\" \/>\n<script type=\"application\/ld+json\" class=\"yoast-schema-graph\">{\"@context\":\"https:\\\/\\\/schema.org\",\"@graph\":[{\"@type\":\"WebPage\",\"@id\":\"https:\\\/\\\/muzeumvac.hu\\\/latogatoi-szabalyzat\\\/\",\"url\":\"https:\\\/\\\/muzeumvac.hu\\\/latogatoi-szabalyzat\\\/\",\"name\":\"L\u00e1togat\u00f3i szab\u00e1lyzat - TRAGOR IGN\u00c1C M\u00daZEUM \u2022 V\u00c1C\",\"isPartOf\":{\"@id\":\"https:\\\/\\\/muzeumvac.hu\\\/#website\"},\"datePublished\":\"2025-08-31T16:19:46+00:00\",\"dateModified\":\"2025-12-01T12:39:58+00:00\",\"description\":\"Egy m\u00fazeum, ezer \u00e9lm\u00e9ny!\",\"breadcrumb\":{\"@id\":\"https:\\\/\\\/muzeumvac.hu\\\/latogatoi-szabalyzat\\\/#breadcrumb\"},\"inLanguage\":\"en-GB\",\"potentialAction\":[{\"@type\":\"ReadAction\",\"target\":[\"https:\\\/\\\/muzeumvac.hu\\\/latogatoi-szabalyzat\\\/\"]}]},{\"@type\":\"BreadcrumbList\",\"@id\":\"https:\\\/\\\/muzeumvac.hu\\\/latogatoi-szabalyzat\\\/#breadcrumb\",\"itemListElement\":[{\"@type\":\"ListItem\",\"position\":1,\"name\":\"Kezd\u0151lap\",\"item\":\"https:\\\/\\\/muzeumvac.hu\\\/\"},{\"@type\":\"ListItem\",\"position\":2,\"name\":\"L\u00e1togat\u00f3i szab\u00e1lyzat\"}]},{\"@type\":\"WebSite\",\"@id\":\"https:\\\/\\\/muzeumvac.hu\\\/#website\",\"url\":\"https:\\\/\\\/muzeumvac.hu\\\/\",\"name\":\"TRAGOR IGN\u00c1C M\u00daZEUM \u2022 V\u00c1C\",\"description\":\"Egy m\u00fazeum, ezer \u00e9lm\u00e9ny!\",\"publisher\":{\"@id\":\"https:\\\/\\\/muzeumvac.hu\\\/#organization\"},\"potentialAction\":[{\"@type\":\"SearchAction\",\"target\":{\"@type\":\"EntryPoint\",\"urlTemplate\":\"https:\\\/\\\/muzeumvac.hu\\\/?s={search_term_string}\"},\"query-input\":{\"@type\":\"PropertyValueSpecification\",\"valueRequired\":true,\"valueName\":\"search_term_string\"}}],\"inLanguage\":\"en-GB\"},{\"@type\":\"Organization\",\"@id\":\"https:\\\/\\\/muzeumvac.hu\\\/#organization\",\"name\":\"TRAGOR IGN\u00c1C M\u00daZEUM \u2022 V\u00c1C\",\"url\":\"https:\\\/\\\/muzeumvac.hu\\\/\",\"logo\":{\"@type\":\"ImageObject\",\"inLanguage\":\"en-GB\",\"@id\":\"https:\\\/\\\/muzeumvac.hu\\\/#\\\/schema\\\/logo\\\/image\\\/\",\"url\":\"https:\\\/\\\/muzeumvac.hu\\\/wp-content\\\/uploads\\\/2025\\\/07\\\/tragor_ignac_logo.png\",\"contentUrl\":\"https:\\\/\\\/muzeumvac.hu\\\/wp-content\\\/uploads\\\/2025\\\/07\\\/tragor_ignac_logo.png\",\"width\":161,\"height\":126,\"caption\":\"TRAGOR IGN\u00c1C M\u00daZEUM \u2022 V\u00c1C\"},\"image\":{\"@id\":\"https:\\\/\\\/muzeumvac.hu\\\/#\\\/schema\\\/logo\\\/image\\\/\"},\"sameAs\":[\"https:\\\/\\\/www.facebook.com\\\/vac.tragorignacmuzeum\",\"https:\\\/\\\/www.instagram.com\\\/tragormuzeum\",\"https:\\\/\\\/www.youtube.com\\\/@TragorIgncMzeum-vac\"]}]}<\/script>\n<!-- \/ Yoast SEO Premium plugin. -->","yoast_head_json":{"title":"L\u00e1togat\u00f3i szab\u00e1lyzat - TRAGOR IGN\u00c1C M\u00daZEUM \u2022 V\u00c1C","description":"One museum, a thousand experiences!","robots":{"index":"index","follow":"follow","max-snippet":"max-snippet:-1","max-image-preview":"max-image-preview:large","max-video-preview":"max-video-preview:-1"},"canonical":"https:\/\/muzeumvac.hu\/en\/latogatoi-szabalyzat\/","og_locale":"en_GB","og_type":"article","og_title":"L\u00e1togat\u00f3i szab\u00e1lyzat","og_description":"Egy m\u00fazeum, ezer \u00e9lm\u00e9ny!","og_url":"https:\/\/muzeumvac.hu\/en\/latogatoi-szabalyzat\/","og_site_name":"TRAGOR IGN\u00c1C M\u00daZEUM \u2022 V\u00c1C","article_publisher":"https:\/\/www.facebook.com\/vac.tragorignacmuzeum","article_modified_time":"2025-12-01T12:39:58+00:00","twitter_card":"summary_large_image","schema":{"@context":"https:\/\/schema.org","@graph":[{"@type":"WebPage","@id":"https:\/\/muzeumvac.hu\/latogatoi-szabalyzat\/","url":"https:\/\/muzeumvac.hu\/latogatoi-szabalyzat\/","name":"L\u00e1togat\u00f3i szab\u00e1lyzat - TRAGOR IGN\u00c1C M\u00daZEUM \u2022 V\u00c1C","isPartOf":{"@id":"https:\/\/muzeumvac.hu\/#website"},"datePublished":"2025-08-31T16:19:46+00:00","dateModified":"2025-12-01T12:39:58+00:00","description":"One museum, a thousand experiences!","breadcrumb":{"@id":"https:\/\/muzeumvac.hu\/latogatoi-szabalyzat\/#breadcrumb"},"inLanguage":"en-GB","potentialAction":[{"@type":"ReadAction","target":["https:\/\/muzeumvac.hu\/latogatoi-szabalyzat\/"]}]},{"@type":"BreadcrumbList","@id":"https:\/\/muzeumvac.hu\/latogatoi-szabalyzat\/#breadcrumb","itemListElement":[{"@type":"ListItem","position":1,"name":"Kezd\u0151lap","item":"https:\/\/muzeumvac.hu\/"},{"@type":"ListItem","position":2,"name":"L\u00e1togat\u00f3i szab\u00e1lyzat"}]},{"@type":"WebSite","@id":"https:\/\/muzeumvac.hu\/#website","url":"https:\/\/muzeumvac.hu\/","name":"TRAGOR IGN\u00c1C M\u00daZEUM \u2022 V\u00c1C","description":"One museum, a thousand experiences!","publisher":{"@id":"https:\/\/muzeumvac.hu\/#organization"},"potentialAction":[{"@type":"SearchAction","target":{"@type":"EntryPoint","urlTemplate":"https:\/\/muzeumvac.hu\/?s={search_term_string}"},"query-input":{"@type":"PropertyValueSpecification","valueRequired":true,"valueName":"search_term_string"}}],"inLanguage":"en-GB"},{"@type":"Organization","@id":"https:\/\/muzeumvac.hu\/#organization","name":"TRAGOR IGN\u00c1C M\u00daZEUM \u2022 V\u00c1C","url":"https:\/\/muzeumvac.hu\/","logo":{"@type":"ImageObject","inLanguage":"en-GB","@id":"https:\/\/muzeumvac.hu\/#\/schema\/logo\/image\/","url":"https:\/\/muzeumvac.hu\/wp-content\/uploads\/2025\/07\/tragor_ignac_logo.png","contentUrl":"https:\/\/muzeumvac.hu\/wp-content\/uploads\/2025\/07\/tragor_ignac_logo.png","width":161,"height":126,"caption":"TRAGOR IGN\u00c1C M\u00daZEUM \u2022 V\u00c1C"},"image":{"@id":"https:\/\/muzeumvac.hu\/#\/schema\/logo\/image\/"},"sameAs":["https:\/\/www.facebook.com\/vac.tragorignacmuzeum","https:\/\/www.instagram.com\/tragormuzeum","https:\/\/www.youtube.com\/@TragorIgncMzeum-vac"]}]}},"_links":{"self":[{"href":"https:\/\/muzeumvac.hu\/en\/wp-json\/wp\/v2\/pages\/3336","targetHints":{"allow":["GET"]}}],"collection":[{"href":"https:\/\/muzeumvac.hu\/en\/wp-json\/wp\/v2\/pages"}],"about":[{"href":"https:\/\/muzeumvac.hu\/en\/wp-json\/wp\/v2\/types\/page"}],"author":[{"embeddable":true,"href":"https:\/\/muzeumvac.hu\/en\/wp-json\/wp\/v2\/users\/1"}],"replies":[{"embeddable":true,"href":"https:\/\/muzeumvac.hu\/en\/wp-json\/wp\/v2\/comments?post=3336"}],"version-history":[{"count":3,"href":"https:\/\/muzeumvac.hu\/en\/wp-json\/wp\/v2\/pages\/3336\/revisions"}],"predecessor-version":[{"id":4403,"href":"https:\/\/muzeumvac.hu\/en\/wp-json\/wp\/v2\/pages\/3336\/revisions\/4403"}],"wp:attachment":[{"href":"https:\/\/muzeumvac.hu\/en\/wp-json\/wp\/v2\/media?parent=3336"}],"curies":[{"name":"wp","href":"https:\/\/api.w.org\/{rel}","templated":true}]}}