{"id":3002,"date":"2025-08-19T16:27:47","date_gmt":"2025-08-19T14:27:47","guid":{"rendered":"https:\/\/muzeumvac.hu\/?page_id=3002"},"modified":"2025-12-08T08:44:12","modified_gmt":"2025-12-08T07:44:12","slug":"dijtalan-es-kedvezmenyes-belepes-feltetelei","status":"publish","type":"page","link":"https:\/\/muzeumvac.hu\/en\/nyitvatartas-es-belepojegyek\/dijtalan-es-kedvezmenyes-belepes-feltetelei\/","title":{"rendered":"D\u00edjtalan \u00e9s kedvezm\u00e9nyes bel\u00e9p\u00e9s felt\u00e9telei"},"content":{"rendered":"<p>[et_pb_section fb_built=&#8221;1&#8243; _builder_version=&#8221;4.27.4&#8243; _module_preset=&#8221;default&#8221; global_colors_info=&#8221;{}&#8221;][et_pb_row _builder_version=&#8221;4.27.4&#8243; _module_preset=&#8221;default&#8221; global_colors_info=&#8221;{}&#8221;][et_pb_column type=&#8221;4_4&#8243; _builder_version=&#8221;4.27.4&#8243; _module_preset=&#8221;default&#8221; global_colors_info=&#8221;{}&#8221;][et_pb_text _builder_version=&#8221;4.27.4&#8243; _module_preset=&#8221;default&#8221; global_colors_info=&#8221;{}&#8221;]<\/p>\n<p>D\u00edjtalan \u00e9s kedvezm\u00e9nyes bel\u00e9p\u0151t csak a l\u00e1togat\u00e1s napj\u00e1n, a kedvezm\u00e9nyre jogos\u00edt\u00f3 igazolv\u00e1nyt bemutatva tudunk kiadni.<\/p>\n<p>D\u00edjtalan bel\u00e9p\u00e9sre jogosultak mind az \u00e1lland\u00f3, mind az id\u0151szaki ki\u00e1ll\u00edt\u00e1sra:<\/p>\n<ul>\n<li style=\"list-style-type: none;\">\n<ul>\n<li>6 \u00e9ves kor alatt mindenki;<\/li>\n<li>70 \u00e9ves kor felett csak az EGT tag\u00e1llamok \u00e1llampolg\u00e1rai;<\/li>\n<li>a miniszter \u00e1ltal kiadott szakmai bel\u00e9p\u0151vel rendelkez\u0151k (csak az EGT tag\u00e1llamok \u00e1llampolg\u00e1rai);<\/li>\n<li>a legal\u00e1bb 400 f\u0151s tagl\u00e9tsz\u00e1mmal rendelkez\u0151, orsz\u00e1gos hat\u00e1sk\u00f6r\u0171 k\u00f6zgy\u0171jtem\u00e9nyi szakmai szervezet tagjai (Pulszky T\u00e1rsas\u00e1g \u2013 Magyar M\u00fazeumi Egyes\u00fclet, Magyar K\u00f6nyvt\u00e1rosok Egyes\u00fclete, Magyar Lev\u00e9lt\u00e1rosok Egyes\u00fclete), az adott \u00e9vre \u00e9rv\u00e9nyes tags\u00e1gi igazolv\u00e1nnyal (csak az EGT tag\u00e1llamok \u00e1llampolg\u00e1rai sz\u00e1m\u00e1ra);<\/li>\n<li>k\u00f6zoktat\u00e1sban dolgoz\u00f3 (akt\u00edv) pedag\u00f3gusok az adott tan\u00e9vre \u00e9rv\u00e9nyes\u00edtett pedag\u00f3gus igazolv\u00e1nnyal (csak az EGT tag\u00e1llamok \u00e1llampolg\u00e1rai); &#8211; a korl\u00e1tlan ideig \u00e9rv\u00e9nyes\u00edtett igazolv\u00e1nyokkal nem vehet\u0151 ig\u00e9nybe;<\/li>\n<li>nemzetk\u00f6zi szerz\u0151d\u00e9sek alapj\u00e1n \u00e9rv\u00e9nyes igazolv\u00e1nnyal rendelkez\u0151k (ICOM, ICOMOS);<\/li>\n<li>f\u00e9nyk\u00e9pes \u00fajs\u00e1g\u00edr\u00f3 igazolv\u00e1nnyal rendelkez\u0151k;<\/li>\n<li>nemzeti \u00fcnnepeken (m\u00e1rcius 15., augusztus 20., okt\u00f3ber 23.) \u00e1llampolg\u00e1rs\u00e1gra val\u00f3 tekintet n\u00e9lk\u00fcl minden l\u00e1togat\u00f3;<\/li>\n<li>a fogyat\u00e9kkal \u00e9l\u0151 szem\u00e9lyek, valamint k\u00eds\u00e9r\u0151ik (jogosultank\u00e9nt max. 1 f\u0151) d\u00edjtalan bel\u00e9p\u00e9sre jogosultak;<\/li>\n<\/ul>\n<\/li>\n<\/ul>\n<p>A muze\u00e1lis int\u00e9zm\u00e9nyek \u00e1lland\u00f3 \u00e9s id\u0151szaki ki\u00e1ll\u00edt\u00e1sait <strong>50%-os kedvezm\u00e9nyes bel\u00e9p\u0151d\u00edj fizet\u00e9s\u00e9vel<\/strong> l\u00e1togathatja az EGT-\u00e1llampolg\u00e1r:<\/p>\n<p style=\"padding-left: 40px;\">a) a 6. \u00e9let\u00e9v\u00e9nek bet\u00f6lt\u00e9s\u00e9t\u0151l 26. \u00e9let\u00e9v\u00e9nek bet\u00f6lt\u00e9s\u00e9ig,<\/p>\n<p style=\"padding-left: 40px;\">b) 62 \u00e9v felett,<\/p>\n<p style=\"padding-left: 40px;\">c) amennyiben legal\u00e1bb k\u00e9t, 18 \u00e9v alatti szem\u00e9lyt k\u00eds\u00e9r, \u00e9s azok \u2013 a Polg\u00e1ri T\u00f6rv\u00e9nyk\u00f6nyvr\u0151l sz\u00f3l\u00f3 2013. \u00e9vi V. t\u00f6rv\u00e9ny (a tov\u00e1bbiakban: Ptk. ) 8:1.\u00a7 (1) bekezd\u00e9s 1. pontja szerinti \u2013 k\u00f6zeli hozz\u00e1tartoz\u00f3ja (legfeljebb 2 f\u0151), a (2) bekezd\u00e9s b) pontj\u00e1ban foglalt eset kiv\u00e9tel\u00e9vel.<\/p>\n<p><strong>D\u00edjtalanul l\u00e1togathatja<\/strong> a muze\u00e1lis int\u00e9zm\u00e9nyek \u00e1lland\u00f3 ki\u00e1ll\u00edt\u00e1sait az EGT-\u00e1llampolg\u00e1r <strong>minden h\u00f3nap harmadik vas\u00e1rnapj\u00e1n<\/strong>, amennyiben:<\/p>\n<p style=\"padding-left: 40px;\">a) a 26. \u00e9let\u00e9v\u00e9t m\u00e9g nem t\u00f6lt\u00f6tte be,<\/p>\n<p style=\"padding-left: 40px;\">b) 18 \u00e9v alatti szem\u00e9lyt k\u00eds\u00e9r, \u00e9s annak a\u00a0 Ptk. 8:1.\u00a7 (1) bekezd\u00e9s 1. pontja szerinti k\u00f6zeli hozz\u00e1tartoz\u00f3ja (legfeljebb 2 f\u0151).<\/p>\n<p>[\/et_pb_text][\/et_pb_column][\/et_pb_row][et_pb_row _builder_version=&#8221;4.27.4&#8243; _module_preset=&#8221;default&#8221; global_colors_info=&#8221;{}&#8221;][et_pb_column type=&#8221;4_4&#8243; _builder_version=&#8221;4.27.4&#8243; _module_preset=&#8221;default&#8221; global_colors_info=&#8221;{}&#8221;][et_pb_icon font_icon=&#8221;&#x23;||divi||400&#8243; url=&#8221;@ET-DC@eyJkeW5hbWljIjp0cnVlLCJjb250ZW50IjoicG9zdF9saW5rX3VybF9wYWdlIiwic2V0dGluZ3MiOnsicG9zdF9pZCI6IjM1MiJ9fQ==@&#8221; align=&#8221;right&#8221; _builder_version=&#8221;4.27.4&#8243; _dynamic_attributes=&#8221;url&#8221; _module_preset=&#8221;default&#8221; global_colors_info=&#8221;{}&#8221;][\/et_pb_icon][\/et_pb_column][\/et_pb_row][\/et_pb_section]<\/p>\n","protected":false},"excerpt":{"rendered":"<p>D\u00edjtalan \u00e9s kedvezm\u00e9nyes bel\u00e9p\u0151t csak a l\u00e1togat\u00e1s napj\u00e1n, a kedvezm\u00e9nyre jogos\u00edt\u00f3 igazolv\u00e1nyt bemutatva tudunk kiadni. D\u00edjtalan bel\u00e9p\u00e9sre jogosultak mind az \u00e1lland\u00f3, mind az id\u0151szaki ki\u00e1ll\u00edt\u00e1sra: 6 \u00e9ves kor alatt mindenki; [&hellip;]<\/p>\n","protected":false},"author":1,"featured_media":0,"parent":352,"menu_order":0,"comment_status":"closed","ping_status":"closed","template":"","meta":{"_et_pb_use_builder":"on","_et_pb_old_content":"","_et_gb_content_width":"","footnotes":""},"class_list":["post-3002","page","type-page","status-publish","hentry"],"yoast_head":"<!-- This site is optimized with the Yoast SEO Premium plugin v27.3 (Yoast SEO v27.3) - https:\/\/yoast.com\/product\/yoast-seo-premium-wordpress\/ -->\n<title>D\u00edjtalan \u00e9s kedvezm\u00e9nyes bel\u00e9p\u00e9s felt\u00e9telei - TRAGOR IGN\u00c1C M\u00daZEUM \u2022 V\u00c1C<\/title>\n<meta name=\"description\" content=\"Egy m\u00fazeum, ezer \u00e9lm\u00e9ny!\" \/>\n<meta name=\"robots\" content=\"index, follow, max-snippet:-1, max-image-preview:large, max-video-preview:-1\" \/>\n<link rel=\"canonical\" href=\"https:\/\/muzeumvac.hu\/en\/nyitvatartas-es-belepojegyek\/dijtalan-es-kedvezmenyes-belepes-feltetelei\/\" \/>\n<meta property=\"og:locale\" content=\"en_GB\" \/>\n<meta property=\"og:type\" content=\"article\" \/>\n<meta property=\"og:title\" content=\"D\u00edjtalan \u00e9s kedvezm\u00e9nyes bel\u00e9p\u00e9s felt\u00e9telei\" \/>\n<meta property=\"og:description\" content=\"Egy m\u00fazeum, ezer \u00e9lm\u00e9ny!\" \/>\n<meta property=\"og:url\" content=\"https:\/\/muzeumvac.hu\/en\/nyitvatartas-es-belepojegyek\/dijtalan-es-kedvezmenyes-belepes-feltetelei\/\" \/>\n<meta property=\"og:site_name\" content=\"TRAGOR IGN\u00c1C M\u00daZEUM \u2022 V\u00c1C\" \/>\n<meta property=\"article:publisher\" content=\"https:\/\/www.facebook.com\/vac.tragorignacmuzeum\" \/>\n<meta property=\"article:modified_time\" content=\"2025-12-08T07:44:12+00:00\" \/>\n<meta name=\"twitter:card\" content=\"summary_large_image\" \/>\n<meta name=\"twitter:label1\" content=\"Estimated reading time\" \/>\n\t<meta name=\"twitter:data1\" content=\"3 minutes\" \/>\n<script type=\"application\/ld+json\" class=\"yoast-schema-graph\">{\"@context\":\"https:\\\/\\\/schema.org\",\"@graph\":[{\"@type\":\"WebPage\",\"@id\":\"https:\\\/\\\/muzeumvac.hu\\\/nyitvatartas-es-belepojegyek\\\/dijtalan-es-kedvezmenyes-belepes-feltetelei\\\/\",\"url\":\"https:\\\/\\\/muzeumvac.hu\\\/nyitvatartas-es-belepojegyek\\\/dijtalan-es-kedvezmenyes-belepes-feltetelei\\\/\",\"name\":\"D\u00edjtalan \u00e9s kedvezm\u00e9nyes bel\u00e9p\u00e9s felt\u00e9telei - TRAGOR IGN\u00c1C M\u00daZEUM \u2022 V\u00c1C\",\"isPartOf\":{\"@id\":\"https:\\\/\\\/muzeumvac.hu\\\/#website\"},\"datePublished\":\"2025-08-19T14:27:47+00:00\",\"dateModified\":\"2025-12-08T07:44:12+00:00\",\"description\":\"Egy m\u00fazeum, ezer \u00e9lm\u00e9ny!\",\"breadcrumb\":{\"@id\":\"https:\\\/\\\/muzeumvac.hu\\\/nyitvatartas-es-belepojegyek\\\/dijtalan-es-kedvezmenyes-belepes-feltetelei\\\/#breadcrumb\"},\"inLanguage\":\"en-GB\",\"potentialAction\":[{\"@type\":\"ReadAction\",\"target\":[\"https:\\\/\\\/muzeumvac.hu\\\/nyitvatartas-es-belepojegyek\\\/dijtalan-es-kedvezmenyes-belepes-feltetelei\\\/\"]}]},{\"@type\":\"BreadcrumbList\",\"@id\":\"https:\\\/\\\/muzeumvac.hu\\\/nyitvatartas-es-belepojegyek\\\/dijtalan-es-kedvezmenyes-belepes-feltetelei\\\/#breadcrumb\",\"itemListElement\":[{\"@type\":\"ListItem\",\"position\":1,\"name\":\"Kezd\u0151lap\",\"item\":\"https:\\\/\\\/muzeumvac.hu\\\/\"},{\"@type\":\"ListItem\",\"position\":2,\"name\":\"Nyitvatart\u00e1s \u00e9s bel\u00e9p\u0151jegyek\",\"item\":\"https:\\\/\\\/muzeumvac.hu\\\/nyitvatartas-es-belepojegyek\\\/\"},{\"@type\":\"ListItem\",\"position\":3,\"name\":\"D\u00edjtalan \u00e9s kedvezm\u00e9nyes bel\u00e9p\u00e9s felt\u00e9telei\"}]},{\"@type\":\"WebSite\",\"@id\":\"https:\\\/\\\/muzeumvac.hu\\\/#website\",\"url\":\"https:\\\/\\\/muzeumvac.hu\\\/\",\"name\":\"TRAGOR IGN\u00c1C M\u00daZEUM \u2022 V\u00c1C\",\"description\":\"Egy m\u00fazeum, ezer \u00e9lm\u00e9ny!\",\"publisher\":{\"@id\":\"https:\\\/\\\/muzeumvac.hu\\\/#organization\"},\"potentialAction\":[{\"@type\":\"SearchAction\",\"target\":{\"@type\":\"EntryPoint\",\"urlTemplate\":\"https:\\\/\\\/muzeumvac.hu\\\/?s={search_term_string}\"},\"query-input\":{\"@type\":\"PropertyValueSpecification\",\"valueRequired\":true,\"valueName\":\"search_term_string\"}}],\"inLanguage\":\"en-GB\"},{\"@type\":\"Organization\",\"@id\":\"https:\\\/\\\/muzeumvac.hu\\\/#organization\",\"name\":\"TRAGOR IGN\u00c1C M\u00daZEUM \u2022 V\u00c1C\",\"url\":\"https:\\\/\\\/muzeumvac.hu\\\/\",\"logo\":{\"@type\":\"ImageObject\",\"inLanguage\":\"en-GB\",\"@id\":\"https:\\\/\\\/muzeumvac.hu\\\/#\\\/schema\\\/logo\\\/image\\\/\",\"url\":\"https:\\\/\\\/muzeumvac.hu\\\/wp-content\\\/uploads\\\/2025\\\/07\\\/tragor_ignac_logo.png\",\"contentUrl\":\"https:\\\/\\\/muzeumvac.hu\\\/wp-content\\\/uploads\\\/2025\\\/07\\\/tragor_ignac_logo.png\",\"width\":161,\"height\":126,\"caption\":\"TRAGOR IGN\u00c1C M\u00daZEUM \u2022 V\u00c1C\"},\"image\":{\"@id\":\"https:\\\/\\\/muzeumvac.hu\\\/#\\\/schema\\\/logo\\\/image\\\/\"},\"sameAs\":[\"https:\\\/\\\/www.facebook.com\\\/vac.tragorignacmuzeum\",\"https:\\\/\\\/www.instagram.com\\\/tragormuzeum\",\"https:\\\/\\\/www.youtube.com\\\/@TragorIgncMzeum-vac\"]}]}<\/script>\n<!-- \/ Yoast SEO Premium plugin. -->","yoast_head_json":{"title":"D\u00edjtalan \u00e9s kedvezm\u00e9nyes bel\u00e9p\u00e9s felt\u00e9telei - TRAGOR IGN\u00c1C M\u00daZEUM \u2022 V\u00c1C","description":"One museum, a thousand experiences!","robots":{"index":"index","follow":"follow","max-snippet":"max-snippet:-1","max-image-preview":"max-image-preview:large","max-video-preview":"max-video-preview:-1"},"canonical":"https:\/\/muzeumvac.hu\/en\/nyitvatartas-es-belepojegyek\/dijtalan-es-kedvezmenyes-belepes-feltetelei\/","og_locale":"en_GB","og_type":"article","og_title":"D\u00edjtalan \u00e9s kedvezm\u00e9nyes bel\u00e9p\u00e9s felt\u00e9telei","og_description":"Egy m\u00fazeum, ezer \u00e9lm\u00e9ny!","og_url":"https:\/\/muzeumvac.hu\/en\/nyitvatartas-es-belepojegyek\/dijtalan-es-kedvezmenyes-belepes-feltetelei\/","og_site_name":"TRAGOR IGN\u00c1C M\u00daZEUM \u2022 V\u00c1C","article_publisher":"https:\/\/www.facebook.com\/vac.tragorignacmuzeum","article_modified_time":"2025-12-08T07:44:12+00:00","twitter_card":"summary_large_image","twitter_misc":{"Estimated reading time":"3 minutes"},"schema":{"@context":"https:\/\/schema.org","@graph":[{"@type":"WebPage","@id":"https:\/\/muzeumvac.hu\/nyitvatartas-es-belepojegyek\/dijtalan-es-kedvezmenyes-belepes-feltetelei\/","url":"https:\/\/muzeumvac.hu\/nyitvatartas-es-belepojegyek\/dijtalan-es-kedvezmenyes-belepes-feltetelei\/","name":"D\u00edjtalan \u00e9s kedvezm\u00e9nyes bel\u00e9p\u00e9s felt\u00e9telei - TRAGOR IGN\u00c1C M\u00daZEUM \u2022 V\u00c1C","isPartOf":{"@id":"https:\/\/muzeumvac.hu\/#website"},"datePublished":"2025-08-19T14:27:47+00:00","dateModified":"2025-12-08T07:44:12+00:00","description":"One museum, a thousand experiences!","breadcrumb":{"@id":"https:\/\/muzeumvac.hu\/nyitvatartas-es-belepojegyek\/dijtalan-es-kedvezmenyes-belepes-feltetelei\/#breadcrumb"},"inLanguage":"en-GB","potentialAction":[{"@type":"ReadAction","target":["https:\/\/muzeumvac.hu\/nyitvatartas-es-belepojegyek\/dijtalan-es-kedvezmenyes-belepes-feltetelei\/"]}]},{"@type":"BreadcrumbList","@id":"https:\/\/muzeumvac.hu\/nyitvatartas-es-belepojegyek\/dijtalan-es-kedvezmenyes-belepes-feltetelei\/#breadcrumb","itemListElement":[{"@type":"ListItem","position":1,"name":"Kezd\u0151lap","item":"https:\/\/muzeumvac.hu\/"},{"@type":"ListItem","position":2,"name":"Nyitvatart\u00e1s \u00e9s bel\u00e9p\u0151jegyek","item":"https:\/\/muzeumvac.hu\/nyitvatartas-es-belepojegyek\/"},{"@type":"ListItem","position":3,"name":"D\u00edjtalan \u00e9s kedvezm\u00e9nyes bel\u00e9p\u00e9s felt\u00e9telei"}]},{"@type":"WebSite","@id":"https:\/\/muzeumvac.hu\/#website","url":"https:\/\/muzeumvac.hu\/","name":"TRAGOR IGN\u00c1C M\u00daZEUM \u2022 V\u00c1C","description":"One museum, a thousand experiences!","publisher":{"@id":"https:\/\/muzeumvac.hu\/#organization"},"potentialAction":[{"@type":"SearchAction","target":{"@type":"EntryPoint","urlTemplate":"https:\/\/muzeumvac.hu\/?s={search_term_string}"},"query-input":{"@type":"PropertyValueSpecification","valueRequired":true,"valueName":"search_term_string"}}],"inLanguage":"en-GB"},{"@type":"Organization","@id":"https:\/\/muzeumvac.hu\/#organization","name":"TRAGOR IGN\u00c1C M\u00daZEUM \u2022 V\u00c1C","url":"https:\/\/muzeumvac.hu\/","logo":{"@type":"ImageObject","inLanguage":"en-GB","@id":"https:\/\/muzeumvac.hu\/#\/schema\/logo\/image\/","url":"https:\/\/muzeumvac.hu\/wp-content\/uploads\/2025\/07\/tragor_ignac_logo.png","contentUrl":"https:\/\/muzeumvac.hu\/wp-content\/uploads\/2025\/07\/tragor_ignac_logo.png","width":161,"height":126,"caption":"TRAGOR IGN\u00c1C M\u00daZEUM \u2022 V\u00c1C"},"image":{"@id":"https:\/\/muzeumvac.hu\/#\/schema\/logo\/image\/"},"sameAs":["https:\/\/www.facebook.com\/vac.tragorignacmuzeum","https:\/\/www.instagram.com\/tragormuzeum","https:\/\/www.youtube.com\/@TragorIgncMzeum-vac"]}]}},"_links":{"self":[{"href":"https:\/\/muzeumvac.hu\/en\/wp-json\/wp\/v2\/pages\/3002","targetHints":{"allow":["GET"]}}],"collection":[{"href":"https:\/\/muzeumvac.hu\/en\/wp-json\/wp\/v2\/pages"}],"about":[{"href":"https:\/\/muzeumvac.hu\/en\/wp-json\/wp\/v2\/types\/page"}],"author":[{"embeddable":true,"href":"https:\/\/muzeumvac.hu\/en\/wp-json\/wp\/v2\/users\/1"}],"replies":[{"embeddable":true,"href":"https:\/\/muzeumvac.hu\/en\/wp-json\/wp\/v2\/comments?post=3002"}],"version-history":[{"count":2,"href":"https:\/\/muzeumvac.hu\/en\/wp-json\/wp\/v2\/pages\/3002\/revisions"}],"predecessor-version":[{"id":4409,"href":"https:\/\/muzeumvac.hu\/en\/wp-json\/wp\/v2\/pages\/3002\/revisions\/4409"}],"up":[{"embeddable":true,"href":"https:\/\/muzeumvac.hu\/en\/wp-json\/wp\/v2\/pages\/352"}],"wp:attachment":[{"href":"https:\/\/muzeumvac.hu\/en\/wp-json\/wp\/v2\/media?parent=3002"}],"curies":[{"name":"wp","href":"https:\/\/api.w.org\/{rel}","templated":true}]}}