{"id":211,"date":"2025-05-20T23:46:25","date_gmt":"2025-05-20T21:46:25","guid":{"rendered":"https:\/\/muzeumvac.hu\/?page_id=211"},"modified":"2025-12-03T08:38:50","modified_gmt":"2025-12-03T07:38:50","slug":"szuletesnapok","status":"publish","type":"page","link":"https:\/\/muzeumvac.hu\/en\/szuletesnapok\/","title":{"rendered":"Birthday parties"},"content":{"rendered":"<p>[et_pb_section fb_built=&#8221;1&#8243; theme_builder_area=&#8221;post_content&#8221; _builder_version=&#8221;4.27.4&#8243; _module_preset=&#8221;default&#8221;][et_pb_row _builder_version=&#8221;4.27.4&#8243; _module_preset=&#8221;default&#8221; theme_builder_area=&#8221;post_content&#8221; hover_enabled=&#8221;0&#8243; sticky_enabled=&#8221;0&#8243;][et_pb_column _builder_version=&#8221;4.27.4&#8243; _module_preset=&#8221;default&#8221; type=&#8221;4_4&#8243; theme_builder_area=&#8221;post_content&#8221;][et_pb_text _builder_version=&#8221;4.27.4&#8243; _module_preset=&#8221;default&#8221; theme_builder_area=&#8221;post_content&#8221; hover_enabled=&#8221;0&#8243; sticky_enabled=&#8221;0&#8243;]<\/p>\n<p>Sz\u00fclinapozz a Tragor Ign\u00e1c M\u00fazeumban!<\/p>\n<p>Szeretn\u00e9d id\u00e9n egy k\u00fcl\u00f6nleges helysz\u00ednen \u00fcnnepelni a sz\u00fclinapodat? Olyan programra v\u00e1gysz, ami megmozgatja kreat\u00edv fant\u00e1zi\u00e1d \u00e9s eml\u00e9kezetes \u00e9lm\u00e9nyekkel gazdag\u00edt? Akkor gyere el hozz\u00e1nk, a Pann\u00f3nia h\u00e1zba, ahol nyomoz\u00f3 j\u00e1t\u00e9k \u00e9s m\u0171v\u00e9szi alkot\u00e1s v\u00e1r Sajdik Ferenc boh\u00f3k\u00e1s k\u00e9pei k\u00f6z\u00f6tt!<\/p>\n<p>Sz\u00fclet\u00e9snapi komplex program csomagunk egy erre elk\u00fcl\u00f6n\u00edtett termet, m\u00fazeumi felfedez\u0151 j\u00e1t\u00e9kot, kreat\u00edv csoportos k\u00e9pz\u0151m\u0171v\u00e9szeti alkot\u00e1st, hazavihet\u0151 m\u0171v\u00e9szeti munk\u00e1t, valamint egyedi sz\u00fclinapi aj\u00e1nd\u00e9koz\u00e1si cerem\u00f3ni\u00e1t foglal mag\u00e1ban.<\/p>\n<p>Az \u00fcnneps\u00e9gre torta valamint egy\u00e9b \u00e9telek \u00e9s italok behozhat\u00f3k. Az ev\u0151eszk\u00f6z\u00f6kr\u0151l, t\u00e1ny\u00e9rokr\u00f3l, poharakr\u00f3l, d\u00edsz\u00edt\u00e9sr\u0151l a sz\u00fclinaposnak kell gondoskodnia.<\/p>\n<p>Fontos: a gyertya haszn\u00e1lata m\u0171t\u00e1rgyv\u00e9delmi okokb\u00f3l nem megengedett!<\/p>\n<p>Aj\u00e1nlott koroszt\u00e1ly: 7-12 \u00e9veseknek<\/p>\n<p>L\u00e9tsz\u00e1m: 5-15 f\u0151<\/p>\n<p>Id\u0151tartam: kb. 2 \u00f3ra<\/p>\n<p>A szolg\u00e1ltat\u00e1s d\u00edja: 35\u00a0000 Ft<\/p>\n<p>A r\u00e9szv\u00e9teli d\u00edj tartalmazza az interakt\u00edv program \u00e9s a m\u0171v\u00e9szeti alkot\u00f3foglalkoz\u00e1s \u00e1r\u00e1t, valamint a r\u00e9sztvev\u0151 gyermekek \u00e9s 2 feln\u0151tt k\u00eds\u00e9r\u0151 bel\u00e9p\u0151jegy\u00e9t az \u00e1lland\u00f3 ki\u00e1ll\u00edt\u00e1sra.<\/p>\n<p>A sz\u00fclet\u00e9snapi program csomagunk h\u00e9tv\u00e9g\u00e9re k\u00e9rhet\u0151 el\u0151zetes egyeztet\u00e9s szerint.<\/p>\n<p>K\u00e9rj\u00fck r\u00e9szv\u00e9teli sz\u00e1nd\u00e9kukat a tervezett id\u0151pont el\u0151tt min. 2 h\u00e9ttel el\u0151re jelezz\u00e9k!<\/p>\n<p>Tov\u00e1bbi inform\u00e1ci\u00f3k \u00e9s jelentkez\u00e9s Szab\u00f3 Zs\u00f3fia m\u00fazeumpedag\u00f3gusn\u00e1l a k\u00f6vetkez\u0151 email c\u00edmen: <a href=\"muzeumpedagogia2@muzeumvac.hu\">muzeumpedagogia2@muzeumvac.hu<\/a>, vagy telefonon: +36302369652<\/p>\n<p>[\/et_pb_text][\/et_pb_column][\/et_pb_row][\/et_pb_section]<\/p>\n","protected":false},"excerpt":{"rendered":"<p>Sz\u00fclinapozz a Tragor Ign\u00e1c M\u00fazeumban! Szeretn\u00e9d id\u00e9n egy k\u00fcl\u00f6nleges helysz\u00ednen \u00fcnnepelni a sz\u00fclinapodat? Olyan programra v\u00e1gysz, ami megmozgatja kreat\u00edv fant\u00e1zi\u00e1d \u00e9s eml\u00e9kezetes \u00e9lm\u00e9nyekkel gazdag\u00edt? Akkor gyere el hozz\u00e1nk, a Pann\u00f3nia [&hellip;]<\/p>\n","protected":false},"author":1,"featured_media":0,"parent":0,"menu_order":0,"comment_status":"closed","ping_status":"closed","template":"","meta":{"_et_pb_use_builder":"on","_et_pb_old_content":"","_et_gb_content_width":"","footnotes":""},"class_list":["post-211","page","type-page","status-publish","hentry"],"yoast_head":"<!-- This site is optimized with the Yoast SEO Premium plugin v27.3 (Yoast SEO v27.3) - https:\/\/yoast.com\/product\/yoast-seo-premium-wordpress\/ -->\n<title>Sz\u00fclet\u00e9snapok - TRAGOR IGN\u00c1C M\u00daZEUM \u2022 V\u00c1C<\/title>\n<meta name=\"description\" content=\"Egy m\u00fazeum, ezer \u00e9lm\u00e9ny!\" \/>\n<meta name=\"robots\" content=\"index, follow, max-snippet:-1, max-image-preview:large, max-video-preview:-1\" \/>\n<link rel=\"canonical\" href=\"https:\/\/muzeumvac.hu\/en\/szuletesnapok\/\" \/>\n<meta property=\"og:locale\" content=\"en_GB\" \/>\n<meta property=\"og:type\" content=\"article\" \/>\n<meta property=\"og:title\" content=\"Sz\u00fclet\u00e9snapok\" \/>\n<meta property=\"og:description\" content=\"Egy m\u00fazeum, ezer \u00e9lm\u00e9ny!\" \/>\n<meta property=\"og:url\" content=\"https:\/\/muzeumvac.hu\/en\/szuletesnapok\/\" \/>\n<meta property=\"og:site_name\" content=\"TRAGOR IGN\u00c1C M\u00daZEUM \u2022 V\u00c1C\" \/>\n<meta property=\"article:publisher\" content=\"https:\/\/www.facebook.com\/vac.tragorignacmuzeum\" \/>\n<meta property=\"article:modified_time\" content=\"2025-12-03T07:38:50+00:00\" \/>\n<meta name=\"twitter:card\" content=\"summary_large_image\" \/>\n<meta name=\"twitter:label1\" content=\"Estimated reading time\" \/>\n\t<meta name=\"twitter:data1\" content=\"2 minutes\" \/>\n<script type=\"application\/ld+json\" class=\"yoast-schema-graph\">{\"@context\":\"https:\\\/\\\/schema.org\",\"@graph\":[{\"@type\":\"WebPage\",\"@id\":\"https:\\\/\\\/muzeumvac.hu\\\/szuletesnapok\\\/\",\"url\":\"https:\\\/\\\/muzeumvac.hu\\\/szuletesnapok\\\/\",\"name\":\"Sz\u00fclet\u00e9snapok - TRAGOR IGN\u00c1C M\u00daZEUM \u2022 V\u00c1C\",\"isPartOf\":{\"@id\":\"https:\\\/\\\/muzeumvac.hu\\\/#website\"},\"datePublished\":\"2025-05-20T21:46:25+00:00\",\"dateModified\":\"2025-12-03T07:38:50+00:00\",\"description\":\"Egy m\u00fazeum, ezer \u00e9lm\u00e9ny!\",\"breadcrumb\":{\"@id\":\"https:\\\/\\\/muzeumvac.hu\\\/szuletesnapok\\\/#breadcrumb\"},\"inLanguage\":\"en-GB\",\"potentialAction\":[{\"@type\":\"ReadAction\",\"target\":[\"https:\\\/\\\/muzeumvac.hu\\\/szuletesnapok\\\/\"]}]},{\"@type\":\"BreadcrumbList\",\"@id\":\"https:\\\/\\\/muzeumvac.hu\\\/szuletesnapok\\\/#breadcrumb\",\"itemListElement\":[{\"@type\":\"ListItem\",\"position\":1,\"name\":\"Kezd\u0151lap\",\"item\":\"https:\\\/\\\/muzeumvac.hu\\\/\"},{\"@type\":\"ListItem\",\"position\":2,\"name\":\"Sz\u00fclet\u00e9snapok\"}]},{\"@type\":\"WebSite\",\"@id\":\"https:\\\/\\\/muzeumvac.hu\\\/#website\",\"url\":\"https:\\\/\\\/muzeumvac.hu\\\/\",\"name\":\"TRAGOR IGN\u00c1C M\u00daZEUM \u2022 V\u00c1C\",\"description\":\"Egy m\u00fazeum, ezer \u00e9lm\u00e9ny!\",\"publisher\":{\"@id\":\"https:\\\/\\\/muzeumvac.hu\\\/#organization\"},\"potentialAction\":[{\"@type\":\"SearchAction\",\"target\":{\"@type\":\"EntryPoint\",\"urlTemplate\":\"https:\\\/\\\/muzeumvac.hu\\\/?s={search_term_string}\"},\"query-input\":{\"@type\":\"PropertyValueSpecification\",\"valueRequired\":true,\"valueName\":\"search_term_string\"}}],\"inLanguage\":\"en-GB\"},{\"@type\":\"Organization\",\"@id\":\"https:\\\/\\\/muzeumvac.hu\\\/#organization\",\"name\":\"TRAGOR IGN\u00c1C M\u00daZEUM \u2022 V\u00c1C\",\"url\":\"https:\\\/\\\/muzeumvac.hu\\\/\",\"logo\":{\"@type\":\"ImageObject\",\"inLanguage\":\"en-GB\",\"@id\":\"https:\\\/\\\/muzeumvac.hu\\\/#\\\/schema\\\/logo\\\/image\\\/\",\"url\":\"https:\\\/\\\/muzeumvac.hu\\\/wp-content\\\/uploads\\\/2025\\\/07\\\/tragor_ignac_logo.png\",\"contentUrl\":\"https:\\\/\\\/muzeumvac.hu\\\/wp-content\\\/uploads\\\/2025\\\/07\\\/tragor_ignac_logo.png\",\"width\":161,\"height\":126,\"caption\":\"TRAGOR IGN\u00c1C M\u00daZEUM \u2022 V\u00c1C\"},\"image\":{\"@id\":\"https:\\\/\\\/muzeumvac.hu\\\/#\\\/schema\\\/logo\\\/image\\\/\"},\"sameAs\":[\"https:\\\/\\\/www.facebook.com\\\/vac.tragorignacmuzeum\",\"https:\\\/\\\/www.instagram.com\\\/tragormuzeum\",\"https:\\\/\\\/www.youtube.com\\\/@TragorIgncMzeum-vac\"]}]}<\/script>\n<!-- \/ Yoast SEO Premium plugin. -->","yoast_head_json":{"title":"Sz\u00fclet\u00e9snapok - TRAGOR IGN\u00c1C M\u00daZEUM \u2022 V\u00c1C","description":"One museum, a thousand experiences!","robots":{"index":"index","follow":"follow","max-snippet":"max-snippet:-1","max-image-preview":"max-image-preview:large","max-video-preview":"max-video-preview:-1"},"canonical":"https:\/\/muzeumvac.hu\/en\/szuletesnapok\/","og_locale":"en_GB","og_type":"article","og_title":"Sz\u00fclet\u00e9snapok","og_description":"Egy m\u00fazeum, ezer \u00e9lm\u00e9ny!","og_url":"https:\/\/muzeumvac.hu\/en\/szuletesnapok\/","og_site_name":"TRAGOR IGN\u00c1C M\u00daZEUM \u2022 V\u00c1C","article_publisher":"https:\/\/www.facebook.com\/vac.tragorignacmuzeum","article_modified_time":"2025-12-03T07:38:50+00:00","twitter_card":"summary_large_image","twitter_misc":{"Estimated reading time":"2 minutes"},"schema":{"@context":"https:\/\/schema.org","@graph":[{"@type":"WebPage","@id":"https:\/\/muzeumvac.hu\/szuletesnapok\/","url":"https:\/\/muzeumvac.hu\/szuletesnapok\/","name":"Sz\u00fclet\u00e9snapok - TRAGOR IGN\u00c1C M\u00daZEUM \u2022 V\u00c1C","isPartOf":{"@id":"https:\/\/muzeumvac.hu\/#website"},"datePublished":"2025-05-20T21:46:25+00:00","dateModified":"2025-12-03T07:38:50+00:00","description":"One museum, a thousand experiences!","breadcrumb":{"@id":"https:\/\/muzeumvac.hu\/szuletesnapok\/#breadcrumb"},"inLanguage":"en-GB","potentialAction":[{"@type":"ReadAction","target":["https:\/\/muzeumvac.hu\/szuletesnapok\/"]}]},{"@type":"BreadcrumbList","@id":"https:\/\/muzeumvac.hu\/szuletesnapok\/#breadcrumb","itemListElement":[{"@type":"ListItem","position":1,"name":"Kezd\u0151lap","item":"https:\/\/muzeumvac.hu\/"},{"@type":"ListItem","position":2,"name":"Sz\u00fclet\u00e9snapok"}]},{"@type":"WebSite","@id":"https:\/\/muzeumvac.hu\/#website","url":"https:\/\/muzeumvac.hu\/","name":"TRAGOR IGN\u00c1C M\u00daZEUM \u2022 V\u00c1C","description":"One museum, a thousand experiences!","publisher":{"@id":"https:\/\/muzeumvac.hu\/#organization"},"potentialAction":[{"@type":"SearchAction","target":{"@type":"EntryPoint","urlTemplate":"https:\/\/muzeumvac.hu\/?s={search_term_string}"},"query-input":{"@type":"PropertyValueSpecification","valueRequired":true,"valueName":"search_term_string"}}],"inLanguage":"en-GB"},{"@type":"Organization","@id":"https:\/\/muzeumvac.hu\/#organization","name":"TRAGOR IGN\u00c1C M\u00daZEUM \u2022 V\u00c1C","url":"https:\/\/muzeumvac.hu\/","logo":{"@type":"ImageObject","inLanguage":"en-GB","@id":"https:\/\/muzeumvac.hu\/#\/schema\/logo\/image\/","url":"https:\/\/muzeumvac.hu\/wp-content\/uploads\/2025\/07\/tragor_ignac_logo.png","contentUrl":"https:\/\/muzeumvac.hu\/wp-content\/uploads\/2025\/07\/tragor_ignac_logo.png","width":161,"height":126,"caption":"TRAGOR IGN\u00c1C M\u00daZEUM \u2022 V\u00c1C"},"image":{"@id":"https:\/\/muzeumvac.hu\/#\/schema\/logo\/image\/"},"sameAs":["https:\/\/www.facebook.com\/vac.tragorignacmuzeum","https:\/\/www.instagram.com\/tragormuzeum","https:\/\/www.youtube.com\/@TragorIgncMzeum-vac"]}]}},"_links":{"self":[{"href":"https:\/\/muzeumvac.hu\/en\/wp-json\/wp\/v2\/pages\/211","targetHints":{"allow":["GET"]}}],"collection":[{"href":"https:\/\/muzeumvac.hu\/en\/wp-json\/wp\/v2\/pages"}],"about":[{"href":"https:\/\/muzeumvac.hu\/en\/wp-json\/wp\/v2\/types\/page"}],"author":[{"embeddable":true,"href":"https:\/\/muzeumvac.hu\/en\/wp-json\/wp\/v2\/users\/1"}],"replies":[{"embeddable":true,"href":"https:\/\/muzeumvac.hu\/en\/wp-json\/wp\/v2\/comments?post=211"}],"version-history":[{"count":1,"href":"https:\/\/muzeumvac.hu\/en\/wp-json\/wp\/v2\/pages\/211\/revisions"}],"predecessor-version":[{"id":4405,"href":"https:\/\/muzeumvac.hu\/en\/wp-json\/wp\/v2\/pages\/211\/revisions\/4405"}],"wp:attachment":[{"href":"https:\/\/muzeumvac.hu\/en\/wp-json\/wp\/v2\/media?parent=211"}],"curies":[{"name":"wp","href":"https:\/\/api.w.org\/{rel}","templated":true}]}}