{"id":208,"date":"2025-05-20T23:45:26","date_gmt":"2025-05-20T21:45:26","guid":{"rendered":"https:\/\/muzeumvac.hu\/?page_id=208"},"modified":"2025-10-04T22:07:58","modified_gmt":"2025-10-04T20:07:58","slug":"csapatepito-programok","status":"publish","type":"page","link":"https:\/\/muzeumvac.hu\/en\/felnotteknek\/csapatepito-programok\/","title":{"rendered":"Teambuliding programs"},"content":{"rendered":"<p>[et_pb_section fb_built=&#8221;1&#8243; _builder_version=&#8221;4.27.4&#8243; _module_preset=&#8221;default&#8221; global_colors_info=&#8221;{}&#8221;][et_pb_row _builder_version=&#8221;4.27.4&#8243; _module_preset=&#8221;default&#8221; global_colors_info=&#8221;{}&#8221;][et_pb_column type=&#8221;4_4&#8243; _builder_version=&#8221;4.27.4&#8243; _module_preset=&#8221;default&#8221; global_colors_info=&#8221;{}&#8221;][et_pb_text _builder_version=&#8221;4.27.4&#8243; _module_preset=&#8221;default&#8221; text_font_size=&#8221;18px&#8221; text_line_height=&#8221;1.8em&#8221; global_colors_info=&#8221;{}&#8221;]<\/p>\n<p>Szerezz\u00fcnk egy\u00fctt egy felejthetetlen napot koll\u00e9g\u00e1inak! Ak\u00e1r csendesebb, kikapcsol\u00f3 \u00e9lm\u00e9nyre, ak\u00e1r p\u00f6rg\u0151s, a csapatot pr\u00f3b\u00e1ra tev\u0151 kih\u00edv\u00e1sra v\u00e1gyik, n\u00e1lunk megtal\u00e1lja!<\/p>\n<p>[\/et_pb_text][\/et_pb_column][\/et_pb_row][et_pb_row column_structure=&#8221;3_5,2_5&#8243; _builder_version=&#8221;4.27.4&#8243; _module_preset=&#8221;default&#8221; global_colors_info=&#8221;{}&#8221;][et_pb_column type=&#8221;3_5&#8243; _builder_version=&#8221;4.27.4&#8243; _module_preset=&#8221;default&#8221; global_colors_info=&#8221;{}&#8221;][et_pb_heading title=&#8221;Az igazi Indiana Jones \u2013 R\u00e9g\u00e9szeti csapat\u00e9p\u00edt\u0151 program&#8221; _builder_version=&#8221;4.27.4&#8243; _module_preset=&#8221;default&#8221; title_level=&#8221;h2&#8243; title_line_height=&#8221;1.2em&#8221; global_colors_info=&#8221;{}&#8221;][\/et_pb_heading][et_pb_text _builder_version=&#8221;4.27.4&#8243; _module_preset=&#8221;default&#8221; global_colors_info=&#8221;{}&#8221;]<\/p>\n<p>El\u0151tt\u00fcnk a kih\u00edv\u00e1s: Ments\u00fck meg a m\u00falt f\u00f6ld alatt rejt\u0151z\u0151 kincseit! Ez egyed\u00fcl senkinek sem siker\u00fclhet. J\u00f3l \u00f6sszehangolt csapatmunka kell, hogy semmi se vesszen el. Val\u00f3di r\u00e9g\u00e9sz eszk\u00f6z\u00f6k \u00e9s ezer \u00e9ves leletek. Igazi kih\u00edv\u00e1s, maradand\u00f3 \u00e9lm\u00e9ny!<\/p>\n<p><strong>Id\u0151tartam:<\/strong> 60 perc<\/p>\n<p><strong>L\u00e9tsz\u00e1m:<\/strong> min. 10 f\u0151t\u0151l k\u00e9rhet\u0151<\/p>\n<p><strong>Helysz\u00edn:<\/strong> K\u00e9k H\u00e1z \u2022 Elef\u00e1ntos H\u00e1z Ki\u00e1ll\u00edt\u00f3hely<\/p>\n<p>[\/et_pb_text][\/et_pb_column][et_pb_column type=&#8221;2_5&#8243; _builder_version=&#8221;4.27.4&#8243; _module_preset=&#8221;default&#8221; global_colors_info=&#8221;{}&#8221;][et_pb_image src=&#8221;https:\/\/muzeumvac.hu\/wp-content\/uploads\/2025\/10\/az-igazi-indiana-jones-min.jpg&#8221; align=&#8221;center&#8221; _builder_version=&#8221;4.27.4&#8243; _module_preset=&#8221;default&#8221; background_color=&#8221;#B3B3B3&#8243; custom_margin=&#8221;||0px||false|false&#8221; custom_padding=&#8221;||0px||false|false&#8221; hover_enabled=&#8221;0&#8243; global_colors_info=&#8221;{}&#8221; title_text=&#8221;az-igazi-indiana-jones-min&#8221; sticky_enabled=&#8221;0&#8243;][\/et_pb_image][\/et_pb_column][\/et_pb_row][et_pb_row _builder_version=&#8221;4.27.4&#8243; _module_preset=&#8221;default&#8221; global_colors_info=&#8221;{}&#8221;][et_pb_column type=&#8221;4_4&#8243; _builder_version=&#8221;4.27.4&#8243; _module_preset=&#8221;default&#8221; global_colors_info=&#8221;{}&#8221;][et_pb_divider _builder_version=&#8221;4.27.4&#8243; _module_preset=&#8221;default&#8221; global_colors_info=&#8221;{}&#8221;][\/et_pb_divider][\/et_pb_column][\/et_pb_row][et_pb_row column_structure=&#8221;3_5,2_5&#8243; _builder_version=&#8221;4.27.4&#8243; _module_preset=&#8221;default&#8221; global_colors_info=&#8221;{}&#8221;][et_pb_column type=&#8221;3_5&#8243; _builder_version=&#8221;4.27.4&#8243; _module_preset=&#8221;default&#8221; global_colors_info=&#8221;{}&#8221;][et_pb_heading title=&#8221;K\u00e9pzelt utaz\u00e1s a pap\u00edron \u2013 M\u0171v\u00e9szeti alkot\u00f3 program&#8221; _builder_version=&#8221;4.27.4&#8243; _module_preset=&#8221;default&#8221; title_level=&#8221;h2&#8243; title_line_height=&#8221;1.2em&#8221; global_colors_info=&#8221;{}&#8221;][\/et_pb_heading][et_pb_text _builder_version=&#8221;4.27.4&#8243; _module_preset=&#8221;default&#8221; global_colors_info=&#8221;{}&#8221;]<\/p>\n<p>Engedj\u00fck szabadon kreativit\u00e1sunk, \u00e9s pr\u00f3b\u00e1ljuk ki Sajdik Ferenc egyedi technik\u00e1j\u00e1t, melynek Gomb\u00f3c Art\u00far \u00e9s a Ho-Ho horg\u00e1szt is k\u00f6sz\u00f6nhetj\u00fck! Sz\u00e1rnyaljon ceruz\u00e1nk, filctollunk \u00e9s pasztell kr\u00e9t\u00e1nk! Szakk\u00e9pzett programvezet\u0151nk Sajdik szertelen vil\u00e1ga mellett a saj\u00e1t k\u00e9pzelet\u00fcnkh\u00f6z is utat mutat.<\/p>\n<p><strong>Id\u0151tartam:<\/strong> 120 perc<\/p>\n<p><strong>L\u00e9tsz\u00e1m:<\/strong> min. 10 f\u0151t\u0151l k\u00e9rhet\u0151<\/p>\n<p><strong>Helysz\u00edn:<\/strong> Pannonia H\u00e1z Ki\u00e1ll\u00edt\u00f3hely<\/p>\n<p>[\/et_pb_text][\/et_pb_column][et_pb_column type=&#8221;2_5&#8243; _builder_version=&#8221;4.27.4&#8243; _module_preset=&#8221;default&#8221; global_colors_info=&#8221;{}&#8221;][et_pb_image src=&#8221;https:\/\/muzeumvac.hu\/wp-content\/uploads\/2025\/09\/kepzelt-utazas-a-papiron.jpg&#8221; align=&#8221;center&#8221; _builder_version=&#8221;4.27.4&#8243; _module_preset=&#8221;default&#8221; background_color=&#8221;#B3B3B3&#8243; custom_margin=&#8221;||0px||false|false&#8221; custom_padding=&#8221;||0px||false|false&#8221; hover_enabled=&#8221;0&#8243; global_colors_info=&#8221;{}&#8221; title_text=&#8221;kepzelt-utazas-a-papiron&#8221; sticky_enabled=&#8221;0&#8243;][\/et_pb_image][\/et_pb_column][\/et_pb_row][et_pb_row _builder_version=&#8221;4.27.4&#8243; _module_preset=&#8221;default&#8221; global_colors_info=&#8221;{}&#8221;][et_pb_column type=&#8221;4_4&#8243; _builder_version=&#8221;4.27.4&#8243; _module_preset=&#8221;default&#8221; global_colors_info=&#8221;{}&#8221;][et_pb_divider _builder_version=&#8221;4.27.4&#8243; _module_preset=&#8221;default&#8221; global_colors_info=&#8221;{}&#8221;][\/et_pb_divider][\/et_pb_column][\/et_pb_row][et_pb_row column_structure=&#8221;3_5,2_5&#8243; _builder_version=&#8221;4.27.4&#8243; _module_preset=&#8221;default&#8221; global_colors_info=&#8221;{}&#8221;][et_pb_column type=&#8221;3_5&#8243; _builder_version=&#8221;4.27.4&#8243; _module_preset=&#8221;default&#8221; global_colors_info=&#8221;{}&#8221;][et_pb_heading title=&#8221;Var\u00e1zslatos V\u00e1c \u2013 V\u00e1rosn\u00e9z\u0151 b\u0171v\u00e9szs\u00e9ta&#8221; _builder_version=&#8221;4.27.4&#8243; _module_preset=&#8221;default&#8221; title_level=&#8221;h2&#8243; global_colors_info=&#8221;{}&#8221;][\/et_pb_heading][et_pb_text _builder_version=&#8221;4.27.4&#8243; _module_preset=&#8221;default&#8221; global_colors_info=&#8221;{}&#8221;]<\/p>\n<p>A t\u00f6rt\u00e9nelem igazi csoda! Csup\u00e1n egy \u00f3r\u00e1t k\u00e9r\u00fcnk, hogy ezt bebizony\u00edtsuk. K\u00fcl\u00f6nleges el\u0151ad\u00e1sunkon b\u0171v\u00e9szmutatv\u00e1nyokkal vezetj\u00fck v\u00e9gig vend\u00e9geit v\u00e1rosunk t\u00f6rt\u00e9nelm\u00e9nek leg\u00e9rdekesebb pillanatain.<\/p>\n<p><strong>Id\u0151tartam:<\/strong> 60 perc<\/p>\n<p><strong>L\u00e9tsz\u00e1m:<\/strong> min. 10 f\u0151t\u0151l k\u00e9rhet\u0151<\/p>\n<p><strong>Helysz\u00edn:<\/strong> tal\u00e1lkoz\u00f3 a Memento Mori Ki\u00e1ll\u00edt\u00f3hely el\u0151tt<\/p>\n<p>[\/et_pb_text][\/et_pb_column][et_pb_column type=&#8221;2_5&#8243; _builder_version=&#8221;4.27.4&#8243; _module_preset=&#8221;default&#8221; global_colors_info=&#8221;{}&#8221;][et_pb_image src=&#8221;https:\/\/muzeumvac.hu\/wp-content\/uploads\/2025\/09\/varazslatos-vac-varosnezo-buveszseta-min.jpg&#8221; align=&#8221;center&#8221; _builder_version=&#8221;4.27.4&#8243; _module_preset=&#8221;default&#8221; background_color=&#8221;#B3B3B3&#8243; custom_margin=&#8221;||0px||false|false&#8221; custom_padding=&#8221;||0px||false|false&#8221; hover_enabled=&#8221;0&#8243; global_colors_info=&#8221;{}&#8221; title_text=&#8221;varazslatos-vac-varosnezo-buveszseta-min&#8221; sticky_enabled=&#8221;0&#8243;][\/et_pb_image][\/et_pb_column][\/et_pb_row][et_pb_row _builder_version=&#8221;4.27.4&#8243; _module_preset=&#8221;default&#8221; global_colors_info=&#8221;{}&#8221;][et_pb_column type=&#8221;4_4&#8243; _builder_version=&#8221;4.27.4&#8243; _module_preset=&#8221;default&#8221; global_colors_info=&#8221;{}&#8221;][et_pb_divider _builder_version=&#8221;4.27.4&#8243; _module_preset=&#8221;default&#8221; global_colors_info=&#8221;{}&#8221;][\/et_pb_divider][\/et_pb_column][\/et_pb_row][et_pb_row column_structure=&#8221;3_5,2_5&#8243; _builder_version=&#8221;4.27.4&#8243; _module_preset=&#8221;default&#8221; global_colors_info=&#8221;{}&#8221;][et_pb_column type=&#8221;3_5&#8243; _builder_version=&#8221;4.27.4&#8243; _module_preset=&#8221;default&#8221; global_colors_info=&#8221;{}&#8221;][et_pb_heading title=&#8221;Elfeledett \u00edzek \u2013 T\u00f6rt\u00e9nelmi gasztroshow&#8221; _builder_version=&#8221;4.27.4&#8243; _module_preset=&#8221;default&#8221; title_level=&#8221;h2&#8243; global_colors_info=&#8221;{}&#8221;][\/et_pb_heading][et_pb_text _builder_version=&#8221;4.27.4&#8243; _module_preset=&#8221;default&#8221; global_colors_info=&#8221;{}&#8221;]<\/p>\n<p>A t\u00f6rt\u00e9nelem igazi csoda! Csup\u00e1n egy \u00f3r\u00e1t k\u00e9r\u00fcnk, hogy ezt bebizony\u00edtsuk. K\u00fcl\u00f6nleges el\u0151ad\u00e1sunkon b\u0171v\u00e9szmutatv\u00e1nyokkal vezetj\u00fck v\u00e9gig vend\u00e9geit v\u00e1rosunk t\u00f6rt\u00e9nelm\u00e9nek leg\u00e9rdekesebb pillanatain.<\/p>\n<p>A program k\u00e9rhet\u0151 t\u00e1rlatvezet\u00e9sk\u00e9nt v\u00e1rost\u00f6rt\u00e9neti id\u0151szaki ki\u00e1ll\u00edt\u00e1sunkban \u00e9s ak\u00e1r a v\u00e1rosi s\u00e9tak\u00e9nt is.<\/p>\n<p><strong>Id\u0151tartam:<\/strong> 60 perc<\/p>\n<p><strong>L\u00e9tsz\u00e1m:<\/strong> min. 10 f\u0151t\u0151l k\u00e9rhet\u0151<\/p>\n<p><strong>Helysz\u00edn:<\/strong> tal\u00e1lkoz\u00f3 a Memento Mori Ki\u00e1ll\u00edt\u00f3hely el\u0151tt<\/p>\n<p>[\/et_pb_text][\/et_pb_column][et_pb_column type=&#8221;2_5&#8243; _builder_version=&#8221;4.27.4&#8243; _module_preset=&#8221;default&#8221; global_colors_info=&#8221;{}&#8221;][et_pb_image src=&#8221;https:\/\/muzeumvac.hu\/wp-content\/uploads\/2025\/09\/elfeledett-izek-min-scaled.jpg&#8221; align=&#8221;center&#8221; _builder_version=&#8221;4.27.4&#8243; _module_preset=&#8221;default&#8221; background_color=&#8221;#B3B3B3&#8243; custom_margin=&#8221;||0px||false|false&#8221; custom_padding=&#8221;||0px||false|false&#8221; hover_enabled=&#8221;0&#8243; global_colors_info=&#8221;{}&#8221; title_text=&#8221;elfeledett-izek-min&#8221; sticky_enabled=&#8221;0&#8243;][\/et_pb_image][\/et_pb_column][\/et_pb_row][et_pb_row _builder_version=&#8221;4.27.4&#8243; _module_preset=&#8221;default&#8221; global_colors_info=&#8221;{}&#8221;][et_pb_column type=&#8221;4_4&#8243; _builder_version=&#8221;4.27.4&#8243; _module_preset=&#8221;default&#8221; global_colors_info=&#8221;{}&#8221;][et_pb_button button_url=&#8221;https:\/\/docs.google.com\/forms\/d\/e\/1FAIpQLScLP7r6xL_lMQLWbHyi_Qa2j1e4I5eg5ZcDwLkDqwN0Th7NVQ\/viewform?usp=header&#8221; button_text=&#8221;Kapcsolatfelv\u00e9tel&#8221; _builder_version=&#8221;4.27.4&#8243; _module_preset=&#8221;default&#8221; global_colors_info=&#8221;{}&#8221;][\/et_pb_button][\/et_pb_column][\/et_pb_row][et_pb_row _builder_version=&#8221;4.27.4&#8243; _module_preset=&#8221;default&#8221; global_colors_info=&#8221;{}&#8221;][et_pb_column type=&#8221;4_4&#8243; _builder_version=&#8221;4.27.4&#8243; _module_preset=&#8221;default&#8221; global_colors_info=&#8221;{}&#8221;][et_pb_cta title=&#8221;Csapata sz\u00e1m\u00e1ra k\u00e9rje egyedi \u00e1raj\u00e1nlatunkat!&#8221; button_text=&#8221;Kattint\u00e1sok&#8221; _builder_version=&#8221;4.27.4&#8243; _module_preset=&#8221;default&#8221; global_colors_info=&#8221;{}&#8221;]<\/p>\n<p><strong><\/strong><\/p>\n<p><strong>N\u00e9meth \u00c1d\u00e1m<\/strong><br \/><em>m\u00fazeumpedag\u00f3gus<\/em><\/p>\n<p>Tel.: +36 30 675 7233<\/p>\n<p>m\u00fazeumpedagogia@muzeumvac.hu<\/p>\n<p>El\u00e9rhet\u0151: h\u00e9tf\u0151-p\u00e9ntek 8:00-16:30<\/p>\n<p>[\/et_pb_cta][\/et_pb_column][\/et_pb_row][et_pb_row _builder_version=&#8221;4.27.4&#8243; _module_preset=&#8221;default&#8221; global_colors_info=&#8221;{}&#8221;][et_pb_column type=&#8221;4_4&#8243; _builder_version=&#8221;4.27.4&#8243; _module_preset=&#8221;default&#8221; global_colors_info=&#8221;{}&#8221;][et_pb_icon font_icon=&#8221;&#x23;||divi||400&#8243; url=&#8221;@ET-DC@eyJkeW5hbWljIjp0cnVlLCJjb250ZW50IjoicG9zdF9saW5rX3VybF9wYWdlIiwic2V0dGluZ3MiOnsicG9zdF9pZCI6IjIwMCJ9fQ==@&#8221; align=&#8221;right&#8221; _builder_version=&#8221;4.27.4&#8243; _dynamic_attributes=&#8221;url&#8221; _module_preset=&#8221;default&#8221; global_colors_info=&#8221;{}&#8221;][\/et_pb_icon][\/et_pb_column][\/et_pb_row][\/et_pb_section]<\/p>\n","protected":false},"excerpt":{"rendered":"<p>Szerezz\u00fcnk egy\u00fctt egy felejthetetlen napot koll\u00e9g\u00e1inak! Ak\u00e1r csendesebb, kikapcsol\u00f3 \u00e9lm\u00e9nyre, ak\u00e1r p\u00f6rg\u0151s, a csapatot pr\u00f3b\u00e1ra tev\u0151 kih\u00edv\u00e1sra v\u00e1gyik, n\u00e1lunk megtal\u00e1lja!El\u0151tt\u00fcnk a kih\u00edv\u00e1s: Ments\u00fck meg a m\u00falt f\u00f6ld alatt rejt\u0151z\u0151 kincseit! [&hellip;]<\/p>\n","protected":false},"author":1,"featured_media":0,"parent":200,"menu_order":0,"comment_status":"closed","ping_status":"closed","template":"","meta":{"_et_pb_use_builder":"on","_et_pb_old_content":"","_et_gb_content_width":"","footnotes":""},"class_list":["post-208","page","type-page","status-publish","hentry"],"yoast_head":"<!-- This site is optimized with the Yoast SEO Premium plugin v27.3 (Yoast SEO v27.3) - https:\/\/yoast.com\/product\/yoast-seo-premium-wordpress\/ -->\n<title>Csapat\u00e9p\u00edt\u0151 programok - TRAGOR IGN\u00c1C M\u00daZEUM \u2022 V\u00c1C<\/title>\n<meta name=\"description\" content=\"Egy m\u00fazeum, ezer \u00e9lm\u00e9ny!\" \/>\n<meta name=\"robots\" content=\"index, follow, max-snippet:-1, max-image-preview:large, max-video-preview:-1\" \/>\n<link rel=\"canonical\" href=\"https:\/\/muzeumvac.hu\/en\/felnotteknek\/csapatepito-programok\/\" \/>\n<meta property=\"og:locale\" content=\"en_GB\" \/>\n<meta property=\"og:type\" content=\"article\" \/>\n<meta property=\"og:title\" content=\"Csapat\u00e9p\u00edt\u0151 programok\" \/>\n<meta property=\"og:description\" content=\"Egy m\u00fazeum, ezer \u00e9lm\u00e9ny!\" \/>\n<meta property=\"og:url\" content=\"https:\/\/muzeumvac.hu\/en\/felnotteknek\/csapatepito-programok\/\" \/>\n<meta property=\"og:site_name\" content=\"TRAGOR IGN\u00c1C M\u00daZEUM \u2022 V\u00c1C\" \/>\n<meta property=\"article:publisher\" content=\"https:\/\/www.facebook.com\/vac.tragorignacmuzeum\" \/>\n<meta property=\"article:modified_time\" content=\"2025-10-04T20:07:58+00:00\" \/>\n<meta name=\"twitter:card\" content=\"summary_large_image\" \/>\n<meta name=\"twitter:label1\" content=\"Estimated reading time\" \/>\n\t<meta name=\"twitter:data1\" content=\"7 minutes\" \/>\n<script type=\"application\/ld+json\" class=\"yoast-schema-graph\">{\"@context\":\"https:\\\/\\\/schema.org\",\"@graph\":[{\"@type\":\"WebPage\",\"@id\":\"https:\\\/\\\/muzeumvac.hu\\\/felnotteknek\\\/csapatepito-programok\\\/\",\"url\":\"https:\\\/\\\/muzeumvac.hu\\\/felnotteknek\\\/csapatepito-programok\\\/\",\"name\":\"Csapat\u00e9p\u00edt\u0151 programok - TRAGOR IGN\u00c1C M\u00daZEUM \u2022 V\u00c1C\",\"isPartOf\":{\"@id\":\"https:\\\/\\\/muzeumvac.hu\\\/#website\"},\"datePublished\":\"2025-05-20T21:45:26+00:00\",\"dateModified\":\"2025-10-04T20:07:58+00:00\",\"description\":\"Egy m\u00fazeum, ezer \u00e9lm\u00e9ny!\",\"breadcrumb\":{\"@id\":\"https:\\\/\\\/muzeumvac.hu\\\/felnotteknek\\\/csapatepito-programok\\\/#breadcrumb\"},\"inLanguage\":\"en-GB\",\"potentialAction\":[{\"@type\":\"ReadAction\",\"target\":[\"https:\\\/\\\/muzeumvac.hu\\\/felnotteknek\\\/csapatepito-programok\\\/\"]}]},{\"@type\":\"BreadcrumbList\",\"@id\":\"https:\\\/\\\/muzeumvac.hu\\\/felnotteknek\\\/csapatepito-programok\\\/#breadcrumb\",\"itemListElement\":[{\"@type\":\"ListItem\",\"position\":1,\"name\":\"Kezd\u0151lap\",\"item\":\"https:\\\/\\\/muzeumvac.hu\\\/\"},{\"@type\":\"ListItem\",\"position\":2,\"name\":\"Feln\u0151tteknek\",\"item\":\"https:\\\/\\\/muzeumvac.hu\\\/felnotteknek\\\/\"},{\"@type\":\"ListItem\",\"position\":3,\"name\":\"Csapat\u00e9p\u00edt\u0151 programok\"}]},{\"@type\":\"WebSite\",\"@id\":\"https:\\\/\\\/muzeumvac.hu\\\/#website\",\"url\":\"https:\\\/\\\/muzeumvac.hu\\\/\",\"name\":\"TRAGOR IGN\u00c1C M\u00daZEUM \u2022 V\u00c1C\",\"description\":\"Egy m\u00fazeum, ezer \u00e9lm\u00e9ny!\",\"publisher\":{\"@id\":\"https:\\\/\\\/muzeumvac.hu\\\/#organization\"},\"potentialAction\":[{\"@type\":\"SearchAction\",\"target\":{\"@type\":\"EntryPoint\",\"urlTemplate\":\"https:\\\/\\\/muzeumvac.hu\\\/?s={search_term_string}\"},\"query-input\":{\"@type\":\"PropertyValueSpecification\",\"valueRequired\":true,\"valueName\":\"search_term_string\"}}],\"inLanguage\":\"en-GB\"},{\"@type\":\"Organization\",\"@id\":\"https:\\\/\\\/muzeumvac.hu\\\/#organization\",\"name\":\"TRAGOR IGN\u00c1C M\u00daZEUM \u2022 V\u00c1C\",\"url\":\"https:\\\/\\\/muzeumvac.hu\\\/\",\"logo\":{\"@type\":\"ImageObject\",\"inLanguage\":\"en-GB\",\"@id\":\"https:\\\/\\\/muzeumvac.hu\\\/#\\\/schema\\\/logo\\\/image\\\/\",\"url\":\"https:\\\/\\\/muzeumvac.hu\\\/wp-content\\\/uploads\\\/2025\\\/07\\\/tragor_ignac_logo.png\",\"contentUrl\":\"https:\\\/\\\/muzeumvac.hu\\\/wp-content\\\/uploads\\\/2025\\\/07\\\/tragor_ignac_logo.png\",\"width\":161,\"height\":126,\"caption\":\"TRAGOR IGN\u00c1C M\u00daZEUM \u2022 V\u00c1C\"},\"image\":{\"@id\":\"https:\\\/\\\/muzeumvac.hu\\\/#\\\/schema\\\/logo\\\/image\\\/\"},\"sameAs\":[\"https:\\\/\\\/www.facebook.com\\\/vac.tragorignacmuzeum\",\"https:\\\/\\\/www.instagram.com\\\/tragormuzeum\",\"https:\\\/\\\/www.youtube.com\\\/@TragorIgncMzeum-vac\"]}]}<\/script>\n<!-- \/ Yoast SEO Premium plugin. -->","yoast_head_json":{"title":"Csapat\u00e9p\u00edt\u0151 programok - TRAGOR IGN\u00c1C M\u00daZEUM \u2022 V\u00c1C","description":"One museum, a thousand experiences!","robots":{"index":"index","follow":"follow","max-snippet":"max-snippet:-1","max-image-preview":"max-image-preview:large","max-video-preview":"max-video-preview:-1"},"canonical":"https:\/\/muzeumvac.hu\/en\/felnotteknek\/csapatepito-programok\/","og_locale":"en_GB","og_type":"article","og_title":"Csapat\u00e9p\u00edt\u0151 programok","og_description":"Egy m\u00fazeum, ezer \u00e9lm\u00e9ny!","og_url":"https:\/\/muzeumvac.hu\/en\/felnotteknek\/csapatepito-programok\/","og_site_name":"TRAGOR IGN\u00c1C M\u00daZEUM \u2022 V\u00c1C","article_publisher":"https:\/\/www.facebook.com\/vac.tragorignacmuzeum","article_modified_time":"2025-10-04T20:07:58+00:00","twitter_card":"summary_large_image","twitter_misc":{"Estimated reading time":"7 minutes"},"schema":{"@context":"https:\/\/schema.org","@graph":[{"@type":"WebPage","@id":"https:\/\/muzeumvac.hu\/felnotteknek\/csapatepito-programok\/","url":"https:\/\/muzeumvac.hu\/felnotteknek\/csapatepito-programok\/","name":"Csapat\u00e9p\u00edt\u0151 programok - TRAGOR IGN\u00c1C M\u00daZEUM \u2022 V\u00c1C","isPartOf":{"@id":"https:\/\/muzeumvac.hu\/#website"},"datePublished":"2025-05-20T21:45:26+00:00","dateModified":"2025-10-04T20:07:58+00:00","description":"One museum, a thousand experiences!","breadcrumb":{"@id":"https:\/\/muzeumvac.hu\/felnotteknek\/csapatepito-programok\/#breadcrumb"},"inLanguage":"en-GB","potentialAction":[{"@type":"ReadAction","target":["https:\/\/muzeumvac.hu\/felnotteknek\/csapatepito-programok\/"]}]},{"@type":"BreadcrumbList","@id":"https:\/\/muzeumvac.hu\/felnotteknek\/csapatepito-programok\/#breadcrumb","itemListElement":[{"@type":"ListItem","position":1,"name":"Kezd\u0151lap","item":"https:\/\/muzeumvac.hu\/"},{"@type":"ListItem","position":2,"name":"Feln\u0151tteknek","item":"https:\/\/muzeumvac.hu\/felnotteknek\/"},{"@type":"ListItem","position":3,"name":"Csapat\u00e9p\u00edt\u0151 programok"}]},{"@type":"WebSite","@id":"https:\/\/muzeumvac.hu\/#website","url":"https:\/\/muzeumvac.hu\/","name":"TRAGOR IGN\u00c1C M\u00daZEUM \u2022 V\u00c1C","description":"One museum, a thousand experiences!","publisher":{"@id":"https:\/\/muzeumvac.hu\/#organization"},"potentialAction":[{"@type":"SearchAction","target":{"@type":"EntryPoint","urlTemplate":"https:\/\/muzeumvac.hu\/?s={search_term_string}"},"query-input":{"@type":"PropertyValueSpecification","valueRequired":true,"valueName":"search_term_string"}}],"inLanguage":"en-GB"},{"@type":"Organization","@id":"https:\/\/muzeumvac.hu\/#organization","name":"TRAGOR IGN\u00c1C M\u00daZEUM \u2022 V\u00c1C","url":"https:\/\/muzeumvac.hu\/","logo":{"@type":"ImageObject","inLanguage":"en-GB","@id":"https:\/\/muzeumvac.hu\/#\/schema\/logo\/image\/","url":"https:\/\/muzeumvac.hu\/wp-content\/uploads\/2025\/07\/tragor_ignac_logo.png","contentUrl":"https:\/\/muzeumvac.hu\/wp-content\/uploads\/2025\/07\/tragor_ignac_logo.png","width":161,"height":126,"caption":"TRAGOR IGN\u00c1C M\u00daZEUM \u2022 V\u00c1C"},"image":{"@id":"https:\/\/muzeumvac.hu\/#\/schema\/logo\/image\/"},"sameAs":["https:\/\/www.facebook.com\/vac.tragorignacmuzeum","https:\/\/www.instagram.com\/tragormuzeum","https:\/\/www.youtube.com\/@TragorIgncMzeum-vac"]}]}},"_links":{"self":[{"href":"https:\/\/muzeumvac.hu\/en\/wp-json\/wp\/v2\/pages\/208","targetHints":{"allow":["GET"]}}],"collection":[{"href":"https:\/\/muzeumvac.hu\/en\/wp-json\/wp\/v2\/pages"}],"about":[{"href":"https:\/\/muzeumvac.hu\/en\/wp-json\/wp\/v2\/types\/page"}],"author":[{"embeddable":true,"href":"https:\/\/muzeumvac.hu\/en\/wp-json\/wp\/v2\/users\/1"}],"replies":[{"embeddable":true,"href":"https:\/\/muzeumvac.hu\/en\/wp-json\/wp\/v2\/comments?post=208"}],"version-history":[{"count":0,"href":"https:\/\/muzeumvac.hu\/en\/wp-json\/wp\/v2\/pages\/208\/revisions"}],"up":[{"embeddable":true,"href":"https:\/\/muzeumvac.hu\/en\/wp-json\/wp\/v2\/pages\/200"}],"wp:attachment":[{"href":"https:\/\/muzeumvac.hu\/en\/wp-json\/wp\/v2\/media?parent=208"}],"curies":[{"name":"wp","href":"https:\/\/api.w.org\/{rel}","templated":true}]}}