{"id":205,"date":"2025-05-20T23:43:36","date_gmt":"2025-05-20T21:43:36","guid":{"rendered":"https:\/\/muzeumvac.hu\/?page_id=205"},"modified":"2026-03-09T16:29:41","modified_gmt":"2026-03-09T15:29:41","slug":"varosi-setak","status":"publish","type":"page","link":"https:\/\/muzeumvac.hu\/en\/felnotteknek\/varosi-setak\/","title":{"rendered":"V\u00e1rosi s\u00e9t\u00e1k"},"content":{"rendered":"<p>[et_pb_section fb_built=&#8221;1&#8243; _builder_version=&#8221;4.27.4&#8243; _module_preset=&#8221;default&#8221; global_colors_info=&#8221;{}&#8221;][et_pb_row _builder_version=&#8221;4.27.4&#8243; _module_preset=&#8221;default&#8221; global_colors_info=&#8221;{}&#8221;][et_pb_column type=&#8221;4_4&#8243; _builder_version=&#8221;4.27.4&#8243; _module_preset=&#8221;default&#8221; global_colors_info=&#8221;{}&#8221;][et_pb_heading title=&#8221;V\u00e1rosi s\u00e9t\u00e1k&#8221; _builder_version=&#8221;4.27.4&#8243; _module_preset=&#8221;default&#8221; global_colors_info=&#8221;{}&#8221;][\/et_pb_heading][\/et_pb_column][\/et_pb_row][et_pb_row column_structure=&#8221;1_2,1_2&#8243; _builder_version=&#8221;4.27.4&#8243; _module_preset=&#8221;default&#8221; custom_padding=&#8221;||0px|||&#8221; global_colors_info=&#8221;{}&#8221;][et_pb_column type=&#8221;1_2&#8243; _builder_version=&#8221;4.27.4&#8243; _module_preset=&#8221;default&#8221; global_colors_info=&#8221;{}&#8221;][et_pb_heading title=&#8221;Romokb\u00f3l v\u00e1rost! &#8211; S\u00e9ta a barokk V\u00e1cott&#8221; _builder_version=&#8221;4.27.4&#8243; _module_preset=&#8221;default&#8221; global_colors_info=&#8221;{}&#8221;][\/et_pb_heading][et_pb_text _builder_version=&#8221;4.27.4&#8243; _module_preset=&#8221;default&#8221; global_colors_info=&#8221;{}&#8221;]<\/p>\n<p>Hogy v\u00e1lt a t\u00f6r\u00f6kkor puszt\u00edt\u00e1s\u00e1b\u00f3l egy v\u00e1ros a Duna barokk gy\u00f6ngyszem\u00e9v\u00e9? Milyen t\u00f6rt\u00e9neteket \u0151riznek az idel\u00e1togat\u00f3t k\u00f6rbevev\u0151 k\u00f6vek?\u00a0 Ezekre a k\u00e9rd\u00e9sekre is v\u00e1laszt kaphatunk a V\u00e1c t\u00f6rt\u00e9nelmi v\u00e1rosr\u00e9szeiben. A program rugalmas, \u00edgy\u00a0 b\u00e1rmely, a csoportnak izgalmas \u00e9p\u00fcletet\/helysz\u00ednt k\u00edv\u00e1ns\u00e1g szerint sz\u00edvesen beilleszt\u00fcnk!<\/p>\n<p><strong>Id\u0151tartam:<\/strong> 60-90 perc<\/p>\n<p><strong>L\u00e9tsz\u00e1m:<\/strong> min. 10 f\u0151t\u0151l k\u00e9rhet\u0151<\/p>\n<p><strong>Helysz\u00edn:<\/strong> tal\u00e1lkoz\u00f3 a Memento Mori Ki\u00e1ll\u00edt\u00f3helyn\u00e9l<\/p>\n<p><strong>\u00c1ra:<\/strong> 1000 Ft\/f\u0151<\/p>\n<p>[\/et_pb_text][et_pb_button button_url=&#8221;https:\/\/docs.google.com\/forms\/d\/e\/1FAIpQLScLP7r6xL_lMQLWbHyi_Qa2j1e4I5eg5ZcDwLkDqwN0Th7NVQ\/viewform?usp=header&#8221; button_text=&#8221;Kapcsolatfelv\u00e9tel&#8221; _builder_version=&#8221;4.27.4&#8243; _module_preset=&#8221;default&#8221; global_colors_info=&#8221;{}&#8221;][\/et_pb_button][\/et_pb_column][et_pb_column type=&#8221;1_2&#8243; _builder_version=&#8221;4.27.4&#8243; _module_preset=&#8221;default&#8221; global_colors_info=&#8221;{}&#8221;][et_pb_image src=&#8221;https:\/\/muzeumvac.hu\/wp-content\/uploads\/2025\/05\/fedezd-fel-vacot.jpg&#8221; title_text=&#8221;Fedezze fel V\u00e1cot!&#8221; _builder_version=&#8221;4.27.4&#8243; _module_preset=&#8221;default&#8221; width=&#8221;73.8%&#8221; custom_margin=&#8221;|||88px||&#8221; custom_padding=&#8221;1px|||||&#8221; global_colors_info=&#8221;{}&#8221;][\/et_pb_image][\/et_pb_column][\/et_pb_row][et_pb_row _builder_version=&#8221;4.27.4&#8243; _module_preset=&#8221;default&#8221; global_colors_info=&#8221;{}&#8221;][et_pb_column type=&#8221;4_4&#8243; _builder_version=&#8221;4.27.4&#8243; _module_preset=&#8221;default&#8221; global_colors_info=&#8221;{}&#8221;][et_pb_divider color=&#8221;#D6D6D6&#8243; divider_style=&#8221;dotted&#8221; divider_position=&#8221;center&#8221; divider_weight=&#8221;4px&#8221; _builder_version=&#8221;4.27.4&#8243; _module_preset=&#8221;default&#8221; global_colors_info=&#8221;{}&#8221;][\/et_pb_divider][\/et_pb_column][\/et_pb_row][et_pb_row column_structure=&#8221;1_2,1_2&#8243; _builder_version=&#8221;4.27.4&#8243; _module_preset=&#8221;default&#8221; custom_padding=&#8221;||0px|||&#8221; global_colors_info=&#8221;{}&#8221;][et_pb_column type=&#8221;1_2&#8243; _builder_version=&#8221;4.27.4&#8243; _module_preset=&#8221;default&#8221; global_colors_info=&#8221;{}&#8221;][et_pb_heading title=&#8221;B\u0171n \u00e9s b\u0171nh\u0151d\u00e9s&#8221; _builder_version=&#8221;4.27.4&#8243; _module_preset=&#8221;default&#8221; global_colors_info=&#8221;{}&#8221;][\/et_pb_heading][et_pb_text _builder_version=&#8221;4.27.4&#8243; _module_preset=&#8221;default&#8221; global_colors_info=&#8221;{}&#8221;]<\/p>\n<p>Egyh\u00e1z \u00e9s a fegyh\u00e1z. Ezek V\u00e1c legh\u00edresebb int\u00e9zm\u00e9nyei. K\u00fcl\u00f6nleges s\u00e9t\u00e1nkon most az ut\u00f3bbi nyom\u00e1ba ered\u00fcnk. Ezen a k\u00fcl\u00f6nleges s\u00e9t\u00e1n megismerj\u00fck a b\u0171n\u00f6k \u00e9s b\u00fcntet\u00e9sek vil\u00e1g\u00e1t, megl\u00e1togatjuk a legr\u00e9gebbi t\u00f6ml\u00f6c\u00f6ket \u00e9s megismerj\u00fck a fegyh\u00e1z titkait is.<br \/>Figyelem! A s\u00e9t\u00e1nak nem r\u00e9sze a fegyh\u00e1z bels\u0151 bej\u00e1r\u00e1sa.<\/p>\n<p><strong>Id\u0151tartam:<\/strong> 60-90 perc<\/p>\n<p><strong>L\u00e9tsz\u00e1m:<\/strong> min. 10 f\u0151t\u0151l k\u00e9rhet\u0151<\/p>\n<p><strong>Helysz\u00edn:<\/strong> tal\u00e1lkoz\u00f3 a Memento Mori Ki\u00e1ll\u00edt\u00f3helyn\u00e9l<\/p>\n<p><strong>\u00c1ra:<\/strong> 1000 Ft\/f\u0151<\/p>\n<p>[\/et_pb_text][et_pb_button button_url=&#8221;https:\/\/docs.google.com\/forms\/d\/e\/1FAIpQLScLP7r6xL_lMQLWbHyi_Qa2j1e4I5eg5ZcDwLkDqwN0Th7NVQ\/viewform?usp=header&#8221; url_new_window=&#8221;on&#8221; button_text=&#8221;Kapcsolatfelv\u00e9tel&#8221; _builder_version=&#8221;4.27.4&#8243; _module_preset=&#8221;default&#8221; global_colors_info=&#8221;{}&#8221;][\/et_pb_button][\/et_pb_column][et_pb_column type=&#8221;1_2&#8243; _builder_version=&#8221;4.27.4&#8243; _module_preset=&#8221;default&#8221; global_colors_info=&#8221;{}&#8221;][et_pb_image src=&#8221;https:\/\/muzeumvac.hu\/wp-content\/uploads\/2025\/12\/Borton.jpg&#8221; title_text=&#8221;B\u00f6rt\u00f6n&#8221; _builder_version=&#8221;4.27.4&#8243; _module_preset=&#8221;default&#8221; width=&#8221;94.9%&#8221; custom_margin=&#8221;|47px||-12px||&#8221; custom_padding=&#8221;||2px|98px||&#8221; global_colors_info=&#8221;{}&#8221;][\/et_pb_image][\/et_pb_column][\/et_pb_row][et_pb_row _builder_version=&#8221;4.27.4&#8243; _module_preset=&#8221;default&#8221; global_colors_info=&#8221;{}&#8221;][et_pb_column type=&#8221;4_4&#8243; _builder_version=&#8221;4.27.4&#8243; _module_preset=&#8221;default&#8221; global_colors_info=&#8221;{}&#8221;][et_pb_divider color=&#8221;#D6D6D6&#8243; divider_style=&#8221;dotted&#8221; divider_position=&#8221;center&#8221; divider_weight=&#8221;4px&#8221; _builder_version=&#8221;4.27.4&#8243; _module_preset=&#8221;default&#8221; global_colors_info=&#8221;{}&#8221;][\/et_pb_divider][\/et_pb_column][\/et_pb_row][et_pb_row column_structure=&#8221;1_2,1_2&#8243; _builder_version=&#8221;4.27.4&#8243; _module_preset=&#8221;default&#8221; custom_padding=&#8221;||0px|||&#8221; global_colors_info=&#8221;{}&#8221;][et_pb_column type=&#8221;1_2&#8243; _builder_version=&#8221;4.27.4&#8243; _module_preset=&#8221;default&#8221; global_colors_info=&#8221;{}&#8221;][et_pb_heading title=&#8221;Kocsm\u00e1t\u00f3l a bord\u00e9lyig&#8221; _builder_version=&#8221;4.27.4&#8243; _module_preset=&#8221;default&#8221; global_colors_info=&#8221;{}&#8221;][\/et_pb_heading][et_pb_text _builder_version=&#8221;4.27.4&#8243; _module_preset=&#8221;default&#8221; global_colors_info=&#8221;{}&#8221;]<\/p>\n<p>Csatlakozz hozz\u00e1nk egy k\u00fcl\u00f6nleges felfedez\u0151 s\u00e9t\u00e1ra, ahol a v\u00e1ci mulatoz\u00e1s, ev\u00e9s-iv\u00e1s, t\u00e1nc f\u00fclledt helysz\u00edneit \u00e9s t\u00f6rt\u00e9neteit id\u00e9zz\u00fck meg!<br \/>A s\u00e9ta sor\u00e1n megtudhatod:<br \/>Hol m\u0171k\u00f6dtek a legr\u00e9gebbi fogad\u00f3k \u00e9s kocsm\u00e1k?<br \/>Hogy id\u0151ztek el\u00edt\u00e9ltek a k\u00e1v\u00e9h\u00e1zban?<br \/>Mik\u00e9nt m\u00e9rk\u0151z\u00f6tt meg a m\u00fazeum egy bord\u00e9lyh\u00e1zzal?<\/p>\n<p><strong>Id\u0151tartam:<\/strong><span>\u00a0<\/span>60-90 perc<\/p>\n<p><strong>L\u00e9tsz\u00e1m:<\/strong><span>\u00a0<\/span>min. 10 f\u0151t\u0151l k\u00e9rhet\u0151<\/p>\n<p><strong>Helysz\u00edn:<\/strong><span>\u00a0<\/span>tal\u00e1lkoz\u00f3 a Memento Mori Ki\u00e1ll\u00edt\u00f3helyn\u00e9l<\/p>\n<p><strong>\u00c1ra:<\/strong><span>\u00a0<\/span>1000 Ft\/f\u0151<\/p>\n<p>[\/et_pb_text][et_pb_button button_url=&#8221;https:\/\/docs.google.com\/forms\/d\/e\/1FAIpQLScLP7r6xL_lMQLWbHyi_Qa2j1e4I5eg5ZcDwLkDqwN0Th7NVQ\/viewform?usp=header&#8221; url_new_window=&#8221;on&#8221; button_text=&#8221;Kapcsolatfelv\u00e9tel&#8221; _builder_version=&#8221;4.27.4&#8243; _module_preset=&#8221;default&#8221; global_colors_info=&#8221;{}&#8221;][\/et_pb_button][\/et_pb_column][et_pb_column type=&#8221;1_2&#8243; _builder_version=&#8221;4.27.4&#8243; _module_preset=&#8221;default&#8221; global_colors_info=&#8221;{}&#8221;][et_pb_image src=&#8221;https:\/\/muzeumvac.hu\/wp-content\/uploads\/2025\/12\/11.jpg&#8221; title_text=&#8221;11&#8243; _builder_version=&#8221;4.27.4&#8243; _module_preset=&#8221;default&#8221; width=&#8221;91.9%&#8221; custom_margin=&#8221;|-1px||18px||&#8221; custom_padding=&#8221;5px|1px||62px||&#8221; global_colors_info=&#8221;{}&#8221;][\/et_pb_image][\/et_pb_column][\/et_pb_row][et_pb_row column_structure=&#8221;1_2,1_2&#8243; _builder_version=&#8221;4.27.4&#8243; _module_preset=&#8221;default&#8221; custom_padding=&#8221;||0px|||&#8221; global_colors_info=&#8221;{}&#8221;][et_pb_column type=&#8221;1_2&#8243; _builder_version=&#8221;4.27.4&#8243; _module_preset=&#8221;default&#8221; global_colors_info=&#8221;{}&#8221;][et_pb_heading title=&#8221;Var\u00e1zslatos V\u00e1c \u2013 V\u00e1rosn\u00e9z\u0151 b\u0171v\u00e9szs\u00e9ta&#8221; _builder_version=&#8221;4.27.6&#8243; _module_preset=&#8221;default&#8221; hover_enabled=&#8221;0&#8243; global_colors_info=&#8221;{}&#8221; sticky_enabled=&#8221;0&#8243;][\/et_pb_heading][et_pb_text _builder_version=&#8221;4.27.4&#8243; _module_preset=&#8221;default&#8221; global_colors_info=&#8221;{}&#8221;]<\/p>\n<p>A t\u00f6rt\u00e9nelem igazi csoda! Csup\u00e1n egy \u00f3r\u00e1t k\u00e9r\u00fcnk, hogy ezt bebizony\u00edtsuk. K\u00fcl\u00f6nleges el\u0151ad\u00e1sunkon b\u0171v\u00e9szmutatv\u00e1nyokkal vezetj\u00fck v\u00e9gig vend\u00e9geit v\u00e1rosunk t\u00f6rt\u00e9nelm\u00e9nek leg\u00e9rdekesebb pillanatain.<\/p>\n<p><strong>Id\u0151tartam:<\/strong><span>\u00a0<\/span>60 perc<\/p>\n<p><strong>L\u00e9tsz\u00e1m:<\/strong><span>\u00a0<\/span>min. 10 f\u0151t\u0151l k\u00e9rhet\u0151<\/p>\n<p><strong>Helysz\u00edn:<\/strong><span>\u00a0<\/span>tal\u00e1lkoz\u00f3 a Memento Mori Ki\u00e1ll\u00edt\u00f3hely el\u0151tt<\/p>\n<p>[\/et_pb_text][et_pb_button button_url=&#8221;https:\/\/docs.google.com\/forms\/d\/e\/1FAIpQLScLP7r6xL_lMQLWbHyi_Qa2j1e4I5eg5ZcDwLkDqwN0Th7NVQ\/viewform?usp=header&#8221; url_new_window=&#8221;on&#8221; button_text=&#8221;Kapcsolatfelv\u00e9tel&#8221; _builder_version=&#8221;4.27.4&#8243; _module_preset=&#8221;default&#8221; global_colors_info=&#8221;{}&#8221;][\/et_pb_button][\/et_pb_column][et_pb_column type=&#8221;1_2&#8243; _builder_version=&#8221;4.27.4&#8243; _module_preset=&#8221;default&#8221; global_colors_info=&#8221;{}&#8221;][et_pb_image src=&#8221;https:\/\/muzeumvac.hu\/wp-content\/uploads\/2026\/03\/Honlapra-400400-7.jpg&#8221; title_text=&#8221;Honlapra 400400 (7)&#8221; _builder_version=&#8221;4.27.6&#8243; _module_preset=&#8221;default&#8221; width=&#8221;91.9%&#8221; custom_margin=&#8221;|-1px||18px||&#8221; custom_padding=&#8221;5px|1px||62px||&#8221; hover_enabled=&#8221;0&#8243; global_colors_info=&#8221;{}&#8221; sticky_enabled=&#8221;0&#8243;][\/et_pb_image][\/et_pb_column][\/et_pb_row][et_pb_row _builder_version=&#8221;4.27.4&#8243; _module_preset=&#8221;default&#8221; custom_margin=&#8221;3px|auto||auto||&#8221; global_colors_info=&#8221;{}&#8221;][et_pb_column type=&#8221;4_4&#8243; _builder_version=&#8221;4.27.4&#8243; _module_preset=&#8221;default&#8221; global_colors_info=&#8221;{}&#8221;][et_pb_divider color=&#8221;#D6D6D6&#8243; divider_style=&#8221;dotted&#8221; divider_position=&#8221;center&#8221; divider_weight=&#8221;4px&#8221; _builder_version=&#8221;4.27.4&#8243; _module_preset=&#8221;default&#8221; global_colors_info=&#8221;{}&#8221;][\/et_pb_divider][\/et_pb_column][\/et_pb_row][\/et_pb_section]<\/p>\n","protected":false},"excerpt":{"rendered":"<p>Hogy v\u00e1lt a t\u00f6r\u00f6kkor puszt\u00edt\u00e1s\u00e1b\u00f3l egy v\u00e1ros a Duna barokk gy\u00f6ngyszem\u00e9v\u00e9? Milyen t\u00f6rt\u00e9neteket \u0151riznek az idel\u00e1togat\u00f3t k\u00f6rbevev\u0151 k\u00f6vek?\u00a0 Ezekre a k\u00e9rd\u00e9sekre is v\u00e1laszt kaphatunk a V\u00e1c t\u00f6rt\u00e9nelmi v\u00e1rosr\u00e9szeiben. A program [&hellip;]<\/p>\n","protected":false},"author":1,"featured_media":0,"parent":200,"menu_order":0,"comment_status":"closed","ping_status":"closed","template":"","meta":{"_et_pb_use_builder":"on","_et_pb_old_content":"","_et_gb_content_width":"","footnotes":""},"class_list":["post-205","page","type-page","status-publish","hentry"],"yoast_head":"<!-- This site is optimized with the Yoast SEO Premium plugin v27.3 (Yoast SEO v27.3) - https:\/\/yoast.com\/product\/yoast-seo-premium-wordpress\/ -->\n<title>V\u00e1rosi s\u00e9t\u00e1k - TRAGOR IGN\u00c1C M\u00daZEUM \u2022 V\u00c1C<\/title>\n<meta name=\"description\" content=\"Egy m\u00fazeum, ezer \u00e9lm\u00e9ny!\" \/>\n<meta name=\"robots\" content=\"index, follow, max-snippet:-1, max-image-preview:large, max-video-preview:-1\" \/>\n<link rel=\"canonical\" href=\"https:\/\/muzeumvac.hu\/en\/felnotteknek\/varosi-setak\/\" \/>\n<meta property=\"og:locale\" content=\"en_GB\" \/>\n<meta property=\"og:type\" content=\"article\" \/>\n<meta property=\"og:title\" content=\"V\u00e1rosi s\u00e9t\u00e1k\" \/>\n<meta property=\"og:description\" content=\"Egy m\u00fazeum, ezer \u00e9lm\u00e9ny!\" \/>\n<meta property=\"og:url\" content=\"https:\/\/muzeumvac.hu\/en\/felnotteknek\/varosi-setak\/\" \/>\n<meta property=\"og:site_name\" content=\"TRAGOR IGN\u00c1C M\u00daZEUM \u2022 V\u00c1C\" \/>\n<meta property=\"article:publisher\" content=\"https:\/\/www.facebook.com\/vac.tragorignacmuzeum\" \/>\n<meta property=\"article:modified_time\" content=\"2026-03-09T15:29:41+00:00\" \/>\n<meta name=\"twitter:card\" content=\"summary_large_image\" \/>\n<meta name=\"twitter:label1\" content=\"Estimated reading time\" \/>\n\t<meta name=\"twitter:data1\" content=\"7 minutes\" \/>\n<script type=\"application\/ld+json\" class=\"yoast-schema-graph\">{\"@context\":\"https:\\\/\\\/schema.org\",\"@graph\":[{\"@type\":\"WebPage\",\"@id\":\"https:\\\/\\\/muzeumvac.hu\\\/felnotteknek\\\/varosi-setak\\\/\",\"url\":\"https:\\\/\\\/muzeumvac.hu\\\/felnotteknek\\\/varosi-setak\\\/\",\"name\":\"V\u00e1rosi s\u00e9t\u00e1k - TRAGOR IGN\u00c1C M\u00daZEUM \u2022 V\u00c1C\",\"isPartOf\":{\"@id\":\"https:\\\/\\\/muzeumvac.hu\\\/#website\"},\"datePublished\":\"2025-05-20T21:43:36+00:00\",\"dateModified\":\"2026-03-09T15:29:41+00:00\",\"description\":\"Egy m\u00fazeum, ezer \u00e9lm\u00e9ny!\",\"breadcrumb\":{\"@id\":\"https:\\\/\\\/muzeumvac.hu\\\/felnotteknek\\\/varosi-setak\\\/#breadcrumb\"},\"inLanguage\":\"en-GB\",\"potentialAction\":[{\"@type\":\"ReadAction\",\"target\":[\"https:\\\/\\\/muzeumvac.hu\\\/felnotteknek\\\/varosi-setak\\\/\"]}]},{\"@type\":\"BreadcrumbList\",\"@id\":\"https:\\\/\\\/muzeumvac.hu\\\/felnotteknek\\\/varosi-setak\\\/#breadcrumb\",\"itemListElement\":[{\"@type\":\"ListItem\",\"position\":1,\"name\":\"Kezd\u0151lap\",\"item\":\"https:\\\/\\\/muzeumvac.hu\\\/\"},{\"@type\":\"ListItem\",\"position\":2,\"name\":\"Feln\u0151tteknek\",\"item\":\"https:\\\/\\\/muzeumvac.hu\\\/felnotteknek\\\/\"},{\"@type\":\"ListItem\",\"position\":3,\"name\":\"V\u00e1rosi s\u00e9t\u00e1k\"}]},{\"@type\":\"WebSite\",\"@id\":\"https:\\\/\\\/muzeumvac.hu\\\/#website\",\"url\":\"https:\\\/\\\/muzeumvac.hu\\\/\",\"name\":\"TRAGOR IGN\u00c1C M\u00daZEUM \u2022 V\u00c1C\",\"description\":\"Egy m\u00fazeum, ezer \u00e9lm\u00e9ny!\",\"publisher\":{\"@id\":\"https:\\\/\\\/muzeumvac.hu\\\/#organization\"},\"potentialAction\":[{\"@type\":\"SearchAction\",\"target\":{\"@type\":\"EntryPoint\",\"urlTemplate\":\"https:\\\/\\\/muzeumvac.hu\\\/?s={search_term_string}\"},\"query-input\":{\"@type\":\"PropertyValueSpecification\",\"valueRequired\":true,\"valueName\":\"search_term_string\"}}],\"inLanguage\":\"en-GB\"},{\"@type\":\"Organization\",\"@id\":\"https:\\\/\\\/muzeumvac.hu\\\/#organization\",\"name\":\"TRAGOR IGN\u00c1C M\u00daZEUM \u2022 V\u00c1C\",\"url\":\"https:\\\/\\\/muzeumvac.hu\\\/\",\"logo\":{\"@type\":\"ImageObject\",\"inLanguage\":\"en-GB\",\"@id\":\"https:\\\/\\\/muzeumvac.hu\\\/#\\\/schema\\\/logo\\\/image\\\/\",\"url\":\"https:\\\/\\\/muzeumvac.hu\\\/wp-content\\\/uploads\\\/2025\\\/07\\\/tragor_ignac_logo.png\",\"contentUrl\":\"https:\\\/\\\/muzeumvac.hu\\\/wp-content\\\/uploads\\\/2025\\\/07\\\/tragor_ignac_logo.png\",\"width\":161,\"height\":126,\"caption\":\"TRAGOR IGN\u00c1C M\u00daZEUM \u2022 V\u00c1C\"},\"image\":{\"@id\":\"https:\\\/\\\/muzeumvac.hu\\\/#\\\/schema\\\/logo\\\/image\\\/\"},\"sameAs\":[\"https:\\\/\\\/www.facebook.com\\\/vac.tragorignacmuzeum\",\"https:\\\/\\\/www.instagram.com\\\/tragormuzeum\",\"https:\\\/\\\/www.youtube.com\\\/@TragorIgncMzeum-vac\"]}]}<\/script>\n<!-- \/ Yoast SEO Premium plugin. -->","yoast_head_json":{"title":"V\u00e1rosi s\u00e9t\u00e1k - TRAGOR IGN\u00c1C M\u00daZEUM \u2022 V\u00c1C","description":"One museum, a thousand experiences!","robots":{"index":"index","follow":"follow","max-snippet":"max-snippet:-1","max-image-preview":"max-image-preview:large","max-video-preview":"max-video-preview:-1"},"canonical":"https:\/\/muzeumvac.hu\/en\/felnotteknek\/varosi-setak\/","og_locale":"en_GB","og_type":"article","og_title":"V\u00e1rosi s\u00e9t\u00e1k","og_description":"Egy m\u00fazeum, ezer \u00e9lm\u00e9ny!","og_url":"https:\/\/muzeumvac.hu\/en\/felnotteknek\/varosi-setak\/","og_site_name":"TRAGOR IGN\u00c1C M\u00daZEUM \u2022 V\u00c1C","article_publisher":"https:\/\/www.facebook.com\/vac.tragorignacmuzeum","article_modified_time":"2026-03-09T15:29:41+00:00","twitter_card":"summary_large_image","twitter_misc":{"Estimated reading time":"7 minutes"},"schema":{"@context":"https:\/\/schema.org","@graph":[{"@type":"WebPage","@id":"https:\/\/muzeumvac.hu\/felnotteknek\/varosi-setak\/","url":"https:\/\/muzeumvac.hu\/felnotteknek\/varosi-setak\/","name":"V\u00e1rosi s\u00e9t\u00e1k - TRAGOR IGN\u00c1C M\u00daZEUM \u2022 V\u00c1C","isPartOf":{"@id":"https:\/\/muzeumvac.hu\/#website"},"datePublished":"2025-05-20T21:43:36+00:00","dateModified":"2026-03-09T15:29:41+00:00","description":"One museum, a thousand experiences!","breadcrumb":{"@id":"https:\/\/muzeumvac.hu\/felnotteknek\/varosi-setak\/#breadcrumb"},"inLanguage":"en-GB","potentialAction":[{"@type":"ReadAction","target":["https:\/\/muzeumvac.hu\/felnotteknek\/varosi-setak\/"]}]},{"@type":"BreadcrumbList","@id":"https:\/\/muzeumvac.hu\/felnotteknek\/varosi-setak\/#breadcrumb","itemListElement":[{"@type":"ListItem","position":1,"name":"Kezd\u0151lap","item":"https:\/\/muzeumvac.hu\/"},{"@type":"ListItem","position":2,"name":"Feln\u0151tteknek","item":"https:\/\/muzeumvac.hu\/felnotteknek\/"},{"@type":"ListItem","position":3,"name":"V\u00e1rosi s\u00e9t\u00e1k"}]},{"@type":"WebSite","@id":"https:\/\/muzeumvac.hu\/#website","url":"https:\/\/muzeumvac.hu\/","name":"TRAGOR IGN\u00c1C M\u00daZEUM \u2022 V\u00c1C","description":"One museum, a thousand experiences!","publisher":{"@id":"https:\/\/muzeumvac.hu\/#organization"},"potentialAction":[{"@type":"SearchAction","target":{"@type":"EntryPoint","urlTemplate":"https:\/\/muzeumvac.hu\/?s={search_term_string}"},"query-input":{"@type":"PropertyValueSpecification","valueRequired":true,"valueName":"search_term_string"}}],"inLanguage":"en-GB"},{"@type":"Organization","@id":"https:\/\/muzeumvac.hu\/#organization","name":"TRAGOR IGN\u00c1C M\u00daZEUM \u2022 V\u00c1C","url":"https:\/\/muzeumvac.hu\/","logo":{"@type":"ImageObject","inLanguage":"en-GB","@id":"https:\/\/muzeumvac.hu\/#\/schema\/logo\/image\/","url":"https:\/\/muzeumvac.hu\/wp-content\/uploads\/2025\/07\/tragor_ignac_logo.png","contentUrl":"https:\/\/muzeumvac.hu\/wp-content\/uploads\/2025\/07\/tragor_ignac_logo.png","width":161,"height":126,"caption":"TRAGOR IGN\u00c1C M\u00daZEUM \u2022 V\u00c1C"},"image":{"@id":"https:\/\/muzeumvac.hu\/#\/schema\/logo\/image\/"},"sameAs":["https:\/\/www.facebook.com\/vac.tragorignacmuzeum","https:\/\/www.instagram.com\/tragormuzeum","https:\/\/www.youtube.com\/@TragorIgncMzeum-vac"]}]}},"_links":{"self":[{"href":"https:\/\/muzeumvac.hu\/en\/wp-json\/wp\/v2\/pages\/205","targetHints":{"allow":["GET"]}}],"collection":[{"href":"https:\/\/muzeumvac.hu\/en\/wp-json\/wp\/v2\/pages"}],"about":[{"href":"https:\/\/muzeumvac.hu\/en\/wp-json\/wp\/v2\/types\/page"}],"author":[{"embeddable":true,"href":"https:\/\/muzeumvac.hu\/en\/wp-json\/wp\/v2\/users\/1"}],"replies":[{"embeddable":true,"href":"https:\/\/muzeumvac.hu\/en\/wp-json\/wp\/v2\/comments?post=205"}],"version-history":[{"count":19,"href":"https:\/\/muzeumvac.hu\/en\/wp-json\/wp\/v2\/pages\/205\/revisions"}],"predecessor-version":[{"id":6051,"href":"https:\/\/muzeumvac.hu\/en\/wp-json\/wp\/v2\/pages\/205\/revisions\/6051"}],"up":[{"embeddable":true,"href":"https:\/\/muzeumvac.hu\/en\/wp-json\/wp\/v2\/pages\/200"}],"wp:attachment":[{"href":"https:\/\/muzeumvac.hu\/en\/wp-json\/wp\/v2\/media?parent=205"}],"curies":[{"name":"wp","href":"https:\/\/api.w.org\/{rel}","templated":true}]}}