{"id":1811,"date":"2025-07-06T07:49:01","date_gmt":"2025-07-06T05:49:01","guid":{"rendered":"https:\/\/muzeumvac.hu\/?page_id=1811"},"modified":"2025-07-06T08:03:03","modified_gmt":"2025-07-06T06:03:03","slug":"madach-imre-muvelodesi-kozpont","status":"publish","type":"page","link":"https:\/\/muzeumvac.hu\/en\/rolunk\/fedezze-fel-vacot\/madach-imre-muvelodesi-kozpont\/","title":{"rendered":"Mad\u00e1ch Imre M\u0171vel\u0151d\u00e9si K\u00f6zpont"},"content":{"rendered":"<p>[et_pb_section fb_built=&#8221;1&#8243; _builder_version=&#8221;4.27.4&#8243; _module_preset=&#8221;default&#8221; global_colors_info=&#8221;{}&#8221;][et_pb_row column_structure=&#8221;1_4,3_4&#8243; use_custom_gutter=&#8221;on&#8221; gutter_width=&#8221;2&#8243; _builder_version=&#8221;4.27.4&#8243; _module_preset=&#8221;default&#8221; border_width_all=&#8221;1px&#8221; border_color_all=&#8221;#D6D6D6&#8243; global_colors_info=&#8221;{}&#8221;][et_pb_column type=&#8221;1_4&#8243; _builder_version=&#8221;4.27.4&#8243; _module_preset=&#8221;default&#8221; global_colors_info=&#8221;{}&#8221;][et_pb_image src=&#8221;https:\/\/muzeumvac.hu\/wp-content\/uploads\/2025\/07\/mimk.jpg&#8221; title_text=&#8221;mimk&#8221; _builder_version=&#8221;4.27.4&#8243; _module_preset=&#8221;default&#8221; custom_padding=&#8221;|||10px|false|false&#8221; global_colors_info=&#8221;{}&#8221;][\/et_pb_image][\/et_pb_column][et_pb_column type=&#8221;3_4&#8243; _builder_version=&#8221;4.27.4&#8243; _module_preset=&#8221;default&#8221; global_colors_info=&#8221;{}&#8221;][et_pb_text _builder_version=&#8221;4.27.4&#8243; _module_preset=&#8221;default&#8221; hover_enabled=&#8221;0&#8243; global_colors_info=&#8221;{}&#8221; custom_padding=&#8221;|10px|||false|false&#8221; sticky_enabled=&#8221;0&#8243;]<\/p>\n<p>A v\u00e1ros \u00e9s a r\u00e9gi\u00f3 legnagyobb int\u00e9zm\u00e9nyek\u00e9nt igyekszik kiel\u00e9g\u00edteni a lakoss\u00e1g kultur\u00e1lis ig\u00e9nyeit.<br \/>A v\u00e1ci Mad\u00e1ch Imre M\u0171vel\u0151d\u00e9si K\u00f6zpont 1976-t\u00f3l m\u0171k\u00f6dik jelenlegi hely\u00e9n.<\/p>\n<p>K\u00f6z\u00f6ss\u00e9gi m\u0171vel\u0151d\u00e9s sz\u00edntere, helyet biztos\u00edt a heti, havi rendszeress\u00e9ggel m\u0171k\u00f6d\u0151 m\u0171v\u00e9szeti csoportok, civilszervez\u0151d\u00e9sek, klubok, szakk\u00f6r\u00f6k r\u00e9sz\u00e9re, melyek sz\u00e1ma meghaladja a harmincat.<\/p>\n<p>A m\u0171vel\u0151d\u00e9si k\u00f6zpont az \u00e9v folyam\u00e1n t\u00f6bb fesztiv\u00e1lt is rendez, nagy sikerrel. V\u00e1ci Tavaszi Fesztiv\u00e1l, V\u00e1ci Vil\u00e1gi Vigalom, \u0150szi M\u0171v\u00e9szeti Hetek, T\u00e9li \u00dcnnepi Napok. A fesztiv\u00e1lprogramokon a helyi alkot\u00f3k, el\u0151ad\u00f3k mellett bemutatkoznak orsz\u00e1gos \u00e9s vil\u00e1gh\u00edr\u0171 m\u0171v\u00e9szek is.<\/p>\n<p>www.mimk.vac.hu<\/p>\n<p>[\/et_pb_text][\/et_pb_column][\/et_pb_row][\/et_pb_section]<\/p>\n","protected":false},"excerpt":{"rendered":"<p>A v\u00e1ros \u00e9s a r\u00e9gi\u00f3 legnagyobb int\u00e9zm\u00e9nyek\u00e9nt igyekszik kiel\u00e9g\u00edteni a lakoss\u00e1g kultur\u00e1lis ig\u00e9nyeit.A v\u00e1ci Mad\u00e1ch Imre M\u0171vel\u0151d\u00e9si K\u00f6zpont 1976-t\u00f3l m\u0171k\u00f6dik jelenlegi hely\u00e9n. K\u00f6z\u00f6ss\u00e9gi m\u0171vel\u0151d\u00e9s sz\u00edntere, helyet biztos\u00edt a heti, havi [&hellip;]<\/p>\n","protected":false},"author":1,"featured_media":0,"parent":177,"menu_order":0,"comment_status":"closed","ping_status":"closed","template":"","meta":{"_et_pb_use_builder":"on","_et_pb_old_content":"","_et_gb_content_width":"","footnotes":""},"class_list":["post-1811","page","type-page","status-publish","hentry"],"yoast_head":"<!-- This site is optimized with the Yoast SEO Premium plugin v27.4 (Yoast SEO v27.5) - https:\/\/yoast.com\/product\/yoast-seo-premium-wordpress\/ -->\n<title>Mad\u00e1ch Imre M\u0171vel\u0151d\u00e9si K\u00f6zpont - TRAGOR IGN\u00c1C M\u00daZEUM \u2022 V\u00c1C<\/title>\n<meta name=\"description\" content=\"Egy m\u00fazeum, ezer \u00e9lm\u00e9ny!\" \/>\n<meta name=\"robots\" content=\"index, follow, max-snippet:-1, max-image-preview:large, max-video-preview:-1\" \/>\n<link rel=\"canonical\" href=\"https:\/\/muzeumvac.hu\/en\/rolunk\/fedezze-fel-vacot\/madach-imre-muvelodesi-kozpont\/\" \/>\n<meta property=\"og:locale\" content=\"en_GB\" \/>\n<meta property=\"og:type\" content=\"article\" \/>\n<meta property=\"og:title\" content=\"Mad\u00e1ch Imre M\u0171vel\u0151d\u00e9si K\u00f6zpont\" \/>\n<meta property=\"og:description\" content=\"Egy m\u00fazeum, ezer \u00e9lm\u00e9ny!\" \/>\n<meta property=\"og:url\" content=\"https:\/\/muzeumvac.hu\/en\/rolunk\/fedezze-fel-vacot\/madach-imre-muvelodesi-kozpont\/\" \/>\n<meta property=\"og:site_name\" content=\"TRAGOR IGN\u00c1C M\u00daZEUM \u2022 V\u00c1C\" \/>\n<meta property=\"article:publisher\" content=\"https:\/\/www.facebook.com\/vac.tragorignacmuzeum\" \/>\n<meta property=\"article:modified_time\" content=\"2025-07-06T06:03:03+00:00\" \/>\n<meta name=\"twitter:card\" content=\"summary_large_image\" \/>\n<meta name=\"twitter:label1\" content=\"Estimated reading time\" \/>\n\t<meta name=\"twitter:data1\" content=\"1 minute\" \/>\n<script type=\"application\/ld+json\" class=\"yoast-schema-graph\">{\"@context\":\"https:\\\/\\\/schema.org\",\"@graph\":[{\"@type\":\"WebPage\",\"@id\":\"https:\\\/\\\/muzeumvac.hu\\\/rolunk\\\/fedezze-fel-vacot\\\/madach-imre-muvelodesi-kozpont\\\/\",\"url\":\"https:\\\/\\\/muzeumvac.hu\\\/rolunk\\\/fedezze-fel-vacot\\\/madach-imre-muvelodesi-kozpont\\\/\",\"name\":\"Mad\u00e1ch Imre M\u0171vel\u0151d\u00e9si K\u00f6zpont - TRAGOR IGN\u00c1C M\u00daZEUM \u2022 V\u00c1C\",\"isPartOf\":{\"@id\":\"https:\\\/\\\/muzeumvac.hu\\\/#website\"},\"datePublished\":\"2025-07-06T05:49:01+00:00\",\"dateModified\":\"2025-07-06T06:03:03+00:00\",\"description\":\"Egy m\u00fazeum, ezer \u00e9lm\u00e9ny!\",\"breadcrumb\":{\"@id\":\"https:\\\/\\\/muzeumvac.hu\\\/rolunk\\\/fedezze-fel-vacot\\\/madach-imre-muvelodesi-kozpont\\\/#breadcrumb\"},\"inLanguage\":\"en-GB\",\"potentialAction\":[{\"@type\":\"ReadAction\",\"target\":[\"https:\\\/\\\/muzeumvac.hu\\\/rolunk\\\/fedezze-fel-vacot\\\/madach-imre-muvelodesi-kozpont\\\/\"]}]},{\"@type\":\"BreadcrumbList\",\"@id\":\"https:\\\/\\\/muzeumvac.hu\\\/rolunk\\\/fedezze-fel-vacot\\\/madach-imre-muvelodesi-kozpont\\\/#breadcrumb\",\"itemListElement\":[{\"@type\":\"ListItem\",\"position\":1,\"name\":\"Kezd\u0151lap\",\"item\":\"https:\\\/\\\/muzeumvac.hu\\\/\"},{\"@type\":\"ListItem\",\"position\":2,\"name\":\"R\u00f3lunk\",\"item\":\"https:\\\/\\\/muzeumvac.hu\\\/rolunk\\\/\"},{\"@type\":\"ListItem\",\"position\":3,\"name\":\"Partnereink\",\"item\":\"https:\\\/\\\/muzeumvac.hu\\\/rolunk\\\/fedezze-fel-vacot\\\/\"},{\"@type\":\"ListItem\",\"position\":4,\"name\":\"Mad\u00e1ch Imre M\u0171vel\u0151d\u00e9si K\u00f6zpont\"}]},{\"@type\":\"WebSite\",\"@id\":\"https:\\\/\\\/muzeumvac.hu\\\/#website\",\"url\":\"https:\\\/\\\/muzeumvac.hu\\\/\",\"name\":\"TRAGOR IGN\u00c1C M\u00daZEUM \u2022 V\u00c1C\",\"description\":\"Egy m\u00fazeum, ezer \u00e9lm\u00e9ny!\",\"publisher\":{\"@id\":\"https:\\\/\\\/muzeumvac.hu\\\/#organization\"},\"potentialAction\":[{\"@type\":\"SearchAction\",\"target\":{\"@type\":\"EntryPoint\",\"urlTemplate\":\"https:\\\/\\\/muzeumvac.hu\\\/?s={search_term_string}\"},\"query-input\":{\"@type\":\"PropertyValueSpecification\",\"valueRequired\":true,\"valueName\":\"search_term_string\"}}],\"inLanguage\":\"en-GB\"},{\"@type\":\"Organization\",\"@id\":\"https:\\\/\\\/muzeumvac.hu\\\/#organization\",\"name\":\"TRAGOR IGN\u00c1C M\u00daZEUM \u2022 V\u00c1C\",\"url\":\"https:\\\/\\\/muzeumvac.hu\\\/\",\"logo\":{\"@type\":\"ImageObject\",\"inLanguage\":\"en-GB\",\"@id\":\"https:\\\/\\\/muzeumvac.hu\\\/#\\\/schema\\\/logo\\\/image\\\/\",\"url\":\"https:\\\/\\\/muzeumvac.hu\\\/wp-content\\\/uploads\\\/2025\\\/07\\\/tragor_ignac_logo.png\",\"contentUrl\":\"https:\\\/\\\/muzeumvac.hu\\\/wp-content\\\/uploads\\\/2025\\\/07\\\/tragor_ignac_logo.png\",\"width\":161,\"height\":126,\"caption\":\"TRAGOR IGN\u00c1C M\u00daZEUM \u2022 V\u00c1C\"},\"image\":{\"@id\":\"https:\\\/\\\/muzeumvac.hu\\\/#\\\/schema\\\/logo\\\/image\\\/\"},\"sameAs\":[\"https:\\\/\\\/www.facebook.com\\\/vac.tragorignacmuzeum\",\"https:\\\/\\\/www.instagram.com\\\/tragormuzeum\",\"https:\\\/\\\/www.youtube.com\\\/@TragorIgncMzeum-vac\"]}]}<\/script>\n<!-- \/ Yoast SEO Premium plugin. -->","yoast_head_json":{"title":"Mad\u00e1ch Imre M\u0171vel\u0151d\u00e9si K\u00f6zpont - TRAGOR IGN\u00c1C M\u00daZEUM \u2022 V\u00c1C","description":"One museum, a thousand experiences!","robots":{"index":"index","follow":"follow","max-snippet":"max-snippet:-1","max-image-preview":"max-image-preview:large","max-video-preview":"max-video-preview:-1"},"canonical":"https:\/\/muzeumvac.hu\/en\/rolunk\/fedezze-fel-vacot\/madach-imre-muvelodesi-kozpont\/","og_locale":"en_GB","og_type":"article","og_title":"Mad\u00e1ch Imre M\u0171vel\u0151d\u00e9si K\u00f6zpont","og_description":"Egy m\u00fazeum, ezer \u00e9lm\u00e9ny!","og_url":"https:\/\/muzeumvac.hu\/en\/rolunk\/fedezze-fel-vacot\/madach-imre-muvelodesi-kozpont\/","og_site_name":"TRAGOR IGN\u00c1C M\u00daZEUM \u2022 V\u00c1C","article_publisher":"https:\/\/www.facebook.com\/vac.tragorignacmuzeum","article_modified_time":"2025-07-06T06:03:03+00:00","twitter_card":"summary_large_image","twitter_misc":{"Estimated reading time":"1 minute"},"schema":{"@context":"https:\/\/schema.org","@graph":[{"@type":"WebPage","@id":"https:\/\/muzeumvac.hu\/rolunk\/fedezze-fel-vacot\/madach-imre-muvelodesi-kozpont\/","url":"https:\/\/muzeumvac.hu\/rolunk\/fedezze-fel-vacot\/madach-imre-muvelodesi-kozpont\/","name":"Mad\u00e1ch Imre M\u0171vel\u0151d\u00e9si K\u00f6zpont - TRAGOR IGN\u00c1C M\u00daZEUM \u2022 V\u00c1C","isPartOf":{"@id":"https:\/\/muzeumvac.hu\/#website"},"datePublished":"2025-07-06T05:49:01+00:00","dateModified":"2025-07-06T06:03:03+00:00","description":"One museum, a thousand experiences!","breadcrumb":{"@id":"https:\/\/muzeumvac.hu\/rolunk\/fedezze-fel-vacot\/madach-imre-muvelodesi-kozpont\/#breadcrumb"},"inLanguage":"en-GB","potentialAction":[{"@type":"ReadAction","target":["https:\/\/muzeumvac.hu\/rolunk\/fedezze-fel-vacot\/madach-imre-muvelodesi-kozpont\/"]}]},{"@type":"BreadcrumbList","@id":"https:\/\/muzeumvac.hu\/rolunk\/fedezze-fel-vacot\/madach-imre-muvelodesi-kozpont\/#breadcrumb","itemListElement":[{"@type":"ListItem","position":1,"name":"Kezd\u0151lap","item":"https:\/\/muzeumvac.hu\/"},{"@type":"ListItem","position":2,"name":"R\u00f3lunk","item":"https:\/\/muzeumvac.hu\/rolunk\/"},{"@type":"ListItem","position":3,"name":"Partnereink","item":"https:\/\/muzeumvac.hu\/rolunk\/fedezze-fel-vacot\/"},{"@type":"ListItem","position":4,"name":"Mad\u00e1ch Imre M\u0171vel\u0151d\u00e9si K\u00f6zpont"}]},{"@type":"WebSite","@id":"https:\/\/muzeumvac.hu\/#website","url":"https:\/\/muzeumvac.hu\/","name":"TRAGOR IGN\u00c1C M\u00daZEUM \u2022 V\u00c1C","description":"One museum, a thousand experiences!","publisher":{"@id":"https:\/\/muzeumvac.hu\/#organization"},"potentialAction":[{"@type":"SearchAction","target":{"@type":"EntryPoint","urlTemplate":"https:\/\/muzeumvac.hu\/?s={search_term_string}"},"query-input":{"@type":"PropertyValueSpecification","valueRequired":true,"valueName":"search_term_string"}}],"inLanguage":"en-GB"},{"@type":"Organization","@id":"https:\/\/muzeumvac.hu\/#organization","name":"TRAGOR IGN\u00c1C M\u00daZEUM \u2022 V\u00c1C","url":"https:\/\/muzeumvac.hu\/","logo":{"@type":"ImageObject","inLanguage":"en-GB","@id":"https:\/\/muzeumvac.hu\/#\/schema\/logo\/image\/","url":"https:\/\/muzeumvac.hu\/wp-content\/uploads\/2025\/07\/tragor_ignac_logo.png","contentUrl":"https:\/\/muzeumvac.hu\/wp-content\/uploads\/2025\/07\/tragor_ignac_logo.png","width":161,"height":126,"caption":"TRAGOR IGN\u00c1C M\u00daZEUM \u2022 V\u00c1C"},"image":{"@id":"https:\/\/muzeumvac.hu\/#\/schema\/logo\/image\/"},"sameAs":["https:\/\/www.facebook.com\/vac.tragorignacmuzeum","https:\/\/www.instagram.com\/tragormuzeum","https:\/\/www.youtube.com\/@TragorIgncMzeum-vac"]}]}},"_links":{"self":[{"href":"https:\/\/muzeumvac.hu\/en\/wp-json\/wp\/v2\/pages\/1811","targetHints":{"allow":["GET"]}}],"collection":[{"href":"https:\/\/muzeumvac.hu\/en\/wp-json\/wp\/v2\/pages"}],"about":[{"href":"https:\/\/muzeumvac.hu\/en\/wp-json\/wp\/v2\/types\/page"}],"author":[{"embeddable":true,"href":"https:\/\/muzeumvac.hu\/en\/wp-json\/wp\/v2\/users\/1"}],"replies":[{"embeddable":true,"href":"https:\/\/muzeumvac.hu\/en\/wp-json\/wp\/v2\/comments?post=1811"}],"version-history":[{"count":0,"href":"https:\/\/muzeumvac.hu\/en\/wp-json\/wp\/v2\/pages\/1811\/revisions"}],"up":[{"embeddable":true,"href":"https:\/\/muzeumvac.hu\/en\/wp-json\/wp\/v2\/pages\/177"}],"wp:attachment":[{"href":"https:\/\/muzeumvac.hu\/en\/wp-json\/wp\/v2\/media?parent=1811"}],"curies":[{"name":"wp","href":"https:\/\/api.w.org\/{rel}","templated":true}]}}