{"id":177,"date":"2025-05-20T23:20:32","date_gmt":"2025-05-20T21:20:32","guid":{"rendered":"https:\/\/muzeumvac.hu\/?page_id=177"},"modified":"2026-02-24T10:38:41","modified_gmt":"2026-02-24T09:38:41","slug":"fedezze-fel-vacot","status":"publish","type":"page","link":"https:\/\/muzeumvac.hu\/en\/rolunk\/fedezze-fel-vacot\/","title":{"rendered":"Our Partners"},"content":{"rendered":"<p>[et_pb_section fb_built=&#8221;1&#8243; _builder_version=&#8221;4.27.5&#8243; _module_preset=&#8221;default&#8221; global_colors_info=&#8221;{}&#8221;][et_pb_row column_structure=&#8221;1_4,1_4,1_4,1_4&#8243; _builder_version=&#8221;4.27.5&#8243; _module_preset=&#8221;default&#8221; global_colors_info=&#8221;{}&#8221;][et_pb_column type=&#8221;1_4&#8243; _builder_version=&#8221;4.27.5&#8243; _module_preset=&#8221;default&#8221; global_colors_info=&#8221;{}&#8221;][et_pb_team_member name=&#8221;V\u00e1c \u00d6nkorm\u00e1nyzat             &#8221; image_url=&#8221;https:\/\/muzeumvac.hu\/wp-content\/uploads\/2026\/02\/Vac-varos-onkormanyzata.jpg&#8221; _builder_version=&#8221;4.27.5&#8243; _module_preset=&#8221;default&#8221; global_colors_info=&#8221;{}&#8221;]<\/p>\n<p style=\"text-align: left;\"><a href=\"http:\/\/www.vac.hu\" target=\"_blank\" rel=\"noopener\">vac.hu<\/a><\/p>\n<p>[\/et_pb_team_member][et_pb_team_member name=&#8221;V\u00e1ci M\u00fazeum Egyes\u00fclet     &#8221; image_url=&#8221;https:\/\/muzeumvac.hu\/wp-content\/uploads\/2026\/02\/VME.jpg&#8221; _builder_version=&#8221;4.27.5&#8243; _module_preset=&#8221;default&#8221; global_colors_info=&#8221;{}&#8221;]<\/p>\n<p><a href=\"https:\/\/www.facebook.com\/p\/V%C3%A1ci-M%C3%BAzeum-Egyes%C3%BClet-100065147274897\/\" target=\"_blank\" rel=\"noopener\">V\u00e1ci M\u00fazeum Egyes\u00fclet<\/a><\/p>\n<p>[\/et_pb_team_member][et_pb_team_member name=&#8221;V\u00e1ci Egyh\u00e1zmegye               &#8221; image_url=&#8221;https:\/\/muzeumvac.hu\/wp-content\/uploads\/2026\/02\/Vaci-Egyhazmegye.jpg&#8221; _builder_version=&#8221;4.27.5&#8243; _module_preset=&#8221;default&#8221; global_colors_info=&#8221;{}&#8221;]<\/p>\n<p><a href=\"https:\/\/vaciegyhazmegye.hu\/\" target=\"_blank\" rel=\"noopener\">vaciegyhazmegye.hu<\/a><\/p>\n<p>[\/et_pb_team_member][et_pb_team_member name=&#8221;DDC&#8221; image_url=&#8221;https:\/\/muzeumvac.hu\/wp-content\/uploads\/2026\/02\/DDC-logo.jpg&#8221; _builder_version=&#8221;4.27.5&#8243; _module_preset=&#8221;default&#8221; global_colors_info=&#8221;{}&#8221;]<\/p>\n<p><a href=\"https:\/\/www.duna-drava.hu\/hu\" target=\"_blank\" rel=\"noopener\">duna-drava.hu<\/a><\/p>\n<p>[\/et_pb_team_member][et_pb_team_member name=&#8221;Lingvay Pinc\u00e9szet                                                                 &#8221; image_url=&#8221;https:\/\/muzeumvac.hu\/wp-content\/uploads\/2026\/02\/Lingvay.jpg&#8221; _builder_version=&#8221;4.27.5&#8243; _module_preset=&#8221;default&#8221; global_colors_info=&#8221;{}&#8221;]<\/p>\n<p><a href=\"https:\/\/www.lingvay.hu\/\" target=\"_blank\" rel=\"noopener\">lingvay.hu<\/a><\/p>\n<p>[\/et_pb_team_member][et_pb_team_member name=&#8221;Ferenczy M\u00fazeum               &#8221; image_url=&#8221;https:\/\/muzeumvac.hu\/wp-content\/uploads\/2026\/02\/Ferenczy-Muzeum-.jpg&#8221; _builder_version=&#8221;4.27.5&#8243; _module_preset=&#8221;default&#8221; global_colors_info=&#8221;{}&#8221;]<\/p>\n<p><a href=\"https:\/\/femuz.hu\/\" target=\"_blank\" rel=\"noopener\">femuz.hu<\/a><\/p>\n<p>[\/et_pb_team_member][\/et_pb_column][et_pb_column type=&#8221;1_4&#8243; _builder_version=&#8221;4.27.5&#8243; _module_preset=&#8221;default&#8221; global_colors_info=&#8221;{}&#8221;][et_pb_team_member name=&#8221;TDM                                       &#8221; image_url=&#8221;https:\/\/muzeumvac.hu\/wp-content\/uploads\/2026\/02\/TDM.jpg&#8221; _builder_version=&#8221;4.27.5&#8243; _module_preset=&#8221;default&#8221; global_colors_info=&#8221;{}&#8221;]<\/p>\n<p><a href=\"https:\/\/visitvac.hu\" target=\"_blank\" rel=\"noopener\">visitvac.hu<\/a><\/p>\n<p>[\/et_pb_team_member][et_pb_team_member name=&#8221;Katona Lajos V\u00e1rosi K\u00f6nyvt\u00e1r&#8221; image_url=&#8221;https:\/\/muzeumvac.hu\/wp-content\/uploads\/2026\/02\/Katona-Lajos-konyvtar.jpg&#8221; _builder_version=&#8221;4.27.5&#8243; _module_preset=&#8221;default&#8221; hover_enabled=&#8221;0&#8243; global_colors_info=&#8221;{}&#8221; title_text=&#8221;Katona Lajos k\u00f6nyvt\u00e1r&#8221; sticky_enabled=&#8221;0&#8243;]<\/p>\n<p><a href=\"http:\/\/www.klvk.vac.hu\/\" target=\"_blank\" rel=\"noopener\">klvk.vac.hu<\/a><\/p>\n<p>[\/et_pb_team_member][et_pb_team_member name=&#8221;V\u00e1ci Egyh\u00e1zm\u0171v\u00e9szeti Gy\u0171jtem\u00e9ny&#8221; image_url=&#8221;https:\/\/muzeumvac.hu\/wp-content\/uploads\/2026\/02\/Vaci-Egyhazmuveszeti-Gyujtemeny.jpg&#8221; _builder_version=&#8221;4.27.5&#8243; _module_preset=&#8221;default&#8221; link_option_url_new_window=&#8221;on&#8221; global_colors_info=&#8221;{}&#8221;]<\/p>\n<p><a href=\"https:\/\/puspokvac.hu\/latnivalok\/egyhazmuveszeti_gyujtemeny\" target=\"_blank\" rel=\"noopener\">egyhazmuveszeti_gyujtemeny<\/a><\/p>\n<p>[\/et_pb_team_member][et_pb_team_member name=&#8221;Nasz\u00e1lytej         &#8221; image_url=&#8221;https:\/\/muzeumvac.hu\/wp-content\/uploads\/2026\/02\/Naszalytej-zrt.jpg&#8221; _builder_version=&#8221;4.27.5&#8243; _module_preset=&#8221;default&#8221; link_option_url_new_window=&#8221;on&#8221; global_colors_info=&#8221;{}&#8221;]<\/p>\n<p><a href=\"https:\/\/naszalytej.hu\/\" target=\"_blank\" rel=\"noopener\">naszalytej.hu<\/a><\/p>\n<p>[\/et_pb_team_member][et_pb_team_member name=&#8221;Trad\u00edci\u00f3-c\u00e9h alap\u00edtv\u00e1ny                                                       &#8221; image_url=&#8221;https:\/\/muzeumvac.hu\/wp-content\/uploads\/2026\/02\/Tradicio-ceh-alapitvany.jpg&#8221; _builder_version=&#8221;4.27.5&#8243; _module_preset=&#8221;default&#8221; global_colors_info=&#8221;{}&#8221;]<\/p>\n<p><a href=\"https:\/\/www.facebook.com\/profile.php?id=61568099272882\" target=\"_blank\" rel=\"noopener\">Trad\u00edci\u00f3-c\u00e9h alap\u00edtv\u00e1ny<\/a><\/p>\n<p>[\/et_pb_team_member][et_pb_team_member name=&#8221;Arcus k\u00f6nyvesbolt &#038; k\u00e1v\u00e9z\u00f3&#8221; image_url=&#8221;https:\/\/muzeumvac.hu\/wp-content\/uploads\/2026\/02\/Arcus.jpg&#8221; _builder_version=&#8221;4.27.5&#8243; _module_preset=&#8221;default&#8221; global_colors_info=&#8221;{}&#8221;]<\/p>\n<p><a href=\"https:\/\/arcus.hu\/\" target=\"_blank\" rel=\"noopener\">arcus.hu<\/a><\/p>\n<p>[\/et_pb_team_member][\/et_pb_column][et_pb_column type=&#8221;1_4&#8243; _builder_version=&#8221;4.27.5&#8243; _module_preset=&#8221;default&#8221; global_colors_info=&#8221;{}&#8221;][et_pb_team_member name=&#8221;Mad\u00e1ch Imre M\u0171vel\u0151d\u00e9si K\u00f6zpont&#8221; image_url=&#8221;https:\/\/muzeumvac.hu\/wp-content\/uploads\/2026\/02\/MIMK.jpg&#8221; _builder_version=&#8221;4.27.5&#8243; _module_preset=&#8221;default&#8221; link_option_url=&#8221;https:\/\/mimk.hu\/&#8221; link_option_url_new_window=&#8221;on&#8221; global_colors_info=&#8221;{}&#8221;]<\/p>\n<p><a href=\"https:\/\/mimk.hu\/\" target=\"_blank\" rel=\"noopener\">mimk.hu<\/a><\/p>\n<p>[\/et_pb_team_member][et_pb_team_member name=&#8221;V\u00e1ci Dunakanyar Sz\u00ednh\u00e1z &#8221; image_url=&#8221;https:\/\/muzeumvac.hu\/wp-content\/uploads\/2026\/02\/Dunakanyar-szinhaz.jpg&#8221; _builder_version=&#8221;4.27.5&#8243; _module_preset=&#8221;default&#8221; global_colors_info=&#8221;{}&#8221;]<\/p>\n<p><a href=\"https:\/\/www.vacidunakanyarszinhaz.hu\/\" target=\"_blank\" rel=\"noopener\">vacidunakanyarszinhaz.hu<\/a><\/p>\n<p>[\/et_pb_team_member][et_pb_team_member name=&#8221;P\u00fcsp\u00f6kV\u00e1c                             &#8221; image_url=&#8221;https:\/\/muzeumvac.hu\/wp-content\/uploads\/2026\/02\/Puspokvac.jpg&#8221; _builder_version=&#8221;4.27.5&#8243; _module_preset=&#8221;default&#8221; link_option_url_new_window=&#8221;on&#8221; global_colors_info=&#8221;{}&#8221;]<\/p>\n<p><a href=\"https:\/\/puspokvac.hu\/\" target=\"_blank\" rel=\"noopener\">puspokvac.hu<\/a><\/p>\n<p>[\/et_pb_team_member][et_pb_team_member name=&#8221;Farm \u00c9telm\u0171hely                 &#8221; image_url=&#8221;https:\/\/muzeumvac.hu\/wp-content\/uploads\/2026\/02\/Farm-etelmuhely.jpg&#8221; _builder_version=&#8221;4.27.5&#8243; _module_preset=&#8221;default&#8221; global_colors_info=&#8221;{}&#8221;]<\/p>\n<p><a href=\"https:\/\/farmetelmuhely.hu\/\" target=\"_blank\" rel=\"noopener\">farmetelmuhely.hu<\/a><\/p>\n<p>[\/et_pb_team_member][et_pb_team_member name=&#8221;V\u00e1ci Husz\u00e1r \u00e9s Nemzet\u0151r Band\u00e9rium&#8221; image_url=&#8221;https:\/\/muzeumvac.hu\/wp-content\/uploads\/2026\/02\/Vaci-Huszar-es-nemzetor-banderium.jpg&#8221; _builder_version=&#8221;4.27.5&#8243; _module_preset=&#8221;default&#8221; link_option_url=&#8221;https:\/\/www.facebook.com\/VaciHuszaresNemzetorBanderium\/?locale=hu_HU&#8221; link_option_url_new_window=&#8221;on&#8221; global_colors_info=&#8221;{}&#8221;]<\/p>\n<p><a href=\"https:\/\/www.facebook.com\/VaciHuszaresNemzetorBanderium\/?locale=hu_HU\" target=\"_blank\" rel=\"noopener\">V\u00e1ci Husz\u00e1r \u00e9s Nemzet\u0151r Band\u00e9rium<\/a><\/p>\n<p>[\/et_pb_team_member][et_pb_team_member name=&#8221;Lyra K\u00f6nyvesh\u00e1z V\u00e1c           &#8221; image_url=&#8221;https:\/\/muzeumvac.hu\/wp-content\/uploads\/2026\/02\/Lyra.jpg&#8221; _builder_version=&#8221;4.27.5&#8243; _module_preset=&#8221;default&#8221; global_colors_info=&#8221;{}&#8221;]<\/p>\n<p><a href=\"https:\/\/lyravac.hu\/\" target=\"_blank\" rel=\"noopener\">lyravac.hu<\/a><\/p>\n<p>[\/et_pb_team_member][\/et_pb_column][et_pb_column type=&#8221;1_4&#8243; _builder_version=&#8221;4.27.5&#8243; _module_preset=&#8221;default&#8221; global_colors_info=&#8221;{}&#8221;][et_pb_team_member name=&#8221;V\u00e1c V\u00e1ros Lev\u00e9lt\u00e1ra           &#8221; image_url=&#8221;https:\/\/muzeumvac.hu\/wp-content\/uploads\/2026\/02\/Leveltar.jpg&#8221; _builder_version=&#8221;4.27.5&#8243; _module_preset=&#8221;default&#8221; link_option_url_new_window=&#8221;on&#8221; global_colors_info=&#8221;{}&#8221;]<\/p>\n<p><a href=\"https:\/\/vacarchivum.hu\/\" target=\"_blank\" rel=\"noopener\">vacarchivum.hu<\/a><\/p>\n<p>[\/et_pb_team_member][et_pb_team_member name=&#8221;ESTV                                       &#8221; image_url=&#8221;https:\/\/muzeumvac.hu\/wp-content\/uploads\/2026\/02\/ESTV-1.jpg&#8221; _builder_version=&#8221;4.27.5&#8243; _module_preset=&#8221;default&#8221; global_colors_info=&#8221;{}&#8221;]<\/p>\n<p><a href=\"https:\/\/estv.hu\/\" target=\"_blank\" rel=\"noopener\">estv.hu<\/a><\/p>\n<p>[\/et_pb_team_member][et_pb_team_member name=&#8221;Duna-Part                             &#8221; image_url=&#8221;https:\/\/muzeumvac.hu\/wp-content\/uploads\/2026\/02\/Dunapart.jpg&#8221; _builder_version=&#8221;4.27.5&#8243; _module_preset=&#8221;default&#8221; global_colors_info=&#8221;{}&#8221;]<\/p>\n<p><a href=\"https:\/\/dunapartprogram.hu\/\" target=\"_blank\" rel=\"noopener\">dunapartprogram.hu<\/a><\/p>\n<p>[\/et_pb_team_member][et_pb_team_member name=&#8221;Adull\u00e1m k\u00e1v\u00e9z\u00f3                   &#8221; image_url=&#8221;https:\/\/muzeumvac.hu\/wp-content\/uploads\/2026\/02\/Adullam.jpg&#8221; _builder_version=&#8221;4.27.5&#8243; _module_preset=&#8221;default&#8221; global_colors_info=&#8221;{}&#8221;]<\/p>\n<p><a href=\"https:\/\/www.facebook.com\/adullamkavezo\" target=\"_blank\" rel=\"noopener\">adullamkavezo<\/a><\/p>\n<p>[\/et_pb_team_member][et_pb_team_member name=&#8221;Mare Temporis                                                                     &#8221; image_url=&#8221;https:\/\/muzeumvac.hu\/wp-content\/uploads\/2026\/02\/Mare-Temporis.jpg&#8221; _builder_version=&#8221;4.27.5&#8243; _module_preset=&#8221;default&#8221; link_option_url=&#8221;https:\/\/www.facebook.com\/VaciHuszaresNemzetorBanderium\/?locale=hu_HU&#8221; link_option_url_new_window=&#8221;on&#8221; global_colors_info=&#8221;{}&#8221;]<\/p>\n<p><a href=\"https:\/\/www.maretemporis.hu\/\" target=\"_blank\" rel=\"noopener\">maretemporis.hu<\/a><\/p>\n<p>[\/et_pb_team_member][et_pb_team_member name=&#8221;Garay k\u00e9pz\u0151m\u0171v\u00e9szeti st\u00fadi\u00f3&#8221; image_url=&#8221;https:\/\/muzeumvac.hu\/wp-content\/uploads\/2026\/02\/Garay.jpg&#8221; _builder_version=&#8221;4.27.5&#8243; _module_preset=&#8221;default&#8221; link_option_url_new_window=&#8221;on&#8221; global_colors_info=&#8221;{}&#8221;]<\/p>\n<p><a href=\"https:\/\/www.garaystudio.hu\/\" target=\"_blank\" rel=\"noopener\">garaystudio.hu<\/a><\/p>\n<p>[\/et_pb_team_member][\/et_pb_column][\/et_pb_row][\/et_pb_section][et_pb_section fb_built=&#8221;1&#8243; _builder_version=&#8221;4.27.5&#8243; _module_preset=&#8221;default&#8221; global_colors_info=&#8221;{}&#8221;][et_pb_row _builder_version=&#8221;4.27.5&#8243; _module_preset=&#8221;default&#8221; global_colors_info=&#8221;{}&#8221;][et_pb_column type=&#8221;4_4&#8243; _builder_version=&#8221;4.27.5&#8243; _module_preset=&#8221;default&#8221; global_colors_info=&#8221;{}&#8221;][et_pb_heading title=&#8221;Iskol\u00e1k, \u00f3vod\u00e1k&#8221; _builder_version=&#8221;4.27.5&#8243; _module_preset=&#8221;default&#8221; global_colors_info=&#8221;{}&#8221;][\/et_pb_heading][\/et_pb_column][\/et_pb_row][\/et_pb_section][et_pb_section fb_built=&#8221;1&#8243; _builder_version=&#8221;4.27.5&#8243; _module_preset=&#8221;default&#8221; global_colors_info=&#8221;{}&#8221;][et_pb_row column_structure=&#8221;1_4,1_4,1_4,1_4&#8243; _builder_version=&#8221;4.27.5&#8243; _module_preset=&#8221;default&#8221; global_colors_info=&#8221;{}&#8221;][et_pb_column type=&#8221;1_4&#8243; _builder_version=&#8221;4.27.5&#8243; _module_preset=&#8221;default&#8221; global_colors_info=&#8221;{}&#8221;][et_pb_team_member name=&#8221;Apor Vilmos Katolikus F\u0151iskola&#8221; image_url=&#8221;https:\/\/muzeumvac.hu\/wp-content\/uploads\/2026\/02\/Apor-Vilmos-Katolikus-foiskola.jpg&#8221; _builder_version=&#8221;4.27.5&#8243; _module_preset=&#8221;default&#8221; global_colors_info=&#8221;{}&#8221;]<\/p>\n<p><a href=\"https:\/\/avkf.hu\/\" target=\"_blank\" rel=\"noopener\">avkf.hu<\/a><\/p>\n<p>[\/et_pb_team_member][et_pb_team_member name=&#8221;V\u00e1ci Mez\u0151gazdas\u00e1gi Szakk\u00f6z\u00e9piskola&#8221; image_url=&#8221;https:\/\/muzeumvac.hu\/wp-content\/uploads\/2026\/02\/Vaci-Mezo.jpg&#8221; _builder_version=&#8221;4.27.5&#8243; _module_preset=&#8221;default&#8221; global_colors_info=&#8221;{}&#8221;]<\/p>\n<p><a href=\"https:\/\/www.vacimezo.hu\/\" target=\"_blank\" rel=\"noopener\">vacimezo.hu<\/a><\/p>\n<p>[\/et_pb_team_member][\/et_pb_column][et_pb_column type=&#8221;1_4&#8243; _builder_version=&#8221;4.27.5&#8243; _module_preset=&#8221;default&#8221; global_colors_info=&#8221;{}&#8221;][et_pb_team_member name=&#8221;V\u00e1ci Piarista Gimn\u00e1zium   &#8221; image_url=&#8221;https:\/\/muzeumvac.hu\/wp-content\/uploads\/2026\/02\/Piar.jpg&#8221; _builder_version=&#8221;4.27.5&#8243; _module_preset=&#8221;default&#8221; global_colors_info=&#8221;{}&#8221;]<\/p>\n<p><a href=\"https:\/\/vac.piarista.hu\/\" target=\"_blank\" rel=\"noopener\">vac.piarista.hu<\/a><\/p>\n<p>[\/et_pb_team_member][et_pb_team_member name=&#8221;Sir\u00e1ly Utcai Tag\u00f3voda&#8221; image_url=&#8221;data:image\/svg+xml;base64,PHN2ZyB3aWR0aD0iNTAwIiBoZWlnaHQ9IjUwMCIgdmlld0JveD0iMCAwIDUwMCA1MDAiIHhtbG5zPSJodHRwOi8vd3d3LnczLm9yZy8yMDAwL3N2ZyI+CiAgICA8ZyBmaWxsPSJub25lIiBmaWxsLXJ1bGU9ImV2ZW5vZGQiPgogICAgICAgIDxwYXRoIGZpbGw9IiNFQkVCRUIiIGQ9Ik0wIDBoNTAwdjUwMEgweiIvPgogICAgICAgIDxyZWN0IGZpbGwtb3BhY2l0eT0iLjEiIGZpbGw9IiMwMDAiIHg9IjY4IiB5PSIzMDUiIHdpZHRoPSIzNjQiIGhlaWdodD0iNTY4IiByeD0iMTgyIi8+CiAgICAgICAgPGNpcmNsZSBmaWxsLW9wYWNpdHk9Ii4xIiBmaWxsPSIjMDAwIiBjeD0iMjQ5IiBjeT0iMTcyIiByPSIxMDAiLz4KICAgIDwvZz4KPC9zdmc+Cg==&#8221; _builder_version=&#8221;4.27.5&#8243; _module_preset=&#8221;default&#8221; global_colors_info=&#8221;{}&#8221;]<\/p>\n<p><a href=\"https:\/\/vacdeakvariovodak.hu\/siraly-utcai-tagovoda\/\" target=\"_blank\" rel=\"noopener\">Sir\u00e1yl Utcai Tag\u00f3voda<\/a><\/p>\n<p>[\/et_pb_team_member][\/et_pb_column][et_pb_column type=&#8221;1_4&#8243; _builder_version=&#8221;4.27.5&#8243; _module_preset=&#8221;default&#8221; global_colors_info=&#8221;{}&#8221;][et_pb_team_member name=&#8221;Ch\u00e1z\u00e1r Andr\u00e1s EGYMI           &#8221; image_url=&#8221;https:\/\/muzeumvac.hu\/wp-content\/uploads\/2026\/02\/Chazar-1.jpg&#8221; _builder_version=&#8221;4.27.5&#8243; _module_preset=&#8221;default&#8221; global_colors_info=&#8221;{}&#8221;]<\/p>\n<p><a href=\"https:\/\/chazar.hu\/\" target=\"_blank\" rel=\"noopener\">chazar.hu<\/a><\/p>\n<p>[\/et_pb_team_member][\/et_pb_column][et_pb_column type=&#8221;1_4&#8243; _builder_version=&#8221;4.27.5&#8243; _module_preset=&#8221;default&#8221; global_colors_info=&#8221;{}&#8221;][et_pb_team_member name=&#8221;V\u00e1ci Mad\u00e1ch Imre Gimn\u00e1zium&#8221; image_url=&#8221;https:\/\/muzeumvac.hu\/wp-content\/uploads\/2026\/02\/Madach-Imre-Gimnazium.jpg&#8221; _builder_version=&#8221;4.27.5&#8243; _module_preset=&#8221;default&#8221; global_colors_info=&#8221;{}&#8221;]<\/p>\n<p><a href=\"https:\/\/vacimadach.hu\/\" target=\"_blank\" rel=\"noopener\">vacimadach.hu<\/a><\/p>\n<p>[\/et_pb_team_member][\/et_pb_column][\/et_pb_row][\/et_pb_section][et_pb_section fb_built=&#8221;1&#8243; _builder_version=&#8221;4.27.5&#8243; _module_preset=&#8221;default&#8221; global_colors_info=&#8221;{}&#8221;][et_pb_row _builder_version=&#8221;4.27.5&#8243; _module_preset=&#8221;default&#8221; global_colors_info=&#8221;{}&#8221;][et_pb_column type=&#8221;4_4&#8243; _builder_version=&#8221;4.27.5&#8243; _module_preset=&#8221;default&#8221; global_colors_info=&#8221;{}&#8221;][\/et_pb_column][\/et_pb_row][\/et_pb_section]<\/p>\n","protected":false},"excerpt":{"rendered":"<p>vac.huV\u00e1ci M\u00fazeum Egyes\u00fcletvaciegyhazmegye.huduna-drava.hulingvay.hufemuz.huvisitvac.huklvk.vac.huegyhazmuveszeti_gyujtemenynaszalytej.huTrad\u00edci\u00f3-c\u00e9h alap\u00edtv\u00e1nyarcus.humimk.huvacidunakanyarszinhaz.hupuspokvac.hufarmetelmuhely.huV\u00e1ci Husz\u00e1r \u00e9s Nemzet\u0151r Band\u00e9riumlyravac.huvacarchivum.huestv.hudunapartprogram.huadullamkavezomaretemporis.hugaraystudio.huavkf.huvacimezo.huvac.piarista.huSir\u00e1yl Utcai Tag\u00f3vodachazar.huvacimadach.hu<\/p>","protected":false},"author":1,"featured_media":0,"parent":54,"menu_order":0,"comment_status":"closed","ping_status":"closed","template":"","meta":{"_et_pb_use_builder":"on","_et_pb_old_content":"","_et_gb_content_width":"","footnotes":""},"class_list":["post-177","page","type-page","status-publish","hentry"],"yoast_head":"<!-- This site is optimized with the Yoast SEO Premium plugin v27.3 (Yoast SEO v27.3) - https:\/\/yoast.com\/product\/yoast-seo-premium-wordpress\/ -->\n<title>Partnereink - TRAGOR IGN\u00c1C M\u00daZEUM \u2022 V\u00c1C<\/title>\n<meta name=\"description\" content=\"Egy m\u00fazeum, ezer \u00e9lm\u00e9ny!\" \/>\n<meta name=\"robots\" content=\"index, follow, max-snippet:-1, max-image-preview:large, max-video-preview:-1\" \/>\n<link rel=\"canonical\" href=\"https:\/\/muzeumvac.hu\/en\/rolunk\/fedezze-fel-vacot\/\" \/>\n<meta property=\"og:locale\" content=\"en_GB\" \/>\n<meta property=\"og:type\" content=\"article\" \/>\n<meta property=\"og:title\" content=\"Partnereink\" \/>\n<meta property=\"og:description\" content=\"Egy m\u00fazeum, ezer \u00e9lm\u00e9ny!\" \/>\n<meta property=\"og:url\" content=\"https:\/\/muzeumvac.hu\/en\/rolunk\/fedezze-fel-vacot\/\" \/>\n<meta property=\"og:site_name\" content=\"TRAGOR IGN\u00c1C M\u00daZEUM \u2022 V\u00c1C\" \/>\n<meta property=\"article:publisher\" content=\"https:\/\/www.facebook.com\/vac.tragorignacmuzeum\" \/>\n<meta property=\"article:modified_time\" content=\"2026-02-24T09:38:41+00:00\" \/>\n<meta name=\"twitter:card\" content=\"summary_large_image\" \/>\n<meta name=\"twitter:label1\" content=\"Estimated reading time\" \/>\n\t<meta name=\"twitter:data1\" content=\"7 minutes\" \/>\n<script type=\"application\/ld+json\" class=\"yoast-schema-graph\">{\"@context\":\"https:\\\/\\\/schema.org\",\"@graph\":[{\"@type\":\"WebPage\",\"@id\":\"https:\\\/\\\/muzeumvac.hu\\\/rolunk\\\/fedezze-fel-vacot\\\/\",\"url\":\"https:\\\/\\\/muzeumvac.hu\\\/rolunk\\\/fedezze-fel-vacot\\\/\",\"name\":\"Partnereink - TRAGOR IGN\u00c1C M\u00daZEUM \u2022 V\u00c1C\",\"isPartOf\":{\"@id\":\"https:\\\/\\\/muzeumvac.hu\\\/#website\"},\"datePublished\":\"2025-05-20T21:20:32+00:00\",\"dateModified\":\"2026-02-24T09:38:41+00:00\",\"description\":\"Egy m\u00fazeum, ezer \u00e9lm\u00e9ny!\",\"breadcrumb\":{\"@id\":\"https:\\\/\\\/muzeumvac.hu\\\/rolunk\\\/fedezze-fel-vacot\\\/#breadcrumb\"},\"inLanguage\":\"en-GB\",\"potentialAction\":[{\"@type\":\"ReadAction\",\"target\":[\"https:\\\/\\\/muzeumvac.hu\\\/rolunk\\\/fedezze-fel-vacot\\\/\"]}]},{\"@type\":\"BreadcrumbList\",\"@id\":\"https:\\\/\\\/muzeumvac.hu\\\/rolunk\\\/fedezze-fel-vacot\\\/#breadcrumb\",\"itemListElement\":[{\"@type\":\"ListItem\",\"position\":1,\"name\":\"Kezd\u0151lap\",\"item\":\"https:\\\/\\\/muzeumvac.hu\\\/\"},{\"@type\":\"ListItem\",\"position\":2,\"name\":\"R\u00f3lunk\",\"item\":\"https:\\\/\\\/muzeumvac.hu\\\/rolunk\\\/\"},{\"@type\":\"ListItem\",\"position\":3,\"name\":\"Partnereink\"}]},{\"@type\":\"WebSite\",\"@id\":\"https:\\\/\\\/muzeumvac.hu\\\/#website\",\"url\":\"https:\\\/\\\/muzeumvac.hu\\\/\",\"name\":\"TRAGOR IGN\u00c1C M\u00daZEUM \u2022 V\u00c1C\",\"description\":\"Egy m\u00fazeum, ezer \u00e9lm\u00e9ny!\",\"publisher\":{\"@id\":\"https:\\\/\\\/muzeumvac.hu\\\/#organization\"},\"potentialAction\":[{\"@type\":\"SearchAction\",\"target\":{\"@type\":\"EntryPoint\",\"urlTemplate\":\"https:\\\/\\\/muzeumvac.hu\\\/?s={search_term_string}\"},\"query-input\":{\"@type\":\"PropertyValueSpecification\",\"valueRequired\":true,\"valueName\":\"search_term_string\"}}],\"inLanguage\":\"en-GB\"},{\"@type\":\"Organization\",\"@id\":\"https:\\\/\\\/muzeumvac.hu\\\/#organization\",\"name\":\"TRAGOR IGN\u00c1C M\u00daZEUM \u2022 V\u00c1C\",\"url\":\"https:\\\/\\\/muzeumvac.hu\\\/\",\"logo\":{\"@type\":\"ImageObject\",\"inLanguage\":\"en-GB\",\"@id\":\"https:\\\/\\\/muzeumvac.hu\\\/#\\\/schema\\\/logo\\\/image\\\/\",\"url\":\"https:\\\/\\\/muzeumvac.hu\\\/wp-content\\\/uploads\\\/2025\\\/07\\\/tragor_ignac_logo.png\",\"contentUrl\":\"https:\\\/\\\/muzeumvac.hu\\\/wp-content\\\/uploads\\\/2025\\\/07\\\/tragor_ignac_logo.png\",\"width\":161,\"height\":126,\"caption\":\"TRAGOR IGN\u00c1C M\u00daZEUM \u2022 V\u00c1C\"},\"image\":{\"@id\":\"https:\\\/\\\/muzeumvac.hu\\\/#\\\/schema\\\/logo\\\/image\\\/\"},\"sameAs\":[\"https:\\\/\\\/www.facebook.com\\\/vac.tragorignacmuzeum\",\"https:\\\/\\\/www.instagram.com\\\/tragormuzeum\",\"https:\\\/\\\/www.youtube.com\\\/@TragorIgncMzeum-vac\"]}]}<\/script>\n<!-- \/ Yoast SEO Premium plugin. -->","yoast_head_json":{"title":"Partnereink - TRAGOR IGN\u00c1C M\u00daZEUM \u2022 V\u00c1C","description":"One museum, a thousand experiences!","robots":{"index":"index","follow":"follow","max-snippet":"max-snippet:-1","max-image-preview":"max-image-preview:large","max-video-preview":"max-video-preview:-1"},"canonical":"https:\/\/muzeumvac.hu\/en\/rolunk\/fedezze-fel-vacot\/","og_locale":"en_GB","og_type":"article","og_title":"Partnereink","og_description":"Egy m\u00fazeum, ezer \u00e9lm\u00e9ny!","og_url":"https:\/\/muzeumvac.hu\/en\/rolunk\/fedezze-fel-vacot\/","og_site_name":"TRAGOR IGN\u00c1C M\u00daZEUM \u2022 V\u00c1C","article_publisher":"https:\/\/www.facebook.com\/vac.tragorignacmuzeum","article_modified_time":"2026-02-24T09:38:41+00:00","twitter_card":"summary_large_image","twitter_misc":{"Estimated reading time":"7 minutes"},"schema":{"@context":"https:\/\/schema.org","@graph":[{"@type":"WebPage","@id":"https:\/\/muzeumvac.hu\/rolunk\/fedezze-fel-vacot\/","url":"https:\/\/muzeumvac.hu\/rolunk\/fedezze-fel-vacot\/","name":"Partnereink - TRAGOR IGN\u00c1C M\u00daZEUM \u2022 V\u00c1C","isPartOf":{"@id":"https:\/\/muzeumvac.hu\/#website"},"datePublished":"2025-05-20T21:20:32+00:00","dateModified":"2026-02-24T09:38:41+00:00","description":"One museum, a thousand experiences!","breadcrumb":{"@id":"https:\/\/muzeumvac.hu\/rolunk\/fedezze-fel-vacot\/#breadcrumb"},"inLanguage":"en-GB","potentialAction":[{"@type":"ReadAction","target":["https:\/\/muzeumvac.hu\/rolunk\/fedezze-fel-vacot\/"]}]},{"@type":"BreadcrumbList","@id":"https:\/\/muzeumvac.hu\/rolunk\/fedezze-fel-vacot\/#breadcrumb","itemListElement":[{"@type":"ListItem","position":1,"name":"Kezd\u0151lap","item":"https:\/\/muzeumvac.hu\/"},{"@type":"ListItem","position":2,"name":"R\u00f3lunk","item":"https:\/\/muzeumvac.hu\/rolunk\/"},{"@type":"ListItem","position":3,"name":"Partnereink"}]},{"@type":"WebSite","@id":"https:\/\/muzeumvac.hu\/#website","url":"https:\/\/muzeumvac.hu\/","name":"TRAGOR IGN\u00c1C M\u00daZEUM \u2022 V\u00c1C","description":"One museum, a thousand experiences!","publisher":{"@id":"https:\/\/muzeumvac.hu\/#organization"},"potentialAction":[{"@type":"SearchAction","target":{"@type":"EntryPoint","urlTemplate":"https:\/\/muzeumvac.hu\/?s={search_term_string}"},"query-input":{"@type":"PropertyValueSpecification","valueRequired":true,"valueName":"search_term_string"}}],"inLanguage":"en-GB"},{"@type":"Organization","@id":"https:\/\/muzeumvac.hu\/#organization","name":"TRAGOR IGN\u00c1C M\u00daZEUM \u2022 V\u00c1C","url":"https:\/\/muzeumvac.hu\/","logo":{"@type":"ImageObject","inLanguage":"en-GB","@id":"https:\/\/muzeumvac.hu\/#\/schema\/logo\/image\/","url":"https:\/\/muzeumvac.hu\/wp-content\/uploads\/2025\/07\/tragor_ignac_logo.png","contentUrl":"https:\/\/muzeumvac.hu\/wp-content\/uploads\/2025\/07\/tragor_ignac_logo.png","width":161,"height":126,"caption":"TRAGOR IGN\u00c1C M\u00daZEUM \u2022 V\u00c1C"},"image":{"@id":"https:\/\/muzeumvac.hu\/#\/schema\/logo\/image\/"},"sameAs":["https:\/\/www.facebook.com\/vac.tragorignacmuzeum","https:\/\/www.instagram.com\/tragormuzeum","https:\/\/www.youtube.com\/@TragorIgncMzeum-vac"]}]}},"_links":{"self":[{"href":"https:\/\/muzeumvac.hu\/en\/wp-json\/wp\/v2\/pages\/177","targetHints":{"allow":["GET"]}}],"collection":[{"href":"https:\/\/muzeumvac.hu\/en\/wp-json\/wp\/v2\/pages"}],"about":[{"href":"https:\/\/muzeumvac.hu\/en\/wp-json\/wp\/v2\/types\/page"}],"author":[{"embeddable":true,"href":"https:\/\/muzeumvac.hu\/en\/wp-json\/wp\/v2\/users\/1"}],"replies":[{"embeddable":true,"href":"https:\/\/muzeumvac.hu\/en\/wp-json\/wp\/v2\/comments?post=177"}],"version-history":[{"count":19,"href":"https:\/\/muzeumvac.hu\/en\/wp-json\/wp\/v2\/pages\/177\/revisions"}],"predecessor-version":[{"id":5934,"href":"https:\/\/muzeumvac.hu\/en\/wp-json\/wp\/v2\/pages\/177\/revisions\/5934"}],"up":[{"embeddable":true,"href":"https:\/\/muzeumvac.hu\/en\/wp-json\/wp\/v2\/pages\/54"}],"wp:attachment":[{"href":"https:\/\/muzeumvac.hu\/en\/wp-json\/wp\/v2\/media?parent=177"}],"curies":[{"name":"wp","href":"https:\/\/api.w.org\/{rel}","templated":true}]}}