{"id":1754,"date":"2025-07-05T21:49:35","date_gmt":"2025-07-05T19:49:35","guid":{"rendered":"https:\/\/muzeumvac.hu\/?page_id=1754"},"modified":"2025-09-12T00:53:03","modified_gmt":"2025-09-11T22:53:03","slug":"kepzomuveszeti-gyujtemeny","status":"publish","type":"page","link":"https:\/\/muzeumvac.hu\/en\/gyujtemenyek-2\/kepzomuveszeti-gyujtemeny\/","title":{"rendered":"K\u00e9pz\u0151m\u0171v\u00e9szeti gy\u0171jtem\u00e9ny"},"content":{"rendered":"<p>[et_pb_section fb_built=&#8221;1&#8243; _builder_version=&#8221;4.27.4&#8243; _module_preset=&#8221;default&#8221; global_colors_info=&#8221;{}&#8221;][et_pb_row column_structure=&#8221;2_5,3_5&#8243; _builder_version=&#8221;4.27.4&#8243; _module_preset=&#8221;default&#8221; global_colors_info=&#8221;{}&#8221;][et_pb_column type=&#8221;2_5&#8243; _builder_version=&#8221;4.27.4&#8243; _module_preset=&#8221;default&#8221; global_colors_info=&#8221;{}&#8221;][et_pb_image src=&#8221;https:\/\/muzeumvac.hu\/wp-content\/uploads\/2025\/08\/kepzomuveszeti-gyujtemenymmegsem-vagy-egyedul.jpg&#8221; title_text=&#8221;Adorj\u00e1n Attila: M\u00e9gsem vagy egyed\u00fcl&#8221; _builder_version=&#8221;4.27.4&#8243; _module_preset=&#8221;default&#8221; hover_enabled=&#8221;0&#8243; global_colors_info=&#8221;{}&#8221; sticky_enabled=&#8221;0&#8243;][\/et_pb_image][\/et_pb_column][et_pb_column type=&#8221;3_5&#8243; _builder_version=&#8221;4.27.4&#8243; _module_preset=&#8221;default&#8221; global_colors_info=&#8221;{}&#8221;][et_pb_text _builder_version=&#8221;4.27.4&#8243; _module_preset=&#8221;default&#8221; global_colors_info=&#8221;{}&#8221;]<\/p>\n<p>\u00a0V\u00e1ci M\u00fazeumi Egyes\u00fclet k\u00e9pz\u0151m\u0171v\u00e9szeti gy\u0171jtem\u00e9nye \u2013 a 19. sz. v\u00e9g\u00e9n \u2013 m\u00f3dos polg\u00e1rok \u00e9s egyh\u00e1zi el\u00f6lj\u00e1r\u00f3k adom\u00e1nyaib\u00f3l j\u00f6tt l\u00e9tre, majd Tragor Ign\u00e1c volt, aki szorgalmazta a k\u00e9pz\u0151m\u0171v\u00e9szeti gy\u0171jt\u00e9st a 20-30-as \u00e9vekben, fiatal k\u00e9pz\u0151m\u0171v\u00e9szeket h\u00edvva V\u00e1cra. 1926-ban <strong>Cs\u00f3k Istv\u00e1n<\/strong> egyik tan\u00e1rseg\u00e9dje, a v\u00e1ci <strong>Kem\u00e9ny L\u00e1szl\u00f3<\/strong> fest\u0151m\u0171v\u00e9sz m\u0171v\u00e9sztelepet szervezett a Cs\u00f3k-oszt\u00e1ly tagjainak v\u00e1rosunkban. A m\u0171v\u00e9sztelep befejezt\u00e9vel a fiatalok munk\u00e1ib\u00f3l rendezett ki\u00e1ll\u00edt\u00e1st nagy \u00e9rtetlens\u00e9g fogadta, az Ernst M\u00fazeumban viszont sikerrel mutatt\u00e1k be &#8211; <strong>Korniss Dezs\u0151, Trauner S\u00e1ndor, Kepes Gy\u00f6rgy, Schubert Ern\u0151,<\/strong> stb. munk\u00e1it &#8211; a v\u00e1ci m\u0171v\u00e9sztelep anyag\u00e1t.<\/p>\n<p>Az 1950-60-as \u00e9vekben m\u00e9g nem foglakoztak m\u0171v\u00e9szek kamp\u00e1nyszer\u0171 letelep\u00edt\u00e9s\u00e9vel. F\u0151k\u00e9nt rajztan\u00e1rok ki\u00e1ll\u00edt\u00e1sair\u00f3l ker\u00fcltek alkot\u00e1sok a m\u00fazeum gy\u0171jtem\u00e9ny\u00e9be <strong>(Somodi L\u00e1szl\u00f3, Peukert K\u00e1roly, Mikes Istv\u00e1n<\/strong>, stb.). Az 1970-es \u00e9vek elej\u00e9t\u0151l a Duna-m\u0171hely olyan tagjai, mint <strong>D\u00e1niel Korn\u00e9l, Nagy B. Istv\u00e1n, Orvos Andr\u00e1s, Cs. Nagy Andr\u00e1s<\/strong> jelentett\u00e9k a kort\u00e1rs m\u0171v\u00e9szetet V\u00e1con \u00e9s a 80-as \u00e9vek k\u00f6zep\u00e9ig j\u00f3szer\u00e9vel csak t\u0151l\u00fck v\u00e1s\u00e1roltak, az akkor m\u00e9g l\u00e9tez\u0151 megyei \u00e9s v\u00e1rosi keretb\u0151l. K\u00e9s\u0151bb m\u00e1r semmif\u00e9le v\u00e1s\u00e1rl\u00e1si lehet\u0151s\u00e9g nem \u00e1llt rendelkez\u00e9sre.<\/p>\n<p>Az 1980-as \u00e9vek k\u00f6zep\u00e9n a p\u00e9nz\u00fcgyi forr\u00e1sok elapadt\u00e1val a gy\u0171jtem\u00e9nyez\u00e9st nemcsak koncepcion\u00e1lisan, hanem a lehet\u0151s\u00e9gek tekintet\u00e9ben is \u00fajra kellett gondolni. A gy\u0171jtem\u00e9ny kialak\u00edt\u00e1sakor a megl\u00e9v\u0151 k\u00e9pekre \u00e9p\u00edtette elk\u00e9pzel\u00e9seit B\u00e1rdosi J\u00f3zsef m\u0171v\u00e9szett\u00f6rt\u00e9n\u00e9sz. A rakt\u00e1ri anyag egyetlen kitapinthat\u00f3 \u00e9s sz\u00ednvonalas r\u00e9sz\u00e9t &#8211; <strong>Orvos Andr\u00e1s, S\u00e1ros Andr\u00e1s Mikl\u00f3s, Bakos Ildik\u00f3<\/strong> \u00e9s <strong>Moln\u00e1r L\u00e1szl\u00f3 J\u00f3zsef<\/strong> popos-figur\u00e1lis, hiperrealista m\u0171vei alkott\u00e1k, teh\u00e1t ebbe az ir\u00e1nyba kezd\u0151d\u00f6tt a fejleszt\u00e9s. Az elm\u00falt h\u00fasz \u00e9v sor\u00e1n \u00e9vente \u00e1tlagosan 3-4 milli\u00f3 forint \u00e9rt\u00e9kben siker\u00fclt m\u0171alkot\u00e1sokat v\u00e1s\u00e1rolni a m\u00fazeum sz\u00e1m\u00e1ra.<\/p>\n<p>A gy\u0171jtem\u00e9ny 1296 m\u0171alkot\u00e1st tartalmaz.<\/p>\n<p>Jelent\u0151s egys\u00e9gek a k\u00e9pz\u0151m\u0171v\u00e9szeti t\u00f6rzsanyagban:<\/p>\n<ul>\n<li>V\u00e1ci l\u00e1tk\u00e9pek a k\u00f6z\u00e9pkort\u00f3l a XIX. sz\u00e1zad v\u00e9g\u00e9ig<\/li>\n<li>V\u00e1ci h\u00edress\u00e9geket \u00e1br\u00e1zol\u00f3 portr\u00e9k<\/li>\n<li>V\u00e1ci \u00e9s v\u00e1ci sz\u00e1rmaz\u00e1s\u00fa k\u00e9pz\u0151m\u0171v\u00e9szek munk\u00e1i a 19. sz\u00e1zadt\u00f3l 1945-ig:<\/li>\n<li><strong>T\u00f6r\u00f6k Ede<\/strong> tev\u00e9kenys\u00e9g\u00e9t, sz\u00e9tsz\u00f3r\u00f3dott munk\u00e1i miatt csak lassan \u00e9s nehezen lehet rekonstru\u00e1lni, f\u0151k\u00e9nt a mag\u00e1ngy\u0171jt\u0151kt\u0151l el\u0151ker\u00fcl\u0151 m\u0171vekre felkutat\u00e1s\u00e1ra lehet \u00e9p\u00edteni.<\/li>\n<li><strong>Dietrich Adolf<\/strong> k\u00e9peit 1997-ben siker\u00fclt bekereteztetni \u00e9s ki\u00e1ll\u00edtani.<\/li>\n<\/ul>\n<p>V\u00e1ci \u00e9s v\u00e1ci sz\u00e1rmaz\u00e1s\u00fa k\u00e9pz\u0151m\u0171v\u00e9szek munk\u00e1i 1945-t\u0151l a 60-as \u00e9vekig: <strong><span style=\"font-size: 14px;\">V\u00e9gh Guszt\u00e1v, Bornemissza G\u00e9za, Peukert K\u00e1roly, Mikes J\u00f3zsef, Lipovniczky L\u00e1szl\u00f3<\/span><\/strong><\/p>\n<p>Duna M\u0171hely: <span style=\"font-size: 14px;\">Az 70-es \u00e9vekt\u0151l indult meg a V\u00e1con \u00e9l\u0151 m\u0171v\u00e9szek k\u00e9peinek gy\u0171jt\u00e9se, a gy\u0171jt\u00e9s v\u00e9letlenszer\u0171en t\u00f6rt\u00e9nt, ekkor ker\u00fclt a m\u00fazeumba <strong>Cs. Nagy Andr\u00e1s, Orvos Andr\u00e1s, Nagy B. Istv\u00e1n, Mark\u00f3 Erzs\u00e9bet, Hidv\u00e9gi Val\u00e9ria, Bakos Ildik\u00f3, Sz\u00fcts Mikl\u00f3s, S\u00e1ros Andr\u00e1s Mikl\u00f3s, Blask\u00f3 J\u00e1nos,<\/strong> stb egy-egy munk\u00e1ja, tov\u00e1bb\u00e1 n\u00e9h\u00e1ny nem helyi m\u0171v\u00e9sz alkot\u00e1sa is beker\u00fclt a gy\u0171jtem\u00e9nybe.<\/span><\/p>\n<p>[\/et_pb_text][\/et_pb_column][\/et_pb_row][et_pb_row _builder_version=&#8221;4.27.4&#8243; _module_preset=&#8221;default&#8221; global_colors_info=&#8221;{}&#8221;][et_pb_column type=&#8221;4_4&#8243; _builder_version=&#8221;4.27.4&#8243; _module_preset=&#8221;default&#8221; global_colors_info=&#8221;{}&#8221;][et_pb_gallery gallery_ids=&#8221;2981,2980,2978,2976,2975,2974&#8243; show_title_and_caption=&#8221;off&#8221; show_pagination=&#8221;off&#8221; _builder_version=&#8221;4.27.4&#8243; _module_preset=&#8221;default&#8221; background_color=&#8221;#ededed&#8221; custom_padding=&#8221;12px|12px|12px|12px|false|false&#8221; global_colors_info=&#8221;{}&#8221;][\/et_pb_gallery][\/et_pb_column][\/et_pb_row][et_pb_row _builder_version=&#8221;4.27.4&#8243; _module_preset=&#8221;default&#8221; global_colors_info=&#8221;{}&#8221;][et_pb_column type=&#8221;4_4&#8243; _builder_version=&#8221;4.27.4&#8243; _module_preset=&#8221;default&#8221; global_colors_info=&#8221;{}&#8221;][et_pb_icon font_icon=&#8221;&#x23;||divi||400&#8243; url=&#8221;@ET-DC@eyJkeW5hbWljIjp0cnVlLCJjb250ZW50IjoicG9zdF9saW5rX3VybF9wYWdlIiwic2V0dGluZ3MiOnsicG9zdF9pZCI6IjEwMTMifX0=@&#8221; align=&#8221;right&#8221; _builder_version=&#8221;4.27.4&#8243; _dynamic_attributes=&#8221;url&#8221; _module_preset=&#8221;default&#8221; global_colors_info=&#8221;{}&#8221;][\/et_pb_icon][\/et_pb_column][\/et_pb_row][\/et_pb_section]<\/p>\n","protected":false},"excerpt":{"rendered":"<p>\u00a0V\u00e1ci M\u00fazeumi Egyes\u00fclet k\u00e9pz\u0151m\u0171v\u00e9szeti gy\u0171jtem\u00e9nye \u2013 a 19. sz. v\u00e9g\u00e9n \u2013 m\u00f3dos polg\u00e1rok \u00e9s egyh\u00e1zi el\u00f6lj\u00e1r\u00f3k adom\u00e1nyaib\u00f3l j\u00f6tt l\u00e9tre, majd Tragor Ign\u00e1c volt, aki szorgalmazta a k\u00e9pz\u0151m\u0171v\u00e9szeti gy\u0171jt\u00e9st a 20-30-as [&hellip;]<\/p>\n","protected":false},"author":1,"featured_media":0,"parent":1013,"menu_order":0,"comment_status":"closed","ping_status":"closed","template":"","meta":{"_et_pb_use_builder":"on","_et_pb_old_content":"","_et_gb_content_width":"","footnotes":""},"class_list":["post-1754","page","type-page","status-publish","hentry"],"yoast_head":"<!-- This site is optimized with the Yoast SEO Premium plugin v27.3 (Yoast SEO v27.3) - https:\/\/yoast.com\/product\/yoast-seo-premium-wordpress\/ -->\n<title>K\u00e9pz\u0151m\u0171v\u00e9szeti gy\u0171jtem\u00e9ny - TRAGOR IGN\u00c1C M\u00daZEUM \u2022 V\u00c1C<\/title>\n<meta name=\"description\" content=\"Egy m\u00fazeum, ezer \u00e9lm\u00e9ny!\" \/>\n<meta name=\"robots\" content=\"index, follow, max-snippet:-1, max-image-preview:large, max-video-preview:-1\" \/>\n<link rel=\"canonical\" href=\"https:\/\/muzeumvac.hu\/en\/gyujtemenyek-2\/kepzomuveszeti-gyujtemeny\/\" \/>\n<meta property=\"og:locale\" content=\"en_GB\" \/>\n<meta property=\"og:type\" content=\"article\" \/>\n<meta property=\"og:title\" content=\"K\u00e9pz\u0151m\u0171v\u00e9szeti gy\u0171jtem\u00e9ny\" \/>\n<meta property=\"og:description\" content=\"Egy m\u00fazeum, ezer \u00e9lm\u00e9ny!\" \/>\n<meta property=\"og:url\" content=\"https:\/\/muzeumvac.hu\/en\/gyujtemenyek-2\/kepzomuveszeti-gyujtemeny\/\" \/>\n<meta property=\"og:site_name\" content=\"TRAGOR IGN\u00c1C M\u00daZEUM \u2022 V\u00c1C\" \/>\n<meta property=\"article:publisher\" content=\"https:\/\/www.facebook.com\/vac.tragorignacmuzeum\" \/>\n<meta property=\"article:modified_time\" content=\"2025-09-11T22:53:03+00:00\" \/>\n<meta name=\"twitter:card\" content=\"summary_large_image\" \/>\n<meta name=\"twitter:label1\" content=\"Estimated reading time\" \/>\n\t<meta name=\"twitter:data1\" content=\"5 minutes\" \/>\n<script type=\"application\/ld+json\" class=\"yoast-schema-graph\">{\"@context\":\"https:\\\/\\\/schema.org\",\"@graph\":[{\"@type\":\"WebPage\",\"@id\":\"https:\\\/\\\/muzeumvac.hu\\\/gyujtemenyek-2\\\/kepzomuveszeti-gyujtemeny\\\/\",\"url\":\"https:\\\/\\\/muzeumvac.hu\\\/gyujtemenyek-2\\\/kepzomuveszeti-gyujtemeny\\\/\",\"name\":\"K\u00e9pz\u0151m\u0171v\u00e9szeti gy\u0171jtem\u00e9ny - TRAGOR IGN\u00c1C M\u00daZEUM \u2022 V\u00c1C\",\"isPartOf\":{\"@id\":\"https:\\\/\\\/muzeumvac.hu\\\/#website\"},\"datePublished\":\"2025-07-05T19:49:35+00:00\",\"dateModified\":\"2025-09-11T22:53:03+00:00\",\"description\":\"Egy m\u00fazeum, ezer \u00e9lm\u00e9ny!\",\"breadcrumb\":{\"@id\":\"https:\\\/\\\/muzeumvac.hu\\\/gyujtemenyek-2\\\/kepzomuveszeti-gyujtemeny\\\/#breadcrumb\"},\"inLanguage\":\"en-GB\",\"potentialAction\":[{\"@type\":\"ReadAction\",\"target\":[\"https:\\\/\\\/muzeumvac.hu\\\/gyujtemenyek-2\\\/kepzomuveszeti-gyujtemeny\\\/\"]}]},{\"@type\":\"BreadcrumbList\",\"@id\":\"https:\\\/\\\/muzeumvac.hu\\\/gyujtemenyek-2\\\/kepzomuveszeti-gyujtemeny\\\/#breadcrumb\",\"itemListElement\":[{\"@type\":\"ListItem\",\"position\":1,\"name\":\"Kezd\u0151lap\",\"item\":\"https:\\\/\\\/muzeumvac.hu\\\/\"},{\"@type\":\"ListItem\",\"position\":2,\"name\":\"Gy\u0171jtem\u00e9nyek\",\"item\":\"https:\\\/\\\/muzeumvac.hu\\\/gyujtemenyek-2\\\/\"},{\"@type\":\"ListItem\",\"position\":3,\"name\":\"K\u00e9pz\u0151m\u0171v\u00e9szeti gy\u0171jtem\u00e9ny\"}]},{\"@type\":\"WebSite\",\"@id\":\"https:\\\/\\\/muzeumvac.hu\\\/#website\",\"url\":\"https:\\\/\\\/muzeumvac.hu\\\/\",\"name\":\"TRAGOR IGN\u00c1C M\u00daZEUM \u2022 V\u00c1C\",\"description\":\"Egy m\u00fazeum, ezer \u00e9lm\u00e9ny!\",\"publisher\":{\"@id\":\"https:\\\/\\\/muzeumvac.hu\\\/#organization\"},\"potentialAction\":[{\"@type\":\"SearchAction\",\"target\":{\"@type\":\"EntryPoint\",\"urlTemplate\":\"https:\\\/\\\/muzeumvac.hu\\\/?s={search_term_string}\"},\"query-input\":{\"@type\":\"PropertyValueSpecification\",\"valueRequired\":true,\"valueName\":\"search_term_string\"}}],\"inLanguage\":\"en-GB\"},{\"@type\":\"Organization\",\"@id\":\"https:\\\/\\\/muzeumvac.hu\\\/#organization\",\"name\":\"TRAGOR IGN\u00c1C M\u00daZEUM \u2022 V\u00c1C\",\"url\":\"https:\\\/\\\/muzeumvac.hu\\\/\",\"logo\":{\"@type\":\"ImageObject\",\"inLanguage\":\"en-GB\",\"@id\":\"https:\\\/\\\/muzeumvac.hu\\\/#\\\/schema\\\/logo\\\/image\\\/\",\"url\":\"https:\\\/\\\/muzeumvac.hu\\\/wp-content\\\/uploads\\\/2025\\\/07\\\/tragor_ignac_logo.png\",\"contentUrl\":\"https:\\\/\\\/muzeumvac.hu\\\/wp-content\\\/uploads\\\/2025\\\/07\\\/tragor_ignac_logo.png\",\"width\":161,\"height\":126,\"caption\":\"TRAGOR IGN\u00c1C M\u00daZEUM \u2022 V\u00c1C\"},\"image\":{\"@id\":\"https:\\\/\\\/muzeumvac.hu\\\/#\\\/schema\\\/logo\\\/image\\\/\"},\"sameAs\":[\"https:\\\/\\\/www.facebook.com\\\/vac.tragorignacmuzeum\",\"https:\\\/\\\/www.instagram.com\\\/tragormuzeum\",\"https:\\\/\\\/www.youtube.com\\\/@TragorIgncMzeum-vac\"]}]}<\/script>\n<!-- \/ Yoast SEO Premium plugin. -->","yoast_head_json":{"title":"K\u00e9pz\u0151m\u0171v\u00e9szeti gy\u0171jtem\u00e9ny - TRAGOR IGN\u00c1C M\u00daZEUM \u2022 V\u00c1C","description":"One museum, a thousand experiences!","robots":{"index":"index","follow":"follow","max-snippet":"max-snippet:-1","max-image-preview":"max-image-preview:large","max-video-preview":"max-video-preview:-1"},"canonical":"https:\/\/muzeumvac.hu\/en\/gyujtemenyek-2\/kepzomuveszeti-gyujtemeny\/","og_locale":"en_GB","og_type":"article","og_title":"K\u00e9pz\u0151m\u0171v\u00e9szeti gy\u0171jtem\u00e9ny","og_description":"Egy m\u00fazeum, ezer \u00e9lm\u00e9ny!","og_url":"https:\/\/muzeumvac.hu\/en\/gyujtemenyek-2\/kepzomuveszeti-gyujtemeny\/","og_site_name":"TRAGOR IGN\u00c1C M\u00daZEUM \u2022 V\u00c1C","article_publisher":"https:\/\/www.facebook.com\/vac.tragorignacmuzeum","article_modified_time":"2025-09-11T22:53:03+00:00","twitter_card":"summary_large_image","twitter_misc":{"Estimated reading time":"5 minutes"},"schema":{"@context":"https:\/\/schema.org","@graph":[{"@type":"WebPage","@id":"https:\/\/muzeumvac.hu\/gyujtemenyek-2\/kepzomuveszeti-gyujtemeny\/","url":"https:\/\/muzeumvac.hu\/gyujtemenyek-2\/kepzomuveszeti-gyujtemeny\/","name":"K\u00e9pz\u0151m\u0171v\u00e9szeti gy\u0171jtem\u00e9ny - TRAGOR IGN\u00c1C M\u00daZEUM \u2022 V\u00c1C","isPartOf":{"@id":"https:\/\/muzeumvac.hu\/#website"},"datePublished":"2025-07-05T19:49:35+00:00","dateModified":"2025-09-11T22:53:03+00:00","description":"One museum, a thousand experiences!","breadcrumb":{"@id":"https:\/\/muzeumvac.hu\/gyujtemenyek-2\/kepzomuveszeti-gyujtemeny\/#breadcrumb"},"inLanguage":"en-GB","potentialAction":[{"@type":"ReadAction","target":["https:\/\/muzeumvac.hu\/gyujtemenyek-2\/kepzomuveszeti-gyujtemeny\/"]}]},{"@type":"BreadcrumbList","@id":"https:\/\/muzeumvac.hu\/gyujtemenyek-2\/kepzomuveszeti-gyujtemeny\/#breadcrumb","itemListElement":[{"@type":"ListItem","position":1,"name":"Kezd\u0151lap","item":"https:\/\/muzeumvac.hu\/"},{"@type":"ListItem","position":2,"name":"Gy\u0171jtem\u00e9nyek","item":"https:\/\/muzeumvac.hu\/gyujtemenyek-2\/"},{"@type":"ListItem","position":3,"name":"K\u00e9pz\u0151m\u0171v\u00e9szeti gy\u0171jtem\u00e9ny"}]},{"@type":"WebSite","@id":"https:\/\/muzeumvac.hu\/#website","url":"https:\/\/muzeumvac.hu\/","name":"TRAGOR IGN\u00c1C M\u00daZEUM \u2022 V\u00c1C","description":"One museum, a thousand experiences!","publisher":{"@id":"https:\/\/muzeumvac.hu\/#organization"},"potentialAction":[{"@type":"SearchAction","target":{"@type":"EntryPoint","urlTemplate":"https:\/\/muzeumvac.hu\/?s={search_term_string}"},"query-input":{"@type":"PropertyValueSpecification","valueRequired":true,"valueName":"search_term_string"}}],"inLanguage":"en-GB"},{"@type":"Organization","@id":"https:\/\/muzeumvac.hu\/#organization","name":"TRAGOR IGN\u00c1C M\u00daZEUM \u2022 V\u00c1C","url":"https:\/\/muzeumvac.hu\/","logo":{"@type":"ImageObject","inLanguage":"en-GB","@id":"https:\/\/muzeumvac.hu\/#\/schema\/logo\/image\/","url":"https:\/\/muzeumvac.hu\/wp-content\/uploads\/2025\/07\/tragor_ignac_logo.png","contentUrl":"https:\/\/muzeumvac.hu\/wp-content\/uploads\/2025\/07\/tragor_ignac_logo.png","width":161,"height":126,"caption":"TRAGOR IGN\u00c1C M\u00daZEUM \u2022 V\u00c1C"},"image":{"@id":"https:\/\/muzeumvac.hu\/#\/schema\/logo\/image\/"},"sameAs":["https:\/\/www.facebook.com\/vac.tragorignacmuzeum","https:\/\/www.instagram.com\/tragormuzeum","https:\/\/www.youtube.com\/@TragorIgncMzeum-vac"]}]}},"_links":{"self":[{"href":"https:\/\/muzeumvac.hu\/en\/wp-json\/wp\/v2\/pages\/1754","targetHints":{"allow":["GET"]}}],"collection":[{"href":"https:\/\/muzeumvac.hu\/en\/wp-json\/wp\/v2\/pages"}],"about":[{"href":"https:\/\/muzeumvac.hu\/en\/wp-json\/wp\/v2\/types\/page"}],"author":[{"embeddable":true,"href":"https:\/\/muzeumvac.hu\/en\/wp-json\/wp\/v2\/users\/1"}],"replies":[{"embeddable":true,"href":"https:\/\/muzeumvac.hu\/en\/wp-json\/wp\/v2\/comments?post=1754"}],"version-history":[{"count":0,"href":"https:\/\/muzeumvac.hu\/en\/wp-json\/wp\/v2\/pages\/1754\/revisions"}],"up":[{"embeddable":true,"href":"https:\/\/muzeumvac.hu\/en\/wp-json\/wp\/v2\/pages\/1013"}],"wp:attachment":[{"href":"https:\/\/muzeumvac.hu\/en\/wp-json\/wp\/v2\/media?parent=1754"}],"curies":[{"name":"wp","href":"https:\/\/api.w.org\/{rel}","templated":true}]}}