{"id":1748,"date":"2025-07-05T21:44:18","date_gmt":"2025-07-05T19:44:18","guid":{"rendered":"https:\/\/muzeumvac.hu\/?page_id=1748"},"modified":"2025-09-12T00:44:55","modified_gmt":"2025-09-11T22:44:55","slug":"neprajzi-gyujtemeny","status":"publish","type":"page","link":"https:\/\/muzeumvac.hu\/en\/gyujtemenyek-2\/neprajzi-gyujtemeny\/","title":{"rendered":"N\u00e9prajzi gy\u0171jtem\u00e9ny"},"content":{"rendered":"<p>[et_pb_section fb_built=&#8221;1&#8243; _builder_version=&#8221;4.27.4&#8243; _module_preset=&#8221;default&#8221; global_colors_info=&#8221;{}&#8221;][et_pb_row column_structure=&#8221;1_3,2_3&#8243; _builder_version=&#8221;4.27.4&#8243; _module_preset=&#8221;default&#8221; global_colors_info=&#8221;{}&#8221;][et_pb_column type=&#8221;1_3&#8243; _builder_version=&#8221;4.27.4&#8243; _module_preset=&#8221;default&#8221; global_colors_info=&#8221;{}&#8221;][et_pb_image src=&#8221;https:\/\/muzeumvac.hu\/wp-content\/uploads\/2025\/08\/neprajzi-gyujtemeny-tal-18-szazadbol.jpg&#8221; title_text=&#8221;neprajzi-gyujtemeny-tal-18-szazadbol&#8221; _builder_version=&#8221;4.27.4&#8243; _module_preset=&#8221;default&#8221; global_colors_info=&#8221;{}&#8221;][\/et_pb_image][\/et_pb_column][et_pb_column type=&#8221;2_3&#8243; _builder_version=&#8221;4.27.4&#8243; _module_preset=&#8221;default&#8221; global_colors_info=&#8221;{}&#8221;][et_pb_text _builder_version=&#8221;4.27.4&#8243; _module_preset=&#8221;default&#8221; global_colors_info=&#8221;{}&#8221;]<\/p>\n<p>A m\u00fazeum gy\u0171jtem\u00e9ny-egys\u00e9gei k\u00f6z\u00fcl a n\u00e9prajzi gy\u0171jtem\u00e9ny\u2013<span style=\"background-color: #ffffff; font-size: 14px;\">\u00a0<\/span><span style=\"font-size: 14px;\"> ak\u00e1rcsak maga a tudom\u00e1nyszak \u2013 a legfiatalabb. A r\u00e9g\u00e9szeti, t\u00f6rt\u00e9neti \u00e9s k\u00e9pz\u0151m\u0171v\u00e9szeti gy\u0171jtem\u00e9nyek alapjait a 19. sz\u00e1zadban vetett\u00e9k meg, m\u00edg a n\u00e9prajzi t\u00e1rgyak gy\u0171jt\u00e9se csak a 20. sz\u00e1zadban kezd\u0151d\u00f6tt. 1914-ben a m\u00fazeumban mintegy 50 n\u00e9prajzinak besorolt t\u00e1rgyat \u0151riztek.<\/span><\/p>\n<p>Az \u00e9vek sor\u00e1n a gy\u0171jtem\u00e9ny folyamatosan, \u00e9s egyre tervszer\u0171bben gyarapodott, f\u0151leg az \u00e1llamseg\u00e9lyb\u0151l t\u00f6rt\u00e9nt v\u00e1s\u00e1rl\u00e1sok r\u00e9v\u00e9n. Tragor Ign\u00e1c az 1930-as \u00e9vekben \u00e1llamseg\u00e9lyb\u0151l m\u00e1r tervszer\u0171en t\u00e1rgyv\u00e1s\u00e1rl\u00e1sokat folytatott, els\u0151sorban p\u00e1sztorkod\u00e1s t\u00e1rgyk\u00f6rben. Ezek a t\u00e1rgyak (botok, fokosok, kolompok) ma m\u00e1r p\u00f3tolhatatlan darabjai a gy\u0171jtem\u00e9nynek. Sajnos, a t\u00e1rgyakr\u00f3l eredeti dokument\u00e1ci\u00f3 nem maradt fenn.<\/p>\n<p>A II. vil\u00e1gh\u00e1bor\u00fa puszt\u00edt\u00e1sai k\u00f6vetkezt\u00e9ben a n\u00e9prajzi gy\u0171jtem\u00e9ny, mely ekkor m\u00e1r t\u00f6bb sz\u00e1z t\u00e1rgyat tartalmazott, szinte teljes eg\u00e9sz\u00e9ben megsemmis\u00fclt. A gy\u0171jt\u0151munka az 1950-es \u00e9vekben kezd\u0151d\u00f6tt \u00fajra, a gy\u0171jt\u00e9st kiterjesztve a v\u00e1ci, g\u00f6d\u00f6ll\u0151i \u00e9s szobi j\u00e1r\u00e1s 46 k\u00f6zs\u00e9g\u00e9re. A paraszti \u00e9letm\u00f3d fokozatos megsz\u0171n\u00e9se, illetve a falvak \u00e1talakul\u00e1sa (termel\u0151sz\u00f6vetkezetes\u00edt\u00e9s, ing\u00e1z\u00e1s, kivetk\u0151z\u00e9s, stb.) miatt ekkor lett volna legink\u00e1bb lehet\u0151s\u00e9g n\u00e9prajzi t\u00e1rgyak gy\u0171jt\u00e9s\u00e9re, a szakemberhi\u00e1ny miatt azonban az int\u00e9zm\u00e9ny nem haszn\u00e1lta ki a lehet\u0151s\u00e9get. A m\u00fazeum \u00f6n\u00e1ll\u00f3 n\u00e9prajzi gy\u0171jtem\u00e9nye 1968-t\u00f3l dat\u00e1lhat\u00f3, de n\u00e9prajzos szakember hi\u00e1ny\u00e1ban a gy\u0171jt\u00e9sek t\u00f6bbnyire ad hoc t\u00f6rt\u00e9ntek.<\/p>\n<p>Az 1970-es \u00e9vekben Philipp Clarisse gy\u0171jt\u00f6tt komplett viselet-egy\u00fctteseket. 1974-ben ker\u00fclt el\u0151sz\u00f6r n\u00e9prajzos muzeol\u00f3gus az int\u00e9zm\u00e9nyhez, Igaz M\u00e1ria szem\u00e9ly\u00e9ben. A m\u00fazeum n\u00e9prajzi t\u00e1rgyainak sz\u00e1ma 1978-84 k\u00f6z\u00f6tt, R\u00e1duly Emil gy\u0171jt\u00e9seinek k\u00f6sz\u00f6nhet\u0151en megdupl\u00e1z\u00f3dott. K\u00fcl\u00f6n\u00f6sen nagy sz\u00e1mban ker\u00fcltek be a gy\u0171jtem\u00e9nybe a gazd\u00e1lkod\u00e1s \u00e9s a h\u00e1ziipar-kisipar eml\u00e9kei. Napjainkban a m\u00fazeumok korl\u00e1tozott anyagi lehet\u0151s\u00e9gei, a hagyom\u00e1nyos n\u00e9pi kult\u00fara t\u00e1rgyi eml\u00e9keinek anyagi fel\u00e9rt\u00e9kel\u0151d\u00e9se \u00e9s fogy\u00e1sa miatt a m\u00fazeumok figyelme a k\u00f6zelm\u00falt \u00e9s a jelen t\u00e1rgyi eml\u00e9kei fel\u00e9 fordult. A m\u00fazeumnak jelenleg egy n\u00e9prajzos munkat\u00e1rsa van, Csukovits Anita muzeol\u00f3gus. 1994-ben a V\u00e1ci domonkos kripta felt\u00e1r\u00e1s\u00e1nak t\u00e1rgyi anyaga is a n\u00e9prajzi gy\u0171jtem\u00e9nybe ker\u00fclt.<\/p>\n<p>A n\u00e9prajzi gy\u0171jtem\u00e9ny jelenleg mintegy 7000 t\u00e1rgyb\u00f3l \u00e9s 550 dokumentumb\u00f3l (arch\u00edv fot\u00f3, k\u00e9zirat, r\u00e9gi nyomtatv\u00e1ny) \u00e1ll. Legnagyobb egys\u00e9ge a viseleteket \u00e9s h\u00e1ztart\u00e1si textileket tartalmaz\u00f3 gy\u0171jtem\u00e9ny-egy\u00fcttes, mely t\u00f6bb mint ezer darabb\u00f3l \u00e1ll. T\u00f6bb teljes viseletet \u0151rz\u00fcnk Cs\u0151v\u00e1rr\u00f3l, P\u00fcsp\u00f6kszil\u00e1gyr\u00f3l, V\u00e1cbotty\u00e1nb\u00f3l, Letk\u00e9sr\u0151l, Nagyb\u00f6rzs\u00f6nyb\u0151l, F\u00f3tr\u00f3l. K\u00fcl\u00f6n\u00f6sen gazdag a m\u00fazeum h\u00e1zisz\u0151ttes-gy\u0171jtem\u00e9nye.<\/p>\n<p>A k\u00f6vetkez\u0151 nagyobb egys\u00e9g a h\u00e1ziipar \u00e9s kisipar szersz\u00e1mk\u00e9szlet\u00e9t tartalmaz\u00f3 mintegy 800 darabos egy\u00fcttes. 350 t\u00e1rgyb\u00f3l \u00e1ll a gazd\u00e1lkod\u00e1s gy\u0171jtem\u00e9ny, s hasonl\u00f3 nagys\u00e1grend\u0171 a m\u00fazeum n\u00e9pi ker\u00e1mia, b\u00fator \u00e9s h\u00e1ztart\u00e1si eszk\u00f6z anyaga is. A n\u00e9phit \u00e9s a n\u00e9pszok\u00e1sok t\u00e1rgyi vil\u00e1g\u00e1t mintegy 100 darab k\u00e9pviseli.<\/p>\n<p>A m\u00fazeum k\u00fcls\u0151 rakt\u00e1r\u00e1ba t\u00f6rt\u00e9nt bet\u00f6r\u00e9s 2000-ben els\u0151sorban a vall\u00e1si n\u00e9prajzi gy\u0171jtem\u00e9nyt \u00e9rintette, szentk\u00e9pek, szobrok, fesz\u00fcletek t\u0171ntek el, illetve ker\u00fcltek illet\u00e9ktelenek kez\u00e9be. A m\u00fazeum n\u00e9prajzi gy\u0171jtem\u00e9ny\u00e9ben \u00f6n\u00e1ll\u00f3 egys\u00e9get k\u00e9pvisel a m\u00e9lt\u00e1n nagyh\u00edr\u0171 18. sz\u00e1zadi v\u00e1ci Domonkos kripta leletanyag k\u00f6zel 1800 t\u00e1rgya, mely az 1994-95-\u00f6s felt\u00e1r\u00e1s eredm\u00e9nyek\u00e9nt ker\u00fclt a m\u00fazeumba.<\/p>\n<p>[\/et_pb_text][\/et_pb_column][\/et_pb_row][et_pb_row _builder_version=&#8221;4.27.4&#8243; _module_preset=&#8221;default&#8221; global_colors_info=&#8221;{}&#8221;][et_pb_column type=&#8221;4_4&#8243; _builder_version=&#8221;4.27.4&#8243; _module_preset=&#8221;default&#8221; global_colors_info=&#8221;{}&#8221;][et_pb_gallery gallery_ids=&#8221;2969,2968,2967,2966,2965&#8243; show_title_and_caption=&#8221;off&#8221; show_pagination=&#8221;off&#8221; _builder_version=&#8221;4.27.4&#8243; _module_preset=&#8221;default&#8221; hover_enabled=&#8221;0&#8243; global_colors_info=&#8221;{}&#8221; background_color=&#8221;#ededed&#8221; sticky_enabled=&#8221;0&#8243; custom_padding=&#8221;12px|12px|12px|12px|false|false&#8221;][\/et_pb_gallery][\/et_pb_column][\/et_pb_row][et_pb_row _builder_version=&#8221;4.27.4&#8243; _module_preset=&#8221;default&#8221; global_colors_info=&#8221;{}&#8221;][et_pb_column type=&#8221;4_4&#8243; _builder_version=&#8221;4.27.4&#8243; _module_preset=&#8221;default&#8221; global_colors_info=&#8221;{}&#8221;][et_pb_icon font_icon=&#8221;&#x23;||divi||400&#8243; url=&#8221;@ET-DC@eyJkeW5hbWljIjp0cnVlLCJjb250ZW50IjoicG9zdF9saW5rX3VybF9wYWdlIiwic2V0dGluZ3MiOnsicG9zdF9pZCI6IjEwMTMifX0=@&#8221; align=&#8221;right&#8221; _builder_version=&#8221;4.27.4&#8243; _dynamic_attributes=&#8221;url&#8221; _module_preset=&#8221;default&#8221; global_colors_info=&#8221;{}&#8221;][\/et_pb_icon][\/et_pb_column][\/et_pb_row][\/et_pb_section]<\/p>\n","protected":false},"excerpt":{"rendered":"<p>A m\u00fazeum gy\u0171jtem\u00e9ny-egys\u00e9gei k\u00f6z\u00fcl a n\u00e9prajzi gy\u0171jtem\u00e9ny\u2013\u00a0 ak\u00e1rcsak maga a tudom\u00e1nyszak \u2013 a legfiatalabb. A r\u00e9g\u00e9szeti, t\u00f6rt\u00e9neti \u00e9s k\u00e9pz\u0151m\u0171v\u00e9szeti gy\u0171jtem\u00e9nyek alapjait a 19. sz\u00e1zadban vetett\u00e9k meg, m\u00edg a n\u00e9prajzi t\u00e1rgyak [&hellip;]<\/p>\n","protected":false},"author":1,"featured_media":0,"parent":1013,"menu_order":0,"comment_status":"closed","ping_status":"closed","template":"","meta":{"_et_pb_use_builder":"on","_et_pb_old_content":"","_et_gb_content_width":"","footnotes":""},"class_list":["post-1748","page","type-page","status-publish","hentry"],"yoast_head":"<!-- This site is optimized with the Yoast SEO Premium plugin v27.3 (Yoast SEO v27.3) - https:\/\/yoast.com\/product\/yoast-seo-premium-wordpress\/ -->\n<title>N\u00e9prajzi gy\u0171jtem\u00e9ny - TRAGOR IGN\u00c1C M\u00daZEUM \u2022 V\u00c1C<\/title>\n<meta name=\"description\" content=\"Egy m\u00fazeum, ezer \u00e9lm\u00e9ny!\" \/>\n<meta name=\"robots\" content=\"index, follow, max-snippet:-1, max-image-preview:large, max-video-preview:-1\" \/>\n<link rel=\"canonical\" href=\"https:\/\/muzeumvac.hu\/en\/gyujtemenyek-2\/neprajzi-gyujtemeny\/\" \/>\n<meta property=\"og:locale\" content=\"en_GB\" \/>\n<meta property=\"og:type\" content=\"article\" \/>\n<meta property=\"og:title\" content=\"N\u00e9prajzi gy\u0171jtem\u00e9ny\" \/>\n<meta property=\"og:description\" content=\"Egy m\u00fazeum, ezer \u00e9lm\u00e9ny!\" \/>\n<meta property=\"og:url\" content=\"https:\/\/muzeumvac.hu\/en\/gyujtemenyek-2\/neprajzi-gyujtemeny\/\" \/>\n<meta property=\"og:site_name\" content=\"TRAGOR IGN\u00c1C M\u00daZEUM \u2022 V\u00c1C\" \/>\n<meta property=\"article:publisher\" content=\"https:\/\/www.facebook.com\/vac.tragorignacmuzeum\" \/>\n<meta property=\"article:modified_time\" content=\"2025-09-11T22:44:55+00:00\" \/>\n<meta name=\"twitter:card\" content=\"summary_large_image\" \/>\n<meta name=\"twitter:label1\" content=\"Estimated reading time\" \/>\n\t<meta name=\"twitter:data1\" content=\"5 minutes\" \/>\n<script type=\"application\/ld+json\" class=\"yoast-schema-graph\">{\"@context\":\"https:\\\/\\\/schema.org\",\"@graph\":[{\"@type\":\"WebPage\",\"@id\":\"https:\\\/\\\/muzeumvac.hu\\\/gyujtemenyek-2\\\/neprajzi-gyujtemeny\\\/\",\"url\":\"https:\\\/\\\/muzeumvac.hu\\\/gyujtemenyek-2\\\/neprajzi-gyujtemeny\\\/\",\"name\":\"N\u00e9prajzi gy\u0171jtem\u00e9ny - TRAGOR IGN\u00c1C M\u00daZEUM \u2022 V\u00c1C\",\"isPartOf\":{\"@id\":\"https:\\\/\\\/muzeumvac.hu\\\/#website\"},\"datePublished\":\"2025-07-05T19:44:18+00:00\",\"dateModified\":\"2025-09-11T22:44:55+00:00\",\"description\":\"Egy m\u00fazeum, ezer \u00e9lm\u00e9ny!\",\"breadcrumb\":{\"@id\":\"https:\\\/\\\/muzeumvac.hu\\\/gyujtemenyek-2\\\/neprajzi-gyujtemeny\\\/#breadcrumb\"},\"inLanguage\":\"en-GB\",\"potentialAction\":[{\"@type\":\"ReadAction\",\"target\":[\"https:\\\/\\\/muzeumvac.hu\\\/gyujtemenyek-2\\\/neprajzi-gyujtemeny\\\/\"]}]},{\"@type\":\"BreadcrumbList\",\"@id\":\"https:\\\/\\\/muzeumvac.hu\\\/gyujtemenyek-2\\\/neprajzi-gyujtemeny\\\/#breadcrumb\",\"itemListElement\":[{\"@type\":\"ListItem\",\"position\":1,\"name\":\"Kezd\u0151lap\",\"item\":\"https:\\\/\\\/muzeumvac.hu\\\/\"},{\"@type\":\"ListItem\",\"position\":2,\"name\":\"Gy\u0171jtem\u00e9nyek\",\"item\":\"https:\\\/\\\/muzeumvac.hu\\\/gyujtemenyek-2\\\/\"},{\"@type\":\"ListItem\",\"position\":3,\"name\":\"N\u00e9prajzi gy\u0171jtem\u00e9ny\"}]},{\"@type\":\"WebSite\",\"@id\":\"https:\\\/\\\/muzeumvac.hu\\\/#website\",\"url\":\"https:\\\/\\\/muzeumvac.hu\\\/\",\"name\":\"TRAGOR IGN\u00c1C M\u00daZEUM \u2022 V\u00c1C\",\"description\":\"Egy m\u00fazeum, ezer \u00e9lm\u00e9ny!\",\"publisher\":{\"@id\":\"https:\\\/\\\/muzeumvac.hu\\\/#organization\"},\"potentialAction\":[{\"@type\":\"SearchAction\",\"target\":{\"@type\":\"EntryPoint\",\"urlTemplate\":\"https:\\\/\\\/muzeumvac.hu\\\/?s={search_term_string}\"},\"query-input\":{\"@type\":\"PropertyValueSpecification\",\"valueRequired\":true,\"valueName\":\"search_term_string\"}}],\"inLanguage\":\"en-GB\"},{\"@type\":\"Organization\",\"@id\":\"https:\\\/\\\/muzeumvac.hu\\\/#organization\",\"name\":\"TRAGOR IGN\u00c1C M\u00daZEUM \u2022 V\u00c1C\",\"url\":\"https:\\\/\\\/muzeumvac.hu\\\/\",\"logo\":{\"@type\":\"ImageObject\",\"inLanguage\":\"en-GB\",\"@id\":\"https:\\\/\\\/muzeumvac.hu\\\/#\\\/schema\\\/logo\\\/image\\\/\",\"url\":\"https:\\\/\\\/muzeumvac.hu\\\/wp-content\\\/uploads\\\/2025\\\/07\\\/tragor_ignac_logo.png\",\"contentUrl\":\"https:\\\/\\\/muzeumvac.hu\\\/wp-content\\\/uploads\\\/2025\\\/07\\\/tragor_ignac_logo.png\",\"width\":161,\"height\":126,\"caption\":\"TRAGOR IGN\u00c1C M\u00daZEUM \u2022 V\u00c1C\"},\"image\":{\"@id\":\"https:\\\/\\\/muzeumvac.hu\\\/#\\\/schema\\\/logo\\\/image\\\/\"},\"sameAs\":[\"https:\\\/\\\/www.facebook.com\\\/vac.tragorignacmuzeum\",\"https:\\\/\\\/www.instagram.com\\\/tragormuzeum\",\"https:\\\/\\\/www.youtube.com\\\/@TragorIgncMzeum-vac\"]}]}<\/script>\n<!-- \/ Yoast SEO Premium plugin. -->","yoast_head_json":{"title":"N\u00e9prajzi gy\u0171jtem\u00e9ny - TRAGOR IGN\u00c1C M\u00daZEUM \u2022 V\u00c1C","description":"One museum, a thousand experiences!","robots":{"index":"index","follow":"follow","max-snippet":"max-snippet:-1","max-image-preview":"max-image-preview:large","max-video-preview":"max-video-preview:-1"},"canonical":"https:\/\/muzeumvac.hu\/en\/gyujtemenyek-2\/neprajzi-gyujtemeny\/","og_locale":"en_GB","og_type":"article","og_title":"N\u00e9prajzi gy\u0171jtem\u00e9ny","og_description":"Egy m\u00fazeum, ezer \u00e9lm\u00e9ny!","og_url":"https:\/\/muzeumvac.hu\/en\/gyujtemenyek-2\/neprajzi-gyujtemeny\/","og_site_name":"TRAGOR IGN\u00c1C M\u00daZEUM \u2022 V\u00c1C","article_publisher":"https:\/\/www.facebook.com\/vac.tragorignacmuzeum","article_modified_time":"2025-09-11T22:44:55+00:00","twitter_card":"summary_large_image","twitter_misc":{"Estimated reading time":"5 minutes"},"schema":{"@context":"https:\/\/schema.org","@graph":[{"@type":"WebPage","@id":"https:\/\/muzeumvac.hu\/gyujtemenyek-2\/neprajzi-gyujtemeny\/","url":"https:\/\/muzeumvac.hu\/gyujtemenyek-2\/neprajzi-gyujtemeny\/","name":"N\u00e9prajzi gy\u0171jtem\u00e9ny - TRAGOR IGN\u00c1C M\u00daZEUM \u2022 V\u00c1C","isPartOf":{"@id":"https:\/\/muzeumvac.hu\/#website"},"datePublished":"2025-07-05T19:44:18+00:00","dateModified":"2025-09-11T22:44:55+00:00","description":"One museum, a thousand experiences!","breadcrumb":{"@id":"https:\/\/muzeumvac.hu\/gyujtemenyek-2\/neprajzi-gyujtemeny\/#breadcrumb"},"inLanguage":"en-GB","potentialAction":[{"@type":"ReadAction","target":["https:\/\/muzeumvac.hu\/gyujtemenyek-2\/neprajzi-gyujtemeny\/"]}]},{"@type":"BreadcrumbList","@id":"https:\/\/muzeumvac.hu\/gyujtemenyek-2\/neprajzi-gyujtemeny\/#breadcrumb","itemListElement":[{"@type":"ListItem","position":1,"name":"Kezd\u0151lap","item":"https:\/\/muzeumvac.hu\/"},{"@type":"ListItem","position":2,"name":"Gy\u0171jtem\u00e9nyek","item":"https:\/\/muzeumvac.hu\/gyujtemenyek-2\/"},{"@type":"ListItem","position":3,"name":"N\u00e9prajzi gy\u0171jtem\u00e9ny"}]},{"@type":"WebSite","@id":"https:\/\/muzeumvac.hu\/#website","url":"https:\/\/muzeumvac.hu\/","name":"TRAGOR IGN\u00c1C M\u00daZEUM \u2022 V\u00c1C","description":"One museum, a thousand experiences!","publisher":{"@id":"https:\/\/muzeumvac.hu\/#organization"},"potentialAction":[{"@type":"SearchAction","target":{"@type":"EntryPoint","urlTemplate":"https:\/\/muzeumvac.hu\/?s={search_term_string}"},"query-input":{"@type":"PropertyValueSpecification","valueRequired":true,"valueName":"search_term_string"}}],"inLanguage":"en-GB"},{"@type":"Organization","@id":"https:\/\/muzeumvac.hu\/#organization","name":"TRAGOR IGN\u00c1C M\u00daZEUM \u2022 V\u00c1C","url":"https:\/\/muzeumvac.hu\/","logo":{"@type":"ImageObject","inLanguage":"en-GB","@id":"https:\/\/muzeumvac.hu\/#\/schema\/logo\/image\/","url":"https:\/\/muzeumvac.hu\/wp-content\/uploads\/2025\/07\/tragor_ignac_logo.png","contentUrl":"https:\/\/muzeumvac.hu\/wp-content\/uploads\/2025\/07\/tragor_ignac_logo.png","width":161,"height":126,"caption":"TRAGOR IGN\u00c1C M\u00daZEUM \u2022 V\u00c1C"},"image":{"@id":"https:\/\/muzeumvac.hu\/#\/schema\/logo\/image\/"},"sameAs":["https:\/\/www.facebook.com\/vac.tragorignacmuzeum","https:\/\/www.instagram.com\/tragormuzeum","https:\/\/www.youtube.com\/@TragorIgncMzeum-vac"]}]}},"_links":{"self":[{"href":"https:\/\/muzeumvac.hu\/en\/wp-json\/wp\/v2\/pages\/1748","targetHints":{"allow":["GET"]}}],"collection":[{"href":"https:\/\/muzeumvac.hu\/en\/wp-json\/wp\/v2\/pages"}],"about":[{"href":"https:\/\/muzeumvac.hu\/en\/wp-json\/wp\/v2\/types\/page"}],"author":[{"embeddable":true,"href":"https:\/\/muzeumvac.hu\/en\/wp-json\/wp\/v2\/users\/1"}],"replies":[{"embeddable":true,"href":"https:\/\/muzeumvac.hu\/en\/wp-json\/wp\/v2\/comments?post=1748"}],"version-history":[{"count":0,"href":"https:\/\/muzeumvac.hu\/en\/wp-json\/wp\/v2\/pages\/1748\/revisions"}],"up":[{"embeddable":true,"href":"https:\/\/muzeumvac.hu\/en\/wp-json\/wp\/v2\/pages\/1013"}],"wp:attachment":[{"href":"https:\/\/muzeumvac.hu\/en\/wp-json\/wp\/v2\/media?parent=1748"}],"curies":[{"name":"wp","href":"https:\/\/api.w.org\/{rel}","templated":true}]}}