{"id":1731,"date":"2025-07-05T21:28:54","date_gmt":"2025-07-05T19:28:54","guid":{"rendered":"https:\/\/muzeumvac.hu\/?page_id=1731"},"modified":"2025-09-12T00:43:12","modified_gmt":"2025-09-11T22:43:12","slug":"regeszeti-gyujtemeny","status":"publish","type":"page","link":"https:\/\/muzeumvac.hu\/en\/gyujtemenyek-2\/regeszeti-gyujtemeny\/","title":{"rendered":"R\u00e9g\u00e9szeti gy\u0171jtem\u00e9ny"},"content":{"rendered":"<p>[et_pb_section fb_built=&#8221;1&#8243; _builder_version=&#8221;4.27.4&#8243; _module_preset=&#8221;default&#8221; global_colors_info=&#8221;{}&#8221;][et_pb_row column_structure=&#8221;1_3,2_3&#8243; _builder_version=&#8221;4.27.4&#8243; _module_preset=&#8221;default&#8221; global_colors_info=&#8221;{}&#8221;][et_pb_column type=&#8221;1_3&#8243; _builder_version=&#8221;4.27.4&#8243; _module_preset=&#8221;default&#8221; global_colors_info=&#8221;{}&#8221;][et_pb_image src=&#8221;https:\/\/muzeumvac.hu\/wp-content\/uploads\/2025\/08\/kelta-korso.jpg&#8221; title_text=&#8221;Kelta kors\u00f3&#8221; _builder_version=&#8221;4.27.4&#8243; _module_preset=&#8221;default&#8221; global_colors_info=&#8221;{}&#8221;][\/et_pb_image][\/et_pb_column][et_pb_column type=&#8221;2_3&#8243; _builder_version=&#8221;4.27.4&#8243; _module_preset=&#8221;default&#8221; global_colors_info=&#8221;{}&#8221;][et_pb_text _builder_version=&#8221;4.27.4&#8243; _module_preset=&#8221;default&#8221; global_colors_info=&#8221;{}&#8221;]<\/p>\n<p>A M\u00fazeum r\u00e9g\u00e9szeti gy\u0171jtem\u00e9nye az egyik legr\u00e9gibb gy\u0171jtem\u00e9ny-egys\u00e9g. Ifj\u00fa Var\u00e1zs\u00e9ji Guszt\u00e1v egyetemi hallgat\u00f3k\u00e9nt a Nemzeti M\u00fazeum r\u00e9gis\u00e9gi Oszt\u00e1ly\u00e1nak gyakornoka volt. 1881-ben t\u00e9rt haza sz\u00fcl\u0151v\u00e1ros\u00e1ba, V\u00e1cra, nev\u00e9hez f\u0171z\u0151dik a m\u00fazeum l\u00e9trehoz\u00e1s\u00e1nak gondolata \u00e9s az els\u0151 \u00e1sat\u00e1sok 1881-ben (Pog\u00e1nyv\u00e1r). Korai hal\u00e1la ut\u00e1n a k\u00f6zben megalakult V\u00e1ci M\u00fazeum Egyes\u00fcletben a r\u00e9g\u00e9szeti gy\u0171jtem\u00e9ny gyarap\u00edt\u00e1sa Tragor Ign\u00e1c feladata lett.<\/p>\n<p>[\/et_pb_text][et_pb_text _builder_version=&#8221;4.27.4&#8243; _module_preset=&#8221;default&#8221; global_colors_info=&#8221;{}&#8221;]<\/p>\n<p>A gy\u0171jtem\u00e9ny ugr\u00e1sszer\u0171 gyarapod\u00e1sa a XX. sz\u00e1zad k\u00f6zep\u00e9t\u0151l dat\u00e1lhat\u00f3. Ekkor indultak a nagyobb szab\u00e1s\u00fa \u00e1sat\u00e1sok, amelyek k\u00f6z\u00fcl els\u0151sorban az 1969-ben kezd\u0151d\u0151, \u00e9s t\u00f6bb \u00e9ven \u00e1t tart\u00f3 V\u00e1c-kavicsb\u00e1nyai felt\u00e1r\u00e1s eml\u00edthet\u0151. Az itt napvil\u00e1gra ker\u00fclt k\u00e9s\u0151 vaskori kelta, valamint a n\u00e9h\u00e1ny \u00e9vsz\u00e1zaddal k\u00e9s\u0151bbi avar temet\u0151 s\u00edrjaib\u00f3l el\u0151ker\u00fclt nagysz\u00e1m\u00fa lelet (\u00e9kszerek, fegyverek, agyaged\u00e9nyek) is a m\u00fazeumba ker\u00fclt.<\/p>\n<p>[\/et_pb_text][et_pb_text _builder_version=&#8221;4.27.4&#8243; _module_preset=&#8221;default&#8221; global_colors_info=&#8221;{}&#8221;]<\/p>\n<p>Az 1900-as \u00e9vek v\u00e9g\u00e9n, 2000-res \u00e9vek elej\u00e9n a nagyberuh\u00e1z\u00e1sok megindul\u00e1sa, ill. az ezekhez kapcsol\u00f3d\u00f3 megel\u0151z\u0151 felt\u00e1r\u00e1sok hoztak jelent\u0151s eredm\u00e9nyeket. A 2\/A. sz. f\u0151\u00fat 17 km hossz\u00fa nyomvonal\u00e1n t\u00f6bb r\u00e9g\u00e9szeti lel\u0151hely felt\u00e1r\u00e1sa sor\u00e1n az \u00fajk\u0151kort\u00f3l a k\u00e9s\u0151 k\u00f6z\u00e9pkorig terjed\u0151, t\u00f6bb ezer \u00e9vet \u00e1tfog\u00f3 id\u0151szak rendk\u00edv\u00fcl gazdag leletanyag\u00e1val gazdagodott gy\u0171jtem\u00e9ny\u00fcnk. 2003-2012 k\u00f6z\u00f6tt zajlott a \u201eF\u0151utca-F\u0151t\u00e9r\u201d projekt V\u00e1cott. A v\u00e1ci V\u00e1r ter\u00fclet\u00e9n \u00e9s a Belv\u00e1rosban t\u00f6rt\u00e9nt \u00e1sat\u00e1sok kiemelked\u0151 leletekkel \u00e9s lelet-egy\u00fcttesekkel gazdagodott a gy\u0171jtem\u00e9ny.<\/p>\n<p>[\/et_pb_text][et_pb_text _builder_version=&#8221;4.27.4&#8243; _module_preset=&#8221;default&#8221; global_colors_info=&#8221;{}&#8221;]<\/p>\n<p>A r\u00e9g\u00e9szeti gy\u0171jtem\u00e9nyben a gy\u0171jt\u00e9s id\u0151hat\u00e1ra az \u0151skort\u00f3l a kora \u00fajkorig terjed\u0151 id\u0151szak. Az ut\u00f3bbi mintegy 10 \u00e9vben a megel\u0151z\u0151 felt\u00e1r\u00e1sok ker\u00fcltek t\u00fals\u00falyba, a leletment\u00e9sek sz\u00e1ma rendk\u00edv\u00fcl lecs\u00f6kkent, pr\u00f3bafelt\u00e1r\u00e1sra pedig elv\u00e9tve ker\u00fcl sor. Mindebb\u0151l k\u00f6vetkezik, hogy a terepmunk\u00e1k tervez\u00e9s\u00e9re \u2014 s \u00edgy a gy\u0171jtem\u00e9ny tervszer\u0171 fejleszt\u00e9s\u00e9re \u2014 gyakorlatilag nem volt lehet\u0151s\u00e9g.<\/p>\n<p>[\/et_pb_text][et_pb_text _builder_version=&#8221;4.27.4&#8243; _module_preset=&#8221;default&#8221; global_colors_info=&#8221;{}&#8221;]<\/p>\n<p>1956-ban a belelt\u00e1rozott r\u00e9g\u00e9szeti t\u00e1rgyak sz\u00e1ma 735 volt. Jelenleg a Tragor Ign\u00e1c M\u00fazeum r\u00e9g\u00e9szeti gy\u0171jtem\u00e9nye 81.136 darabb\u00f3l \u00e1ll.<\/p>\n<p>[\/et_pb_text][\/et_pb_column][\/et_pb_row][et_pb_row _builder_version=&#8221;4.27.4&#8243; _module_preset=&#8221;default&#8221; global_colors_info=&#8221;{}&#8221;][et_pb_column type=&#8221;4_4&#8243; _builder_version=&#8221;4.27.4&#8243; _module_preset=&#8221;default&#8221; global_colors_info=&#8221;{}&#8221;][et_pb_gallery gallery_ids=&#8221;2959,2961,2962,2694&#8243; show_title_and_caption=&#8221;off&#8221; _builder_version=&#8221;4.27.4&#8243; _module_preset=&#8221;default&#8221; hover_enabled=&#8221;0&#8243; global_colors_info=&#8221;{}&#8221; background_color=&#8221;#ededed&#8221; sticky_enabled=&#8221;0&#8243; custom_margin=&#8221;0px||0px||false|false&#8221; custom_padding=&#8221;12px|12px|12px|12px|false|false&#8221;][\/et_pb_gallery][\/et_pb_column][\/et_pb_row][et_pb_row _builder_version=&#8221;4.27.4&#8243; _module_preset=&#8221;default&#8221; global_colors_info=&#8221;{}&#8221;][et_pb_column type=&#8221;4_4&#8243; _builder_version=&#8221;4.27.4&#8243; _module_preset=&#8221;default&#8221; global_colors_info=&#8221;{}&#8221;][et_pb_icon font_icon=&#8221;&#x23;||divi||400&#8243; url=&#8221;@ET-DC@eyJkeW5hbWljIjp0cnVlLCJjb250ZW50IjoicG9zdF9saW5rX3VybF9wYWdlIiwic2V0dGluZ3MiOnsicG9zdF9pZCI6IjEwMTMifX0=@&#8221; align=&#8221;right&#8221; _builder_version=&#8221;4.27.4&#8243; _dynamic_attributes=&#8221;url&#8221; _module_preset=&#8221;default&#8221; global_colors_info=&#8221;{}&#8221;][\/et_pb_icon][\/et_pb_column][\/et_pb_row][\/et_pb_section]<\/p>\n","protected":false},"excerpt":{"rendered":"<p>A M\u00fazeum r\u00e9g\u00e9szeti gy\u0171jtem\u00e9nye az egyik legr\u00e9gibb gy\u0171jtem\u00e9ny-egys\u00e9g. Ifj\u00fa Var\u00e1zs\u00e9ji Guszt\u00e1v egyetemi hallgat\u00f3k\u00e9nt a Nemzeti M\u00fazeum r\u00e9gis\u00e9gi Oszt\u00e1ly\u00e1nak gyakornoka volt. 1881-ben t\u00e9rt haza sz\u00fcl\u0151v\u00e1ros\u00e1ba, V\u00e1cra, nev\u00e9hez f\u0171z\u0151dik a m\u00fazeum l\u00e9trehoz\u00e1s\u00e1nak [&hellip;]<\/p>\n","protected":false},"author":1,"featured_media":0,"parent":1013,"menu_order":0,"comment_status":"closed","ping_status":"closed","template":"","meta":{"_et_pb_use_builder":"on","_et_pb_old_content":"","_et_gb_content_width":"","footnotes":""},"class_list":["post-1731","page","type-page","status-publish","hentry"],"yoast_head":"<!-- This site is optimized with the Yoast SEO Premium plugin v27.3 (Yoast SEO v27.3) - https:\/\/yoast.com\/product\/yoast-seo-premium-wordpress\/ -->\n<title>R\u00e9g\u00e9szeti gy\u0171jtem\u00e9ny - TRAGOR IGN\u00c1C M\u00daZEUM \u2022 V\u00c1C<\/title>\n<meta name=\"description\" content=\"Egy m\u00fazeum, ezer \u00e9lm\u00e9ny!\" \/>\n<meta name=\"robots\" content=\"index, follow, max-snippet:-1, max-image-preview:large, max-video-preview:-1\" \/>\n<link rel=\"canonical\" href=\"https:\/\/muzeumvac.hu\/en\/gyujtemenyek-2\/regeszeti-gyujtemeny\/\" \/>\n<meta property=\"og:locale\" content=\"en_GB\" \/>\n<meta property=\"og:type\" content=\"article\" \/>\n<meta property=\"og:title\" content=\"R\u00e9g\u00e9szeti gy\u0171jtem\u00e9ny\" \/>\n<meta property=\"og:description\" content=\"Egy m\u00fazeum, ezer \u00e9lm\u00e9ny!\" \/>\n<meta property=\"og:url\" content=\"https:\/\/muzeumvac.hu\/en\/gyujtemenyek-2\/regeszeti-gyujtemeny\/\" \/>\n<meta property=\"og:site_name\" content=\"TRAGOR IGN\u00c1C M\u00daZEUM \u2022 V\u00c1C\" \/>\n<meta property=\"article:publisher\" content=\"https:\/\/www.facebook.com\/vac.tragorignacmuzeum\" \/>\n<meta property=\"article:modified_time\" content=\"2025-09-11T22:43:12+00:00\" \/>\n<meta name=\"twitter:card\" content=\"summary_large_image\" \/>\n<meta name=\"twitter:label1\" content=\"Estimated reading time\" \/>\n\t<meta name=\"twitter:data1\" content=\"4 minutes\" \/>\n<script type=\"application\/ld+json\" class=\"yoast-schema-graph\">{\"@context\":\"https:\\\/\\\/schema.org\",\"@graph\":[{\"@type\":\"WebPage\",\"@id\":\"https:\\\/\\\/muzeumvac.hu\\\/gyujtemenyek-2\\\/regeszeti-gyujtemeny\\\/\",\"url\":\"https:\\\/\\\/muzeumvac.hu\\\/gyujtemenyek-2\\\/regeszeti-gyujtemeny\\\/\",\"name\":\"R\u00e9g\u00e9szeti gy\u0171jtem\u00e9ny - TRAGOR IGN\u00c1C M\u00daZEUM \u2022 V\u00c1C\",\"isPartOf\":{\"@id\":\"https:\\\/\\\/muzeumvac.hu\\\/#website\"},\"datePublished\":\"2025-07-05T19:28:54+00:00\",\"dateModified\":\"2025-09-11T22:43:12+00:00\",\"description\":\"Egy m\u00fazeum, ezer \u00e9lm\u00e9ny!\",\"breadcrumb\":{\"@id\":\"https:\\\/\\\/muzeumvac.hu\\\/gyujtemenyek-2\\\/regeszeti-gyujtemeny\\\/#breadcrumb\"},\"inLanguage\":\"en-GB\",\"potentialAction\":[{\"@type\":\"ReadAction\",\"target\":[\"https:\\\/\\\/muzeumvac.hu\\\/gyujtemenyek-2\\\/regeszeti-gyujtemeny\\\/\"]}]},{\"@type\":\"BreadcrumbList\",\"@id\":\"https:\\\/\\\/muzeumvac.hu\\\/gyujtemenyek-2\\\/regeszeti-gyujtemeny\\\/#breadcrumb\",\"itemListElement\":[{\"@type\":\"ListItem\",\"position\":1,\"name\":\"Kezd\u0151lap\",\"item\":\"https:\\\/\\\/muzeumvac.hu\\\/\"},{\"@type\":\"ListItem\",\"position\":2,\"name\":\"Gy\u0171jtem\u00e9nyek\",\"item\":\"https:\\\/\\\/muzeumvac.hu\\\/gyujtemenyek-2\\\/\"},{\"@type\":\"ListItem\",\"position\":3,\"name\":\"R\u00e9g\u00e9szeti gy\u0171jtem\u00e9ny\"}]},{\"@type\":\"WebSite\",\"@id\":\"https:\\\/\\\/muzeumvac.hu\\\/#website\",\"url\":\"https:\\\/\\\/muzeumvac.hu\\\/\",\"name\":\"TRAGOR IGN\u00c1C M\u00daZEUM \u2022 V\u00c1C\",\"description\":\"Egy m\u00fazeum, ezer \u00e9lm\u00e9ny!\",\"publisher\":{\"@id\":\"https:\\\/\\\/muzeumvac.hu\\\/#organization\"},\"potentialAction\":[{\"@type\":\"SearchAction\",\"target\":{\"@type\":\"EntryPoint\",\"urlTemplate\":\"https:\\\/\\\/muzeumvac.hu\\\/?s={search_term_string}\"},\"query-input\":{\"@type\":\"PropertyValueSpecification\",\"valueRequired\":true,\"valueName\":\"search_term_string\"}}],\"inLanguage\":\"en-GB\"},{\"@type\":\"Organization\",\"@id\":\"https:\\\/\\\/muzeumvac.hu\\\/#organization\",\"name\":\"TRAGOR IGN\u00c1C M\u00daZEUM \u2022 V\u00c1C\",\"url\":\"https:\\\/\\\/muzeumvac.hu\\\/\",\"logo\":{\"@type\":\"ImageObject\",\"inLanguage\":\"en-GB\",\"@id\":\"https:\\\/\\\/muzeumvac.hu\\\/#\\\/schema\\\/logo\\\/image\\\/\",\"url\":\"https:\\\/\\\/muzeumvac.hu\\\/wp-content\\\/uploads\\\/2025\\\/07\\\/tragor_ignac_logo.png\",\"contentUrl\":\"https:\\\/\\\/muzeumvac.hu\\\/wp-content\\\/uploads\\\/2025\\\/07\\\/tragor_ignac_logo.png\",\"width\":161,\"height\":126,\"caption\":\"TRAGOR IGN\u00c1C M\u00daZEUM \u2022 V\u00c1C\"},\"image\":{\"@id\":\"https:\\\/\\\/muzeumvac.hu\\\/#\\\/schema\\\/logo\\\/image\\\/\"},\"sameAs\":[\"https:\\\/\\\/www.facebook.com\\\/vac.tragorignacmuzeum\",\"https:\\\/\\\/www.instagram.com\\\/tragormuzeum\",\"https:\\\/\\\/www.youtube.com\\\/@TragorIgncMzeum-vac\"]}]}<\/script>\n<!-- \/ Yoast SEO Premium plugin. -->","yoast_head_json":{"title":"R\u00e9g\u00e9szeti gy\u0171jtem\u00e9ny - TRAGOR IGN\u00c1C M\u00daZEUM \u2022 V\u00c1C","description":"One museum, a thousand experiences!","robots":{"index":"index","follow":"follow","max-snippet":"max-snippet:-1","max-image-preview":"max-image-preview:large","max-video-preview":"max-video-preview:-1"},"canonical":"https:\/\/muzeumvac.hu\/en\/gyujtemenyek-2\/regeszeti-gyujtemeny\/","og_locale":"en_GB","og_type":"article","og_title":"R\u00e9g\u00e9szeti gy\u0171jtem\u00e9ny","og_description":"Egy m\u00fazeum, ezer \u00e9lm\u00e9ny!","og_url":"https:\/\/muzeumvac.hu\/en\/gyujtemenyek-2\/regeszeti-gyujtemeny\/","og_site_name":"TRAGOR IGN\u00c1C M\u00daZEUM \u2022 V\u00c1C","article_publisher":"https:\/\/www.facebook.com\/vac.tragorignacmuzeum","article_modified_time":"2025-09-11T22:43:12+00:00","twitter_card":"summary_large_image","twitter_misc":{"Estimated reading time":"4 minutes"},"schema":{"@context":"https:\/\/schema.org","@graph":[{"@type":"WebPage","@id":"https:\/\/muzeumvac.hu\/gyujtemenyek-2\/regeszeti-gyujtemeny\/","url":"https:\/\/muzeumvac.hu\/gyujtemenyek-2\/regeszeti-gyujtemeny\/","name":"R\u00e9g\u00e9szeti gy\u0171jtem\u00e9ny - TRAGOR IGN\u00c1C M\u00daZEUM \u2022 V\u00c1C","isPartOf":{"@id":"https:\/\/muzeumvac.hu\/#website"},"datePublished":"2025-07-05T19:28:54+00:00","dateModified":"2025-09-11T22:43:12+00:00","description":"One museum, a thousand experiences!","breadcrumb":{"@id":"https:\/\/muzeumvac.hu\/gyujtemenyek-2\/regeszeti-gyujtemeny\/#breadcrumb"},"inLanguage":"en-GB","potentialAction":[{"@type":"ReadAction","target":["https:\/\/muzeumvac.hu\/gyujtemenyek-2\/regeszeti-gyujtemeny\/"]}]},{"@type":"BreadcrumbList","@id":"https:\/\/muzeumvac.hu\/gyujtemenyek-2\/regeszeti-gyujtemeny\/#breadcrumb","itemListElement":[{"@type":"ListItem","position":1,"name":"Kezd\u0151lap","item":"https:\/\/muzeumvac.hu\/"},{"@type":"ListItem","position":2,"name":"Gy\u0171jtem\u00e9nyek","item":"https:\/\/muzeumvac.hu\/gyujtemenyek-2\/"},{"@type":"ListItem","position":3,"name":"R\u00e9g\u00e9szeti gy\u0171jtem\u00e9ny"}]},{"@type":"WebSite","@id":"https:\/\/muzeumvac.hu\/#website","url":"https:\/\/muzeumvac.hu\/","name":"TRAGOR IGN\u00c1C M\u00daZEUM \u2022 V\u00c1C","description":"One museum, a thousand experiences!","publisher":{"@id":"https:\/\/muzeumvac.hu\/#organization"},"potentialAction":[{"@type":"SearchAction","target":{"@type":"EntryPoint","urlTemplate":"https:\/\/muzeumvac.hu\/?s={search_term_string}"},"query-input":{"@type":"PropertyValueSpecification","valueRequired":true,"valueName":"search_term_string"}}],"inLanguage":"en-GB"},{"@type":"Organization","@id":"https:\/\/muzeumvac.hu\/#organization","name":"TRAGOR IGN\u00c1C M\u00daZEUM \u2022 V\u00c1C","url":"https:\/\/muzeumvac.hu\/","logo":{"@type":"ImageObject","inLanguage":"en-GB","@id":"https:\/\/muzeumvac.hu\/#\/schema\/logo\/image\/","url":"https:\/\/muzeumvac.hu\/wp-content\/uploads\/2025\/07\/tragor_ignac_logo.png","contentUrl":"https:\/\/muzeumvac.hu\/wp-content\/uploads\/2025\/07\/tragor_ignac_logo.png","width":161,"height":126,"caption":"TRAGOR IGN\u00c1C M\u00daZEUM \u2022 V\u00c1C"},"image":{"@id":"https:\/\/muzeumvac.hu\/#\/schema\/logo\/image\/"},"sameAs":["https:\/\/www.facebook.com\/vac.tragorignacmuzeum","https:\/\/www.instagram.com\/tragormuzeum","https:\/\/www.youtube.com\/@TragorIgncMzeum-vac"]}]}},"_links":{"self":[{"href":"https:\/\/muzeumvac.hu\/en\/wp-json\/wp\/v2\/pages\/1731","targetHints":{"allow":["GET"]}}],"collection":[{"href":"https:\/\/muzeumvac.hu\/en\/wp-json\/wp\/v2\/pages"}],"about":[{"href":"https:\/\/muzeumvac.hu\/en\/wp-json\/wp\/v2\/types\/page"}],"author":[{"embeddable":true,"href":"https:\/\/muzeumvac.hu\/en\/wp-json\/wp\/v2\/users\/1"}],"replies":[{"embeddable":true,"href":"https:\/\/muzeumvac.hu\/en\/wp-json\/wp\/v2\/comments?post=1731"}],"version-history":[{"count":0,"href":"https:\/\/muzeumvac.hu\/en\/wp-json\/wp\/v2\/pages\/1731\/revisions"}],"up":[{"embeddable":true,"href":"https:\/\/muzeumvac.hu\/en\/wp-json\/wp\/v2\/pages\/1013"}],"wp:attachment":[{"href":"https:\/\/muzeumvac.hu\/en\/wp-json\/wp\/v2\/media?parent=1731"}],"curies":[{"name":"wp","href":"https:\/\/api.w.org\/{rel}","templated":true}]}}