{"id":1724,"date":"2025-07-05T19:14:19","date_gmt":"2025-07-05T17:14:19","guid":{"rendered":"https:\/\/muzeumvac.hu\/?page_id=1724"},"modified":"2025-09-12T00:40:36","modified_gmt":"2025-09-11T22:40:36","slug":"torteneti-gyujtemeny","status":"publish","type":"page","link":"https:\/\/muzeumvac.hu\/en\/gyujtemenyek-2\/torteneti-gyujtemeny\/","title":{"rendered":"T\u00f6rt\u00e9neti gy\u0171jtem\u00e9ny"},"content":{"rendered":"<p>[et_pb_section fb_built=&#8221;1&#8243; _builder_version=&#8221;4.27.4&#8243; _module_preset=&#8221;default&#8221; global_colors_info=&#8221;{}&#8221;][et_pb_row column_structure=&#8221;1_4,3_4&#8243; _builder_version=&#8221;4.27.4&#8243; _module_preset=&#8221;default&#8221; global_colors_info=&#8221;{}&#8221;][et_pb_column type=&#8221;1_4&#8243; _builder_version=&#8221;4.27.4&#8243; _module_preset=&#8221;default&#8221; global_colors_info=&#8221;{}&#8221;][et_pb_image src=&#8221;https:\/\/muzeumvac.hu\/wp-content\/uploads\/2025\/08\/torteneti-gyujtemeny-mezeskalacs-utofa.jpg&#8221; title_text=&#8221;M\u00e9zeskal\u00e1cs \u00fct\u0151fa&#8221; _builder_version=&#8221;4.27.4&#8243; _module_preset=&#8221;default&#8221; global_colors_info=&#8221;{}&#8221;][\/et_pb_image][\/et_pb_column][et_pb_column type=&#8221;3_4&#8243; _builder_version=&#8221;4.27.4&#8243; _module_preset=&#8221;default&#8221; global_colors_info=&#8221;{}&#8221;][et_pb_text _builder_version=&#8221;4.27.4&#8243; _module_preset=&#8221;default&#8221; custom_padding=&#8221;0px|||||&#8221; global_colors_info=&#8221;{}&#8221;]<\/p>\n<p>A t\u00f6rt\u00e9neti gy\u0171jtem\u00e9ny egy r\u00e9sze a m\u00fazeum t\u00f6rzsanyag\u00e1hoz tartozik. Tragor Ign\u00e1c \u00e1llamseg\u00e9lyb\u0151l m\u00e1r tervszer\u0171en v\u00e9gzett t\u00e1rgyv\u00e1s\u00e1rl\u00e1sokat. A m\u00fazeum \u00e9rt\u00e9kes 18-19. sz\u00e1zadi \u00f3ra-gy\u0171jtem\u00e9nye ilyen m\u00f3don ker\u00fclt a m\u00fazeumba. A gy\u0171jtem\u00e9nyt m\u00e1r az Egyes\u00fclet megalakul\u00e1s\u00e1t\u00f3l \u00e9l\u00e9nk t\u00e1rsadalmi figyelem k\u00eds\u00e9rte, amelynek bizony\u00edt\u00e9kai az aj\u00e1nd\u00e9koz\u00e1sok.<\/p>\n<p>A m\u00fazeum t\u00e1mogat\u00f3i k\u00f6z\u00f6tt ott tal\u00e1ljuk az egyh\u00e1zi vezet\u0151ket, v\u00e1ci polg\u00e1rokat \u00e9s a k\u00fcl\u00f6nb\u00f6z\u0151 helyi szervezeteket is. A c\u00e9hek felsz\u00e1mol\u00e1s\u00e1t k\u00f6vet\u0151en a helyi ipart\u00e1rsulatok felaj\u00e1nlott\u00e1k a m\u00fazeumnak a c\u00e9hes eml\u00e9keiket.<\/p>\n<p>Tragor nagyon j\u00f3 \u00e9rz\u00e9kkel gy\u0171jt\u00f6gette saj\u00e1t kor\u00e1nak dokumentumait, \u00edgy v\u00e1lhatott a gy\u0171jtem\u00e9ny r\u00e9sz\u00e9v\u00e9 a gazdag els\u0151 vil\u00e1gh\u00e1bor\u00fas, majd az azt k\u00f6vet\u0151 v\u00e1ls\u00e1gos \u00e9vek plak\u00e1tanyaga.<\/p>\n<p>1924-ben Tragor k\u00e9r\u00e9s\u00e9re \u00e9s Preszly Elem\u00e9r f\u0151isp\u00e1n k\u00f6zbenj\u00e1r\u00e1s\u00e1ra az akkor m\u00e1r nem m\u0171k\u00f6d\u0151 Pest Megyei R\u00e9g\u00e9szeti \u00e9s N\u00e9prajzi Bizotts\u00e1g gy\u0171jtem\u00e9ny\u00e9t \u00f6r\u00f6k\u00f6s let\u00e9tk\u00e9nt a V\u00e1ci M\u00fazeum Egyes\u00fcletnek adt\u00e1k \u00e1t. Mivel az egyes gy\u0171jtem\u00e9nyegys\u00e9gek k\u00f6zti hat\u00e1rvonal nem volt er\u0151s, feltehet\u0151, hogy nagyobb mennyis\u00e9g\u0171 t\u00f6rt\u00e9neti anyag is ker\u00fclt \u00edgy a gy\u0171jtem\u00e9nybe.<\/p>\n<p>Az \u201950-es \u00e9vek gy\u0171jt\u00e9si koncepci\u00f3i ugyan megegyeztek az orsz\u00e1gos politika elv\u00e1r\u00e1saival, de pl. 1956-ban az els\u0151 f\u00e9l\u00e9vi besz\u00e1mol\u00f3 szerint mind\u00f6ssze 3 t\u00e1rggyal gyarapodott a gy\u0171jtem\u00e9ny. A m\u00fazeum \u00f6n\u00e1ll\u00f3 t\u00f6rt\u00e9neti gy\u0171jtem\u00e9nye 1968-t\u00f3l \u2013 a k\u00fcl\u00f6nb\u00f6z\u0151 gy\u0171jtem\u00e9nyek elk\u00fcl\u00f6n\u00fclt lelt\u00e1roz\u00e1s\u00e1t\u00f3l \u2013 dat\u00e1lhat\u00f3. Az 1970-es \u00e9vekben Alf\u00f6ldy Vilma a t\u00f6rzsanyag \u00fajralelt\u00e1roz\u00e1sa mellett tervszer\u0171 gy\u0171jt\u0151munk\u00e1t is folytatott. Viseleti darabok, b\u00fatorok, \u00e9s munk\u00e1smozgalmi tematik\u00e1j\u00fa fot\u00f3k \u00e9s dokumentumok ker\u00fcltek a gy\u0171jt\u00e9s homlokter\u00e9be. Korkes Zsuzsa a nyolcvanas \u00e9vekben els\u0151sorban k\u00e9zm\u0171ipari \u2013 kisipari t\u00e1rgy-egy\u00fctteseket, m\u0171helyek felszerel\u00e9seit gy\u0171jt\u00f6tte.<\/p>\n<p>El\u0151t\u00e9rbe ker\u00fclt a jelenkor eml\u00e9kanyag\u00e1nak gy\u0171jt\u00e9se. A gy\u0171jtem\u00e9ny d\u00f6nt\u0151en aj\u00e1nd\u00e9koz\u00e1s \u00e9s gy\u0171jt\u00e9s r\u00e9v\u00e9n b\u0151v\u00fcl, de igyeksz\u00fcnk kihaszn\u00e1lni a p\u00e1ly\u00e1zati lehet\u0151s\u00e9geket is. 1988. m\u00e1rcius 1-t\u0151l a gy\u0171jtem\u00e9ny fejleszt\u00e9se Forr\u00f3 Katalin feladata. Az\u00f3ta a gy\u0171jtem\u00e9ny k\u00f6zel a k\u00e9tszeres\u00e9re n\u0151tt.<\/p>\n<p>A t\u00f6rt\u00e9neti gy\u0171jtem\u00e9ny jelenleg 7.701 db belelt\u00e1rozott t\u00e1rgyat \u00e9s 25.390 db belelt\u00e1rozott dokumentumot tartalmaz.<\/p>\n<p>Legfontosabb m\u0171t\u00e1rgycsoportok:<\/p>\n<ul>\n<li>c\u00e9hes gy\u0171jtem\u00e9ny (c\u00e9hl\u00e1d\u00e1k, pecs\u00e9tek,) c\u00e9hes-, ipartest\u00fcleti dokumentumok<\/li>\n<li>k\u00e9zm\u0171ipar, kisipar, helyi gy\u00e1ripar t\u00e1rgyi-, \u00e9s dokumentumeml\u00e9kei<\/li>\n<li>\u00fcveg, ker\u00e1mia, porcel\u00e1n t\u00e1rgyak, h\u00e1ztart\u00e1si eszk\u00f6z\u00f6k<\/li>\n<li>eml\u00e9kt\u00e1rgyak (p\u00e1ly\u00e1zati forr\u00e1sb\u00f3l a k\u00f6zelm\u00falt v\u00e1ci eml\u00e9kt\u00e1rgyaival is b\u0151v\u00fclt)<\/li>\n<li>fegyverek<\/li>\n<li>technikai eszk\u00f6z\u00f6k (r\u00e1di\u00f3, telev\u00edzi\u00f3, \u00edr\u00f3g\u00e9pek, sz\u00e1mol\u00f3g\u00e9pek, telefon, f\u00e9nyk\u00e9pez\u0151g\u00e9pek\u2026)<\/li>\n<li>r\u00e9gi v\u00e1ci \u00f3r\u00e1k (17-18. sz\u00e1zadiak)<\/li>\n<li>viseleti- \u00e9s textilgy\u0171jtem\u00e9ny<br \/>r\u00e9gi nyomtatv\u00e1nyok (k\u00fcl\u00f6n\u00f6sen \u00e9rt\u00e9kesek a helyi Ambr\u00f3-, \u00e9s a Gottlieb nyomd\u00e1kb\u00f3l sz\u00e1rmaz\u00f3 18-19. sz\u00e1zadi k\u00f6nyvek)<\/li>\n<li>v\u00e1laszt\u00e1si dokumentumanyag (19 \u2013 20. sz\u00e1zadi anyag)<\/li>\n<li>v\u00e1ci nyomdaterm\u00e9kek, plak\u00e1tok, sz\u00f3r\u00f3lapok, megh\u00edv\u00f3k n\u00e9vjegyk\u00e1rty\u00e1k\u2026<\/li>\n<li>eredeti fot\u00f3anyag<\/li>\n<li>k\u00e9peslapok<\/li>\n<\/ul>\n<p><span>2000-ben a m\u00fazeum k\u00fcls\u0151, sz\u00e9r\u0171skerti rakt\u00e1r\u00e1ba t\u00f6rt\u00e9nt bet\u00f6r\u00e9s a t\u00f6rt\u00e9neti gy\u0171jtem\u00e9nyben p\u00f3tolhatatlan vesztes\u00e9get okozott. A fegyver- a pipa- \u00e9s a ker\u00e1miagy\u0171jtem\u00e9ny, valamint az ez\u00fcstt\u00e1rgyak jelent\u0151s r\u00e9sze elt\u0171nt.<\/span><\/p>\n<p>[\/et_pb_text][\/et_pb_column][\/et_pb_row][et_pb_row _builder_version=&#8221;4.27.4&#8243; _module_preset=&#8221;default&#8221; background_color=&#8221;RGBA(255,255,255,0)&#8221; hover_enabled=&#8221;0&#8243; global_colors_info=&#8221;{}&#8221; sticky_enabled=&#8221;0&#8243;][et_pb_column type=&#8221;4_4&#8243; _builder_version=&#8221;4.27.4&#8243; _module_preset=&#8221;default&#8221; background_color=&#8221;#ededed&#8221; custom_padding=&#8221;|12px||12px|false|false&#8221; global_colors_info=&#8221;{}&#8221;][et_pb_gallery gallery_ids=&#8221;2955,2953,2902,2890&#8243; show_title_and_caption=&#8221;off&#8221; _builder_version=&#8221;4.27.4&#8243; _module_preset=&#8221;default&#8221; hover_enabled=&#8221;0&#8243; global_colors_info=&#8221;{}&#8221; background_color=&#8221;#ededed&#8221; sticky_enabled=&#8221;0&#8243; custom_margin=&#8221;12px||12px||false|false&#8221;][\/et_pb_gallery][\/et_pb_column][\/et_pb_row][et_pb_row _builder_version=&#8221;4.27.4&#8243; _module_preset=&#8221;default&#8221; global_colors_info=&#8221;{}&#8221;][et_pb_column type=&#8221;4_4&#8243; _builder_version=&#8221;4.27.4&#8243; _module_preset=&#8221;default&#8221; global_colors_info=&#8221;{}&#8221;][et_pb_icon font_icon=&#8221;&#x23;||divi||400&#8243; url=&#8221;@ET-DC@eyJkeW5hbWljIjp0cnVlLCJjb250ZW50IjoicG9zdF9saW5rX3VybF9wYWdlIiwic2V0dGluZ3MiOnsicG9zdF9pZCI6IjEwMTMifX0=@&#8221; align=&#8221;right&#8221; _builder_version=&#8221;4.27.4&#8243; _dynamic_attributes=&#8221;url&#8221; _module_preset=&#8221;default&#8221; global_colors_info=&#8221;{}&#8221;][\/et_pb_icon][\/et_pb_column][\/et_pb_row][\/et_pb_section]<\/p>\n","protected":false},"excerpt":{"rendered":"<p>A t\u00f6rt\u00e9neti gy\u0171jtem\u00e9ny egy r\u00e9sze a m\u00fazeum t\u00f6rzsanyag\u00e1hoz tartozik. Tragor Ign\u00e1c \u00e1llamseg\u00e9lyb\u0151l m\u00e1r tervszer\u0171en v\u00e9gzett t\u00e1rgyv\u00e1s\u00e1rl\u00e1sokat. A m\u00fazeum \u00e9rt\u00e9kes 18-19. sz\u00e1zadi \u00f3ra-gy\u0171jtem\u00e9nye ilyen m\u00f3don ker\u00fclt a m\u00fazeumba. A gy\u0171jtem\u00e9nyt m\u00e1r [&hellip;]<\/p>\n","protected":false},"author":1,"featured_media":0,"parent":1013,"menu_order":0,"comment_status":"closed","ping_status":"closed","template":"","meta":{"_et_pb_use_builder":"on","_et_pb_old_content":"","_et_gb_content_width":"","footnotes":""},"class_list":["post-1724","page","type-page","status-publish","hentry"],"yoast_head":"<!-- This site is optimized with the Yoast SEO Premium plugin v27.3 (Yoast SEO v27.3) - https:\/\/yoast.com\/product\/yoast-seo-premium-wordpress\/ -->\n<title>T\u00f6rt\u00e9neti gy\u0171jtem\u00e9ny - TRAGOR IGN\u00c1C M\u00daZEUM \u2022 V\u00c1C<\/title>\n<meta name=\"description\" content=\"Egy m\u00fazeum, ezer \u00e9lm\u00e9ny!\" \/>\n<meta name=\"robots\" content=\"index, follow, max-snippet:-1, max-image-preview:large, max-video-preview:-1\" \/>\n<link rel=\"canonical\" href=\"https:\/\/muzeumvac.hu\/en\/gyujtemenyek-2\/torteneti-gyujtemeny\/\" \/>\n<meta property=\"og:locale\" content=\"en_GB\" \/>\n<meta property=\"og:type\" content=\"article\" \/>\n<meta property=\"og:title\" content=\"T\u00f6rt\u00e9neti gy\u0171jtem\u00e9ny\" \/>\n<meta property=\"og:description\" content=\"Egy m\u00fazeum, ezer \u00e9lm\u00e9ny!\" \/>\n<meta property=\"og:url\" content=\"https:\/\/muzeumvac.hu\/en\/gyujtemenyek-2\/torteneti-gyujtemeny\/\" \/>\n<meta property=\"og:site_name\" content=\"TRAGOR IGN\u00c1C M\u00daZEUM \u2022 V\u00c1C\" \/>\n<meta property=\"article:publisher\" content=\"https:\/\/www.facebook.com\/vac.tragorignacmuzeum\" \/>\n<meta property=\"article:modified_time\" content=\"2025-09-11T22:40:36+00:00\" \/>\n<meta name=\"twitter:card\" content=\"summary_large_image\" \/>\n<meta name=\"twitter:label1\" content=\"Estimated reading time\" \/>\n\t<meta name=\"twitter:data1\" content=\"5 minutes\" \/>\n<script type=\"application\/ld+json\" class=\"yoast-schema-graph\">{\"@context\":\"https:\\\/\\\/schema.org\",\"@graph\":[{\"@type\":\"WebPage\",\"@id\":\"https:\\\/\\\/muzeumvac.hu\\\/gyujtemenyek-2\\\/torteneti-gyujtemeny\\\/\",\"url\":\"https:\\\/\\\/muzeumvac.hu\\\/gyujtemenyek-2\\\/torteneti-gyujtemeny\\\/\",\"name\":\"T\u00f6rt\u00e9neti gy\u0171jtem\u00e9ny - TRAGOR IGN\u00c1C M\u00daZEUM \u2022 V\u00c1C\",\"isPartOf\":{\"@id\":\"https:\\\/\\\/muzeumvac.hu\\\/#website\"},\"datePublished\":\"2025-07-05T17:14:19+00:00\",\"dateModified\":\"2025-09-11T22:40:36+00:00\",\"description\":\"Egy m\u00fazeum, ezer \u00e9lm\u00e9ny!\",\"breadcrumb\":{\"@id\":\"https:\\\/\\\/muzeumvac.hu\\\/gyujtemenyek-2\\\/torteneti-gyujtemeny\\\/#breadcrumb\"},\"inLanguage\":\"en-GB\",\"potentialAction\":[{\"@type\":\"ReadAction\",\"target\":[\"https:\\\/\\\/muzeumvac.hu\\\/gyujtemenyek-2\\\/torteneti-gyujtemeny\\\/\"]}]},{\"@type\":\"BreadcrumbList\",\"@id\":\"https:\\\/\\\/muzeumvac.hu\\\/gyujtemenyek-2\\\/torteneti-gyujtemeny\\\/#breadcrumb\",\"itemListElement\":[{\"@type\":\"ListItem\",\"position\":1,\"name\":\"Kezd\u0151lap\",\"item\":\"https:\\\/\\\/muzeumvac.hu\\\/\"},{\"@type\":\"ListItem\",\"position\":2,\"name\":\"Gy\u0171jtem\u00e9nyek\",\"item\":\"https:\\\/\\\/muzeumvac.hu\\\/gyujtemenyek-2\\\/\"},{\"@type\":\"ListItem\",\"position\":3,\"name\":\"T\u00f6rt\u00e9neti gy\u0171jtem\u00e9ny\"}]},{\"@type\":\"WebSite\",\"@id\":\"https:\\\/\\\/muzeumvac.hu\\\/#website\",\"url\":\"https:\\\/\\\/muzeumvac.hu\\\/\",\"name\":\"TRAGOR IGN\u00c1C M\u00daZEUM \u2022 V\u00c1C\",\"description\":\"Egy m\u00fazeum, ezer \u00e9lm\u00e9ny!\",\"publisher\":{\"@id\":\"https:\\\/\\\/muzeumvac.hu\\\/#organization\"},\"potentialAction\":[{\"@type\":\"SearchAction\",\"target\":{\"@type\":\"EntryPoint\",\"urlTemplate\":\"https:\\\/\\\/muzeumvac.hu\\\/?s={search_term_string}\"},\"query-input\":{\"@type\":\"PropertyValueSpecification\",\"valueRequired\":true,\"valueName\":\"search_term_string\"}}],\"inLanguage\":\"en-GB\"},{\"@type\":\"Organization\",\"@id\":\"https:\\\/\\\/muzeumvac.hu\\\/#organization\",\"name\":\"TRAGOR IGN\u00c1C M\u00daZEUM \u2022 V\u00c1C\",\"url\":\"https:\\\/\\\/muzeumvac.hu\\\/\",\"logo\":{\"@type\":\"ImageObject\",\"inLanguage\":\"en-GB\",\"@id\":\"https:\\\/\\\/muzeumvac.hu\\\/#\\\/schema\\\/logo\\\/image\\\/\",\"url\":\"https:\\\/\\\/muzeumvac.hu\\\/wp-content\\\/uploads\\\/2025\\\/07\\\/tragor_ignac_logo.png\",\"contentUrl\":\"https:\\\/\\\/muzeumvac.hu\\\/wp-content\\\/uploads\\\/2025\\\/07\\\/tragor_ignac_logo.png\",\"width\":161,\"height\":126,\"caption\":\"TRAGOR IGN\u00c1C M\u00daZEUM \u2022 V\u00c1C\"},\"image\":{\"@id\":\"https:\\\/\\\/muzeumvac.hu\\\/#\\\/schema\\\/logo\\\/image\\\/\"},\"sameAs\":[\"https:\\\/\\\/www.facebook.com\\\/vac.tragorignacmuzeum\",\"https:\\\/\\\/www.instagram.com\\\/tragormuzeum\",\"https:\\\/\\\/www.youtube.com\\\/@TragorIgncMzeum-vac\"]}]}<\/script>\n<!-- \/ Yoast SEO Premium plugin. -->","yoast_head_json":{"title":"T\u00f6rt\u00e9neti gy\u0171jtem\u00e9ny - TRAGOR IGN\u00c1C M\u00daZEUM \u2022 V\u00c1C","description":"One museum, a thousand experiences!","robots":{"index":"index","follow":"follow","max-snippet":"max-snippet:-1","max-image-preview":"max-image-preview:large","max-video-preview":"max-video-preview:-1"},"canonical":"https:\/\/muzeumvac.hu\/en\/gyujtemenyek-2\/torteneti-gyujtemeny\/","og_locale":"en_GB","og_type":"article","og_title":"T\u00f6rt\u00e9neti gy\u0171jtem\u00e9ny","og_description":"Egy m\u00fazeum, ezer \u00e9lm\u00e9ny!","og_url":"https:\/\/muzeumvac.hu\/en\/gyujtemenyek-2\/torteneti-gyujtemeny\/","og_site_name":"TRAGOR IGN\u00c1C M\u00daZEUM \u2022 V\u00c1C","article_publisher":"https:\/\/www.facebook.com\/vac.tragorignacmuzeum","article_modified_time":"2025-09-11T22:40:36+00:00","twitter_card":"summary_large_image","twitter_misc":{"Estimated reading time":"5 minutes"},"schema":{"@context":"https:\/\/schema.org","@graph":[{"@type":"WebPage","@id":"https:\/\/muzeumvac.hu\/gyujtemenyek-2\/torteneti-gyujtemeny\/","url":"https:\/\/muzeumvac.hu\/gyujtemenyek-2\/torteneti-gyujtemeny\/","name":"T\u00f6rt\u00e9neti gy\u0171jtem\u00e9ny - TRAGOR IGN\u00c1C M\u00daZEUM \u2022 V\u00c1C","isPartOf":{"@id":"https:\/\/muzeumvac.hu\/#website"},"datePublished":"2025-07-05T17:14:19+00:00","dateModified":"2025-09-11T22:40:36+00:00","description":"One museum, a thousand experiences!","breadcrumb":{"@id":"https:\/\/muzeumvac.hu\/gyujtemenyek-2\/torteneti-gyujtemeny\/#breadcrumb"},"inLanguage":"en-GB","potentialAction":[{"@type":"ReadAction","target":["https:\/\/muzeumvac.hu\/gyujtemenyek-2\/torteneti-gyujtemeny\/"]}]},{"@type":"BreadcrumbList","@id":"https:\/\/muzeumvac.hu\/gyujtemenyek-2\/torteneti-gyujtemeny\/#breadcrumb","itemListElement":[{"@type":"ListItem","position":1,"name":"Kezd\u0151lap","item":"https:\/\/muzeumvac.hu\/"},{"@type":"ListItem","position":2,"name":"Gy\u0171jtem\u00e9nyek","item":"https:\/\/muzeumvac.hu\/gyujtemenyek-2\/"},{"@type":"ListItem","position":3,"name":"T\u00f6rt\u00e9neti gy\u0171jtem\u00e9ny"}]},{"@type":"WebSite","@id":"https:\/\/muzeumvac.hu\/#website","url":"https:\/\/muzeumvac.hu\/","name":"TRAGOR IGN\u00c1C M\u00daZEUM \u2022 V\u00c1C","description":"One museum, a thousand experiences!","publisher":{"@id":"https:\/\/muzeumvac.hu\/#organization"},"potentialAction":[{"@type":"SearchAction","target":{"@type":"EntryPoint","urlTemplate":"https:\/\/muzeumvac.hu\/?s={search_term_string}"},"query-input":{"@type":"PropertyValueSpecification","valueRequired":true,"valueName":"search_term_string"}}],"inLanguage":"en-GB"},{"@type":"Organization","@id":"https:\/\/muzeumvac.hu\/#organization","name":"TRAGOR IGN\u00c1C M\u00daZEUM \u2022 V\u00c1C","url":"https:\/\/muzeumvac.hu\/","logo":{"@type":"ImageObject","inLanguage":"en-GB","@id":"https:\/\/muzeumvac.hu\/#\/schema\/logo\/image\/","url":"https:\/\/muzeumvac.hu\/wp-content\/uploads\/2025\/07\/tragor_ignac_logo.png","contentUrl":"https:\/\/muzeumvac.hu\/wp-content\/uploads\/2025\/07\/tragor_ignac_logo.png","width":161,"height":126,"caption":"TRAGOR IGN\u00c1C M\u00daZEUM \u2022 V\u00c1C"},"image":{"@id":"https:\/\/muzeumvac.hu\/#\/schema\/logo\/image\/"},"sameAs":["https:\/\/www.facebook.com\/vac.tragorignacmuzeum","https:\/\/www.instagram.com\/tragormuzeum","https:\/\/www.youtube.com\/@TragorIgncMzeum-vac"]}]}},"_links":{"self":[{"href":"https:\/\/muzeumvac.hu\/en\/wp-json\/wp\/v2\/pages\/1724","targetHints":{"allow":["GET"]}}],"collection":[{"href":"https:\/\/muzeumvac.hu\/en\/wp-json\/wp\/v2\/pages"}],"about":[{"href":"https:\/\/muzeumvac.hu\/en\/wp-json\/wp\/v2\/types\/page"}],"author":[{"embeddable":true,"href":"https:\/\/muzeumvac.hu\/en\/wp-json\/wp\/v2\/users\/1"}],"replies":[{"embeddable":true,"href":"https:\/\/muzeumvac.hu\/en\/wp-json\/wp\/v2\/comments?post=1724"}],"version-history":[{"count":0,"href":"https:\/\/muzeumvac.hu\/en\/wp-json\/wp\/v2\/pages\/1724\/revisions"}],"up":[{"embeddable":true,"href":"https:\/\/muzeumvac.hu\/en\/wp-json\/wp\/v2\/pages\/1013"}],"wp:attachment":[{"href":"https:\/\/muzeumvac.hu\/en\/wp-json\/wp\/v2\/media?parent=1724"}],"curies":[{"name":"wp","href":"https:\/\/api.w.org\/{rel}","templated":true}]}}