{"id":1148,"date":"2025-06-18T18:36:42","date_gmt":"2025-06-18T16:36:42","guid":{"rendered":"https:\/\/muzeumvac.hu\/?page_id=1148"},"modified":"2026-03-23T13:49:40","modified_gmt":"2026-03-23T12:49:40","slug":"idoszaki-kiallitasok","status":"publish","type":"page","link":"https:\/\/muzeumvac.hu\/en\/kiallitasok\/idoszaki-kiallitasok\/","title":{"rendered":"Temporary Exhibitions"},"content":{"rendered":"<p>[et_pb_section fb_built=&#8221;1&#8243; _builder_version=&#8221;4.27.4&#8243; _module_preset=&#8221;default&#8221; global_colors_info=&#8221;{}&#8221;][et_pb_row column_structure=&#8221;1_3,1_3,1_3&#8243; use_custom_gutter=&#8221;on&#8221; gutter_width=&#8221;2&#8243; make_equal=&#8221;on&#8221; _builder_version=&#8221;4.27.4&#8243; _module_preset=&#8221;default&#8221; custom_margin=&#8221;0px||||false|false&#8221; global_colors_info=&#8221;{}&#8221;][et_pb_column type=&#8221;1_3&#8243; _builder_version=&#8221;4.27.4&#8243; _module_preset=&#8221;default&#8221; custom_padding=&#8221;10px|10px|10px|10px|false|false&#8221; border_width_all=&#8221;1px&#8221; border_color_all=&#8221;#D6D6D6&#8243; global_colors_info=&#8221;{}&#8221;][et_pb_blurb title=&#8221;Sajdik Ferenc 95 \u2013 A magyar karikat\u00fara mestere&#8221; image=&#8221;https:\/\/muzeumvac.hu\/wp-content\/uploads\/2025\/05\/gyujtemenyek.jpg&#8221; _builder_version=&#8221;4.27.4&#8243; _module_preset=&#8221;default&#8221; header_line_height=&#8221;1.4em&#8221; global_colors_info=&#8221;{}&#8221;]<\/p>\n<p>Pann\u00f3nia H\u00e1z \u2022 Sajdik Gy\u0171jtem\u00e9ny<\/p>\n<p><strong>2025. m\u00e1jus 9. \u2013 2026. \u00e1prilis 18.<\/strong><\/p>\n<p>Sajdik Ferenc, Kossuth- \u00e9s Munk\u00e1csy-d\u00edjas grafikus, karikaturista \u00e9letm\u0171 ki\u00e1ll\u00edt\u00e1sa. A Ludas Matyi hetilap, a Pom Pom mes\u00e9k \u00e9s megannyi humoros illusztr\u00e1ci\u00f3 k\u00e9sz\u00edt\u0151je most teljes \u00e9letm\u0171v\u00e9be enged betekint\u00e9st. Gyerekkori rajzok, szem\u00e9lyes eml\u00e9kek, k\u00f6nyvillusztr\u00e1ci\u00f3k, rekl\u00e1mtervek a m\u0171v\u00e9sz sz\u00ednes \u00e9s szellemes st\u00edlus\u00e1ban.\u00a0<\/p>\n<p>&nbsp;<\/p>\n<p>[\/et_pb_blurb][et_pb_image src=&#8221;https:\/\/muzeumvac.hu\/wp-content\/uploads\/2026\/03\/DSCN2686.jpg&#8221; title_text=&#8221;DSCN2686&#8243; _builder_version=&#8221;4.27.6&#8243; _module_preset=&#8221;default&#8221; global_colors_info=&#8221;{}&#8221;][\/et_pb_image][et_pb_blurb title=&#8221;K\u00e9zzelfoghat\u00f3 \u00e9n &#8211; K\u00f3kai Mimi \u00e9letm\u0171ve&#8221; _builder_version=&#8221;4.27.5&#8243; _module_preset=&#8221;default&#8221; header_line_height=&#8221;1.4em&#8221; global_colors_info=&#8221;{}&#8221;]<\/p>\n<p>Pann\u00f3nia H\u00e1z<\/p>\n<p><strong>2026. m\u00e1jus 7. \u2013 2026. j\u00falius 05.<\/strong><\/p>\n<p>K\u00f3kai Mimi ker\u00e1mi\u00e1i a kort\u00e1rs plasztika remekei: az anyag itt nemcsak hordoz\u00f3, hanem akt\u00edv r\u00e9sztvev\u0151. M\u0171vei testi-lelki tapasztalatok s\u0171r\u00edtm\u00e9nyei, a bels\u0151 folyamatok \u00e9l\u0151 lenyomatai.<\/p>\n<p>A megnyit\u00f3 d\u00e1tuma: 2026.05.07.<\/p>\n<p>A ki\u00e1ll\u00edt\u00e1s helysz\u00edne: TIM &#8211; Pann\u00f3nia H\u00e1z<\/p>\n<p>&nbsp;<\/p>\n<p>&nbsp;<\/p>\n<p>[\/et_pb_blurb][\/et_pb_column][et_pb_column type=&#8221;1_3&#8243; _builder_version=&#8221;4.27.4&#8243; _module_preset=&#8221;default&#8221; custom_padding=&#8221;10px|10px|10px|10px|false|false&#8221; border_width_all=&#8221;1px&#8221; border_color_all=&#8221;#D6D6D6&#8243; global_colors_info=&#8221;{}&#8221;][et_pb_blurb title=&#8221;Kort\u00e1rs V\u00edzjelek &#8211; Akvarell vari\u00e1ci\u00f3k&#8221; image=&#8221;https:\/\/muzeumvac.hu\/wp-content\/uploads\/2026\/03\/Honlapra-400400.jpg&#8221; _builder_version=&#8221;4.27.6&#8243; _module_preset=&#8221;default&#8221; header_line_height=&#8221;1.4em&#8221; hover_enabled=&#8221;0&#8243; global_colors_info=&#8221;{}&#8221; sticky_enabled=&#8221;0&#8243;]<\/p>\n<p>K\u00e9k H\u00e1z \u2022 Elef\u00e1ntos H\u00e1z<\/p>\n<p><strong>2026. m\u00e1rcius 21. \u2013 2026. m\u00e1jus 24.<\/strong><\/p>\n<p><span>A t\u00e1rlaton szerepl\u0151 orsz\u00e1gosan is elismert, V\u00e1con \u00e9s k\u00f6rny\u00e9k\u00e9n alkot\u00f3 akvarellist\u00e1k a technika teljes spektrum\u00e1t t\u00e1rj\u00e1k el\u00e9nk festm\u00e9nyeiken. A realizmus klasszikus sz\u00e9ps\u00e9g\u00e9t\u0151l az absztrakci\u00f3 elgondolkodtat\u00f3 formajegyein \u00e1t lehet\u0151s\u00e9g\u00fcnk ny\u00edlik, hogy tekintet\u00fcnket a k\u00fclvil\u00e1gt\u00f3l a bels\u0151 val\u00f3s\u00e1gunk fel\u00e9 ford\u00edtsuk.<\/span><\/p>\n<p>A ki\u00e1ll\u00edt\u00f3 m\u0171v\u00e9szek nevei:<\/p>\n<p>Adorj\u00e1n Attila<br \/>Balogh Gyula<br \/>Bodor Zolt\u00e1n<br \/>Chilf M\u00e1ria<br \/>Enzs\u00f6ly Kinga<br \/>Fuchs Lehel<br \/>Orr Andr\u00e1s<br \/>Orvos Andr\u00e1s<br \/>T\u00f3th Angelika<\/p>\n<p>[\/et_pb_blurb][\/et_pb_column][et_pb_column type=&#8221;1_3&#8243; _builder_version=&#8221;4.27.4&#8243; _module_preset=&#8221;default&#8221; global_colors_info=&#8221;{}&#8221;][et_pb_image src=&#8221;https:\/\/muzeumvac.hu\/wp-content\/uploads\/2026\/03\/Honlapra-400400-13.jpg&#8221; title_text=&#8221;Honlapra 400400 (13)&#8221; _builder_version=&#8221;4.27.6&#8243; _module_preset=&#8221;default&#8221; global_colors_info=&#8221;{}&#8221;][\/et_pb_image][et_pb_blurb title=&#8221;K\u00f6z\u00f6s forr\u00e1s &#8211; K\u00e9t alkot\u00f3i \u00fat Ipolys\u00e1gr\u00f3l &#8221; _builder_version=&#8221;4.27.5&#8243; _module_preset=&#8221;default&#8221; header_line_height=&#8221;1.4em&#8221; global_colors_info=&#8221;{}&#8221;]<\/p>\n<p>Elef\u00e1ntos H\u00e1z \u2022 K\u00e9k Gal\u00e9ria<\/p>\n<p><strong>2026. m\u00e1rcius 25. \u2013 2026. m\u00e1jus 03.<\/strong><\/p>\n<p>Ipolys\u00e1g nem csup\u00e1n v\u00e1ros, hanem m\u0171v\u00e9szi forr\u00e1s is: egy szellemi \u00e9s vizu\u00e1lis t\u00e9r, amelyb\u0151l k\u00f6z\u00f6sen fakad Czibulya L\u00edvia enkausztika fest\u0151 \u00e9s Antal G\u00e1bor grafikusm\u0171v\u00e9sz alkot\u00f3 ereje is.\u00a0Az Ipoly menti t\u00e1j inspir\u00e1lta \u00e9lm\u00e9nyek elt\u00e9r\u0151 m\u0171v\u00e9szi nyelven, m\u00e9gis rokon \u00e9rz\u00e9kenys\u00e9ggel \u00e1radnak m\u0171veikb\u0151l. A ki\u00e1ll\u00edt\u00e1s k\u00f6z\u00f6s gy\u00f6kerekb\u0151l kibontakoz\u00f3 egyedi m\u0171v\u00e9szi hang megsz\u00fclet\u00e9s\u00e9t t\u00e1rja a l\u00e1togat\u00f3k el\u00e9.<\/p>\n<p>&nbsp;<\/p>\n<p>A megnyit\u00f3 d\u00e1tuma: 2026.03.25. 16:00<\/p>\n<p>K\u00f6sz\u00f6nt\u0151t mond:<\/p>\n<p>Ing.\u00a0 Zachar P\u00e1l, Ipolys\u00e1g v\u00e1ros polg\u00e1rmestere<\/p>\n<p>Matkovich Ilona, V\u00e1c v\u00e1ros polg\u00e1rmestere<\/p>\n<p>Megnyitja<\/p>\n<p>Mgr. P\u00e1link\u00e1s Tibor, Honti M\u00fazeum igazgat\u00f3ja<\/p>\n<p>&nbsp;<\/p>\n<p>&nbsp;<\/p>\n<p>[\/et_pb_blurb][\/et_pb_column][\/et_pb_row][et_pb_row _builder_version=&#8221;4.27.4&#8243; _module_preset=&#8221;default&#8221; global_colors_info=&#8221;{}&#8221;][et_pb_column type=&#8221;4_4&#8243; _builder_version=&#8221;4.27.4&#8243; _module_preset=&#8221;default&#8221; global_colors_info=&#8221;{}&#8221;][et_pb_icon font_icon=&#8221;&#x23;||divi||400&#8243; url=&#8221;@ET-DC@eyJkeW5hbWljIjp0cnVlLCJjb250ZW50IjoicG9zdF9saW5rX3VybF9wYWdlIiwic2V0dGluZ3MiOnsicG9zdF9pZCI6IjExMSJ9fQ==@&#8221; align=&#8221;right&#8221; _builder_version=&#8221;4.27.4&#8243; _dynamic_attributes=&#8221;url&#8221; _module_preset=&#8221;default&#8221; locked=&#8221;off&#8221; global_colors_info=&#8221;{}&#8221;][\/et_pb_icon][\/et_pb_column][\/et_pb_row][\/et_pb_section][et_pb_section fb_built=&#8221;1&#8243; _builder_version=&#8221;4.27.5&#8243; _module_preset=&#8221;default&#8221; global_colors_info=&#8221;{}&#8221;][et_pb_row _builder_version=&#8221;4.27.5&#8243; _module_preset=&#8221;default&#8221; global_colors_info=&#8221;{}&#8221;][et_pb_column type=&#8221;4_4&#8243; _builder_version=&#8221;4.27.5&#8243; _module_preset=&#8221;default&#8221; global_colors_info=&#8221;{}&#8221;][\/et_pb_column][\/et_pb_row][\/et_pb_section]<\/p>\n","protected":false},"excerpt":{"rendered":"<p>Pann\u00f3nia H\u00e1z \u2022 Sajdik Gy\u0171jtem\u00e9ny 2025. m\u00e1jus 9. \u2013 2026. \u00e1prilis 18. Sajdik Ferenc, Kossuth- \u00e9s Munk\u00e1csy-d\u00edjas grafikus, karikaturista \u00e9letm\u0171 ki\u00e1ll\u00edt\u00e1sa. A Ludas Matyi hetilap, a Pom Pom mes\u00e9k \u00e9s [&hellip;]<\/p>\n","protected":false},"author":1,"featured_media":0,"parent":111,"menu_order":0,"comment_status":"closed","ping_status":"closed","template":"","meta":{"_et_pb_use_builder":"on","_et_pb_old_content":"","_et_gb_content_width":"","footnotes":""},"class_list":["post-1148","page","type-page","status-publish","hentry"],"yoast_head":"<!-- This site is optimized with the Yoast SEO Premium plugin v27.3 (Yoast SEO v27.3) - https:\/\/yoast.com\/product\/yoast-seo-premium-wordpress\/ -->\n<title>Id\u0151szaki ki\u00e1ll\u00edt\u00e1sok - TRAGOR IGN\u00c1C M\u00daZEUM \u2022 V\u00c1C<\/title>\n<meta name=\"description\" content=\"Egy m\u00fazeum, ezer \u00e9lm\u00e9ny!\" \/>\n<meta name=\"robots\" content=\"index, follow, max-snippet:-1, max-image-preview:large, max-video-preview:-1\" \/>\n<link rel=\"canonical\" href=\"https:\/\/muzeumvac.hu\/en\/kiallitasok\/idoszaki-kiallitasok\/\" \/>\n<meta property=\"og:locale\" content=\"en_GB\" \/>\n<meta property=\"og:type\" content=\"article\" \/>\n<meta property=\"og:title\" content=\"Id\u0151szaki ki\u00e1ll\u00edt\u00e1sok\" \/>\n<meta property=\"og:description\" content=\"Egy m\u00fazeum, ezer \u00e9lm\u00e9ny!\" \/>\n<meta property=\"og:url\" content=\"https:\/\/muzeumvac.hu\/en\/kiallitasok\/idoszaki-kiallitasok\/\" \/>\n<meta property=\"og:site_name\" content=\"TRAGOR IGN\u00c1C M\u00daZEUM \u2022 V\u00c1C\" \/>\n<meta property=\"article:publisher\" content=\"https:\/\/www.facebook.com\/vac.tragorignacmuzeum\" \/>\n<meta property=\"article:modified_time\" content=\"2026-03-23T12:49:40+00:00\" \/>\n<meta name=\"twitter:card\" content=\"summary_large_image\" \/>\n<meta name=\"twitter:label1\" content=\"Estimated reading time\" \/>\n\t<meta name=\"twitter:data1\" content=\"4 minutes\" \/>\n<script type=\"application\/ld+json\" class=\"yoast-schema-graph\">{\"@context\":\"https:\\\/\\\/schema.org\",\"@graph\":[{\"@type\":\"WebPage\",\"@id\":\"https:\\\/\\\/muzeumvac.hu\\\/kiallitasok\\\/idoszaki-kiallitasok\\\/\",\"url\":\"https:\\\/\\\/muzeumvac.hu\\\/kiallitasok\\\/idoszaki-kiallitasok\\\/\",\"name\":\"Id\u0151szaki ki\u00e1ll\u00edt\u00e1sok - TRAGOR IGN\u00c1C M\u00daZEUM \u2022 V\u00c1C\",\"isPartOf\":{\"@id\":\"https:\\\/\\\/muzeumvac.hu\\\/#website\"},\"datePublished\":\"2025-06-18T16:36:42+00:00\",\"dateModified\":\"2026-03-23T12:49:40+00:00\",\"description\":\"Egy m\u00fazeum, ezer \u00e9lm\u00e9ny!\",\"breadcrumb\":{\"@id\":\"https:\\\/\\\/muzeumvac.hu\\\/kiallitasok\\\/idoszaki-kiallitasok\\\/#breadcrumb\"},\"inLanguage\":\"en-GB\",\"potentialAction\":[{\"@type\":\"ReadAction\",\"target\":[\"https:\\\/\\\/muzeumvac.hu\\\/kiallitasok\\\/idoszaki-kiallitasok\\\/\"]}]},{\"@type\":\"BreadcrumbList\",\"@id\":\"https:\\\/\\\/muzeumvac.hu\\\/kiallitasok\\\/idoszaki-kiallitasok\\\/#breadcrumb\",\"itemListElement\":[{\"@type\":\"ListItem\",\"position\":1,\"name\":\"Kezd\u0151lap\",\"item\":\"https:\\\/\\\/muzeumvac.hu\\\/\"},{\"@type\":\"ListItem\",\"position\":2,\"name\":\"Ki\u00e1ll\u00edt\u00e1sok\",\"item\":\"https:\\\/\\\/muzeumvac.hu\\\/kiallitasok\\\/\"},{\"@type\":\"ListItem\",\"position\":3,\"name\":\"Id\u0151szaki ki\u00e1ll\u00edt\u00e1sok\"}]},{\"@type\":\"WebSite\",\"@id\":\"https:\\\/\\\/muzeumvac.hu\\\/#website\",\"url\":\"https:\\\/\\\/muzeumvac.hu\\\/\",\"name\":\"TRAGOR IGN\u00c1C M\u00daZEUM \u2022 V\u00c1C\",\"description\":\"Egy m\u00fazeum, ezer \u00e9lm\u00e9ny!\",\"publisher\":{\"@id\":\"https:\\\/\\\/muzeumvac.hu\\\/#organization\"},\"potentialAction\":[{\"@type\":\"SearchAction\",\"target\":{\"@type\":\"EntryPoint\",\"urlTemplate\":\"https:\\\/\\\/muzeumvac.hu\\\/?s={search_term_string}\"},\"query-input\":{\"@type\":\"PropertyValueSpecification\",\"valueRequired\":true,\"valueName\":\"search_term_string\"}}],\"inLanguage\":\"en-GB\"},{\"@type\":\"Organization\",\"@id\":\"https:\\\/\\\/muzeumvac.hu\\\/#organization\",\"name\":\"TRAGOR IGN\u00c1C M\u00daZEUM \u2022 V\u00c1C\",\"url\":\"https:\\\/\\\/muzeumvac.hu\\\/\",\"logo\":{\"@type\":\"ImageObject\",\"inLanguage\":\"en-GB\",\"@id\":\"https:\\\/\\\/muzeumvac.hu\\\/#\\\/schema\\\/logo\\\/image\\\/\",\"url\":\"https:\\\/\\\/muzeumvac.hu\\\/wp-content\\\/uploads\\\/2025\\\/07\\\/tragor_ignac_logo.png\",\"contentUrl\":\"https:\\\/\\\/muzeumvac.hu\\\/wp-content\\\/uploads\\\/2025\\\/07\\\/tragor_ignac_logo.png\",\"width\":161,\"height\":126,\"caption\":\"TRAGOR IGN\u00c1C M\u00daZEUM \u2022 V\u00c1C\"},\"image\":{\"@id\":\"https:\\\/\\\/muzeumvac.hu\\\/#\\\/schema\\\/logo\\\/image\\\/\"},\"sameAs\":[\"https:\\\/\\\/www.facebook.com\\\/vac.tragorignacmuzeum\",\"https:\\\/\\\/www.instagram.com\\\/tragormuzeum\",\"https:\\\/\\\/www.youtube.com\\\/@TragorIgncMzeum-vac\"]}]}<\/script>\n<!-- \/ Yoast SEO Premium plugin. -->","yoast_head_json":{"title":"Id\u0151szaki ki\u00e1ll\u00edt\u00e1sok - TRAGOR IGN\u00c1C M\u00daZEUM \u2022 V\u00c1C","description":"One museum, a thousand experiences!","robots":{"index":"index","follow":"follow","max-snippet":"max-snippet:-1","max-image-preview":"max-image-preview:large","max-video-preview":"max-video-preview:-1"},"canonical":"https:\/\/muzeumvac.hu\/en\/kiallitasok\/idoszaki-kiallitasok\/","og_locale":"en_GB","og_type":"article","og_title":"Id\u0151szaki ki\u00e1ll\u00edt\u00e1sok","og_description":"Egy m\u00fazeum, ezer \u00e9lm\u00e9ny!","og_url":"https:\/\/muzeumvac.hu\/en\/kiallitasok\/idoszaki-kiallitasok\/","og_site_name":"TRAGOR IGN\u00c1C M\u00daZEUM \u2022 V\u00c1C","article_publisher":"https:\/\/www.facebook.com\/vac.tragorignacmuzeum","article_modified_time":"2026-03-23T12:49:40+00:00","twitter_card":"summary_large_image","twitter_misc":{"Estimated reading time":"4 minutes"},"schema":{"@context":"https:\/\/schema.org","@graph":[{"@type":"WebPage","@id":"https:\/\/muzeumvac.hu\/kiallitasok\/idoszaki-kiallitasok\/","url":"https:\/\/muzeumvac.hu\/kiallitasok\/idoszaki-kiallitasok\/","name":"Id\u0151szaki ki\u00e1ll\u00edt\u00e1sok - TRAGOR IGN\u00c1C M\u00daZEUM \u2022 V\u00c1C","isPartOf":{"@id":"https:\/\/muzeumvac.hu\/#website"},"datePublished":"2025-06-18T16:36:42+00:00","dateModified":"2026-03-23T12:49:40+00:00","description":"One museum, a thousand experiences!","breadcrumb":{"@id":"https:\/\/muzeumvac.hu\/kiallitasok\/idoszaki-kiallitasok\/#breadcrumb"},"inLanguage":"en-GB","potentialAction":[{"@type":"ReadAction","target":["https:\/\/muzeumvac.hu\/kiallitasok\/idoszaki-kiallitasok\/"]}]},{"@type":"BreadcrumbList","@id":"https:\/\/muzeumvac.hu\/kiallitasok\/idoszaki-kiallitasok\/#breadcrumb","itemListElement":[{"@type":"ListItem","position":1,"name":"Kezd\u0151lap","item":"https:\/\/muzeumvac.hu\/"},{"@type":"ListItem","position":2,"name":"Ki\u00e1ll\u00edt\u00e1sok","item":"https:\/\/muzeumvac.hu\/kiallitasok\/"},{"@type":"ListItem","position":3,"name":"Id\u0151szaki ki\u00e1ll\u00edt\u00e1sok"}]},{"@type":"WebSite","@id":"https:\/\/muzeumvac.hu\/#website","url":"https:\/\/muzeumvac.hu\/","name":"TRAGOR IGN\u00c1C M\u00daZEUM \u2022 V\u00c1C","description":"One museum, a thousand experiences!","publisher":{"@id":"https:\/\/muzeumvac.hu\/#organization"},"potentialAction":[{"@type":"SearchAction","target":{"@type":"EntryPoint","urlTemplate":"https:\/\/muzeumvac.hu\/?s={search_term_string}"},"query-input":{"@type":"PropertyValueSpecification","valueRequired":true,"valueName":"search_term_string"}}],"inLanguage":"en-GB"},{"@type":"Organization","@id":"https:\/\/muzeumvac.hu\/#organization","name":"TRAGOR IGN\u00c1C M\u00daZEUM \u2022 V\u00c1C","url":"https:\/\/muzeumvac.hu\/","logo":{"@type":"ImageObject","inLanguage":"en-GB","@id":"https:\/\/muzeumvac.hu\/#\/schema\/logo\/image\/","url":"https:\/\/muzeumvac.hu\/wp-content\/uploads\/2025\/07\/tragor_ignac_logo.png","contentUrl":"https:\/\/muzeumvac.hu\/wp-content\/uploads\/2025\/07\/tragor_ignac_logo.png","width":161,"height":126,"caption":"TRAGOR IGN\u00c1C M\u00daZEUM \u2022 V\u00c1C"},"image":{"@id":"https:\/\/muzeumvac.hu\/#\/schema\/logo\/image\/"},"sameAs":["https:\/\/www.facebook.com\/vac.tragorignacmuzeum","https:\/\/www.instagram.com\/tragormuzeum","https:\/\/www.youtube.com\/@TragorIgncMzeum-vac"]}]}},"_links":{"self":[{"href":"https:\/\/muzeumvac.hu\/en\/wp-json\/wp\/v2\/pages\/1148","targetHints":{"allow":["GET"]}}],"collection":[{"href":"https:\/\/muzeumvac.hu\/en\/wp-json\/wp\/v2\/pages"}],"about":[{"href":"https:\/\/muzeumvac.hu\/en\/wp-json\/wp\/v2\/types\/page"}],"author":[{"embeddable":true,"href":"https:\/\/muzeumvac.hu\/en\/wp-json\/wp\/v2\/users\/1"}],"replies":[{"embeddable":true,"href":"https:\/\/muzeumvac.hu\/en\/wp-json\/wp\/v2\/comments?post=1148"}],"version-history":[{"count":12,"href":"https:\/\/muzeumvac.hu\/en\/wp-json\/wp\/v2\/pages\/1148\/revisions"}],"predecessor-version":[{"id":6115,"href":"https:\/\/muzeumvac.hu\/en\/wp-json\/wp\/v2\/pages\/1148\/revisions\/6115"}],"up":[{"embeddable":true,"href":"https:\/\/muzeumvac.hu\/en\/wp-json\/wp\/v2\/pages\/111"}],"wp:attachment":[{"href":"https:\/\/muzeumvac.hu\/en\/wp-json\/wp\/v2\/media?parent=1148"}],"curies":[{"name":"wp","href":"https:\/\/api.w.org\/{rel}","templated":true}]}}