{"id":1136,"date":"2025-06-18T18:18:49","date_gmt":"2025-06-18T16:18:49","guid":{"rendered":"https:\/\/muzeumvac.hu\/?page_id=1136"},"modified":"2025-07-07T00:51:12","modified_gmt":"2025-07-06T22:51:12","slug":"regeszeti-kiallitas","status":"publish","type":"page","link":"https:\/\/muzeumvac.hu\/en\/kiallitasok\/allando-kiallitasok\/regeszeti-kiallitas\/","title":{"rendered":"Archaeological Exhibition"},"content":{"rendered":"<p>[et_pb_section fb_built=&#8221;1&#8243; _builder_version=&#8221;4.27.4&#8243; _module_preset=&#8221;default&#8221; global_colors_info=&#8221;{}&#8221;][et_pb_row _builder_version=&#8221;4.27.4&#8243; _module_preset=&#8221;default&#8221; global_colors_info=&#8221;{}&#8221;][et_pb_column type=&#8221;4_4&#8243; _builder_version=&#8221;4.27.4&#8243; _module_preset=&#8221;default&#8221; global_colors_info=&#8221;{}&#8221;][et_pb_image src=&#8221;https:\/\/muzeumvac.hu\/wp-content\/uploads\/2025\/07\/latogatas-szent-mihaly-altemplom-min.jpg&#8221; _builder_version=&#8221;4.27.4&#8243; _module_preset=&#8221;default&#8221; hover_enabled=&#8221;0&#8243; global_colors_info=&#8221;{}&#8221; title_text=&#8221;latogatas-szent-mihaly-altemplom -min&#8221; sticky_enabled=&#8221;0&#8243;][\/et_pb_image][\/et_pb_column][\/et_pb_row][et_pb_row column_structure=&#8221;2_5,3_5&#8243; _builder_version=&#8221;4.27.4&#8243; _module_preset=&#8221;default&#8221; global_colors_info=&#8221;{}&#8221;][et_pb_column type=&#8221;2_5&#8243; _builder_version=&#8221;4.27.4&#8243; _module_preset=&#8221;default&#8221; global_colors_info=&#8221;{}&#8221;][et_pb_heading title=&#8221;R\u00e9g\u00e9szeti ki\u00e1ll\u00edt\u00e1s&#8221; _builder_version=&#8221;4.27.4&#8243; _module_preset=&#8221;default&#8221; global_colors_info=&#8221;{}&#8221;][\/et_pb_heading][et_pb_text _builder_version=&#8221;4.27.4&#8243; _module_preset=&#8221;default&#8221; global_colors_info=&#8221;{}&#8221;]<\/p>\n<p>Szent Mih\u00e1ly Altemplom<br \/>V\u00e1c, M\u00e1rcius 15. t\u00e9r k\u00f6zepe<\/p>\n<p>[\/et_pb_text][et_pb_text _builder_version=&#8221;4.27.4&#8243; _module_preset=&#8221;default&#8221; global_colors_info=&#8221;{}&#8221;]<\/p>\n<p><strong>A M\u00e1rcius 15. t\u00e9r fel\u00faj\u00edt\u00e1s\u00e1t alapos r\u00e9g\u00e9szeti \u00e1sat\u00e1s el\u0151zte meg, melynek sor\u00e1n a hajdani n\u00e9met v\u00e1ros az \u00e9vsz\u00e1zadok alatt sokszor \u00e1t\u00e9p\u00edtett templom\u00e1nak romjai \u00e9s \u00e9rt\u00e9kes leletek, pl. faragott s\u00edrk\u00f6vek ker\u00fcltek el\u0151.<\/strong><\/p>\n<p>[\/et_pb_text][\/et_pb_column][et_pb_column type=&#8221;3_5&#8243; _builder_version=&#8221;4.27.4&#8243; _module_preset=&#8221;default&#8221; global_colors_info=&#8221;{}&#8221;][et_pb_text _builder_version=&#8221;4.27.4&#8243; _module_preset=&#8221;default&#8221; global_colors_info=&#8221;{}&#8221;]<\/p>\n<p>V\u00e1c mai f\u0151tere hely\u00e9n m\u00e1r a magyar honfoglal\u00e1s idej\u00e9n is telep\u00fcl\u00e9s \u00e1llt. A mai F\u0151t\u00e9r hely\u00e9n az itt \u00e9l\u0151k egy feltehet\u0151en szer\u00e9ny egyh\u00e1zat \u00e9p\u00edtettek a 11. vagy 12. sz\u00e1zadban. Ennek az \u00e9p\u00fcletnek egyetlen r\u00e9szlete sem ker\u00fclt el\u0151, csak a hozz\u00e1 tartoz\u00f3 temet\u0151 n\u00e9h\u00e1ny felt\u00e1rt s\u00edrja bizony\u00edtja l\u00e9tez\u00e9s\u00e9t. A V\u00e1cot 1241-ben feld\u00fal\u00f3 mongolok elvonul\u00e1sa ut\u00e1n a 13. m\u00e1sodik fel\u00e9ben n\u00e9metek k\u00f6lt\u00f6ztek V\u00e1c ezen v\u00e1rosr\u00e9sz\u00e9be. A bek\u00f6lt\u00f6z\u0151k a r\u00e9gi egyh\u00e1z hely\u00e9n l\u00e9tes\u00edtett\u00e9k a Szent Mih\u00e1ly-templomot \u00e9s temet\u0151j\u00e9t, melyek 1319-ben szerepelnek els\u0151k\u00e9nt okleveles forr\u00e1sban. E korai, feltehet\u0151en k\u00e9s\u0151rom\u00e1n st\u00edlus\u00fa \u00e9p\u00fclet alapfalaib\u00f3l olyan kev\u00e9s ker\u00fclt el\u0151, hogy pontos alaprajz\u00e1t nem tudjuk megrajzolni.<\/p>\n<p>A XIV. sz\u00e1zad v\u00e9g\u00e9n vagy a XV. sz\u00e1zadban a g\u00f3tika idej\u00e9n teljesen \u00e1t\u00e9p\u00edtett\u00e9k, megnagyobb\u00edtott\u00e1k. A XVI. sz\u00e1zad k\u00f6zep\u00e9ig m\u00e9g t\u00f6bb kisebb \u00e1t\u00e9p\u00edt\u00e9s t\u00f6rt\u00e9nt, melyekre a napvil\u00e1gra ker\u00fclt t\u00f6red\u00e9kes faragott k\u00f6vek utalnak. A t\u00f6r\u00f6k\u00f6k 1544-ben foglalt\u00e1k el els\u0151 \u00edzben V\u00e1cot, \u00e9s csak 1685-ben siker\u00fclt v\u00e9gleg el\u0171zni \u0151ket. Egy 1570 t\u00e1j\u00e1r\u00f3l sz\u00e1rmaz\u00f3 t\u00f6r\u00f6k h\u00e1z\u00f6ssze\u00edr\u00e1sb\u00f3l tudjuk, hogy az akkori f\u0151t\u00e9ren a Szent Mih\u00e1ly-templom k\u00f6r\u00fcli temet\u0151 romladoz\u00f3 k\u0151fala mellett, annak k\u00fcls\u0151 oldal\u00e1n t\u00f6bb t\u00f6r\u00f6k bolt \u00e1llt, t\u0151l\u00fck n\u00e9h\u00e1ny l\u00e9p\u00e9snyire pedig a piac t\u00f6bbi boltja helyezkedett el.<\/p>\n<p>A templomot a mohamed\u00e1nok meghagyt\u00e1k a kereszt\u00e9nyek kez\u00e9n, akik pl. 1669 t\u00e1j\u00e1n m\u00e9g egy \u00faj toronnyal is b\u0151v\u00edthett\u00e9k azt. Az oszm\u00e1n h\u00f3d\u00edt\u00f3k ki\u0171z\u00e9se ut\u00e1n a templomot a v\u00e1ci katolikusok elvett\u00e9k az azt r\u00e9g\u00f3ta haszn\u00e1l\u00f3 protest\u00e1nsokt\u00f3l \u00e9s a harcokban elpusztult sz\u00e9kesegyh\u00e1z helyett p\u00fcsp\u00f6ki sz\u00e9khelyk\u00e9nt haszn\u00e1lt\u00e1k. Az 1755 ut\u00e1ni \u00e9vekben elbontott\u00e1k a k\u00f6z\u00e9pkori k\u00e9s\u0151 g\u00f3tikus szent\u00e9lyt \u00e9s a g\u00f3tikus haj\u00f3 keleti r\u00e9sz\u00e9t, majd ezek hely\u00e9n vastag, robosztus alapokkal a k\u00f6z\u00e9pkorin\u00e1l j\u00f3val sz\u00e9lesebb \u00e9s hosszabb bazilika \u00e9p\u00edt\u00e9s\u00e9t kezdt\u00e9k meg.<\/p>\n<p>A felt\u00e1r\u00e1s sor\u00e1n a keleti oldalon ezek a \u2013 nagyr\u00e9szt t\u00e9gla \u2013 barokk alapfalak \u00e9s egy altemplom r\u00e9szei ker\u00fcltek el\u0151. A haj\u00f3 nyugati r\u00e9sz\u00e9n a barokk idej\u00e9n csak apr\u00f3 \u00e1talak\u00edt\u00e1sokat v\u00e9geztek. A tervezett bazilika teljes fel\u00e9p\u00edt\u00e9s\u00e9re nem ker\u00fclt sor, mivel az \u00faj p\u00fcsp\u00f6k 1760 t\u00e1j\u00e1n le\u00e1ll\u00edtatta az \u00e9p\u00edtkez\u00e9st, a templom \u00faj \u00e9s r\u00e9gi falait, valamint a temet\u0151ker\u00edt\u00e9st egyar\u00e1nt lebontatta, \u00e9s a maradv\u00e1nyokat betemettette. A leleteket bemutat\u00f3 ki\u00e1ll\u00edt\u00e1s a M\u00e1rcius 15 t\u00e9r k\u00f6zep\u00e9n, a templom altemplom\u00e1ban kialak\u00edt\u00e1sra ker\u00fclt ki\u00e1ll\u00edt\u00f3helyen tekinthet\u0151 meg.<\/p>\n<p>[\/et_pb_text][\/et_pb_column][\/et_pb_row][et_pb_row _builder_version=&#8221;4.27.4&#8243; _module_preset=&#8221;default&#8221; global_colors_info=&#8221;{}&#8221;][et_pb_column type=&#8221;4_4&#8243; _builder_version=&#8221;4.27.4&#8243; _module_preset=&#8221;default&#8221; global_colors_info=&#8221;{}&#8221;][et_pb_gallery gallery_ids=&#8221;2042,1974,437,2098&#8243; _builder_version=&#8221;4.27.4&#8243; _module_preset=&#8221;default&#8221; hover_enabled=&#8221;0&#8243; global_colors_info=&#8221;{}&#8221; show_title_and_caption=&#8221;off&#8221; sticky_enabled=&#8221;0&#8243;][\/et_pb_gallery][\/et_pb_column][\/et_pb_row][et_pb_row _builder_version=&#8221;4.27.4&#8243; _module_preset=&#8221;default&#8221; global_colors_info=&#8221;{}&#8221;][et_pb_column type=&#8221;4_4&#8243; _builder_version=&#8221;4.27.4&#8243; _module_preset=&#8221;default&#8221; global_colors_info=&#8221;{}&#8221;][et_pb_icon font_icon=&#8221;&#x23;||divi||400&#8243; url=&#8221;@ET-DC@eyJkeW5hbWljIjp0cnVlLCJjb250ZW50IjoicG9zdF9saW5rX3VybF9wYWdlIiwic2V0dGluZ3MiOnsicG9zdF9pZCI6IjcyNyJ9fQ==@&#8221; align=&#8221;right&#8221; _builder_version=&#8221;4.27.4&#8243; _dynamic_attributes=&#8221;url&#8221; _module_preset=&#8221;default&#8221; global_colors_info=&#8221;{}&#8221;][\/et_pb_icon][\/et_pb_column][\/et_pb_row][\/et_pb_section]<\/p>\n","protected":false},"excerpt":{"rendered":"<p>Szent Mih\u00e1ly AltemplomV\u00e1c, M\u00e1rcius 15. t\u00e9r k\u00f6zepeA M\u00e1rcius 15. t\u00e9r fel\u00faj\u00edt\u00e1s\u00e1t alapos r\u00e9g\u00e9szeti \u00e1sat\u00e1s el\u0151zte meg, melynek sor\u00e1n a hajdani n\u00e9met v\u00e1ros az \u00e9vsz\u00e1zadok alatt sokszor \u00e1t\u00e9p\u00edtett templom\u00e1nak romjai \u00e9s [&hellip;]<\/p>\n","protected":false},"author":1,"featured_media":0,"parent":727,"menu_order":0,"comment_status":"closed","ping_status":"closed","template":"","meta":{"_et_pb_use_builder":"on","_et_pb_old_content":"","_et_gb_content_width":"","footnotes":""},"class_list":["post-1136","page","type-page","status-publish","hentry"],"yoast_head":"<!-- This site is optimized with the Yoast SEO Premium plugin v27.3 (Yoast SEO v27.3) - https:\/\/yoast.com\/product\/yoast-seo-premium-wordpress\/ -->\n<title>R\u00e9g\u00e9szeti ki\u00e1ll\u00edt\u00e1s - TRAGOR IGN\u00c1C M\u00daZEUM \u2022 V\u00c1C<\/title>\n<meta name=\"description\" content=\"Egy m\u00fazeum, ezer \u00e9lm\u00e9ny!\" \/>\n<meta name=\"robots\" content=\"index, follow, max-snippet:-1, max-image-preview:large, max-video-preview:-1\" \/>\n<link rel=\"canonical\" href=\"https:\/\/muzeumvac.hu\/en\/kiallitasok\/allando-kiallitasok\/regeszeti-kiallitas\/\" \/>\n<meta property=\"og:locale\" content=\"en_GB\" \/>\n<meta property=\"og:type\" content=\"article\" \/>\n<meta property=\"og:title\" content=\"R\u00e9g\u00e9szeti ki\u00e1ll\u00edt\u00e1s\" \/>\n<meta property=\"og:description\" content=\"Egy m\u00fazeum, ezer \u00e9lm\u00e9ny!\" \/>\n<meta property=\"og:url\" content=\"https:\/\/muzeumvac.hu\/en\/kiallitasok\/allando-kiallitasok\/regeszeti-kiallitas\/\" \/>\n<meta property=\"og:site_name\" content=\"TRAGOR IGN\u00c1C M\u00daZEUM \u2022 V\u00c1C\" \/>\n<meta property=\"article:publisher\" content=\"https:\/\/www.facebook.com\/vac.tragorignacmuzeum\" \/>\n<meta property=\"article:modified_time\" content=\"2025-07-06T22:51:12+00:00\" \/>\n<meta name=\"twitter:card\" content=\"summary_large_image\" \/>\n<meta name=\"twitter:label1\" content=\"Estimated reading time\" \/>\n\t<meta name=\"twitter:data1\" content=\"5 minutes\" \/>\n<script type=\"application\/ld+json\" class=\"yoast-schema-graph\">{\"@context\":\"https:\\\/\\\/schema.org\",\"@graph\":[{\"@type\":\"WebPage\",\"@id\":\"https:\\\/\\\/muzeumvac.hu\\\/kiallitasok\\\/allando-kiallitasok\\\/regeszeti-kiallitas\\\/\",\"url\":\"https:\\\/\\\/muzeumvac.hu\\\/kiallitasok\\\/allando-kiallitasok\\\/regeszeti-kiallitas\\\/\",\"name\":\"R\u00e9g\u00e9szeti ki\u00e1ll\u00edt\u00e1s - TRAGOR IGN\u00c1C M\u00daZEUM \u2022 V\u00c1C\",\"isPartOf\":{\"@id\":\"https:\\\/\\\/muzeumvac.hu\\\/#website\"},\"datePublished\":\"2025-06-18T16:18:49+00:00\",\"dateModified\":\"2025-07-06T22:51:12+00:00\",\"description\":\"Egy m\u00fazeum, ezer \u00e9lm\u00e9ny!\",\"breadcrumb\":{\"@id\":\"https:\\\/\\\/muzeumvac.hu\\\/kiallitasok\\\/allando-kiallitasok\\\/regeszeti-kiallitas\\\/#breadcrumb\"},\"inLanguage\":\"en-GB\",\"potentialAction\":[{\"@type\":\"ReadAction\",\"target\":[\"https:\\\/\\\/muzeumvac.hu\\\/kiallitasok\\\/allando-kiallitasok\\\/regeszeti-kiallitas\\\/\"]}]},{\"@type\":\"BreadcrumbList\",\"@id\":\"https:\\\/\\\/muzeumvac.hu\\\/kiallitasok\\\/allando-kiallitasok\\\/regeszeti-kiallitas\\\/#breadcrumb\",\"itemListElement\":[{\"@type\":\"ListItem\",\"position\":1,\"name\":\"Kezd\u0151lap\",\"item\":\"https:\\\/\\\/muzeumvac.hu\\\/\"},{\"@type\":\"ListItem\",\"position\":2,\"name\":\"Ki\u00e1ll\u00edt\u00e1sok\",\"item\":\"https:\\\/\\\/muzeumvac.hu\\\/kiallitasok\\\/\"},{\"@type\":\"ListItem\",\"position\":3,\"name\":\"\u00c1lland\u00f3 ki\u00e1ll\u00edt\u00e1sok\",\"item\":\"https:\\\/\\\/muzeumvac.hu\\\/kiallitasok\\\/allando-kiallitasok\\\/\"},{\"@type\":\"ListItem\",\"position\":4,\"name\":\"R\u00e9g\u00e9szeti ki\u00e1ll\u00edt\u00e1s\"}]},{\"@type\":\"WebSite\",\"@id\":\"https:\\\/\\\/muzeumvac.hu\\\/#website\",\"url\":\"https:\\\/\\\/muzeumvac.hu\\\/\",\"name\":\"TRAGOR IGN\u00c1C M\u00daZEUM \u2022 V\u00c1C\",\"description\":\"Egy m\u00fazeum, ezer \u00e9lm\u00e9ny!\",\"publisher\":{\"@id\":\"https:\\\/\\\/muzeumvac.hu\\\/#organization\"},\"potentialAction\":[{\"@type\":\"SearchAction\",\"target\":{\"@type\":\"EntryPoint\",\"urlTemplate\":\"https:\\\/\\\/muzeumvac.hu\\\/?s={search_term_string}\"},\"query-input\":{\"@type\":\"PropertyValueSpecification\",\"valueRequired\":true,\"valueName\":\"search_term_string\"}}],\"inLanguage\":\"en-GB\"},{\"@type\":\"Organization\",\"@id\":\"https:\\\/\\\/muzeumvac.hu\\\/#organization\",\"name\":\"TRAGOR IGN\u00c1C M\u00daZEUM \u2022 V\u00c1C\",\"url\":\"https:\\\/\\\/muzeumvac.hu\\\/\",\"logo\":{\"@type\":\"ImageObject\",\"inLanguage\":\"en-GB\",\"@id\":\"https:\\\/\\\/muzeumvac.hu\\\/#\\\/schema\\\/logo\\\/image\\\/\",\"url\":\"https:\\\/\\\/muzeumvac.hu\\\/wp-content\\\/uploads\\\/2025\\\/07\\\/tragor_ignac_logo.png\",\"contentUrl\":\"https:\\\/\\\/muzeumvac.hu\\\/wp-content\\\/uploads\\\/2025\\\/07\\\/tragor_ignac_logo.png\",\"width\":161,\"height\":126,\"caption\":\"TRAGOR IGN\u00c1C M\u00daZEUM \u2022 V\u00c1C\"},\"image\":{\"@id\":\"https:\\\/\\\/muzeumvac.hu\\\/#\\\/schema\\\/logo\\\/image\\\/\"},\"sameAs\":[\"https:\\\/\\\/www.facebook.com\\\/vac.tragorignacmuzeum\",\"https:\\\/\\\/www.instagram.com\\\/tragormuzeum\",\"https:\\\/\\\/www.youtube.com\\\/@TragorIgncMzeum-vac\"]}]}<\/script>\n<!-- \/ Yoast SEO Premium plugin. -->","yoast_head_json":{"title":"R\u00e9g\u00e9szeti ki\u00e1ll\u00edt\u00e1s - TRAGOR IGN\u00c1C M\u00daZEUM \u2022 V\u00c1C","description":"One museum, a thousand experiences!","robots":{"index":"index","follow":"follow","max-snippet":"max-snippet:-1","max-image-preview":"max-image-preview:large","max-video-preview":"max-video-preview:-1"},"canonical":"https:\/\/muzeumvac.hu\/en\/kiallitasok\/allando-kiallitasok\/regeszeti-kiallitas\/","og_locale":"en_GB","og_type":"article","og_title":"R\u00e9g\u00e9szeti ki\u00e1ll\u00edt\u00e1s","og_description":"Egy m\u00fazeum, ezer \u00e9lm\u00e9ny!","og_url":"https:\/\/muzeumvac.hu\/en\/kiallitasok\/allando-kiallitasok\/regeszeti-kiallitas\/","og_site_name":"TRAGOR IGN\u00c1C M\u00daZEUM \u2022 V\u00c1C","article_publisher":"https:\/\/www.facebook.com\/vac.tragorignacmuzeum","article_modified_time":"2025-07-06T22:51:12+00:00","twitter_card":"summary_large_image","twitter_misc":{"Estimated reading time":"5 minutes"},"schema":{"@context":"https:\/\/schema.org","@graph":[{"@type":"WebPage","@id":"https:\/\/muzeumvac.hu\/kiallitasok\/allando-kiallitasok\/regeszeti-kiallitas\/","url":"https:\/\/muzeumvac.hu\/kiallitasok\/allando-kiallitasok\/regeszeti-kiallitas\/","name":"R\u00e9g\u00e9szeti ki\u00e1ll\u00edt\u00e1s - TRAGOR IGN\u00c1C M\u00daZEUM \u2022 V\u00c1C","isPartOf":{"@id":"https:\/\/muzeumvac.hu\/#website"},"datePublished":"2025-06-18T16:18:49+00:00","dateModified":"2025-07-06T22:51:12+00:00","description":"One museum, a thousand experiences!","breadcrumb":{"@id":"https:\/\/muzeumvac.hu\/kiallitasok\/allando-kiallitasok\/regeszeti-kiallitas\/#breadcrumb"},"inLanguage":"en-GB","potentialAction":[{"@type":"ReadAction","target":["https:\/\/muzeumvac.hu\/kiallitasok\/allando-kiallitasok\/regeszeti-kiallitas\/"]}]},{"@type":"BreadcrumbList","@id":"https:\/\/muzeumvac.hu\/kiallitasok\/allando-kiallitasok\/regeszeti-kiallitas\/#breadcrumb","itemListElement":[{"@type":"ListItem","position":1,"name":"Kezd\u0151lap","item":"https:\/\/muzeumvac.hu\/"},{"@type":"ListItem","position":2,"name":"Ki\u00e1ll\u00edt\u00e1sok","item":"https:\/\/muzeumvac.hu\/kiallitasok\/"},{"@type":"ListItem","position":3,"name":"\u00c1lland\u00f3 ki\u00e1ll\u00edt\u00e1sok","item":"https:\/\/muzeumvac.hu\/kiallitasok\/allando-kiallitasok\/"},{"@type":"ListItem","position":4,"name":"R\u00e9g\u00e9szeti ki\u00e1ll\u00edt\u00e1s"}]},{"@type":"WebSite","@id":"https:\/\/muzeumvac.hu\/#website","url":"https:\/\/muzeumvac.hu\/","name":"TRAGOR IGN\u00c1C M\u00daZEUM \u2022 V\u00c1C","description":"One museum, a thousand experiences!","publisher":{"@id":"https:\/\/muzeumvac.hu\/#organization"},"potentialAction":[{"@type":"SearchAction","target":{"@type":"EntryPoint","urlTemplate":"https:\/\/muzeumvac.hu\/?s={search_term_string}"},"query-input":{"@type":"PropertyValueSpecification","valueRequired":true,"valueName":"search_term_string"}}],"inLanguage":"en-GB"},{"@type":"Organization","@id":"https:\/\/muzeumvac.hu\/#organization","name":"TRAGOR IGN\u00c1C M\u00daZEUM \u2022 V\u00c1C","url":"https:\/\/muzeumvac.hu\/","logo":{"@type":"ImageObject","inLanguage":"en-GB","@id":"https:\/\/muzeumvac.hu\/#\/schema\/logo\/image\/","url":"https:\/\/muzeumvac.hu\/wp-content\/uploads\/2025\/07\/tragor_ignac_logo.png","contentUrl":"https:\/\/muzeumvac.hu\/wp-content\/uploads\/2025\/07\/tragor_ignac_logo.png","width":161,"height":126,"caption":"TRAGOR IGN\u00c1C M\u00daZEUM \u2022 V\u00c1C"},"image":{"@id":"https:\/\/muzeumvac.hu\/#\/schema\/logo\/image\/"},"sameAs":["https:\/\/www.facebook.com\/vac.tragorignacmuzeum","https:\/\/www.instagram.com\/tragormuzeum","https:\/\/www.youtube.com\/@TragorIgncMzeum-vac"]}]}},"_links":{"self":[{"href":"https:\/\/muzeumvac.hu\/en\/wp-json\/wp\/v2\/pages\/1136","targetHints":{"allow":["GET"]}}],"collection":[{"href":"https:\/\/muzeumvac.hu\/en\/wp-json\/wp\/v2\/pages"}],"about":[{"href":"https:\/\/muzeumvac.hu\/en\/wp-json\/wp\/v2\/types\/page"}],"author":[{"embeddable":true,"href":"https:\/\/muzeumvac.hu\/en\/wp-json\/wp\/v2\/users\/1"}],"replies":[{"embeddable":true,"href":"https:\/\/muzeumvac.hu\/en\/wp-json\/wp\/v2\/comments?post=1136"}],"version-history":[{"count":0,"href":"https:\/\/muzeumvac.hu\/en\/wp-json\/wp\/v2\/pages\/1136\/revisions"}],"up":[{"embeddable":true,"href":"https:\/\/muzeumvac.hu\/en\/wp-json\/wp\/v2\/pages\/727"}],"wp:attachment":[{"href":"https:\/\/muzeumvac.hu\/en\/wp-json\/wp\/v2\/media?parent=1136"}],"curies":[{"name":"wp","href":"https:\/\/api.w.org\/{rel}","templated":true}]}}