{"id":1058,"date":"2025-06-18T16:15:04","date_gmt":"2025-06-18T14:15:04","guid":{"rendered":"https:\/\/muzeumvac.hu\/?page_id=1058"},"modified":"2025-08-21T22:19:54","modified_gmt":"2025-08-21T20:19:54","slug":"sajdik-gyujtemeny","status":"publish","type":"page","link":"https:\/\/muzeumvac.hu\/en\/kiallitasok\/allando-kiallitasok\/sajdik-gyujtemeny\/","title":{"rendered":"Sajdik Collection"},"content":{"rendered":"<p>[et_pb_section fb_built=&#8221;1&#8243; _builder_version=&#8221;4.27.4&#8243; _module_preset=&#8221;default&#8221; global_colors_info=&#8221;{}&#8221;][et_pb_row _builder_version=&#8221;4.27.4&#8243; _module_preset=&#8221;default&#8221; global_colors_info=&#8221;{}&#8221;][et_pb_column type=&#8221;4_4&#8243; _builder_version=&#8221;4.27.4&#8243; _module_preset=&#8221;default&#8221; global_colors_info=&#8221;{}&#8221;][et_pb_image src=&#8221;https:\/\/muzeumvac.hu\/wp-content\/uploads\/2025\/07\/allando-kiallitas-pannonia-haz-sajdik-gyujtemeny-min.jpg&#8221; title_text=&#8221;Sajdik Gy\u0171jtem\u00e9ny&#8221; _builder_version=&#8221;4.27.4&#8243; _module_preset=&#8221;default&#8221; hover_enabled=&#8221;0&#8243; global_colors_info=&#8221;{}&#8221; sticky_enabled=&#8221;0&#8243;][\/et_pb_image][\/et_pb_column][\/et_pb_row][et_pb_row column_structure=&#8221;2_5,3_5&#8243; _builder_version=&#8221;4.27.4&#8243; _module_preset=&#8221;default&#8221; global_colors_info=&#8221;{}&#8221;][et_pb_column type=&#8221;2_5&#8243; _builder_version=&#8221;4.27.4&#8243; _module_preset=&#8221;default&#8221; global_colors_info=&#8221;{}&#8221;][et_pb_heading title=&#8221;Pom Pom \u00e9s Gomb\u00f3c Art\u00far \u00e9s a t\u00f6bbiek&#8221; _builder_version=&#8221;4.27.4&#8243; _module_preset=&#8221;default&#8221; title_level=&#8221;h2&#8243; global_colors_info=&#8221;{}&#8221;][\/et_pb_heading][et_pb_text _builder_version=&#8221;4.27.4&#8243; _module_preset=&#8221;default&#8221; global_colors_info=&#8221;{}&#8221;]<\/p>\n<p>Pann\u00f3nia H\u00e1z | Sajdik Gy\u0171jtem\u00e9ny<strong><br \/><\/strong>V\u00e1c, K\u00f6zt\u00e1rsas\u00e1g \u00fat 19. Kapualjban balra<\/p>\n<p>[\/et_pb_text][et_pb_text _builder_version=&#8221;4.27.4&#8243; _module_preset=&#8221;default&#8221; global_colors_info=&#8221;{}&#8221;]<\/p>\n<p><strong>A Ludas Matyi hetilap legend\u00e1s rajzol\u00f3ja, Csuk\u00e1s Istv\u00e1n n\u00e9pszer\u0171 mesefigur\u00e1inak \u00e9letre kelt\u0151je, Pom Pom \u00e9s Gomb\u00f3c Art\u00far megform\u00e1l\u00f3ja, a ma is akt\u00edv, 95 \u00e9ves m\u0171v\u00e9sz karikat\u00far\u00e1i, \u00e9letk\u00e9pei, v\u00e1ci festm\u00e9nyei \u00e9s mesefigur\u00e1i k\u00e9pezik a ki\u00e1ll\u00edt\u00e1s anyag\u00e1t.<\/strong><\/p>\n<p>[\/et_pb_text][\/et_pb_column][et_pb_column type=&#8221;3_5&#8243; _builder_version=&#8221;4.27.4&#8243; _module_preset=&#8221;default&#8221; global_colors_info=&#8221;{}&#8221;][et_pb_text _builder_version=&#8221;4.27.4&#8243; _module_preset=&#8221;default&#8221; global_colors_info=&#8221;{}&#8221;]<\/p>\n<p>A Sajdik Ferenc pasztellportr\u00e9ib\u00f3l, vegyes technik\u00e1val k\u00e9sz\u00fclt m\u0171v\u00e9szi karikat\u00far\u00e1ib\u00f3l, v\u00e1ci t\u00e1blak\u00e9peib\u0151l \u00e9s der\u0171s hangulat\u00fa festm\u00e9nyeib\u0151l \u00e1ll\u00f3 ki\u00e1ll\u00edt\u00e1si anyagot 2020 janu\u00e1rj\u00e1ban v\u00e1s\u00e1rolta meg a v\u00e1ros egy v\u00e1ci mag\u00e1ngy\u0171jt\u0151t\u0151l. A Pann\u00f3nia-h\u00e1z \u00e9p\u00fclet\u00e9ben berendezett t\u00e1rlat k\u00f6zel 140 alkot\u00e1st vonultat fel, n\u00e9gy teremben, tematikus elrendez\u00e9sben.<\/p>\n<p>A bej\u00e1ratn\u00e1l, az L alak\u00fa teremben Sajdik Ferenc egyed\u00fcl\u00e1ll\u00f3, attrib\u00fatumokkal (karakteriz\u00e1l\u00f3 t\u00e1rgyakkal) kieg\u00e9sz\u00edtett portr\u00e9i kaptak helyet. Sajdik az 1980-as \u00e9vekt\u0151l k\u00e9sz\u00edt k\u00e9pkeretekbe foglalt, pasztell karikat\u00far\u00e1kat sz\u00e1m\u00e1ra fontos t\u00f6rt\u00e9nelmi szem\u00e9lyis\u00e9gekr\u0151l, k\u00e9pz\u0151m\u0171v\u00e9szekr\u0151l, sz\u00edn\u00e9szekr\u0151l, \u00edr\u00f3kr\u00f3l. Minden portr\u00e9ja kuri\u00f3zum: a keretekre a m\u0171v\u00e9sz k\u00fcl\u00f6nf\u00e9le applik\u00e1ci\u00f3kat er\u0151s\u00edt, agyagszobrokat, vagy ak\u00e1r h\u00e9tk\u00f6znapi t\u00e1rgyakat, melyek az \u00e1br\u00e1zolt szem\u00e9ly \u00e9letm\u0171v\u00e9t szimboliz\u00e1lj\u00e1k.<\/p>\n<p>A f\u00f6ldszinti nagyteremben sorakoznak a jellegzetes Sajdik-karikat\u00far\u00e1k. Ut\u00e1nozhatatlan st\u00edlus\u00fa, k\u00f6nnyed vonalakkal megrajzolt \u00e9s saj\u00e1tosan sz\u00ednezett \u00e1llatfigur\u00e1i, elk\u00e9pzelt \u00e9lethelyzetei csalnak mosolyt a l\u00e1togat\u00f3k arc\u00e1ra.<\/p>\n<p>K\u00fcl\u00f6n teremben sorakoznak V\u00e1ccal kapcsolatos alkot\u00e1sai: a v\u00e1ros jellegzetes utc\u00e1it, tereit, valamint fontos t\u00f6rt\u00e9nelmi esem\u00e9nyeit, ankdot\u00e1it ismreheti meg a l\u00e1togat\u00f3 Sajdik Ferenc kedves humor\u00e1val \u00e9s m\u0171v\u00e9szi eszk\u00f6zeivel \u00e1br\u00e1zolva.<\/p>\n<p>A gyerekteremben k\u00f6sz\u00f6nnek a vend\u00e9gekre a Civakod\u00f3 Cip\u0151ikrek, Mad\u00e1rv\u00e9d\u0151 Goly\u00f3kapkod\u00f3, a Ho-Ho-Ho Horg\u00e1sz, Pom Pom \u00e9s Gomb\u00f3c Art\u00far. Csuk\u00e1s Istv\u00e1n meseh\u0151seit Sajdik Ferenc form\u00e1lta meg, k\u00f6z\u00f6s munk\u00e1jukb\u00f3l pedig ma is nagyon n\u00e9pszer\u0171 rajzfilm-sorozatok sz\u00fclettek. A sz\u00ednes teremben k\u00e9nyelmes puffokban \u00fcld\u00f6g\u00e9lve n\u00e9h\u00e1ny epiz\u00f3dot is meg lehet n\u00e9zni m\u00fazeuml\u00e1togat\u00e1s k\u00f6zben.<\/p>\n<p>[\/et_pb_text][\/et_pb_column][\/et_pb_row][et_pb_row _builder_version=&#8221;4.27.4&#8243; _module_preset=&#8221;default&#8221; hover_enabled=&#8221;0&#8243; global_colors_info=&#8221;{}&#8221; sticky_enabled=&#8221;0&#8243;][et_pb_column type=&#8221;4_4&#8243; _builder_version=&#8221;4.27.4&#8243; _module_preset=&#8221;default&#8221; hover_enabled=&#8221;0&#8243; global_colors_info=&#8221;{}&#8221; background_color=&#8221;#ededed&#8221; custom_padding=&#8221;10px|10px|10px|10px|false|false&#8221; sticky_enabled=&#8221;0&#8243;][et_pb_gallery gallery_ids=&#8221;2033,2027,2028,78&#8243; show_title_and_caption=&#8221;off&#8221; _builder_version=&#8221;4.27.4&#8243; _module_preset=&#8221;default&#8221; hover_enabled=&#8221;0&#8243; global_colors_info=&#8221;{}&#8221; sticky_enabled=&#8221;0&#8243;][\/et_pb_gallery][\/et_pb_column][\/et_pb_row][et_pb_row _builder_version=&#8221;4.27.4&#8243; _module_preset=&#8221;default&#8221; global_colors_info=&#8221;{}&#8221;][et_pb_column type=&#8221;4_4&#8243; _builder_version=&#8221;4.27.4&#8243; _module_preset=&#8221;default&#8221; global_colors_info=&#8221;{}&#8221;][et_pb_icon font_icon=&#8221;&#x23;||divi||400&#8243; url=&#8221;@ET-DC@eyJkeW5hbWljIjp0cnVlLCJjb250ZW50IjoicG9zdF9saW5rX3VybF9wYWdlIiwic2V0dGluZ3MiOnsicG9zdF9pZCI6IjcyNyJ9fQ==@&#8221; align=&#8221;right&#8221; _builder_version=&#8221;4.27.4&#8243; _dynamic_attributes=&#8221;url&#8221; _module_preset=&#8221;default&#8221; global_colors_info=&#8221;{}&#8221;][\/et_pb_icon][\/et_pb_column][\/et_pb_row][\/et_pb_section]<\/p>\n","protected":false},"excerpt":{"rendered":"<p>Pann\u00f3nia H\u00e1z | Sajdik Gy\u0171jtem\u00e9nyV\u00e1c, K\u00f6zt\u00e1rsas\u00e1g \u00fat 19. Kapualjban balraA Ludas Matyi hetilap legend\u00e1s rajzol\u00f3ja, Csuk\u00e1s Istv\u00e1n n\u00e9pszer\u0171 mesefigur\u00e1inak \u00e9letre kelt\u0151je, Pom Pom \u00e9s Gomb\u00f3c Art\u00far megform\u00e1l\u00f3ja, a ma is [&hellip;]<\/p>\n","protected":false},"author":1,"featured_media":0,"parent":727,"menu_order":0,"comment_status":"closed","ping_status":"closed","template":"","meta":{"_et_pb_use_builder":"on","_et_pb_old_content":"","_et_gb_content_width":"","footnotes":""},"class_list":["post-1058","page","type-page","status-publish","hentry"],"yoast_head":"<!-- This site is optimized with the Yoast SEO Premium plugin v27.3 (Yoast SEO v27.3) - https:\/\/yoast.com\/product\/yoast-seo-premium-wordpress\/ -->\n<title>Sajdik Gy\u0171jtem\u00e9ny - TRAGOR IGN\u00c1C M\u00daZEUM \u2022 V\u00c1C<\/title>\n<meta name=\"description\" content=\"Egy m\u00fazeum, ezer \u00e9lm\u00e9ny!\" \/>\n<meta name=\"robots\" content=\"index, follow, max-snippet:-1, max-image-preview:large, max-video-preview:-1\" \/>\n<link rel=\"canonical\" href=\"https:\/\/muzeumvac.hu\/en\/kiallitasok\/allando-kiallitasok\/sajdik-gyujtemeny\/\" \/>\n<meta property=\"og:locale\" content=\"en_GB\" \/>\n<meta property=\"og:type\" content=\"article\" \/>\n<meta property=\"og:title\" content=\"Sajdik Gy\u0171jtem\u00e9ny\" \/>\n<meta property=\"og:description\" content=\"Egy m\u00fazeum, ezer \u00e9lm\u00e9ny!\" \/>\n<meta property=\"og:url\" content=\"https:\/\/muzeumvac.hu\/en\/kiallitasok\/allando-kiallitasok\/sajdik-gyujtemeny\/\" \/>\n<meta property=\"og:site_name\" content=\"TRAGOR IGN\u00c1C M\u00daZEUM \u2022 V\u00c1C\" \/>\n<meta property=\"article:publisher\" content=\"https:\/\/www.facebook.com\/vac.tragorignacmuzeum\" \/>\n<meta property=\"article:modified_time\" content=\"2025-08-21T20:19:54+00:00\" \/>\n<meta name=\"twitter:card\" content=\"summary_large_image\" \/>\n<meta name=\"twitter:label1\" content=\"Estimated reading time\" \/>\n\t<meta name=\"twitter:data1\" content=\"4 minutes\" \/>\n<script type=\"application\/ld+json\" class=\"yoast-schema-graph\">{\"@context\":\"https:\\\/\\\/schema.org\",\"@graph\":[{\"@type\":\"WebPage\",\"@id\":\"https:\\\/\\\/muzeumvac.hu\\\/kiallitasok\\\/allando-kiallitasok\\\/sajdik-gyujtemeny\\\/\",\"url\":\"https:\\\/\\\/muzeumvac.hu\\\/kiallitasok\\\/allando-kiallitasok\\\/sajdik-gyujtemeny\\\/\",\"name\":\"Sajdik Gy\u0171jtem\u00e9ny - TRAGOR IGN\u00c1C M\u00daZEUM \u2022 V\u00c1C\",\"isPartOf\":{\"@id\":\"https:\\\/\\\/muzeumvac.hu\\\/#website\"},\"datePublished\":\"2025-06-18T14:15:04+00:00\",\"dateModified\":\"2025-08-21T20:19:54+00:00\",\"description\":\"Egy m\u00fazeum, ezer \u00e9lm\u00e9ny!\",\"breadcrumb\":{\"@id\":\"https:\\\/\\\/muzeumvac.hu\\\/kiallitasok\\\/allando-kiallitasok\\\/sajdik-gyujtemeny\\\/#breadcrumb\"},\"inLanguage\":\"en-GB\",\"potentialAction\":[{\"@type\":\"ReadAction\",\"target\":[\"https:\\\/\\\/muzeumvac.hu\\\/kiallitasok\\\/allando-kiallitasok\\\/sajdik-gyujtemeny\\\/\"]}]},{\"@type\":\"BreadcrumbList\",\"@id\":\"https:\\\/\\\/muzeumvac.hu\\\/kiallitasok\\\/allando-kiallitasok\\\/sajdik-gyujtemeny\\\/#breadcrumb\",\"itemListElement\":[{\"@type\":\"ListItem\",\"position\":1,\"name\":\"Kezd\u0151lap\",\"item\":\"https:\\\/\\\/muzeumvac.hu\\\/\"},{\"@type\":\"ListItem\",\"position\":2,\"name\":\"Ki\u00e1ll\u00edt\u00e1sok\",\"item\":\"https:\\\/\\\/muzeumvac.hu\\\/kiallitasok\\\/\"},{\"@type\":\"ListItem\",\"position\":3,\"name\":\"\u00c1lland\u00f3 ki\u00e1ll\u00edt\u00e1sok\",\"item\":\"https:\\\/\\\/muzeumvac.hu\\\/kiallitasok\\\/allando-kiallitasok\\\/\"},{\"@type\":\"ListItem\",\"position\":4,\"name\":\"Sajdik Gy\u0171jtem\u00e9ny\"}]},{\"@type\":\"WebSite\",\"@id\":\"https:\\\/\\\/muzeumvac.hu\\\/#website\",\"url\":\"https:\\\/\\\/muzeumvac.hu\\\/\",\"name\":\"TRAGOR IGN\u00c1C M\u00daZEUM \u2022 V\u00c1C\",\"description\":\"Egy m\u00fazeum, ezer \u00e9lm\u00e9ny!\",\"publisher\":{\"@id\":\"https:\\\/\\\/muzeumvac.hu\\\/#organization\"},\"potentialAction\":[{\"@type\":\"SearchAction\",\"target\":{\"@type\":\"EntryPoint\",\"urlTemplate\":\"https:\\\/\\\/muzeumvac.hu\\\/?s={search_term_string}\"},\"query-input\":{\"@type\":\"PropertyValueSpecification\",\"valueRequired\":true,\"valueName\":\"search_term_string\"}}],\"inLanguage\":\"en-GB\"},{\"@type\":\"Organization\",\"@id\":\"https:\\\/\\\/muzeumvac.hu\\\/#organization\",\"name\":\"TRAGOR IGN\u00c1C M\u00daZEUM \u2022 V\u00c1C\",\"url\":\"https:\\\/\\\/muzeumvac.hu\\\/\",\"logo\":{\"@type\":\"ImageObject\",\"inLanguage\":\"en-GB\",\"@id\":\"https:\\\/\\\/muzeumvac.hu\\\/#\\\/schema\\\/logo\\\/image\\\/\",\"url\":\"https:\\\/\\\/muzeumvac.hu\\\/wp-content\\\/uploads\\\/2025\\\/07\\\/tragor_ignac_logo.png\",\"contentUrl\":\"https:\\\/\\\/muzeumvac.hu\\\/wp-content\\\/uploads\\\/2025\\\/07\\\/tragor_ignac_logo.png\",\"width\":161,\"height\":126,\"caption\":\"TRAGOR IGN\u00c1C M\u00daZEUM \u2022 V\u00c1C\"},\"image\":{\"@id\":\"https:\\\/\\\/muzeumvac.hu\\\/#\\\/schema\\\/logo\\\/image\\\/\"},\"sameAs\":[\"https:\\\/\\\/www.facebook.com\\\/vac.tragorignacmuzeum\",\"https:\\\/\\\/www.instagram.com\\\/tragormuzeum\",\"https:\\\/\\\/www.youtube.com\\\/@TragorIgncMzeum-vac\"]}]}<\/script>\n<!-- \/ Yoast SEO Premium plugin. -->","yoast_head_json":{"title":"Sajdik Gy\u0171jtem\u00e9ny - TRAGOR IGN\u00c1C M\u00daZEUM \u2022 V\u00c1C","description":"One museum, a thousand experiences!","robots":{"index":"index","follow":"follow","max-snippet":"max-snippet:-1","max-image-preview":"max-image-preview:large","max-video-preview":"max-video-preview:-1"},"canonical":"https:\/\/muzeumvac.hu\/en\/kiallitasok\/allando-kiallitasok\/sajdik-gyujtemeny\/","og_locale":"en_GB","og_type":"article","og_title":"Sajdik Gy\u0171jtem\u00e9ny","og_description":"Egy m\u00fazeum, ezer \u00e9lm\u00e9ny!","og_url":"https:\/\/muzeumvac.hu\/en\/kiallitasok\/allando-kiallitasok\/sajdik-gyujtemeny\/","og_site_name":"TRAGOR IGN\u00c1C M\u00daZEUM \u2022 V\u00c1C","article_publisher":"https:\/\/www.facebook.com\/vac.tragorignacmuzeum","article_modified_time":"2025-08-21T20:19:54+00:00","twitter_card":"summary_large_image","twitter_misc":{"Estimated reading time":"4 minutes"},"schema":{"@context":"https:\/\/schema.org","@graph":[{"@type":"WebPage","@id":"https:\/\/muzeumvac.hu\/kiallitasok\/allando-kiallitasok\/sajdik-gyujtemeny\/","url":"https:\/\/muzeumvac.hu\/kiallitasok\/allando-kiallitasok\/sajdik-gyujtemeny\/","name":"Sajdik Gy\u0171jtem\u00e9ny - TRAGOR IGN\u00c1C M\u00daZEUM \u2022 V\u00c1C","isPartOf":{"@id":"https:\/\/muzeumvac.hu\/#website"},"datePublished":"2025-06-18T14:15:04+00:00","dateModified":"2025-08-21T20:19:54+00:00","description":"One museum, a thousand experiences!","breadcrumb":{"@id":"https:\/\/muzeumvac.hu\/kiallitasok\/allando-kiallitasok\/sajdik-gyujtemeny\/#breadcrumb"},"inLanguage":"en-GB","potentialAction":[{"@type":"ReadAction","target":["https:\/\/muzeumvac.hu\/kiallitasok\/allando-kiallitasok\/sajdik-gyujtemeny\/"]}]},{"@type":"BreadcrumbList","@id":"https:\/\/muzeumvac.hu\/kiallitasok\/allando-kiallitasok\/sajdik-gyujtemeny\/#breadcrumb","itemListElement":[{"@type":"ListItem","position":1,"name":"Kezd\u0151lap","item":"https:\/\/muzeumvac.hu\/"},{"@type":"ListItem","position":2,"name":"Ki\u00e1ll\u00edt\u00e1sok","item":"https:\/\/muzeumvac.hu\/kiallitasok\/"},{"@type":"ListItem","position":3,"name":"\u00c1lland\u00f3 ki\u00e1ll\u00edt\u00e1sok","item":"https:\/\/muzeumvac.hu\/kiallitasok\/allando-kiallitasok\/"},{"@type":"ListItem","position":4,"name":"Sajdik Gy\u0171jtem\u00e9ny"}]},{"@type":"WebSite","@id":"https:\/\/muzeumvac.hu\/#website","url":"https:\/\/muzeumvac.hu\/","name":"TRAGOR IGN\u00c1C M\u00daZEUM \u2022 V\u00c1C","description":"One museum, a thousand experiences!","publisher":{"@id":"https:\/\/muzeumvac.hu\/#organization"},"potentialAction":[{"@type":"SearchAction","target":{"@type":"EntryPoint","urlTemplate":"https:\/\/muzeumvac.hu\/?s={search_term_string}"},"query-input":{"@type":"PropertyValueSpecification","valueRequired":true,"valueName":"search_term_string"}}],"inLanguage":"en-GB"},{"@type":"Organization","@id":"https:\/\/muzeumvac.hu\/#organization","name":"TRAGOR IGN\u00c1C M\u00daZEUM \u2022 V\u00c1C","url":"https:\/\/muzeumvac.hu\/","logo":{"@type":"ImageObject","inLanguage":"en-GB","@id":"https:\/\/muzeumvac.hu\/#\/schema\/logo\/image\/","url":"https:\/\/muzeumvac.hu\/wp-content\/uploads\/2025\/07\/tragor_ignac_logo.png","contentUrl":"https:\/\/muzeumvac.hu\/wp-content\/uploads\/2025\/07\/tragor_ignac_logo.png","width":161,"height":126,"caption":"TRAGOR IGN\u00c1C M\u00daZEUM \u2022 V\u00c1C"},"image":{"@id":"https:\/\/muzeumvac.hu\/#\/schema\/logo\/image\/"},"sameAs":["https:\/\/www.facebook.com\/vac.tragorignacmuzeum","https:\/\/www.instagram.com\/tragormuzeum","https:\/\/www.youtube.com\/@TragorIgncMzeum-vac"]}]}},"_links":{"self":[{"href":"https:\/\/muzeumvac.hu\/en\/wp-json\/wp\/v2\/pages\/1058","targetHints":{"allow":["GET"]}}],"collection":[{"href":"https:\/\/muzeumvac.hu\/en\/wp-json\/wp\/v2\/pages"}],"about":[{"href":"https:\/\/muzeumvac.hu\/en\/wp-json\/wp\/v2\/types\/page"}],"author":[{"embeddable":true,"href":"https:\/\/muzeumvac.hu\/en\/wp-json\/wp\/v2\/users\/1"}],"replies":[{"embeddable":true,"href":"https:\/\/muzeumvac.hu\/en\/wp-json\/wp\/v2\/comments?post=1058"}],"version-history":[{"count":0,"href":"https:\/\/muzeumvac.hu\/en\/wp-json\/wp\/v2\/pages\/1058\/revisions"}],"up":[{"embeddable":true,"href":"https:\/\/muzeumvac.hu\/en\/wp-json\/wp\/v2\/pages\/727"}],"wp:attachment":[{"href":"https:\/\/muzeumvac.hu\/en\/wp-json\/wp\/v2\/media?parent=1058"}],"curies":[{"name":"wp","href":"https:\/\/api.w.org\/{rel}","templated":true}]}}